{"id":6091,"date":"2024-05-10T14:26:01","date_gmt":"2024-05-10T14:26:01","guid":{"rendered":"https:\/\/mfinox.com\/secteurs\/"},"modified":"2024-09-06T10:41:37","modified_gmt":"2024-09-06T10:41:37","slug":"secteurs","status":"publish","type":"page","link":"https:\/\/mfinox.com\/fr\/secteurs\/","title":{"rendered":"Secteurs"},"content":{"rendered":"\t\t<div data-elementor-type=\"wp-page\" data-elementor-id=\"6091\" class=\"elementor elementor-6091 elementor-433\" data-elementor-post-type=\"page\">\n\t\t\t\t<div class=\"elementor-element elementor-element-dd517d6 contenitore-above e-con-full e-flex e-con e-parent\" data-id=\"dd517d6\" data-element_type=\"container\" data-e-type=\"container\" data-settings=\"{&quot;background_background&quot;:&quot;classic&quot;}\">\n\t\t\t\t<div class=\"elementor-element elementor-element-b322442 elementor-invisible elementor-widget elementor-widget-heading\" data-id=\"b322442\" data-element_type=\"widget\" data-e-type=\"widget\" data-settings=\"{&quot;_animation&quot;:&quot;fadeIn&quot;}\" data-widget_type=\"heading.default\">\n\t\t\t\t<div class=\"elementor-widget-container\">\n\t\t\t\t\t<h1 class=\"elementor-heading-title elementor-size-default\">Secteurs<\/h1>\t\t\t\t<\/div>\n\t\t\t\t<\/div>\n\t\t\t\t<div class=\"elementor-element elementor-element-f9bce6f elementor-invisible elementor-widget elementor-widget-shortcode\" data-id=\"f9bce6f\" data-element_type=\"widget\" data-e-type=\"widget\" data-settings=\"{&quot;_animation&quot;:&quot;fadeIn&quot;}\" data-widget_type=\"shortcode.default\">\n\t\t\t\t<div class=\"elementor-widget-container\">\n\t\t\t\t\t\t\t<div class=\"elementor-shortcode\"><nav aria-label=\"breadcrumb\"><div class=\"breadcrumb\"><span class=\"breadcrumb-item\"><a href=\"https:\/\/mfinox.com\/fr\/\" style=\"color: #F3912E;\">Home<\/a><\/span><\/div><\/nav><\/div>\n\t\t\t\t\t\t<\/div>\n\t\t\t\t<\/div>\n\t\t\t\t<\/div>\n\t\t<div class=\"elementor-element elementor-element-945edf0 e-con-full elementor-hidden-desktop elementor-hidden-tablet elementor-hidden-mobile e-flex e-con e-parent\" data-id=\"945edf0\" data-element_type=\"container\" data-e-type=\"container\">\n\t\t\t\t<div class=\"elementor-element elementor-element-5caec32 elementor-widget elementor-widget-html\" data-id=\"5caec32\" data-element_type=\"widget\" data-e-type=\"widget\" data-widget_type=\"html.default\">\n\t\t\t\t<div class=\"elementor-widget-container\">\n\t\t\t\t\t<div class=\"contenitore-above\">\n        <!-- Puoi inserire qui altro contenuto, come testo o pulsanti -->\n    <\/div>\t\t\t\t<\/div>\n\t\t\t\t<\/div>\n\t\t\t\t<\/div>\n\t\t<div class=\"elementor-element elementor-element-eda2238 e-flex e-con-boxed e-con e-parent\" data-id=\"eda2238\" data-element_type=\"container\" data-e-type=\"container\">\n\t\t\t\t\t<div class=\"e-con-inner\">\n\t\t\t\t<div class=\"elementor-element elementor-element-71a1484 elementor-widget elementor-widget-text-editor\" data-id=\"71a1484\" data-element_type=\"widget\" data-e-type=\"widget\" data-widget_type=\"text-editor.default\">\n\t\t\t\t<div class=\"elementor-widget-container\">\n\t\t\t\t\t\t\t\t\tMF INOX srl est un fabricant de premier plan de syst\u00e8mes de fixation pour les secteurs du p\u00e9trole et du gaz, de l&rsquo;\u00e9nergie, des infrastructures, du rail, de la marine, des sous-marins et de la marine de guerre.\nNotre priorit\u00e9 est la fiabilit\u00e9 du produit, qui garantit la s\u00e9curit\u00e9 et la durabilit\u00e9 dans des environnements industriels exigeants.\nNous proposons des solutions durables, fabriqu\u00e9es avec des mat\u00e9riaux de qualit\u00e9 et soumises \u00e0 des tests rigoureux.\nNous comprenons l&rsquo;importance du d\u00e9lai de mise sur le march\u00e9 et nous nous engageons \u00e0 assurer une livraison rapide et une assistance technique ponctuelle.\nChoisissez MF INOX pour des syst\u00e8mes de fixation fiables dans toutes les industries.    \t\t\t\t\t\t\t\t<\/div>\n\t\t\t\t<\/div>\n\t\t\t\t\t<\/div>\n\t\t\t\t<\/div>\n\t\t<div class=\"elementor-element elementor-element-8348dad e-flex e-con-boxed e-con e-parent\" data-id=\"8348dad\" data-element_type=\"container\" data-e-type=\"container\">\n\t\t\t\t\t<div class=\"e-con-inner\">\n\t\t<div class=\"elementor-element elementor-element-b317c9d e-con-full e-flex e-con e-child\" data-id=\"b317c9d\" data-element_type=\"container\" data-e-type=\"container\" data-settings=\"{&quot;background_background&quot;:&quot;classic&quot;}\">\n\t\t\t\t<div class=\"elementor-element elementor-element-e602cfa elementor-widget elementor-widget-heading\" data-id=\"e602cfa\" data-element_type=\"widget\" data-e-type=\"widget\" data-widget_type=\"heading.default\">\n\t\t\t\t<div class=\"elementor-widget-container\">\n\t\t\t\t\t<h2 class=\"elementor-heading-title elementor-size-default\">Installations \u00e9nerg\u00e9tiques<\/h2>\t\t\t\t<\/div>\n\t\t\t\t<\/div>\n\t\t\t\t<div class=\"elementor-element elementor-element-d694a15 elementor-widget elementor-widget-text-editor\" data-id=\"d694a15\" data-element_type=\"widget\" data-e-type=\"widget\" data-widget_type=\"text-editor.default\">\n\t\t\t\t<div class=\"elementor-widget-container\">\n\t\t\t\t\t\t\t\t\t<p>Dans le paysage dynamique du secteur de l&rsquo;\u00e9nergie, la fiabilit\u00e9 et la s\u00e9curit\u00e9 des syst\u00e8mes de fixation jouent un r\u00f4le crucial.<br \/>\nChez MF INOX, nous comprenons les d\u00e9fis uniques qui caract\u00e9risent ce secteur en constante \u00e9volution. <\/p>\n<p>Qu&rsquo;il s&rsquo;agisse d&rsquo;\u00e9nergie \u00e9olienne, thermique, nucl\u00e9aire, de turbine \u00e0 gaz, d&rsquo;\u00e9nergie hydraulique ou solaire, nous proposons des solutions sur mesure qui r\u00e9pondent aux normes les plus strictes en mati\u00e8re de qualit\u00e9 et de s\u00e9curit\u00e9, tout en garantissant une tra\u00e7abilit\u00e9 \u00e0 100 %.<\/p>\n<p>Notre gamme de produits comprend des vis, des boulons, des supports et des \u00e9querres con\u00e7us pour r\u00e9sister aux conditions extr\u00eames et aux variations environnementales rencontr\u00e9es dans le secteur de l&rsquo;\u00e9nergie.<\/p>\n\t\t\t\t\t\t\t\t<\/div>\n\t\t\t\t<\/div>\n\t\t\t\t<div class=\"elementor-element elementor-element-0222909 elementor-align-left elementor-widget elementor-widget-button\" data-id=\"0222909\" data-element_type=\"widget\" data-e-type=\"widget\" data-widget_type=\"button.default\">\n\t\t\t\t<div class=\"elementor-widget-container\">\n\t\t\t\t\t\t\t\t\t<div class=\"elementor-button-wrapper\">\n\t\t\t\t\t<a class=\"elementor-button elementor-button-link elementor-size-sm\" href=\"https:\/\/mfinox.com\/fr\/secteurs\/installations-energetiques\/\">\n\t\t\t\t\t\t<span class=\"elementor-button-content-wrapper\">\n\t\t\t\t\t\t\t\t\t<span class=\"elementor-button-text\">En savoir plus<\/span>\n\t\t\t\t\t<\/span>\n\t\t\t\t\t<\/a>\n\t\t\t\t<\/div>\n\t\t\t\t\t\t\t\t<\/div>\n\t\t\t\t<\/div>\n\t\t\t\t<\/div>\n\t\t<div class=\"elementor-element elementor-element-6b44b18 e-con-full e-flex e-con e-child\" data-id=\"6b44b18\" data-element_type=\"container\" data-e-type=\"container\" data-settings=\"{&quot;background_background&quot;:&quot;classic&quot;}\">\n\t\t\t\t<\/div>\n\t\t\t\t\t<\/div>\n\t\t\t\t<\/div>\n\t\t<div class=\"elementor-element elementor-element-3268911 e-flex e-con-boxed e-con e-parent\" data-id=\"3268911\" data-element_type=\"container\" data-e-type=\"container\">\n\t\t\t\t\t<div class=\"e-con-inner\">\n\t\t<div class=\"elementor-element elementor-element-d5f92db e-con-full e-flex e-con e-child\" data-id=\"d5f92db\" data-element_type=\"container\" data-e-type=\"container\" data-settings=\"{&quot;background_background&quot;:&quot;classic&quot;}\">\n\t\t\t\t<\/div>\n\t\t<div class=\"elementor-element elementor-element-d02baa7 e-con-full e-flex e-con e-child\" data-id=\"d02baa7\" data-element_type=\"container\" data-e-type=\"container\" data-settings=\"{&quot;background_background&quot;:&quot;classic&quot;}\">\n\t\t\t\t<div class=\"elementor-element elementor-element-e790c41 elementor-widget elementor-widget-heading\" data-id=\"e790c41\" data-element_type=\"widget\" data-e-type=\"widget\" data-widget_type=\"heading.default\">\n\t\t\t\t<div class=\"elementor-widget-container\">\n\t\t\t\t\t<h2 class=\"elementor-heading-title elementor-size-default\">L'infrastructure<\/h2>\t\t\t\t<\/div>\n\t\t\t\t<\/div>\n\t\t\t\t<div class=\"elementor-element elementor-element-aec07aa elementor-widget elementor-widget-text-editor\" data-id=\"aec07aa\" data-element_type=\"widget\" data-e-type=\"widget\" data-widget_type=\"text-editor.default\">\n\t\t\t\t<div class=\"elementor-widget-container\">\n\t\t\t\t\t\t\t\t\t<p>Dans un monde en constante \u00e9volution, MF INOX s&rsquo;engage \u00e0 fournir des syst\u00e8mes de fixation de pointe pour le secteur des infrastructures.<br \/>\nDes ponts massifs aux barrages solides, des docks portuaires aux structures immerg\u00e9es dans la mer, nous proposons des solutions con\u00e7ues pour r\u00e9sister aux effets du changement climatique et int\u00e9grer les nouvelles technologies. <\/p>\n<p>Nos syst\u00e8mes de fixation sont con\u00e7us pour offrir une r\u00e9sistance durable et une stabilit\u00e9 fiable, m\u00eame dans les conditions environnementales les plus extr\u00eames. \u00c0 une \u00e9poque o\u00f9 l&rsquo;environnement est en constante \u00e9volution, il est crucial d&rsquo;adapter les infrastructures pour relever des d\u00e9fis tels que l&rsquo;\u00e9l\u00e9vation du niveau de la mer et l&rsquo;introduction de nouvelles technologies.<br \/>\nNos syst\u00e8mes de fixation sont le choix id\u00e9al pour garantir la r\u00e9silience des infrastructures et la s\u00e9curit\u00e9 des communaut\u00e9s qu&rsquo;elles desservent. <\/p>\n\t\t\t\t\t\t\t\t<\/div>\n\t\t\t\t<\/div>\n\t\t\t\t<div class=\"elementor-element elementor-element-7f2e3b0 elementor-align-left elementor-widget elementor-widget-button\" data-id=\"7f2e3b0\" data-element_type=\"widget\" data-e-type=\"widget\" data-widget_type=\"button.default\">\n\t\t\t\t<div class=\"elementor-widget-container\">\n\t\t\t\t\t\t\t\t\t<div class=\"elementor-button-wrapper\">\n\t\t\t\t\t<a class=\"elementor-button elementor-button-link elementor-size-sm\" href=\"https:\/\/mfinox.com\/fr\/secteurs\/linfrastructure\/\">\n\t\t\t\t\t\t<span class=\"elementor-button-content-wrapper\">\n\t\t\t\t\t\t\t\t\t<span class=\"elementor-button-text\">En savoir plus<\/span>\n\t\t\t\t\t<\/span>\n\t\t\t\t\t<\/a>\n\t\t\t\t<\/div>\n\t\t\t\t\t\t\t\t<\/div>\n\t\t\t\t<\/div>\n\t\t\t\t<\/div>\n\t\t\t\t\t<\/div>\n\t\t\t\t<\/div>\n\t\t<div class=\"elementor-element elementor-element-b23dbdc e-flex e-con-boxed e-con e-parent\" data-id=\"b23dbdc\" data-element_type=\"container\" data-e-type=\"container\">\n\t\t\t\t\t<div class=\"e-con-inner\">\n\t\t<div class=\"elementor-element elementor-element-c78b628 e-con-full e-flex e-con e-child\" data-id=\"c78b628\" data-element_type=\"container\" data-e-type=\"container\" data-settings=\"{&quot;background_background&quot;:&quot;classic&quot;}\">\n\t\t\t\t<div class=\"elementor-element elementor-element-db22a82 elementor-widget elementor-widget-heading\" data-id=\"db22a82\" data-element_type=\"widget\" data-e-type=\"widget\" data-widget_type=\"heading.default\">\n\t\t\t\t<div class=\"elementor-widget-container\">\n\t\t\t\t\t<h2 class=\"elementor-heading-title elementor-size-default\">Usines chimiques et raffineries<\/h2>\t\t\t\t<\/div>\n\t\t\t\t<\/div>\n\t\t\t\t<div class=\"elementor-element elementor-element-62384a1 elementor-widget elementor-widget-text-editor\" data-id=\"62384a1\" data-element_type=\"widget\" data-e-type=\"widget\" data-widget_type=\"text-editor.default\">\n\t\t\t\t<div class=\"elementor-widget-container\">\n\t\t\t\t\t\t\t\t\t<p>L&rsquo;exp\u00e9rience consolid\u00e9e de MF INOX nous permet d&rsquo;adopter des solutions innovantes provenant d&rsquo;autres march\u00e9s pour faciliter la transition \u00e9nerg\u00e9tique dans le secteur du p\u00e9trole et du gaz.<\/p>\n<p>Notre gamme de solutions de fixation est bas\u00e9e sur des innovations intersectorielles issues des \u00e9nergies renouvelables et des technologies vertes, adapt\u00e9es aux besoins sp\u00e9cifiques de l&rsquo;industrie p\u00e9troli\u00e8re et gazi\u00e8re.<\/p>\n<p>Nous sommes pr\u00eats \u00e0 soutenir les entreprises dans leur transition vers un avenir \u00e9nerg\u00e9tique plus durable en fournissant des solutions de pointe qui am\u00e9liorent les performances op\u00e9rationnelles et r\u00e9duisent l&rsquo;impact sur l&rsquo;environnement.<\/p>\n\t\t\t\t\t\t\t\t<\/div>\n\t\t\t\t<\/div>\n\t\t\t\t<div class=\"elementor-element elementor-element-3aecf0d elementor-align-left elementor-widget elementor-widget-button\" data-id=\"3aecf0d\" data-element_type=\"widget\" data-e-type=\"widget\" data-widget_type=\"button.default\">\n\t\t\t\t<div class=\"elementor-widget-container\">\n\t\t\t\t\t\t\t\t\t<div class=\"elementor-button-wrapper\">\n\t\t\t\t\t<a class=\"elementor-button elementor-button-link elementor-size-sm\" href=\"https:\/\/mfinox.com\/fr\/secteurs\/gaz-de-petrole\/\">\n\t\t\t\t\t\t<span class=\"elementor-button-content-wrapper\">\n\t\t\t\t\t\t\t\t\t<span class=\"elementor-button-text\">En savoir plus<\/span>\n\t\t\t\t\t<\/span>\n\t\t\t\t\t<\/a>\n\t\t\t\t<\/div>\n\t\t\t\t\t\t\t\t<\/div>\n\t\t\t\t<\/div>\n\t\t\t\t<\/div>\n\t\t<div class=\"elementor-element elementor-element-8a00782 e-con-full e-flex e-con e-child\" data-id=\"8a00782\" data-element_type=\"container\" data-e-type=\"container\" data-settings=\"{&quot;background_background&quot;:&quot;classic&quot;}\">\n\t\t\t\t<\/div>\n\t\t\t\t\t<\/div>\n\t\t\t\t<\/div>\n\t\t<div class=\"elementor-element elementor-element-f9fa0f2 e-flex e-con-boxed e-con e-parent\" data-id=\"f9fa0f2\" data-element_type=\"container\" data-e-type=\"container\">\n\t\t\t\t\t<div class=\"e-con-inner\">\n\t\t<div class=\"elementor-element elementor-element-580c522 e-con-full e-flex e-con e-child\" data-id=\"580c522\" data-element_type=\"container\" data-e-type=\"container\" data-settings=\"{&quot;background_background&quot;:&quot;classic&quot;}\">\n\t\t\t\t<\/div>\n\t\t<div class=\"elementor-element elementor-element-a088180 e-con-full e-flex e-con e-child\" data-id=\"a088180\" data-element_type=\"container\" data-e-type=\"container\" data-settings=\"{&quot;background_background&quot;:&quot;classic&quot;}\">\n\t\t\t\t<div class=\"elementor-element elementor-element-872f15f elementor-widget elementor-widget-heading\" data-id=\"872f15f\" data-element_type=\"widget\" data-e-type=\"widget\" data-widget_type=\"heading.default\">\n\t\t\t\t<div class=\"elementor-widget-container\">\n\t\t\t\t\t<h2 class=\"elementor-heading-title elementor-size-default\">Naval<\/h2>\t\t\t\t<\/div>\n\t\t\t\t<\/div>\n\t\t\t\t<div class=\"elementor-element elementor-element-e23ec03 elementor-widget elementor-widget-text-editor\" data-id=\"e23ec03\" data-element_type=\"widget\" data-e-type=\"widget\" data-widget_type=\"text-editor.default\">\n\t\t\t\t<div class=\"elementor-widget-container\">\n\t\t\t\t\t\t\t\t\t<p><span style=\"font-weight: 400;\">Au c\u0153ur d&rsquo;un pays entour\u00e9 de mers et avec une forte vocation pour le transport maritime, nous offrons des solutions de fixation personnalis\u00e9es pour vos besoins maritimes.  <\/span><\/p>\n<p><span style=\"font-weight: 400;\">Depuis des ann\u00e9es, nous nous engageons \u00e0 fournir des produits de haute qualit\u00e9 pour les navires militaires, civils et de plaisance \u00e0 moteur et \u00e0 voile.<br \/>\nNos syst\u00e8mes de fixation sont con\u00e7us pour r\u00e9sister aux d\u00e9fis de l&rsquo;environnement marin, en garantissant la s\u00e9curit\u00e9 et la fiabilit\u00e9.   <\/span><\/p>\n<p><span style=\"font-weight: 400;\">Avec une large gamme de produits adapt\u00e9s \u00e0 diff\u00e9rentes applications, nous sommes pr\u00eats \u00e0 vous aider \u00e0 trouver la solution de fixation id\u00e9ale pour votre projet naval.<\/span><\/p>\n\t\t\t\t\t\t\t\t<\/div>\n\t\t\t\t<\/div>\n\t\t\t\t<div class=\"elementor-element elementor-element-58eaa6a elementor-align-left elementor-widget elementor-widget-button\" data-id=\"58eaa6a\" data-element_type=\"widget\" data-e-type=\"widget\" data-widget_type=\"button.default\">\n\t\t\t\t<div class=\"elementor-widget-container\">\n\t\t\t\t\t\t\t\t\t<div class=\"elementor-button-wrapper\">\n\t\t\t\t\t<a class=\"elementor-button elementor-button-link elementor-size-sm\" href=\"https:\/\/mfinox.com\/fr\/secteurs\/naval\/\">\n\t\t\t\t\t\t<span class=\"elementor-button-content-wrapper\">\n\t\t\t\t\t\t\t\t\t<span class=\"elementor-button-text\">En savoir plus<\/span>\n\t\t\t\t\t<\/span>\n\t\t\t\t\t<\/a>\n\t\t\t\t<\/div>\n\t\t\t\t\t\t\t\t<\/div>\n\t\t\t\t<\/div>\n\t\t\t\t<\/div>\n\t\t\t\t\t<\/div>\n\t\t\t\t<\/div>\n\t\t\t\t<\/div>\n\t\t","protected":false},"excerpt":{"rendered":"<p>Secteurs MF INOX srl est un fabricant de premier plan de syst\u00e8mes de fixation pour les secteurs du p\u00e9trole et du gaz, de l&rsquo;\u00e9nergie, des infrastructures, du rail, de la marine, des sous-marins et de la marine de guerre. Notre priorit\u00e9 est la fiabilit\u00e9 du produit, qui garantit la s\u00e9curit\u00e9 et la durabilit\u00e9 dans des [&hellip;]<\/p>\n","protected":false},"author":1,"featured_media":0,"parent":0,"menu_order":0,"comment_status":"closed","ping_status":"closed","template":"","meta":{"footnotes":""},"class_list":["post-6091","page","type-page","status-publish","hentry"],"yoast_head":"<!-- This site is optimized with the Yoast SEO plugin v27.4 - https:\/\/yoast.com\/product\/yoast-seo-wordpress\/ -->\n<title>Secteurs - M.F. INOX<\/title>\n<meta name=\"robots\" content=\"index, follow, max-snippet:-1, max-image-preview:large, max-video-preview:-1\" \/>\n<link rel=\"canonical\" href=\"https:\/\/mfinox.com\/fr\/secteurs\/\" \/>\n<meta property=\"og:locale\" content=\"fr_FR\" \/>\n<meta property=\"og:type\" content=\"article\" \/>\n<meta property=\"og:title\" content=\"Secteurs - M.F. INOX\" \/>\n<meta property=\"og:description\" content=\"Secteurs MF INOX srl est un fabricant de premier plan de syst\u00e8mes de fixation pour les secteurs du p\u00e9trole et du gaz, de l&rsquo;\u00e9nergie, des infrastructures, du rail, de la marine, des sous-marins et de la marine de guerre. Notre priorit\u00e9 est la fiabilit\u00e9 du produit, qui garantit la s\u00e9curit\u00e9 et la durabilit\u00e9 dans des [&hellip;]\" \/>\n<meta property=\"og:url\" content=\"https:\/\/mfinox.com\/fr\/secteurs\/\" \/>\n<meta property=\"og:site_name\" content=\"M.F. INOX\" \/>\n<meta property=\"article:modified_time\" content=\"2024-09-06T10:41:37+00:00\" \/>\n<meta name=\"twitter:card\" content=\"summary_large_image\" \/>\n<meta name=\"twitter:label1\" content=\"Dur\u00e9e de lecture estim\u00e9e\" \/>\n\t<meta name=\"twitter:data1\" content=\"3 minutes\" \/>\n<script type=\"application\/ld+json\" class=\"yoast-schema-graph\">{\"@context\":\"https:\\\/\\\/schema.org\",\"@graph\":[{\"@type\":\"WebPage\",\"@id\":\"https:\\\/\\\/mfinox.com\\\/fr\\\/secteurs\\\/\",\"url\":\"https:\\\/\\\/mfinox.com\\\/fr\\\/secteurs\\\/\",\"name\":\"Secteurs - M.F. INOX\",\"isPartOf\":{\"@id\":\"https:\\\/\\\/mfinox.com\\\/fr\\\/#website\"},\"datePublished\":\"2024-05-10T14:26:01+00:00\",\"dateModified\":\"2024-09-06T10:41:37+00:00\",\"breadcrumb\":{\"@id\":\"https:\\\/\\\/mfinox.com\\\/fr\\\/secteurs\\\/#breadcrumb\"},\"inLanguage\":\"fr-FR\",\"potentialAction\":[{\"@type\":\"ReadAction\",\"target\":[\"https:\\\/\\\/mfinox.com\\\/fr\\\/secteurs\\\/\"]}]},{\"@type\":\"BreadcrumbList\",\"@id\":\"https:\\\/\\\/mfinox.com\\\/fr\\\/secteurs\\\/#breadcrumb\",\"itemListElement\":[{\"@type\":\"ListItem\",\"position\":1,\"name\":\"Home\",\"item\":\"https:\\\/\\\/mfinox.com\\\/fr\\\/\"},{\"@type\":\"ListItem\",\"position\":2,\"name\":\"Secteurs\"}]},{\"@type\":\"WebSite\",\"@id\":\"https:\\\/\\\/mfinox.com\\\/fr\\\/#website\",\"url\":\"https:\\\/\\\/mfinox.com\\\/fr\\\/\",\"name\":\"M.F. INOX\",\"description\":\"\",\"publisher\":{\"@id\":\"https:\\\/\\\/mfinox.com\\\/fr\\\/#organization\"},\"potentialAction\":[{\"@type\":\"SearchAction\",\"target\":{\"@type\":\"EntryPoint\",\"urlTemplate\":\"https:\\\/\\\/mfinox.com\\\/fr\\\/?s={search_term_string}\"},\"query-input\":{\"@type\":\"PropertyValueSpecification\",\"valueRequired\":true,\"valueName\":\"search_term_string\"}}],\"inLanguage\":\"fr-FR\"},{\"@type\":\"Organization\",\"@id\":\"https:\\\/\\\/mfinox.com\\\/fr\\\/#organization\",\"name\":\"M.F. INOX\",\"url\":\"https:\\\/\\\/mfinox.com\\\/fr\\\/\",\"logo\":{\"@type\":\"ImageObject\",\"inLanguage\":\"fr-FR\",\"@id\":\"https:\\\/\\\/mfinox.com\\\/fr\\\/#\\\/schema\\\/logo\\\/image\\\/\",\"url\":\"https:\\\/\\\/mfinox.com\\\/wp-content\\\/uploads\\\/2024\\\/05\\\/mf-inox_logo_neg.png\",\"contentUrl\":\"https:\\\/\\\/mfinox.com\\\/wp-content\\\/uploads\\\/2024\\\/05\\\/mf-inox_logo_neg.png\",\"width\":1949,\"height\":662,\"caption\":\"M.F. INOX\"},\"image\":{\"@id\":\"https:\\\/\\\/mfinox.com\\\/fr\\\/#\\\/schema\\\/logo\\\/image\\\/\"}}]}<\/script>\n<!-- \/ Yoast SEO plugin. -->","yoast_head_json":{"title":"Secteurs - M.F. INOX","robots":{"index":"index","follow":"follow","max-snippet":"max-snippet:-1","max-image-preview":"max-image-preview:large","max-video-preview":"max-video-preview:-1"},"canonical":"https:\/\/mfinox.com\/fr\/secteurs\/","og_locale":"fr_FR","og_type":"article","og_title":"Secteurs - M.F. INOX","og_description":"Secteurs MF INOX srl est un fabricant de premier plan de syst\u00e8mes de fixation pour les secteurs du p\u00e9trole et du gaz, de l&rsquo;\u00e9nergie, des infrastructures, du rail, de la marine, des sous-marins et de la marine de guerre. Notre priorit\u00e9 est la fiabilit\u00e9 du produit, qui garantit la s\u00e9curit\u00e9 et la durabilit\u00e9 dans des [&hellip;]","og_url":"https:\/\/mfinox.com\/fr\/secteurs\/","og_site_name":"M.F. INOX","article_modified_time":"2024-09-06T10:41:37+00:00","twitter_card":"summary_large_image","twitter_misc":{"Dur\u00e9e de lecture estim\u00e9e":"3 minutes"},"schema":{"@context":"https:\/\/schema.org","@graph":[{"@type":"WebPage","@id":"https:\/\/mfinox.com\/fr\/secteurs\/","url":"https:\/\/mfinox.com\/fr\/secteurs\/","name":"Secteurs - M.F. INOX","isPartOf":{"@id":"https:\/\/mfinox.com\/fr\/#website"},"datePublished":"2024-05-10T14:26:01+00:00","dateModified":"2024-09-06T10:41:37+00:00","breadcrumb":{"@id":"https:\/\/mfinox.com\/fr\/secteurs\/#breadcrumb"},"inLanguage":"fr-FR","potentialAction":[{"@type":"ReadAction","target":["https:\/\/mfinox.com\/fr\/secteurs\/"]}]},{"@type":"BreadcrumbList","@id":"https:\/\/mfinox.com\/fr\/secteurs\/#breadcrumb","itemListElement":[{"@type":"ListItem","position":1,"name":"Home","item":"https:\/\/mfinox.com\/fr\/"},{"@type":"ListItem","position":2,"name":"Secteurs"}]},{"@type":"WebSite","@id":"https:\/\/mfinox.com\/fr\/#website","url":"https:\/\/mfinox.com\/fr\/","name":"M.F. INOX","description":"","publisher":{"@id":"https:\/\/mfinox.com\/fr\/#organization"},"potentialAction":[{"@type":"SearchAction","target":{"@type":"EntryPoint","urlTemplate":"https:\/\/mfinox.com\/fr\/?s={search_term_string}"},"query-input":{"@type":"PropertyValueSpecification","valueRequired":true,"valueName":"search_term_string"}}],"inLanguage":"fr-FR"},{"@type":"Organization","@id":"https:\/\/mfinox.com\/fr\/#organization","name":"M.F. INOX","url":"https:\/\/mfinox.com\/fr\/","logo":{"@type":"ImageObject","inLanguage":"fr-FR","@id":"https:\/\/mfinox.com\/fr\/#\/schema\/logo\/image\/","url":"https:\/\/mfinox.com\/wp-content\/uploads\/2024\/05\/mf-inox_logo_neg.png","contentUrl":"https:\/\/mfinox.com\/wp-content\/uploads\/2024\/05\/mf-inox_logo_neg.png","width":1949,"height":662,"caption":"M.F. INOX"},"image":{"@id":"https:\/\/mfinox.com\/fr\/#\/schema\/logo\/image\/"}}]}},"_links":{"self":[{"href":"https:\/\/mfinox.com\/fr\/wp-json\/wp\/v2\/pages\/6091","targetHints":{"allow":["GET"]}}],"collection":[{"href":"https:\/\/mfinox.com\/fr\/wp-json\/wp\/v2\/pages"}],"about":[{"href":"https:\/\/mfinox.com\/fr\/wp-json\/wp\/v2\/types\/page"}],"author":[{"embeddable":true,"href":"https:\/\/mfinox.com\/fr\/wp-json\/wp\/v2\/users\/1"}],"replies":[{"embeddable":true,"href":"https:\/\/mfinox.com\/fr\/wp-json\/wp\/v2\/comments?post=6091"}],"version-history":[{"count":0,"href":"https:\/\/mfinox.com\/fr\/wp-json\/wp\/v2\/pages\/6091\/revisions"}],"wp:attachment":[{"href":"https:\/\/mfinox.com\/fr\/wp-json\/wp\/v2\/media?parent=6091"}],"curies":[{"name":"wp","href":"https:\/\/api.w.org\/{rel}","templated":true}]}}