{"id":6078,"date":"2024-05-10T13:30:19","date_gmt":"2024-05-10T11:30:19","guid":{"rendered":"https:\/\/mfinox.com\/qualite\/"},"modified":"2025-05-28T08:34:36","modified_gmt":"2025-05-28T06:34:36","slug":"qualite","status":"publish","type":"page","link":"https:\/\/mfinox.com\/fr\/qualite\/","title":{"rendered":"Qualit\u00e9"},"content":{"rendered":"\t\t<div data-elementor-type=\"wp-page\" data-elementor-id=\"6078\" class=\"elementor elementor-6078 elementor-383\" data-elementor-post-type=\"page\">\n\t\t\t\t<div class=\"elementor-element elementor-element-dd517d6 e-flex e-con-boxed e-con e-parent\" data-id=\"dd517d6\" data-element_type=\"container\" data-e-type=\"container\" data-settings=\"{&quot;background_background&quot;:&quot;classic&quot;}\">\n\t\t\t\t\t<div class=\"e-con-inner\">\n\t\t\t\t<div class=\"elementor-element elementor-element-b322442 elementor-invisible elementor-widget elementor-widget-heading\" data-id=\"b322442\" data-element_type=\"widget\" data-e-type=\"widget\" data-settings=\"{&quot;_animation&quot;:&quot;fadeIn&quot;}\" data-widget_type=\"heading.default\">\n\t\t\t\t<div class=\"elementor-widget-container\">\n\t\t\t\t\t<h1 class=\"elementor-heading-title elementor-size-default\">Qualit\u00e9<\/h1>\t\t\t\t<\/div>\n\t\t\t\t<\/div>\n\t\t\t\t<div class=\"elementor-element elementor-element-f5ab11c elementor-invisible elementor-widget elementor-widget-shortcode\" data-id=\"f5ab11c\" data-element_type=\"widget\" data-e-type=\"widget\" data-settings=\"{&quot;_animation&quot;:&quot;fadeIn&quot;}\" data-widget_type=\"shortcode.default\">\n\t\t\t\t<div class=\"elementor-widget-container\">\n\t\t\t\t\t\t\t<div class=\"elementor-shortcode\"><nav aria-label=\"breadcrumb\"><div class=\"breadcrumb\"><span class=\"breadcrumb-item\"><a href=\"https:\/\/mfinox.com\/fr\/\" style=\"color: #F3912E;\">Home<\/a><\/span><\/div><\/nav><\/div>\n\t\t\t\t\t\t<\/div>\n\t\t\t\t<\/div>\n\t\t\t\t\t<\/div>\n\t\t\t\t<\/div>\n\t\t<div class=\"elementor-element elementor-element-9fabeb7 e-flex e-con-boxed elementor-invisible e-con e-parent\" data-id=\"9fabeb7\" data-element_type=\"container\" data-e-type=\"container\" data-settings=\"{&quot;animation&quot;:&quot;fadeInUp&quot;}\">\n\t\t\t\t\t<div class=\"e-con-inner\">\n\t\t\t\t<div class=\"elementor-element elementor-element-ed0bd9d elementor-widget elementor-widget-text-editor\" data-id=\"ed0bd9d\" data-element_type=\"widget\" data-e-type=\"widget\" data-widget_type=\"text-editor.default\">\n\t\t\t\t<div class=\"elementor-widget-container\">\n\t\t\t\t\t\t\t\t\t<h2><b>Qualit\u00e9<\/b><\/h2>\nPour MF INOX, la satisfaction des clients et des autres parties prenantes est un objectif strat\u00e9gique que nous poursuivons en innovant dans nos processus de production.\nNous adoptons de nouvelles technologies et les philosophies organisationnelles les plus avanc\u00e9es pour diffuser une culture de la qualit\u00e9 bas\u00e9e sur l&rsquo;implication des personnes, le d\u00e9veloppement des comp\u00e9tences, l&rsquo;am\u00e9lioration du lieu de travail et le respect de l&rsquo;environnement.\nNous nous effor\u00e7ons en permanence d&rsquo;am\u00e9liorer l&rsquo;efficacit\u00e9 et l&rsquo;efficience de nos processus afin d&rsquo;atteindre les objectifs d&rsquo;une organisation qui vise l&rsquo;excellence.\n<h2><b>Atelier<\/b><\/h2>\nMF INOX garantit directement, par le biais des actifs du groupe ou de la sous-traitance, la possibilit\u00e9 de r\u00e9aliser tous types d&rsquo;essais afin de valider la conformit\u00e9 des processus de production aux sp\u00e9cifications requises : Essais fonctionnels (traction, fatigue, cisaillement, r\u00e9silience, coefficient de frottement, microduret\u00e9), R\u00e9silience \u00e0 temp\u00e9rature ambiante et \u00e0 basse temp\u00e9rature (-73, -101 et -196\u00b0C), G\u00e9om\u00e9trie (projecteur de profil optique, rugosit\u00e9), Essais de corrosion (essai au brouillard salin), Analyse chimique avec spectrom\u00e8tre et analyseurs de fluorescence, Ultrasons, p\u00e9n\u00e9trants liquides et poudres magn\u00e9tiques, Certification tierce partie EN 10204 3.2, Essai de corrosion selon NACE MR0175 et ASTM G48.\n<h2><b>Partenariat<\/b><\/h2>\nLe partenariat est un aspect essentiel de notre mod\u00e8le d&rsquo;entreprise.\nNous collaborons \u00e9troitement avec nos clients pour d\u00e9velopper des solutions, en nous appuyant sur la vaste expertise que nous avons acquise en plus de 30 ans d&rsquo;activit\u00e9.\nChez MF INOX, nous pensons que la meilleure solution de fixation est obtenue en partageant les exigences fonctionnelles du projet, combin\u00e9es au savoir-faire en mati\u00e8re de mat\u00e9riaux et de technologies de traitement, ce qui permet d&rsquo;optimiser les co\u00fbts de production et de maintenir les normes de qualit\u00e9 et les performances \u00e9lev\u00e9es du syst\u00e8me de fixation.\n<h2><b>Certification<\/b><\/h2>\n<span style=\"text-decoration: underline;\"><a href=\"https:\/\/mfinox.com\/wp-content\/uploads\/2024\/07\/CERT3013Rev.007.pdf\">T\u00e9l\u00e9charger le certificat ISO 9001 TUV<\/a><\/span>\n<br>\n<h2><b>Politique de qualit\u00e9<\/b><\/h2>\n<span style=\"text-decoration: underline;\"><a target=\"_blank\" href=\"https:\/\/mfinox.com\/wp-content\/uploads\/2024\/11\/Quality_Policy_rev.1_ENG-signed.pdf\">T\u00e9l\u00e9charger le certificat qualit\u00e9<\/a><\/span>\t\t\t\t\t\t\t\t<\/div>\n\t\t\t\t<\/div>\n\t\t\t\t\t<\/div>\n\t\t\t\t<\/div>\n\t\t\t\t<\/div>\n\t\t","protected":false},"excerpt":{"rendered":"<p>Qualit\u00e9 Qualit\u00e9 Pour MF INOX, la satisfaction des clients et des autres parties prenantes est un objectif strat\u00e9gique que nous poursuivons en innovant dans nos processus de production. Nous adoptons de nouvelles technologies et les philosophies organisationnelles les plus avanc\u00e9es pour diffuser une culture de la qualit\u00e9 bas\u00e9e sur l&rsquo;implication des personnes, le d\u00e9veloppement des [&hellip;]<\/p>\n","protected":false},"author":1,"featured_media":0,"parent":0,"menu_order":0,"comment_status":"closed","ping_status":"closed","template":"","meta":{"footnotes":""},"class_list":["post-6078","page","type-page","status-publish","hentry"],"yoast_head":"<!-- This site is optimized with the Yoast SEO plugin v27.6 - https:\/\/yoast.com\/product\/yoast-seo-wordpress\/ -->\n<title>Qualit\u00e9 - M.F. INOX<\/title>\n<meta name=\"robots\" content=\"index, follow, max-snippet:-1, max-image-preview:large, max-video-preview:-1\" \/>\n<link rel=\"canonical\" href=\"https:\/\/mfinox.com\/fr\/qualite\/\" \/>\n<meta property=\"og:locale\" content=\"fr_FR\" \/>\n<meta property=\"og:type\" content=\"article\" \/>\n<meta property=\"og:title\" content=\"Qualit\u00e9 - M.F. INOX\" \/>\n<meta property=\"og:description\" content=\"Qualit\u00e9 Qualit\u00e9 Pour MF INOX, la satisfaction des clients et des autres parties prenantes est un objectif strat\u00e9gique que nous poursuivons en innovant dans nos processus de production. Nous adoptons de nouvelles technologies et les philosophies organisationnelles les plus avanc\u00e9es pour diffuser une culture de la qualit\u00e9 bas\u00e9e sur l&rsquo;implication des personnes, le d\u00e9veloppement des [&hellip;]\" \/>\n<meta property=\"og:url\" content=\"https:\/\/mfinox.com\/fr\/qualite\/\" \/>\n<meta property=\"og:site_name\" content=\"M.F. INOX\" \/>\n<meta property=\"article:modified_time\" content=\"2025-05-28T06:34:36+00:00\" \/>\n<meta name=\"twitter:card\" content=\"summary_large_image\" \/>\n<meta name=\"twitter:label1\" content=\"Dur\u00e9e de lecture estim\u00e9e\" \/>\n\t<meta name=\"twitter:data1\" content=\"2 minutes\" \/>\n<script type=\"application\/ld+json\" class=\"yoast-schema-graph\">{\"@context\":\"https:\\\/\\\/schema.org\",\"@graph\":[{\"@type\":\"WebPage\",\"@id\":\"https:\\\/\\\/mfinox.com\\\/fr\\\/qualite\\\/\",\"url\":\"https:\\\/\\\/mfinox.com\\\/fr\\\/qualite\\\/\",\"name\":\"Qualit\u00e9 - M.F. INOX\",\"isPartOf\":{\"@id\":\"https:\\\/\\\/mfinox.com\\\/fr\\\/#website\"},\"datePublished\":\"2024-05-10T11:30:19+00:00\",\"dateModified\":\"2025-05-28T06:34:36+00:00\",\"breadcrumb\":{\"@id\":\"https:\\\/\\\/mfinox.com\\\/fr\\\/qualite\\\/#breadcrumb\"},\"inLanguage\":\"fr-FR\",\"potentialAction\":[{\"@type\":\"ReadAction\",\"target\":[\"https:\\\/\\\/mfinox.com\\\/fr\\\/qualite\\\/\"]}]},{\"@type\":\"BreadcrumbList\",\"@id\":\"https:\\\/\\\/mfinox.com\\\/fr\\\/qualite\\\/#breadcrumb\",\"itemListElement\":[{\"@type\":\"ListItem\",\"position\":1,\"name\":\"Home\",\"item\":\"https:\\\/\\\/mfinox.com\\\/fr\\\/\"},{\"@type\":\"ListItem\",\"position\":2,\"name\":\"Qualit\u00e9\"}]},{\"@type\":\"WebSite\",\"@id\":\"https:\\\/\\\/mfinox.com\\\/fr\\\/#website\",\"url\":\"https:\\\/\\\/mfinox.com\\\/fr\\\/\",\"name\":\"M.F. INOX\",\"description\":\"\",\"publisher\":{\"@id\":\"https:\\\/\\\/mfinox.com\\\/fr\\\/#organization\"},\"potentialAction\":[{\"@type\":\"SearchAction\",\"target\":{\"@type\":\"EntryPoint\",\"urlTemplate\":\"https:\\\/\\\/mfinox.com\\\/fr\\\/?s={search_term_string}\"},\"query-input\":{\"@type\":\"PropertyValueSpecification\",\"valueRequired\":true,\"valueName\":\"search_term_string\"}}],\"inLanguage\":\"fr-FR\"},{\"@type\":\"Organization\",\"@id\":\"https:\\\/\\\/mfinox.com\\\/fr\\\/#organization\",\"name\":\"M.F. INOX\",\"url\":\"https:\\\/\\\/mfinox.com\\\/fr\\\/\",\"logo\":{\"@type\":\"ImageObject\",\"inLanguage\":\"fr-FR\",\"@id\":\"https:\\\/\\\/mfinox.com\\\/fr\\\/#\\\/schema\\\/logo\\\/image\\\/\",\"url\":\"https:\\\/\\\/mfinox.com\\\/wp-content\\\/uploads\\\/2024\\\/05\\\/mf-inox_logo_neg.png\",\"contentUrl\":\"https:\\\/\\\/mfinox.com\\\/wp-content\\\/uploads\\\/2024\\\/05\\\/mf-inox_logo_neg.png\",\"width\":1949,\"height\":662,\"caption\":\"M.F. INOX\"},\"image\":{\"@id\":\"https:\\\/\\\/mfinox.com\\\/fr\\\/#\\\/schema\\\/logo\\\/image\\\/\"}}]}<\/script>\n<!-- \/ Yoast SEO plugin. -->","yoast_head_json":{"title":"Qualit\u00e9 - M.F. INOX","robots":{"index":"index","follow":"follow","max-snippet":"max-snippet:-1","max-image-preview":"max-image-preview:large","max-video-preview":"max-video-preview:-1"},"canonical":"https:\/\/mfinox.com\/fr\/qualite\/","og_locale":"fr_FR","og_type":"article","og_title":"Qualit\u00e9 - M.F. INOX","og_description":"Qualit\u00e9 Qualit\u00e9 Pour MF INOX, la satisfaction des clients et des autres parties prenantes est un objectif strat\u00e9gique que nous poursuivons en innovant dans nos processus de production. Nous adoptons de nouvelles technologies et les philosophies organisationnelles les plus avanc\u00e9es pour diffuser une culture de la qualit\u00e9 bas\u00e9e sur l&rsquo;implication des personnes, le d\u00e9veloppement des [&hellip;]","og_url":"https:\/\/mfinox.com\/fr\/qualite\/","og_site_name":"M.F. INOX","article_modified_time":"2025-05-28T06:34:36+00:00","twitter_card":"summary_large_image","twitter_misc":{"Dur\u00e9e de lecture estim\u00e9e":"2 minutes"},"schema":{"@context":"https:\/\/schema.org","@graph":[{"@type":"WebPage","@id":"https:\/\/mfinox.com\/fr\/qualite\/","url":"https:\/\/mfinox.com\/fr\/qualite\/","name":"Qualit\u00e9 - M.F. INOX","isPartOf":{"@id":"https:\/\/mfinox.com\/fr\/#website"},"datePublished":"2024-05-10T11:30:19+00:00","dateModified":"2025-05-28T06:34:36+00:00","breadcrumb":{"@id":"https:\/\/mfinox.com\/fr\/qualite\/#breadcrumb"},"inLanguage":"fr-FR","potentialAction":[{"@type":"ReadAction","target":["https:\/\/mfinox.com\/fr\/qualite\/"]}]},{"@type":"BreadcrumbList","@id":"https:\/\/mfinox.com\/fr\/qualite\/#breadcrumb","itemListElement":[{"@type":"ListItem","position":1,"name":"Home","item":"https:\/\/mfinox.com\/fr\/"},{"@type":"ListItem","position":2,"name":"Qualit\u00e9"}]},{"@type":"WebSite","@id":"https:\/\/mfinox.com\/fr\/#website","url":"https:\/\/mfinox.com\/fr\/","name":"M.F. INOX","description":"","publisher":{"@id":"https:\/\/mfinox.com\/fr\/#organization"},"potentialAction":[{"@type":"SearchAction","target":{"@type":"EntryPoint","urlTemplate":"https:\/\/mfinox.com\/fr\/?s={search_term_string}"},"query-input":{"@type":"PropertyValueSpecification","valueRequired":true,"valueName":"search_term_string"}}],"inLanguage":"fr-FR"},{"@type":"Organization","@id":"https:\/\/mfinox.com\/fr\/#organization","name":"M.F. INOX","url":"https:\/\/mfinox.com\/fr\/","logo":{"@type":"ImageObject","inLanguage":"fr-FR","@id":"https:\/\/mfinox.com\/fr\/#\/schema\/logo\/image\/","url":"https:\/\/mfinox.com\/wp-content\/uploads\/2024\/05\/mf-inox_logo_neg.png","contentUrl":"https:\/\/mfinox.com\/wp-content\/uploads\/2024\/05\/mf-inox_logo_neg.png","width":1949,"height":662,"caption":"M.F. INOX"},"image":{"@id":"https:\/\/mfinox.com\/fr\/#\/schema\/logo\/image\/"}}]}},"_links":{"self":[{"href":"https:\/\/mfinox.com\/fr\/wp-json\/wp\/v2\/pages\/6078","targetHints":{"allow":["GET"]}}],"collection":[{"href":"https:\/\/mfinox.com\/fr\/wp-json\/wp\/v2\/pages"}],"about":[{"href":"https:\/\/mfinox.com\/fr\/wp-json\/wp\/v2\/types\/page"}],"author":[{"embeddable":true,"href":"https:\/\/mfinox.com\/fr\/wp-json\/wp\/v2\/users\/1"}],"replies":[{"embeddable":true,"href":"https:\/\/mfinox.com\/fr\/wp-json\/wp\/v2\/comments?post=6078"}],"version-history":[{"count":0,"href":"https:\/\/mfinox.com\/fr\/wp-json\/wp\/v2\/pages\/6078\/revisions"}],"wp:attachment":[{"href":"https:\/\/mfinox.com\/fr\/wp-json\/wp\/v2\/media?parent=6078"}],"curies":[{"name":"wp","href":"https:\/\/api.w.org\/{rel}","templated":true}]}}