{"id":6069,"date":"2024-05-21T15:17:50","date_gmt":"2024-05-21T13:17:50","guid":{"rendered":"https:\/\/mfinox.com\/materiaux\/super-duplex-a182-f55-uns-s32760-werkstoff-1-4501\/"},"modified":"2024-09-06T10:33:37","modified_gmt":"2024-09-06T10:33:37","slug":"super-duplex-a182-f55-uns-s32760-werkstoff-1-4501","status":"publish","type":"page","link":"https:\/\/mfinox.com\/fr\/materiaux\/super-duplex-a182-f55-uns-s32760-werkstoff-1-4501\/","title":{"rendered":"Super duplex A182 F55 UNS S32760 Werkstoff 1.4501"},"content":{"rendered":"\t\t<div data-elementor-type=\"wp-page\" data-elementor-id=\"6069\" class=\"elementor elementor-6069 elementor-763\" data-elementor-post-type=\"page\">\n\t\t\t\t<div class=\"elementor-element elementor-element-1af6501b e-flex e-con-boxed e-con e-parent\" data-id=\"1af6501b\" data-element_type=\"container\" data-e-type=\"container\" data-settings=\"{&quot;background_background&quot;:&quot;classic&quot;}\">\n\t\t\t\t\t<div class=\"e-con-inner\">\n\t\t\t\t<div class=\"elementor-element elementor-element-1a1a3b17 titolo-materiali elementor-invisible elementor-widget elementor-widget-heading\" data-id=\"1a1a3b17\" data-element_type=\"widget\" data-e-type=\"widget\" data-settings=\"{&quot;_animation&quot;:&quot;fadeIn&quot;}\" data-widget_type=\"heading.default\">\n\t\t\t\t<div class=\"elementor-widget-container\">\n\t\t\t\t\t<h1 class=\"elementor-heading-title elementor-size-default\">Super duplex A182 F55 UNS S32760 Werkstoff 1.4501  <\/h1>\t\t\t\t<\/div>\n\t\t\t\t<\/div>\n\t\t\t\t<div class=\"elementor-element elementor-element-5feb3fd7 elementor-invisible elementor-widget elementor-widget-shortcode\" data-id=\"5feb3fd7\" data-element_type=\"widget\" data-e-type=\"widget\" data-settings=\"{&quot;_animation&quot;:&quot;fadeIn&quot;}\" data-widget_type=\"shortcode.default\">\n\t\t\t\t<div class=\"elementor-widget-container\">\n\t\t\t\t\t\t\t<div class=\"elementor-shortcode\"><nav aria-label=\"breadcrumb\"><div class=\"breadcrumb\"><span class=\"breadcrumb-item\"><a href=\"https:\/\/mfinox.com\/fr\/\" style=\"color: #F3912E;\">Home<\/a><\/span><\/div><\/nav><\/div>\n\t\t\t\t\t\t<\/div>\n\t\t\t\t<\/div>\n\t\t\t\t\t<\/div>\n\t\t\t\t<\/div>\n\t\t<div class=\"elementor-element elementor-element-502b2ae0 e-flex e-con-boxed elementor-invisible e-con e-parent\" data-id=\"502b2ae0\" data-element_type=\"container\" data-e-type=\"container\" data-settings=\"{&quot;animation&quot;:&quot;fadeInUp&quot;}\">\n\t\t\t\t\t<div class=\"e-con-inner\">\n\t\t\t\t<div class=\"elementor-element elementor-element-5c0f0b74 elementor-widget elementor-widget-text-editor\" data-id=\"5c0f0b74\" data-element_type=\"widget\" data-e-type=\"widget\" data-widget_type=\"text-editor.default\">\n\t\t\t\t<div class=\"elementor-widget-container\">\n\t\t\t\t\t\t\t\t\tL&rsquo;acier super duplex A182 F55 UNS S32760 Werkstoff 1.4501 est un acier inoxydable \u00e0 haute teneur en chrome (plus de 25 %) et biphasique Ni-Mo-N (structure mixte aust\u00e9nitique et ferritique) r\u00e9sistant \u00e0 la corrosion par piq\u00fbres et \u00e0 la corrosion sous contrainte.\nL&rsquo;ajout d&rsquo;azote conf\u00e8re \u00e0 cet alliage une excellente r\u00e9sistance m\u00e9canique et une grande t\u00e9nacit\u00e9, tout en am\u00e9liorant consid\u00e9rablement la r\u00e9sistance \u00e0 la corrosion et la stabilit\u00e9 \u00e0 haute temp\u00e9rature.\nLa r\u00e9sistance \u00e0 la corrosion du Super Duplex A182 F55 UNS S32760 Werkstoff 1.4501 est optimale \u00e0 l&rsquo;\u00e9tat recuit de mise en solution et avec des valeurs \u00e9lev\u00e9es d&rsquo;indice \u00e9quivalent de r\u00e9sistance aux piq\u00fbres (PREN = %Cr + 33-%Mo + 16-%N).\n&gt;Tous les aciers inoxydables duplex avec PREN 40 doivent \u00eatre consid\u00e9r\u00e9s comme appartenant \u00e0 la famille super duplex.\nL&rsquo;utilisation \u00e0 des temp\u00e9ratures inf\u00e9rieures \u00e0 300\u00b0C est recommand\u00e9e.\nLe super duplex A182 F55 UNS S32760 Werkstoff 1.4501 est utilis\u00e9 pour les composants de vannes, les pompes, les tuyauteries, les infrastructures et tous les composants soumis \u00e0 des conditions corrosives tr\u00e8s s\u00e9v\u00e8res, ce qui le rend id\u00e9al pour les applications marines.      <h2><b>COMPOSITION CHIMIQUE SUPER DUPLEX A182 F55 UNS S32760 EN 1.4501<\/b><\/h2>\n<table class=\"responsive-table\">\n<thead>\n<tr>\n<th>\u00c9l\u00e9ments<\/th><th>Contenu<\/th>\n<\/tr>\n<\/thead>\n<tbody>\n<tr>\n<td data-label=\"Elemento\">C<\/td><td data-label=\"Contenuto\">0.02<\/td>\n<\/tr>\n<tr>\n<td data-label=\"Elemento\">S<\/td><td data-label=\"Contenuto\">&lt;0.005<\/td>\n<\/tr>\n<tr>\n<td data-label=\"Elemento\">P<\/td><td data-label=\"Contenuto\">0.025<\/td>\n<\/tr>\n<tr>\n<td data-label=\"Elemento\">Oui<\/td><td data-label=\"Contenuto\">0.50<\/td>\n<\/tr>\n<tr>\n<td data-label=\"Elemento\">Mn<\/td><td data-label=\"Contenuto\">0.60<\/td>\n<\/tr>\n<tr>\n<td data-label=\"Elemento\">Cr<\/td><td data-label=\"Contenuto\">25<\/td>\n<\/tr>\n<tr>\n<td data-label=\"Elemento\">Ni<\/td><td data-label=\"Contenuto\">7.00<\/td>\n<\/tr>\n<tr>\n<td data-label=\"Elemento\">Mo<\/td><td data-label=\"Contenuto\">3.6<\/td>\n<\/tr>\n<tr>\n<td data-label=\"Elemento\">Cu<\/td><td data-label=\"Contenuto\">0.60<\/td>\n<\/tr>\n<tr>\n<td data-label=\"Elemento\">W<\/td><td data-label=\"Contenuto\">0.60<\/td>\n<\/tr>\n<tr>\n<td data-label=\"Elemento\">N<\/td><td data-label=\"Contenuto\">0.25<\/td>\n<\/tr>\n<\/tbody>\n<\/table>\n<h2><b>CARACT\u00c9RISTIQUES M\u00c9CANIQUES SUPER DUPLEX A182 F55 UNS 32760 EN 1.4501<\/b><\/h2>\n<table class=\"responsive-table\">\n<thead>\n<tr>\n<th>Mat\u00e9riau<\/th><th>Alliage<\/th><th>Rm min (MPa)<\/th><th>Rp 0,2 min (MPa)<\/th><th>A% min<\/th>\n<\/tr>\n<\/thead>\n<tbody>\n<tr>\n<td data-label=\"Materiale\">A182 F55 UNS S32760 EN 1.4501<\/td><td data-label=\"Lega\">1.4501<\/td><td data-label=\"Rm min (MPa)\">730-1050<\/td><td data-label=\"Rp 0.2 min (MPa)\">530<\/td><td data-label=\"A% min\">25<\/td>\n<\/tr>\n<\/tbody>\n<\/table>\n<h2><b>CARACT\u00c9RISTIQUES PHYSIQUES SUPER DUPLEX A182 F55 UNS S32760 EN 1.4501<\/b><\/h2>\n<ul>\n \t<li><strong>Densit\u00e9 apparente<\/strong>: \u00e0 20\u00b0C 7,75 kg\/dm\u00b3<\/li>\n \t<li><strong>Module d&rsquo;\u00e9lasticit\u00e9<\/strong>: \u00e0 20\u00b0C 206.000 N\/mm\u00b2.<\/li>\n \t<li><strong>Conductivit\u00e9 thermique<\/strong>: \u00e0 20\u00b0C 15 W\/m.K<\/li>\n \t<li><strong>Magn\u00e9tique<\/strong>: Non<\/li>\n<\/ul>\n&nbsp;\n<h2><b>SP\u00c9CIFICATIONS SUPER DUPLEX A182 F55 UNS S32760 EN 1.4501<\/b><\/h2>\n<ul>\n \t<li>EN 10088\/3 : X2 Cr Ni Mo Cu W N 15-7-4<\/li>\n \t<li>W. : 1.4501<\/li>\n \t<li>UNS : UNS S32760<\/li>\n \t<li>AISI : F55 A182 \/ A479<\/li>\n \t<li>MARQUE : URANUS 52N FERRALIUM 255<\/li>\n \t<li>NORSOK : M630 MDS D57 M650<\/li>\n \t<li>AUTRES : NACE MR01-75, ISO 15156, EN 10088-3, PED 97\/23\/EC, ASTM G48, ASTM A751, API 6A<\/li>\n<\/ul>\n\t\t<div data-elementor-type=\"section\" data-elementor-id=\"2152\" class=\"elementor elementor-2152\" data-elementor-post-type=\"elementor_library\">\n\t\t\t<div class=\"elementor-element elementor-element-1a5312d e-flex e-con-boxed e-con e-parent\" data-id=\"1a5312d\" data-element_type=\"container\" data-e-type=\"container\">\n\t\t\t\t\t<div class=\"e-con-inner\">\n\t\t\t\t<div class=\"elementor-element elementor-element-703a4b7 elementor-widget elementor-widget-spacer\" data-id=\"703a4b7\" data-element_type=\"widget\" data-e-type=\"widget\" data-widget_type=\"spacer.default\">\n\t\t\t\t<div class=\"elementor-widget-container\">\n\t\t\t\t\t\t\t<div class=\"elementor-spacer\">\n\t\t\t<div class=\"elementor-spacer-inner\"><\/div>\n\t\t<\/div>\n\t\t\t\t\t\t<\/div>\n\t\t\t\t<\/div>\n\t\t\t\t\t<\/div>\n\t\t\t\t<\/div>\n\t\t\t\t<\/div>\n\t\t\t\t\t\t\t\t\t\t<\/div>\n\t\t\t\t<\/div>\n\t\t\t\t\t<\/div>\n\t\t\t\t<\/div>\n\t\t\t\t<\/div>\n\t\t","protected":false},"excerpt":{"rendered":"<p>Super duplex A182 F55 UNS S32760 Werkstoff 1.4501 L&rsquo;acier super duplex A182 F55 UNS S32760 Werkstoff 1.4501 est un acier inoxydable \u00e0 haute teneur en chrome (plus de 25 %) et biphasique Ni-Mo-N (structure mixte aust\u00e9nitique et ferritique) r\u00e9sistant \u00e0 la corrosion par piq\u00fbres et \u00e0 la corrosion sous contrainte. L&rsquo;ajout d&rsquo;azote conf\u00e8re \u00e0 cet [&hellip;]<\/p>\n","protected":false},"author":1,"featured_media":0,"parent":4505,"menu_order":0,"comment_status":"closed","ping_status":"closed","template":"","meta":{"footnotes":""},"class_list":["post-6069","page","type-page","status-publish","hentry"],"yoast_head":"<!-- This site is optimized with the Yoast SEO plugin v27.6 - https:\/\/yoast.com\/product\/yoast-seo-wordpress\/ -->\n<title>Super duplex A182 F55 UNS S32760 Werkstoff 1.4501 - M.F. INOX<\/title>\n<meta name=\"robots\" content=\"index, follow, max-snippet:-1, max-image-preview:large, max-video-preview:-1\" \/>\n<link rel=\"canonical\" href=\"https:\/\/mfinox.com\/fr\/materiaux\/super-duplex-a182-f55-uns-s32760-werkstoff-1-4501\/\" \/>\n<meta property=\"og:locale\" content=\"fr_FR\" \/>\n<meta property=\"og:type\" content=\"article\" \/>\n<meta property=\"og:title\" content=\"Super duplex A182 F55 UNS S32760 Werkstoff 1.4501 - M.F. INOX\" \/>\n<meta property=\"og:description\" content=\"Super duplex A182 F55 UNS S32760 Werkstoff 1.4501 L&rsquo;acier super duplex A182 F55 UNS S32760 Werkstoff 1.4501 est un acier inoxydable \u00e0 haute teneur en chrome (plus de 25 %) et biphasique Ni-Mo-N (structure mixte aust\u00e9nitique et ferritique) r\u00e9sistant \u00e0 la corrosion par piq\u00fbres et \u00e0 la corrosion sous contrainte. L&rsquo;ajout d&rsquo;azote conf\u00e8re \u00e0 cet [&hellip;]\" \/>\n<meta property=\"og:url\" content=\"https:\/\/mfinox.com\/fr\/materiaux\/super-duplex-a182-f55-uns-s32760-werkstoff-1-4501\/\" \/>\n<meta property=\"og:site_name\" content=\"M.F. INOX\" \/>\n<meta property=\"article:modified_time\" content=\"2024-09-06T10:33:37+00:00\" \/>\n<meta name=\"twitter:card\" content=\"summary_large_image\" \/>\n<meta name=\"twitter:label1\" content=\"Dur\u00e9e de lecture estim\u00e9e\" \/>\n\t<meta name=\"twitter:data1\" content=\"2 minutes\" \/>\n<script type=\"application\/ld+json\" class=\"yoast-schema-graph\">{\"@context\":\"https:\\\/\\\/schema.org\",\"@graph\":[{\"@type\":\"WebPage\",\"@id\":\"https:\\\/\\\/mfinox.com\\\/fr\\\/materiaux\\\/super-duplex-a182-f55-uns-s32760-werkstoff-1-4501\\\/\",\"url\":\"https:\\\/\\\/mfinox.com\\\/fr\\\/materiaux\\\/super-duplex-a182-f55-uns-s32760-werkstoff-1-4501\\\/\",\"name\":\"Super duplex A182 F55 UNS S32760 Werkstoff 1.4501 - M.F. INOX\",\"isPartOf\":{\"@id\":\"https:\\\/\\\/mfinox.com\\\/fr\\\/#website\"},\"datePublished\":\"2024-05-21T13:17:50+00:00\",\"dateModified\":\"2024-09-06T10:33:37+00:00\",\"breadcrumb\":{\"@id\":\"https:\\\/\\\/mfinox.com\\\/fr\\\/materiaux\\\/super-duplex-a182-f55-uns-s32760-werkstoff-1-4501\\\/#breadcrumb\"},\"inLanguage\":\"fr-FR\",\"potentialAction\":[{\"@type\":\"ReadAction\",\"target\":[\"https:\\\/\\\/mfinox.com\\\/fr\\\/materiaux\\\/super-duplex-a182-f55-uns-s32760-werkstoff-1-4501\\\/\"]}]},{\"@type\":\"BreadcrumbList\",\"@id\":\"https:\\\/\\\/mfinox.com\\\/fr\\\/materiaux\\\/super-duplex-a182-f55-uns-s32760-werkstoff-1-4501\\\/#breadcrumb\",\"itemListElement\":[{\"@type\":\"ListItem\",\"position\":1,\"name\":\"Home\",\"item\":\"https:\\\/\\\/mfinox.com\\\/fr\\\/\"},{\"@type\":\"ListItem\",\"position\":2,\"name\":\"Mat\u00e9riaux\",\"item\":\"https:\\\/\\\/mfinox.com\\\/fr\\\/materiaux\\\/\"},{\"@type\":\"ListItem\",\"position\":3,\"name\":\"Super duplex A182 F55 UNS S32760 Werkstoff 1.4501\"}]},{\"@type\":\"WebSite\",\"@id\":\"https:\\\/\\\/mfinox.com\\\/fr\\\/#website\",\"url\":\"https:\\\/\\\/mfinox.com\\\/fr\\\/\",\"name\":\"M.F. INOX\",\"description\":\"\",\"publisher\":{\"@id\":\"https:\\\/\\\/mfinox.com\\\/fr\\\/#organization\"},\"potentialAction\":[{\"@type\":\"SearchAction\",\"target\":{\"@type\":\"EntryPoint\",\"urlTemplate\":\"https:\\\/\\\/mfinox.com\\\/fr\\\/?s={search_term_string}\"},\"query-input\":{\"@type\":\"PropertyValueSpecification\",\"valueRequired\":true,\"valueName\":\"search_term_string\"}}],\"inLanguage\":\"fr-FR\"},{\"@type\":\"Organization\",\"@id\":\"https:\\\/\\\/mfinox.com\\\/fr\\\/#organization\",\"name\":\"M.F. INOX\",\"url\":\"https:\\\/\\\/mfinox.com\\\/fr\\\/\",\"logo\":{\"@type\":\"ImageObject\",\"inLanguage\":\"fr-FR\",\"@id\":\"https:\\\/\\\/mfinox.com\\\/fr\\\/#\\\/schema\\\/logo\\\/image\\\/\",\"url\":\"https:\\\/\\\/mfinox.com\\\/wp-content\\\/uploads\\\/2024\\\/05\\\/mf-inox_logo_neg.png\",\"contentUrl\":\"https:\\\/\\\/mfinox.com\\\/wp-content\\\/uploads\\\/2024\\\/05\\\/mf-inox_logo_neg.png\",\"width\":1949,\"height\":662,\"caption\":\"M.F. INOX\"},\"image\":{\"@id\":\"https:\\\/\\\/mfinox.com\\\/fr\\\/#\\\/schema\\\/logo\\\/image\\\/\"}}]}<\/script>\n<!-- \/ Yoast SEO plugin. -->","yoast_head_json":{"title":"Super duplex A182 F55 UNS S32760 Werkstoff 1.4501 - M.F. INOX","robots":{"index":"index","follow":"follow","max-snippet":"max-snippet:-1","max-image-preview":"max-image-preview:large","max-video-preview":"max-video-preview:-1"},"canonical":"https:\/\/mfinox.com\/fr\/materiaux\/super-duplex-a182-f55-uns-s32760-werkstoff-1-4501\/","og_locale":"fr_FR","og_type":"article","og_title":"Super duplex A182 F55 UNS S32760 Werkstoff 1.4501 - M.F. INOX","og_description":"Super duplex A182 F55 UNS S32760 Werkstoff 1.4501 L&rsquo;acier super duplex A182 F55 UNS S32760 Werkstoff 1.4501 est un acier inoxydable \u00e0 haute teneur en chrome (plus de 25 %) et biphasique Ni-Mo-N (structure mixte aust\u00e9nitique et ferritique) r\u00e9sistant \u00e0 la corrosion par piq\u00fbres et \u00e0 la corrosion sous contrainte. L&rsquo;ajout d&rsquo;azote conf\u00e8re \u00e0 cet [&hellip;]","og_url":"https:\/\/mfinox.com\/fr\/materiaux\/super-duplex-a182-f55-uns-s32760-werkstoff-1-4501\/","og_site_name":"M.F. INOX","article_modified_time":"2024-09-06T10:33:37+00:00","twitter_card":"summary_large_image","twitter_misc":{"Dur\u00e9e de lecture estim\u00e9e":"2 minutes"},"schema":{"@context":"https:\/\/schema.org","@graph":[{"@type":"WebPage","@id":"https:\/\/mfinox.com\/fr\/materiaux\/super-duplex-a182-f55-uns-s32760-werkstoff-1-4501\/","url":"https:\/\/mfinox.com\/fr\/materiaux\/super-duplex-a182-f55-uns-s32760-werkstoff-1-4501\/","name":"Super duplex A182 F55 UNS S32760 Werkstoff 1.4501 - M.F. INOX","isPartOf":{"@id":"https:\/\/mfinox.com\/fr\/#website"},"datePublished":"2024-05-21T13:17:50+00:00","dateModified":"2024-09-06T10:33:37+00:00","breadcrumb":{"@id":"https:\/\/mfinox.com\/fr\/materiaux\/super-duplex-a182-f55-uns-s32760-werkstoff-1-4501\/#breadcrumb"},"inLanguage":"fr-FR","potentialAction":[{"@type":"ReadAction","target":["https:\/\/mfinox.com\/fr\/materiaux\/super-duplex-a182-f55-uns-s32760-werkstoff-1-4501\/"]}]},{"@type":"BreadcrumbList","@id":"https:\/\/mfinox.com\/fr\/materiaux\/super-duplex-a182-f55-uns-s32760-werkstoff-1-4501\/#breadcrumb","itemListElement":[{"@type":"ListItem","position":1,"name":"Home","item":"https:\/\/mfinox.com\/fr\/"},{"@type":"ListItem","position":2,"name":"Mat\u00e9riaux","item":"https:\/\/mfinox.com\/fr\/materiaux\/"},{"@type":"ListItem","position":3,"name":"Super duplex A182 F55 UNS S32760 Werkstoff 1.4501"}]},{"@type":"WebSite","@id":"https:\/\/mfinox.com\/fr\/#website","url":"https:\/\/mfinox.com\/fr\/","name":"M.F. INOX","description":"","publisher":{"@id":"https:\/\/mfinox.com\/fr\/#organization"},"potentialAction":[{"@type":"SearchAction","target":{"@type":"EntryPoint","urlTemplate":"https:\/\/mfinox.com\/fr\/?s={search_term_string}"},"query-input":{"@type":"PropertyValueSpecification","valueRequired":true,"valueName":"search_term_string"}}],"inLanguage":"fr-FR"},{"@type":"Organization","@id":"https:\/\/mfinox.com\/fr\/#organization","name":"M.F. INOX","url":"https:\/\/mfinox.com\/fr\/","logo":{"@type":"ImageObject","inLanguage":"fr-FR","@id":"https:\/\/mfinox.com\/fr\/#\/schema\/logo\/image\/","url":"https:\/\/mfinox.com\/wp-content\/uploads\/2024\/05\/mf-inox_logo_neg.png","contentUrl":"https:\/\/mfinox.com\/wp-content\/uploads\/2024\/05\/mf-inox_logo_neg.png","width":1949,"height":662,"caption":"M.F. INOX"},"image":{"@id":"https:\/\/mfinox.com\/fr\/#\/schema\/logo\/image\/"}}]}},"_links":{"self":[{"href":"https:\/\/mfinox.com\/fr\/wp-json\/wp\/v2\/pages\/6069","targetHints":{"allow":["GET"]}}],"collection":[{"href":"https:\/\/mfinox.com\/fr\/wp-json\/wp\/v2\/pages"}],"about":[{"href":"https:\/\/mfinox.com\/fr\/wp-json\/wp\/v2\/types\/page"}],"author":[{"embeddable":true,"href":"https:\/\/mfinox.com\/fr\/wp-json\/wp\/v2\/users\/1"}],"replies":[{"embeddable":true,"href":"https:\/\/mfinox.com\/fr\/wp-json\/wp\/v2\/comments?post=6069"}],"version-history":[{"count":0,"href":"https:\/\/mfinox.com\/fr\/wp-json\/wp\/v2\/pages\/6069\/revisions"}],"up":[{"embeddable":true,"href":"https:\/\/mfinox.com\/fr\/wp-json\/wp\/v2\/pages\/4505"}],"wp:attachment":[{"href":"https:\/\/mfinox.com\/fr\/wp-json\/wp\/v2\/media?parent=6069"}],"curies":[{"name":"wp","href":"https:\/\/api.w.org\/{rel}","templated":true}]}}