{"id":6067,"date":"2024-05-21T15:39:48","date_gmt":"2024-05-21T15:39:48","guid":{"rendered":"https:\/\/mfinox.com\/materiaux\/alliage-de-nickel-hastelloy-c-276-uns-n010286-alloy-276-werkstoff-2-4819\/"},"modified":"2024-09-06T10:32:29","modified_gmt":"2024-09-06T10:32:29","slug":"alliage-de-nickel-hastelloy-c-276-uns-n010286-alloy-276-werkstoff-2-4819","status":"publish","type":"page","link":"https:\/\/mfinox.com\/fr\/materiaux\/alliage-de-nickel-hastelloy-c-276-uns-n010286-alloy-276-werkstoff-2-4819\/","title":{"rendered":"Alliage de nickel HASTELLOY\u00ae C-276 UNS N010286 ALLOY 276 werkstoff 2.4819"},"content":{"rendered":"\t\t<div data-elementor-type=\"wp-page\" data-elementor-id=\"6067\" class=\"elementor elementor-6067 elementor-790\" data-elementor-post-type=\"page\">\n\t\t\t\t<div class=\"elementor-element elementor-element-d5fc56d e-flex e-con-boxed e-con e-parent\" data-id=\"d5fc56d\" data-element_type=\"container\" data-e-type=\"container\" data-settings=\"{&quot;background_background&quot;:&quot;classic&quot;}\">\n\t\t\t\t\t<div class=\"e-con-inner\">\n\t\t\t\t<div class=\"elementor-element elementor-element-7574d37 titolo-materiali elementor-invisible elementor-widget elementor-widget-heading\" data-id=\"7574d37\" data-element_type=\"widget\" data-e-type=\"widget\" data-settings=\"{&quot;_animation&quot;:&quot;fadeIn&quot;}\" data-widget_type=\"heading.default\">\n\t\t\t\t<div class=\"elementor-widget-container\">\n\t\t\t\t\t<h1 class=\"elementor-heading-title elementor-size-default\">HASTELLOY\u00ae C-276 UNS N010286 ALLOY 276 werkstoff 2.4819<\/h1>\t\t\t\t<\/div>\n\t\t\t\t<\/div>\n\t\t\t\t<div class=\"elementor-element elementor-element-2ac5597d elementor-invisible elementor-widget elementor-widget-shortcode\" data-id=\"2ac5597d\" data-element_type=\"widget\" data-e-type=\"widget\" data-settings=\"{&quot;_animation&quot;:&quot;fadeIn&quot;}\" data-widget_type=\"shortcode.default\">\n\t\t\t\t<div class=\"elementor-widget-container\">\n\t\t\t\t\t\t\t<div class=\"elementor-shortcode\"><nav aria-label=\"breadcrumb\"><div class=\"breadcrumb\"><span class=\"breadcrumb-item\"><a href=\"https:\/\/mfinox.com\/fr\/\" style=\"color: #F3912E;\">Home<\/a><\/span><\/div><\/nav><\/div>\n\t\t\t\t\t\t<\/div>\n\t\t\t\t<\/div>\n\t\t\t\t\t<\/div>\n\t\t\t\t<\/div>\n\t\t<div class=\"elementor-element elementor-element-120dd397 e-flex e-con-boxed elementor-invisible e-con e-parent\" data-id=\"120dd397\" data-element_type=\"container\" data-e-type=\"container\" data-settings=\"{&quot;animation&quot;:&quot;fadeInUp&quot;}\">\n\t\t\t\t\t<div class=\"e-con-inner\">\n\t\t\t\t<div class=\"elementor-element elementor-element-5972f8ed elementor-widget elementor-widget-text-editor\" data-id=\"5972f8ed\" data-element_type=\"widget\" data-e-type=\"widget\" data-widget_type=\"text-editor.default\">\n\t\t\t\t<div class=\"elementor-widget-container\">\n\t\t\t\t\t\t\t\t\tL&rsquo;alliage HASTELLOY\u00ae C-276 UNS N010286 ALLOY 276 werkstoff 2.4819 est un alliage nickel-molybd\u00e8ne-chrome extr\u00eamement polyvalent qui combine une excellente r\u00e9sistance \u00e0 la corrosion avec une bonne stabilit\u00e9 thermique conf\u00e9r\u00e9e par une faible propension \u00e0 la pr\u00e9cipitation aux joints de grains.\nCette caract\u00e9ristique le rend appropri\u00e9 pour une large gamme d&rsquo;applications dans le domaine des usines chimiques o\u00f9 il est n\u00e9cessaire d&rsquo;avoir des constructions soud\u00e9es.\nSi ce besoin n&rsquo;est pas satisfait, l&rsquo;Hastelloy C-22 est la solution id\u00e9ale car il pr\u00e9sente une stabilit\u00e9 thermique sup\u00e9rieure.\nLa pr\u00e9sence d&rsquo;une bonne quantit\u00e9 de chrome et de molybd\u00e8ne conf\u00e8re \u00e0 l&rsquo;Hastelloy\u00ae C-276 une excellente r\u00e9sistance aux agents oxydants et r\u00e9ducteurs ; toutefois, la teneur \u00e9lev\u00e9e en molybd\u00e8ne le rend plus adapt\u00e9 aux environnements o\u00f9 l&rsquo;attaque r\u00e9ductrice est pr\u00e9sente.\nLe molybd\u00e8ne offre \u00e9galement un excellent comportement en cas de corrosion localis\u00e9e telle que la corrosion par piq\u00fbres ou \u00ab\u00a0corrosion caverneuse\u00a0\u00bb et la \u00ab\u00a0corrosion fissurante sous contrainte\u00a0\u00bb.\nL&rsquo;alliage Hastelloy\u00ae C-276 pr\u00e9sente \u00e9galement une bonne r\u00e9sistance aux gaz des usines de d\u00e9sulfuration.\nL&rsquo;alliage HASTELLOY\u00ae C-276 UNS N010286 ALLOY 276 werkstoff 2.4819 est utilis\u00e9 pour les composants des usines chimiques, les \u00e9quipements de contr\u00f4le de la pollution et les usines p\u00e9troli\u00e8res et gazi\u00e8res.        <h2><b>COMPOSITION CHIMIQUE HASTELLOY\u00ae C-276 UNS N010286<\/b><\/h2>\n<table class=\"responsive-table\">\n<thead>\n<tr>\n<th>\u00c9l\u00e9ment<\/th><th>Min<\/th><th>Max<\/th>\n<\/tr>\n<\/thead>\n<tbody>\n<tr>\n<td data-label=\"Elemento\">Ni<\/td><td data-label=\"Min\">55<\/td><td data-label=\"Max\">&#8212;<\/td>\n<\/tr>\n<tr>\n<td data-label=\"Elemento\">Cr<\/td><td data-label=\"Min\">14.5<\/td><td data-label=\"Max\">16.5<\/td>\n<\/tr>\n<tr>\n<td data-label=\"Elemento\">Fe<\/td><td data-label=\"Min\">4<\/td><td data-label=\"Max\">7<\/td>\n<\/tr>\n<tr>\n<td data-label=\"Elemento\">Mo<\/td><td data-label=\"Min\">15<\/td><td data-label=\"Max\">17<\/td>\n<\/tr>\n<tr>\n<td data-label=\"Elemento\">W<\/td><td data-label=\"Min\">3<\/td><td data-label=\"Max\">4.5<\/td>\n<\/tr>\n<tr>\n<td data-label=\"Elemento\">C<\/td><td data-label=\"Min\">&#8212;<\/td><td data-label=\"Max\">0.01<\/td>\n<\/tr>\n<tr>\n<td data-label=\"Elemento\">Mn<\/td><td data-label=\"Min\">&#8212;<\/td><td data-label=\"Max\">1<\/td>\n<\/tr>\n<tr>\n<td data-label=\"Elemento\">S<\/td><td data-label=\"Min\">&#8212;<\/td><td data-label=\"Max\">0.03<\/td>\n<\/tr>\n<tr>\n<td data-label=\"Elemento\">Oui<\/td><td data-label=\"Min\">&#8212;<\/td><td data-label=\"Max\">0.08<\/td>\n<\/tr>\n<tr>\n<td data-label=\"Elemento\">P<\/td><td data-label=\"Min\">&#8212;<\/td><td data-label=\"Max\">0.04<\/td>\n<\/tr>\n<tr>\n<td data-label=\"Elemento\">V<\/td><td data-label=\"Min\">&#8212;<\/td><td data-label=\"Max\">0.35<\/td>\n<\/tr>\n<\/tbody>\n<\/table>\n<h2><b>PROPRI\u00c9T\u00c9S M\u00c9CANIQUES HASTELLOY\u00ae C-276 UNS N010286 ALLOY 276 werkstoff 2.4819<\/b><\/h2>\n<table class=\"responsive-table\">\n<thead>\n<tr>\n<th>Mat\u00e9riau<\/th>\n<th>Ligue<\/th>\n<th>Rm min (MPa)<\/th>\n<th>Rp 0,2 min (MPa)<\/th>\n<th>A% min<\/th>\n<th>Duret\u00e9 maximale (HRC)<\/th>\n<\/tr>\n<\/thead>\n<tbody>\n<tr>\n<td data-label=\"Materiale\">HASTELLOY\u00ae C-276 UNS N010286 ALLIAGE 276<\/td>\n<td data-label=\"Lega\">2.4819<\/td>\n<td data-label=\"Rm min (MPa)\">690<\/td>\n<td data-label=\"Rp 0.2 min (MPa)\">282<\/td>\n<td data-label=\"A% min\">40<\/td>\n<td data-label=\"Durezza max (HRC)\">35<\/td>\n<\/tr>\n<\/tbody>\n<\/table>\n<h2><b>PROPRI\u00c9T\u00c9S PHYSIQUES HASTELLOY\u00ae C-276 UNS N010286 ALLOY 276 werkstoff 2.4819<\/b><\/h2>\n<ul>\n \t<li><strong>Poids sp\u00e9cifique<\/strong>: \u00e0 20\u00b0C 8,89 Kg\/dm\u00b3<\/li>\n \t<li><strong>Module d&rsquo;\u00e9lasticit\u00e9<\/strong>: \u00e0 20\u00b0C 205 500 N\/mm\u00b2.<\/li>\n \t<li><strong>Coefficient de dilatation<\/strong>: \u00e0 20\u00b0C 12,4 \u03bcm\/m \u00b0C<\/li>\n \t<li><strong>Module de rigidit\u00e9<\/strong>: 78,6 kN\/mm\u00b2.<\/li>\n<\/ul>\n&nbsp;\n<h2><b>CORRESPONDANCE ET SP\u00c9CIFICATIONS HASTELLOY\u00ae C-276 UNS N010286 ALLOY 276 werkstoff 2.4819<\/b><\/h2>\n<ul>\n \t<li>W : 2.4819<\/li>\n \t<li>ASTM : B574<\/li>\n \t<li>UNS : N010276<\/li>\n \t<li>ASME : SB574, SB564<\/li>\n \t<li>DIN 17774 : NiMo16Cr15W<\/li>\n \t<li>ISO : 15156-3<\/li>\n \t<li>ASTM : G48<\/li>\n<\/ul>\n\t\t<div data-elementor-type=\"section\" data-elementor-id=\"2152\" class=\"elementor elementor-2152\" data-elementor-post-type=\"elementor_library\">\n\t\t\t<div class=\"elementor-element elementor-element-1a5312d e-flex e-con-boxed e-con e-parent\" data-id=\"1a5312d\" data-element_type=\"container\" data-e-type=\"container\">\n\t\t\t\t\t<div class=\"e-con-inner\">\n\t\t\t\t<div class=\"elementor-element elementor-element-703a4b7 elementor-widget elementor-widget-spacer\" data-id=\"703a4b7\" data-element_type=\"widget\" data-e-type=\"widget\" data-widget_type=\"spacer.default\">\n\t\t\t\t<div class=\"elementor-widget-container\">\n\t\t\t\t\t\t\t<div class=\"elementor-spacer\">\n\t\t\t<div class=\"elementor-spacer-inner\"><\/div>\n\t\t<\/div>\n\t\t\t\t\t\t<\/div>\n\t\t\t\t<\/div>\n\t\t\t\t\t<\/div>\n\t\t\t\t<\/div>\n\t\t\t\t<\/div>\n\t\t\t\t\t\t\t\t\t\t<\/div>\n\t\t\t\t<\/div>\n\t\t\t\t\t<\/div>\n\t\t\t\t<\/div>\n\t\t\t\t<\/div>\n\t\t","protected":false},"excerpt":{"rendered":"<p>HASTELLOY\u00ae C-276 UNS N010286 ALLOY 276 werkstoff 2.4819 L&rsquo;alliage HASTELLOY\u00ae C-276 UNS N010286 ALLOY 276 werkstoff 2.4819 est un alliage nickel-molybd\u00e8ne-chrome extr\u00eamement polyvalent qui combine une excellente r\u00e9sistance \u00e0 la corrosion avec une bonne stabilit\u00e9 thermique conf\u00e9r\u00e9e par une faible propension \u00e0 la pr\u00e9cipitation aux joints de grains. Cette caract\u00e9ristique le rend appropri\u00e9 pour une [&hellip;]<\/p>\n","protected":false},"author":1,"featured_media":0,"parent":4505,"menu_order":0,"comment_status":"closed","ping_status":"closed","template":"","meta":{"footnotes":""},"class_list":["post-6067","page","type-page","status-publish","hentry"],"yoast_head":"<!-- This site is optimized with the Yoast SEO plugin v27.6 - https:\/\/yoast.com\/product\/yoast-seo-wordpress\/ -->\n<title>Alliage de nickel HASTELLOY\u00ae C-276 UNS N010286 ALLOY 276 werkstoff 2.4819 - M.F. INOX<\/title>\n<meta name=\"robots\" content=\"index, follow, max-snippet:-1, max-image-preview:large, max-video-preview:-1\" \/>\n<link rel=\"canonical\" href=\"https:\/\/mfinox.com\/fr\/materiaux\/alliage-de-nickel-hastelloy-c-276-uns-n010286-alloy-276-werkstoff-2-4819\/\" \/>\n<meta property=\"og:locale\" content=\"fr_FR\" \/>\n<meta property=\"og:type\" content=\"article\" \/>\n<meta property=\"og:title\" content=\"Alliage de nickel HASTELLOY\u00ae C-276 UNS N010286 ALLOY 276 werkstoff 2.4819 - M.F. INOX\" \/>\n<meta property=\"og:description\" content=\"HASTELLOY\u00ae C-276 UNS N010286 ALLOY 276 werkstoff 2.4819 L&rsquo;alliage HASTELLOY\u00ae C-276 UNS N010286 ALLOY 276 werkstoff 2.4819 est un alliage nickel-molybd\u00e8ne-chrome extr\u00eamement polyvalent qui combine une excellente r\u00e9sistance \u00e0 la corrosion avec une bonne stabilit\u00e9 thermique conf\u00e9r\u00e9e par une faible propension \u00e0 la pr\u00e9cipitation aux joints de grains. Cette caract\u00e9ristique le rend appropri\u00e9 pour une [&hellip;]\" \/>\n<meta property=\"og:url\" content=\"https:\/\/mfinox.com\/fr\/materiaux\/alliage-de-nickel-hastelloy-c-276-uns-n010286-alloy-276-werkstoff-2-4819\/\" \/>\n<meta property=\"og:site_name\" content=\"M.F. INOX\" \/>\n<meta property=\"article:modified_time\" content=\"2024-09-06T10:32:29+00:00\" \/>\n<meta name=\"twitter:card\" content=\"summary_large_image\" \/>\n<meta name=\"twitter:label1\" content=\"Dur\u00e9e de lecture estim\u00e9e\" \/>\n\t<meta name=\"twitter:data1\" content=\"2 minutes\" \/>\n<script type=\"application\/ld+json\" class=\"yoast-schema-graph\">{\"@context\":\"https:\\\/\\\/schema.org\",\"@graph\":[{\"@type\":\"WebPage\",\"@id\":\"https:\\\/\\\/mfinox.com\\\/fr\\\/materiaux\\\/alliage-de-nickel-hastelloy-c-276-uns-n010286-alloy-276-werkstoff-2-4819\\\/\",\"url\":\"https:\\\/\\\/mfinox.com\\\/fr\\\/materiaux\\\/alliage-de-nickel-hastelloy-c-276-uns-n010286-alloy-276-werkstoff-2-4819\\\/\",\"name\":\"Alliage de nickel HASTELLOY\u00ae C-276 UNS N010286 ALLOY 276 werkstoff 2.4819 - M.F. INOX\",\"isPartOf\":{\"@id\":\"https:\\\/\\\/mfinox.com\\\/fr\\\/#website\"},\"datePublished\":\"2024-05-21T15:39:48+00:00\",\"dateModified\":\"2024-09-06T10:32:29+00:00\",\"breadcrumb\":{\"@id\":\"https:\\\/\\\/mfinox.com\\\/fr\\\/materiaux\\\/alliage-de-nickel-hastelloy-c-276-uns-n010286-alloy-276-werkstoff-2-4819\\\/#breadcrumb\"},\"inLanguage\":\"fr-FR\",\"potentialAction\":[{\"@type\":\"ReadAction\",\"target\":[\"https:\\\/\\\/mfinox.com\\\/fr\\\/materiaux\\\/alliage-de-nickel-hastelloy-c-276-uns-n010286-alloy-276-werkstoff-2-4819\\\/\"]}]},{\"@type\":\"BreadcrumbList\",\"@id\":\"https:\\\/\\\/mfinox.com\\\/fr\\\/materiaux\\\/alliage-de-nickel-hastelloy-c-276-uns-n010286-alloy-276-werkstoff-2-4819\\\/#breadcrumb\",\"itemListElement\":[{\"@type\":\"ListItem\",\"position\":1,\"name\":\"Home\",\"item\":\"https:\\\/\\\/mfinox.com\\\/fr\\\/\"},{\"@type\":\"ListItem\",\"position\":2,\"name\":\"Mat\u00e9riaux\",\"item\":\"https:\\\/\\\/mfinox.com\\\/fr\\\/materiaux\\\/\"},{\"@type\":\"ListItem\",\"position\":3,\"name\":\"Alliage de nickel HASTELLOY\u00ae C-276 UNS N010286 ALLOY 276 werkstoff 2.4819\"}]},{\"@type\":\"WebSite\",\"@id\":\"https:\\\/\\\/mfinox.com\\\/fr\\\/#website\",\"url\":\"https:\\\/\\\/mfinox.com\\\/fr\\\/\",\"name\":\"M.F. INOX\",\"description\":\"\",\"publisher\":{\"@id\":\"https:\\\/\\\/mfinox.com\\\/fr\\\/#organization\"},\"potentialAction\":[{\"@type\":\"SearchAction\",\"target\":{\"@type\":\"EntryPoint\",\"urlTemplate\":\"https:\\\/\\\/mfinox.com\\\/fr\\\/?s={search_term_string}\"},\"query-input\":{\"@type\":\"PropertyValueSpecification\",\"valueRequired\":true,\"valueName\":\"search_term_string\"}}],\"inLanguage\":\"fr-FR\"},{\"@type\":\"Organization\",\"@id\":\"https:\\\/\\\/mfinox.com\\\/fr\\\/#organization\",\"name\":\"M.F. INOX\",\"url\":\"https:\\\/\\\/mfinox.com\\\/fr\\\/\",\"logo\":{\"@type\":\"ImageObject\",\"inLanguage\":\"fr-FR\",\"@id\":\"https:\\\/\\\/mfinox.com\\\/fr\\\/#\\\/schema\\\/logo\\\/image\\\/\",\"url\":\"https:\\\/\\\/mfinox.com\\\/wp-content\\\/uploads\\\/2024\\\/05\\\/mf-inox_logo_neg.png\",\"contentUrl\":\"https:\\\/\\\/mfinox.com\\\/wp-content\\\/uploads\\\/2024\\\/05\\\/mf-inox_logo_neg.png\",\"width\":1949,\"height\":662,\"caption\":\"M.F. INOX\"},\"image\":{\"@id\":\"https:\\\/\\\/mfinox.com\\\/fr\\\/#\\\/schema\\\/logo\\\/image\\\/\"}}]}<\/script>\n<!-- \/ Yoast SEO plugin. -->","yoast_head_json":{"title":"Alliage de nickel HASTELLOY\u00ae C-276 UNS N010286 ALLOY 276 werkstoff 2.4819 - M.F. INOX","robots":{"index":"index","follow":"follow","max-snippet":"max-snippet:-1","max-image-preview":"max-image-preview:large","max-video-preview":"max-video-preview:-1"},"canonical":"https:\/\/mfinox.com\/fr\/materiaux\/alliage-de-nickel-hastelloy-c-276-uns-n010286-alloy-276-werkstoff-2-4819\/","og_locale":"fr_FR","og_type":"article","og_title":"Alliage de nickel HASTELLOY\u00ae C-276 UNS N010286 ALLOY 276 werkstoff 2.4819 - M.F. INOX","og_description":"HASTELLOY\u00ae C-276 UNS N010286 ALLOY 276 werkstoff 2.4819 L&rsquo;alliage HASTELLOY\u00ae C-276 UNS N010286 ALLOY 276 werkstoff 2.4819 est un alliage nickel-molybd\u00e8ne-chrome extr\u00eamement polyvalent qui combine une excellente r\u00e9sistance \u00e0 la corrosion avec une bonne stabilit\u00e9 thermique conf\u00e9r\u00e9e par une faible propension \u00e0 la pr\u00e9cipitation aux joints de grains. Cette caract\u00e9ristique le rend appropri\u00e9 pour une [&hellip;]","og_url":"https:\/\/mfinox.com\/fr\/materiaux\/alliage-de-nickel-hastelloy-c-276-uns-n010286-alloy-276-werkstoff-2-4819\/","og_site_name":"M.F. INOX","article_modified_time":"2024-09-06T10:32:29+00:00","twitter_card":"summary_large_image","twitter_misc":{"Dur\u00e9e de lecture estim\u00e9e":"2 minutes"},"schema":{"@context":"https:\/\/schema.org","@graph":[{"@type":"WebPage","@id":"https:\/\/mfinox.com\/fr\/materiaux\/alliage-de-nickel-hastelloy-c-276-uns-n010286-alloy-276-werkstoff-2-4819\/","url":"https:\/\/mfinox.com\/fr\/materiaux\/alliage-de-nickel-hastelloy-c-276-uns-n010286-alloy-276-werkstoff-2-4819\/","name":"Alliage de nickel HASTELLOY\u00ae C-276 UNS N010286 ALLOY 276 werkstoff 2.4819 - M.F. INOX","isPartOf":{"@id":"https:\/\/mfinox.com\/fr\/#website"},"datePublished":"2024-05-21T15:39:48+00:00","dateModified":"2024-09-06T10:32:29+00:00","breadcrumb":{"@id":"https:\/\/mfinox.com\/fr\/materiaux\/alliage-de-nickel-hastelloy-c-276-uns-n010286-alloy-276-werkstoff-2-4819\/#breadcrumb"},"inLanguage":"fr-FR","potentialAction":[{"@type":"ReadAction","target":["https:\/\/mfinox.com\/fr\/materiaux\/alliage-de-nickel-hastelloy-c-276-uns-n010286-alloy-276-werkstoff-2-4819\/"]}]},{"@type":"BreadcrumbList","@id":"https:\/\/mfinox.com\/fr\/materiaux\/alliage-de-nickel-hastelloy-c-276-uns-n010286-alloy-276-werkstoff-2-4819\/#breadcrumb","itemListElement":[{"@type":"ListItem","position":1,"name":"Home","item":"https:\/\/mfinox.com\/fr\/"},{"@type":"ListItem","position":2,"name":"Mat\u00e9riaux","item":"https:\/\/mfinox.com\/fr\/materiaux\/"},{"@type":"ListItem","position":3,"name":"Alliage de nickel HASTELLOY\u00ae C-276 UNS N010286 ALLOY 276 werkstoff 2.4819"}]},{"@type":"WebSite","@id":"https:\/\/mfinox.com\/fr\/#website","url":"https:\/\/mfinox.com\/fr\/","name":"M.F. INOX","description":"","publisher":{"@id":"https:\/\/mfinox.com\/fr\/#organization"},"potentialAction":[{"@type":"SearchAction","target":{"@type":"EntryPoint","urlTemplate":"https:\/\/mfinox.com\/fr\/?s={search_term_string}"},"query-input":{"@type":"PropertyValueSpecification","valueRequired":true,"valueName":"search_term_string"}}],"inLanguage":"fr-FR"},{"@type":"Organization","@id":"https:\/\/mfinox.com\/fr\/#organization","name":"M.F. INOX","url":"https:\/\/mfinox.com\/fr\/","logo":{"@type":"ImageObject","inLanguage":"fr-FR","@id":"https:\/\/mfinox.com\/fr\/#\/schema\/logo\/image\/","url":"https:\/\/mfinox.com\/wp-content\/uploads\/2024\/05\/mf-inox_logo_neg.png","contentUrl":"https:\/\/mfinox.com\/wp-content\/uploads\/2024\/05\/mf-inox_logo_neg.png","width":1949,"height":662,"caption":"M.F. INOX"},"image":{"@id":"https:\/\/mfinox.com\/fr\/#\/schema\/logo\/image\/"}}]}},"_links":{"self":[{"href":"https:\/\/mfinox.com\/fr\/wp-json\/wp\/v2\/pages\/6067","targetHints":{"allow":["GET"]}}],"collection":[{"href":"https:\/\/mfinox.com\/fr\/wp-json\/wp\/v2\/pages"}],"about":[{"href":"https:\/\/mfinox.com\/fr\/wp-json\/wp\/v2\/types\/page"}],"author":[{"embeddable":true,"href":"https:\/\/mfinox.com\/fr\/wp-json\/wp\/v2\/users\/1"}],"replies":[{"embeddable":true,"href":"https:\/\/mfinox.com\/fr\/wp-json\/wp\/v2\/comments?post=6067"}],"version-history":[{"count":0,"href":"https:\/\/mfinox.com\/fr\/wp-json\/wp\/v2\/pages\/6067\/revisions"}],"up":[{"embeddable":true,"href":"https:\/\/mfinox.com\/fr\/wp-json\/wp\/v2\/pages\/4505"}],"wp:attachment":[{"href":"https:\/\/mfinox.com\/fr\/wp-json\/wp\/v2\/media?parent=6067"}],"curies":[{"name":"wp","href":"https:\/\/api.w.org\/{rel}","templated":true}]}}