{"id":6065,"date":"2024-05-21T15:41:24","date_gmt":"2024-05-21T13:41:24","guid":{"rendered":"https:\/\/mfinox.com\/materiaux\/alliage-de-nickel-incoloy-825-uns-n08825-alloy-825-werkstoff-2-4858\/"},"modified":"2024-09-06T10:31:47","modified_gmt":"2024-09-06T10:31:47","slug":"alliage-de-nickel-incoloy-825-uns-n08825-alloy-825-werkstoff-2-4858","status":"publish","type":"page","link":"https:\/\/mfinox.com\/fr\/materiaux\/alliage-de-nickel-incoloy-825-uns-n08825-alloy-825-werkstoff-2-4858\/","title":{"rendered":"Alliage de nickel INCOLOY\u00ae 825 UNS N08825 ALLOY 825 werkstoff 2.4858"},"content":{"rendered":"\t\t<div data-elementor-type=\"wp-page\" data-elementor-id=\"6065\" class=\"elementor elementor-6065 elementor-793\" data-elementor-post-type=\"page\">\n\t\t\t\t<div class=\"elementor-element elementor-element-71e0088d e-flex e-con-boxed e-con e-parent\" data-id=\"71e0088d\" data-element_type=\"container\" data-e-type=\"container\" data-settings=\"{&quot;background_background&quot;:&quot;classic&quot;}\">\n\t\t\t\t\t<div class=\"e-con-inner\">\n\t\t\t\t<div class=\"elementor-element elementor-element-26d361d8 titolo-materiali elementor-invisible elementor-widget elementor-widget-heading\" data-id=\"26d361d8\" data-element_type=\"widget\" data-e-type=\"widget\" data-settings=\"{&quot;_animation&quot;:&quot;fadeIn&quot;}\" data-widget_type=\"heading.default\">\n\t\t\t\t<div class=\"elementor-widget-container\">\n\t\t\t\t\t<h1 class=\"elementor-heading-title elementor-size-default\">INCOLOY\u00ae 825 UNS N08825 ALLOY 825 werkstoff 2.4858<\/h1>\t\t\t\t<\/div>\n\t\t\t\t<\/div>\n\t\t\t\t<div class=\"elementor-element elementor-element-117e757e elementor-invisible elementor-widget elementor-widget-shortcode\" data-id=\"117e757e\" data-element_type=\"widget\" data-e-type=\"widget\" data-settings=\"{&quot;_animation&quot;:&quot;fadeIn&quot;}\" data-widget_type=\"shortcode.default\">\n\t\t\t\t<div class=\"elementor-widget-container\">\n\t\t\t\t\t\t\t<div class=\"elementor-shortcode\"><nav aria-label=\"breadcrumb\"><div class=\"breadcrumb\"><span class=\"breadcrumb-item\"><a href=\"https:\/\/mfinox.com\/fr\/\" style=\"color: #F3912E;\">Home<\/a><\/span><\/div><\/nav><\/div>\n\t\t\t\t\t\t<\/div>\n\t\t\t\t<\/div>\n\t\t\t\t\t<\/div>\n\t\t\t\t<\/div>\n\t\t<div class=\"elementor-element elementor-element-6e0bf599 e-flex e-con-boxed elementor-invisible e-con e-parent\" data-id=\"6e0bf599\" data-element_type=\"container\" data-e-type=\"container\" data-settings=\"{&quot;animation&quot;:&quot;fadeInUp&quot;}\">\n\t\t\t\t\t<div class=\"e-con-inner\">\n\t\t\t\t<div class=\"elementor-element elementor-element-508b59fd elementor-widget elementor-widget-text-editor\" data-id=\"508b59fd\" data-element_type=\"widget\" data-e-type=\"widget\" data-widget_type=\"text-editor.default\">\n\t\t\t\t<div class=\"elementor-widget-container\">\n\t\t\t\t\t\t\t\t\tINCOLOY\u00ae nickel alloy 825 UNS N08825 ALLOY 825 werkstoff 2.4858 est un alliage nickel-fer-chrome auquel ont \u00e9t\u00e9 ajout\u00e9s du molybd\u00e8ne et du cuivre.\nLa composition chimique de cet alliage de nickel est con\u00e7ue pour offrir une r\u00e9sistance exceptionnelle \u00e0 de nombreux environnements corrosifs.\nIl est similaire \u00e0 l&rsquo;alliage de type 800 mais pr\u00e9sente une r\u00e9sistance sup\u00e9rieure \u00e0 la corrosion dans l&rsquo;eau.\nIl pr\u00e9sente une excellente r\u00e9sistance aux oxydants acides, \u00e0 la fissuration par corrosion sous contrainte et aux attaques localis\u00e9es telles que la corrosion par piq\u00fbres et la corrosion par crevasses.\nL&rsquo;alliage de nickel INCOLOY\u00ae 825 UNS N08825 werkstoff 2.4858 est particuli\u00e8rement r\u00e9sistant aux acides sulfurique et phosphorique et est donc utilis\u00e9 pour la fabrication de composants d&rsquo;usines chimiques, d&rsquo;\u00e9quipements de contr\u00f4le de la pollution, d&rsquo;usines p\u00e9troli\u00e8res et gazi\u00e8res, d&rsquo;\u00e9quipements de retraitement du combustible nucl\u00e9aire et d&rsquo;\u00e9quipements de d\u00e9capage.      <b> <\/b>\n<h2>COMPOSITION CHIMIQUE INCOLOY\u00ae 825 UNS N08825 werkstoff 2.4858<\/h2>\n<table class=\"responsive-table\">\n<tbody>\n<tr>\n<th>\u00c9l\u00e9ment<\/th><th>Min<\/th><th>Max<\/th>\n<\/tr>\n<tr>\n<td>Ni<\/td><td>38<\/td><td>46<\/td>\n<\/tr>\n<tr>\n<td>Cr<\/td><td>19.5<\/td><td>23.5<\/td>\n<\/tr>\n<tr>\n<td>Fe<\/td><td>22<\/td><td>&#8212;<\/td>\n<\/tr>\n<tr>\n<td>Mo<\/td><td>2.5<\/td><td>3.5<\/td>\n<\/tr>\n<tr>\n<td>Cu<\/td><td>1.5<\/td><td>3<\/td>\n<\/tr>\n<tr>\n<td>Ti<\/td><td>0.6<\/td><td>1.2<\/td>\n<\/tr>\n<tr>\n<td>C<\/td><td>&#8212;<\/td><td>0.02<\/td>\n<\/tr>\n<tr>\n<td>Mn<\/td><td>&#8212;<\/td><td>1.0<\/td>\n<\/tr>\n<tr>\n<td>S<\/td><td>&#8212;<\/td><td>0.005<\/td>\n<\/tr>\n<tr>\n<td>Oui<\/td><td>&#8212;<\/td><td>0.5<\/td>\n<\/tr>\n<tr>\n<td>P<\/td><td>&#8212;<\/td><td>0.02<\/td>\n<\/tr>\n<tr>\n<td>Au<\/td><td>&#8212;<\/td><td>0.2<\/td>\n<\/tr>\n<\/tbody>\n<\/table>\n<h2>PROPRI\u00c9T\u00c9S M\u00c9CANIQUES INCOLOY\u00ae 825 UNS N08825 werkstoff 2.4858<\/h2>\n<table class=\"responsive-table\">\n<tbody>\n<tr>\n<th>Mat\u00e9riau<\/th>\n<th>Ligue<\/th>\n<th>Rm min (MPa)<\/th>\n<th>Rp 0,2 min (MPa)<\/th>\n<th>A% min<\/th>\n<th>Duret\u00e9 maximale (HBW)<\/th>\n<\/tr>\n<tr>\n<td>INCOLOY\u00ae 825 UNS N08825<\/td>\n<td>2.4858<\/td>\n<td>590<\/td>\n<td>241<\/td>\n<td>30<\/td>\n<td>210<\/td>\n<\/tr>\n<\/tbody>\n<\/table>\n<h2>PROPRI\u00c9T\u00c9S PHYSIQUES INCOLOY\u00ae 825 UNS N08825 werkstoff 2.4858<\/h2>\n<ul>\n \t<li>Poids sp\u00e9cifique \u00e0 20\u00b0C : 8,14 kg\/dm\u00b3.<\/li>\n \t<li>Module d&rsquo;\u00e9lasticit\u00e9 \u00e0 20\u00b0C : 196 000 N\/mm\u00b2.<\/li>\n<\/ul>\n<h2>CORRESPONDANCE ET SP\u00c9CIFICATIONS INCOLOY\u00ae 825 UNS N08825 werkstoff 2.4858<\/h2>\n<ul>\n \t<li>W : 2.4858<\/li>\n \t<li>ASTM : B423<\/li>\n \t<li>UNS : N08825<\/li>\n \t<li>ASME : SB 423, SB 425<\/li>\n \t<li>DIN 17744 : NiCr21Mo<\/li>\n \t<li>MARQUE : Nicrofer\u00ae 4221<\/li>\n \t<li>NACE MR0175<\/li>\n<\/ul>\t\t\t\t\t\t\t\t<\/div>\n\t\t\t\t<\/div>\n\t\t\t\t\t<\/div>\n\t\t\t\t<\/div>\n\t\t\t\t<\/div>\n\t\t","protected":false},"excerpt":{"rendered":"<p>INCOLOY\u00ae 825 UNS N08825 ALLOY 825 werkstoff 2.4858 INCOLOY\u00ae nickel alloy 825 UNS N08825 ALLOY 825 werkstoff 2.4858 est un alliage nickel-fer-chrome auquel ont \u00e9t\u00e9 ajout\u00e9s du molybd\u00e8ne et du cuivre. La composition chimique de cet alliage de nickel est con\u00e7ue pour offrir une r\u00e9sistance exceptionnelle \u00e0 de nombreux environnements corrosifs. Il est similaire \u00e0 [&hellip;]<\/p>\n","protected":false},"author":1,"featured_media":0,"parent":4505,"menu_order":0,"comment_status":"closed","ping_status":"closed","template":"","meta":{"footnotes":""},"class_list":["post-6065","page","type-page","status-publish","hentry"],"yoast_head":"<!-- This site is optimized with the Yoast SEO plugin v27.6 - https:\/\/yoast.com\/product\/yoast-seo-wordpress\/ -->\n<title>Alliage de nickel INCOLOY\u00ae 825 UNS N08825 ALLOY 825 werkstoff 2.4858 - M.F. INOX<\/title>\n<meta name=\"robots\" content=\"index, follow, max-snippet:-1, max-image-preview:large, max-video-preview:-1\" \/>\n<link rel=\"canonical\" href=\"https:\/\/mfinox.com\/fr\/materiaux\/alliage-de-nickel-incoloy-825-uns-n08825-alloy-825-werkstoff-2-4858\/\" \/>\n<meta property=\"og:locale\" content=\"fr_FR\" \/>\n<meta property=\"og:type\" content=\"article\" \/>\n<meta property=\"og:title\" content=\"Alliage de nickel INCOLOY\u00ae 825 UNS N08825 ALLOY 825 werkstoff 2.4858 - M.F. INOX\" \/>\n<meta property=\"og:description\" content=\"INCOLOY\u00ae 825 UNS N08825 ALLOY 825 werkstoff 2.4858 INCOLOY\u00ae nickel alloy 825 UNS N08825 ALLOY 825 werkstoff 2.4858 est un alliage nickel-fer-chrome auquel ont \u00e9t\u00e9 ajout\u00e9s du molybd\u00e8ne et du cuivre. La composition chimique de cet alliage de nickel est con\u00e7ue pour offrir une r\u00e9sistance exceptionnelle \u00e0 de nombreux environnements corrosifs. Il est similaire \u00e0 [&hellip;]\" \/>\n<meta property=\"og:url\" content=\"https:\/\/mfinox.com\/fr\/materiaux\/alliage-de-nickel-incoloy-825-uns-n08825-alloy-825-werkstoff-2-4858\/\" \/>\n<meta property=\"og:site_name\" content=\"M.F. INOX\" \/>\n<meta property=\"article:modified_time\" content=\"2024-09-06T10:31:47+00:00\" \/>\n<meta name=\"twitter:card\" content=\"summary_large_image\" \/>\n<meta name=\"twitter:label1\" content=\"Dur\u00e9e de lecture estim\u00e9e\" \/>\n\t<meta name=\"twitter:data1\" content=\"1 minute\" \/>\n<script type=\"application\/ld+json\" class=\"yoast-schema-graph\">{\"@context\":\"https:\\\/\\\/schema.org\",\"@graph\":[{\"@type\":\"WebPage\",\"@id\":\"https:\\\/\\\/mfinox.com\\\/fr\\\/materiaux\\\/alliage-de-nickel-incoloy-825-uns-n08825-alloy-825-werkstoff-2-4858\\\/\",\"url\":\"https:\\\/\\\/mfinox.com\\\/fr\\\/materiaux\\\/alliage-de-nickel-incoloy-825-uns-n08825-alloy-825-werkstoff-2-4858\\\/\",\"name\":\"Alliage de nickel INCOLOY\u00ae 825 UNS N08825 ALLOY 825 werkstoff 2.4858 - M.F. INOX\",\"isPartOf\":{\"@id\":\"https:\\\/\\\/mfinox.com\\\/fr\\\/#website\"},\"datePublished\":\"2024-05-21T13:41:24+00:00\",\"dateModified\":\"2024-09-06T10:31:47+00:00\",\"breadcrumb\":{\"@id\":\"https:\\\/\\\/mfinox.com\\\/fr\\\/materiaux\\\/alliage-de-nickel-incoloy-825-uns-n08825-alloy-825-werkstoff-2-4858\\\/#breadcrumb\"},\"inLanguage\":\"fr-FR\",\"potentialAction\":[{\"@type\":\"ReadAction\",\"target\":[\"https:\\\/\\\/mfinox.com\\\/fr\\\/materiaux\\\/alliage-de-nickel-incoloy-825-uns-n08825-alloy-825-werkstoff-2-4858\\\/\"]}]},{\"@type\":\"BreadcrumbList\",\"@id\":\"https:\\\/\\\/mfinox.com\\\/fr\\\/materiaux\\\/alliage-de-nickel-incoloy-825-uns-n08825-alloy-825-werkstoff-2-4858\\\/#breadcrumb\",\"itemListElement\":[{\"@type\":\"ListItem\",\"position\":1,\"name\":\"Home\",\"item\":\"https:\\\/\\\/mfinox.com\\\/fr\\\/\"},{\"@type\":\"ListItem\",\"position\":2,\"name\":\"Mat\u00e9riaux\",\"item\":\"https:\\\/\\\/mfinox.com\\\/fr\\\/materiaux\\\/\"},{\"@type\":\"ListItem\",\"position\":3,\"name\":\"Alliage de nickel INCOLOY\u00ae 825 UNS N08825 ALLOY 825 werkstoff 2.4858\"}]},{\"@type\":\"WebSite\",\"@id\":\"https:\\\/\\\/mfinox.com\\\/fr\\\/#website\",\"url\":\"https:\\\/\\\/mfinox.com\\\/fr\\\/\",\"name\":\"M.F. INOX\",\"description\":\"\",\"publisher\":{\"@id\":\"https:\\\/\\\/mfinox.com\\\/fr\\\/#organization\"},\"potentialAction\":[{\"@type\":\"SearchAction\",\"target\":{\"@type\":\"EntryPoint\",\"urlTemplate\":\"https:\\\/\\\/mfinox.com\\\/fr\\\/?s={search_term_string}\"},\"query-input\":{\"@type\":\"PropertyValueSpecification\",\"valueRequired\":true,\"valueName\":\"search_term_string\"}}],\"inLanguage\":\"fr-FR\"},{\"@type\":\"Organization\",\"@id\":\"https:\\\/\\\/mfinox.com\\\/fr\\\/#organization\",\"name\":\"M.F. INOX\",\"url\":\"https:\\\/\\\/mfinox.com\\\/fr\\\/\",\"logo\":{\"@type\":\"ImageObject\",\"inLanguage\":\"fr-FR\",\"@id\":\"https:\\\/\\\/mfinox.com\\\/fr\\\/#\\\/schema\\\/logo\\\/image\\\/\",\"url\":\"https:\\\/\\\/mfinox.com\\\/wp-content\\\/uploads\\\/2024\\\/05\\\/mf-inox_logo_neg.png\",\"contentUrl\":\"https:\\\/\\\/mfinox.com\\\/wp-content\\\/uploads\\\/2024\\\/05\\\/mf-inox_logo_neg.png\",\"width\":1949,\"height\":662,\"caption\":\"M.F. INOX\"},\"image\":{\"@id\":\"https:\\\/\\\/mfinox.com\\\/fr\\\/#\\\/schema\\\/logo\\\/image\\\/\"}}]}<\/script>\n<!-- \/ Yoast SEO plugin. -->","yoast_head_json":{"title":"Alliage de nickel INCOLOY\u00ae 825 UNS N08825 ALLOY 825 werkstoff 2.4858 - M.F. INOX","robots":{"index":"index","follow":"follow","max-snippet":"max-snippet:-1","max-image-preview":"max-image-preview:large","max-video-preview":"max-video-preview:-1"},"canonical":"https:\/\/mfinox.com\/fr\/materiaux\/alliage-de-nickel-incoloy-825-uns-n08825-alloy-825-werkstoff-2-4858\/","og_locale":"fr_FR","og_type":"article","og_title":"Alliage de nickel INCOLOY\u00ae 825 UNS N08825 ALLOY 825 werkstoff 2.4858 - M.F. INOX","og_description":"INCOLOY\u00ae 825 UNS N08825 ALLOY 825 werkstoff 2.4858 INCOLOY\u00ae nickel alloy 825 UNS N08825 ALLOY 825 werkstoff 2.4858 est un alliage nickel-fer-chrome auquel ont \u00e9t\u00e9 ajout\u00e9s du molybd\u00e8ne et du cuivre. La composition chimique de cet alliage de nickel est con\u00e7ue pour offrir une r\u00e9sistance exceptionnelle \u00e0 de nombreux environnements corrosifs. Il est similaire \u00e0 [&hellip;]","og_url":"https:\/\/mfinox.com\/fr\/materiaux\/alliage-de-nickel-incoloy-825-uns-n08825-alloy-825-werkstoff-2-4858\/","og_site_name":"M.F. INOX","article_modified_time":"2024-09-06T10:31:47+00:00","twitter_card":"summary_large_image","twitter_misc":{"Dur\u00e9e de lecture estim\u00e9e":"1 minute"},"schema":{"@context":"https:\/\/schema.org","@graph":[{"@type":"WebPage","@id":"https:\/\/mfinox.com\/fr\/materiaux\/alliage-de-nickel-incoloy-825-uns-n08825-alloy-825-werkstoff-2-4858\/","url":"https:\/\/mfinox.com\/fr\/materiaux\/alliage-de-nickel-incoloy-825-uns-n08825-alloy-825-werkstoff-2-4858\/","name":"Alliage de nickel INCOLOY\u00ae 825 UNS N08825 ALLOY 825 werkstoff 2.4858 - M.F. INOX","isPartOf":{"@id":"https:\/\/mfinox.com\/fr\/#website"},"datePublished":"2024-05-21T13:41:24+00:00","dateModified":"2024-09-06T10:31:47+00:00","breadcrumb":{"@id":"https:\/\/mfinox.com\/fr\/materiaux\/alliage-de-nickel-incoloy-825-uns-n08825-alloy-825-werkstoff-2-4858\/#breadcrumb"},"inLanguage":"fr-FR","potentialAction":[{"@type":"ReadAction","target":["https:\/\/mfinox.com\/fr\/materiaux\/alliage-de-nickel-incoloy-825-uns-n08825-alloy-825-werkstoff-2-4858\/"]}]},{"@type":"BreadcrumbList","@id":"https:\/\/mfinox.com\/fr\/materiaux\/alliage-de-nickel-incoloy-825-uns-n08825-alloy-825-werkstoff-2-4858\/#breadcrumb","itemListElement":[{"@type":"ListItem","position":1,"name":"Home","item":"https:\/\/mfinox.com\/fr\/"},{"@type":"ListItem","position":2,"name":"Mat\u00e9riaux","item":"https:\/\/mfinox.com\/fr\/materiaux\/"},{"@type":"ListItem","position":3,"name":"Alliage de nickel INCOLOY\u00ae 825 UNS N08825 ALLOY 825 werkstoff 2.4858"}]},{"@type":"WebSite","@id":"https:\/\/mfinox.com\/fr\/#website","url":"https:\/\/mfinox.com\/fr\/","name":"M.F. INOX","description":"","publisher":{"@id":"https:\/\/mfinox.com\/fr\/#organization"},"potentialAction":[{"@type":"SearchAction","target":{"@type":"EntryPoint","urlTemplate":"https:\/\/mfinox.com\/fr\/?s={search_term_string}"},"query-input":{"@type":"PropertyValueSpecification","valueRequired":true,"valueName":"search_term_string"}}],"inLanguage":"fr-FR"},{"@type":"Organization","@id":"https:\/\/mfinox.com\/fr\/#organization","name":"M.F. INOX","url":"https:\/\/mfinox.com\/fr\/","logo":{"@type":"ImageObject","inLanguage":"fr-FR","@id":"https:\/\/mfinox.com\/fr\/#\/schema\/logo\/image\/","url":"https:\/\/mfinox.com\/wp-content\/uploads\/2024\/05\/mf-inox_logo_neg.png","contentUrl":"https:\/\/mfinox.com\/wp-content\/uploads\/2024\/05\/mf-inox_logo_neg.png","width":1949,"height":662,"caption":"M.F. INOX"},"image":{"@id":"https:\/\/mfinox.com\/fr\/#\/schema\/logo\/image\/"}}]}},"_links":{"self":[{"href":"https:\/\/mfinox.com\/fr\/wp-json\/wp\/v2\/pages\/6065","targetHints":{"allow":["GET"]}}],"collection":[{"href":"https:\/\/mfinox.com\/fr\/wp-json\/wp\/v2\/pages"}],"about":[{"href":"https:\/\/mfinox.com\/fr\/wp-json\/wp\/v2\/types\/page"}],"author":[{"embeddable":true,"href":"https:\/\/mfinox.com\/fr\/wp-json\/wp\/v2\/users\/1"}],"replies":[{"embeddable":true,"href":"https:\/\/mfinox.com\/fr\/wp-json\/wp\/v2\/comments?post=6065"}],"version-history":[{"count":0,"href":"https:\/\/mfinox.com\/fr\/wp-json\/wp\/v2\/pages\/6065\/revisions"}],"up":[{"embeddable":true,"href":"https:\/\/mfinox.com\/fr\/wp-json\/wp\/v2\/pages\/4505"}],"wp:attachment":[{"href":"https:\/\/mfinox.com\/fr\/wp-json\/wp\/v2\/media?parent=6065"}],"curies":[{"name":"wp","href":"https:\/\/api.w.org\/{rel}","templated":true}]}}