{"id":6060,"date":"2024-05-21T15:48:10","date_gmt":"2024-05-21T13:48:10","guid":{"rendered":"https:\/\/mfinox.com\/materiaux\/alliage-de-nickel-inconel-718-uns-n07718-alloy-718-werkstoff-2-4668\/"},"modified":"2024-09-06T10:30:33","modified_gmt":"2024-09-06T10:30:33","slug":"alliage-de-nickel-inconel-718-uns-n07718-alloy-718-werkstoff-2-4668","status":"publish","type":"page","link":"https:\/\/mfinox.com\/fr\/materiaux\/alliage-de-nickel-inconel-718-uns-n07718-alloy-718-werkstoff-2-4668\/","title":{"rendered":"Alliage de nickel INCONEL\u00ae 718 UNS N07718 ALLOY 718 werkstoff 2.4668"},"content":{"rendered":"\t\t<div data-elementor-type=\"wp-page\" data-elementor-id=\"6060\" class=\"elementor elementor-6060 elementor-799\" data-elementor-post-type=\"page\">\n\t\t\t\t<div class=\"elementor-element elementor-element-3ac7d70e e-flex e-con-boxed e-con e-parent\" data-id=\"3ac7d70e\" data-element_type=\"container\" data-e-type=\"container\" data-settings=\"{&quot;background_background&quot;:&quot;classic&quot;}\">\n\t\t\t\t\t<div class=\"e-con-inner\">\n\t\t\t\t<div class=\"elementor-element elementor-element-6e726aa4 titolo-materiali elementor-invisible elementor-widget elementor-widget-heading\" data-id=\"6e726aa4\" data-element_type=\"widget\" data-e-type=\"widget\" data-settings=\"{&quot;_animation&quot;:&quot;fadeIn&quot;}\" data-widget_type=\"heading.default\">\n\t\t\t\t<div class=\"elementor-widget-container\">\n\t\t\t\t\t<h1 class=\"elementor-heading-title elementor-size-default\">INCONEL\u00ae 718 UNS N07718 ALLOY 718 werkstoff 2.4668<\/h1>\t\t\t\t<\/div>\n\t\t\t\t<\/div>\n\t\t\t\t<div class=\"elementor-element elementor-element-3ab0da60 elementor-invisible elementor-widget elementor-widget-shortcode\" data-id=\"3ab0da60\" data-element_type=\"widget\" data-e-type=\"widget\" data-settings=\"{&quot;_animation&quot;:&quot;fadeIn&quot;}\" data-widget_type=\"shortcode.default\">\n\t\t\t\t<div class=\"elementor-widget-container\">\n\t\t\t\t\t\t\t<div class=\"elementor-shortcode\"><nav aria-label=\"breadcrumb\"><div class=\"breadcrumb\"><span class=\"breadcrumb-item\"><a href=\"https:\/\/mfinox.com\/fr\/\" style=\"color: #F3912E;\">Home<\/a><\/span><\/div><\/nav><\/div>\n\t\t\t\t\t\t<\/div>\n\t\t\t\t<\/div>\n\t\t\t\t\t<\/div>\n\t\t\t\t<\/div>\n\t\t<div class=\"elementor-element elementor-element-746cffbe e-flex e-con-boxed elementor-invisible e-con e-parent\" data-id=\"746cffbe\" data-element_type=\"container\" data-e-type=\"container\" data-settings=\"{&quot;animation&quot;:&quot;fadeInUp&quot;}\">\n\t\t\t\t\t<div class=\"e-con-inner\">\n\t\t\t\t<div class=\"elementor-element elementor-element-4d6138ac elementor-widget elementor-widget-text-editor\" data-id=\"4d6138ac\" data-element_type=\"widget\" data-e-type=\"widget\" data-widget_type=\"text-editor.default\">\n\t\t\t\t<div class=\"elementor-widget-container\">\n\t\t\t\t\t\t\t\t\tL&rsquo;alliage de nickel INCONEL\u00ae 718 UNS N07718 ALLOY 718 werkstoff 2.4668 est un alliage durcissant par pr\u00e9cipitation \u00e0 base de nickel qui convient aux applications n\u00e9cessitant une r\u00e9sistance \u00e9lev\u00e9e \u00e0 la corrosion et une excellente r\u00e9sistance \u00e0 la traction, m\u00eame \u00e0 des temp\u00e9ratures \u00e9lev\u00e9es (jusqu&rsquo;\u00e0 704\u00b0C).\nIl poss\u00e8de de bonnes propri\u00e9t\u00e9s d&rsquo;usinage \u00e0 l&rsquo;\u00e9tat solubilis\u00e9 combin\u00e9es \u00e0 des propri\u00e9t\u00e9s m\u00e9caniques \u00e0 court et \u00e0 long terme et \u00e0 une r\u00e9sistance \u00e9lev\u00e9e \u00e0 la fatigue \u00e0 l&rsquo;\u00e9tat vieilli ; en outre, l&rsquo;alliage INCONEL\u00ae INCONEL\u00ae 718 UNS N07718 ALLOY 718 werkstoff 2.4668 pr\u00e9sente une tr\u00e8s bonne r\u00e9sistance au fluage jusqu&rsquo;\u00e0 700\u00b0C et \u00e0 l&rsquo;oxydation jusqu&rsquo;\u00e0 environ 1000\u00b0C.\nL&rsquo;alliage de nickel INCONEL\u00ae 718 UNS N07718 ALLOY 718 werkstoff 2.4668 poss\u00e8de d&rsquo;excellentes propri\u00e9t\u00e9s m\u00e9caniques \u00e0 basse temp\u00e9rature.\nL&rsquo;alliage de nickel INCONEL\u00ae 718 UNS N07718 ALLOY 718 werkstoff 2.4668 est utilis\u00e9 dans les pi\u00e8ces de moteurs d&rsquo;avion, les valves, les pompes, pour la fabrication d&rsquo;entretoises, de boulons et de fixations.     <h2>COMPOSITION CHIMIQUE INCONEL\u00ae 718 UNS N07718 ALLOY 718 werkstoff 2.4668<\/h2>\n<table class=\"responsive-table\">\n<tbody>\n<tr>\n<th>\u00c9l\u00e9ment<\/th><th>Min<\/th><th>Max<\/th>\n<\/tr>\n<tr>\n<td>Ni+Co<\/td><td>50.00<\/td><td>55.00<\/td>\n<\/tr>\n<tr>\n<td>Cr<\/td><td>17.00<\/td><td>21.00<\/td>\n<\/tr>\n<tr>\n<td>Cb+Ta<\/td><td>4.75<\/td><td>5.50<\/td>\n<\/tr>\n<tr>\n<td>Mo<\/td><td>2.80<\/td><td>3.30<\/td>\n<\/tr>\n<tr>\n<td>Ti<\/td><td>0.65<\/td><td>1.15<\/td>\n<\/tr>\n<tr>\n<td>A<\/td><td>0.20<\/td><td>0.80<\/td>\n<\/tr>\n<tr>\n<td>Co<\/td><td>&#8212;<\/td><td>1.00<\/td>\n<\/tr>\n<tr>\n<td>C<\/td><td>&#8212;<\/td><td>0.08<\/td>\n<\/tr>\n<tr>\n<td>Mn<\/td><td>&#8212;<\/td><td>0.35<\/td>\n<\/tr>\n<tr>\n<td>Oui<\/td><td>&#8212;<\/td><td>0.35<\/td>\n<\/tr>\n<tr>\n<td>P<\/td><td>&#8212;<\/td><td>0.015<\/td>\n<\/tr>\n<tr>\n<td>S<\/td><td>&#8212;<\/td><td>0.015<\/td>\n<\/tr>\n<tr>\n<td>B<\/td><td>&#8212;<\/td><td>0.006<\/td>\n<\/tr>\n<tr>\n<td>Cu<\/td><td>&#8212;<\/td><td>0.30<\/td>\n<\/tr>\n<tr>\n<td>Fe<\/td><td>&#8212;<\/td><td>Balance<\/td>\n<\/tr>\n<\/tbody>\n<\/table>\n<h2>PROPRI\u00c9T\u00c9S M\u00c9CANIQUES INCONEL\u00ae 718 UNS N07718 ALLOY 718 werkstoff 2.4668<\/h2>\n<table class=\"responsive-table\">\n<tbody>\n<tr>\n<th>Mat\u00e9riau<\/th>\n<th>Ligue<\/th>\n<th>Rm min (MPa)<\/th>\n<th>Rp 0,2 min (MPa)<\/th>\n<th>A% min<\/th>\n<th>Z% min<\/th>\n<th>Duret\u00e9<\/th>\n<\/tr>\n<tr>\n<td>INCONEL\u00ae 718 API 6A CR<\/td>\n<td>2.4668<\/td>\n<td>1034<\/td>\n<td>827<\/td>\n<td>20<\/td>\n<td>35<\/td>\n<td>32-40 HRC<\/td>\n<\/tr>\n<tr>\n<td>INCONEL\u00ae 718 AMS 5662<\/td>\n<td>2.4668<\/td>\n<td>1034 &#8211; 1275<\/td>\n<td>827 &#8211; 1034<\/td>\n<td>12<\/td>\n<td>15<\/td>\n<td>&gt;  36 HRC<\/td>\n<\/tr>\n<tr>\n<td>INCONEL\u00ae 718 AMS 5663<\/td>\n<td>2.4668<\/td>\n<td>1034 &#8211; 1275<\/td>\n<td>827 &#8211; 1034<\/td>\n<td>12<\/td>\n<td>15<\/td>\n<td>&gt;  36 HRC<\/td>\n<\/tr>\n<tr>\n<td>INCONEL\u00ae 718 AMS 5596<\/td>\n<td>2.4668<\/td>\n<td>1241<\/td>\n<td>1034<\/td>\n<td>12<\/td>\n<td>15<\/td>\n<td>&gt;  36 HRC<\/td>\n<\/tr>\n<tr>\n<td>INCONEL\u00ae 718 EN 10269<\/td>\n<td>2.4668<\/td>\n<td>1230<\/td>\n<td>1030<\/td>\n<td>12<\/td>\n<td>&#8212;<\/td>\n<td>&gt;  36 HRC<\/td>\n<\/tr>\n<\/tbody>\n<\/table>\n<h2>PROPRI\u00c9T\u00c9S PHYSIQUES INCONEL\u00ae 718 UNS N07718 ALLOY 718 werkstoff 2.4668<\/h2>\n<ul>\n \t<li>Poids sp\u00e9cifique \u00e0 20\u00b0C : 826 kg\/dm\u00b3<\/li>\n \t<li>Module d&rsquo;\u00e9lasticit\u00e9 \u00e0 20\u00b0C : 204.900 N\/mm\u00b2.<\/li>\n \t<li>Coefficients de dilatation lin\u00e9aire (20-100\u00b0C) : 130 \u00b5m\/m \u00b0C<\/li>\n \t<li>Magn\u00e9tique : Non<\/li>\n<\/ul>\n<h2>CORRESPONDANCE ET SP\u00c9CIFICATIONS INCONEL\u00ae 718 ALLIAGE 718 werkstoff 2.4668<\/h2>\n<ul>\n \t<li>DIN 17752 : NiCr19NbMo\/NiCr19Fe19Nb5Mo3<\/li>\n \t<li>W : 2.4668<\/li>\n \t<li>ASTM : B637<\/li>\n \t<li>FR : 10269<\/li>\n \t<li>UNS : N07718<\/li>\n \t<li>API : 6ACRA<\/li>\n \t<li>AMS : 5596, 5662, 5663, 5832<\/li>\n \t<li>MARQUE : Nicrofer 5219, Superimphy 718, Haynes 718, Pyromet 718, Supermet 718, Udimet 718<\/li>\n \t<li>PED : 97\/23\/CE<\/li>\n<\/ul>\t\t\t\t\t\t\t\t<\/div>\n\t\t\t\t<\/div>\n\t\t\t\t\t<\/div>\n\t\t\t\t<\/div>\n\t\t\t\t<\/div>\n\t\t","protected":false},"excerpt":{"rendered":"<p>INCONEL\u00ae 718 UNS N07718 ALLOY 718 werkstoff 2.4668 L&rsquo;alliage de nickel INCONEL\u00ae 718 UNS N07718 ALLOY 718 werkstoff 2.4668 est un alliage durcissant par pr\u00e9cipitation \u00e0 base de nickel qui convient aux applications n\u00e9cessitant une r\u00e9sistance \u00e9lev\u00e9e \u00e0 la corrosion et une excellente r\u00e9sistance \u00e0 la traction, m\u00eame \u00e0 des temp\u00e9ratures \u00e9lev\u00e9es (jusqu&rsquo;\u00e0 704\u00b0C). Il [&hellip;]<\/p>\n","protected":false},"author":1,"featured_media":0,"parent":4505,"menu_order":0,"comment_status":"closed","ping_status":"closed","template":"","meta":{"footnotes":""},"class_list":["post-6060","page","type-page","status-publish","hentry"],"yoast_head":"<!-- This site is optimized with the Yoast SEO plugin v27.6 - https:\/\/yoast.com\/product\/yoast-seo-wordpress\/ -->\n<title>Alliage de nickel INCONEL\u00ae 718 UNS N07718 ALLOY 718 werkstoff 2.4668 - M.F. INOX<\/title>\n<meta name=\"robots\" content=\"index, follow, max-snippet:-1, max-image-preview:large, max-video-preview:-1\" \/>\n<link rel=\"canonical\" href=\"https:\/\/mfinox.com\/fr\/materiaux\/alliage-de-nickel-inconel-718-uns-n07718-alloy-718-werkstoff-2-4668\/\" \/>\n<meta property=\"og:locale\" content=\"fr_FR\" \/>\n<meta property=\"og:type\" content=\"article\" \/>\n<meta property=\"og:title\" content=\"Alliage de nickel INCONEL\u00ae 718 UNS N07718 ALLOY 718 werkstoff 2.4668 - M.F. INOX\" \/>\n<meta property=\"og:description\" content=\"INCONEL\u00ae 718 UNS N07718 ALLOY 718 werkstoff 2.4668 L&rsquo;alliage de nickel INCONEL\u00ae 718 UNS N07718 ALLOY 718 werkstoff 2.4668 est un alliage durcissant par pr\u00e9cipitation \u00e0 base de nickel qui convient aux applications n\u00e9cessitant une r\u00e9sistance \u00e9lev\u00e9e \u00e0 la corrosion et une excellente r\u00e9sistance \u00e0 la traction, m\u00eame \u00e0 des temp\u00e9ratures \u00e9lev\u00e9es (jusqu&rsquo;\u00e0 704\u00b0C). Il [&hellip;]\" \/>\n<meta property=\"og:url\" content=\"https:\/\/mfinox.com\/fr\/materiaux\/alliage-de-nickel-inconel-718-uns-n07718-alloy-718-werkstoff-2-4668\/\" \/>\n<meta property=\"og:site_name\" content=\"M.F. INOX\" \/>\n<meta property=\"article:modified_time\" content=\"2024-09-06T10:30:33+00:00\" \/>\n<meta name=\"twitter:card\" content=\"summary_large_image\" \/>\n<meta name=\"twitter:label1\" content=\"Dur\u00e9e de lecture estim\u00e9e\" \/>\n\t<meta name=\"twitter:data1\" content=\"2 minutes\" \/>\n<script type=\"application\/ld+json\" class=\"yoast-schema-graph\">{\"@context\":\"https:\\\/\\\/schema.org\",\"@graph\":[{\"@type\":\"WebPage\",\"@id\":\"https:\\\/\\\/mfinox.com\\\/fr\\\/materiaux\\\/alliage-de-nickel-inconel-718-uns-n07718-alloy-718-werkstoff-2-4668\\\/\",\"url\":\"https:\\\/\\\/mfinox.com\\\/fr\\\/materiaux\\\/alliage-de-nickel-inconel-718-uns-n07718-alloy-718-werkstoff-2-4668\\\/\",\"name\":\"Alliage de nickel INCONEL\u00ae 718 UNS N07718 ALLOY 718 werkstoff 2.4668 - M.F. INOX\",\"isPartOf\":{\"@id\":\"https:\\\/\\\/mfinox.com\\\/fr\\\/#website\"},\"datePublished\":\"2024-05-21T13:48:10+00:00\",\"dateModified\":\"2024-09-06T10:30:33+00:00\",\"breadcrumb\":{\"@id\":\"https:\\\/\\\/mfinox.com\\\/fr\\\/materiaux\\\/alliage-de-nickel-inconel-718-uns-n07718-alloy-718-werkstoff-2-4668\\\/#breadcrumb\"},\"inLanguage\":\"fr-FR\",\"potentialAction\":[{\"@type\":\"ReadAction\",\"target\":[\"https:\\\/\\\/mfinox.com\\\/fr\\\/materiaux\\\/alliage-de-nickel-inconel-718-uns-n07718-alloy-718-werkstoff-2-4668\\\/\"]}]},{\"@type\":\"BreadcrumbList\",\"@id\":\"https:\\\/\\\/mfinox.com\\\/fr\\\/materiaux\\\/alliage-de-nickel-inconel-718-uns-n07718-alloy-718-werkstoff-2-4668\\\/#breadcrumb\",\"itemListElement\":[{\"@type\":\"ListItem\",\"position\":1,\"name\":\"Home\",\"item\":\"https:\\\/\\\/mfinox.com\\\/fr\\\/\"},{\"@type\":\"ListItem\",\"position\":2,\"name\":\"Mat\u00e9riaux\",\"item\":\"https:\\\/\\\/mfinox.com\\\/fr\\\/materiaux\\\/\"},{\"@type\":\"ListItem\",\"position\":3,\"name\":\"Alliage de nickel INCONEL\u00ae 718 UNS N07718 ALLOY 718 werkstoff 2.4668\"}]},{\"@type\":\"WebSite\",\"@id\":\"https:\\\/\\\/mfinox.com\\\/fr\\\/#website\",\"url\":\"https:\\\/\\\/mfinox.com\\\/fr\\\/\",\"name\":\"M.F. INOX\",\"description\":\"\",\"publisher\":{\"@id\":\"https:\\\/\\\/mfinox.com\\\/fr\\\/#organization\"},\"potentialAction\":[{\"@type\":\"SearchAction\",\"target\":{\"@type\":\"EntryPoint\",\"urlTemplate\":\"https:\\\/\\\/mfinox.com\\\/fr\\\/?s={search_term_string}\"},\"query-input\":{\"@type\":\"PropertyValueSpecification\",\"valueRequired\":true,\"valueName\":\"search_term_string\"}}],\"inLanguage\":\"fr-FR\"},{\"@type\":\"Organization\",\"@id\":\"https:\\\/\\\/mfinox.com\\\/fr\\\/#organization\",\"name\":\"M.F. INOX\",\"url\":\"https:\\\/\\\/mfinox.com\\\/fr\\\/\",\"logo\":{\"@type\":\"ImageObject\",\"inLanguage\":\"fr-FR\",\"@id\":\"https:\\\/\\\/mfinox.com\\\/fr\\\/#\\\/schema\\\/logo\\\/image\\\/\",\"url\":\"https:\\\/\\\/mfinox.com\\\/wp-content\\\/uploads\\\/2024\\\/05\\\/mf-inox_logo_neg.png\",\"contentUrl\":\"https:\\\/\\\/mfinox.com\\\/wp-content\\\/uploads\\\/2024\\\/05\\\/mf-inox_logo_neg.png\",\"width\":1949,\"height\":662,\"caption\":\"M.F. INOX\"},\"image\":{\"@id\":\"https:\\\/\\\/mfinox.com\\\/fr\\\/#\\\/schema\\\/logo\\\/image\\\/\"}}]}<\/script>\n<!-- \/ Yoast SEO plugin. -->","yoast_head_json":{"title":"Alliage de nickel INCONEL\u00ae 718 UNS N07718 ALLOY 718 werkstoff 2.4668 - M.F. INOX","robots":{"index":"index","follow":"follow","max-snippet":"max-snippet:-1","max-image-preview":"max-image-preview:large","max-video-preview":"max-video-preview:-1"},"canonical":"https:\/\/mfinox.com\/fr\/materiaux\/alliage-de-nickel-inconel-718-uns-n07718-alloy-718-werkstoff-2-4668\/","og_locale":"fr_FR","og_type":"article","og_title":"Alliage de nickel INCONEL\u00ae 718 UNS N07718 ALLOY 718 werkstoff 2.4668 - M.F. INOX","og_description":"INCONEL\u00ae 718 UNS N07718 ALLOY 718 werkstoff 2.4668 L&rsquo;alliage de nickel INCONEL\u00ae 718 UNS N07718 ALLOY 718 werkstoff 2.4668 est un alliage durcissant par pr\u00e9cipitation \u00e0 base de nickel qui convient aux applications n\u00e9cessitant une r\u00e9sistance \u00e9lev\u00e9e \u00e0 la corrosion et une excellente r\u00e9sistance \u00e0 la traction, m\u00eame \u00e0 des temp\u00e9ratures \u00e9lev\u00e9es (jusqu&rsquo;\u00e0 704\u00b0C). Il [&hellip;]","og_url":"https:\/\/mfinox.com\/fr\/materiaux\/alliage-de-nickel-inconel-718-uns-n07718-alloy-718-werkstoff-2-4668\/","og_site_name":"M.F. INOX","article_modified_time":"2024-09-06T10:30:33+00:00","twitter_card":"summary_large_image","twitter_misc":{"Dur\u00e9e de lecture estim\u00e9e":"2 minutes"},"schema":{"@context":"https:\/\/schema.org","@graph":[{"@type":"WebPage","@id":"https:\/\/mfinox.com\/fr\/materiaux\/alliage-de-nickel-inconel-718-uns-n07718-alloy-718-werkstoff-2-4668\/","url":"https:\/\/mfinox.com\/fr\/materiaux\/alliage-de-nickel-inconel-718-uns-n07718-alloy-718-werkstoff-2-4668\/","name":"Alliage de nickel INCONEL\u00ae 718 UNS N07718 ALLOY 718 werkstoff 2.4668 - M.F. INOX","isPartOf":{"@id":"https:\/\/mfinox.com\/fr\/#website"},"datePublished":"2024-05-21T13:48:10+00:00","dateModified":"2024-09-06T10:30:33+00:00","breadcrumb":{"@id":"https:\/\/mfinox.com\/fr\/materiaux\/alliage-de-nickel-inconel-718-uns-n07718-alloy-718-werkstoff-2-4668\/#breadcrumb"},"inLanguage":"fr-FR","potentialAction":[{"@type":"ReadAction","target":["https:\/\/mfinox.com\/fr\/materiaux\/alliage-de-nickel-inconel-718-uns-n07718-alloy-718-werkstoff-2-4668\/"]}]},{"@type":"BreadcrumbList","@id":"https:\/\/mfinox.com\/fr\/materiaux\/alliage-de-nickel-inconel-718-uns-n07718-alloy-718-werkstoff-2-4668\/#breadcrumb","itemListElement":[{"@type":"ListItem","position":1,"name":"Home","item":"https:\/\/mfinox.com\/fr\/"},{"@type":"ListItem","position":2,"name":"Mat\u00e9riaux","item":"https:\/\/mfinox.com\/fr\/materiaux\/"},{"@type":"ListItem","position":3,"name":"Alliage de nickel INCONEL\u00ae 718 UNS N07718 ALLOY 718 werkstoff 2.4668"}]},{"@type":"WebSite","@id":"https:\/\/mfinox.com\/fr\/#website","url":"https:\/\/mfinox.com\/fr\/","name":"M.F. INOX","description":"","publisher":{"@id":"https:\/\/mfinox.com\/fr\/#organization"},"potentialAction":[{"@type":"SearchAction","target":{"@type":"EntryPoint","urlTemplate":"https:\/\/mfinox.com\/fr\/?s={search_term_string}"},"query-input":{"@type":"PropertyValueSpecification","valueRequired":true,"valueName":"search_term_string"}}],"inLanguage":"fr-FR"},{"@type":"Organization","@id":"https:\/\/mfinox.com\/fr\/#organization","name":"M.F. INOX","url":"https:\/\/mfinox.com\/fr\/","logo":{"@type":"ImageObject","inLanguage":"fr-FR","@id":"https:\/\/mfinox.com\/fr\/#\/schema\/logo\/image\/","url":"https:\/\/mfinox.com\/wp-content\/uploads\/2024\/05\/mf-inox_logo_neg.png","contentUrl":"https:\/\/mfinox.com\/wp-content\/uploads\/2024\/05\/mf-inox_logo_neg.png","width":1949,"height":662,"caption":"M.F. INOX"},"image":{"@id":"https:\/\/mfinox.com\/fr\/#\/schema\/logo\/image\/"}}]}},"_links":{"self":[{"href":"https:\/\/mfinox.com\/fr\/wp-json\/wp\/v2\/pages\/6060","targetHints":{"allow":["GET"]}}],"collection":[{"href":"https:\/\/mfinox.com\/fr\/wp-json\/wp\/v2\/pages"}],"about":[{"href":"https:\/\/mfinox.com\/fr\/wp-json\/wp\/v2\/types\/page"}],"author":[{"embeddable":true,"href":"https:\/\/mfinox.com\/fr\/wp-json\/wp\/v2\/users\/1"}],"replies":[{"embeddable":true,"href":"https:\/\/mfinox.com\/fr\/wp-json\/wp\/v2\/comments?post=6060"}],"version-history":[{"count":0,"href":"https:\/\/mfinox.com\/fr\/wp-json\/wp\/v2\/pages\/6060\/revisions"}],"up":[{"embeddable":true,"href":"https:\/\/mfinox.com\/fr\/wp-json\/wp\/v2\/pages\/4505"}],"wp:attachment":[{"href":"https:\/\/mfinox.com\/fr\/wp-json\/wp\/v2\/media?parent=6060"}],"curies":[{"name":"wp","href":"https:\/\/api.w.org\/{rel}","templated":true}]}}