{"id":6058,"date":"2024-05-21T15:46:25","date_gmt":"2024-05-21T13:46:25","guid":{"rendered":"https:\/\/mfinox.com\/materiaux\/alliage-de-nickel-inconel-625-uns-n06625-alloy-625-werkstoff-2-4856\/"},"modified":"2026-03-23T09:29:42","modified_gmt":"2026-03-23T07:29:42","slug":"alliage-de-nickel-inconel-625-uns-n06625-alloy-625-werkstoff-2-4856","status":"publish","type":"page","link":"https:\/\/mfinox.com\/fr\/materiaux\/alliage-de-nickel-inconel-625-uns-n06625-alloy-625-werkstoff-2-4856\/","title":{"rendered":"Alliage de nickel INCONEL\u00ae 625 UNS N06625 ALLOY 625 werkstoff 2.4856"},"content":{"rendered":"\t\t<div data-elementor-type=\"wp-page\" data-elementor-id=\"6058\" class=\"elementor elementor-6058 elementor-797\" data-elementor-post-type=\"page\">\n\t\t\t\t<div class=\"elementor-element elementor-element-3337d498 e-flex e-con-boxed e-con e-parent\" data-id=\"3337d498\" data-element_type=\"container\" data-e-type=\"container\" data-settings=\"{&quot;background_background&quot;:&quot;classic&quot;}\">\n\t\t\t\t\t<div class=\"e-con-inner\">\n\t\t\t\t<div class=\"elementor-element elementor-element-3079d92e titolo-materiali elementor-invisible elementor-widget elementor-widget-heading\" data-id=\"3079d92e\" data-element_type=\"widget\" data-e-type=\"widget\" data-settings=\"{&quot;_animation&quot;:&quot;fadeIn&quot;}\" data-widget_type=\"heading.default\">\n\t\t\t\t<div class=\"elementor-widget-container\">\n\t\t\t\t\t<h1 class=\"elementor-heading-title elementor-size-default\">INCONEL\u00ae 625 UNS N06625 ALLOY 625 werkstoff 2.4856<\/h1>\t\t\t\t<\/div>\n\t\t\t\t<\/div>\n\t\t\t\t<div class=\"elementor-element elementor-element-7e4eca2b elementor-invisible elementor-widget elementor-widget-shortcode\" data-id=\"7e4eca2b\" data-element_type=\"widget\" data-e-type=\"widget\" data-settings=\"{&quot;_animation&quot;:&quot;fadeIn&quot;}\" data-widget_type=\"shortcode.default\">\n\t\t\t\t<div class=\"elementor-widget-container\">\n\t\t\t\t\t\t\t<div class=\"elementor-shortcode\"><nav aria-label=\"breadcrumb\"><div class=\"breadcrumb\"><span class=\"breadcrumb-item\"><a href=\"https:\/\/mfinox.com\/fr\/\" style=\"color: #F3912E;\">Home<\/a><\/span><\/div><\/nav><\/div>\n\t\t\t\t\t\t<\/div>\n\t\t\t\t<\/div>\n\t\t\t\t\t<\/div>\n\t\t\t\t<\/div>\n\t\t<div class=\"elementor-element elementor-element-5cf5141a e-flex e-con-boxed elementor-invisible e-con e-parent\" data-id=\"5cf5141a\" data-element_type=\"container\" data-e-type=\"container\" data-settings=\"{&quot;animation&quot;:&quot;fadeInUp&quot;}\">\n\t\t\t\t\t<div class=\"e-con-inner\">\n\t\t\t\t<div class=\"elementor-element elementor-element-4490aaaf elementor-widget elementor-widget-text-editor\" data-id=\"4490aaaf\" data-element_type=\"widget\" data-e-type=\"widget\" data-widget_type=\"text-editor.default\">\n\t\t\t\t<div class=\"elementor-widget-container\">\n\t\t\t\t\t\t\t\t\tL&rsquo;alliage de nickel INCONEL\u00ae 625 UNS N06625 ALLOY 625 werkstoff 2.4856 est un alliage de nickel-chrome additionn\u00e9 de molybd\u00e8ne et de niobium.\nCes additifs conf\u00e8rent \u00e0 l&rsquo;alliage de meilleures propri\u00e9t\u00e9s m\u00e9caniques et une r\u00e9sistance accrue \u00e0 la corrosion sans qu&rsquo;il soit n\u00e9cessaire de recourir \u00e0 des traitements de vieillissement.\nINCONEL\u00ae 625 UNS N06625 ALLOY 625 werkstoff 2.4856 est utilis\u00e9 pour les applications sous-marines et a\u00e9rospatiales ainsi que dans les usines de traitement des fum\u00e9es et des fluides.\nINCONEL\u00ae 625 UNS N06625 ALLOY 625 werkstoff 2.4856 est utilis\u00e9 dans les pi\u00e8ces de moteurs d&rsquo;avion, les valves, les pompes pour les entretoises, les boulons et les fixations.     &nbsp;\n\n<h2>COMPOSITION CHIMIQUE INCONEL\u00ae 625 UNS N06625 werkstoff 2.4856<\/h2>\n<table class=\"responsive-table\">\n<tbody>\n<tr>\n<th>\u00c9l\u00e9ment<\/th><th>Min<\/th><th>Max<\/th>\n<\/tr>\n<tr>\n<td>Ni<\/td><td>58<\/td><td>&#8212;<\/td>\n<\/tr>\n<tr>\n<td>Cr<\/td><td>20<\/td><td>23<\/td>\n<\/tr>\n<tr>\n<td>Nb+Ta<\/td><td>3.15<\/td><td>4.15<\/td>\n<\/tr>\n<tr>\n<td>Mo<\/td><td>8<\/td><td>10<\/td>\n<\/tr>\n<tr>\n<td>Ti<\/td><td>&#8212;<\/td><td>0.4<\/td>\n<\/tr>\n<tr>\n<td>Au<\/td><td>&#8212;<\/td><td>0.4<\/td>\n<\/tr>\n<tr>\n<td>Co<\/td><td>&#8212;<\/td><td>1.0<\/td>\n<\/tr>\n<tr>\n<td>C<\/td><td>&#8212;<\/td><td>0.1<\/td>\n<\/tr>\n<tr>\n<td>Mn<\/td><td>&#8212;<\/td><td>0.5<\/td>\n<\/tr>\n<tr>\n<td>Oui<\/td><td>&#8212;<\/td><td>0.5<\/td>\n<\/tr>\n<tr>\n<td>P<\/td><td>&#8212;<\/td><td>0.015<\/td>\n<\/tr>\n<tr>\n<td>S<\/td><td>&#8212;<\/td><td>0.015<\/td>\n<\/tr>\n<tr>\n<td>Fe<\/td><td>&#8212;<\/td><td>5<\/td>\n<\/tr>\n<\/tbody>\n<\/table>\n<h2>PROPRI\u00c9T\u00c9S M\u00c9CANIQUES INCONEL\u00ae 625 UNS N06625 werkstoff 2.4856<\/h2>\n<table class=\"responsive-table\">\n<tbody>\n<tr>\n<th>Mat\u00e9riau<\/th>\n<th>Ligue<\/th>\n<th>Rm min (MPa)<\/th>\n<th>Rp 0,2 min (MPa)<\/th>\n<th>A% min<\/th>\n<th>Duret\u00e9 maximale (HBW)<\/th>\n<\/tr>\n<tr>\n<td>INCONEL\u00ae 625 UNS N06625<\/td>\n<td>2.4856<\/td>\n<td>965<\/td>\n<td>479<\/td>\n<td>30<\/td>\n<td>240<\/td>\n<\/tr>\n<\/tbody>\n<\/table>\n<h2>PROPRI\u00c9T\u00c9S PHYSIQUES INCONEL\u00ae 625 UNS N06625 werkstoff 2.4856<\/h2>\n<ul>\n \t<li>Poids sp\u00e9cifique \u00e0 20\u00b0C : 8,44 kg\/dm\u00b3.<\/li>\n \t<li>Module d&rsquo;\u00e9lasticit\u00e9 \u00e0 20\u00b0C : 207 500 N\/mm\u00b2.<\/li>\n<\/ul>\n<h2>CORRESPONDANCE ET SP\u00c9CIFICATIONS INCONEL\u00ae 625 UNS N06625 werkstoff 2.4856<\/h2>\n<ul>\n \t<li>W : 2.4856<\/li>\n \t<li>DIN 17752 : NiCr2Mo9Nb<\/li>\n \t<li>ASTM : B446<\/li>\n \t<li>UNS : N06625<\/li>\n \t<li>AMS : 5666<\/li>\n \t<li>ASME : SB 446<\/li>\n \t<li>NACE MR0175<\/li>\n<\/ul>\t\t\t\t\t\t\t\t<\/div>\n\t\t\t\t<\/div>\n\t\t\t\t\t<\/div>\n\t\t\t\t<\/div>\n\t\t\t\t<\/div>\n\t\t","protected":false},"excerpt":{"rendered":"<p>INCONEL\u00ae 625 UNS N06625 ALLOY 625 werkstoff 2.4856 L&rsquo;alliage de nickel INCONEL\u00ae 625 UNS N06625 ALLOY 625 werkstoff 2.4856 est un alliage de nickel-chrome additionn\u00e9 de molybd\u00e8ne et de niobium. Ces additifs conf\u00e8rent \u00e0 l&rsquo;alliage de meilleures propri\u00e9t\u00e9s m\u00e9caniques et une r\u00e9sistance accrue \u00e0 la corrosion sans qu&rsquo;il soit n\u00e9cessaire de recourir \u00e0 des traitements [&hellip;]<\/p>\n","protected":false},"author":1,"featured_media":0,"parent":4505,"menu_order":0,"comment_status":"closed","ping_status":"closed","template":"","meta":{"footnotes":""},"class_list":["post-6058","page","type-page","status-publish","hentry"],"yoast_head":"<!-- This site is optimized with the Yoast SEO plugin v27.6 - https:\/\/yoast.com\/product\/yoast-seo-wordpress\/ -->\n<title>Alliage de nickel INCONEL\u00ae 625 UNS N06625 ALLOY 625 werkstoff 2.4856 - M.F. INOX<\/title>\n<meta name=\"robots\" content=\"index, follow, max-snippet:-1, max-image-preview:large, max-video-preview:-1\" \/>\n<link rel=\"canonical\" href=\"https:\/\/mfinox.com\/fr\/materiaux\/alliage-de-nickel-inconel-625-uns-n06625-alloy-625-werkstoff-2-4856\/\" \/>\n<meta property=\"og:locale\" content=\"fr_FR\" \/>\n<meta property=\"og:type\" content=\"article\" \/>\n<meta property=\"og:title\" content=\"Alliage de nickel INCONEL\u00ae 625 UNS N06625 ALLOY 625 werkstoff 2.4856 - M.F. INOX\" \/>\n<meta property=\"og:description\" content=\"INCONEL\u00ae 625 UNS N06625 ALLOY 625 werkstoff 2.4856 L&rsquo;alliage de nickel INCONEL\u00ae 625 UNS N06625 ALLOY 625 werkstoff 2.4856 est un alliage de nickel-chrome additionn\u00e9 de molybd\u00e8ne et de niobium. Ces additifs conf\u00e8rent \u00e0 l&rsquo;alliage de meilleures propri\u00e9t\u00e9s m\u00e9caniques et une r\u00e9sistance accrue \u00e0 la corrosion sans qu&rsquo;il soit n\u00e9cessaire de recourir \u00e0 des traitements [&hellip;]\" \/>\n<meta property=\"og:url\" content=\"https:\/\/mfinox.com\/fr\/materiaux\/alliage-de-nickel-inconel-625-uns-n06625-alloy-625-werkstoff-2-4856\/\" \/>\n<meta property=\"og:site_name\" content=\"M.F. INOX\" \/>\n<meta property=\"article:modified_time\" content=\"2026-03-23T07:29:42+00:00\" \/>\n<meta name=\"twitter:card\" content=\"summary_large_image\" \/>\n<meta name=\"twitter:label1\" content=\"Dur\u00e9e de lecture estim\u00e9e\" \/>\n\t<meta name=\"twitter:data1\" content=\"2 minutes\" \/>\n<script type=\"application\/ld+json\" class=\"yoast-schema-graph\">{\"@context\":\"https:\\\/\\\/schema.org\",\"@graph\":[{\"@type\":\"WebPage\",\"@id\":\"https:\\\/\\\/mfinox.com\\\/fr\\\/materiaux\\\/alliage-de-nickel-inconel-625-uns-n06625-alloy-625-werkstoff-2-4856\\\/\",\"url\":\"https:\\\/\\\/mfinox.com\\\/fr\\\/materiaux\\\/alliage-de-nickel-inconel-625-uns-n06625-alloy-625-werkstoff-2-4856\\\/\",\"name\":\"Alliage de nickel INCONEL\u00ae 625 UNS N06625 ALLOY 625 werkstoff 2.4856 - M.F. INOX\",\"isPartOf\":{\"@id\":\"https:\\\/\\\/mfinox.com\\\/fr\\\/#website\"},\"datePublished\":\"2024-05-21T13:46:25+00:00\",\"dateModified\":\"2026-03-23T07:29:42+00:00\",\"breadcrumb\":{\"@id\":\"https:\\\/\\\/mfinox.com\\\/fr\\\/materiaux\\\/alliage-de-nickel-inconel-625-uns-n06625-alloy-625-werkstoff-2-4856\\\/#breadcrumb\"},\"inLanguage\":\"fr-FR\",\"potentialAction\":[{\"@type\":\"ReadAction\",\"target\":[\"https:\\\/\\\/mfinox.com\\\/fr\\\/materiaux\\\/alliage-de-nickel-inconel-625-uns-n06625-alloy-625-werkstoff-2-4856\\\/\"]}]},{\"@type\":\"BreadcrumbList\",\"@id\":\"https:\\\/\\\/mfinox.com\\\/fr\\\/materiaux\\\/alliage-de-nickel-inconel-625-uns-n06625-alloy-625-werkstoff-2-4856\\\/#breadcrumb\",\"itemListElement\":[{\"@type\":\"ListItem\",\"position\":1,\"name\":\"Home\",\"item\":\"https:\\\/\\\/mfinox.com\\\/fr\\\/\"},{\"@type\":\"ListItem\",\"position\":2,\"name\":\"Mat\u00e9riaux\",\"item\":\"https:\\\/\\\/mfinox.com\\\/fr\\\/materiaux\\\/\"},{\"@type\":\"ListItem\",\"position\":3,\"name\":\"Alliage de nickel INCONEL\u00ae 625 UNS N06625 ALLOY 625 werkstoff 2.4856\"}]},{\"@type\":\"WebSite\",\"@id\":\"https:\\\/\\\/mfinox.com\\\/fr\\\/#website\",\"url\":\"https:\\\/\\\/mfinox.com\\\/fr\\\/\",\"name\":\"M.F. INOX\",\"description\":\"\",\"publisher\":{\"@id\":\"https:\\\/\\\/mfinox.com\\\/fr\\\/#organization\"},\"potentialAction\":[{\"@type\":\"SearchAction\",\"target\":{\"@type\":\"EntryPoint\",\"urlTemplate\":\"https:\\\/\\\/mfinox.com\\\/fr\\\/?s={search_term_string}\"},\"query-input\":{\"@type\":\"PropertyValueSpecification\",\"valueRequired\":true,\"valueName\":\"search_term_string\"}}],\"inLanguage\":\"fr-FR\"},{\"@type\":\"Organization\",\"@id\":\"https:\\\/\\\/mfinox.com\\\/fr\\\/#organization\",\"name\":\"M.F. INOX\",\"url\":\"https:\\\/\\\/mfinox.com\\\/fr\\\/\",\"logo\":{\"@type\":\"ImageObject\",\"inLanguage\":\"fr-FR\",\"@id\":\"https:\\\/\\\/mfinox.com\\\/fr\\\/#\\\/schema\\\/logo\\\/image\\\/\",\"url\":\"https:\\\/\\\/mfinox.com\\\/wp-content\\\/uploads\\\/2024\\\/05\\\/mf-inox_logo_neg.png\",\"contentUrl\":\"https:\\\/\\\/mfinox.com\\\/wp-content\\\/uploads\\\/2024\\\/05\\\/mf-inox_logo_neg.png\",\"width\":1949,\"height\":662,\"caption\":\"M.F. INOX\"},\"image\":{\"@id\":\"https:\\\/\\\/mfinox.com\\\/fr\\\/#\\\/schema\\\/logo\\\/image\\\/\"}}]}<\/script>\n<!-- \/ Yoast SEO plugin. -->","yoast_head_json":{"title":"Alliage de nickel INCONEL\u00ae 625 UNS N06625 ALLOY 625 werkstoff 2.4856 - M.F. INOX","robots":{"index":"index","follow":"follow","max-snippet":"max-snippet:-1","max-image-preview":"max-image-preview:large","max-video-preview":"max-video-preview:-1"},"canonical":"https:\/\/mfinox.com\/fr\/materiaux\/alliage-de-nickel-inconel-625-uns-n06625-alloy-625-werkstoff-2-4856\/","og_locale":"fr_FR","og_type":"article","og_title":"Alliage de nickel INCONEL\u00ae 625 UNS N06625 ALLOY 625 werkstoff 2.4856 - M.F. INOX","og_description":"INCONEL\u00ae 625 UNS N06625 ALLOY 625 werkstoff 2.4856 L&rsquo;alliage de nickel INCONEL\u00ae 625 UNS N06625 ALLOY 625 werkstoff 2.4856 est un alliage de nickel-chrome additionn\u00e9 de molybd\u00e8ne et de niobium. Ces additifs conf\u00e8rent \u00e0 l&rsquo;alliage de meilleures propri\u00e9t\u00e9s m\u00e9caniques et une r\u00e9sistance accrue \u00e0 la corrosion sans qu&rsquo;il soit n\u00e9cessaire de recourir \u00e0 des traitements [&hellip;]","og_url":"https:\/\/mfinox.com\/fr\/materiaux\/alliage-de-nickel-inconel-625-uns-n06625-alloy-625-werkstoff-2-4856\/","og_site_name":"M.F. INOX","article_modified_time":"2026-03-23T07:29:42+00:00","twitter_card":"summary_large_image","twitter_misc":{"Dur\u00e9e de lecture estim\u00e9e":"2 minutes"},"schema":{"@context":"https:\/\/schema.org","@graph":[{"@type":"WebPage","@id":"https:\/\/mfinox.com\/fr\/materiaux\/alliage-de-nickel-inconel-625-uns-n06625-alloy-625-werkstoff-2-4856\/","url":"https:\/\/mfinox.com\/fr\/materiaux\/alliage-de-nickel-inconel-625-uns-n06625-alloy-625-werkstoff-2-4856\/","name":"Alliage de nickel INCONEL\u00ae 625 UNS N06625 ALLOY 625 werkstoff 2.4856 - M.F. INOX","isPartOf":{"@id":"https:\/\/mfinox.com\/fr\/#website"},"datePublished":"2024-05-21T13:46:25+00:00","dateModified":"2026-03-23T07:29:42+00:00","breadcrumb":{"@id":"https:\/\/mfinox.com\/fr\/materiaux\/alliage-de-nickel-inconel-625-uns-n06625-alloy-625-werkstoff-2-4856\/#breadcrumb"},"inLanguage":"fr-FR","potentialAction":[{"@type":"ReadAction","target":["https:\/\/mfinox.com\/fr\/materiaux\/alliage-de-nickel-inconel-625-uns-n06625-alloy-625-werkstoff-2-4856\/"]}]},{"@type":"BreadcrumbList","@id":"https:\/\/mfinox.com\/fr\/materiaux\/alliage-de-nickel-inconel-625-uns-n06625-alloy-625-werkstoff-2-4856\/#breadcrumb","itemListElement":[{"@type":"ListItem","position":1,"name":"Home","item":"https:\/\/mfinox.com\/fr\/"},{"@type":"ListItem","position":2,"name":"Mat\u00e9riaux","item":"https:\/\/mfinox.com\/fr\/materiaux\/"},{"@type":"ListItem","position":3,"name":"Alliage de nickel INCONEL\u00ae 625 UNS N06625 ALLOY 625 werkstoff 2.4856"}]},{"@type":"WebSite","@id":"https:\/\/mfinox.com\/fr\/#website","url":"https:\/\/mfinox.com\/fr\/","name":"M.F. INOX","description":"","publisher":{"@id":"https:\/\/mfinox.com\/fr\/#organization"},"potentialAction":[{"@type":"SearchAction","target":{"@type":"EntryPoint","urlTemplate":"https:\/\/mfinox.com\/fr\/?s={search_term_string}"},"query-input":{"@type":"PropertyValueSpecification","valueRequired":true,"valueName":"search_term_string"}}],"inLanguage":"fr-FR"},{"@type":"Organization","@id":"https:\/\/mfinox.com\/fr\/#organization","name":"M.F. INOX","url":"https:\/\/mfinox.com\/fr\/","logo":{"@type":"ImageObject","inLanguage":"fr-FR","@id":"https:\/\/mfinox.com\/fr\/#\/schema\/logo\/image\/","url":"https:\/\/mfinox.com\/wp-content\/uploads\/2024\/05\/mf-inox_logo_neg.png","contentUrl":"https:\/\/mfinox.com\/wp-content\/uploads\/2024\/05\/mf-inox_logo_neg.png","width":1949,"height":662,"caption":"M.F. INOX"},"image":{"@id":"https:\/\/mfinox.com\/fr\/#\/schema\/logo\/image\/"}}]}},"_links":{"self":[{"href":"https:\/\/mfinox.com\/fr\/wp-json\/wp\/v2\/pages\/6058","targetHints":{"allow":["GET"]}}],"collection":[{"href":"https:\/\/mfinox.com\/fr\/wp-json\/wp\/v2\/pages"}],"about":[{"href":"https:\/\/mfinox.com\/fr\/wp-json\/wp\/v2\/types\/page"}],"author":[{"embeddable":true,"href":"https:\/\/mfinox.com\/fr\/wp-json\/wp\/v2\/users\/1"}],"replies":[{"embeddable":true,"href":"https:\/\/mfinox.com\/fr\/wp-json\/wp\/v2\/comments?post=6058"}],"version-history":[{"count":0,"href":"https:\/\/mfinox.com\/fr\/wp-json\/wp\/v2\/pages\/6058\/revisions"}],"up":[{"embeddable":true,"href":"https:\/\/mfinox.com\/fr\/wp-json\/wp\/v2\/pages\/4505"}],"wp:attachment":[{"href":"https:\/\/mfinox.com\/fr\/wp-json\/wp\/v2\/media?parent=6058"}],"curies":[{"name":"wp","href":"https:\/\/api.w.org\/{rel}","templated":true}]}}