{"id":6010,"date":"2024-05-27T12:27:10","date_gmt":"2024-05-27T12:27:10","guid":{"rendered":"https:\/\/mfinox.com\/materiaux\/werkstoff-1-4845-aisi-310s-uns-s31008\/"},"modified":"2024-09-06T10:23:19","modified_gmt":"2024-09-06T10:23:19","slug":"werkstoff-1-4845-aisi-310s-uns-s31008","status":"publish","type":"page","link":"https:\/\/mfinox.com\/fr\/materiaux\/werkstoff-1-4845-aisi-310s-uns-s31008\/","title":{"rendered":"Werkstoff 1.4845 AISI 310S UNS S31008"},"content":{"rendered":"\t\t<div data-elementor-type=\"wp-page\" data-elementor-id=\"6010\" class=\"elementor elementor-6010 elementor-1750\" data-elementor-post-type=\"page\">\n\t\t\t\t<div class=\"elementor-element elementor-element-48ba4ed2 e-flex e-con-boxed e-con e-parent\" data-id=\"48ba4ed2\" data-element_type=\"container\" data-e-type=\"container\" data-settings=\"{&quot;background_background&quot;:&quot;classic&quot;}\">\n\t\t\t\t\t<div class=\"e-con-inner\">\n\t\t\t\t<div class=\"elementor-element elementor-element-32be45ec titolo-materiali elementor-invisible elementor-widget elementor-widget-heading\" data-id=\"32be45ec\" data-element_type=\"widget\" data-e-type=\"widget\" data-settings=\"{&quot;_animation&quot;:&quot;fadeIn&quot;}\" data-widget_type=\"heading.default\">\n\t\t\t\t<div class=\"elementor-widget-container\">\n\t\t\t\t\t<h1 class=\"elementor-heading-title elementor-size-default\">Werkstoff 1.4845 AISI 310S UNS S31008<\/h1>\t\t\t\t<\/div>\n\t\t\t\t<\/div>\n\t\t\t\t<div class=\"elementor-element elementor-element-1c262e3c elementor-invisible elementor-widget elementor-widget-shortcode\" data-id=\"1c262e3c\" data-element_type=\"widget\" data-e-type=\"widget\" data-settings=\"{&quot;_animation&quot;:&quot;fadeIn&quot;}\" data-widget_type=\"shortcode.default\">\n\t\t\t\t<div class=\"elementor-widget-container\">\n\t\t\t\t\t\t\t<div class=\"elementor-shortcode\"><nav aria-label=\"breadcrumb\"><div class=\"breadcrumb\"><span class=\"breadcrumb-item\"><a href=\"https:\/\/mfinox.com\/fr\/\" style=\"color: #F3912E;\">Home<\/a><\/span><\/div><\/nav><\/div>\n\t\t\t\t\t\t<\/div>\n\t\t\t\t<\/div>\n\t\t\t\t\t<\/div>\n\t\t\t\t<\/div>\n\t\t<div class=\"elementor-element elementor-element-7ba5e942 e-flex e-con-boxed elementor-invisible e-con e-parent\" data-id=\"7ba5e942\" data-element_type=\"container\" data-e-type=\"container\" data-settings=\"{&quot;animation&quot;:&quot;fadeInUp&quot;}\">\n\t\t\t\t\t<div class=\"e-con-inner\">\n\t\t\t\t<div class=\"elementor-element elementor-element-ea49115 elementor-widget elementor-widget-text-editor\" data-id=\"ea49115\" data-element_type=\"widget\" data-e-type=\"widget\" data-widget_type=\"text-editor.default\">\n\t\t\t\t<div class=\"elementor-widget-container\">\n\t\t\t\t\t\t\t\t\t    <p>L&rsquo;acier inoxydable aust\u00e9nitique Werkstoff 1.4845 AISI 310S UNS S31008 est un acier adapt\u00e9 aux applications \u00e0 haute temp\u00e9rature.\nSa temp\u00e9rature de service maximale en milieu oxydant est de 1 050\u00b0C.\nSes caract\u00e9ristiques le rendent id\u00e9al pour les composants de fours industriels et de chaudi\u00e8res, les tubes d&rsquo;expansion et les soufflets, les \u00e9l\u00e9ments chauffants \u00e9lectriques, l&rsquo;ing\u00e9nierie a\u00e9ronautique, les syst\u00e8mes d&rsquo;\u00e9chappement automobiles.  <\/p>\n\n    <h2><b>COMPOSITION CHIMIQUE Werkstoff 1.4845 AISI 310S UNS S31008<\/b><\/h2>\n    <table class=\"responsive-table\">\n        <tr>\n            <th>\u00c9l\u00e9ment<\/th><th>Min<\/th><th>Max<\/th>\n        <\/tr>\n        <tr>\n            <td>C<\/td><td><\/td><td>0.10<\/td>\n        <\/tr>\n        <tr>\n            <td>Oui<\/td><td><\/td><td>1.50<\/td>\n        <\/tr>\n        <tr>\n            <td>Mn<\/td><td><\/td><td>2.00<\/td>\n        <\/tr>\n        <tr>\n            <td>Cr<\/td><td>24.00<\/td><td>26.00<\/td>\n        <\/tr>\n        <tr>\n            <td>S<\/td><td><\/td><td>0.015<\/td>\n        <\/tr>\n        <tr>\n            <td>P<\/td><td><\/td><td>0.045<\/td>\n        <\/tr>\n        <tr>\n            <td>Ni<\/td><td>19.00<\/td><td>22.00<\/td>\n        <\/tr>\n        <tr>\n            <td>N<\/td><td><\/td><td>0.11<\/td>\n        <\/tr>\n    <\/table>\n\n    <h2><b>CARACT\u00c9RISTIQUES M\u00c9CANIQUES Werkstoff 1.4845 AISI 310S UNS S31008<\/b><\/h2>\n    <table class=\"responsive-table\">\n        <tr>\n            <th>Mat\u00e9riau<\/th>\n            <th>Ligue<\/th>\n            <th>Rm min (MPa)<\/th>\n            <th>Rp 0,2 min (MPa)<\/th>\n            <th>A% min<\/th>\n            <th>Z% min<\/th>\n            <th>Duret\u00e9 maximale (HB)<\/th>\n        <\/tr>\n        <tr>\n            <td>AISI 310<\/td>\n            <td>1.4845<\/td>\n            <td>500 &#8211; 700<\/td>\n            <td>250<\/td>\n            <td>35<\/td>\n            <td>55<\/td>\n            <td>192<\/td>\n        <\/tr>\n    <\/table>\n\n    <h2><b>PROPRI\u00c9T\u00c9S PHYSIQUES Werkstoff 1.4845 AISI 310S UNS S31008<\/b><\/h2>\n    <ul>\n        <li>Poids sp\u00e9cifique : 7,9 Kg\/dm\u00b3 \u00e0 20\u00b0C<\/li>\n        <li>Module d&rsquo;\u00e9lasticit\u00e9 : 199 000 N\/mm\u00b2 \u00e0 20\u00b0C<\/li>\n        <li>Conductivit\u00e9 thermique : 15 W\/m.K \u00e0 20\u00b0C<\/li>\n        <li>Amagn\u00e9tique<\/li>\n    <\/ul>\n\n    &nbsp;&nbsp;<h2><b>CORRESPONDANCE ET SPECIFICATIONS Werkstoff 1.4845 AISI 310S UNS S31008<\/b><\/h2>\n    <ul>\n        <li>EN 10095 : X8CrNi25-21<\/li>\n        <li>W : 1.4845<\/li>\n        <li>JIS : SUS310<\/li>\n        <li>AISI : 310\/310S<\/li>\n        <li>AFNOR : Z12CN25-20<\/li>\n        <li>UNS : S31008<\/li>\n    <\/ul>\n\t\t<div data-elementor-type=\"section\" data-elementor-id=\"2152\" class=\"elementor elementor-2152\" data-elementor-post-type=\"elementor_library\">\n\t\t\t<div class=\"elementor-element elementor-element-1a5312d e-flex e-con-boxed e-con e-parent\" data-id=\"1a5312d\" data-element_type=\"container\" data-e-type=\"container\">\n\t\t\t\t\t<div class=\"e-con-inner\">\n\t\t\t\t<div class=\"elementor-element elementor-element-703a4b7 elementor-widget elementor-widget-spacer\" data-id=\"703a4b7\" data-element_type=\"widget\" data-e-type=\"widget\" data-widget_type=\"spacer.default\">\n\t\t\t\t<div class=\"elementor-widget-container\">\n\t\t\t\t\t\t\t<div class=\"elementor-spacer\">\n\t\t\t<div class=\"elementor-spacer-inner\"><\/div>\n\t\t<\/div>\n\t\t\t\t\t\t<\/div>\n\t\t\t\t<\/div>\n\t\t\t\t\t<\/div>\n\t\t\t\t<\/div>\n\t\t\t\t<\/div>\n\t\t\t\t\t\t\t\t\t\t<\/div>\n\t\t\t\t<\/div>\n\t\t\t\t\t<\/div>\n\t\t\t\t<\/div>\n\t\t\t\t<\/div>\n\t\t","protected":false},"excerpt":{"rendered":"<p>Werkstoff 1.4845 AISI 310S UNS S31008 L&rsquo;acier inoxydable aust\u00e9nitique Werkstoff 1.4845 AISI 310S UNS S31008 est un acier adapt\u00e9 aux applications \u00e0 haute temp\u00e9rature. Sa temp\u00e9rature de service maximale en milieu oxydant est de 1 050\u00b0C. Ses caract\u00e9ristiques le rendent id\u00e9al pour les composants de fours industriels et de chaudi\u00e8res, les tubes d&rsquo;expansion et les [&hellip;]<\/p>\n","protected":false},"author":1,"featured_media":0,"parent":4505,"menu_order":0,"comment_status":"closed","ping_status":"closed","template":"","meta":{"footnotes":""},"class_list":["post-6010","page","type-page","status-publish","hentry"],"yoast_head":"<!-- This site is optimized with the Yoast SEO plugin v27.4 - https:\/\/yoast.com\/product\/yoast-seo-wordpress\/ -->\n<title>Werkstoff 1.4845 AISI 310S UNS S31008 - M.F. INOX<\/title>\n<meta name=\"robots\" content=\"index, follow, max-snippet:-1, max-image-preview:large, max-video-preview:-1\" \/>\n<link rel=\"canonical\" href=\"https:\/\/mfinox.com\/fr\/materiaux\/werkstoff-1-4845-aisi-310s-uns-s31008\/\" \/>\n<meta property=\"og:locale\" content=\"fr_FR\" \/>\n<meta property=\"og:type\" content=\"article\" \/>\n<meta property=\"og:title\" content=\"Werkstoff 1.4845 AISI 310S UNS S31008 - M.F. INOX\" \/>\n<meta property=\"og:description\" content=\"Werkstoff 1.4845 AISI 310S UNS S31008 L&rsquo;acier inoxydable aust\u00e9nitique Werkstoff 1.4845 AISI 310S UNS S31008 est un acier adapt\u00e9 aux applications \u00e0 haute temp\u00e9rature. Sa temp\u00e9rature de service maximale en milieu oxydant est de 1 050\u00b0C. Ses caract\u00e9ristiques le rendent id\u00e9al pour les composants de fours industriels et de chaudi\u00e8res, les tubes d&rsquo;expansion et les [&hellip;]\" \/>\n<meta property=\"og:url\" content=\"https:\/\/mfinox.com\/fr\/materiaux\/werkstoff-1-4845-aisi-310s-uns-s31008\/\" \/>\n<meta property=\"og:site_name\" content=\"M.F. INOX\" \/>\n<meta property=\"article:modified_time\" content=\"2024-09-06T10:23:19+00:00\" \/>\n<meta name=\"twitter:card\" content=\"summary_large_image\" \/>\n<meta name=\"twitter:label1\" content=\"Dur\u00e9e de lecture estim\u00e9e\" \/>\n\t<meta name=\"twitter:data1\" content=\"1 minute\" \/>\n<script type=\"application\/ld+json\" class=\"yoast-schema-graph\">{\"@context\":\"https:\\\/\\\/schema.org\",\"@graph\":[{\"@type\":\"WebPage\",\"@id\":\"https:\\\/\\\/mfinox.com\\\/fr\\\/materiaux\\\/werkstoff-1-4845-aisi-310s-uns-s31008\\\/\",\"url\":\"https:\\\/\\\/mfinox.com\\\/fr\\\/materiaux\\\/werkstoff-1-4845-aisi-310s-uns-s31008\\\/\",\"name\":\"Werkstoff 1.4845 AISI 310S UNS S31008 - M.F. INOX\",\"isPartOf\":{\"@id\":\"https:\\\/\\\/mfinox.com\\\/fr\\\/#website\"},\"datePublished\":\"2024-05-27T12:27:10+00:00\",\"dateModified\":\"2024-09-06T10:23:19+00:00\",\"breadcrumb\":{\"@id\":\"https:\\\/\\\/mfinox.com\\\/fr\\\/materiaux\\\/werkstoff-1-4845-aisi-310s-uns-s31008\\\/#breadcrumb\"},\"inLanguage\":\"fr-FR\",\"potentialAction\":[{\"@type\":\"ReadAction\",\"target\":[\"https:\\\/\\\/mfinox.com\\\/fr\\\/materiaux\\\/werkstoff-1-4845-aisi-310s-uns-s31008\\\/\"]}]},{\"@type\":\"BreadcrumbList\",\"@id\":\"https:\\\/\\\/mfinox.com\\\/fr\\\/materiaux\\\/werkstoff-1-4845-aisi-310s-uns-s31008\\\/#breadcrumb\",\"itemListElement\":[{\"@type\":\"ListItem\",\"position\":1,\"name\":\"Home\",\"item\":\"https:\\\/\\\/mfinox.com\\\/fr\\\/\"},{\"@type\":\"ListItem\",\"position\":2,\"name\":\"Mat\u00e9riaux\",\"item\":\"https:\\\/\\\/mfinox.com\\\/fr\\\/materiaux\\\/\"},{\"@type\":\"ListItem\",\"position\":3,\"name\":\"Werkstoff 1.4845 AISI 310S UNS S31008\"}]},{\"@type\":\"WebSite\",\"@id\":\"https:\\\/\\\/mfinox.com\\\/fr\\\/#website\",\"url\":\"https:\\\/\\\/mfinox.com\\\/fr\\\/\",\"name\":\"M.F. INOX\",\"description\":\"\",\"publisher\":{\"@id\":\"https:\\\/\\\/mfinox.com\\\/fr\\\/#organization\"},\"potentialAction\":[{\"@type\":\"SearchAction\",\"target\":{\"@type\":\"EntryPoint\",\"urlTemplate\":\"https:\\\/\\\/mfinox.com\\\/fr\\\/?s={search_term_string}\"},\"query-input\":{\"@type\":\"PropertyValueSpecification\",\"valueRequired\":true,\"valueName\":\"search_term_string\"}}],\"inLanguage\":\"fr-FR\"},{\"@type\":\"Organization\",\"@id\":\"https:\\\/\\\/mfinox.com\\\/fr\\\/#organization\",\"name\":\"M.F. INOX\",\"url\":\"https:\\\/\\\/mfinox.com\\\/fr\\\/\",\"logo\":{\"@type\":\"ImageObject\",\"inLanguage\":\"fr-FR\",\"@id\":\"https:\\\/\\\/mfinox.com\\\/fr\\\/#\\\/schema\\\/logo\\\/image\\\/\",\"url\":\"https:\\\/\\\/mfinox.com\\\/wp-content\\\/uploads\\\/2024\\\/05\\\/mf-inox_logo_neg.png\",\"contentUrl\":\"https:\\\/\\\/mfinox.com\\\/wp-content\\\/uploads\\\/2024\\\/05\\\/mf-inox_logo_neg.png\",\"width\":1949,\"height\":662,\"caption\":\"M.F. INOX\"},\"image\":{\"@id\":\"https:\\\/\\\/mfinox.com\\\/fr\\\/#\\\/schema\\\/logo\\\/image\\\/\"}}]}<\/script>\n<!-- \/ Yoast SEO plugin. -->","yoast_head_json":{"title":"Werkstoff 1.4845 AISI 310S UNS S31008 - M.F. INOX","robots":{"index":"index","follow":"follow","max-snippet":"max-snippet:-1","max-image-preview":"max-image-preview:large","max-video-preview":"max-video-preview:-1"},"canonical":"https:\/\/mfinox.com\/fr\/materiaux\/werkstoff-1-4845-aisi-310s-uns-s31008\/","og_locale":"fr_FR","og_type":"article","og_title":"Werkstoff 1.4845 AISI 310S UNS S31008 - M.F. INOX","og_description":"Werkstoff 1.4845 AISI 310S UNS S31008 L&rsquo;acier inoxydable aust\u00e9nitique Werkstoff 1.4845 AISI 310S UNS S31008 est un acier adapt\u00e9 aux applications \u00e0 haute temp\u00e9rature. Sa temp\u00e9rature de service maximale en milieu oxydant est de 1 050\u00b0C. Ses caract\u00e9ristiques le rendent id\u00e9al pour les composants de fours industriels et de chaudi\u00e8res, les tubes d&rsquo;expansion et les [&hellip;]","og_url":"https:\/\/mfinox.com\/fr\/materiaux\/werkstoff-1-4845-aisi-310s-uns-s31008\/","og_site_name":"M.F. INOX","article_modified_time":"2024-09-06T10:23:19+00:00","twitter_card":"summary_large_image","twitter_misc":{"Dur\u00e9e de lecture estim\u00e9e":"1 minute"},"schema":{"@context":"https:\/\/schema.org","@graph":[{"@type":"WebPage","@id":"https:\/\/mfinox.com\/fr\/materiaux\/werkstoff-1-4845-aisi-310s-uns-s31008\/","url":"https:\/\/mfinox.com\/fr\/materiaux\/werkstoff-1-4845-aisi-310s-uns-s31008\/","name":"Werkstoff 1.4845 AISI 310S UNS S31008 - M.F. INOX","isPartOf":{"@id":"https:\/\/mfinox.com\/fr\/#website"},"datePublished":"2024-05-27T12:27:10+00:00","dateModified":"2024-09-06T10:23:19+00:00","breadcrumb":{"@id":"https:\/\/mfinox.com\/fr\/materiaux\/werkstoff-1-4845-aisi-310s-uns-s31008\/#breadcrumb"},"inLanguage":"fr-FR","potentialAction":[{"@type":"ReadAction","target":["https:\/\/mfinox.com\/fr\/materiaux\/werkstoff-1-4845-aisi-310s-uns-s31008\/"]}]},{"@type":"BreadcrumbList","@id":"https:\/\/mfinox.com\/fr\/materiaux\/werkstoff-1-4845-aisi-310s-uns-s31008\/#breadcrumb","itemListElement":[{"@type":"ListItem","position":1,"name":"Home","item":"https:\/\/mfinox.com\/fr\/"},{"@type":"ListItem","position":2,"name":"Mat\u00e9riaux","item":"https:\/\/mfinox.com\/fr\/materiaux\/"},{"@type":"ListItem","position":3,"name":"Werkstoff 1.4845 AISI 310S UNS S31008"}]},{"@type":"WebSite","@id":"https:\/\/mfinox.com\/fr\/#website","url":"https:\/\/mfinox.com\/fr\/","name":"M.F. INOX","description":"","publisher":{"@id":"https:\/\/mfinox.com\/fr\/#organization"},"potentialAction":[{"@type":"SearchAction","target":{"@type":"EntryPoint","urlTemplate":"https:\/\/mfinox.com\/fr\/?s={search_term_string}"},"query-input":{"@type":"PropertyValueSpecification","valueRequired":true,"valueName":"search_term_string"}}],"inLanguage":"fr-FR"},{"@type":"Organization","@id":"https:\/\/mfinox.com\/fr\/#organization","name":"M.F. INOX","url":"https:\/\/mfinox.com\/fr\/","logo":{"@type":"ImageObject","inLanguage":"fr-FR","@id":"https:\/\/mfinox.com\/fr\/#\/schema\/logo\/image\/","url":"https:\/\/mfinox.com\/wp-content\/uploads\/2024\/05\/mf-inox_logo_neg.png","contentUrl":"https:\/\/mfinox.com\/wp-content\/uploads\/2024\/05\/mf-inox_logo_neg.png","width":1949,"height":662,"caption":"M.F. INOX"},"image":{"@id":"https:\/\/mfinox.com\/fr\/#\/schema\/logo\/image\/"}}]}},"_links":{"self":[{"href":"https:\/\/mfinox.com\/fr\/wp-json\/wp\/v2\/pages\/6010","targetHints":{"allow":["GET"]}}],"collection":[{"href":"https:\/\/mfinox.com\/fr\/wp-json\/wp\/v2\/pages"}],"about":[{"href":"https:\/\/mfinox.com\/fr\/wp-json\/wp\/v2\/types\/page"}],"author":[{"embeddable":true,"href":"https:\/\/mfinox.com\/fr\/wp-json\/wp\/v2\/users\/1"}],"replies":[{"embeddable":true,"href":"https:\/\/mfinox.com\/fr\/wp-json\/wp\/v2\/comments?post=6010"}],"version-history":[{"count":0,"href":"https:\/\/mfinox.com\/fr\/wp-json\/wp\/v2\/pages\/6010\/revisions"}],"up":[{"embeddable":true,"href":"https:\/\/mfinox.com\/fr\/wp-json\/wp\/v2\/pages\/4505"}],"wp:attachment":[{"href":"https:\/\/mfinox.com\/fr\/wp-json\/wp\/v2\/media?parent=6010"}],"curies":[{"name":"wp","href":"https:\/\/api.w.org\/{rel}","templated":true}]}}