{"id":5991,"date":"2024-06-04T11:42:04","date_gmt":"2024-06-04T11:42:04","guid":{"rendered":"https:\/\/mfinox.com\/materiaux\/monel-k-500-w-2-4375-uns-n05500\/"},"modified":"2024-09-06T10:21:10","modified_gmt":"2024-09-06T10:21:10","slug":"monel-k-500-w-2-4375-uns-n05500","status":"publish","type":"page","link":"https:\/\/mfinox.com\/fr\/materiaux\/monel-k-500-w-2-4375-uns-n05500\/","title":{"rendered":"MONEL\u00ae K-500 W 2.4375 UNS N05500"},"content":{"rendered":"\t\t<div data-elementor-type=\"wp-page\" data-elementor-id=\"5991\" class=\"elementor elementor-5991 elementor-1819\" data-elementor-post-type=\"page\">\n\t\t\t\t<div class=\"elementor-element elementor-element-cbb999a e-flex e-con-boxed e-con e-parent\" data-id=\"cbb999a\" data-element_type=\"container\" data-e-type=\"container\" data-settings=\"{&quot;background_background&quot;:&quot;classic&quot;}\">\n\t\t\t\t\t<div class=\"e-con-inner\">\n\t\t\t\t<div class=\"elementor-element elementor-element-d29995f titolo-materiali elementor-invisible elementor-widget elementor-widget-heading\" data-id=\"d29995f\" data-element_type=\"widget\" data-e-type=\"widget\" data-settings=\"{&quot;_animation&quot;:&quot;fadeIn&quot;}\" data-widget_type=\"heading.default\">\n\t\t\t\t<div class=\"elementor-widget-container\">\n\t\t\t\t\t<h1 class=\"elementor-heading-title elementor-size-default\">MONEL\u00ae K-500 W 2.4375 UNS N05500  <\/h1>\t\t\t\t<\/div>\n\t\t\t\t<\/div>\n\t\t\t\t<div class=\"elementor-element elementor-element-3e2ba280 elementor-invisible elementor-widget elementor-widget-shortcode\" data-id=\"3e2ba280\" data-element_type=\"widget\" data-e-type=\"widget\" data-settings=\"{&quot;_animation&quot;:&quot;fadeIn&quot;}\" data-widget_type=\"shortcode.default\">\n\t\t\t\t<div class=\"elementor-widget-container\">\n\t\t\t\t\t\t\t<div class=\"elementor-shortcode\"><nav aria-label=\"breadcrumb\"><div class=\"breadcrumb\"><span class=\"breadcrumb-item\"><a href=\"https:\/\/mfinox.com\/fr\/\" style=\"color: #F3912E;\">Home<\/a><\/span><\/div><\/nav><\/div>\n\t\t\t\t\t\t<\/div>\n\t\t\t\t<\/div>\n\t\t\t\t\t<\/div>\n\t\t\t\t<\/div>\n\t\t<div class=\"elementor-element elementor-element-6c1e9d1b e-flex e-con-boxed elementor-invisible e-con e-parent\" data-id=\"6c1e9d1b\" data-element_type=\"container\" data-e-type=\"container\" data-settings=\"{&quot;animation&quot;:&quot;fadeInUp&quot;}\">\n\t\t\t\t\t<div class=\"e-con-inner\">\n\t\t\t\t<div class=\"elementor-element elementor-element-673a87f0 elementor-widget elementor-widget-text-editor\" data-id=\"673a87f0\" data-element_type=\"widget\" data-e-type=\"widget\" data-widget_type=\"text-editor.default\">\n\t\t\t\t<div class=\"elementor-widget-container\">\n\t\t\t\t\t\t\t\t\tL&rsquo;alliage MONEL\u00ae K-500 W 2.4375 UNS N05500 est un alliage nickel-cuivre qui combine l&rsquo;excellente r\u00e9sistance \u00e0 la corrosion de l&rsquo;alliage MONEL 400 avec les avantages suppl\u00e9mentaires d&rsquo;une r\u00e9sistance m\u00e9canique et d&rsquo;une duret\u00e9 accrues gr\u00e2ce \u00e0 l&rsquo;ajout d&rsquo;aluminium et de titane.\nContrairement au MONEL 400, ce mat\u00e9riau peut \u00eatre durci par un traitement thermique de vieillissement.\nL&rsquo;alliage MONEL\u00ae K-500 W 2.4375 UNS N05500 convient aux applications \u00e0 basse et haute temp\u00e9rature dans des environnements corrosifs.\nLes applications typiques de l&rsquo;alliage MONEL\u00ae K-500 W 2.4375 UNS N05500 sont : les fixations et les ressorts pour les applications marines, les composants de pompes et de vannes pour le raffinage chimique et p\u00e9trolier et l&rsquo;exploitation mini\u00e8re.     <h2><b>COMPOSITION CHIMIQUE MONEL\u00ae K-500 W 2.4375 UNS N05500<\/b><\/h2>\n<table class=\"responsive-table\">\n<tbody>\n<tr>\n<th>\u00c9l\u00e9ment<\/th><th>Min<\/th><th>Max<\/th>\n<\/tr>\n<tr>\n<td>Ni<\/td><td>63<\/td><td>&#8212;<\/td>\n<\/tr>\n<tr>\n<td>C<\/td><td>&#8212;<\/td><td>0.25<\/td>\n<\/tr>\n<tr>\n<td>Mn<\/td><td>&#8212;<\/td><td>1.5<\/td>\n<\/tr>\n<tr>\n<td>Oui<\/td><td>&#8212;<\/td><td>0.5<\/td>\n<\/tr>\n<tr>\n<td>S<\/td><td>&#8212;<\/td><td>0.01<\/td>\n<\/tr>\n<tr>\n<td>Cu<\/td><td>27.0<\/td><td>33.0<\/td>\n<\/tr>\n<tr>\n<td>Au<\/td><td>2.30<\/td><td>3.15<\/td>\n<\/tr>\n<tr>\n<td>Ti<\/td><td>0.35<\/td><td>0.85<\/td>\n<\/tr>\n<\/tbody>\n<\/table>\n<h2><b>PROPRI\u00c9T\u00c9S M\u00c9CANIQUES MONEL\u00ae K-500 W 2.4375 UNS N05500<\/b><\/h2>\n<table class=\"responsive-table\">\n<tbody>\n<tr>\n<th>Mat\u00e9riau<\/th>\n<th>Ligue<\/th>\n<th>Rm min (MPa)<\/th>\n<th>Rp 0,2 min (MPa)<\/th>\n<th>A% min<\/th>\n<th>Duret\u00e9<\/th>\n<\/tr>\n<tr>\n<td>MONEL\u00ae K-500 UNS N05500<\/td>\n<td>2.4375<\/td>\n<td>896 &#8211; 1310<\/td>\n<td>586 &#8211; 827<\/td>\n<td>32-20<\/td>\n<td>24-35 HRC<\/td>\n<\/tr>\n<\/tbody>\n<\/table>\n<h2><b>PROPRI\u00c9T\u00c9S PHYSIQUES MONEL\u00ae K-500 W 2.4375 UNS N05500<\/b><\/h2>\n<ul>\n \t<li>Poids sp\u00e9cifique : 844 Kg\/dm\u00b3 \u00e0 20\u00b0C<\/li>\n \t<li>Module d&rsquo;\u00e9lasticit\u00e9 : 260 000 N\/mm\u00b2 \u00e0 20\u00b0C<\/li>\n \t<li>Non-magn\u00e9tique (jusqu&rsquo;\u00e0 -101\u00b0C)<\/li>\n<\/ul>\n&nbsp;\n<h2><b>CORRESPONDANCE ET SP\u00c9CIFICATIONS MONEL\u00ae K-500 W 2.4375 UNS N05500<\/b><\/h2>\n<ul>\n \t<li>W : 2.4375<\/li>\n \t<li>NACE : MR-01-75<\/li>\n \t<li>UNS : N05500<\/li>\n \t<li>QQ-N-286<\/li>\n \t<li>ASTM : B865<\/li>\n<\/ul>\n\t\t<div data-elementor-type=\"section\" data-elementor-id=\"2152\" class=\"elementor elementor-2152\" data-elementor-post-type=\"elementor_library\">\n\t\t\t<div class=\"elementor-element elementor-element-1a5312d e-flex e-con-boxed e-con e-parent\" data-id=\"1a5312d\" data-element_type=\"container\" data-e-type=\"container\">\n\t\t\t\t\t<div class=\"e-con-inner\">\n\t\t\t\t<div class=\"elementor-element elementor-element-703a4b7 elementor-widget elementor-widget-spacer\" data-id=\"703a4b7\" data-element_type=\"widget\" data-e-type=\"widget\" data-widget_type=\"spacer.default\">\n\t\t\t\t<div class=\"elementor-widget-container\">\n\t\t\t\t\t\t\t<div class=\"elementor-spacer\">\n\t\t\t<div class=\"elementor-spacer-inner\"><\/div>\n\t\t<\/div>\n\t\t\t\t\t\t<\/div>\n\t\t\t\t<\/div>\n\t\t\t\t\t<\/div>\n\t\t\t\t<\/div>\n\t\t\t\t<\/div>\n\t\t\t\t\t\t\t\t\t\t<\/div>\n\t\t\t\t<\/div>\n\t\t\t\t\t<\/div>\n\t\t\t\t<\/div>\n\t\t\t\t<\/div>\n\t\t","protected":false},"excerpt":{"rendered":"<p>MONEL\u00ae K-500 W 2.4375 UNS N05500 L&rsquo;alliage MONEL\u00ae K-500 W 2.4375 UNS N05500 est un alliage nickel-cuivre qui combine l&rsquo;excellente r\u00e9sistance \u00e0 la corrosion de l&rsquo;alliage MONEL 400 avec les avantages suppl\u00e9mentaires d&rsquo;une r\u00e9sistance m\u00e9canique et d&rsquo;une duret\u00e9 accrues gr\u00e2ce \u00e0 l&rsquo;ajout d&rsquo;aluminium et de titane. Contrairement au MONEL 400, ce mat\u00e9riau peut \u00eatre durci [&hellip;]<\/p>\n","protected":false},"author":1,"featured_media":0,"parent":4505,"menu_order":0,"comment_status":"closed","ping_status":"closed","template":"","meta":{"footnotes":""},"class_list":["post-5991","page","type-page","status-publish","hentry"],"yoast_head":"<!-- This site is optimized with the Yoast SEO plugin v27.6 - https:\/\/yoast.com\/product\/yoast-seo-wordpress\/ -->\n<title>MONEL\u00ae K-500 W 2.4375 UNS N05500 - M.F. INOX<\/title>\n<meta name=\"robots\" content=\"index, follow, max-snippet:-1, max-image-preview:large, max-video-preview:-1\" \/>\n<link rel=\"canonical\" href=\"https:\/\/mfinox.com\/fr\/materiaux\/monel-k-500-w-2-4375-uns-n05500\/\" \/>\n<meta property=\"og:locale\" content=\"fr_FR\" \/>\n<meta property=\"og:type\" content=\"article\" \/>\n<meta property=\"og:title\" content=\"MONEL\u00ae K-500 W 2.4375 UNS N05500 - M.F. INOX\" \/>\n<meta property=\"og:description\" content=\"MONEL\u00ae K-500 W 2.4375 UNS N05500 L&rsquo;alliage MONEL\u00ae K-500 W 2.4375 UNS N05500 est un alliage nickel-cuivre qui combine l&rsquo;excellente r\u00e9sistance \u00e0 la corrosion de l&rsquo;alliage MONEL 400 avec les avantages suppl\u00e9mentaires d&rsquo;une r\u00e9sistance m\u00e9canique et d&rsquo;une duret\u00e9 accrues gr\u00e2ce \u00e0 l&rsquo;ajout d&rsquo;aluminium et de titane. Contrairement au MONEL 400, ce mat\u00e9riau peut \u00eatre durci [&hellip;]\" \/>\n<meta property=\"og:url\" content=\"https:\/\/mfinox.com\/fr\/materiaux\/monel-k-500-w-2-4375-uns-n05500\/\" \/>\n<meta property=\"og:site_name\" content=\"M.F. INOX\" \/>\n<meta property=\"article:modified_time\" content=\"2024-09-06T10:21:10+00:00\" \/>\n<meta name=\"twitter:card\" content=\"summary_large_image\" \/>\n<meta name=\"twitter:label1\" content=\"Dur\u00e9e de lecture estim\u00e9e\" \/>\n\t<meta name=\"twitter:data1\" content=\"1 minute\" \/>\n<script type=\"application\/ld+json\" class=\"yoast-schema-graph\">{\"@context\":\"https:\\\/\\\/schema.org\",\"@graph\":[{\"@type\":\"WebPage\",\"@id\":\"https:\\\/\\\/mfinox.com\\\/fr\\\/materiaux\\\/monel-k-500-w-2-4375-uns-n05500\\\/\",\"url\":\"https:\\\/\\\/mfinox.com\\\/fr\\\/materiaux\\\/monel-k-500-w-2-4375-uns-n05500\\\/\",\"name\":\"MONEL\u00ae K-500 W 2.4375 UNS N05500 - M.F. INOX\",\"isPartOf\":{\"@id\":\"https:\\\/\\\/mfinox.com\\\/fr\\\/#website\"},\"datePublished\":\"2024-06-04T11:42:04+00:00\",\"dateModified\":\"2024-09-06T10:21:10+00:00\",\"breadcrumb\":{\"@id\":\"https:\\\/\\\/mfinox.com\\\/fr\\\/materiaux\\\/monel-k-500-w-2-4375-uns-n05500\\\/#breadcrumb\"},\"inLanguage\":\"fr-FR\",\"potentialAction\":[{\"@type\":\"ReadAction\",\"target\":[\"https:\\\/\\\/mfinox.com\\\/fr\\\/materiaux\\\/monel-k-500-w-2-4375-uns-n05500\\\/\"]}]},{\"@type\":\"BreadcrumbList\",\"@id\":\"https:\\\/\\\/mfinox.com\\\/fr\\\/materiaux\\\/monel-k-500-w-2-4375-uns-n05500\\\/#breadcrumb\",\"itemListElement\":[{\"@type\":\"ListItem\",\"position\":1,\"name\":\"Home\",\"item\":\"https:\\\/\\\/mfinox.com\\\/fr\\\/\"},{\"@type\":\"ListItem\",\"position\":2,\"name\":\"Mat\u00e9riaux\",\"item\":\"https:\\\/\\\/mfinox.com\\\/fr\\\/materiaux\\\/\"},{\"@type\":\"ListItem\",\"position\":3,\"name\":\"MONEL\u00ae K-500 W 2.4375 UNS N05500\"}]},{\"@type\":\"WebSite\",\"@id\":\"https:\\\/\\\/mfinox.com\\\/fr\\\/#website\",\"url\":\"https:\\\/\\\/mfinox.com\\\/fr\\\/\",\"name\":\"M.F. INOX\",\"description\":\"\",\"publisher\":{\"@id\":\"https:\\\/\\\/mfinox.com\\\/fr\\\/#organization\"},\"potentialAction\":[{\"@type\":\"SearchAction\",\"target\":{\"@type\":\"EntryPoint\",\"urlTemplate\":\"https:\\\/\\\/mfinox.com\\\/fr\\\/?s={search_term_string}\"},\"query-input\":{\"@type\":\"PropertyValueSpecification\",\"valueRequired\":true,\"valueName\":\"search_term_string\"}}],\"inLanguage\":\"fr-FR\"},{\"@type\":\"Organization\",\"@id\":\"https:\\\/\\\/mfinox.com\\\/fr\\\/#organization\",\"name\":\"M.F. INOX\",\"url\":\"https:\\\/\\\/mfinox.com\\\/fr\\\/\",\"logo\":{\"@type\":\"ImageObject\",\"inLanguage\":\"fr-FR\",\"@id\":\"https:\\\/\\\/mfinox.com\\\/fr\\\/#\\\/schema\\\/logo\\\/image\\\/\",\"url\":\"https:\\\/\\\/mfinox.com\\\/wp-content\\\/uploads\\\/2024\\\/05\\\/mf-inox_logo_neg.png\",\"contentUrl\":\"https:\\\/\\\/mfinox.com\\\/wp-content\\\/uploads\\\/2024\\\/05\\\/mf-inox_logo_neg.png\",\"width\":1949,\"height\":662,\"caption\":\"M.F. INOX\"},\"image\":{\"@id\":\"https:\\\/\\\/mfinox.com\\\/fr\\\/#\\\/schema\\\/logo\\\/image\\\/\"}}]}<\/script>\n<!-- \/ Yoast SEO plugin. -->","yoast_head_json":{"title":"MONEL\u00ae K-500 W 2.4375 UNS N05500 - M.F. INOX","robots":{"index":"index","follow":"follow","max-snippet":"max-snippet:-1","max-image-preview":"max-image-preview:large","max-video-preview":"max-video-preview:-1"},"canonical":"https:\/\/mfinox.com\/fr\/materiaux\/monel-k-500-w-2-4375-uns-n05500\/","og_locale":"fr_FR","og_type":"article","og_title":"MONEL\u00ae K-500 W 2.4375 UNS N05500 - M.F. INOX","og_description":"MONEL\u00ae K-500 W 2.4375 UNS N05500 L&rsquo;alliage MONEL\u00ae K-500 W 2.4375 UNS N05500 est un alliage nickel-cuivre qui combine l&rsquo;excellente r\u00e9sistance \u00e0 la corrosion de l&rsquo;alliage MONEL 400 avec les avantages suppl\u00e9mentaires d&rsquo;une r\u00e9sistance m\u00e9canique et d&rsquo;une duret\u00e9 accrues gr\u00e2ce \u00e0 l&rsquo;ajout d&rsquo;aluminium et de titane. Contrairement au MONEL 400, ce mat\u00e9riau peut \u00eatre durci [&hellip;]","og_url":"https:\/\/mfinox.com\/fr\/materiaux\/monel-k-500-w-2-4375-uns-n05500\/","og_site_name":"M.F. INOX","article_modified_time":"2024-09-06T10:21:10+00:00","twitter_card":"summary_large_image","twitter_misc":{"Dur\u00e9e de lecture estim\u00e9e":"1 minute"},"schema":{"@context":"https:\/\/schema.org","@graph":[{"@type":"WebPage","@id":"https:\/\/mfinox.com\/fr\/materiaux\/monel-k-500-w-2-4375-uns-n05500\/","url":"https:\/\/mfinox.com\/fr\/materiaux\/monel-k-500-w-2-4375-uns-n05500\/","name":"MONEL\u00ae K-500 W 2.4375 UNS N05500 - M.F. INOX","isPartOf":{"@id":"https:\/\/mfinox.com\/fr\/#website"},"datePublished":"2024-06-04T11:42:04+00:00","dateModified":"2024-09-06T10:21:10+00:00","breadcrumb":{"@id":"https:\/\/mfinox.com\/fr\/materiaux\/monel-k-500-w-2-4375-uns-n05500\/#breadcrumb"},"inLanguage":"fr-FR","potentialAction":[{"@type":"ReadAction","target":["https:\/\/mfinox.com\/fr\/materiaux\/monel-k-500-w-2-4375-uns-n05500\/"]}]},{"@type":"BreadcrumbList","@id":"https:\/\/mfinox.com\/fr\/materiaux\/monel-k-500-w-2-4375-uns-n05500\/#breadcrumb","itemListElement":[{"@type":"ListItem","position":1,"name":"Home","item":"https:\/\/mfinox.com\/fr\/"},{"@type":"ListItem","position":2,"name":"Mat\u00e9riaux","item":"https:\/\/mfinox.com\/fr\/materiaux\/"},{"@type":"ListItem","position":3,"name":"MONEL\u00ae K-500 W 2.4375 UNS N05500"}]},{"@type":"WebSite","@id":"https:\/\/mfinox.com\/fr\/#website","url":"https:\/\/mfinox.com\/fr\/","name":"M.F. INOX","description":"","publisher":{"@id":"https:\/\/mfinox.com\/fr\/#organization"},"potentialAction":[{"@type":"SearchAction","target":{"@type":"EntryPoint","urlTemplate":"https:\/\/mfinox.com\/fr\/?s={search_term_string}"},"query-input":{"@type":"PropertyValueSpecification","valueRequired":true,"valueName":"search_term_string"}}],"inLanguage":"fr-FR"},{"@type":"Organization","@id":"https:\/\/mfinox.com\/fr\/#organization","name":"M.F. INOX","url":"https:\/\/mfinox.com\/fr\/","logo":{"@type":"ImageObject","inLanguage":"fr-FR","@id":"https:\/\/mfinox.com\/fr\/#\/schema\/logo\/image\/","url":"https:\/\/mfinox.com\/wp-content\/uploads\/2024\/05\/mf-inox_logo_neg.png","contentUrl":"https:\/\/mfinox.com\/wp-content\/uploads\/2024\/05\/mf-inox_logo_neg.png","width":1949,"height":662,"caption":"M.F. INOX"},"image":{"@id":"https:\/\/mfinox.com\/fr\/#\/schema\/logo\/image\/"}}]}},"_links":{"self":[{"href":"https:\/\/mfinox.com\/fr\/wp-json\/wp\/v2\/pages\/5991","targetHints":{"allow":["GET"]}}],"collection":[{"href":"https:\/\/mfinox.com\/fr\/wp-json\/wp\/v2\/pages"}],"about":[{"href":"https:\/\/mfinox.com\/fr\/wp-json\/wp\/v2\/types\/page"}],"author":[{"embeddable":true,"href":"https:\/\/mfinox.com\/fr\/wp-json\/wp\/v2\/users\/1"}],"replies":[{"embeddable":true,"href":"https:\/\/mfinox.com\/fr\/wp-json\/wp\/v2\/comments?post=5991"}],"version-history":[{"count":0,"href":"https:\/\/mfinox.com\/fr\/wp-json\/wp\/v2\/pages\/5991\/revisions"}],"up":[{"embeddable":true,"href":"https:\/\/mfinox.com\/fr\/wp-json\/wp\/v2\/pages\/4505"}],"wp:attachment":[{"href":"https:\/\/mfinox.com\/fr\/wp-json\/wp\/v2\/media?parent=5991"}],"curies":[{"name":"wp","href":"https:\/\/api.w.org\/{rel}","templated":true}]}}