{"id":5983,"date":"2024-06-11T16:36:45","date_gmt":"2024-06-11T16:36:45","guid":{"rendered":"https:\/\/mfinox.com\/rondelles\/"},"modified":"2024-09-06T10:23:17","modified_gmt":"2024-09-06T10:23:17","slug":"rondelles","status":"publish","type":"page","link":"https:\/\/mfinox.com\/fr\/produits\/rondelles\/","title":{"rendered":"Rondelles"},"content":{"rendered":"\t\t<div data-elementor-type=\"wp-page\" data-elementor-id=\"5983\" class=\"elementor elementor-5983 elementor-1838\" data-elementor-post-type=\"page\">\n\t\t\t\t<div class=\"elementor-element elementor-element-7b87a266 e-flex e-con-boxed e-con e-parent\" data-id=\"7b87a266\" data-element_type=\"container\" data-e-type=\"container\" data-settings=\"{&quot;background_background&quot;:&quot;classic&quot;}\">\n\t\t\t\t\t<div class=\"e-con-inner\">\n\t\t\t\t<div class=\"elementor-element elementor-element-81f574 elementor-invisible elementor-widget elementor-widget-heading\" data-id=\"81f574\" data-element_type=\"widget\" data-e-type=\"widget\" data-settings=\"{&quot;_animation&quot;:&quot;fadeIn&quot;}\" data-widget_type=\"heading.default\">\n\t\t\t\t<div class=\"elementor-widget-container\">\n\t\t\t\t\t<h1 class=\"elementor-heading-title elementor-size-default\">Rondelles<\/h1>\t\t\t\t<\/div>\n\t\t\t\t<\/div>\n\t\t\t\t<div class=\"elementor-element elementor-element-540553d4 elementor-invisible elementor-widget elementor-widget-shortcode\" data-id=\"540553d4\" data-element_type=\"widget\" data-e-type=\"widget\" data-settings=\"{&quot;_animation&quot;:&quot;fadeIn&quot;}\" data-widget_type=\"shortcode.default\">\n\t\t\t\t<div class=\"elementor-widget-container\">\n\t\t\t\t\t\t\t<div class=\"elementor-shortcode\"><nav aria-label=\"breadcrumb\"><div class=\"breadcrumb\"><span class=\"breadcrumb-item\"><a href=\"https:\/\/mfinox.com\/fr\/\" style=\"color: #F3912E;\">Home<\/a><\/span><\/div><\/nav><\/div>\n\t\t\t\t\t\t<\/div>\n\t\t\t\t<\/div>\n\t\t\t\t\t<\/div>\n\t\t\t\t<\/div>\n\t\t<div class=\"elementor-element elementor-element-9bcc3a1 e-flex e-con-boxed elementor-invisible e-con e-parent\" data-id=\"9bcc3a1\" data-element_type=\"container\" data-e-type=\"container\" data-settings=\"{&quot;animation&quot;:&quot;fadeInUp&quot;}\">\n\t\t\t\t\t<div class=\"e-con-inner\">\n\t\t\t\t<div class=\"elementor-element elementor-element-222376bc elementor-widget elementor-widget-text-editor\" data-id=\"222376bc\" data-element_type=\"widget\" data-e-type=\"widget\" data-widget_type=\"text-editor.default\">\n\t\t\t\t<div class=\"elementor-widget-container\">\n\t\t\t\t\t\t\t\t\t<p>Les rondelles en acier inoxydable de MF INOX sont fabriqu\u00e9es pour garantir une r\u00e9sistance \u00e0 la corrosion et une durabilit\u00e9 maximales en respectant les principales normes internationales.<\/p>\n<p>Ils sont disponibles en diff\u00e9rentes tailles et \u00e9paisseurs pour r\u00e9pondre aux diff\u00e9rents besoins de fixation.<\/p>\n<p><\/p>\n<h2>Caract\u00e9ristiques principales<\/h2>\n<ul>\n<li><strong>R\u00e9sistance \u00e0 la corrosion :<\/strong> parfait pour les environnements agressifs et les conditions m\u00e9t\u00e9orologiques d\u00e9favorables<strong>.<\/strong> <\/li>\n<li><strong>Durabilit\u00e9 :<\/strong> des mat\u00e9riaux de haute qualit\u00e9 garantissent une longue dur\u00e9e de vie.<\/li>\n<li><strong>Polyvalence :<\/strong> disponible en diff\u00e9rentes formes et tailles pour r\u00e9pondre \u00e0 une large gamme d&rsquo;applications de fixation.<\/li>\n<\/ul>\n<h2>Mat\u00e9riaux<\/h2>\n<p>Nos laveurs sont fabriqu\u00e9s \u00e0 l&rsquo;aide de mat\u00e9riaux de haute qualit\u00e9 afin de garantir des performances optimales dans diff\u00e9rentes conditions d&rsquo;utilisation :<\/p>\n<ul>\n<li><strong>Aciers inoxydables :<\/strong> ils offrent une excellente r\u00e9sistance \u00e0 la corrosion, id\u00e9ale pour les applications marines, chimiques et industrielles.<\/li>\n<li><strong>Aciers duplex et super duplex :<\/strong> ces aciers allient une r\u00e9sistance m\u00e9canique \u00e9lev\u00e9e \u00e0 une r\u00e9sistance \u00e0 la corrosion exceptionnelle, particuli\u00e8rement adapt\u00e9e aux environnements marins et aux applications chimiques.<\/li>\n<li><strong>Alliages de nickel :<\/strong> offrent une r\u00e9sistance sup\u00e9rieure \u00e0 la corrosion et aux temp\u00e9ratures \u00e9lev\u00e9es, parfaits pour les environnements extr\u00eamement agressifs.<\/li>\n<li>Titane <strong>:<\/strong> Connu pour sa l\u00e9g\u00e8ret\u00e9 et sa solidit\u00e9, le titane offre une r\u00e9sistance exceptionnelle \u00e0 la corrosion, id\u00e9ale pour les applications a\u00e9rospatiales et m\u00e9dicales.<\/li>\n<\/ul>\n<h2>Types de laveurs<\/h2>\n<p>D\u00e9couvrez notre gamme de laveurs :<\/p>\n<p><\/p>\n<table class=\"responsive-table\">\n<thead>\n<tr>\n<th>DIN<\/th><th>ISO<\/th><th>NFE<\/th><th>ANSI<\/th><th>UNI<\/th>\n<\/tr>\n<\/thead>\n<tbody>\n<tr>\n<td>125<\/td><td>7089<\/td><td>25513<\/td><td>B18.22.1<\/td><td>6592<\/td>\n<\/tr>\n<tr>\n<td>126<\/td><td>7090<\/td><td>25115<\/td><td>B18.21.1<\/td><td>6593<\/td>\n<\/tr>\n<tr>\n<td>127<\/td><td>7092<\/td><td>25514<\/td>\n<td>&nbsp;<\/td>\n<td>&nbsp;<\/td>\n<\/tr>\n<tr>\n<td>1751<\/td>\n<td>&nbsp;<\/td>\n<td>&nbsp;<\/td>\n<td>&nbsp;<\/td>\n<td>&nbsp;<\/td>\n<\/tr>\n<tr>\n<td>9021<\/td><td>7093<\/td><td>27711<\/td>\n<td>&nbsp;<\/td>\n<td>&nbsp;<\/td>\n<\/tr>\n<tr>\n<td>5714<\/td>\n<td>&nbsp;<\/td>\n<td>&nbsp;<\/td>\n<td>&nbsp;<\/td>\n<td>&nbsp;<\/td>\n<\/tr>\n<tr>\n<td>6916<\/td><td>&nbsp;<\/td><td>25513<\/td><td>&nbsp;<\/td><td>&nbsp;<\/td>\n<\/tr>\n<tr>\n<td>6600<\/td><td>&nbsp;<\/td><td>25514<\/td><td>&nbsp;<\/td><td>&nbsp;<\/td>\n<\/tr>\n<tr>\n<td>463<\/td>\n<td>&nbsp;<\/td>\n<td>&nbsp;<\/td>\n<td>&nbsp;<\/td>\n<td>&nbsp;<\/td>\n<\/tr>\n<tr>\n<td>433<\/td>\n<td>&nbsp;<\/td>\n<td>&nbsp;<\/td>\n<td>&nbsp;<\/td>\n<td>&nbsp;<\/td>\n<\/tr>\n<tr>\n<td>436<\/td>\n<td>&nbsp;<\/td>\n<td>&nbsp;<\/td>\n<td>&nbsp;<\/td>\n<td>&nbsp;<\/td>\n<\/tr>\n<tr>\n<td>7989<\/td>\n<td>&nbsp;<\/td>\n<td>&nbsp;<\/td>\n<td>&nbsp;<\/td>\n<td>&nbsp;<\/td>\n<\/tr>\n<\/tbody>\n<\/table>\n<h2>Normes de r\u00e9f\u00e9rence :<\/h2>\n<ul>\n<li><strong>ISO 3506<\/strong><\/li>\n<li><strong>EN 898<\/strong><\/li>\n<li><strong>NACE MR0103\/0175<\/strong><\/li>\n<\/ul>\n<p><\/p>\t\t\t\t\t\t\t\t<\/div>\n\t\t\t\t<\/div>\n\t\t\t\t\t<\/div>\n\t\t\t\t<\/div>\n\t\t<div class=\"elementor-element elementor-element-354de40 e-flex e-con-boxed e-con e-parent\" data-id=\"354de40\" data-element_type=\"container\" data-e-type=\"container\">\n\t\t\t\t\t<div class=\"e-con-inner\">\n\t\t\t\t<div class=\"elementor-element elementor-element-fb5ba20 elementor-widget elementor-widget-shortcode\" data-id=\"fb5ba20\" data-element_type=\"widget\" data-e-type=\"widget\" data-widget_type=\"shortcode.default\">\n\t\t\t\t<div class=\"elementor-widget-container\">\n\t\t\t\t\t\t\t<div class=\"elementor-shortcode\">\t\t<div data-elementor-type=\"section\" data-elementor-id=\"7265\" class=\"elementor elementor-7265 elementor-3064 elementor-3064\" data-elementor-post-type=\"elementor_library\">\n\t\t\t<div class=\"elementor-element elementor-element-41265a3 e-flex e-con-boxed e-con e-parent\" data-id=\"41265a3\" data-element_type=\"container\" data-e-type=\"container\">\n\t\t\t\t\t<div class=\"e-con-inner\">\n\t\t\t\t<div class=\"elementor-element elementor-element-bcf5082 elementor-widget elementor-widget-shortcode\" data-id=\"bcf5082\" data-element_type=\"widget\" data-e-type=\"widget\" data-widget_type=\"shortcode.default\">\n\t\t\t\t<div class=\"elementor-widget-container\">\n\t\t\t\t\t\t\t<div class=\"elementor-shortcode\">\t\t<div data-elementor-type=\"section\" data-elementor-id=\"1050\" class=\"elementor elementor-1050\" data-elementor-post-type=\"elementor_library\">\n\t\t\t<div class=\"elementor-element elementor-element-44c4cce e-flex e-con-boxed e-con e-parent\" data-id=\"44c4cce\" data-element_type=\"container\" data-e-type=\"container\">\n\t\t\t\t\t<div class=\"e-con-inner\">\n\t\t\t\t<div class=\"elementor-element elementor-element-f4915f6 elementor-align-center elementor-widget elementor-widget-button\" data-id=\"f4915f6\" data-element_type=\"widget\" data-e-type=\"widget\" data-widget_type=\"button.default\">\n\t\t\t\t<div class=\"elementor-widget-container\">\n\t\t\t\t\t\t\t\t\t<div class=\"elementor-button-wrapper\">\n\t\t\t\t\t<a class=\"elementor-button elementor-button-link elementor-size-sm\" href=\"https:\/\/mfinox.com\/contatti\/\">\n\t\t\t\t\t\t<span class=\"elementor-button-content-wrapper\">\n\t\t\t\t\t\t\t\t\t<span class=\"elementor-button-text\">Contattaci<\/span>\n\t\t\t\t\t<\/span>\n\t\t\t\t\t<\/a>\n\t\t\t\t<\/div>\n\t\t\t\t\t\t\t\t<\/div>\n\t\t\t\t<\/div>\n\t\t\t\t\t<\/div>\n\t\t\t\t<\/div>\n\t\t\t\t<\/div>\n\t\t<\/div>\n\t\t\t\t\t\t<\/div>\n\t\t\t\t<\/div>\n\t\t\t\t\t<\/div>\n\t\t\t\t<\/div>\n\t\t\t\t<\/div>\n\t\t<\/div>\n\t\t\t\t\t\t<\/div>\n\t\t\t\t<\/div>\n\t\t\t\t\t<\/div>\n\t\t\t\t<\/div>\n\t\t\t\t<\/div>\n\t\t","protected":false},"excerpt":{"rendered":"<p>Rondelles Les rondelles en acier inoxydable de MF INOX sont fabriqu\u00e9es pour garantir une r\u00e9sistance \u00e0 la corrosion et une durabilit\u00e9 maximales en respectant les principales normes internationales. Ils sont disponibles en diff\u00e9rentes tailles et \u00e9paisseurs pour r\u00e9pondre aux diff\u00e9rents besoins de fixation. Caract\u00e9ristiques principales R\u00e9sistance \u00e0 la corrosion : parfait pour les environnements agressifs [&hellip;]<\/p>\n","protected":false},"author":1,"featured_media":0,"parent":6002,"menu_order":0,"comment_status":"closed","ping_status":"closed","template":"","meta":{"footnotes":""},"class_list":["post-5983","page","type-page","status-publish","hentry"],"yoast_head":"<!-- This site is optimized with the Yoast SEO plugin v27.4 - https:\/\/yoast.com\/product\/yoast-seo-wordpress\/ -->\n<title>Rondelles - M.F. INOX<\/title>\n<meta name=\"robots\" content=\"index, follow, max-snippet:-1, max-image-preview:large, max-video-preview:-1\" \/>\n<link rel=\"canonical\" href=\"https:\/\/mfinox.com\/fr\/produits\/rondelles\/\" \/>\n<meta property=\"og:locale\" content=\"fr_FR\" \/>\n<meta property=\"og:type\" content=\"article\" \/>\n<meta property=\"og:title\" content=\"Rondelles - M.F. INOX\" \/>\n<meta property=\"og:description\" content=\"Rondelles Les rondelles en acier inoxydable de MF INOX sont fabriqu\u00e9es pour garantir une r\u00e9sistance \u00e0 la corrosion et une durabilit\u00e9 maximales en respectant les principales normes internationales. Ils sont disponibles en diff\u00e9rentes tailles et \u00e9paisseurs pour r\u00e9pondre aux diff\u00e9rents besoins de fixation. Caract\u00e9ristiques principales R\u00e9sistance \u00e0 la corrosion : parfait pour les environnements agressifs [&hellip;]\" \/>\n<meta property=\"og:url\" content=\"https:\/\/mfinox.com\/fr\/produits\/rondelles\/\" \/>\n<meta property=\"og:site_name\" content=\"M.F. INOX\" \/>\n<meta property=\"article:modified_time\" content=\"2024-09-06T10:23:17+00:00\" \/>\n<meta name=\"twitter:card\" content=\"summary_large_image\" \/>\n<meta name=\"twitter:label1\" content=\"Dur\u00e9e de lecture estim\u00e9e\" \/>\n\t<meta name=\"twitter:data1\" content=\"1 minute\" \/>\n<script type=\"application\/ld+json\" class=\"yoast-schema-graph\">{\"@context\":\"https:\\\/\\\/schema.org\",\"@graph\":[{\"@type\":\"WebPage\",\"@id\":\"https:\\\/\\\/mfinox.com\\\/fr\\\/produits\\\/rondelles\\\/\",\"url\":\"https:\\\/\\\/mfinox.com\\\/fr\\\/produits\\\/rondelles\\\/\",\"name\":\"Rondelles - M.F. INOX\",\"isPartOf\":{\"@id\":\"https:\\\/\\\/mfinox.com\\\/fr\\\/#website\"},\"datePublished\":\"2024-06-11T16:36:45+00:00\",\"dateModified\":\"2024-09-06T10:23:17+00:00\",\"breadcrumb\":{\"@id\":\"https:\\\/\\\/mfinox.com\\\/fr\\\/produits\\\/rondelles\\\/#breadcrumb\"},\"inLanguage\":\"fr-FR\",\"potentialAction\":[{\"@type\":\"ReadAction\",\"target\":[\"https:\\\/\\\/mfinox.com\\\/fr\\\/produits\\\/rondelles\\\/\"]}]},{\"@type\":\"BreadcrumbList\",\"@id\":\"https:\\\/\\\/mfinox.com\\\/fr\\\/produits\\\/rondelles\\\/#breadcrumb\",\"itemListElement\":[{\"@type\":\"ListItem\",\"position\":1,\"name\":\"Home\",\"item\":\"https:\\\/\\\/mfinox.com\\\/fr\\\/\"},{\"@type\":\"ListItem\",\"position\":2,\"name\":\"Produits\",\"item\":\"https:\\\/\\\/mfinox.com\\\/fr\\\/produits\\\/\"},{\"@type\":\"ListItem\",\"position\":3,\"name\":\"Rondelles\"}]},{\"@type\":\"WebSite\",\"@id\":\"https:\\\/\\\/mfinox.com\\\/fr\\\/#website\",\"url\":\"https:\\\/\\\/mfinox.com\\\/fr\\\/\",\"name\":\"M.F. INOX\",\"description\":\"\",\"publisher\":{\"@id\":\"https:\\\/\\\/mfinox.com\\\/fr\\\/#organization\"},\"potentialAction\":[{\"@type\":\"SearchAction\",\"target\":{\"@type\":\"EntryPoint\",\"urlTemplate\":\"https:\\\/\\\/mfinox.com\\\/fr\\\/?s={search_term_string}\"},\"query-input\":{\"@type\":\"PropertyValueSpecification\",\"valueRequired\":true,\"valueName\":\"search_term_string\"}}],\"inLanguage\":\"fr-FR\"},{\"@type\":\"Organization\",\"@id\":\"https:\\\/\\\/mfinox.com\\\/fr\\\/#organization\",\"name\":\"M.F. INOX\",\"url\":\"https:\\\/\\\/mfinox.com\\\/fr\\\/\",\"logo\":{\"@type\":\"ImageObject\",\"inLanguage\":\"fr-FR\",\"@id\":\"https:\\\/\\\/mfinox.com\\\/fr\\\/#\\\/schema\\\/logo\\\/image\\\/\",\"url\":\"https:\\\/\\\/mfinox.com\\\/wp-content\\\/uploads\\\/2024\\\/05\\\/mf-inox_logo_neg.png\",\"contentUrl\":\"https:\\\/\\\/mfinox.com\\\/wp-content\\\/uploads\\\/2024\\\/05\\\/mf-inox_logo_neg.png\",\"width\":1949,\"height\":662,\"caption\":\"M.F. INOX\"},\"image\":{\"@id\":\"https:\\\/\\\/mfinox.com\\\/fr\\\/#\\\/schema\\\/logo\\\/image\\\/\"}}]}<\/script>\n<!-- \/ Yoast SEO plugin. -->","yoast_head_json":{"title":"Rondelles - M.F. INOX","robots":{"index":"index","follow":"follow","max-snippet":"max-snippet:-1","max-image-preview":"max-image-preview:large","max-video-preview":"max-video-preview:-1"},"canonical":"https:\/\/mfinox.com\/fr\/produits\/rondelles\/","og_locale":"fr_FR","og_type":"article","og_title":"Rondelles - M.F. INOX","og_description":"Rondelles Les rondelles en acier inoxydable de MF INOX sont fabriqu\u00e9es pour garantir une r\u00e9sistance \u00e0 la corrosion et une durabilit\u00e9 maximales en respectant les principales normes internationales. Ils sont disponibles en diff\u00e9rentes tailles et \u00e9paisseurs pour r\u00e9pondre aux diff\u00e9rents besoins de fixation. Caract\u00e9ristiques principales R\u00e9sistance \u00e0 la corrosion : parfait pour les environnements agressifs [&hellip;]","og_url":"https:\/\/mfinox.com\/fr\/produits\/rondelles\/","og_site_name":"M.F. INOX","article_modified_time":"2024-09-06T10:23:17+00:00","twitter_card":"summary_large_image","twitter_misc":{"Dur\u00e9e de lecture estim\u00e9e":"1 minute"},"schema":{"@context":"https:\/\/schema.org","@graph":[{"@type":"WebPage","@id":"https:\/\/mfinox.com\/fr\/produits\/rondelles\/","url":"https:\/\/mfinox.com\/fr\/produits\/rondelles\/","name":"Rondelles - M.F. INOX","isPartOf":{"@id":"https:\/\/mfinox.com\/fr\/#website"},"datePublished":"2024-06-11T16:36:45+00:00","dateModified":"2024-09-06T10:23:17+00:00","breadcrumb":{"@id":"https:\/\/mfinox.com\/fr\/produits\/rondelles\/#breadcrumb"},"inLanguage":"fr-FR","potentialAction":[{"@type":"ReadAction","target":["https:\/\/mfinox.com\/fr\/produits\/rondelles\/"]}]},{"@type":"BreadcrumbList","@id":"https:\/\/mfinox.com\/fr\/produits\/rondelles\/#breadcrumb","itemListElement":[{"@type":"ListItem","position":1,"name":"Home","item":"https:\/\/mfinox.com\/fr\/"},{"@type":"ListItem","position":2,"name":"Produits","item":"https:\/\/mfinox.com\/fr\/produits\/"},{"@type":"ListItem","position":3,"name":"Rondelles"}]},{"@type":"WebSite","@id":"https:\/\/mfinox.com\/fr\/#website","url":"https:\/\/mfinox.com\/fr\/","name":"M.F. INOX","description":"","publisher":{"@id":"https:\/\/mfinox.com\/fr\/#organization"},"potentialAction":[{"@type":"SearchAction","target":{"@type":"EntryPoint","urlTemplate":"https:\/\/mfinox.com\/fr\/?s={search_term_string}"},"query-input":{"@type":"PropertyValueSpecification","valueRequired":true,"valueName":"search_term_string"}}],"inLanguage":"fr-FR"},{"@type":"Organization","@id":"https:\/\/mfinox.com\/fr\/#organization","name":"M.F. INOX","url":"https:\/\/mfinox.com\/fr\/","logo":{"@type":"ImageObject","inLanguage":"fr-FR","@id":"https:\/\/mfinox.com\/fr\/#\/schema\/logo\/image\/","url":"https:\/\/mfinox.com\/wp-content\/uploads\/2024\/05\/mf-inox_logo_neg.png","contentUrl":"https:\/\/mfinox.com\/wp-content\/uploads\/2024\/05\/mf-inox_logo_neg.png","width":1949,"height":662,"caption":"M.F. INOX"},"image":{"@id":"https:\/\/mfinox.com\/fr\/#\/schema\/logo\/image\/"}}]}},"_links":{"self":[{"href":"https:\/\/mfinox.com\/fr\/wp-json\/wp\/v2\/pages\/5983","targetHints":{"allow":["GET"]}}],"collection":[{"href":"https:\/\/mfinox.com\/fr\/wp-json\/wp\/v2\/pages"}],"about":[{"href":"https:\/\/mfinox.com\/fr\/wp-json\/wp\/v2\/types\/page"}],"author":[{"embeddable":true,"href":"https:\/\/mfinox.com\/fr\/wp-json\/wp\/v2\/users\/1"}],"replies":[{"embeddable":true,"href":"https:\/\/mfinox.com\/fr\/wp-json\/wp\/v2\/comments?post=5983"}],"version-history":[{"count":0,"href":"https:\/\/mfinox.com\/fr\/wp-json\/wp\/v2\/pages\/5983\/revisions"}],"up":[{"embeddable":true,"href":"https:\/\/mfinox.com\/fr\/wp-json\/wp\/v2\/pages\/6002"}],"wp:attachment":[{"href":"https:\/\/mfinox.com\/fr\/wp-json\/wp\/v2\/media?parent=5983"}],"curies":[{"name":"wp","href":"https:\/\/api.w.org\/{rel}","templated":true}]}}