{"id":5951,"date":"2024-06-11T16:41:12","date_gmt":"2024-06-11T16:41:12","guid":{"rendered":"https:\/\/mfinox.com\/casquettes\/"},"modified":"2024-09-06T10:23:17","modified_gmt":"2024-09-06T10:23:17","slug":"casquettes","status":"publish","type":"page","link":"https:\/\/mfinox.com\/fr\/produits\/casquettes\/","title":{"rendered":"Casquettes"},"content":{"rendered":"\t\t<div data-elementor-type=\"wp-page\" data-elementor-id=\"5951\" class=\"elementor elementor-5951 elementor-1840\" data-elementor-post-type=\"page\">\n\t\t\t\t<div class=\"elementor-element elementor-element-63a79cb8 e-flex e-con-boxed e-con e-parent\" data-id=\"63a79cb8\" data-element_type=\"container\" data-e-type=\"container\" data-settings=\"{&quot;background_background&quot;:&quot;classic&quot;}\">\n\t\t\t\t\t<div class=\"e-con-inner\">\n\t\t\t\t<div class=\"elementor-element elementor-element-38c02de9 titolo-materiali elementor-invisible elementor-widget elementor-widget-heading\" data-id=\"38c02de9\" data-element_type=\"widget\" data-e-type=\"widget\" data-settings=\"{&quot;_animation&quot;:&quot;fadeIn&quot;}\" data-widget_type=\"heading.default\">\n\t\t\t\t<div class=\"elementor-widget-container\">\n\t\t\t\t\t<h1 class=\"elementor-heading-title elementor-size-default\">Casquettes<\/h1>\t\t\t\t<\/div>\n\t\t\t\t<\/div>\n\t\t\t\t<div class=\"elementor-element elementor-element-119e7517 elementor-invisible elementor-widget elementor-widget-shortcode\" data-id=\"119e7517\" data-element_type=\"widget\" data-e-type=\"widget\" data-settings=\"{&quot;_animation&quot;:&quot;fadeIn&quot;}\" data-widget_type=\"shortcode.default\">\n\t\t\t\t<div class=\"elementor-widget-container\">\n\t\t\t\t\t\t\t<div class=\"elementor-shortcode\"><nav aria-label=\"breadcrumb\"><div class=\"breadcrumb\"><span class=\"breadcrumb-item\"><a href=\"https:\/\/mfinox.com\/fr\/\" style=\"color: #F3912E;\">Home<\/a><\/span><\/div><\/nav><\/div>\n\t\t\t\t\t\t<\/div>\n\t\t\t\t<\/div>\n\t\t\t\t\t<\/div>\n\t\t\t\t<\/div>\n\t\t<div class=\"elementor-element elementor-element-7225b47e e-flex e-con-boxed elementor-invisible e-con e-parent\" data-id=\"7225b47e\" data-element_type=\"container\" data-e-type=\"container\" data-settings=\"{&quot;animation&quot;:&quot;fadeInUp&quot;}\">\n\t\t\t\t\t<div class=\"e-con-inner\">\n\t\t\t\t<div class=\"elementor-element elementor-element-6f6c32f8 elementor-widget elementor-widget-text-editor\" data-id=\"6f6c32f8\" data-element_type=\"widget\" data-e-type=\"widget\" data-widget_type=\"text-editor.default\">\n\t\t\t\t<div class=\"elementor-widget-container\">\n\t\t\t\t\t\t\t\t\t<p>Les bouchons en acier inoxydable duplex et super duplex INCONEL\u00ae 625 et INCONEL\u00ae 825 constituent la solution id\u00e9ale pour l&rsquo;industrie du p\u00e9trole et du gaz, garantissant des performances exceptionnelles dans les \u00e9changeurs de chaleur.\nFabriqu\u00e9s avec pr\u00e9cision selon les sp\u00e9cifications du client, nos bouchons sont con\u00e7us pour r\u00e9sister aux conditions les plus extr\u00eames. <\/p>\n<p>&nbsp;<\/p>\n<h2>Caract\u00e9ristiques principales<\/h2>\n<ul>\n<li>R\u00e9sistance \u00e0 la corrosion : Les aciers inoxydables duplex et super duplex INCONEL\u00ae 625 et INCONEL\u00ae 825 offrent une r\u00e9sistance sup\u00e9rieure \u00e0 la corrosion en prot\u00e9geant les \u00e9changeurs de chaleur des produits chimiques agressifs.<\/li>\n<li>Grande durabilit\u00e9 : la combinaison de nickel-chrome et de molybd\u00e8ne garantit une longue dur\u00e9e de vie des bouchons en r\u00e9duisant la n\u00e9cessit\u00e9 d&rsquo;un remplacement fr\u00e9quent.<\/li>\n<li>Haute temp\u00e9rature : Id\u00e9al pour les applications \u00e0 haute temp\u00e9rature, ces bouchons conservent leurs propri\u00e9t\u00e9s m\u00e9caniques m\u00eame dans des conditions extr\u00eames.<\/li>\n<li>Personnalisation : nous proposons des bouchons sur mesure, con\u00e7us et fabriqu\u00e9s selon les sp\u00e9cifications exactes du client, ce qui garantit une int\u00e9gration parfaite dans le syst\u00e8me existant.<\/li>\n<\/ul>\n<p>&nbsp;<\/p>\n<h2>Applications<\/h2>\n<p>Les bouchons en acier inoxydable duplex et super duplex INCONEL\u00ae 625 et INCONEL\u00ae 825 sont particuli\u00e8rement adapt\u00e9s aux \u00e9changeurs de chaleur utilis\u00e9s dans les usines d&rsquo;extraction, de raffinage et de transport de p\u00e9trole et de gaz.\nLeur fiabilit\u00e9 et leur durabilit\u00e9 permettent d&rsquo;optimiser les performances des installations en am\u00e9liorant l&rsquo;efficacit\u00e9 op\u00e9rationnelle et en r\u00e9duisant les temps d&rsquo;arr\u00eat. <\/p>\t\t\t\t\t\t\t\t<\/div>\n\t\t\t\t<\/div>\n\t\t\t\t\t<\/div>\n\t\t\t\t<\/div>\n\t\t<div class=\"elementor-element elementor-element-57bb2cd e-flex e-con-boxed e-con e-parent\" data-id=\"57bb2cd\" data-element_type=\"container\" data-e-type=\"container\">\n\t\t\t\t\t<div class=\"e-con-inner\">\n\t\t\t\t<div class=\"elementor-element elementor-element-86be9d6 elementor-widget elementor-widget-shortcode\" data-id=\"86be9d6\" data-element_type=\"widget\" data-e-type=\"widget\" data-widget_type=\"shortcode.default\">\n\t\t\t\t<div class=\"elementor-widget-container\">\n\t\t\t\t\t\t\t<div class=\"elementor-shortcode\">\t\t<div data-elementor-type=\"section\" data-elementor-id=\"7265\" class=\"elementor elementor-7265 elementor-3064 elementor-3064\" data-elementor-post-type=\"elementor_library\">\n\t\t\t<div class=\"elementor-element elementor-element-41265a3 e-flex e-con-boxed e-con e-parent\" data-id=\"41265a3\" data-element_type=\"container\" data-e-type=\"container\">\n\t\t\t\t\t<div class=\"e-con-inner\">\n\t\t\t\t<div class=\"elementor-element elementor-element-bcf5082 elementor-widget elementor-widget-shortcode\" data-id=\"bcf5082\" data-element_type=\"widget\" data-e-type=\"widget\" data-widget_type=\"shortcode.default\">\n\t\t\t\t<div class=\"elementor-widget-container\">\n\t\t\t\t\t\t\t<div class=\"elementor-shortcode\">\t\t<div data-elementor-type=\"section\" data-elementor-id=\"1050\" class=\"elementor elementor-1050\" data-elementor-post-type=\"elementor_library\">\n\t\t\t<div class=\"elementor-element elementor-element-44c4cce e-flex e-con-boxed e-con e-parent\" data-id=\"44c4cce\" data-element_type=\"container\" data-e-type=\"container\">\n\t\t\t\t\t<div class=\"e-con-inner\">\n\t\t\t\t<div class=\"elementor-element elementor-element-f4915f6 elementor-align-center elementor-widget elementor-widget-button\" data-id=\"f4915f6\" data-element_type=\"widget\" data-e-type=\"widget\" data-widget_type=\"button.default\">\n\t\t\t\t<div class=\"elementor-widget-container\">\n\t\t\t\t\t\t\t\t\t<div class=\"elementor-button-wrapper\">\n\t\t\t\t\t<a class=\"elementor-button elementor-button-link elementor-size-sm\" href=\"https:\/\/mfinox.com\/contatti\/\">\n\t\t\t\t\t\t<span class=\"elementor-button-content-wrapper\">\n\t\t\t\t\t\t\t\t\t<span class=\"elementor-button-text\">Contattaci<\/span>\n\t\t\t\t\t<\/span>\n\t\t\t\t\t<\/a>\n\t\t\t\t<\/div>\n\t\t\t\t\t\t\t\t<\/div>\n\t\t\t\t<\/div>\n\t\t\t\t\t<\/div>\n\t\t\t\t<\/div>\n\t\t\t\t<\/div>\n\t\t<\/div>\n\t\t\t\t\t\t<\/div>\n\t\t\t\t<\/div>\n\t\t\t\t\t<\/div>\n\t\t\t\t<\/div>\n\t\t\t\t<\/div>\n\t\t<\/div>\n\t\t\t\t\t\t<\/div>\n\t\t\t\t<\/div>\n\t\t\t\t\t<\/div>\n\t\t\t\t<\/div>\n\t\t\t\t<\/div>\n\t\t","protected":false},"excerpt":{"rendered":"<p>Casquettes Les bouchons en acier inoxydable duplex et super duplex INCONEL\u00ae 625 et INCONEL\u00ae 825 constituent la solution id\u00e9ale pour l&rsquo;industrie du p\u00e9trole et du gaz, garantissant des performances exceptionnelles dans les \u00e9changeurs de chaleur. Fabriqu\u00e9s avec pr\u00e9cision selon les sp\u00e9cifications du client, nos bouchons sont con\u00e7us pour r\u00e9sister aux conditions les plus extr\u00eames. &nbsp; [&hellip;]<\/p>\n","protected":false},"author":1,"featured_media":0,"parent":6002,"menu_order":0,"comment_status":"closed","ping_status":"closed","template":"","meta":{"footnotes":""},"class_list":["post-5951","page","type-page","status-publish","hentry"],"yoast_head":"<!-- This site is optimized with the Yoast SEO plugin v27.6 - https:\/\/yoast.com\/product\/yoast-seo-wordpress\/ -->\n<title>Casquettes - M.F. INOX<\/title>\n<meta name=\"robots\" content=\"index, follow, max-snippet:-1, max-image-preview:large, max-video-preview:-1\" \/>\n<link rel=\"canonical\" href=\"https:\/\/mfinox.com\/fr\/produits\/casquettes\/\" \/>\n<meta property=\"og:locale\" content=\"fr_FR\" \/>\n<meta property=\"og:type\" content=\"article\" \/>\n<meta property=\"og:title\" content=\"Casquettes - M.F. INOX\" \/>\n<meta property=\"og:description\" content=\"Casquettes Les bouchons en acier inoxydable duplex et super duplex INCONEL\u00ae 625 et INCONEL\u00ae 825 constituent la solution id\u00e9ale pour l&rsquo;industrie du p\u00e9trole et du gaz, garantissant des performances exceptionnelles dans les \u00e9changeurs de chaleur. Fabriqu\u00e9s avec pr\u00e9cision selon les sp\u00e9cifications du client, nos bouchons sont con\u00e7us pour r\u00e9sister aux conditions les plus extr\u00eames. &nbsp; [&hellip;]\" \/>\n<meta property=\"og:url\" content=\"https:\/\/mfinox.com\/fr\/produits\/casquettes\/\" \/>\n<meta property=\"og:site_name\" content=\"M.F. INOX\" \/>\n<meta property=\"article:modified_time\" content=\"2024-09-06T10:23:17+00:00\" \/>\n<meta name=\"twitter:card\" content=\"summary_large_image\" \/>\n<meta name=\"twitter:label1\" content=\"Dur\u00e9e de lecture estim\u00e9e\" \/>\n\t<meta name=\"twitter:data1\" content=\"1 minute\" \/>\n<script type=\"application\/ld+json\" class=\"yoast-schema-graph\">{\"@context\":\"https:\\\/\\\/schema.org\",\"@graph\":[{\"@type\":\"WebPage\",\"@id\":\"https:\\\/\\\/mfinox.com\\\/fr\\\/produits\\\/casquettes\\\/\",\"url\":\"https:\\\/\\\/mfinox.com\\\/fr\\\/produits\\\/casquettes\\\/\",\"name\":\"Casquettes - M.F. INOX\",\"isPartOf\":{\"@id\":\"https:\\\/\\\/mfinox.com\\\/fr\\\/#website\"},\"datePublished\":\"2024-06-11T16:41:12+00:00\",\"dateModified\":\"2024-09-06T10:23:17+00:00\",\"breadcrumb\":{\"@id\":\"https:\\\/\\\/mfinox.com\\\/fr\\\/produits\\\/casquettes\\\/#breadcrumb\"},\"inLanguage\":\"fr-FR\",\"potentialAction\":[{\"@type\":\"ReadAction\",\"target\":[\"https:\\\/\\\/mfinox.com\\\/fr\\\/produits\\\/casquettes\\\/\"]}]},{\"@type\":\"BreadcrumbList\",\"@id\":\"https:\\\/\\\/mfinox.com\\\/fr\\\/produits\\\/casquettes\\\/#breadcrumb\",\"itemListElement\":[{\"@type\":\"ListItem\",\"position\":1,\"name\":\"Home\",\"item\":\"https:\\\/\\\/mfinox.com\\\/fr\\\/\"},{\"@type\":\"ListItem\",\"position\":2,\"name\":\"Produits\",\"item\":\"https:\\\/\\\/mfinox.com\\\/fr\\\/produits\\\/\"},{\"@type\":\"ListItem\",\"position\":3,\"name\":\"Casquettes\"}]},{\"@type\":\"WebSite\",\"@id\":\"https:\\\/\\\/mfinox.com\\\/fr\\\/#website\",\"url\":\"https:\\\/\\\/mfinox.com\\\/fr\\\/\",\"name\":\"M.F. INOX\",\"description\":\"\",\"publisher\":{\"@id\":\"https:\\\/\\\/mfinox.com\\\/fr\\\/#organization\"},\"potentialAction\":[{\"@type\":\"SearchAction\",\"target\":{\"@type\":\"EntryPoint\",\"urlTemplate\":\"https:\\\/\\\/mfinox.com\\\/fr\\\/?s={search_term_string}\"},\"query-input\":{\"@type\":\"PropertyValueSpecification\",\"valueRequired\":true,\"valueName\":\"search_term_string\"}}],\"inLanguage\":\"fr-FR\"},{\"@type\":\"Organization\",\"@id\":\"https:\\\/\\\/mfinox.com\\\/fr\\\/#organization\",\"name\":\"M.F. INOX\",\"url\":\"https:\\\/\\\/mfinox.com\\\/fr\\\/\",\"logo\":{\"@type\":\"ImageObject\",\"inLanguage\":\"fr-FR\",\"@id\":\"https:\\\/\\\/mfinox.com\\\/fr\\\/#\\\/schema\\\/logo\\\/image\\\/\",\"url\":\"https:\\\/\\\/mfinox.com\\\/wp-content\\\/uploads\\\/2024\\\/05\\\/mf-inox_logo_neg.png\",\"contentUrl\":\"https:\\\/\\\/mfinox.com\\\/wp-content\\\/uploads\\\/2024\\\/05\\\/mf-inox_logo_neg.png\",\"width\":1949,\"height\":662,\"caption\":\"M.F. INOX\"},\"image\":{\"@id\":\"https:\\\/\\\/mfinox.com\\\/fr\\\/#\\\/schema\\\/logo\\\/image\\\/\"}}]}<\/script>\n<!-- \/ Yoast SEO plugin. -->","yoast_head_json":{"title":"Casquettes - M.F. INOX","robots":{"index":"index","follow":"follow","max-snippet":"max-snippet:-1","max-image-preview":"max-image-preview:large","max-video-preview":"max-video-preview:-1"},"canonical":"https:\/\/mfinox.com\/fr\/produits\/casquettes\/","og_locale":"fr_FR","og_type":"article","og_title":"Casquettes - M.F. INOX","og_description":"Casquettes Les bouchons en acier inoxydable duplex et super duplex INCONEL\u00ae 625 et INCONEL\u00ae 825 constituent la solution id\u00e9ale pour l&rsquo;industrie du p\u00e9trole et du gaz, garantissant des performances exceptionnelles dans les \u00e9changeurs de chaleur. Fabriqu\u00e9s avec pr\u00e9cision selon les sp\u00e9cifications du client, nos bouchons sont con\u00e7us pour r\u00e9sister aux conditions les plus extr\u00eames. &nbsp; [&hellip;]","og_url":"https:\/\/mfinox.com\/fr\/produits\/casquettes\/","og_site_name":"M.F. INOX","article_modified_time":"2024-09-06T10:23:17+00:00","twitter_card":"summary_large_image","twitter_misc":{"Dur\u00e9e de lecture estim\u00e9e":"1 minute"},"schema":{"@context":"https:\/\/schema.org","@graph":[{"@type":"WebPage","@id":"https:\/\/mfinox.com\/fr\/produits\/casquettes\/","url":"https:\/\/mfinox.com\/fr\/produits\/casquettes\/","name":"Casquettes - M.F. INOX","isPartOf":{"@id":"https:\/\/mfinox.com\/fr\/#website"},"datePublished":"2024-06-11T16:41:12+00:00","dateModified":"2024-09-06T10:23:17+00:00","breadcrumb":{"@id":"https:\/\/mfinox.com\/fr\/produits\/casquettes\/#breadcrumb"},"inLanguage":"fr-FR","potentialAction":[{"@type":"ReadAction","target":["https:\/\/mfinox.com\/fr\/produits\/casquettes\/"]}]},{"@type":"BreadcrumbList","@id":"https:\/\/mfinox.com\/fr\/produits\/casquettes\/#breadcrumb","itemListElement":[{"@type":"ListItem","position":1,"name":"Home","item":"https:\/\/mfinox.com\/fr\/"},{"@type":"ListItem","position":2,"name":"Produits","item":"https:\/\/mfinox.com\/fr\/produits\/"},{"@type":"ListItem","position":3,"name":"Casquettes"}]},{"@type":"WebSite","@id":"https:\/\/mfinox.com\/fr\/#website","url":"https:\/\/mfinox.com\/fr\/","name":"M.F. INOX","description":"","publisher":{"@id":"https:\/\/mfinox.com\/fr\/#organization"},"potentialAction":[{"@type":"SearchAction","target":{"@type":"EntryPoint","urlTemplate":"https:\/\/mfinox.com\/fr\/?s={search_term_string}"},"query-input":{"@type":"PropertyValueSpecification","valueRequired":true,"valueName":"search_term_string"}}],"inLanguage":"fr-FR"},{"@type":"Organization","@id":"https:\/\/mfinox.com\/fr\/#organization","name":"M.F. INOX","url":"https:\/\/mfinox.com\/fr\/","logo":{"@type":"ImageObject","inLanguage":"fr-FR","@id":"https:\/\/mfinox.com\/fr\/#\/schema\/logo\/image\/","url":"https:\/\/mfinox.com\/wp-content\/uploads\/2024\/05\/mf-inox_logo_neg.png","contentUrl":"https:\/\/mfinox.com\/wp-content\/uploads\/2024\/05\/mf-inox_logo_neg.png","width":1949,"height":662,"caption":"M.F. INOX"},"image":{"@id":"https:\/\/mfinox.com\/fr\/#\/schema\/logo\/image\/"}}]}},"_links":{"self":[{"href":"https:\/\/mfinox.com\/fr\/wp-json\/wp\/v2\/pages\/5951","targetHints":{"allow":["GET"]}}],"collection":[{"href":"https:\/\/mfinox.com\/fr\/wp-json\/wp\/v2\/pages"}],"about":[{"href":"https:\/\/mfinox.com\/fr\/wp-json\/wp\/v2\/types\/page"}],"author":[{"embeddable":true,"href":"https:\/\/mfinox.com\/fr\/wp-json\/wp\/v2\/users\/1"}],"replies":[{"embeddable":true,"href":"https:\/\/mfinox.com\/fr\/wp-json\/wp\/v2\/comments?post=5951"}],"version-history":[{"count":0,"href":"https:\/\/mfinox.com\/fr\/wp-json\/wp\/v2\/pages\/5951\/revisions"}],"up":[{"embeddable":true,"href":"https:\/\/mfinox.com\/fr\/wp-json\/wp\/v2\/pages\/6002"}],"wp:attachment":[{"href":"https:\/\/mfinox.com\/fr\/wp-json\/wp\/v2\/media?parent=5951"}],"curies":[{"name":"wp","href":"https:\/\/api.w.org\/{rel}","templated":true}]}}