{"id":5939,"date":"2024-06-11T16:43:01","date_gmt":"2024-06-11T16:43:01","guid":{"rendered":"https:\/\/mfinox.com\/tirants-a-oeil\/"},"modified":"2024-09-06T10:23:17","modified_gmt":"2024-09-06T10:23:17","slug":"tirants-a-oeil","status":"publish","type":"page","link":"https:\/\/mfinox.com\/fr\/produits\/tirants-a-oeil\/","title":{"rendered":"Tirants \u00e0 \u0153il"},"content":{"rendered":"\t\t<div data-elementor-type=\"wp-page\" data-elementor-id=\"5939\" class=\"elementor elementor-5939 elementor-1842\" data-elementor-post-type=\"page\">\n\t\t\t\t<div class=\"elementor-element elementor-element-732ffe03 e-flex e-con-boxed e-con e-parent\" data-id=\"732ffe03\" data-element_type=\"container\" data-e-type=\"container\" data-settings=\"{&quot;background_background&quot;:&quot;classic&quot;}\">\n\t\t\t\t\t<div class=\"e-con-inner\">\n\t\t\t\t<div class=\"elementor-element elementor-element-26e2ad12 titolo-materiali elementor-invisible elementor-widget elementor-widget-heading\" data-id=\"26e2ad12\" data-element_type=\"widget\" data-e-type=\"widget\" data-settings=\"{&quot;_animation&quot;:&quot;fadeIn&quot;}\" data-widget_type=\"heading.default\">\n\t\t\t\t<div class=\"elementor-widget-container\">\n\t\t\t\t\t<h1 class=\"elementor-heading-title elementor-size-default\">Tirants \u00e0 \u0153il<\/h1>\t\t\t\t<\/div>\n\t\t\t\t<\/div>\n\t\t\t\t<div class=\"elementor-element elementor-element-5181bf66 elementor-invisible elementor-widget elementor-widget-shortcode\" data-id=\"5181bf66\" data-element_type=\"widget\" data-e-type=\"widget\" data-settings=\"{&quot;_animation&quot;:&quot;fadeIn&quot;}\" data-widget_type=\"shortcode.default\">\n\t\t\t\t<div class=\"elementor-widget-container\">\n\t\t\t\t\t\t\t<div class=\"elementor-shortcode\"><nav aria-label=\"breadcrumb\"><div class=\"breadcrumb\"><span class=\"breadcrumb-item\"><a href=\"https:\/\/mfinox.com\/fr\/\" style=\"color: #F3912E;\">Home<\/a><\/span><\/div><\/nav><\/div>\n\t\t\t\t\t\t<\/div>\n\t\t\t\t<\/div>\n\t\t\t\t\t<\/div>\n\t\t\t\t<\/div>\n\t\t<div class=\"elementor-element elementor-element-71e4aa28 e-flex e-con-boxed elementor-invisible e-con e-parent\" data-id=\"71e4aa28\" data-element_type=\"container\" data-e-type=\"container\" data-settings=\"{&quot;animation&quot;:&quot;fadeInUp&quot;}\">\n\t\t\t\t\t<div class=\"e-con-inner\">\n\t\t\t\t<div class=\"elementor-element elementor-element-2df9df1b elementor-widget elementor-widget-text-editor\" data-id=\"2df9df1b\" data-element_type=\"widget\" data-e-type=\"widget\" data-widget_type=\"text-editor.default\">\n\t\t\t\t<div class=\"elementor-widget-container\">\n\t\t\t\t\t\t\t\t\t<p>Nos boulons \u00e0 \u0153il sont con\u00e7us et fabriqu\u00e9s pour r\u00e9pondre aux exigences les plus strictes des industries du monde entier, garantissant ainsi la fiabilit\u00e9, la s\u00e9curit\u00e9 et la conformit\u00e9 aux r\u00e9glementations internationales.<\/p>\n<\/p>\n<h2>Notre qualit\u00e9<\/h2>\n<p>Chez MF Inox, la qualit\u00e9 est au c\u0153ur de tout ce que nous faisons.<br \/>\nNous utilisons une large gamme de mat\u00e9riaux de haute qualit\u00e9 pour nos boulons \u00e0 \u0153il, notamment : <\/p>\n<ul>\n<li><strong>Acier inoxydable :<\/strong> pour la r\u00e9sistance \u00e0 la corrosion et la durabilit\u00e9.<\/li>\n<li><strong>Duplex :<\/strong> pour une r\u00e9sistance accrue \u00e0 la corrosion et \u00e0 la traction.<\/li>\n<li><strong>Alliages de nickel :<\/strong> pour des performances \u00e9lev\u00e9es dans des environnements corrosifs et \u00e0 haute temp\u00e9rature.<\/li>\n<\/ul>\n<p>Nous suivons des contr\u00f4les de production stricts afin de garantir des performances et une durabilit\u00e9 sup\u00e9rieures pour tous nos mat\u00e9riaux.<\/p>\n<\/p>\n<h2>Conformit\u00e9 r\u00e9glementaire<\/h2>\n<p>Nous sommes fiers de proposer des boulons \u00e0 \u0153il conformes \u00e0 toutes les principales normes internationales, notamment :<\/p>\n<ul>\n<li>Normes ISO 9001 : pour garantir un syst\u00e8me efficace de gestion de la qualit\u00e9.<\/li>\n<li>Norme EN 13411-1 : pour les boulons \u00e0 \u0153il en acier inoxydable \u00e0 usage g\u00e9n\u00e9ral.<\/li>\n<li>Normes ASME B30.26 : pour garantir la s\u00e9curit\u00e9 lors de l&rsquo;installation et de l&rsquo;utilisation des boulons \u00e0 \u0153il.<\/li>\n<li>Normes DIN 444 : dimensions et tol\u00e9rances et pour la production de boulons \u00e0 \u0153il.<\/li>\n<li>Normes IN 6058 : dimensions et tol\u00e9rances et pour la production de boulons \u00e0 \u0153il.<\/li>\n<li>R\u00e9glementation PED (directive sur les \u00e9quipements sous pression) : pour garantir la conformit\u00e9 des boulons \u00e0 \u0153il destin\u00e9s \u00e0 \u00eatre utilis\u00e9s dans des cuves sous pression.<\/li>\n<\/ul>\n<h2>Certification du produit EN 10204 3.2<\/h2>\n<p>MF Inox fournit des boulons \u00e0 \u0153il accompagn\u00e9s d&rsquo;une certification de produit conform\u00e9ment \u00e0 la norme EN 10204 3.2.<br \/>\nCette certification atteste de la conformit\u00e9 du mat\u00e9riau, des dimensions et des propri\u00e9t\u00e9s m\u00e9caniques de nos boulons \u00e0 \u0153il aux normes requises. <\/p>\n<\/p>\n<h2>Applications<\/h2>\n<p>Nos boulons \u00e0 \u0153il sont con\u00e7us pour une large gamme d&rsquo;applications, notamment :<\/p>\n<ul>\n<li>Soulever et manipuler des charges lourdes.<\/li>\n<li>Applications marines et navales.<\/li>\n<li>Utilisations industrielles et commerciales.<\/li>\n<li>Utilisation dans les syst\u00e8mes d&rsquo;ancrage et de fixation.<\/li>\n<\/ul>\n\t\t\t\t\t\t\t\t<\/div>\n\t\t\t\t<\/div>\n\t\t\t\t\t<\/div>\n\t\t\t\t<\/div>\n\t\t<div class=\"elementor-element elementor-element-1e56e9a e-flex e-con-boxed e-con e-parent\" data-id=\"1e56e9a\" data-element_type=\"container\" data-e-type=\"container\">\n\t\t\t\t\t<div class=\"e-con-inner\">\n\t\t\t\t<div class=\"elementor-element elementor-element-60099e2 elementor-widget elementor-widget-shortcode\" data-id=\"60099e2\" data-element_type=\"widget\" data-e-type=\"widget\" data-widget_type=\"shortcode.default\">\n\t\t\t\t<div class=\"elementor-widget-container\">\n\t\t\t\t\t\t\t<div class=\"elementor-shortcode\">\t\t<div data-elementor-type=\"section\" data-elementor-id=\"7265\" class=\"elementor elementor-7265 elementor-3064 elementor-3064\" data-elementor-post-type=\"elementor_library\">\n\t\t\t<div class=\"elementor-element elementor-element-41265a3 e-flex e-con-boxed e-con e-parent\" data-id=\"41265a3\" data-element_type=\"container\" data-e-type=\"container\">\n\t\t\t\t\t<div class=\"e-con-inner\">\n\t\t\t\t<div class=\"elementor-element elementor-element-bcf5082 elementor-widget elementor-widget-shortcode\" data-id=\"bcf5082\" data-element_type=\"widget\" data-e-type=\"widget\" data-widget_type=\"shortcode.default\">\n\t\t\t\t<div class=\"elementor-widget-container\">\n\t\t\t\t\t\t\t<div class=\"elementor-shortcode\">\t\t<div data-elementor-type=\"section\" data-elementor-id=\"1050\" class=\"elementor elementor-1050\" data-elementor-post-type=\"elementor_library\">\n\t\t\t<div class=\"elementor-element elementor-element-44c4cce e-flex e-con-boxed e-con e-parent\" data-id=\"44c4cce\" data-element_type=\"container\" data-e-type=\"container\">\n\t\t\t\t\t<div class=\"e-con-inner\">\n\t\t\t\t<div class=\"elementor-element elementor-element-f4915f6 elementor-align-center elementor-widget elementor-widget-button\" data-id=\"f4915f6\" data-element_type=\"widget\" data-e-type=\"widget\" data-widget_type=\"button.default\">\n\t\t\t\t<div class=\"elementor-widget-container\">\n\t\t\t\t\t\t\t\t\t<div class=\"elementor-button-wrapper\">\n\t\t\t\t\t<a class=\"elementor-button elementor-button-link elementor-size-sm\" href=\"https:\/\/mfinox.com\/contatti\/\">\n\t\t\t\t\t\t<span class=\"elementor-button-content-wrapper\">\n\t\t\t\t\t\t\t\t\t<span class=\"elementor-button-text\">Contattaci<\/span>\n\t\t\t\t\t<\/span>\n\t\t\t\t\t<\/a>\n\t\t\t\t<\/div>\n\t\t\t\t\t\t\t\t<\/div>\n\t\t\t\t<\/div>\n\t\t\t\t\t<\/div>\n\t\t\t\t<\/div>\n\t\t\t\t<\/div>\n\t\t<\/div>\n\t\t\t\t\t\t<\/div>\n\t\t\t\t<\/div>\n\t\t\t\t\t<\/div>\n\t\t\t\t<\/div>\n\t\t\t\t<\/div>\n\t\t<\/div>\n\t\t\t\t\t\t<\/div>\n\t\t\t\t<\/div>\n\t\t\t\t\t<\/div>\n\t\t\t\t<\/div>\n\t\t\t\t<\/div>\n\t\t","protected":false},"excerpt":{"rendered":"<p>Tirants \u00e0 \u0153il Nos boulons \u00e0 \u0153il sont con\u00e7us et fabriqu\u00e9s pour r\u00e9pondre aux exigences les plus strictes des industries du monde entier, garantissant ainsi la fiabilit\u00e9, la s\u00e9curit\u00e9 et la conformit\u00e9 aux r\u00e9glementations internationales. Notre qualit\u00e9 Chez MF Inox, la qualit\u00e9 est au c\u0153ur de tout ce que nous faisons. Nous utilisons une large [&hellip;]<\/p>\n","protected":false},"author":1,"featured_media":0,"parent":6002,"menu_order":0,"comment_status":"closed","ping_status":"closed","template":"","meta":{"footnotes":""},"class_list":["post-5939","page","type-page","status-publish","hentry"],"yoast_head":"<!-- This site is optimized with the Yoast SEO plugin v27.6 - https:\/\/yoast.com\/product\/yoast-seo-wordpress\/ -->\n<title>Tirants \u00e0 \u0153il - M.F. INOX<\/title>\n<meta name=\"robots\" content=\"index, follow, max-snippet:-1, max-image-preview:large, max-video-preview:-1\" \/>\n<link rel=\"canonical\" href=\"https:\/\/mfinox.com\/fr\/produits\/tirants-a-oeil\/\" \/>\n<meta property=\"og:locale\" content=\"fr_FR\" \/>\n<meta property=\"og:type\" content=\"article\" \/>\n<meta property=\"og:title\" content=\"Tirants \u00e0 \u0153il - M.F. INOX\" \/>\n<meta property=\"og:description\" content=\"Tirants \u00e0 \u0153il Nos boulons \u00e0 \u0153il sont con\u00e7us et fabriqu\u00e9s pour r\u00e9pondre aux exigences les plus strictes des industries du monde entier, garantissant ainsi la fiabilit\u00e9, la s\u00e9curit\u00e9 et la conformit\u00e9 aux r\u00e9glementations internationales. Notre qualit\u00e9 Chez MF Inox, la qualit\u00e9 est au c\u0153ur de tout ce que nous faisons. Nous utilisons une large [&hellip;]\" \/>\n<meta property=\"og:url\" content=\"https:\/\/mfinox.com\/fr\/produits\/tirants-a-oeil\/\" \/>\n<meta property=\"og:site_name\" content=\"M.F. INOX\" \/>\n<meta property=\"article:modified_time\" content=\"2024-09-06T10:23:17+00:00\" \/>\n<meta name=\"twitter:card\" content=\"summary_large_image\" \/>\n<meta name=\"twitter:label1\" content=\"Dur\u00e9e de lecture estim\u00e9e\" \/>\n\t<meta name=\"twitter:data1\" content=\"2 minutes\" \/>\n<script type=\"application\/ld+json\" class=\"yoast-schema-graph\">{\"@context\":\"https:\\\/\\\/schema.org\",\"@graph\":[{\"@type\":\"WebPage\",\"@id\":\"https:\\\/\\\/mfinox.com\\\/fr\\\/produits\\\/tirants-a-oeil\\\/\",\"url\":\"https:\\\/\\\/mfinox.com\\\/fr\\\/produits\\\/tirants-a-oeil\\\/\",\"name\":\"Tirants \u00e0 \u0153il - M.F. INOX\",\"isPartOf\":{\"@id\":\"https:\\\/\\\/mfinox.com\\\/fr\\\/#website\"},\"datePublished\":\"2024-06-11T16:43:01+00:00\",\"dateModified\":\"2024-09-06T10:23:17+00:00\",\"breadcrumb\":{\"@id\":\"https:\\\/\\\/mfinox.com\\\/fr\\\/produits\\\/tirants-a-oeil\\\/#breadcrumb\"},\"inLanguage\":\"fr-FR\",\"potentialAction\":[{\"@type\":\"ReadAction\",\"target\":[\"https:\\\/\\\/mfinox.com\\\/fr\\\/produits\\\/tirants-a-oeil\\\/\"]}]},{\"@type\":\"BreadcrumbList\",\"@id\":\"https:\\\/\\\/mfinox.com\\\/fr\\\/produits\\\/tirants-a-oeil\\\/#breadcrumb\",\"itemListElement\":[{\"@type\":\"ListItem\",\"position\":1,\"name\":\"Home\",\"item\":\"https:\\\/\\\/mfinox.com\\\/fr\\\/\"},{\"@type\":\"ListItem\",\"position\":2,\"name\":\"Produits\",\"item\":\"https:\\\/\\\/mfinox.com\\\/fr\\\/produits\\\/\"},{\"@type\":\"ListItem\",\"position\":3,\"name\":\"Tirants \u00e0 \u0153il\"}]},{\"@type\":\"WebSite\",\"@id\":\"https:\\\/\\\/mfinox.com\\\/fr\\\/#website\",\"url\":\"https:\\\/\\\/mfinox.com\\\/fr\\\/\",\"name\":\"M.F. INOX\",\"description\":\"\",\"publisher\":{\"@id\":\"https:\\\/\\\/mfinox.com\\\/fr\\\/#organization\"},\"potentialAction\":[{\"@type\":\"SearchAction\",\"target\":{\"@type\":\"EntryPoint\",\"urlTemplate\":\"https:\\\/\\\/mfinox.com\\\/fr\\\/?s={search_term_string}\"},\"query-input\":{\"@type\":\"PropertyValueSpecification\",\"valueRequired\":true,\"valueName\":\"search_term_string\"}}],\"inLanguage\":\"fr-FR\"},{\"@type\":\"Organization\",\"@id\":\"https:\\\/\\\/mfinox.com\\\/fr\\\/#organization\",\"name\":\"M.F. INOX\",\"url\":\"https:\\\/\\\/mfinox.com\\\/fr\\\/\",\"logo\":{\"@type\":\"ImageObject\",\"inLanguage\":\"fr-FR\",\"@id\":\"https:\\\/\\\/mfinox.com\\\/fr\\\/#\\\/schema\\\/logo\\\/image\\\/\",\"url\":\"https:\\\/\\\/mfinox.com\\\/wp-content\\\/uploads\\\/2024\\\/05\\\/mf-inox_logo_neg.png\",\"contentUrl\":\"https:\\\/\\\/mfinox.com\\\/wp-content\\\/uploads\\\/2024\\\/05\\\/mf-inox_logo_neg.png\",\"width\":1949,\"height\":662,\"caption\":\"M.F. INOX\"},\"image\":{\"@id\":\"https:\\\/\\\/mfinox.com\\\/fr\\\/#\\\/schema\\\/logo\\\/image\\\/\"}}]}<\/script>\n<!-- \/ Yoast SEO plugin. -->","yoast_head_json":{"title":"Tirants \u00e0 \u0153il - M.F. INOX","robots":{"index":"index","follow":"follow","max-snippet":"max-snippet:-1","max-image-preview":"max-image-preview:large","max-video-preview":"max-video-preview:-1"},"canonical":"https:\/\/mfinox.com\/fr\/produits\/tirants-a-oeil\/","og_locale":"fr_FR","og_type":"article","og_title":"Tirants \u00e0 \u0153il - M.F. INOX","og_description":"Tirants \u00e0 \u0153il Nos boulons \u00e0 \u0153il sont con\u00e7us et fabriqu\u00e9s pour r\u00e9pondre aux exigences les plus strictes des industries du monde entier, garantissant ainsi la fiabilit\u00e9, la s\u00e9curit\u00e9 et la conformit\u00e9 aux r\u00e9glementations internationales. Notre qualit\u00e9 Chez MF Inox, la qualit\u00e9 est au c\u0153ur de tout ce que nous faisons. Nous utilisons une large [&hellip;]","og_url":"https:\/\/mfinox.com\/fr\/produits\/tirants-a-oeil\/","og_site_name":"M.F. INOX","article_modified_time":"2024-09-06T10:23:17+00:00","twitter_card":"summary_large_image","twitter_misc":{"Dur\u00e9e de lecture estim\u00e9e":"2 minutes"},"schema":{"@context":"https:\/\/schema.org","@graph":[{"@type":"WebPage","@id":"https:\/\/mfinox.com\/fr\/produits\/tirants-a-oeil\/","url":"https:\/\/mfinox.com\/fr\/produits\/tirants-a-oeil\/","name":"Tirants \u00e0 \u0153il - M.F. INOX","isPartOf":{"@id":"https:\/\/mfinox.com\/fr\/#website"},"datePublished":"2024-06-11T16:43:01+00:00","dateModified":"2024-09-06T10:23:17+00:00","breadcrumb":{"@id":"https:\/\/mfinox.com\/fr\/produits\/tirants-a-oeil\/#breadcrumb"},"inLanguage":"fr-FR","potentialAction":[{"@type":"ReadAction","target":["https:\/\/mfinox.com\/fr\/produits\/tirants-a-oeil\/"]}]},{"@type":"BreadcrumbList","@id":"https:\/\/mfinox.com\/fr\/produits\/tirants-a-oeil\/#breadcrumb","itemListElement":[{"@type":"ListItem","position":1,"name":"Home","item":"https:\/\/mfinox.com\/fr\/"},{"@type":"ListItem","position":2,"name":"Produits","item":"https:\/\/mfinox.com\/fr\/produits\/"},{"@type":"ListItem","position":3,"name":"Tirants \u00e0 \u0153il"}]},{"@type":"WebSite","@id":"https:\/\/mfinox.com\/fr\/#website","url":"https:\/\/mfinox.com\/fr\/","name":"M.F. INOX","description":"","publisher":{"@id":"https:\/\/mfinox.com\/fr\/#organization"},"potentialAction":[{"@type":"SearchAction","target":{"@type":"EntryPoint","urlTemplate":"https:\/\/mfinox.com\/fr\/?s={search_term_string}"},"query-input":{"@type":"PropertyValueSpecification","valueRequired":true,"valueName":"search_term_string"}}],"inLanguage":"fr-FR"},{"@type":"Organization","@id":"https:\/\/mfinox.com\/fr\/#organization","name":"M.F. INOX","url":"https:\/\/mfinox.com\/fr\/","logo":{"@type":"ImageObject","inLanguage":"fr-FR","@id":"https:\/\/mfinox.com\/fr\/#\/schema\/logo\/image\/","url":"https:\/\/mfinox.com\/wp-content\/uploads\/2024\/05\/mf-inox_logo_neg.png","contentUrl":"https:\/\/mfinox.com\/wp-content\/uploads\/2024\/05\/mf-inox_logo_neg.png","width":1949,"height":662,"caption":"M.F. INOX"},"image":{"@id":"https:\/\/mfinox.com\/fr\/#\/schema\/logo\/image\/"}}]}},"_links":{"self":[{"href":"https:\/\/mfinox.com\/fr\/wp-json\/wp\/v2\/pages\/5939","targetHints":{"allow":["GET"]}}],"collection":[{"href":"https:\/\/mfinox.com\/fr\/wp-json\/wp\/v2\/pages"}],"about":[{"href":"https:\/\/mfinox.com\/fr\/wp-json\/wp\/v2\/types\/page"}],"author":[{"embeddable":true,"href":"https:\/\/mfinox.com\/fr\/wp-json\/wp\/v2\/users\/1"}],"replies":[{"embeddable":true,"href":"https:\/\/mfinox.com\/fr\/wp-json\/wp\/v2\/comments?post=5939"}],"version-history":[{"count":0,"href":"https:\/\/mfinox.com\/fr\/wp-json\/wp\/v2\/pages\/5939\/revisions"}],"up":[{"embeddable":true,"href":"https:\/\/mfinox.com\/fr\/wp-json\/wp\/v2\/pages\/6002"}],"wp:attachment":[{"href":"https:\/\/mfinox.com\/fr\/wp-json\/wp\/v2\/media?parent=5939"}],"curies":[{"name":"wp","href":"https:\/\/api.w.org\/{rel}","templated":true}]}}