{"id":5913,"date":"2024-06-13T07:07:12","date_gmt":"2024-06-13T07:07:12","guid":{"rendered":"https:\/\/mfinox.com\/pieces-speciales\/"},"modified":"2024-09-06T10:23:17","modified_gmt":"2024-09-06T10:23:17","slug":"pieces-speciales","status":"publish","type":"page","link":"https:\/\/mfinox.com\/fr\/produits\/pieces-speciales\/","title":{"rendered":"Pi\u00e8ces sp\u00e9ciales"},"content":{"rendered":"\t\t<div data-elementor-type=\"wp-page\" data-elementor-id=\"5913\" class=\"elementor elementor-5913 elementor-1880\" data-elementor-post-type=\"page\">\n\t\t\t\t<div class=\"elementor-element elementor-element-77ebc078 e-flex e-con-boxed e-con e-parent\" data-id=\"77ebc078\" data-element_type=\"container\" data-e-type=\"container\" data-settings=\"{&quot;background_background&quot;:&quot;classic&quot;}\">\n\t\t\t\t\t<div class=\"e-con-inner\">\n\t\t\t\t<div class=\"elementor-element elementor-element-53a0d90d elementor-invisible elementor-widget elementor-widget-heading\" data-id=\"53a0d90d\" data-element_type=\"widget\" data-e-type=\"widget\" data-settings=\"{&quot;_animation&quot;:&quot;fadeIn&quot;}\" data-widget_type=\"heading.default\">\n\t\t\t\t<div class=\"elementor-widget-container\">\n\t\t\t\t\t<h1 class=\"elementor-heading-title elementor-size-default\">Pi\u00e8ces sp\u00e9ciales<\/h1>\t\t\t\t<\/div>\n\t\t\t\t<\/div>\n\t\t\t\t<div class=\"elementor-element elementor-element-5e4539a4 elementor-invisible elementor-widget elementor-widget-shortcode\" data-id=\"5e4539a4\" data-element_type=\"widget\" data-e-type=\"widget\" data-settings=\"{&quot;_animation&quot;:&quot;fadeIn&quot;}\" data-widget_type=\"shortcode.default\">\n\t\t\t\t<div class=\"elementor-widget-container\">\n\t\t\t\t\t\t\t<div class=\"elementor-shortcode\"><nav aria-label=\"breadcrumb\"><div class=\"breadcrumb\"><span class=\"breadcrumb-item\"><a href=\"https:\/\/mfinox.com\/fr\/\" style=\"color: #F3912E;\">Home<\/a><\/span><\/div><\/nav><\/div>\n\t\t\t\t\t\t<\/div>\n\t\t\t\t<\/div>\n\t\t\t\t\t<\/div>\n\t\t\t\t<\/div>\n\t\t<div class=\"elementor-element elementor-element-1a06979b e-flex e-con-boxed elementor-invisible e-con e-parent\" data-id=\"1a06979b\" data-element_type=\"container\" data-e-type=\"container\" data-settings=\"{&quot;animation&quot;:&quot;fadeInUp&quot;}\">\n\t\t\t\t\t<div class=\"e-con-inner\">\n\t\t\t\t<div class=\"elementor-element elementor-element-6f803ce4 elementor-widget elementor-widget-text-editor\" data-id=\"6f803ce4\" data-element_type=\"widget\" data-e-type=\"widget\" data-widget_type=\"text-editor.default\">\n\t\t\t\t<div class=\"elementor-widget-container\">\n\t\t\t\t\t\t\t\t\t<p>MF INOX srl est sp\u00e9cialis\u00e9e dans la production de pi\u00e8ces sp\u00e9ciales pour les secteurs du p\u00e9trole et du gaz, de l&rsquo;\u00e9nergie, des infrastructures, du sous-marin et de la marine.<br \/>\nNos solutions sont \u00e9galement fabriqu\u00e9es en collaboration avec nos clients pour r\u00e9sister \u00e0 des conditions environnementales extr\u00eames, y compris des environnements corrosifs et des temp\u00e9ratures basses et \u00e9lev\u00e9es. <\/p>\n<p>Nous disposons d&rsquo;une gamme de mat\u00e9riaux avanc\u00e9s pour r\u00e9pondre aux besoins sp\u00e9cifiques de chaque application, avec une plage de temp\u00e9ratures de fonctionnement allant de -196\u00b0C \u00e0 plus de 1000\u00b0C.<br \/>\nCes conditions sont typiques des environnements cryog\u00e9niques o\u00f9 une grande r\u00e9sistance au froid est requise, ou des installations industrielles o\u00f9 la chaleur g\u00e9n\u00e9r\u00e9e par les machines pendant leur fonctionnement exige des composants tr\u00e8s performants. <\/p>\n<p>Nous utilisons des mat\u00e9riaux de haute qualit\u00e9 s\u00e9lectionn\u00e9s en fonction de l&rsquo;environnement d&rsquo;exploitation, notamment des aciers inoxydables, des alliages de nickel et d&rsquo;autres alliages sp\u00e9ciaux qui garantissent une r\u00e9sistance maximale \u00e0 la corrosion et \u00e0 l&rsquo;oxydation tout en assurant la fiabilit\u00e9, la s\u00e9curit\u00e9 et la durabilit\u00e9.<\/p>\n<p>Gr\u00e2ce \u00e0 l&rsquo;utilisation de mat\u00e9riaux de haute performance, nos pi\u00e8ces sp\u00e9ciales contribuent de mani\u00e8re significative aux \u00e9conomies d&rsquo;\u00e9nergie en am\u00e9liorant l&rsquo;efficacit\u00e9 op\u00e9rationnelle et en r\u00e9duisant la consommation.<\/p>\n<p>En choisissant MF INOX srl, vous investissez dans des produits qui offrent des performances exceptionnelles, m\u00eame dans les conditions les plus exigeantes.<\/p>\n\t\t\t\t\t\t\t\t<\/div>\n\t\t\t\t<\/div>\n\t\t\t\t\t<\/div>\n\t\t\t\t<\/div>\n\t\t<div class=\"elementor-element elementor-element-3e85288 e-flex e-con-boxed e-con e-parent\" data-id=\"3e85288\" data-element_type=\"container\" data-e-type=\"container\">\n\t\t\t\t\t<div class=\"e-con-inner\">\n\t\t\t\t<div class=\"elementor-element elementor-element-6d34da3 elementor-widget elementor-widget-shortcode\" data-id=\"6d34da3\" data-element_type=\"widget\" data-e-type=\"widget\" data-widget_type=\"shortcode.default\">\n\t\t\t\t<div class=\"elementor-widget-container\">\n\t\t\t\t\t\t\t<div class=\"elementor-shortcode\">\t\t<div data-elementor-type=\"section\" data-elementor-id=\"7265\" class=\"elementor elementor-7265 elementor-3064 elementor-3064\" data-elementor-post-type=\"elementor_library\">\n\t\t\t<div class=\"elementor-element elementor-element-41265a3 e-flex e-con-boxed e-con e-parent\" data-id=\"41265a3\" data-element_type=\"container\" data-e-type=\"container\">\n\t\t\t\t\t<div class=\"e-con-inner\">\n\t\t\t\t<div class=\"elementor-element elementor-element-bcf5082 elementor-widget elementor-widget-shortcode\" data-id=\"bcf5082\" data-element_type=\"widget\" data-e-type=\"widget\" data-widget_type=\"shortcode.default\">\n\t\t\t\t<div class=\"elementor-widget-container\">\n\t\t\t\t\t\t\t<div class=\"elementor-shortcode\">\t\t<div data-elementor-type=\"section\" data-elementor-id=\"1050\" class=\"elementor elementor-1050\" data-elementor-post-type=\"elementor_library\">\n\t\t\t<div class=\"elementor-element elementor-element-44c4cce e-flex e-con-boxed e-con e-parent\" data-id=\"44c4cce\" data-element_type=\"container\" data-e-type=\"container\">\n\t\t\t\t\t<div class=\"e-con-inner\">\n\t\t\t\t<div class=\"elementor-element elementor-element-f4915f6 elementor-align-center elementor-widget elementor-widget-button\" data-id=\"f4915f6\" data-element_type=\"widget\" data-e-type=\"widget\" data-widget_type=\"button.default\">\n\t\t\t\t<div class=\"elementor-widget-container\">\n\t\t\t\t\t\t\t\t\t<div class=\"elementor-button-wrapper\">\n\t\t\t\t\t<a class=\"elementor-button elementor-button-link elementor-size-sm\" href=\"https:\/\/mfinox.com\/contatti\/\">\n\t\t\t\t\t\t<span class=\"elementor-button-content-wrapper\">\n\t\t\t\t\t\t\t\t\t<span class=\"elementor-button-text\">Contattaci<\/span>\n\t\t\t\t\t<\/span>\n\t\t\t\t\t<\/a>\n\t\t\t\t<\/div>\n\t\t\t\t\t\t\t\t<\/div>\n\t\t\t\t<\/div>\n\t\t\t\t\t<\/div>\n\t\t\t\t<\/div>\n\t\t\t\t<\/div>\n\t\t<\/div>\n\t\t\t\t\t\t<\/div>\n\t\t\t\t<\/div>\n\t\t\t\t\t<\/div>\n\t\t\t\t<\/div>\n\t\t\t\t<\/div>\n\t\t<\/div>\n\t\t\t\t\t\t<\/div>\n\t\t\t\t<\/div>\n\t\t\t\t\t<\/div>\n\t\t\t\t<\/div>\n\t\t\t\t<\/div>\n\t\t","protected":false},"excerpt":{"rendered":"<p>Pi\u00e8ces sp\u00e9ciales MF INOX srl est sp\u00e9cialis\u00e9e dans la production de pi\u00e8ces sp\u00e9ciales pour les secteurs du p\u00e9trole et du gaz, de l&rsquo;\u00e9nergie, des infrastructures, du sous-marin et de la marine. Nos solutions sont \u00e9galement fabriqu\u00e9es en collaboration avec nos clients pour r\u00e9sister \u00e0 des conditions environnementales extr\u00eames, y compris des environnements corrosifs et des [&hellip;]<\/p>\n","protected":false},"author":1,"featured_media":0,"parent":6002,"menu_order":0,"comment_status":"closed","ping_status":"closed","template":"","meta":{"footnotes":""},"class_list":["post-5913","page","type-page","status-publish","hentry"],"yoast_head":"<!-- This site is optimized with the Yoast SEO plugin v27.6 - https:\/\/yoast.com\/product\/yoast-seo-wordpress\/ -->\n<title>Pi\u00e8ces sp\u00e9ciales - M.F. INOX<\/title>\n<meta name=\"robots\" content=\"index, follow, max-snippet:-1, max-image-preview:large, max-video-preview:-1\" \/>\n<link rel=\"canonical\" href=\"https:\/\/mfinox.com\/fr\/produits\/pieces-speciales\/\" \/>\n<meta property=\"og:locale\" content=\"fr_FR\" \/>\n<meta property=\"og:type\" content=\"article\" \/>\n<meta property=\"og:title\" content=\"Pi\u00e8ces sp\u00e9ciales - M.F. INOX\" \/>\n<meta property=\"og:description\" content=\"Pi\u00e8ces sp\u00e9ciales MF INOX srl est sp\u00e9cialis\u00e9e dans la production de pi\u00e8ces sp\u00e9ciales pour les secteurs du p\u00e9trole et du gaz, de l&rsquo;\u00e9nergie, des infrastructures, du sous-marin et de la marine. Nos solutions sont \u00e9galement fabriqu\u00e9es en collaboration avec nos clients pour r\u00e9sister \u00e0 des conditions environnementales extr\u00eames, y compris des environnements corrosifs et des [&hellip;]\" \/>\n<meta property=\"og:url\" content=\"https:\/\/mfinox.com\/fr\/produits\/pieces-speciales\/\" \/>\n<meta property=\"og:site_name\" content=\"M.F. INOX\" \/>\n<meta property=\"article:modified_time\" content=\"2024-09-06T10:23:17+00:00\" \/>\n<meta name=\"twitter:card\" content=\"summary_large_image\" \/>\n<meta name=\"twitter:label1\" content=\"Dur\u00e9e de lecture estim\u00e9e\" \/>\n\t<meta name=\"twitter:data1\" content=\"1 minute\" \/>\n<script type=\"application\/ld+json\" class=\"yoast-schema-graph\">{\"@context\":\"https:\\\/\\\/schema.org\",\"@graph\":[{\"@type\":\"WebPage\",\"@id\":\"https:\\\/\\\/mfinox.com\\\/fr\\\/produits\\\/pieces-speciales\\\/\",\"url\":\"https:\\\/\\\/mfinox.com\\\/fr\\\/produits\\\/pieces-speciales\\\/\",\"name\":\"Pi\u00e8ces sp\u00e9ciales - M.F. INOX\",\"isPartOf\":{\"@id\":\"https:\\\/\\\/mfinox.com\\\/fr\\\/#website\"},\"datePublished\":\"2024-06-13T07:07:12+00:00\",\"dateModified\":\"2024-09-06T10:23:17+00:00\",\"breadcrumb\":{\"@id\":\"https:\\\/\\\/mfinox.com\\\/fr\\\/produits\\\/pieces-speciales\\\/#breadcrumb\"},\"inLanguage\":\"fr-FR\",\"potentialAction\":[{\"@type\":\"ReadAction\",\"target\":[\"https:\\\/\\\/mfinox.com\\\/fr\\\/produits\\\/pieces-speciales\\\/\"]}]},{\"@type\":\"BreadcrumbList\",\"@id\":\"https:\\\/\\\/mfinox.com\\\/fr\\\/produits\\\/pieces-speciales\\\/#breadcrumb\",\"itemListElement\":[{\"@type\":\"ListItem\",\"position\":1,\"name\":\"Home\",\"item\":\"https:\\\/\\\/mfinox.com\\\/fr\\\/\"},{\"@type\":\"ListItem\",\"position\":2,\"name\":\"Produits\",\"item\":\"https:\\\/\\\/mfinox.com\\\/fr\\\/produits\\\/\"},{\"@type\":\"ListItem\",\"position\":3,\"name\":\"Pi\u00e8ces sp\u00e9ciales\"}]},{\"@type\":\"WebSite\",\"@id\":\"https:\\\/\\\/mfinox.com\\\/fr\\\/#website\",\"url\":\"https:\\\/\\\/mfinox.com\\\/fr\\\/\",\"name\":\"M.F. INOX\",\"description\":\"\",\"publisher\":{\"@id\":\"https:\\\/\\\/mfinox.com\\\/fr\\\/#organization\"},\"potentialAction\":[{\"@type\":\"SearchAction\",\"target\":{\"@type\":\"EntryPoint\",\"urlTemplate\":\"https:\\\/\\\/mfinox.com\\\/fr\\\/?s={search_term_string}\"},\"query-input\":{\"@type\":\"PropertyValueSpecification\",\"valueRequired\":true,\"valueName\":\"search_term_string\"}}],\"inLanguage\":\"fr-FR\"},{\"@type\":\"Organization\",\"@id\":\"https:\\\/\\\/mfinox.com\\\/fr\\\/#organization\",\"name\":\"M.F. INOX\",\"url\":\"https:\\\/\\\/mfinox.com\\\/fr\\\/\",\"logo\":{\"@type\":\"ImageObject\",\"inLanguage\":\"fr-FR\",\"@id\":\"https:\\\/\\\/mfinox.com\\\/fr\\\/#\\\/schema\\\/logo\\\/image\\\/\",\"url\":\"https:\\\/\\\/mfinox.com\\\/wp-content\\\/uploads\\\/2024\\\/05\\\/mf-inox_logo_neg.png\",\"contentUrl\":\"https:\\\/\\\/mfinox.com\\\/wp-content\\\/uploads\\\/2024\\\/05\\\/mf-inox_logo_neg.png\",\"width\":1949,\"height\":662,\"caption\":\"M.F. INOX\"},\"image\":{\"@id\":\"https:\\\/\\\/mfinox.com\\\/fr\\\/#\\\/schema\\\/logo\\\/image\\\/\"}}]}<\/script>\n<!-- \/ Yoast SEO plugin. -->","yoast_head_json":{"title":"Pi\u00e8ces sp\u00e9ciales - M.F. INOX","robots":{"index":"index","follow":"follow","max-snippet":"max-snippet:-1","max-image-preview":"max-image-preview:large","max-video-preview":"max-video-preview:-1"},"canonical":"https:\/\/mfinox.com\/fr\/produits\/pieces-speciales\/","og_locale":"fr_FR","og_type":"article","og_title":"Pi\u00e8ces sp\u00e9ciales - M.F. INOX","og_description":"Pi\u00e8ces sp\u00e9ciales MF INOX srl est sp\u00e9cialis\u00e9e dans la production de pi\u00e8ces sp\u00e9ciales pour les secteurs du p\u00e9trole et du gaz, de l&rsquo;\u00e9nergie, des infrastructures, du sous-marin et de la marine. Nos solutions sont \u00e9galement fabriqu\u00e9es en collaboration avec nos clients pour r\u00e9sister \u00e0 des conditions environnementales extr\u00eames, y compris des environnements corrosifs et des [&hellip;]","og_url":"https:\/\/mfinox.com\/fr\/produits\/pieces-speciales\/","og_site_name":"M.F. INOX","article_modified_time":"2024-09-06T10:23:17+00:00","twitter_card":"summary_large_image","twitter_misc":{"Dur\u00e9e de lecture estim\u00e9e":"1 minute"},"schema":{"@context":"https:\/\/schema.org","@graph":[{"@type":"WebPage","@id":"https:\/\/mfinox.com\/fr\/produits\/pieces-speciales\/","url":"https:\/\/mfinox.com\/fr\/produits\/pieces-speciales\/","name":"Pi\u00e8ces sp\u00e9ciales - M.F. INOX","isPartOf":{"@id":"https:\/\/mfinox.com\/fr\/#website"},"datePublished":"2024-06-13T07:07:12+00:00","dateModified":"2024-09-06T10:23:17+00:00","breadcrumb":{"@id":"https:\/\/mfinox.com\/fr\/produits\/pieces-speciales\/#breadcrumb"},"inLanguage":"fr-FR","potentialAction":[{"@type":"ReadAction","target":["https:\/\/mfinox.com\/fr\/produits\/pieces-speciales\/"]}]},{"@type":"BreadcrumbList","@id":"https:\/\/mfinox.com\/fr\/produits\/pieces-speciales\/#breadcrumb","itemListElement":[{"@type":"ListItem","position":1,"name":"Home","item":"https:\/\/mfinox.com\/fr\/"},{"@type":"ListItem","position":2,"name":"Produits","item":"https:\/\/mfinox.com\/fr\/produits\/"},{"@type":"ListItem","position":3,"name":"Pi\u00e8ces sp\u00e9ciales"}]},{"@type":"WebSite","@id":"https:\/\/mfinox.com\/fr\/#website","url":"https:\/\/mfinox.com\/fr\/","name":"M.F. INOX","description":"","publisher":{"@id":"https:\/\/mfinox.com\/fr\/#organization"},"potentialAction":[{"@type":"SearchAction","target":{"@type":"EntryPoint","urlTemplate":"https:\/\/mfinox.com\/fr\/?s={search_term_string}"},"query-input":{"@type":"PropertyValueSpecification","valueRequired":true,"valueName":"search_term_string"}}],"inLanguage":"fr-FR"},{"@type":"Organization","@id":"https:\/\/mfinox.com\/fr\/#organization","name":"M.F. INOX","url":"https:\/\/mfinox.com\/fr\/","logo":{"@type":"ImageObject","inLanguage":"fr-FR","@id":"https:\/\/mfinox.com\/fr\/#\/schema\/logo\/image\/","url":"https:\/\/mfinox.com\/wp-content\/uploads\/2024\/05\/mf-inox_logo_neg.png","contentUrl":"https:\/\/mfinox.com\/wp-content\/uploads\/2024\/05\/mf-inox_logo_neg.png","width":1949,"height":662,"caption":"M.F. INOX"},"image":{"@id":"https:\/\/mfinox.com\/fr\/#\/schema\/logo\/image\/"}}]}},"_links":{"self":[{"href":"https:\/\/mfinox.com\/fr\/wp-json\/wp\/v2\/pages\/5913","targetHints":{"allow":["GET"]}}],"collection":[{"href":"https:\/\/mfinox.com\/fr\/wp-json\/wp\/v2\/pages"}],"about":[{"href":"https:\/\/mfinox.com\/fr\/wp-json\/wp\/v2\/types\/page"}],"author":[{"embeddable":true,"href":"https:\/\/mfinox.com\/fr\/wp-json\/wp\/v2\/users\/1"}],"replies":[{"embeddable":true,"href":"https:\/\/mfinox.com\/fr\/wp-json\/wp\/v2\/comments?post=5913"}],"version-history":[{"count":0,"href":"https:\/\/mfinox.com\/fr\/wp-json\/wp\/v2\/pages\/5913\/revisions"}],"up":[{"embeddable":true,"href":"https:\/\/mfinox.com\/fr\/wp-json\/wp\/v2\/pages\/6002"}],"wp:attachment":[{"href":"https:\/\/mfinox.com\/fr\/wp-json\/wp\/v2\/media?parent=5913"}],"curies":[{"name":"wp","href":"https:\/\/api.w.org\/{rel}","templated":true}]}}