{"id":5878,"date":"2024-06-18T17:09:46","date_gmt":"2024-06-18T17:09:46","guid":{"rendered":"https:\/\/mfinox.com\/materiaux\/titane-grade-5-6al4v-w-3-7165-uns-r56400\/"},"modified":"2024-09-06T10:06:27","modified_gmt":"2024-09-06T10:06:27","slug":"titane-grade-5-6al4v-w-3-7165-uns-r56400","status":"publish","type":"page","link":"https:\/\/mfinox.com\/fr\/materiaux\/titane-grade-5-6al4v-w-3-7165-uns-r56400\/","title":{"rendered":"Titane Grade 5 6Al4V W 3.7165 UNS R56400"},"content":{"rendered":"\t\t<div data-elementor-type=\"wp-page\" data-elementor-id=\"5878\" class=\"elementor elementor-5878 elementor-2218\" data-elementor-post-type=\"page\">\n\t\t\t\t<div class=\"elementor-element elementor-element-72687c8c e-flex e-con-boxed e-con e-parent\" data-id=\"72687c8c\" data-element_type=\"container\" data-e-type=\"container\" data-settings=\"{&quot;background_background&quot;:&quot;classic&quot;}\">\n\t\t\t\t\t<div class=\"e-con-inner\">\n\t\t\t\t<div class=\"elementor-element elementor-element-311d2099 titolo-materiali elementor-invisible elementor-widget elementor-widget-heading\" data-id=\"311d2099\" data-element_type=\"widget\" data-e-type=\"widget\" data-settings=\"{&quot;_animation&quot;:&quot;fadeIn&quot;}\" data-widget_type=\"heading.default\">\n\t\t\t\t<div class=\"elementor-widget-container\">\n\t\t\t\t\t<h1 class=\"elementor-heading-title elementor-size-default\">Titane Grade 5 6Al4V W 3.7165 UNS R56400<\/h1>\t\t\t\t<\/div>\n\t\t\t\t<\/div>\n\t\t\t\t<div class=\"elementor-element elementor-element-595f8811 elementor-invisible elementor-widget elementor-widget-shortcode\" data-id=\"595f8811\" data-element_type=\"widget\" data-e-type=\"widget\" data-settings=\"{&quot;_animation&quot;:&quot;fadeIn&quot;}\" data-widget_type=\"shortcode.default\">\n\t\t\t\t<div class=\"elementor-widget-container\">\n\t\t\t\t\t\t\t<div class=\"elementor-shortcode\"><nav aria-label=\"breadcrumb\"><div class=\"breadcrumb\"><span class=\"breadcrumb-item\"><a href=\"https:\/\/mfinox.com\/fr\/\" style=\"color: #F3912E;\">Home<\/a><\/span><\/div><\/nav><\/div>\n\t\t\t\t\t\t<\/div>\n\t\t\t\t<\/div>\n\t\t\t\t\t<\/div>\n\t\t\t\t<\/div>\n\t\t<div class=\"elementor-element elementor-element-54bc648b e-flex e-con-boxed elementor-invisible e-con e-parent\" data-id=\"54bc648b\" data-element_type=\"container\" data-e-type=\"container\" data-settings=\"{&quot;animation&quot;:&quot;fadeInUp&quot;}\">\n\t\t\t\t\t<div class=\"e-con-inner\">\n\t\t\t\t<div class=\"elementor-element elementor-element-2c35a7a0 elementor-widget elementor-widget-text-editor\" data-id=\"2c35a7a0\" data-element_type=\"widget\" data-e-type=\"widget\" data-widget_type=\"text-editor.default\">\n\t\t\t\t<div class=\"elementor-widget-container\">\n\t\t\t\t\t\t\t\t\tLe titane grade 5, \u00e9galement connu sous le nom de Ti-6Al-4V, est l&rsquo;un des alliages de titane les plus utilis\u00e9s et les plus polyvalents dans le monde industriel.\nGr\u00e2ce \u00e0 sa combinaison unique de l\u00e9g\u00e8ret\u00e9, de r\u00e9sistance m\u00e9canique et de r\u00e9sistance \u00e0 la corrosion, le titane grade 5 est devenu un mat\u00e9riau de choix dans les industries a\u00e9rospatiale, m\u00e9dicale, automobile et marine.\nCet alliage contient 6 % d&rsquo;aluminium et 4 % de vanadium, qui am\u00e9liorent ses propri\u00e9t\u00e9s m\u00e9caniques et thermiques, ce qui le rend id\u00e9al pour les applications exigeant de hautes performances et une grande fiabilit\u00e9.    <h2><b>COMPOSITION CHIMIQUE Titane Grade 5 6Al4V W 3.7165 UNS R56400<\/b><\/h2>\n<table class=\"responsive-table\">\n<tbody>\n<tr>\n<th>\u00c9l\u00e9ment<\/th><th>Min<\/th><th>Max<\/th>\n<\/tr>\n<tr>\n<td>C max<\/td><td><\/td><td>0.10<\/td>\n<\/tr>\n<tr>\n<td>N<\/td><td><\/td><td>0.05<\/td>\n<\/tr>\n<tr>\n<td>H<\/td><td><\/td><td>0.01<\/td>\n<\/tr>\n<tr>\n<td>Fe<\/td><td><\/td><td>0.40<\/td>\n<\/tr>\n<tr>\n<td>O<\/td><td><\/td><td>0.20<\/td>\n<\/tr>\n<tr>\n<td>A<\/td><td>5.50<\/td><td>6.75<\/td>\n<\/tr>\n<tr>\n<td>V<\/td><td>3.50<\/td><td>4.50<\/td>\n<\/tr>\n<tr>\n<td>Fe max<\/td><td><\/td><td>0.25<\/td>\n<\/tr>\n<tr>\n<td>Ti<\/td><td colspan=\"2\">bal<\/td>\n<\/tr>\n<\/tbody>\n<\/table>\n<h2><b>CARACT\u00c9RISTIQUES M\u00c9CANIQUES Titane Grade 5 6Al4V W 3.7165 UNS R56400<\/b><\/h2>\n<table class=\"responsive-table\">\n<tbody>\n<tr>\n<th>Mat\u00e9riau<\/th>\n<th>Ligue<\/th>\n<th>Rm min (MPa)<\/th>\n<th>Rp 0,2 min (MPa)<\/th>\n<th>A% min<\/th>\n<th>Duret\u00e9 maximale (HRC)<\/th>\n<\/tr>\n<tr>\n<td>Titane Grade 5 6Al4V<\/td>\n<td>3.7165<\/td>\n<td>910 &#8211; 1100<\/td>\n<td>828 &#8211; 910<\/td>\n<td>10 &#8211; 18<\/td>\n<td>36<\/td>\n<\/tr>\n<\/tbody>\n<\/table>\n<h2><b>CARACT\u00c9RISTIQUES PHYSIQUES<\/b><\/h2>\n<ul>\n \t<li>Densit\u00e9 de masse : g\/cm\u00b3 20\u00b0C &#8211; 4,42<\/li>\n \t<li>Module d&rsquo;\u00e9lasticit\u00e9 : N\/mm\u00b2 20\u00b0C &#8211; 105 000 &#8211; 120 000<\/li>\n \t<li>Amagn\u00e9tique<\/li>\n<\/ul>\n<h2><b>COURANT Titane Grade 5 6Al4V W 3.7165 UNS R56400<\/b><\/h2>\n<ul>\n \t<li>ASTM : B348 F136<\/li>\n \t<li>W : 3.7165 &#8211; 3.7164<\/li>\n \t<li>UNS : R56400<\/li>\n \t<li>AMS : 4928<\/li>\n<\/ul>\n\t\t<div data-elementor-type=\"section\" data-elementor-id=\"2152\" class=\"elementor elementor-2152\" data-elementor-post-type=\"elementor_library\">\n\t\t\t<div class=\"elementor-element elementor-element-1a5312d e-flex e-con-boxed e-con e-parent\" data-id=\"1a5312d\" data-element_type=\"container\" data-e-type=\"container\">\n\t\t\t\t\t<div class=\"e-con-inner\">\n\t\t\t\t<div class=\"elementor-element elementor-element-703a4b7 elementor-widget elementor-widget-spacer\" data-id=\"703a4b7\" data-element_type=\"widget\" data-e-type=\"widget\" data-widget_type=\"spacer.default\">\n\t\t\t\t<div class=\"elementor-widget-container\">\n\t\t\t\t\t\t\t<div class=\"elementor-spacer\">\n\t\t\t<div class=\"elementor-spacer-inner\"><\/div>\n\t\t<\/div>\n\t\t\t\t\t\t<\/div>\n\t\t\t\t<\/div>\n\t\t\t\t\t<\/div>\n\t\t\t\t<\/div>\n\t\t\t\t<\/div>\n\t\t\t\t\t\t\t\t\t\t<\/div>\n\t\t\t\t<\/div>\n\t\t\t\t\t<\/div>\n\t\t\t\t<\/div>\n\t\t\t\t<\/div>\n\t\t","protected":false},"excerpt":{"rendered":"<p>Titane Grade 5 6Al4V W 3.7165 UNS R56400 Le titane grade 5, \u00e9galement connu sous le nom de Ti-6Al-4V, est l&rsquo;un des alliages de titane les plus utilis\u00e9s et les plus polyvalents dans le monde industriel. Gr\u00e2ce \u00e0 sa combinaison unique de l\u00e9g\u00e8ret\u00e9, de r\u00e9sistance m\u00e9canique et de r\u00e9sistance \u00e0 la corrosion, le titane grade [&hellip;]<\/p>\n","protected":false},"author":1,"featured_media":0,"parent":4505,"menu_order":0,"comment_status":"closed","ping_status":"closed","template":"","meta":{"footnotes":""},"class_list":["post-5878","page","type-page","status-publish","hentry"],"yoast_head":"<!-- This site is optimized with the Yoast SEO plugin v27.6 - https:\/\/yoast.com\/product\/yoast-seo-wordpress\/ -->\n<title>Titane Grade 5 6Al4V W 3.7165 UNS R56400 - M.F. INOX<\/title>\n<meta name=\"robots\" content=\"index, follow, max-snippet:-1, max-image-preview:large, max-video-preview:-1\" \/>\n<link rel=\"canonical\" href=\"https:\/\/mfinox.com\/fr\/materiaux\/titane-grade-5-6al4v-w-3-7165-uns-r56400\/\" \/>\n<meta property=\"og:locale\" content=\"fr_FR\" \/>\n<meta property=\"og:type\" content=\"article\" \/>\n<meta property=\"og:title\" content=\"Titane Grade 5 6Al4V W 3.7165 UNS R56400 - M.F. INOX\" \/>\n<meta property=\"og:description\" content=\"Titane Grade 5 6Al4V W 3.7165 UNS R56400 Le titane grade 5, \u00e9galement connu sous le nom de Ti-6Al-4V, est l&rsquo;un des alliages de titane les plus utilis\u00e9s et les plus polyvalents dans le monde industriel. Gr\u00e2ce \u00e0 sa combinaison unique de l\u00e9g\u00e8ret\u00e9, de r\u00e9sistance m\u00e9canique et de r\u00e9sistance \u00e0 la corrosion, le titane grade [&hellip;]\" \/>\n<meta property=\"og:url\" content=\"https:\/\/mfinox.com\/fr\/materiaux\/titane-grade-5-6al4v-w-3-7165-uns-r56400\/\" \/>\n<meta property=\"og:site_name\" content=\"M.F. INOX\" \/>\n<meta property=\"article:modified_time\" content=\"2024-09-06T10:06:27+00:00\" \/>\n<meta name=\"twitter:card\" content=\"summary_large_image\" \/>\n<meta name=\"twitter:label1\" content=\"Dur\u00e9e de lecture estim\u00e9e\" \/>\n\t<meta name=\"twitter:data1\" content=\"1 minute\" \/>\n<script type=\"application\/ld+json\" class=\"yoast-schema-graph\">{\"@context\":\"https:\\\/\\\/schema.org\",\"@graph\":[{\"@type\":\"WebPage\",\"@id\":\"https:\\\/\\\/mfinox.com\\\/fr\\\/materiaux\\\/titane-grade-5-6al4v-w-3-7165-uns-r56400\\\/\",\"url\":\"https:\\\/\\\/mfinox.com\\\/fr\\\/materiaux\\\/titane-grade-5-6al4v-w-3-7165-uns-r56400\\\/\",\"name\":\"Titane Grade 5 6Al4V W 3.7165 UNS R56400 - M.F. INOX\",\"isPartOf\":{\"@id\":\"https:\\\/\\\/mfinox.com\\\/fr\\\/#website\"},\"datePublished\":\"2024-06-18T17:09:46+00:00\",\"dateModified\":\"2024-09-06T10:06:27+00:00\",\"breadcrumb\":{\"@id\":\"https:\\\/\\\/mfinox.com\\\/fr\\\/materiaux\\\/titane-grade-5-6al4v-w-3-7165-uns-r56400\\\/#breadcrumb\"},\"inLanguage\":\"fr-FR\",\"potentialAction\":[{\"@type\":\"ReadAction\",\"target\":[\"https:\\\/\\\/mfinox.com\\\/fr\\\/materiaux\\\/titane-grade-5-6al4v-w-3-7165-uns-r56400\\\/\"]}]},{\"@type\":\"BreadcrumbList\",\"@id\":\"https:\\\/\\\/mfinox.com\\\/fr\\\/materiaux\\\/titane-grade-5-6al4v-w-3-7165-uns-r56400\\\/#breadcrumb\",\"itemListElement\":[{\"@type\":\"ListItem\",\"position\":1,\"name\":\"Home\",\"item\":\"https:\\\/\\\/mfinox.com\\\/fr\\\/\"},{\"@type\":\"ListItem\",\"position\":2,\"name\":\"Mat\u00e9riaux\",\"item\":\"https:\\\/\\\/mfinox.com\\\/fr\\\/materiaux\\\/\"},{\"@type\":\"ListItem\",\"position\":3,\"name\":\"Titane Grade 5 6Al4V W 3.7165 UNS R56400\"}]},{\"@type\":\"WebSite\",\"@id\":\"https:\\\/\\\/mfinox.com\\\/fr\\\/#website\",\"url\":\"https:\\\/\\\/mfinox.com\\\/fr\\\/\",\"name\":\"M.F. INOX\",\"description\":\"\",\"publisher\":{\"@id\":\"https:\\\/\\\/mfinox.com\\\/fr\\\/#organization\"},\"potentialAction\":[{\"@type\":\"SearchAction\",\"target\":{\"@type\":\"EntryPoint\",\"urlTemplate\":\"https:\\\/\\\/mfinox.com\\\/fr\\\/?s={search_term_string}\"},\"query-input\":{\"@type\":\"PropertyValueSpecification\",\"valueRequired\":true,\"valueName\":\"search_term_string\"}}],\"inLanguage\":\"fr-FR\"},{\"@type\":\"Organization\",\"@id\":\"https:\\\/\\\/mfinox.com\\\/fr\\\/#organization\",\"name\":\"M.F. INOX\",\"url\":\"https:\\\/\\\/mfinox.com\\\/fr\\\/\",\"logo\":{\"@type\":\"ImageObject\",\"inLanguage\":\"fr-FR\",\"@id\":\"https:\\\/\\\/mfinox.com\\\/fr\\\/#\\\/schema\\\/logo\\\/image\\\/\",\"url\":\"https:\\\/\\\/mfinox.com\\\/wp-content\\\/uploads\\\/2024\\\/05\\\/mf-inox_logo_neg.png\",\"contentUrl\":\"https:\\\/\\\/mfinox.com\\\/wp-content\\\/uploads\\\/2024\\\/05\\\/mf-inox_logo_neg.png\",\"width\":1949,\"height\":662,\"caption\":\"M.F. INOX\"},\"image\":{\"@id\":\"https:\\\/\\\/mfinox.com\\\/fr\\\/#\\\/schema\\\/logo\\\/image\\\/\"}}]}<\/script>\n<!-- \/ Yoast SEO plugin. -->","yoast_head_json":{"title":"Titane Grade 5 6Al4V W 3.7165 UNS R56400 - M.F. INOX","robots":{"index":"index","follow":"follow","max-snippet":"max-snippet:-1","max-image-preview":"max-image-preview:large","max-video-preview":"max-video-preview:-1"},"canonical":"https:\/\/mfinox.com\/fr\/materiaux\/titane-grade-5-6al4v-w-3-7165-uns-r56400\/","og_locale":"fr_FR","og_type":"article","og_title":"Titane Grade 5 6Al4V W 3.7165 UNS R56400 - M.F. INOX","og_description":"Titane Grade 5 6Al4V W 3.7165 UNS R56400 Le titane grade 5, \u00e9galement connu sous le nom de Ti-6Al-4V, est l&rsquo;un des alliages de titane les plus utilis\u00e9s et les plus polyvalents dans le monde industriel. Gr\u00e2ce \u00e0 sa combinaison unique de l\u00e9g\u00e8ret\u00e9, de r\u00e9sistance m\u00e9canique et de r\u00e9sistance \u00e0 la corrosion, le titane grade [&hellip;]","og_url":"https:\/\/mfinox.com\/fr\/materiaux\/titane-grade-5-6al4v-w-3-7165-uns-r56400\/","og_site_name":"M.F. INOX","article_modified_time":"2024-09-06T10:06:27+00:00","twitter_card":"summary_large_image","twitter_misc":{"Dur\u00e9e de lecture estim\u00e9e":"1 minute"},"schema":{"@context":"https:\/\/schema.org","@graph":[{"@type":"WebPage","@id":"https:\/\/mfinox.com\/fr\/materiaux\/titane-grade-5-6al4v-w-3-7165-uns-r56400\/","url":"https:\/\/mfinox.com\/fr\/materiaux\/titane-grade-5-6al4v-w-3-7165-uns-r56400\/","name":"Titane Grade 5 6Al4V W 3.7165 UNS R56400 - M.F. INOX","isPartOf":{"@id":"https:\/\/mfinox.com\/fr\/#website"},"datePublished":"2024-06-18T17:09:46+00:00","dateModified":"2024-09-06T10:06:27+00:00","breadcrumb":{"@id":"https:\/\/mfinox.com\/fr\/materiaux\/titane-grade-5-6al4v-w-3-7165-uns-r56400\/#breadcrumb"},"inLanguage":"fr-FR","potentialAction":[{"@type":"ReadAction","target":["https:\/\/mfinox.com\/fr\/materiaux\/titane-grade-5-6al4v-w-3-7165-uns-r56400\/"]}]},{"@type":"BreadcrumbList","@id":"https:\/\/mfinox.com\/fr\/materiaux\/titane-grade-5-6al4v-w-3-7165-uns-r56400\/#breadcrumb","itemListElement":[{"@type":"ListItem","position":1,"name":"Home","item":"https:\/\/mfinox.com\/fr\/"},{"@type":"ListItem","position":2,"name":"Mat\u00e9riaux","item":"https:\/\/mfinox.com\/fr\/materiaux\/"},{"@type":"ListItem","position":3,"name":"Titane Grade 5 6Al4V W 3.7165 UNS R56400"}]},{"@type":"WebSite","@id":"https:\/\/mfinox.com\/fr\/#website","url":"https:\/\/mfinox.com\/fr\/","name":"M.F. INOX","description":"","publisher":{"@id":"https:\/\/mfinox.com\/fr\/#organization"},"potentialAction":[{"@type":"SearchAction","target":{"@type":"EntryPoint","urlTemplate":"https:\/\/mfinox.com\/fr\/?s={search_term_string}"},"query-input":{"@type":"PropertyValueSpecification","valueRequired":true,"valueName":"search_term_string"}}],"inLanguage":"fr-FR"},{"@type":"Organization","@id":"https:\/\/mfinox.com\/fr\/#organization","name":"M.F. INOX","url":"https:\/\/mfinox.com\/fr\/","logo":{"@type":"ImageObject","inLanguage":"fr-FR","@id":"https:\/\/mfinox.com\/fr\/#\/schema\/logo\/image\/","url":"https:\/\/mfinox.com\/wp-content\/uploads\/2024\/05\/mf-inox_logo_neg.png","contentUrl":"https:\/\/mfinox.com\/wp-content\/uploads\/2024\/05\/mf-inox_logo_neg.png","width":1949,"height":662,"caption":"M.F. INOX"},"image":{"@id":"https:\/\/mfinox.com\/fr\/#\/schema\/logo\/image\/"}}]}},"_links":{"self":[{"href":"https:\/\/mfinox.com\/fr\/wp-json\/wp\/v2\/pages\/5878","targetHints":{"allow":["GET"]}}],"collection":[{"href":"https:\/\/mfinox.com\/fr\/wp-json\/wp\/v2\/pages"}],"about":[{"href":"https:\/\/mfinox.com\/fr\/wp-json\/wp\/v2\/types\/page"}],"author":[{"embeddable":true,"href":"https:\/\/mfinox.com\/fr\/wp-json\/wp\/v2\/users\/1"}],"replies":[{"embeddable":true,"href":"https:\/\/mfinox.com\/fr\/wp-json\/wp\/v2\/comments?post=5878"}],"version-history":[{"count":0,"href":"https:\/\/mfinox.com\/fr\/wp-json\/wp\/v2\/pages\/5878\/revisions"}],"up":[{"embeddable":true,"href":"https:\/\/mfinox.com\/fr\/wp-json\/wp\/v2\/pages\/4505"}],"wp:attachment":[{"href":"https:\/\/mfinox.com\/fr\/wp-json\/wp\/v2\/media?parent=5878"}],"curies":[{"name":"wp","href":"https:\/\/api.w.org\/{rel}","templated":true}]}}