{"id":5860,"date":"2024-06-18T17:22:42","date_gmt":"2024-06-18T17:22:42","guid":{"rendered":"https:\/\/mfinox.com\/materiaux\/super-duplex-a182-f61-uns-s32250-werkstoff-1-4507\/"},"modified":"2024-09-06T10:01:45","modified_gmt":"2024-09-06T10:01:45","slug":"super-duplex-a182-f61-uns-s32250-werkstoff-1-4507","status":"publish","type":"page","link":"https:\/\/mfinox.com\/fr\/materiaux\/super-duplex-a182-f61-uns-s32250-werkstoff-1-4507\/","title":{"rendered":"Super duplex A182 F61 UNS S32250 Werkstoff 1.4507"},"content":{"rendered":"\t\t<div data-elementor-type=\"wp-page\" data-elementor-id=\"5860\" class=\"elementor elementor-5860 elementor-2226\" data-elementor-post-type=\"page\">\n\t\t\t\t<div class=\"elementor-element elementor-element-6b272e3c e-flex e-con-boxed e-con e-parent\" data-id=\"6b272e3c\" data-element_type=\"container\" data-e-type=\"container\" data-settings=\"{&quot;background_background&quot;:&quot;classic&quot;}\">\n\t\t\t\t\t<div class=\"e-con-inner\">\n\t\t\t\t<div class=\"elementor-element elementor-element-72dce375 titolo-materiali elementor-invisible elementor-widget elementor-widget-heading\" data-id=\"72dce375\" data-element_type=\"widget\" data-e-type=\"widget\" data-settings=\"{&quot;_animation&quot;:&quot;fadeIn&quot;}\" data-widget_type=\"heading.default\">\n\t\t\t\t<div class=\"elementor-widget-container\">\n\t\t\t\t\t<h1 class=\"elementor-heading-title elementor-size-default\">Super duplex A182 F61 UNS S32250 Werkstoff 1.4507  <\/h1>\t\t\t\t<\/div>\n\t\t\t\t<\/div>\n\t\t\t\t<div class=\"elementor-element elementor-element-989fa11 elementor-invisible elementor-widget elementor-widget-shortcode\" data-id=\"989fa11\" data-element_type=\"widget\" data-e-type=\"widget\" data-settings=\"{&quot;_animation&quot;:&quot;fadeIn&quot;}\" data-widget_type=\"shortcode.default\">\n\t\t\t\t<div class=\"elementor-widget-container\">\n\t\t\t\t\t\t\t<div class=\"elementor-shortcode\"><nav aria-label=\"breadcrumb\"><div class=\"breadcrumb\"><span class=\"breadcrumb-item\"><a href=\"https:\/\/mfinox.com\/fr\/\" style=\"color: #F3912E;\">Home<\/a><\/span><\/div><\/nav><\/div>\n\t\t\t\t\t\t<\/div>\n\t\t\t\t<\/div>\n\t\t\t\t\t<\/div>\n\t\t\t\t<\/div>\n\t\t<div class=\"elementor-element elementor-element-455a523d e-flex e-con-boxed elementor-invisible e-con e-parent\" data-id=\"455a523d\" data-element_type=\"container\" data-e-type=\"container\" data-settings=\"{&quot;animation&quot;:&quot;fadeInUp&quot;}\">\n\t\t\t\t\t<div class=\"e-con-inner\">\n\t\t\t\t<div class=\"elementor-element elementor-element-7c3c2dbe elementor-widget elementor-widget-text-editor\" data-id=\"7c3c2dbe\" data-element_type=\"widget\" data-e-type=\"widget\" data-widget_type=\"text-editor.default\">\n\t\t\t\t<div class=\"elementor-widget-container\">\n\t\t\t\t\t\t\t\t\tL&rsquo;acier super duplex A182 F61 UNS S32250 Werkstoff 1.4507 est un alliage duplex r\u00e9sistant \u00e0 la corrosion, id\u00e9al pour les environnements marins et industriels \u00e0 forte concentration de chlorure.\nIl offre une bonne r\u00e9sistance m\u00e9canique et une bonne t\u00e9nacit\u00e9 et est utilis\u00e9 dans des secteurs tels que l&rsquo;industrie chimique marine et dans la construction de structures expos\u00e9es \u00e0 l&rsquo;environnement corrosif.   <h2><b>COMPOSITION CHIMIQUE SUPER DUPLEX A182 F61 UNS S32250 Werkstoff 1.4507<\/b><\/h2>\n<table class=\"responsive-table\">\n<tbody>\n<tr>\n<th>\u00c9l\u00e9ment<\/th><th>Min<\/th><th>Max<\/th>\n<\/tr>\n<tr>\n<td>C<\/td><td><\/td><td>0.03<\/td>\n<\/tr>\n<tr>\n<td>Oui<\/td><td><\/td><td>0.40<\/td>\n<\/tr>\n<tr>\n<td>Mn<\/td><td><\/td><td>1.00<\/td>\n<\/tr>\n<tr>\n<td>Cr<\/td><td><\/td><td>25.9<\/td>\n<\/tr>\n<tr>\n<td>Ni<\/td><td><\/td><td>6.10<\/td>\n<\/tr>\n<tr>\n<td>Mo<\/td><td><\/td><td>3.40<\/td>\n<\/tr>\n<tr>\n<td>Cu<\/td><td><\/td><td>1.70<\/td>\n<\/tr>\n<tr>\n<td>W<\/td><td><\/td><td>0.60<\/td>\n<\/tr>\n<tr>\n<td>N<\/td><td><\/td><td>0.25<\/td>\n<\/tr>\n<\/tbody>\n<\/table>\n<h2><b>CARACT\u00c9RISTIQUES M\u00c9CANIQUES SUPER DUPLEX A182 F61 UNS S32250 Werkstoff 1.4507<\/b><\/h2>\n<table class=\"responsive-table\">\n<tbody>\n<tr>\n<th>Mat\u00e9riau<\/th>\n<th>Ligue<\/th>\n<th>Rm min (MPa)<\/th>\n<th>Rp 0,2 min (MPa)<\/th>\n<th>A% min<\/th>\n<th>Duret\u00e9<\/th>\n<\/tr>\n<tr>\n<td>A182 F61 UNS S32550<\/td>\n<td>1.4501<\/td>\n<td>790<\/td>\n<td>586<\/td>\n<td>25<\/td>\n<td>220-270 HB<\/td>\n<\/tr>\n<\/tbody>\n<\/table>\n<h2><b>CARACT\u00c9RISTIQUES PHYSIQUES SUPER DUPLEX A182 F61 UNS S32250 Werkstoff 1.4507<\/b><\/h2>\n<ul>\n \t<li>Densit\u00e9 \u00e0 20\u00b0C : 7,81 kg\/dm\u00b3.<\/li>\n \t<li>Module d&rsquo;\u00e9lasticit\u00e9 \u00e0 20\u00b0C : 199 000 N\/mm\u00b2.<\/li>\n \t<li>Conductivit\u00e9 thermique \u00e0 20\u00b0C : 14,2 W\/m.K<\/li>\n \t<li>Magn\u00e9tique<\/li>\n<\/ul>\n<h2><b>SUPER DUPLEX SPECIFICATIONS A182 F61 UNS S32250 Werkstoff 1.4507<\/b><\/h2>\n<ul>\n \t<li>EN 10088\/3 : X2 CrNiMoCuN 25-6-3<\/li>\n \t<li>W. : 1.4507<\/li>\n \t<li>UNS : UNS S32250<\/li>\n \t<li>AISI : F61 A182 \/ A479<\/li>\n \t<li>MARQUE : FERRALIUM 255 &#8211; SD50<\/li>\n \t<li>NORSOK : M630 MDS D57 M650<\/li>\n \t<li>AUTRES : NACE MR01-75, ISO 15156, EN 10088-3, PED 97\/23\/EC, ASTM G48<\/li>\n<\/ul>\n\t\t<div data-elementor-type=\"section\" data-elementor-id=\"2152\" class=\"elementor elementor-2152\" data-elementor-post-type=\"elementor_library\">\n\t\t\t<div class=\"elementor-element elementor-element-1a5312d e-flex e-con-boxed e-con e-parent\" data-id=\"1a5312d\" data-element_type=\"container\" data-e-type=\"container\">\n\t\t\t\t\t<div class=\"e-con-inner\">\n\t\t\t\t<div class=\"elementor-element elementor-element-703a4b7 elementor-widget elementor-widget-spacer\" data-id=\"703a4b7\" data-element_type=\"widget\" data-e-type=\"widget\" data-widget_type=\"spacer.default\">\n\t\t\t\t<div class=\"elementor-widget-container\">\n\t\t\t\t\t\t\t<div class=\"elementor-spacer\">\n\t\t\t<div class=\"elementor-spacer-inner\"><\/div>\n\t\t<\/div>\n\t\t\t\t\t\t<\/div>\n\t\t\t\t<\/div>\n\t\t\t\t\t<\/div>\n\t\t\t\t<\/div>\n\t\t\t\t<\/div>\n\t\t\t\t\t\t\t\t\t\t<\/div>\n\t\t\t\t<\/div>\n\t\t\t\t\t<\/div>\n\t\t\t\t<\/div>\n\t\t\t\t<\/div>\n\t\t","protected":false},"excerpt":{"rendered":"<p>Super duplex A182 F61 UNS S32250 Werkstoff 1.4507 L&rsquo;acier super duplex A182 F61 UNS S32250 Werkstoff 1.4507 est un alliage duplex r\u00e9sistant \u00e0 la corrosion, id\u00e9al pour les environnements marins et industriels \u00e0 forte concentration de chlorure. Il offre une bonne r\u00e9sistance m\u00e9canique et une bonne t\u00e9nacit\u00e9 et est utilis\u00e9 dans des secteurs tels que [&hellip;]<\/p>\n","protected":false},"author":1,"featured_media":0,"parent":4505,"menu_order":0,"comment_status":"closed","ping_status":"closed","template":"","meta":{"footnotes":""},"class_list":["post-5860","page","type-page","status-publish","hentry"],"yoast_head":"<!-- This site is optimized with the Yoast SEO plugin v27.6 - https:\/\/yoast.com\/product\/yoast-seo-wordpress\/ -->\n<title>Super duplex A182 F61 UNS S32250 Werkstoff 1.4507 - M.F. INOX<\/title>\n<meta name=\"robots\" content=\"index, follow, max-snippet:-1, max-image-preview:large, max-video-preview:-1\" \/>\n<link rel=\"canonical\" href=\"https:\/\/mfinox.com\/fr\/materiaux\/super-duplex-a182-f61-uns-s32250-werkstoff-1-4507\/\" \/>\n<meta property=\"og:locale\" content=\"fr_FR\" \/>\n<meta property=\"og:type\" content=\"article\" \/>\n<meta property=\"og:title\" content=\"Super duplex A182 F61 UNS S32250 Werkstoff 1.4507 - M.F. INOX\" \/>\n<meta property=\"og:description\" content=\"Super duplex A182 F61 UNS S32250 Werkstoff 1.4507 L&rsquo;acier super duplex A182 F61 UNS S32250 Werkstoff 1.4507 est un alliage duplex r\u00e9sistant \u00e0 la corrosion, id\u00e9al pour les environnements marins et industriels \u00e0 forte concentration de chlorure. Il offre une bonne r\u00e9sistance m\u00e9canique et une bonne t\u00e9nacit\u00e9 et est utilis\u00e9 dans des secteurs tels que [&hellip;]\" \/>\n<meta property=\"og:url\" content=\"https:\/\/mfinox.com\/fr\/materiaux\/super-duplex-a182-f61-uns-s32250-werkstoff-1-4507\/\" \/>\n<meta property=\"og:site_name\" content=\"M.F. INOX\" \/>\n<meta property=\"article:modified_time\" content=\"2024-09-06T10:01:45+00:00\" \/>\n<meta name=\"twitter:card\" content=\"summary_large_image\" \/>\n<meta name=\"twitter:label1\" content=\"Dur\u00e9e de lecture estim\u00e9e\" \/>\n\t<meta name=\"twitter:data1\" content=\"1 minute\" \/>\n<script type=\"application\/ld+json\" class=\"yoast-schema-graph\">{\"@context\":\"https:\\\/\\\/schema.org\",\"@graph\":[{\"@type\":\"WebPage\",\"@id\":\"https:\\\/\\\/mfinox.com\\\/fr\\\/materiaux\\\/super-duplex-a182-f61-uns-s32250-werkstoff-1-4507\\\/\",\"url\":\"https:\\\/\\\/mfinox.com\\\/fr\\\/materiaux\\\/super-duplex-a182-f61-uns-s32250-werkstoff-1-4507\\\/\",\"name\":\"Super duplex A182 F61 UNS S32250 Werkstoff 1.4507 - M.F. INOX\",\"isPartOf\":{\"@id\":\"https:\\\/\\\/mfinox.com\\\/fr\\\/#website\"},\"datePublished\":\"2024-06-18T17:22:42+00:00\",\"dateModified\":\"2024-09-06T10:01:45+00:00\",\"breadcrumb\":{\"@id\":\"https:\\\/\\\/mfinox.com\\\/fr\\\/materiaux\\\/super-duplex-a182-f61-uns-s32250-werkstoff-1-4507\\\/#breadcrumb\"},\"inLanguage\":\"fr-FR\",\"potentialAction\":[{\"@type\":\"ReadAction\",\"target\":[\"https:\\\/\\\/mfinox.com\\\/fr\\\/materiaux\\\/super-duplex-a182-f61-uns-s32250-werkstoff-1-4507\\\/\"]}]},{\"@type\":\"BreadcrumbList\",\"@id\":\"https:\\\/\\\/mfinox.com\\\/fr\\\/materiaux\\\/super-duplex-a182-f61-uns-s32250-werkstoff-1-4507\\\/#breadcrumb\",\"itemListElement\":[{\"@type\":\"ListItem\",\"position\":1,\"name\":\"Home\",\"item\":\"https:\\\/\\\/mfinox.com\\\/fr\\\/\"},{\"@type\":\"ListItem\",\"position\":2,\"name\":\"Mat\u00e9riaux\",\"item\":\"https:\\\/\\\/mfinox.com\\\/fr\\\/materiaux\\\/\"},{\"@type\":\"ListItem\",\"position\":3,\"name\":\"Super duplex A182 F61 UNS S32250 Werkstoff 1.4507\"}]},{\"@type\":\"WebSite\",\"@id\":\"https:\\\/\\\/mfinox.com\\\/fr\\\/#website\",\"url\":\"https:\\\/\\\/mfinox.com\\\/fr\\\/\",\"name\":\"M.F. INOX\",\"description\":\"\",\"publisher\":{\"@id\":\"https:\\\/\\\/mfinox.com\\\/fr\\\/#organization\"},\"potentialAction\":[{\"@type\":\"SearchAction\",\"target\":{\"@type\":\"EntryPoint\",\"urlTemplate\":\"https:\\\/\\\/mfinox.com\\\/fr\\\/?s={search_term_string}\"},\"query-input\":{\"@type\":\"PropertyValueSpecification\",\"valueRequired\":true,\"valueName\":\"search_term_string\"}}],\"inLanguage\":\"fr-FR\"},{\"@type\":\"Organization\",\"@id\":\"https:\\\/\\\/mfinox.com\\\/fr\\\/#organization\",\"name\":\"M.F. INOX\",\"url\":\"https:\\\/\\\/mfinox.com\\\/fr\\\/\",\"logo\":{\"@type\":\"ImageObject\",\"inLanguage\":\"fr-FR\",\"@id\":\"https:\\\/\\\/mfinox.com\\\/fr\\\/#\\\/schema\\\/logo\\\/image\\\/\",\"url\":\"https:\\\/\\\/mfinox.com\\\/wp-content\\\/uploads\\\/2024\\\/05\\\/mf-inox_logo_neg.png\",\"contentUrl\":\"https:\\\/\\\/mfinox.com\\\/wp-content\\\/uploads\\\/2024\\\/05\\\/mf-inox_logo_neg.png\",\"width\":1949,\"height\":662,\"caption\":\"M.F. INOX\"},\"image\":{\"@id\":\"https:\\\/\\\/mfinox.com\\\/fr\\\/#\\\/schema\\\/logo\\\/image\\\/\"}}]}<\/script>\n<!-- \/ Yoast SEO plugin. -->","yoast_head_json":{"title":"Super duplex A182 F61 UNS S32250 Werkstoff 1.4507 - M.F. INOX","robots":{"index":"index","follow":"follow","max-snippet":"max-snippet:-1","max-image-preview":"max-image-preview:large","max-video-preview":"max-video-preview:-1"},"canonical":"https:\/\/mfinox.com\/fr\/materiaux\/super-duplex-a182-f61-uns-s32250-werkstoff-1-4507\/","og_locale":"fr_FR","og_type":"article","og_title":"Super duplex A182 F61 UNS S32250 Werkstoff 1.4507 - M.F. INOX","og_description":"Super duplex A182 F61 UNS S32250 Werkstoff 1.4507 L&rsquo;acier super duplex A182 F61 UNS S32250 Werkstoff 1.4507 est un alliage duplex r\u00e9sistant \u00e0 la corrosion, id\u00e9al pour les environnements marins et industriels \u00e0 forte concentration de chlorure. Il offre une bonne r\u00e9sistance m\u00e9canique et une bonne t\u00e9nacit\u00e9 et est utilis\u00e9 dans des secteurs tels que [&hellip;]","og_url":"https:\/\/mfinox.com\/fr\/materiaux\/super-duplex-a182-f61-uns-s32250-werkstoff-1-4507\/","og_site_name":"M.F. INOX","article_modified_time":"2024-09-06T10:01:45+00:00","twitter_card":"summary_large_image","twitter_misc":{"Dur\u00e9e de lecture estim\u00e9e":"1 minute"},"schema":{"@context":"https:\/\/schema.org","@graph":[{"@type":"WebPage","@id":"https:\/\/mfinox.com\/fr\/materiaux\/super-duplex-a182-f61-uns-s32250-werkstoff-1-4507\/","url":"https:\/\/mfinox.com\/fr\/materiaux\/super-duplex-a182-f61-uns-s32250-werkstoff-1-4507\/","name":"Super duplex A182 F61 UNS S32250 Werkstoff 1.4507 - M.F. INOX","isPartOf":{"@id":"https:\/\/mfinox.com\/fr\/#website"},"datePublished":"2024-06-18T17:22:42+00:00","dateModified":"2024-09-06T10:01:45+00:00","breadcrumb":{"@id":"https:\/\/mfinox.com\/fr\/materiaux\/super-duplex-a182-f61-uns-s32250-werkstoff-1-4507\/#breadcrumb"},"inLanguage":"fr-FR","potentialAction":[{"@type":"ReadAction","target":["https:\/\/mfinox.com\/fr\/materiaux\/super-duplex-a182-f61-uns-s32250-werkstoff-1-4507\/"]}]},{"@type":"BreadcrumbList","@id":"https:\/\/mfinox.com\/fr\/materiaux\/super-duplex-a182-f61-uns-s32250-werkstoff-1-4507\/#breadcrumb","itemListElement":[{"@type":"ListItem","position":1,"name":"Home","item":"https:\/\/mfinox.com\/fr\/"},{"@type":"ListItem","position":2,"name":"Mat\u00e9riaux","item":"https:\/\/mfinox.com\/fr\/materiaux\/"},{"@type":"ListItem","position":3,"name":"Super duplex A182 F61 UNS S32250 Werkstoff 1.4507"}]},{"@type":"WebSite","@id":"https:\/\/mfinox.com\/fr\/#website","url":"https:\/\/mfinox.com\/fr\/","name":"M.F. INOX","description":"","publisher":{"@id":"https:\/\/mfinox.com\/fr\/#organization"},"potentialAction":[{"@type":"SearchAction","target":{"@type":"EntryPoint","urlTemplate":"https:\/\/mfinox.com\/fr\/?s={search_term_string}"},"query-input":{"@type":"PropertyValueSpecification","valueRequired":true,"valueName":"search_term_string"}}],"inLanguage":"fr-FR"},{"@type":"Organization","@id":"https:\/\/mfinox.com\/fr\/#organization","name":"M.F. INOX","url":"https:\/\/mfinox.com\/fr\/","logo":{"@type":"ImageObject","inLanguage":"fr-FR","@id":"https:\/\/mfinox.com\/fr\/#\/schema\/logo\/image\/","url":"https:\/\/mfinox.com\/wp-content\/uploads\/2024\/05\/mf-inox_logo_neg.png","contentUrl":"https:\/\/mfinox.com\/wp-content\/uploads\/2024\/05\/mf-inox_logo_neg.png","width":1949,"height":662,"caption":"M.F. INOX"},"image":{"@id":"https:\/\/mfinox.com\/fr\/#\/schema\/logo\/image\/"}}]}},"_links":{"self":[{"href":"https:\/\/mfinox.com\/fr\/wp-json\/wp\/v2\/pages\/5860","targetHints":{"allow":["GET"]}}],"collection":[{"href":"https:\/\/mfinox.com\/fr\/wp-json\/wp\/v2\/pages"}],"about":[{"href":"https:\/\/mfinox.com\/fr\/wp-json\/wp\/v2\/types\/page"}],"author":[{"embeddable":true,"href":"https:\/\/mfinox.com\/fr\/wp-json\/wp\/v2\/users\/1"}],"replies":[{"embeddable":true,"href":"https:\/\/mfinox.com\/fr\/wp-json\/wp\/v2\/comments?post=5860"}],"version-history":[{"count":0,"href":"https:\/\/mfinox.com\/fr\/wp-json\/wp\/v2\/pages\/5860\/revisions"}],"up":[{"embeddable":true,"href":"https:\/\/mfinox.com\/fr\/wp-json\/wp\/v2\/pages\/4505"}],"wp:attachment":[{"href":"https:\/\/mfinox.com\/fr\/wp-json\/wp\/v2\/media?parent=5860"}],"curies":[{"name":"wp","href":"https:\/\/api.w.org\/{rel}","templated":true}]}}