{"id":5852,"date":"2024-07-28T13:03:34","date_gmt":"2024-07-28T13:03:34","guid":{"rendered":"https:\/\/mfinox.com\/materiaux\/werkstoff-1-4986\/"},"modified":"2024-09-06T09:57:24","modified_gmt":"2024-09-06T09:57:24","slug":"werkstoff-1-4986","status":"publish","type":"page","link":"https:\/\/mfinox.com\/fr\/materiaux\/werkstoff-1-4986\/","title":{"rendered":"Werkstoff 1.4986"},"content":{"rendered":"\t\t<div data-elementor-type=\"wp-page\" data-elementor-id=\"5852\" class=\"elementor elementor-5852 elementor-5051\" data-elementor-post-type=\"page\">\n\t\t\t\t<div class=\"elementor-element elementor-element-7bbe9e62 e-flex e-con-boxed e-con e-parent\" data-id=\"7bbe9e62\" data-element_type=\"container\" data-e-type=\"container\" data-settings=\"{&quot;background_background&quot;:&quot;classic&quot;}\">\n\t\t\t\t\t<div class=\"e-con-inner\">\n\t\t\t\t<div class=\"elementor-element elementor-element-47468157 titolo-materiali elementor-invisible elementor-widget elementor-widget-heading\" data-id=\"47468157\" data-element_type=\"widget\" data-e-type=\"widget\" data-settings=\"{&quot;_animation&quot;:&quot;fadeIn&quot;}\" data-widget_type=\"heading.default\">\n\t\t\t\t<div class=\"elementor-widget-container\">\n\t\t\t\t\t<h1 class=\"elementor-heading-title elementor-size-default\">Werkstoff 1.4986<\/h1>\t\t\t\t<\/div>\n\t\t\t\t<\/div>\n\t\t\t\t<div class=\"elementor-element elementor-element-2f009f7f elementor-invisible elementor-widget elementor-widget-shortcode\" data-id=\"2f009f7f\" data-element_type=\"widget\" data-e-type=\"widget\" data-settings=\"{&quot;_animation&quot;:&quot;fadeIn&quot;}\" data-widget_type=\"shortcode.default\">\n\t\t\t\t<div class=\"elementor-widget-container\">\n\t\t\t\t\t\t\t<div class=\"elementor-shortcode\"><nav aria-label=\"breadcrumb\"><div class=\"breadcrumb\"><span class=\"breadcrumb-item\"><a href=\"https:\/\/mfinox.com\/fr\/\" style=\"color: #F3912E;\">Home<\/a><\/span><\/div><\/nav><\/div>\n\t\t\t\t\t\t<\/div>\n\t\t\t\t<\/div>\n\t\t\t\t\t<\/div>\n\t\t\t\t<\/div>\n\t\t<div class=\"elementor-element elementor-element-3129280f e-flex e-con-boxed elementor-invisible e-con e-parent\" data-id=\"3129280f\" data-element_type=\"container\" data-e-type=\"container\" data-settings=\"{&quot;animation&quot;:&quot;fadeInUp&quot;}\">\n\t\t\t\t\t<div class=\"e-con-inner\">\n\t\t\t\t<div class=\"elementor-element elementor-element-797a0196 elementor-widget elementor-widget-text-editor\" data-id=\"797a0196\" data-element_type=\"widget\" data-e-type=\"widget\" data-widget_type=\"text-editor.default\">\n\t\t\t\t<div class=\"elementor-widget-container\">\n\t\t\t\t\t\t\t\t\t<p>Le Werkstoff 1.4986 est un acier inoxydable martensitique \u00e0 haute r\u00e9sistance connu pour ses excellentes propri\u00e9t\u00e9s m\u00e9caniques et sa r\u00e9sistance \u00e0 la corrosion.\nGr\u00e2ce \u00e0 sa composition chimique unique qui inclut des \u00e9l\u00e9ments tels que le chrome, le nickel et le molybd\u00e8ne, ce mat\u00e9riau est particuli\u00e8rement adapt\u00e9 aux applications qui requi\u00e8rent \u00e0 la fois r\u00e9sistance et durabilit\u00e9 dans des environnements difficiles. <\/p>\n<p>Dans l&rsquo;industrie de la boulonnerie, le Werkstoff 1.4986 est utilis\u00e9 dans les situations o\u00f9 des performances \u00e9lev\u00e9es sous contrainte sont requises, comme dans les industries a\u00e9rospatiale, p\u00e9troli\u00e8re et p\u00e9trochimique.\nSa capacit\u00e9 \u00e0 conserver sa r\u00e9sistance m\u00e9canique \u00e0 des temp\u00e9ratures \u00e9lev\u00e9es le rend id\u00e9al pour une utilisation dans des conditions extr\u00eames, garantissant la s\u00e9curit\u00e9 et la fiabilit\u00e9 des composants. <\/p>\n\n<h2><b>COMPOSITION CHIMIQUE Werkstoff 1.4986<\/b><\/h2>\n<table class=\"responsive-table\">\n    <tr>\n        <th>\u00c9l\u00e9ment<\/th><th>Min<\/th><th>Max<\/th>\n    <\/tr>\n    <tr><td>Ni<\/td><td>15.5<\/td><td>17.5<\/td><\/tr>\n    <tr><td>Cr<\/td><td>15.5<\/td><td>17.5<\/td><\/tr>\n    <tr><td>P<\/td><td><\/td><td>0.045<\/td><\/tr>\n    <tr><td>Mo<\/td><td>1.6<\/td><td>2.0<\/td><\/tr>\n    <tr><td>C<\/td><td>0.04<\/td><td>0.1<\/td><\/tr>\n    <tr><td>Mn<\/td><td><\/td><td>1<\/td><\/tr>\n    <tr><td>Oui<\/td><td>0.3<\/td><td>0.61<\/td><\/tr>\n    <tr><td>B<\/td><td>0.05<\/td><td><\/td><\/tr>\n    <tr><td>Nb+Ta<\/td><td><\/td><td>&lt;1.2<\/td><\/tr>\n    <tr><td>S<\/td><td><\/td><td>0.03<\/td><\/tr>\n<\/table>\n\n<h2><b>PROPRI\u00c9T\u00c9S M\u00c9CANIQUES Werkstoff 1.4986<\/b><\/h2>\n<table class=\"responsive-table\">\n    <tr>\n        <th>Mat\u00e9riau<\/th><th>Rm min<\/th><th>Rp 0,2 min<\/th><th>A% min<\/th><th>Impact<\/th>\n    <\/tr>\n    <tr>\n        <td>Werkstoff 1.4986<\/td><td>650 &#8211; 850<\/td><td>490<\/td><td>17<\/td><td>50 J<\/td>\n    <\/tr>\n<\/table>\n\n<h2><b>CORRESPONDANCE Werkstoff 1.4986<\/b><\/h2>\n<table class=\"responsive-table\">\n    <tr>\n        <th>Norme<\/th><th>D\u00e9signation<\/th>\n    <\/tr>\n    <tr>\n        <td>FR<\/td><td>10269<\/td>\n    <\/tr>\n    <tr>\n        <td>DIN 17752<\/td><td>X7CrNiMoBNb16-16<\/td>\n    <\/tr>\n    <tr>\n        <td>EN<\/td><td>10088-3<\/td>\n    <\/tr>\n<\/table>\n\n\t\t<div data-elementor-type=\"section\" data-elementor-id=\"2152\" class=\"elementor elementor-2152\" data-elementor-post-type=\"elementor_library\">\n\t\t\t<div class=\"elementor-element elementor-element-1a5312d e-flex e-con-boxed e-con e-parent\" data-id=\"1a5312d\" data-element_type=\"container\" data-e-type=\"container\">\n\t\t\t\t\t<div class=\"e-con-inner\">\n\t\t\t\t<div class=\"elementor-element elementor-element-703a4b7 elementor-widget elementor-widget-spacer\" data-id=\"703a4b7\" data-element_type=\"widget\" data-e-type=\"widget\" data-widget_type=\"spacer.default\">\n\t\t\t\t<div class=\"elementor-widget-container\">\n\t\t\t\t\t\t\t<div class=\"elementor-spacer\">\n\t\t\t<div class=\"elementor-spacer-inner\"><\/div>\n\t\t<\/div>\n\t\t\t\t\t\t<\/div>\n\t\t\t\t<\/div>\n\t\t\t\t\t<\/div>\n\t\t\t\t<\/div>\n\t\t\t\t<\/div>\n\t\t\n\t\t\t\t\t\t\t\t<\/div>\n\t\t\t\t<\/div>\n\t\t\t\t\t<\/div>\n\t\t\t\t<\/div>\n\t\t\t\t<\/div>\n\t\t","protected":false},"excerpt":{"rendered":"<p>Werkstoff 1.4986 Le Werkstoff 1.4986 est un acier inoxydable martensitique \u00e0 haute r\u00e9sistance connu pour ses excellentes propri\u00e9t\u00e9s m\u00e9caniques et sa r\u00e9sistance \u00e0 la corrosion. Gr\u00e2ce \u00e0 sa composition chimique unique qui inclut des \u00e9l\u00e9ments tels que le chrome, le nickel et le molybd\u00e8ne, ce mat\u00e9riau est particuli\u00e8rement adapt\u00e9 aux applications qui requi\u00e8rent \u00e0 la [&hellip;]<\/p>\n","protected":false},"author":1,"featured_media":0,"parent":4505,"menu_order":0,"comment_status":"closed","ping_status":"closed","template":"","meta":{"footnotes":""},"class_list":["post-5852","page","type-page","status-publish","hentry"],"yoast_head":"<!-- This site is optimized with the Yoast SEO plugin v27.6 - https:\/\/yoast.com\/product\/yoast-seo-wordpress\/ -->\n<title>Werkstoff 1.4986 - M.F. INOX<\/title>\n<meta name=\"robots\" content=\"index, follow, max-snippet:-1, max-image-preview:large, max-video-preview:-1\" \/>\n<link rel=\"canonical\" href=\"https:\/\/mfinox.com\/fr\/materiaux\/werkstoff-1-4986\/\" \/>\n<meta property=\"og:locale\" content=\"fr_FR\" \/>\n<meta property=\"og:type\" content=\"article\" \/>\n<meta property=\"og:title\" content=\"Werkstoff 1.4986 - M.F. INOX\" \/>\n<meta property=\"og:description\" content=\"Werkstoff 1.4986 Le Werkstoff 1.4986 est un acier inoxydable martensitique \u00e0 haute r\u00e9sistance connu pour ses excellentes propri\u00e9t\u00e9s m\u00e9caniques et sa r\u00e9sistance \u00e0 la corrosion. Gr\u00e2ce \u00e0 sa composition chimique unique qui inclut des \u00e9l\u00e9ments tels que le chrome, le nickel et le molybd\u00e8ne, ce mat\u00e9riau est particuli\u00e8rement adapt\u00e9 aux applications qui requi\u00e8rent \u00e0 la [&hellip;]\" \/>\n<meta property=\"og:url\" content=\"https:\/\/mfinox.com\/fr\/materiaux\/werkstoff-1-4986\/\" \/>\n<meta property=\"og:site_name\" content=\"M.F. INOX\" \/>\n<meta property=\"article:modified_time\" content=\"2024-09-06T09:57:24+00:00\" \/>\n<meta name=\"twitter:card\" content=\"summary_large_image\" \/>\n<meta name=\"twitter:label1\" content=\"Dur\u00e9e de lecture estim\u00e9e\" \/>\n\t<meta name=\"twitter:data1\" content=\"1 minute\" \/>\n<script type=\"application\/ld+json\" class=\"yoast-schema-graph\">{\"@context\":\"https:\\\/\\\/schema.org\",\"@graph\":[{\"@type\":\"WebPage\",\"@id\":\"https:\\\/\\\/mfinox.com\\\/fr\\\/materiaux\\\/werkstoff-1-4986\\\/\",\"url\":\"https:\\\/\\\/mfinox.com\\\/fr\\\/materiaux\\\/werkstoff-1-4986\\\/\",\"name\":\"Werkstoff 1.4986 - M.F. INOX\",\"isPartOf\":{\"@id\":\"https:\\\/\\\/mfinox.com\\\/fr\\\/#website\"},\"datePublished\":\"2024-07-28T13:03:34+00:00\",\"dateModified\":\"2024-09-06T09:57:24+00:00\",\"breadcrumb\":{\"@id\":\"https:\\\/\\\/mfinox.com\\\/fr\\\/materiaux\\\/werkstoff-1-4986\\\/#breadcrumb\"},\"inLanguage\":\"fr-FR\",\"potentialAction\":[{\"@type\":\"ReadAction\",\"target\":[\"https:\\\/\\\/mfinox.com\\\/fr\\\/materiaux\\\/werkstoff-1-4986\\\/\"]}]},{\"@type\":\"BreadcrumbList\",\"@id\":\"https:\\\/\\\/mfinox.com\\\/fr\\\/materiaux\\\/werkstoff-1-4986\\\/#breadcrumb\",\"itemListElement\":[{\"@type\":\"ListItem\",\"position\":1,\"name\":\"Home\",\"item\":\"https:\\\/\\\/mfinox.com\\\/fr\\\/\"},{\"@type\":\"ListItem\",\"position\":2,\"name\":\"Mat\u00e9riaux\",\"item\":\"https:\\\/\\\/mfinox.com\\\/fr\\\/materiaux\\\/\"},{\"@type\":\"ListItem\",\"position\":3,\"name\":\"Werkstoff 1.4986\"}]},{\"@type\":\"WebSite\",\"@id\":\"https:\\\/\\\/mfinox.com\\\/fr\\\/#website\",\"url\":\"https:\\\/\\\/mfinox.com\\\/fr\\\/\",\"name\":\"M.F. INOX\",\"description\":\"\",\"publisher\":{\"@id\":\"https:\\\/\\\/mfinox.com\\\/fr\\\/#organization\"},\"potentialAction\":[{\"@type\":\"SearchAction\",\"target\":{\"@type\":\"EntryPoint\",\"urlTemplate\":\"https:\\\/\\\/mfinox.com\\\/fr\\\/?s={search_term_string}\"},\"query-input\":{\"@type\":\"PropertyValueSpecification\",\"valueRequired\":true,\"valueName\":\"search_term_string\"}}],\"inLanguage\":\"fr-FR\"},{\"@type\":\"Organization\",\"@id\":\"https:\\\/\\\/mfinox.com\\\/fr\\\/#organization\",\"name\":\"M.F. INOX\",\"url\":\"https:\\\/\\\/mfinox.com\\\/fr\\\/\",\"logo\":{\"@type\":\"ImageObject\",\"inLanguage\":\"fr-FR\",\"@id\":\"https:\\\/\\\/mfinox.com\\\/fr\\\/#\\\/schema\\\/logo\\\/image\\\/\",\"url\":\"https:\\\/\\\/mfinox.com\\\/wp-content\\\/uploads\\\/2024\\\/05\\\/mf-inox_logo_neg.png\",\"contentUrl\":\"https:\\\/\\\/mfinox.com\\\/wp-content\\\/uploads\\\/2024\\\/05\\\/mf-inox_logo_neg.png\",\"width\":1949,\"height\":662,\"caption\":\"M.F. INOX\"},\"image\":{\"@id\":\"https:\\\/\\\/mfinox.com\\\/fr\\\/#\\\/schema\\\/logo\\\/image\\\/\"}}]}<\/script>\n<!-- \/ Yoast SEO plugin. -->","yoast_head_json":{"title":"Werkstoff 1.4986 - M.F. INOX","robots":{"index":"index","follow":"follow","max-snippet":"max-snippet:-1","max-image-preview":"max-image-preview:large","max-video-preview":"max-video-preview:-1"},"canonical":"https:\/\/mfinox.com\/fr\/materiaux\/werkstoff-1-4986\/","og_locale":"fr_FR","og_type":"article","og_title":"Werkstoff 1.4986 - M.F. INOX","og_description":"Werkstoff 1.4986 Le Werkstoff 1.4986 est un acier inoxydable martensitique \u00e0 haute r\u00e9sistance connu pour ses excellentes propri\u00e9t\u00e9s m\u00e9caniques et sa r\u00e9sistance \u00e0 la corrosion. Gr\u00e2ce \u00e0 sa composition chimique unique qui inclut des \u00e9l\u00e9ments tels que le chrome, le nickel et le molybd\u00e8ne, ce mat\u00e9riau est particuli\u00e8rement adapt\u00e9 aux applications qui requi\u00e8rent \u00e0 la [&hellip;]","og_url":"https:\/\/mfinox.com\/fr\/materiaux\/werkstoff-1-4986\/","og_site_name":"M.F. INOX","article_modified_time":"2024-09-06T09:57:24+00:00","twitter_card":"summary_large_image","twitter_misc":{"Dur\u00e9e de lecture estim\u00e9e":"1 minute"},"schema":{"@context":"https:\/\/schema.org","@graph":[{"@type":"WebPage","@id":"https:\/\/mfinox.com\/fr\/materiaux\/werkstoff-1-4986\/","url":"https:\/\/mfinox.com\/fr\/materiaux\/werkstoff-1-4986\/","name":"Werkstoff 1.4986 - M.F. INOX","isPartOf":{"@id":"https:\/\/mfinox.com\/fr\/#website"},"datePublished":"2024-07-28T13:03:34+00:00","dateModified":"2024-09-06T09:57:24+00:00","breadcrumb":{"@id":"https:\/\/mfinox.com\/fr\/materiaux\/werkstoff-1-4986\/#breadcrumb"},"inLanguage":"fr-FR","potentialAction":[{"@type":"ReadAction","target":["https:\/\/mfinox.com\/fr\/materiaux\/werkstoff-1-4986\/"]}]},{"@type":"BreadcrumbList","@id":"https:\/\/mfinox.com\/fr\/materiaux\/werkstoff-1-4986\/#breadcrumb","itemListElement":[{"@type":"ListItem","position":1,"name":"Home","item":"https:\/\/mfinox.com\/fr\/"},{"@type":"ListItem","position":2,"name":"Mat\u00e9riaux","item":"https:\/\/mfinox.com\/fr\/materiaux\/"},{"@type":"ListItem","position":3,"name":"Werkstoff 1.4986"}]},{"@type":"WebSite","@id":"https:\/\/mfinox.com\/fr\/#website","url":"https:\/\/mfinox.com\/fr\/","name":"M.F. INOX","description":"","publisher":{"@id":"https:\/\/mfinox.com\/fr\/#organization"},"potentialAction":[{"@type":"SearchAction","target":{"@type":"EntryPoint","urlTemplate":"https:\/\/mfinox.com\/fr\/?s={search_term_string}"},"query-input":{"@type":"PropertyValueSpecification","valueRequired":true,"valueName":"search_term_string"}}],"inLanguage":"fr-FR"},{"@type":"Organization","@id":"https:\/\/mfinox.com\/fr\/#organization","name":"M.F. INOX","url":"https:\/\/mfinox.com\/fr\/","logo":{"@type":"ImageObject","inLanguage":"fr-FR","@id":"https:\/\/mfinox.com\/fr\/#\/schema\/logo\/image\/","url":"https:\/\/mfinox.com\/wp-content\/uploads\/2024\/05\/mf-inox_logo_neg.png","contentUrl":"https:\/\/mfinox.com\/wp-content\/uploads\/2024\/05\/mf-inox_logo_neg.png","width":1949,"height":662,"caption":"M.F. INOX"},"image":{"@id":"https:\/\/mfinox.com\/fr\/#\/schema\/logo\/image\/"}}]}},"_links":{"self":[{"href":"https:\/\/mfinox.com\/fr\/wp-json\/wp\/v2\/pages\/5852","targetHints":{"allow":["GET"]}}],"collection":[{"href":"https:\/\/mfinox.com\/fr\/wp-json\/wp\/v2\/pages"}],"about":[{"href":"https:\/\/mfinox.com\/fr\/wp-json\/wp\/v2\/types\/page"}],"author":[{"embeddable":true,"href":"https:\/\/mfinox.com\/fr\/wp-json\/wp\/v2\/users\/1"}],"replies":[{"embeddable":true,"href":"https:\/\/mfinox.com\/fr\/wp-json\/wp\/v2\/comments?post=5852"}],"version-history":[{"count":0,"href":"https:\/\/mfinox.com\/fr\/wp-json\/wp\/v2\/pages\/5852\/revisions"}],"up":[{"embeddable":true,"href":"https:\/\/mfinox.com\/fr\/wp-json\/wp\/v2\/pages\/4505"}],"wp:attachment":[{"href":"https:\/\/mfinox.com\/fr\/wp-json\/wp\/v2\/media?parent=5852"}],"curies":[{"name":"wp","href":"https:\/\/api.w.org\/{rel}","templated":true}]}}