{"id":5840,"date":"2024-09-06T06:07:57","date_gmt":"2024-09-06T06:07:57","guid":{"rendered":"https:\/\/mfinox.com\/denonciation\/"},"modified":"2024-09-06T09:35:13","modified_gmt":"2024-09-06T09:35:13","slug":"denonciation","status":"publish","type":"page","link":"https:\/\/mfinox.com\/fr\/denonciation\/","title":{"rendered":"D\u00e9nonciation"},"content":{"rendered":"\t\t<div data-elementor-type=\"wp-page\" data-elementor-id=\"5840\" class=\"elementor elementor-5840 elementor-5740\" data-elementor-post-type=\"page\">\n\t\t\t\t<div class=\"elementor-element elementor-element-dd517d6 e-flex e-con-boxed e-con e-parent\" data-id=\"dd517d6\" data-element_type=\"container\" data-e-type=\"container\" data-settings=\"{&quot;background_background&quot;:&quot;classic&quot;}\">\n\t\t\t\t\t<div class=\"e-con-inner\">\n\t\t\t\t<div class=\"elementor-element elementor-element-b322442 elementor-invisible elementor-widget elementor-widget-heading\" data-id=\"b322442\" data-element_type=\"widget\" data-e-type=\"widget\" data-settings=\"{&quot;_animation&quot;:&quot;fadeIn&quot;}\" data-widget_type=\"heading.default\">\n\t\t\t\t<div class=\"elementor-widget-container\">\n\t\t\t\t\t<h1 class=\"elementor-heading-title elementor-size-default\">D\u00e9nonciation<\/h1>\t\t\t\t<\/div>\n\t\t\t\t<\/div>\n\t\t\t\t<div class=\"elementor-element elementor-element-f5ab11c elementor-invisible elementor-widget elementor-widget-shortcode\" data-id=\"f5ab11c\" data-element_type=\"widget\" data-e-type=\"widget\" data-settings=\"{&quot;_animation&quot;:&quot;fadeIn&quot;}\" data-widget_type=\"shortcode.default\">\n\t\t\t\t<div class=\"elementor-widget-container\">\n\t\t\t\t\t\t\t<div class=\"elementor-shortcode\"><nav aria-label=\"breadcrumb\"><div class=\"breadcrumb\"><span class=\"breadcrumb-item\"><a href=\"https:\/\/mfinox.com\/fr\/\" style=\"color: #F3912E;\">Home<\/a><\/span><\/div><\/nav><\/div>\n\t\t\t\t\t\t<\/div>\n\t\t\t\t<\/div>\n\t\t\t\t\t<\/div>\n\t\t\t\t<\/div>\n\t\t<div class=\"elementor-element elementor-element-9fabeb7 e-flex e-con-boxed elementor-invisible e-con e-parent\" data-id=\"9fabeb7\" data-element_type=\"container\" data-e-type=\"container\" data-settings=\"{&quot;animation&quot;:&quot;fadeInUp&quot;}\">\n\t\t\t\t\t<div class=\"e-con-inner\">\n\t\t\t\t<div class=\"elementor-element elementor-element-ed0bd9d elementor-widget elementor-widget-text-editor\" data-id=\"ed0bd9d\" data-element_type=\"widget\" data-e-type=\"widget\" data-widget_type=\"text-editor.default\">\n\t\t\t\t<div class=\"elementor-widget-container\">\n\t\t\t\t\t\t\t\t\t<p>MF INOX Srl, conform\u00e9ment aux dispositions du d\u00e9cret l\u00e9gislatif.<br \/>\n24\/2023, a mis en place des canaux sp\u00e9ciaux r\u00e9serv\u00e9s (voir ci-dessous) qui peuvent \u00eatre utilis\u00e9s pour signaler les violations des r\u00e9glementations nationales ou de l&rsquo;Union europ\u00e9enne qui peuvent se produire au sein de l&rsquo;entreprise. <\/p>\n<p>Il est pr\u00e9cis\u00e9 que les canaux confidentiels d\u00e9crits ci-dessous ne doivent pas \u00eatre utilis\u00e9s pour transmettre des plaintes, des r\u00e9clamations, des demandes de nature personnelle ou pour signaler des litiges entre coll\u00e8gues, des questions d&rsquo;organisation interne et des situations similaires.<\/p>\n<p>Les rapports doivent alors \u00eatre circonstanci\u00e9s et fond\u00e9s sur des \u00e9l\u00e9ments pr\u00e9cis et concordants et doivent contenir, dans la mesure du possible, les informations n\u00e9cessaires \u00e0 l&rsquo;identification des auteurs du comportement illicite.<\/p>\n<p>Le d\u00e9clarant est donc tenu de rapporter de mani\u00e8re claire et compl\u00e8te tous les \u00e9l\u00e9ments utiles pour effectuer les contr\u00f4les et v\u00e9rifications n\u00e9cessaires \u00e0 l&rsquo;\u00e9valuation du bien-fond\u00e9 et de l&rsquo;objectivit\u00e9 du rapport.<\/p>\n<p>L&rsquo;entreprise soussign\u00e9e garantit la confidentialit\u00e9 de l&rsquo;identit\u00e9 du d\u00e9clarant et de la personne signal\u00e9e de la mani\u00e8re pr\u00e9vue par la l\u00e9gislation en vigueur.<br \/>\nToutefois, le signalement peut \u00e9galement \u00eatre anonyme. <\/p>\n<p>Tous les rapports, y compris les rapports anonymes, sont soigneusement examin\u00e9s et trait\u00e9s par des personnes sp\u00e9cialement habilit\u00e9es.<br \/>\nDans la mesure du possible, un retour d&rsquo;information appropri\u00e9 est fourni au rapporteur dans les d\u00e9lais l\u00e9gaux. <\/p>\n<p>Les donn\u00e9es personnelles sont trait\u00e9es conform\u00e9ment au r\u00e8glement europ\u00e9en 2016\/679 et au D. Lgs.<br \/>\n196\/2003, dans la mesure o\u00f9 ils sont encore applicables.<br \/>\n\u00c0 cet \u00e9gard, veuillez lire attentivement les informations ci-dessous.  <\/p>\n<p>Les rapports peuvent \u00eatre effectu\u00e9s\/transmis par les canaux alternatifs confidentiels suivants<\/p>\n<p>&#8211; en appelant le num\u00e9ro gratuit : 800.033.720 &#8211; fonctionnant du lundi au vendredi de 9h30 \u00e0 12h30 ;<\/p>\n<p>&#8211; en remplissant le formulaire sur le portail de reporting, accessible via le lien suivant : <a href=\"http:\/\/www.whistleblowingfacile.it\/\">www.whistleblowingfacile.it ;<\/a><\/p>\n<p>&#8211; en \u00e9crivant \u00e0 la soci\u00e9t\u00e9 de conseil externe : Winger S.r.l. &#8211; Ufficio Segnalazioni D. Lgs.<br \/>\n24\/2023 &#8211; Via Piccard 16\/G, 42124, Reggio Emilia (RE) ; <\/p>\n<p>&#8211; en prenant rendez-vous avec un professionnel sp\u00e9cialement d\u00e9sign\u00e9 dans les bureaux de la soci\u00e9t\u00e9 externe Winger S.r.l., situ\u00e9e via Piccard 16\/G, Reggio Emilia (RE).<\/p><\/p>\n\t\t\t\t\t\t\t\t<\/div>\n\t\t\t\t<\/div>\n\t\t\t\t\t<\/div>\n\t\t\t\t<\/div>\n\t\t<div class=\"elementor-element elementor-element-68b32ad e-flex e-con-boxed e-con e-parent\" data-id=\"68b32ad\" data-element_type=\"container\" data-e-type=\"container\">\n\t\t\t\t\t<div class=\"e-con-inner\">\n\t\t\t\t<div class=\"elementor-element elementor-element-e236705 elementor-widget elementor-widget-text-editor\" data-id=\"e236705\" data-element_type=\"widget\" data-e-type=\"widget\" data-widget_type=\"text-editor.default\">\n\t\t\t\t<div class=\"elementor-widget-container\">\n\t\t\t\t\t\t\t\t\t<p class=\"testo-piccolo\">Information au rapporteur d\u00e9livr\u00e9e conform\u00e9ment \u00e0 l&rsquo;Art.\n13 du r\u00e8glement europ\u00e9en 2016\/679 <\/p>\n<p class=\"testo-piccolo\">CONSID\u00c9RANT que, suite \u00e0 la notification que vous avez effectu\u00e9e conform\u00e9ment aux dispositions de la Leg.\n24\/2023, notre soci\u00e9t\u00e9 peut se retrouver \u00e0 collecter et \u00e0 traiter vos donn\u00e9es personnelles ; par souci de clart\u00e9, nous pr\u00e9cisons les d\u00e9finitions suivantes donn\u00e9es par le R\u00e8glement europ\u00e9en 2016\/679 : <br>Donn\u00e9es \u00e0 caract\u00e8re personnel : toute information concernant une personne physique identifi\u00e9e ou identifiable (\u00ab\u00a0personne concern\u00e9e\u00a0\u00bb) ; est r\u00e9put\u00e9e identifiable une personne qui peut \u00eatre identifi\u00e9e, directement ou indirectement, par r\u00e9f\u00e9rence notamment \u00e0 un identifiant, tel qu&rsquo;un nom, un num\u00e9ro d&rsquo;identification, des donn\u00e9es de localisation, un identifiant en ligne, ou \u00e0 un ou plusieurs \u00e9l\u00e9ments sp\u00e9cifiques propres \u00e0 son identit\u00e9 physique, physiologique, g\u00e9n\u00e9tique, psychique, \u00e9conomique, culturelle ou sociale. Toute op\u00e9ration ou tout ensemble d&rsquo;op\u00e9rations effectu\u00e9es ou non \u00e0 l&rsquo;aide de proc\u00e9d\u00e9s automatis\u00e9s et appliqu\u00e9es \u00e0 des donn\u00e9es ou des ensembles de donn\u00e9es \u00e0 caract\u00e8re personnel, telles que la collecte, l&rsquo;enregistrement, l&rsquo;organisation, la structuration, la conservation, l&rsquo;adaptation ou la modification, l&rsquo;extraction, la consultation, l&rsquo;utilisation, la communication par transmission, la diffusion ou toute autre forme de mise \u00e0 disposition, la comparaison ou le rapprochement, la limitation, l&rsquo;effacement ou la destruction.\n<br><br>Cela dit, conform\u00e9ment \u00e0 l&rsquo;article 13 du r\u00e8glement europ\u00e9en 2016\/679, nous vous informons que la collecte et le traitement des donn\u00e9es personnelles seront effectu\u00e9s par la soci\u00e9t\u00e9 soussign\u00e9e conform\u00e9ment \u00e0 ce qui suit : 1. Finalit\u00e9 : les donn\u00e9es seront trait\u00e9es exclusivement dans le but de g\u00e9rer le rapport conform\u00e9ment aux dispositions du d\u00e9cret l\u00e9gislatif.\n24\/2023, pour satisfaire vos \u00e9ventuelles demandes, pour l&rsquo;accomplissement correct des exigences bureaucratiques, l\u00e9gales et techniques et pour d&rsquo;autres activit\u00e9s obligatoires en vertu de la loi ;  <br>2. modalit\u00e9s : les donn\u00e9es seront trait\u00e9es \u00e0 l&rsquo;aide d&rsquo;instruments\/supports papier et \u00e9lectroniques\/informatiques\/t\u00e9l\u00e9matiques, dans le plein respect de la loi, selon les principes de l\u00e9galit\u00e9 et d&rsquo;exactitude et de mani\u00e8re \u00e0 prot\u00e9ger votre confidentialit\u00e9 ;<br>3. fourniture facultative de donn\u00e9es : la fourniture de donn\u00e9es est facultative et non obligatoire ;<br>4. cons\u00e9quences du refus : le refus de fournir certaines donn\u00e9es aux fins susmentionn\u00e9es peut nous emp\u00eacher de traiter votre rapport de la meilleure fa\u00e7on possible, de vous donner un retour d&rsquo;information appropri\u00e9 ou de r\u00e9pondre \u00e0 vos demandes ;<br>5. sujets ou cat\u00e9gories de sujets (destinataires) auxquels les donn\u00e9es peuvent \u00eatre communiqu\u00e9es ou diffus\u00e9es : les donn\u00e9es d\u00e9rivant de la notification seront envoy\u00e9es \u00e0 la soci\u00e9t\u00e9 Winger S.r.l. avec si\u00e8ge \u00e0 Reggio Emilia, via Piccard 16\/G, qui agit en tant que gestionnaire externe conform\u00e9ment \u00e0 l&rsquo;art.\n28 du R\u00e8glement europ\u00e9en 2016\/679 et seront communiqu\u00e9es aux responsables de la soci\u00e9t\u00e9 sp\u00e9cifiquement autoris\u00e9s par notre soci\u00e9t\u00e9.\nLes donn\u00e9es pourront ensuite \u00e9ventuellement \u00eatre communiqu\u00e9es \u00e0 des tiers uniquement pour remplir des obligations l\u00e9gales et selon les proc\u00e9dures pr\u00e9vues par le d\u00e9cret l\u00e9gislatif.\n24\/2023.\n<br><br><br>Les donn\u00e9es ne seront en aucun cas divulgu\u00e9es ; 6. personnes autoris\u00e9es \u00e0 traiter les donn\u00e9es : les donn\u00e9es seront trait\u00e9es exclusivement par un nombre tr\u00e8s limit\u00e9 de personnes sp\u00e9cialement autoris\u00e9es ; 7. processus de d\u00e9cision automatis\u00e9s (par exemple, profilage) : les processus de d\u00e9cision automatis\u00e9s ne sont en aucun cas g\u00e9r\u00e9s ; 8. Droits de la personne concern\u00e9e : vous disposez de tous les droits inscrits dans le r\u00e8glement europ\u00e9en 2016\/679, tels que le droit de demander l&rsquo;acc\u00e8s et la rectification de vos donn\u00e9es personnelles, leur effacement, la limitation du traitement, le droit de s&rsquo;opposer \u00e0 leur traitement, ainsi que le droit \u00e0 la portabilit\u00e9 des donn\u00e9es.\n<br><br>Il a \u00e9galement le droit d&rsquo;introduire une r\u00e9clamation aupr\u00e8s de l&rsquo;autorit\u00e9 de contr\u00f4le ; 9. transferts vers des pays tiers : les donn\u00e9es ne sont pas transf\u00e9r\u00e9es vers des pays tiers ; 10. p\u00e9riode de conservation des donn\u00e9es : les donn\u00e9es seront conserv\u00e9es pendant la p\u00e9riode strictement n\u00e9cessaire \u00e0 la gestion des rapports et, dans tous les cas, dans le respect des dispositions du d\u00e9cret l\u00e9gislatif.\n<br>24\/2023 et \u00e0 la r\u00e9glementation en vigueur ; 11. responsable du traitement : le responsable du traitement est la soci\u00e9t\u00e9 MF Inox Srl, ayant son si\u00e8ge \u00e0 Albese con Cassano (CO), Via Meucci n.\n<br>La pr\u00e9sente note d&rsquo;information pourra \u00eatre compl\u00e9t\u00e9e, oralement ou par \u00e9crit, par d&rsquo;autres \u00e9l\u00e9ments et indications, afin de mieux r\u00e9pondre \u00e0 vos besoins d&rsquo;information en mati\u00e8re de \u00ab\u00a0Privacy\u00a0\u00bb et de se conformer \u00e0 l&rsquo;\u00e9volution de la r\u00e9glementation.       <\/p>\n<p>MF Inox Srl<\/p>\t\t\t\t\t\t\t\t<\/div>\n\t\t\t\t<\/div>\n\t\t\t\t\t<\/div>\n\t\t\t\t<\/div>\n\t\t\t\t<\/div>\n\t\t","protected":false},"excerpt":{"rendered":"<p>D\u00e9nonciation MF INOX Srl, conform\u00e9ment aux dispositions du d\u00e9cret l\u00e9gislatif. 24\/2023, a mis en place des canaux sp\u00e9ciaux r\u00e9serv\u00e9s (voir ci-dessous) qui peuvent \u00eatre utilis\u00e9s pour signaler les violations des r\u00e9glementations nationales ou de l&rsquo;Union europ\u00e9enne qui peuvent se produire au sein de l&rsquo;entreprise. Il est pr\u00e9cis\u00e9 que les canaux confidentiels d\u00e9crits ci-dessous ne doivent [&hellip;]<\/p>\n","protected":false},"author":1,"featured_media":0,"parent":0,"menu_order":0,"comment_status":"closed","ping_status":"closed","template":"","meta":{"footnotes":""},"class_list":["post-5840","page","type-page","status-publish","hentry"],"yoast_head":"<!-- This site is optimized with the Yoast SEO plugin v27.6 - https:\/\/yoast.com\/product\/yoast-seo-wordpress\/ -->\n<title>D\u00e9nonciation - M.F. INOX<\/title>\n<meta name=\"robots\" content=\"index, follow, max-snippet:-1, max-image-preview:large, max-video-preview:-1\" \/>\n<link rel=\"canonical\" href=\"https:\/\/mfinox.com\/fr\/denonciation\/\" \/>\n<meta property=\"og:locale\" content=\"fr_FR\" \/>\n<meta property=\"og:type\" content=\"article\" \/>\n<meta property=\"og:title\" content=\"D\u00e9nonciation - M.F. INOX\" \/>\n<meta property=\"og:description\" content=\"D\u00e9nonciation MF INOX Srl, conform\u00e9ment aux dispositions du d\u00e9cret l\u00e9gislatif. 24\/2023, a mis en place des canaux sp\u00e9ciaux r\u00e9serv\u00e9s (voir ci-dessous) qui peuvent \u00eatre utilis\u00e9s pour signaler les violations des r\u00e9glementations nationales ou de l&rsquo;Union europ\u00e9enne qui peuvent se produire au sein de l&rsquo;entreprise. Il est pr\u00e9cis\u00e9 que les canaux confidentiels d\u00e9crits ci-dessous ne doivent [&hellip;]\" \/>\n<meta property=\"og:url\" content=\"https:\/\/mfinox.com\/fr\/denonciation\/\" \/>\n<meta property=\"og:site_name\" content=\"M.F. INOX\" \/>\n<meta property=\"article:modified_time\" content=\"2024-09-06T09:35:13+00:00\" \/>\n<meta name=\"twitter:card\" content=\"summary_large_image\" \/>\n<meta name=\"twitter:label1\" content=\"Dur\u00e9e de lecture estim\u00e9e\" \/>\n\t<meta name=\"twitter:data1\" content=\"6 minutes\" \/>\n<script type=\"application\/ld+json\" class=\"yoast-schema-graph\">{\"@context\":\"https:\\\/\\\/schema.org\",\"@graph\":[{\"@type\":\"WebPage\",\"@id\":\"https:\\\/\\\/mfinox.com\\\/fr\\\/denonciation\\\/\",\"url\":\"https:\\\/\\\/mfinox.com\\\/fr\\\/denonciation\\\/\",\"name\":\"D\u00e9nonciation - M.F. INOX\",\"isPartOf\":{\"@id\":\"https:\\\/\\\/mfinox.com\\\/fr\\\/#website\"},\"datePublished\":\"2024-09-06T06:07:57+00:00\",\"dateModified\":\"2024-09-06T09:35:13+00:00\",\"breadcrumb\":{\"@id\":\"https:\\\/\\\/mfinox.com\\\/fr\\\/denonciation\\\/#breadcrumb\"},\"inLanguage\":\"fr-FR\",\"potentialAction\":[{\"@type\":\"ReadAction\",\"target\":[\"https:\\\/\\\/mfinox.com\\\/fr\\\/denonciation\\\/\"]}]},{\"@type\":\"BreadcrumbList\",\"@id\":\"https:\\\/\\\/mfinox.com\\\/fr\\\/denonciation\\\/#breadcrumb\",\"itemListElement\":[{\"@type\":\"ListItem\",\"position\":1,\"name\":\"Home\",\"item\":\"https:\\\/\\\/mfinox.com\\\/fr\\\/\"},{\"@type\":\"ListItem\",\"position\":2,\"name\":\"D\u00e9nonciation\"}]},{\"@type\":\"WebSite\",\"@id\":\"https:\\\/\\\/mfinox.com\\\/fr\\\/#website\",\"url\":\"https:\\\/\\\/mfinox.com\\\/fr\\\/\",\"name\":\"M.F. INOX\",\"description\":\"\",\"publisher\":{\"@id\":\"https:\\\/\\\/mfinox.com\\\/fr\\\/#organization\"},\"potentialAction\":[{\"@type\":\"SearchAction\",\"target\":{\"@type\":\"EntryPoint\",\"urlTemplate\":\"https:\\\/\\\/mfinox.com\\\/fr\\\/?s={search_term_string}\"},\"query-input\":{\"@type\":\"PropertyValueSpecification\",\"valueRequired\":true,\"valueName\":\"search_term_string\"}}],\"inLanguage\":\"fr-FR\"},{\"@type\":\"Organization\",\"@id\":\"https:\\\/\\\/mfinox.com\\\/fr\\\/#organization\",\"name\":\"M.F. INOX\",\"url\":\"https:\\\/\\\/mfinox.com\\\/fr\\\/\",\"logo\":{\"@type\":\"ImageObject\",\"inLanguage\":\"fr-FR\",\"@id\":\"https:\\\/\\\/mfinox.com\\\/fr\\\/#\\\/schema\\\/logo\\\/image\\\/\",\"url\":\"https:\\\/\\\/mfinox.com\\\/wp-content\\\/uploads\\\/2024\\\/05\\\/mf-inox_logo_neg.png\",\"contentUrl\":\"https:\\\/\\\/mfinox.com\\\/wp-content\\\/uploads\\\/2024\\\/05\\\/mf-inox_logo_neg.png\",\"width\":1949,\"height\":662,\"caption\":\"M.F. INOX\"},\"image\":{\"@id\":\"https:\\\/\\\/mfinox.com\\\/fr\\\/#\\\/schema\\\/logo\\\/image\\\/\"}}]}<\/script>\n<!-- \/ Yoast SEO plugin. -->","yoast_head_json":{"title":"D\u00e9nonciation - M.F. INOX","robots":{"index":"index","follow":"follow","max-snippet":"max-snippet:-1","max-image-preview":"max-image-preview:large","max-video-preview":"max-video-preview:-1"},"canonical":"https:\/\/mfinox.com\/fr\/denonciation\/","og_locale":"fr_FR","og_type":"article","og_title":"D\u00e9nonciation - M.F. INOX","og_description":"D\u00e9nonciation MF INOX Srl, conform\u00e9ment aux dispositions du d\u00e9cret l\u00e9gislatif. 24\/2023, a mis en place des canaux sp\u00e9ciaux r\u00e9serv\u00e9s (voir ci-dessous) qui peuvent \u00eatre utilis\u00e9s pour signaler les violations des r\u00e9glementations nationales ou de l&rsquo;Union europ\u00e9enne qui peuvent se produire au sein de l&rsquo;entreprise. Il est pr\u00e9cis\u00e9 que les canaux confidentiels d\u00e9crits ci-dessous ne doivent [&hellip;]","og_url":"https:\/\/mfinox.com\/fr\/denonciation\/","og_site_name":"M.F. INOX","article_modified_time":"2024-09-06T09:35:13+00:00","twitter_card":"summary_large_image","twitter_misc":{"Dur\u00e9e de lecture estim\u00e9e":"6 minutes"},"schema":{"@context":"https:\/\/schema.org","@graph":[{"@type":"WebPage","@id":"https:\/\/mfinox.com\/fr\/denonciation\/","url":"https:\/\/mfinox.com\/fr\/denonciation\/","name":"D\u00e9nonciation - M.F. INOX","isPartOf":{"@id":"https:\/\/mfinox.com\/fr\/#website"},"datePublished":"2024-09-06T06:07:57+00:00","dateModified":"2024-09-06T09:35:13+00:00","breadcrumb":{"@id":"https:\/\/mfinox.com\/fr\/denonciation\/#breadcrumb"},"inLanguage":"fr-FR","potentialAction":[{"@type":"ReadAction","target":["https:\/\/mfinox.com\/fr\/denonciation\/"]}]},{"@type":"BreadcrumbList","@id":"https:\/\/mfinox.com\/fr\/denonciation\/#breadcrumb","itemListElement":[{"@type":"ListItem","position":1,"name":"Home","item":"https:\/\/mfinox.com\/fr\/"},{"@type":"ListItem","position":2,"name":"D\u00e9nonciation"}]},{"@type":"WebSite","@id":"https:\/\/mfinox.com\/fr\/#website","url":"https:\/\/mfinox.com\/fr\/","name":"M.F. INOX","description":"","publisher":{"@id":"https:\/\/mfinox.com\/fr\/#organization"},"potentialAction":[{"@type":"SearchAction","target":{"@type":"EntryPoint","urlTemplate":"https:\/\/mfinox.com\/fr\/?s={search_term_string}"},"query-input":{"@type":"PropertyValueSpecification","valueRequired":true,"valueName":"search_term_string"}}],"inLanguage":"fr-FR"},{"@type":"Organization","@id":"https:\/\/mfinox.com\/fr\/#organization","name":"M.F. INOX","url":"https:\/\/mfinox.com\/fr\/","logo":{"@type":"ImageObject","inLanguage":"fr-FR","@id":"https:\/\/mfinox.com\/fr\/#\/schema\/logo\/image\/","url":"https:\/\/mfinox.com\/wp-content\/uploads\/2024\/05\/mf-inox_logo_neg.png","contentUrl":"https:\/\/mfinox.com\/wp-content\/uploads\/2024\/05\/mf-inox_logo_neg.png","width":1949,"height":662,"caption":"M.F. INOX"},"image":{"@id":"https:\/\/mfinox.com\/fr\/#\/schema\/logo\/image\/"}}]}},"_links":{"self":[{"href":"https:\/\/mfinox.com\/fr\/wp-json\/wp\/v2\/pages\/5840","targetHints":{"allow":["GET"]}}],"collection":[{"href":"https:\/\/mfinox.com\/fr\/wp-json\/wp\/v2\/pages"}],"about":[{"href":"https:\/\/mfinox.com\/fr\/wp-json\/wp\/v2\/types\/page"}],"author":[{"embeddable":true,"href":"https:\/\/mfinox.com\/fr\/wp-json\/wp\/v2\/users\/1"}],"replies":[{"embeddable":true,"href":"https:\/\/mfinox.com\/fr\/wp-json\/wp\/v2\/comments?post=5840"}],"version-history":[{"count":0,"href":"https:\/\/mfinox.com\/fr\/wp-json\/wp\/v2\/pages\/5840\/revisions"}],"wp:attachment":[{"href":"https:\/\/mfinox.com\/fr\/wp-json\/wp\/v2\/media?parent=5840"}],"curies":[{"name":"wp","href":"https:\/\/api.w.org\/{rel}","templated":true}]}}