{"id":5789,"date":"2024-05-21T15:26:40","date_gmt":"2024-05-21T15:26:40","guid":{"rendered":"https:\/\/mfinox.com\/materiaux\/acier-haute-temperature-astm-a453-grade-660-a286-w-1-4980\/"},"modified":"2024-09-06T06:28:42","modified_gmt":"2024-09-06T06:28:42","slug":"acier-haute-temperature-astm-a453-grade-660-a286-w-1-4980","status":"publish","type":"page","link":"https:\/\/mfinox.com\/fr\/materiaux\/acier-haute-temperature-astm-a453-grade-660-a286-w-1-4980\/","title":{"rendered":"Acier haute temp\u00e9rature ASTM A453 Grade 660 A286 W 1.4980"},"content":{"rendered":"\t\t<div data-elementor-type=\"wp-page\" data-elementor-id=\"5789\" class=\"elementor elementor-5789 elementor-775\" data-elementor-post-type=\"page\">\n\t\t\t\t<div class=\"elementor-element elementor-element-4af92154 e-flex e-con-boxed e-con e-parent\" data-id=\"4af92154\" data-element_type=\"container\" data-e-type=\"container\" data-settings=\"{&quot;background_background&quot;:&quot;classic&quot;}\">\n\t\t\t\t\t<div class=\"e-con-inner\">\n\t\t\t\t<div class=\"elementor-element elementor-element-7ce06458 titolo-materiali elementor-invisible elementor-widget elementor-widget-heading\" data-id=\"7ce06458\" data-element_type=\"widget\" data-e-type=\"widget\" data-settings=\"{&quot;_animation&quot;:&quot;fadeIn&quot;}\" data-widget_type=\"heading.default\">\n\t\t\t\t<div class=\"elementor-widget-container\">\n\t\t\t\t\t<h1 class=\"elementor-heading-title elementor-size-default\">ASTM A453 Grade 660 A286 W 1.4980<\/h1>\t\t\t\t<\/div>\n\t\t\t\t<\/div>\n\t\t\t\t<div class=\"elementor-element elementor-element-7b99eedf elementor-invisible elementor-widget elementor-widget-shortcode\" data-id=\"7b99eedf\" data-element_type=\"widget\" data-e-type=\"widget\" data-settings=\"{&quot;_animation&quot;:&quot;fadeIn&quot;}\" data-widget_type=\"shortcode.default\">\n\t\t\t\t<div class=\"elementor-widget-container\">\n\t\t\t\t\t\t\t<div class=\"elementor-shortcode\"><nav aria-label=\"breadcrumb\"><div class=\"breadcrumb\"><span class=\"breadcrumb-item\"><a href=\"https:\/\/mfinox.com\/fr\/\" style=\"color: #F3912E;\">Home<\/a><\/span><\/div><\/nav><\/div>\n\t\t\t\t\t\t<\/div>\n\t\t\t\t<\/div>\n\t\t\t\t\t<\/div>\n\t\t\t\t<\/div>\n\t\t<div class=\"elementor-element elementor-element-e06b87d e-flex e-con-boxed elementor-invisible e-con e-parent\" data-id=\"e06b87d\" data-element_type=\"container\" data-e-type=\"container\" data-settings=\"{&quot;animation&quot;:&quot;fadeInUp&quot;}\">\n\t\t\t\t\t<div class=\"e-con-inner\">\n\t\t\t\t<div class=\"elementor-element elementor-element-73331c1a elementor-widget elementor-widget-text-editor\" data-id=\"73331c1a\" data-element_type=\"widget\" data-e-type=\"widget\" data-widget_type=\"text-editor.default\">\n\t\t\t\t<div class=\"elementor-widget-container\">\n\t\t\t\t\t\t\t\t\tAcier A453 Grade 660 &#8211; ALLIAGE 286 &#8211; W 1.4980 est un alliage \u00e0 durcissement par pr\u00e9cipitation par traitement thermique de vieillissement ; c&rsquo;est un acier \u00e0 haute r\u00e9sistance qui convient aux applications \u00e0 haute temp\u00e9rature et dans les environnements corrosifs.\nLa r\u00e9sistance \u00e0 la corrosion de cet alliage est excellente jusqu&rsquo;\u00e0 704 \u00b0C.\nJusqu&rsquo;\u00e0 816 \u00b0C, la r\u00e9sistance \u00e0 l&rsquo;oxydation est similaire \u00e0 celle de l&rsquo;AISI 310 W 1.4845.\nCet alliage est particuli\u00e8rement utilis\u00e9 pour les pi\u00e8ces de vannes, les pompes, les entretoises, les boulons et les fixations.     <h2><b>COMPOSITION CHIMIQUE ASTM A453 Grade 660 A286 W 1.4980 :<\/b><\/h2>\n<table class=\"responsive-table\">\n<thead>\n<tr>\n<th>\u00c9l\u00e9ment<\/th><th>Min<\/th><th>Max<\/th>\n<\/tr>\n<\/thead>\n<tbody>\n<tr>\n<td data-label=\"Elemento\">C<\/td><td data-label=\"Min\">&#8212;<\/td><td data-label=\"Max\">0.08<\/td>\n<\/tr>\n<tr>\n<td data-label=\"Elemento\">Ti<\/td><td data-label=\"Min\">2.3<\/td><td data-label=\"Max\">2.35<\/td>\n<\/tr>\n<tr>\n<td data-label=\"Elemento\">B<\/td><td data-label=\"Min\">0.001<\/td><td data-label=\"Max\">0.01<\/td>\n<\/tr>\n<tr>\n<td data-label=\"Elemento\">Oui<\/td><td data-label=\"Min\">&#8212;<\/td><td data-label=\"Max\">1.0<\/td>\n<\/tr>\n<tr>\n<td data-label=\"Elemento\">Mn<\/td><td data-label=\"Min\">&#8212;<\/td><td data-label=\"Max\">2.0<\/td>\n<\/tr>\n<tr>\n<td data-label=\"Elemento\">Cr<\/td><td data-label=\"Min\">13.5<\/td><td data-label=\"Max\">16.5<\/td>\n<\/tr>\n<tr>\n<td data-label=\"Elemento\">Ni<\/td><td data-label=\"Min\">24.0<\/td><td data-label=\"Max\">27.0<\/td>\n<\/tr>\n<tr>\n<td data-label=\"Elemento\">Mo<\/td><td data-label=\"Min\">1.0<\/td><td data-label=\"Max\">1.5<\/td>\n<\/tr>\n<tr>\n<td data-label=\"Elemento\">V<\/td><td data-label=\"Min\">&#8212;<\/td><td data-label=\"Max\">0.05<\/td>\n<\/tr>\n<tr>\n<td data-label=\"Elemento\">Au<\/td><td data-label=\"Min\">&#8212;<\/td><td data-label=\"Max\">0.35<\/td>\n<\/tr>\n<tr>\n<td data-label=\"Elemento\">S<\/td><td data-label=\"Min\">&#8212;<\/td><td data-label=\"Max\">0.004<\/td>\n<\/tr>\n<tr>\n<td data-label=\"Elemento\">P<\/td><td data-label=\"Min\">&#8212;<\/td><td data-label=\"Max\">0.03<\/td>\n<\/tr>\n<\/tbody>\n<\/table>\n<h2><b>PROPRI\u00c9T\u00c9S M\u00c9CANIQUES ASTM A453 Grade 660 A286 W 1.4980 :<\/b><\/h2>\n<table class=\"responsive-table\">\n<thead>\n<tr>\n<th>Mat\u00e9riau<\/th>\n<th>Ligue<\/th>\n<th>Rm min (MPa)<\/th>\n<th>Rp 0,2 min (MPa)<\/th>\n<th>A% min<\/th>\n<th>A(4D)% min<\/th>\n<th>Z% min<\/th>\n<th>Duret\u00e9<\/th>\n<\/tr>\n<\/thead>\n<tbody>\n<tr>\n<td data-label=\"Materiale\">ASTM A453 GR 660 A<\/td>\n<td data-label=\"Lega\">1.4980<\/td>\n<td data-label=\"Rm min (MPa)\">895<\/td>\n<td data-label=\"Rp 0.2 min (MPa)\">585<\/td>\n<td data-label=\"A% min\">15<\/td>\n<td data-label=\"A(4D)% min\">15<\/td>\n<td data-label=\"Z% min\">18<\/td>\n<td data-label=\"Durezza\">248 &#8211; 341 HB<\/td>\n<\/tr>\n<tr>\n<td data-label=\"Materiale\">ASTM A453 GR 660 B<\/td>\n<td data-label=\"Lega\">1.4980<\/td>\n<td data-label=\"Rm min (MPa)\">895<\/td>\n<td data-label=\"Rp 0.2 min (MPa)\">585<\/td>\n<td data-label=\"A% min\">15<\/td>\n<td data-label=\"A(4D)% min\">15<\/td>\n<td data-label=\"Z% min\">18<\/td>\n<td data-label=\"Durezza\">248 &#8211; 341 HB<\/td>\n<\/tr>\n<tr>\n<td data-label=\"Materiale\">ASTM A453 GR 660 D<\/td>\n<td data-label=\"Lega\">1.4980<\/td>\n<td data-label=\"Rm min (MPa)\">895<\/td>\n<td data-label=\"Rp 0.2 min (MPa)\">725<\/td>\n<td data-label=\"A% min\">15<\/td>\n<td data-label=\"A(4D)% min\">15<\/td>\n<td data-label=\"Z% min\">18<\/td>\n<td data-label=\"Durezza\">248 &#8211; 321 HB<\/td>\n<\/tr>\n<tr>\n<td data-label=\"Materiale\">1,4980 EN10269<\/td>\n<td data-label=\"Lega\">1.4980<\/td>\n<td data-label=\"Rm min (MPa)\">900 &#8211; 1150<\/td>\n<td data-label=\"Rp 0.2 min (MPa)\">600 &#8211; 900<\/td>\n<td data-label=\"A% min\">15<\/td>\n<td data-label=\"A(4D)% min\">&#8212;<\/td>\n<td data-label=\"Z% min\">&#8212;<\/td>\n<td data-label=\"Durezza\">27-36 HRC<\/td>\n<\/tr>\n<\/tbody>\n<\/table>\n<h2><b>PROPRI\u00c9T\u00c9S PHYSIQUES ASTM A453 Grade 660 A286 W 1.4980 :<\/b><\/h2>\n<ul>\n \t<li><strong>Poids sp\u00e9cifique<\/strong>: 795 Kg\/dm\u00b3 \u00e0 20\u00b0C<\/li>\n \t<li><strong>Module d&rsquo;\u00e9lasticit\u00e9<\/strong>: 199 000 N\/mm\u00b2 \u00e0 20\u00b0C<\/li>\n \t<li><strong>Conductivit\u00e9 thermique<\/strong>: 14,6 W\/m.K \u00e0 20\u00b0C<\/li>\n \t<li><strong>Chaleur sp\u00e9cifique<\/strong>: 500 J\/g.K \u00e0 20\u00b0C<\/li>\n \t<li><strong>Coefficients de dilatation lin\u00e9aire<\/strong>: 20\u00b0 &#8211; 200\u00b0C : 16,5, 20\u00b0 &#8211; 400\u00b0C : 17,5, 20\u00b0 &#8211; 600\u00b0C : 18,5<\/li>\n \t<li><strong>R\u00e9sistivit\u00e9 \u00e9lectrique<\/strong>: 0,73 \u03a9 mm\u00b2\/m \u00e0 20\u00b0C<\/li>\n \t<li><strong>Il n&rsquo;est pas magn\u00e9tique.<\/strong><\/li>\n<\/ul>\n<h2><b>CORRESPONDANCE ET SP\u00c9CIFICATIONS A453 GRADE 660 :<\/b><\/h2>\n<ul>\n \t<li>W : 1.4980<\/li>\n \t<li>AISI : ALLIAGE 286<\/li>\n \t<li>ASTM : A453 G 660<\/li>\n \t<li>ASME : SA453 G 660<\/li>\n \t<li>EN 10088\/3 : X 6 NiCrTiMoVB 25-15-2<\/li>\n \t<li>AMS : 5731, 5732, 5737<\/li>\n \t<li>FR : 10269<\/li>\n \t<li>ISO : 267-13<\/li>\n \t<li>NACE MR0175<\/li>\n<\/ul>\n\t\t<div data-elementor-type=\"section\" data-elementor-id=\"2152\" class=\"elementor elementor-2152\" data-elementor-post-type=\"elementor_library\">\n\t\t\t<div class=\"elementor-element elementor-element-1a5312d e-flex e-con-boxed e-con e-parent\" data-id=\"1a5312d\" data-element_type=\"container\" data-e-type=\"container\">\n\t\t\t\t\t<div class=\"e-con-inner\">\n\t\t\t\t<div class=\"elementor-element elementor-element-703a4b7 elementor-widget elementor-widget-spacer\" data-id=\"703a4b7\" data-element_type=\"widget\" data-e-type=\"widget\" data-widget_type=\"spacer.default\">\n\t\t\t\t<div class=\"elementor-widget-container\">\n\t\t\t\t\t\t\t<div class=\"elementor-spacer\">\n\t\t\t<div class=\"elementor-spacer-inner\"><\/div>\n\t\t<\/div>\n\t\t\t\t\t\t<\/div>\n\t\t\t\t<\/div>\n\t\t\t\t\t<\/div>\n\t\t\t\t<\/div>\n\t\t\t\t<\/div>\n\t\t\t\t\t\t\t\t\t\t<\/div>\n\t\t\t\t<\/div>\n\t\t\t\t\t<\/div>\n\t\t\t\t<\/div>\n\t\t\t\t<\/div>\n\t\t","protected":false},"excerpt":{"rendered":"<p>ASTM A453 Grade 660 A286 W 1.4980 Acier A453 Grade 660 &#8211; ALLIAGE 286 &#8211; W 1.4980 est un alliage \u00e0 durcissement par pr\u00e9cipitation par traitement thermique de vieillissement ; c&rsquo;est un acier \u00e0 haute r\u00e9sistance qui convient aux applications \u00e0 haute temp\u00e9rature et dans les environnements corrosifs. La r\u00e9sistance \u00e0 la corrosion de cet [&hellip;]<\/p>\n","protected":false},"author":1,"featured_media":0,"parent":4505,"menu_order":0,"comment_status":"closed","ping_status":"closed","template":"","meta":{"footnotes":""},"class_list":["post-5789","page","type-page","status-publish","hentry"],"yoast_head":"<!-- This site is optimized with the Yoast SEO plugin v27.4 - https:\/\/yoast.com\/product\/yoast-seo-wordpress\/ -->\n<title>Acier haute temp\u00e9rature ASTM A453 Grade 660 A286 W 1.4980 - M.F. INOX<\/title>\n<meta name=\"robots\" content=\"index, follow, max-snippet:-1, max-image-preview:large, max-video-preview:-1\" \/>\n<link rel=\"canonical\" href=\"https:\/\/mfinox.com\/fr\/materiaux\/acier-haute-temperature-astm-a453-grade-660-a286-w-1-4980\/\" \/>\n<meta property=\"og:locale\" content=\"fr_FR\" \/>\n<meta property=\"og:type\" content=\"article\" \/>\n<meta property=\"og:title\" content=\"Acier haute temp\u00e9rature ASTM A453 Grade 660 A286 W 1.4980 - M.F. INOX\" \/>\n<meta property=\"og:description\" content=\"ASTM A453 Grade 660 A286 W 1.4980 Acier A453 Grade 660 &#8211; ALLIAGE 286 &#8211; W 1.4980 est un alliage \u00e0 durcissement par pr\u00e9cipitation par traitement thermique de vieillissement ; c&rsquo;est un acier \u00e0 haute r\u00e9sistance qui convient aux applications \u00e0 haute temp\u00e9rature et dans les environnements corrosifs. La r\u00e9sistance \u00e0 la corrosion de cet [&hellip;]\" \/>\n<meta property=\"og:url\" content=\"https:\/\/mfinox.com\/fr\/materiaux\/acier-haute-temperature-astm-a453-grade-660-a286-w-1-4980\/\" \/>\n<meta property=\"og:site_name\" content=\"M.F. INOX\" \/>\n<meta property=\"article:modified_time\" content=\"2024-09-06T06:28:42+00:00\" \/>\n<meta name=\"twitter:card\" content=\"summary_large_image\" \/>\n<meta name=\"twitter:label1\" content=\"Dur\u00e9e de lecture estim\u00e9e\" \/>\n\t<meta name=\"twitter:data1\" content=\"1 minute\" \/>\n<script type=\"application\/ld+json\" class=\"yoast-schema-graph\">{\"@context\":\"https:\\\/\\\/schema.org\",\"@graph\":[{\"@type\":\"WebPage\",\"@id\":\"https:\\\/\\\/mfinox.com\\\/fr\\\/materiaux\\\/acier-haute-temperature-astm-a453-grade-660-a286-w-1-4980\\\/\",\"url\":\"https:\\\/\\\/mfinox.com\\\/fr\\\/materiaux\\\/acier-haute-temperature-astm-a453-grade-660-a286-w-1-4980\\\/\",\"name\":\"Acier haute temp\u00e9rature ASTM A453 Grade 660 A286 W 1.4980 - M.F. INOX\",\"isPartOf\":{\"@id\":\"https:\\\/\\\/mfinox.com\\\/fr\\\/#website\"},\"datePublished\":\"2024-05-21T15:26:40+00:00\",\"dateModified\":\"2024-09-06T06:28:42+00:00\",\"breadcrumb\":{\"@id\":\"https:\\\/\\\/mfinox.com\\\/fr\\\/materiaux\\\/acier-haute-temperature-astm-a453-grade-660-a286-w-1-4980\\\/#breadcrumb\"},\"inLanguage\":\"fr-FR\",\"potentialAction\":[{\"@type\":\"ReadAction\",\"target\":[\"https:\\\/\\\/mfinox.com\\\/fr\\\/materiaux\\\/acier-haute-temperature-astm-a453-grade-660-a286-w-1-4980\\\/\"]}]},{\"@type\":\"BreadcrumbList\",\"@id\":\"https:\\\/\\\/mfinox.com\\\/fr\\\/materiaux\\\/acier-haute-temperature-astm-a453-grade-660-a286-w-1-4980\\\/#breadcrumb\",\"itemListElement\":[{\"@type\":\"ListItem\",\"position\":1,\"name\":\"Home\",\"item\":\"https:\\\/\\\/mfinox.com\\\/fr\\\/\"},{\"@type\":\"ListItem\",\"position\":2,\"name\":\"Mat\u00e9riaux\",\"item\":\"https:\\\/\\\/mfinox.com\\\/fr\\\/materiaux\\\/\"},{\"@type\":\"ListItem\",\"position\":3,\"name\":\"Acier haute temp\u00e9rature ASTM A453 Grade 660 A286 W 1.4980\"}]},{\"@type\":\"WebSite\",\"@id\":\"https:\\\/\\\/mfinox.com\\\/fr\\\/#website\",\"url\":\"https:\\\/\\\/mfinox.com\\\/fr\\\/\",\"name\":\"M.F. INOX\",\"description\":\"\",\"publisher\":{\"@id\":\"https:\\\/\\\/mfinox.com\\\/fr\\\/#organization\"},\"potentialAction\":[{\"@type\":\"SearchAction\",\"target\":{\"@type\":\"EntryPoint\",\"urlTemplate\":\"https:\\\/\\\/mfinox.com\\\/fr\\\/?s={search_term_string}\"},\"query-input\":{\"@type\":\"PropertyValueSpecification\",\"valueRequired\":true,\"valueName\":\"search_term_string\"}}],\"inLanguage\":\"fr-FR\"},{\"@type\":\"Organization\",\"@id\":\"https:\\\/\\\/mfinox.com\\\/fr\\\/#organization\",\"name\":\"M.F. INOX\",\"url\":\"https:\\\/\\\/mfinox.com\\\/fr\\\/\",\"logo\":{\"@type\":\"ImageObject\",\"inLanguage\":\"fr-FR\",\"@id\":\"https:\\\/\\\/mfinox.com\\\/fr\\\/#\\\/schema\\\/logo\\\/image\\\/\",\"url\":\"https:\\\/\\\/mfinox.com\\\/wp-content\\\/uploads\\\/2024\\\/05\\\/mf-inox_logo_neg.png\",\"contentUrl\":\"https:\\\/\\\/mfinox.com\\\/wp-content\\\/uploads\\\/2024\\\/05\\\/mf-inox_logo_neg.png\",\"width\":1949,\"height\":662,\"caption\":\"M.F. INOX\"},\"image\":{\"@id\":\"https:\\\/\\\/mfinox.com\\\/fr\\\/#\\\/schema\\\/logo\\\/image\\\/\"}}]}<\/script>\n<!-- \/ Yoast SEO plugin. -->","yoast_head_json":{"title":"Acier haute temp\u00e9rature ASTM A453 Grade 660 A286 W 1.4980 - M.F. INOX","robots":{"index":"index","follow":"follow","max-snippet":"max-snippet:-1","max-image-preview":"max-image-preview:large","max-video-preview":"max-video-preview:-1"},"canonical":"https:\/\/mfinox.com\/fr\/materiaux\/acier-haute-temperature-astm-a453-grade-660-a286-w-1-4980\/","og_locale":"fr_FR","og_type":"article","og_title":"Acier haute temp\u00e9rature ASTM A453 Grade 660 A286 W 1.4980 - M.F. INOX","og_description":"ASTM A453 Grade 660 A286 W 1.4980 Acier A453 Grade 660 &#8211; ALLIAGE 286 &#8211; W 1.4980 est un alliage \u00e0 durcissement par pr\u00e9cipitation par traitement thermique de vieillissement ; c&rsquo;est un acier \u00e0 haute r\u00e9sistance qui convient aux applications \u00e0 haute temp\u00e9rature et dans les environnements corrosifs. La r\u00e9sistance \u00e0 la corrosion de cet [&hellip;]","og_url":"https:\/\/mfinox.com\/fr\/materiaux\/acier-haute-temperature-astm-a453-grade-660-a286-w-1-4980\/","og_site_name":"M.F. INOX","article_modified_time":"2024-09-06T06:28:42+00:00","twitter_card":"summary_large_image","twitter_misc":{"Dur\u00e9e de lecture estim\u00e9e":"1 minute"},"schema":{"@context":"https:\/\/schema.org","@graph":[{"@type":"WebPage","@id":"https:\/\/mfinox.com\/fr\/materiaux\/acier-haute-temperature-astm-a453-grade-660-a286-w-1-4980\/","url":"https:\/\/mfinox.com\/fr\/materiaux\/acier-haute-temperature-astm-a453-grade-660-a286-w-1-4980\/","name":"Acier haute temp\u00e9rature ASTM A453 Grade 660 A286 W 1.4980 - M.F. INOX","isPartOf":{"@id":"https:\/\/mfinox.com\/fr\/#website"},"datePublished":"2024-05-21T15:26:40+00:00","dateModified":"2024-09-06T06:28:42+00:00","breadcrumb":{"@id":"https:\/\/mfinox.com\/fr\/materiaux\/acier-haute-temperature-astm-a453-grade-660-a286-w-1-4980\/#breadcrumb"},"inLanguage":"fr-FR","potentialAction":[{"@type":"ReadAction","target":["https:\/\/mfinox.com\/fr\/materiaux\/acier-haute-temperature-astm-a453-grade-660-a286-w-1-4980\/"]}]},{"@type":"BreadcrumbList","@id":"https:\/\/mfinox.com\/fr\/materiaux\/acier-haute-temperature-astm-a453-grade-660-a286-w-1-4980\/#breadcrumb","itemListElement":[{"@type":"ListItem","position":1,"name":"Home","item":"https:\/\/mfinox.com\/fr\/"},{"@type":"ListItem","position":2,"name":"Mat\u00e9riaux","item":"https:\/\/mfinox.com\/fr\/materiaux\/"},{"@type":"ListItem","position":3,"name":"Acier haute temp\u00e9rature ASTM A453 Grade 660 A286 W 1.4980"}]},{"@type":"WebSite","@id":"https:\/\/mfinox.com\/fr\/#website","url":"https:\/\/mfinox.com\/fr\/","name":"M.F. INOX","description":"","publisher":{"@id":"https:\/\/mfinox.com\/fr\/#organization"},"potentialAction":[{"@type":"SearchAction","target":{"@type":"EntryPoint","urlTemplate":"https:\/\/mfinox.com\/fr\/?s={search_term_string}"},"query-input":{"@type":"PropertyValueSpecification","valueRequired":true,"valueName":"search_term_string"}}],"inLanguage":"fr-FR"},{"@type":"Organization","@id":"https:\/\/mfinox.com\/fr\/#organization","name":"M.F. INOX","url":"https:\/\/mfinox.com\/fr\/","logo":{"@type":"ImageObject","inLanguage":"fr-FR","@id":"https:\/\/mfinox.com\/fr\/#\/schema\/logo\/image\/","url":"https:\/\/mfinox.com\/wp-content\/uploads\/2024\/05\/mf-inox_logo_neg.png","contentUrl":"https:\/\/mfinox.com\/wp-content\/uploads\/2024\/05\/mf-inox_logo_neg.png","width":1949,"height":662,"caption":"M.F. INOX"},"image":{"@id":"https:\/\/mfinox.com\/fr\/#\/schema\/logo\/image\/"}}]}},"_links":{"self":[{"href":"https:\/\/mfinox.com\/fr\/wp-json\/wp\/v2\/pages\/5789","targetHints":{"allow":["GET"]}}],"collection":[{"href":"https:\/\/mfinox.com\/fr\/wp-json\/wp\/v2\/pages"}],"about":[{"href":"https:\/\/mfinox.com\/fr\/wp-json\/wp\/v2\/types\/page"}],"author":[{"embeddable":true,"href":"https:\/\/mfinox.com\/fr\/wp-json\/wp\/v2\/users\/1"}],"replies":[{"embeddable":true,"href":"https:\/\/mfinox.com\/fr\/wp-json\/wp\/v2\/comments?post=5789"}],"version-history":[{"count":0,"href":"https:\/\/mfinox.com\/fr\/wp-json\/wp\/v2\/pages\/5789\/revisions"}],"up":[{"embeddable":true,"href":"https:\/\/mfinox.com\/fr\/wp-json\/wp\/v2\/pages\/4505"}],"wp:attachment":[{"href":"https:\/\/mfinox.com\/fr\/wp-json\/wp\/v2\/media?parent=5789"}],"curies":[{"name":"wp","href":"https:\/\/api.w.org\/{rel}","templated":true}]}}