{"id":5779,"date":"2024-05-27T12:19:42","date_gmt":"2024-05-27T12:19:42","guid":{"rendered":"https:\/\/mfinox.com\/materiaux\/acier-inoxydable-werkstoff-1-4841-aisi-314-uns-s31400-2\/"},"modified":"2024-05-27T12:19:42","modified_gmt":"2024-05-27T12:19:42","slug":"acier-inoxydable-werkstoff-1-4841-aisi-314-uns-s31400-2","status":"publish","type":"page","link":"https:\/\/mfinox.com\/fr\/materiaux\/acier-inoxydable-werkstoff-1-4841-aisi-314-uns-s31400-2\/","title":{"rendered":"Acier inoxydable Werkstoff 1.4841 AISI 314 UNS S31400"},"content":{"rendered":"\n<p>L&rsquo;acier inoxydable aust\u00e9nitique Werkstoff 1.4841 AISI 314 UNS S31400 est un acier adapt\u00e9 aux applications \u00e0 haute temp\u00e9rature jusqu&rsquo;\u00e0 1125 \u00b0C environ.<br \/>\nSes caract\u00e9ristiques le rendent id\u00e9al pour la fabrication de composants de fours industriels et de chaudi\u00e8res, de tuyaux et de soufflets d&rsquo;expansion, d&rsquo;\u00e9l\u00e9ments de chauffage \u00e9lectrique, d&rsquo;ing\u00e9nierie a\u00e9ronautique et de syst\u00e8mes d&rsquo;\u00e9chappement automobiles. <\/p>\n<h2><b>COMPOSITION CHIMIQUE Werkstoff 1.4841 AISI 314 UNS S31400<\/b><\/h2>\n<table class=\"responsive-table\">\n<tr>\n<th>\u00c9l\u00e9ment<\/th>\n<th>Min<\/th>\n<th>Max<\/th>\n<\/tr>\n<tr>\n<td>C<\/td>\n<td>&#8212;<\/td>\n<td>0.20<\/td>\n<\/tr>\n<tr>\n<td>Oui<\/td>\n<td>1.50<\/td>\n<td>2.00<\/td>\n<\/tr>\n<tr>\n<td>Mn<\/td>\n<td>&#8212;<\/td>\n<td>2.00<\/td>\n<\/tr>\n<tr>\n<td>Cr<\/td>\n<td>24.00<\/td>\n<td>26.00<\/td>\n<\/tr>\n<tr>\n<td>S<\/td>\n<td>&#8212;<\/td>\n<td>0.015<\/td>\n<\/tr>\n<tr>\n<td>P<\/td>\n<td>&#8212;<\/td>\n<td>0.045<\/td>\n<\/tr>\n<tr>\n<td>Ni<\/td>\n<td>19.00<\/td>\n<td>22.00<\/td>\n<\/tr>\n<\/table>\n<h2><b>CARACT\u00c9RISTIQUES M\u00c9CANIQUES Werkstoff 1.4841 AISI 314 UNS S31400<\/b><\/h2>\n<table class=\"responsive-table\">\n<tr>\n<th>Mat\u00e9riau<\/th>\n<th>Ligue<\/th>\n<th>Rm min (MPa)<\/th>\n<th>Rp 0,2 min (MPa)<\/th>\n<th>A% min<\/th>\n<th>Z% min<\/th>\n<th>Duret\u00e9 maximale (HB)<\/th>\n<\/tr>\n<tr>\n<td>AISI 310<\/td>\n<td>1.4845<\/td>\n<td>500 &#8211; 700<\/td>\n<td>250<\/td>\n<td>35<\/td>\n<td>55<\/td>\n<td>192 HB<\/td>\n<\/tr>\n<\/table>\n<h2><b>PROPRI\u00c9T\u00c9S PHYSIQUES Werkstoff 1.4841 AISI 314 UNS S31400<\/b><\/h2>\n<ul>\n<li>Poids sp\u00e9cifique \u00e0 20\u00b0C : 7,9 kg\/dm\u00b3.<\/li>\n<li>Module d&rsquo;\u00e9lasticit\u00e9 \u00e0 20\u00b0C : 200 000 N\/mm\u00b2.<\/li>\n<li>Conductivit\u00e9 thermique \u00e0 20\u00b0C : 14,0 W\/m.K<\/li>\n<li>Chaleur sp\u00e9cifique \u00e0 20\u00b0C : 500 J\/g.K<\/li>\n<li>Coefficients de dilatation lin\u00e9aire : 17,0 (20\u00b0 &#8211; 200\u00b0C), 18,0 (20\u00b0 &#8211; 400\u00b0C), 19,0 (20\u00b0 &#8211; 600\u00b0C)<\/li>\n<li>R\u00e9sistivit\u00e9 \u00e9lectrique \u00e0 20\u00b0C : 0,90 \u03a9 mm\u00b2\/m<\/li>\n<li>Amagn\u00e9tique<\/li>\n<\/ul>\n<p>    &nbsp;&nbsp;<\/p>\n<h2><b>CORRESPONDANCE ET SP\u00c9CIFICATIONS Werkstoff 1.4841 AISI 314 UNS S31400<\/b><\/h2>\n<ul>\n<li>EN 10095 : X15CrNiSi25-21<\/li>\n<li>W : 1.4841<\/li>\n<li>JIS : SUH310<\/li>\n<li>AISI : 314<\/li>\n<li>AFNOR : Z15CNS25-20<\/li>\n<li>UNS : S31400<\/li>\n<\/ul>\n\t\t<div data-elementor-type=\"section\" data-elementor-id=\"2152\" class=\"elementor elementor-2152\" data-elementor-post-type=\"elementor_library\">\n\t\t\t<div class=\"elementor-element elementor-element-1a5312d e-flex e-con-boxed e-con e-parent\" data-id=\"1a5312d\" data-element_type=\"container\" data-e-type=\"container\">\n\t\t\t\t\t<div class=\"e-con-inner\">\n\t\t\t\t<div class=\"elementor-element elementor-element-703a4b7 elementor-widget elementor-widget-spacer\" data-id=\"703a4b7\" data-element_type=\"widget\" data-e-type=\"widget\" data-widget_type=\"spacer.default\">\n\t\t\t\t<div class=\"elementor-widget-container\">\n\t\t\t\t\t\t\t<div class=\"elementor-spacer\">\n\t\t\t<div class=\"elementor-spacer-inner\"><\/div>\n\t\t<\/div>\n\t\t\t\t\t\t<\/div>\n\t\t\t\t<\/div>\n\t\t\t\t\t<\/div>\n\t\t\t\t<\/div>\n\t\t\t\t<\/div>\n\t\t\n","protected":false},"excerpt":{"rendered":"<p>L&rsquo;acier inoxydable aust\u00e9nitique Werkstoff 1.4841 AISI 314 UNS S31400 est un acier adapt\u00e9 aux applications \u00e0 haute temp\u00e9rature jusqu&rsquo;\u00e0 1125 \u00b0C environ. Ses caract\u00e9ristiques le rendent id\u00e9al pour la fabrication de composants de fours industriels et de chaudi\u00e8res, de tuyaux et de soufflets d&rsquo;expansion, d&rsquo;\u00e9l\u00e9ments de chauffage \u00e9lectrique, d&rsquo;ing\u00e9nierie a\u00e9ronautique et de syst\u00e8mes d&rsquo;\u00e9chappement automobiles. [&hellip;]<\/p>\n","protected":false},"author":1,"featured_media":0,"parent":4505,"menu_order":0,"comment_status":"closed","ping_status":"closed","template":"","meta":{"footnotes":""},"class_list":["post-5779","page","type-page","status-publish","hentry"],"yoast_head":"<!-- This site is optimized with the Yoast SEO plugin v27.4 - https:\/\/yoast.com\/product\/yoast-seo-wordpress\/ -->\n<title>Acier inoxydable Werkstoff 1.4841 AISI 314 UNS S31400 - M.F. INOX<\/title>\n<meta name=\"robots\" content=\"index, follow, max-snippet:-1, max-image-preview:large, max-video-preview:-1\" \/>\n<link rel=\"canonical\" href=\"https:\/\/mfinox.com\/fr\/materiaux\/acier-inoxydable-werkstoff-1-4841-aisi-314-uns-s31400-2\/\" \/>\n<meta property=\"og:locale\" content=\"fr_FR\" \/>\n<meta property=\"og:type\" content=\"article\" \/>\n<meta property=\"og:title\" content=\"Acier inoxydable Werkstoff 1.4841 AISI 314 UNS S31400 - M.F. INOX\" \/>\n<meta property=\"og:description\" content=\"L&rsquo;acier inoxydable aust\u00e9nitique Werkstoff 1.4841 AISI 314 UNS S31400 est un acier adapt\u00e9 aux applications \u00e0 haute temp\u00e9rature jusqu&rsquo;\u00e0 1125 \u00b0C environ. Ses caract\u00e9ristiques le rendent id\u00e9al pour la fabrication de composants de fours industriels et de chaudi\u00e8res, de tuyaux et de soufflets d&rsquo;expansion, d&rsquo;\u00e9l\u00e9ments de chauffage \u00e9lectrique, d&rsquo;ing\u00e9nierie a\u00e9ronautique et de syst\u00e8mes d&rsquo;\u00e9chappement automobiles. [&hellip;]\" \/>\n<meta property=\"og:url\" content=\"https:\/\/mfinox.com\/fr\/materiaux\/acier-inoxydable-werkstoff-1-4841-aisi-314-uns-s31400-2\/\" \/>\n<meta property=\"og:site_name\" content=\"M.F. INOX\" \/>\n<meta name=\"twitter:card\" content=\"summary_large_image\" \/>\n<meta name=\"twitter:label1\" content=\"Dur\u00e9e de lecture estim\u00e9e\" \/>\n\t<meta name=\"twitter:data1\" content=\"1 minute\" \/>\n<script type=\"application\/ld+json\" class=\"yoast-schema-graph\">{\"@context\":\"https:\\\/\\\/schema.org\",\"@graph\":[{\"@type\":\"WebPage\",\"@id\":\"https:\\\/\\\/mfinox.com\\\/fr\\\/materiaux\\\/acier-inoxydable-werkstoff-1-4841-aisi-314-uns-s31400-2\\\/\",\"url\":\"https:\\\/\\\/mfinox.com\\\/fr\\\/materiaux\\\/acier-inoxydable-werkstoff-1-4841-aisi-314-uns-s31400-2\\\/\",\"name\":\"Acier inoxydable Werkstoff 1.4841 AISI 314 UNS S31400 - M.F. INOX\",\"isPartOf\":{\"@id\":\"https:\\\/\\\/mfinox.com\\\/fr\\\/#website\"},\"datePublished\":\"2024-05-27T12:19:42+00:00\",\"breadcrumb\":{\"@id\":\"https:\\\/\\\/mfinox.com\\\/fr\\\/materiaux\\\/acier-inoxydable-werkstoff-1-4841-aisi-314-uns-s31400-2\\\/#breadcrumb\"},\"inLanguage\":\"fr-FR\",\"potentialAction\":[{\"@type\":\"ReadAction\",\"target\":[\"https:\\\/\\\/mfinox.com\\\/fr\\\/materiaux\\\/acier-inoxydable-werkstoff-1-4841-aisi-314-uns-s31400-2\\\/\"]}]},{\"@type\":\"BreadcrumbList\",\"@id\":\"https:\\\/\\\/mfinox.com\\\/fr\\\/materiaux\\\/acier-inoxydable-werkstoff-1-4841-aisi-314-uns-s31400-2\\\/#breadcrumb\",\"itemListElement\":[{\"@type\":\"ListItem\",\"position\":1,\"name\":\"Home\",\"item\":\"https:\\\/\\\/mfinox.com\\\/fr\\\/\"},{\"@type\":\"ListItem\",\"position\":2,\"name\":\"Mat\u00e9riaux\",\"item\":\"https:\\\/\\\/mfinox.com\\\/fr\\\/materiaux\\\/\"},{\"@type\":\"ListItem\",\"position\":3,\"name\":\"Acier inoxydable Werkstoff 1.4841 AISI 314 UNS S31400\"}]},{\"@type\":\"WebSite\",\"@id\":\"https:\\\/\\\/mfinox.com\\\/fr\\\/#website\",\"url\":\"https:\\\/\\\/mfinox.com\\\/fr\\\/\",\"name\":\"M.F. INOX\",\"description\":\"\",\"publisher\":{\"@id\":\"https:\\\/\\\/mfinox.com\\\/fr\\\/#organization\"},\"potentialAction\":[{\"@type\":\"SearchAction\",\"target\":{\"@type\":\"EntryPoint\",\"urlTemplate\":\"https:\\\/\\\/mfinox.com\\\/fr\\\/?s={search_term_string}\"},\"query-input\":{\"@type\":\"PropertyValueSpecification\",\"valueRequired\":true,\"valueName\":\"search_term_string\"}}],\"inLanguage\":\"fr-FR\"},{\"@type\":\"Organization\",\"@id\":\"https:\\\/\\\/mfinox.com\\\/fr\\\/#organization\",\"name\":\"M.F. INOX\",\"url\":\"https:\\\/\\\/mfinox.com\\\/fr\\\/\",\"logo\":{\"@type\":\"ImageObject\",\"inLanguage\":\"fr-FR\",\"@id\":\"https:\\\/\\\/mfinox.com\\\/fr\\\/#\\\/schema\\\/logo\\\/image\\\/\",\"url\":\"https:\\\/\\\/mfinox.com\\\/wp-content\\\/uploads\\\/2024\\\/05\\\/mf-inox_logo_neg.png\",\"contentUrl\":\"https:\\\/\\\/mfinox.com\\\/wp-content\\\/uploads\\\/2024\\\/05\\\/mf-inox_logo_neg.png\",\"width\":1949,\"height\":662,\"caption\":\"M.F. INOX\"},\"image\":{\"@id\":\"https:\\\/\\\/mfinox.com\\\/fr\\\/#\\\/schema\\\/logo\\\/image\\\/\"}}]}<\/script>\n<!-- \/ Yoast SEO plugin. -->","yoast_head_json":{"title":"Acier inoxydable Werkstoff 1.4841 AISI 314 UNS S31400 - M.F. INOX","robots":{"index":"index","follow":"follow","max-snippet":"max-snippet:-1","max-image-preview":"max-image-preview:large","max-video-preview":"max-video-preview:-1"},"canonical":"https:\/\/mfinox.com\/fr\/materiaux\/acier-inoxydable-werkstoff-1-4841-aisi-314-uns-s31400-2\/","og_locale":"fr_FR","og_type":"article","og_title":"Acier inoxydable Werkstoff 1.4841 AISI 314 UNS S31400 - M.F. INOX","og_description":"L&rsquo;acier inoxydable aust\u00e9nitique Werkstoff 1.4841 AISI 314 UNS S31400 est un acier adapt\u00e9 aux applications \u00e0 haute temp\u00e9rature jusqu&rsquo;\u00e0 1125 \u00b0C environ. Ses caract\u00e9ristiques le rendent id\u00e9al pour la fabrication de composants de fours industriels et de chaudi\u00e8res, de tuyaux et de soufflets d&rsquo;expansion, d&rsquo;\u00e9l\u00e9ments de chauffage \u00e9lectrique, d&rsquo;ing\u00e9nierie a\u00e9ronautique et de syst\u00e8mes d&rsquo;\u00e9chappement automobiles. [&hellip;]","og_url":"https:\/\/mfinox.com\/fr\/materiaux\/acier-inoxydable-werkstoff-1-4841-aisi-314-uns-s31400-2\/","og_site_name":"M.F. INOX","twitter_card":"summary_large_image","twitter_misc":{"Dur\u00e9e de lecture estim\u00e9e":"1 minute"},"schema":{"@context":"https:\/\/schema.org","@graph":[{"@type":"WebPage","@id":"https:\/\/mfinox.com\/fr\/materiaux\/acier-inoxydable-werkstoff-1-4841-aisi-314-uns-s31400-2\/","url":"https:\/\/mfinox.com\/fr\/materiaux\/acier-inoxydable-werkstoff-1-4841-aisi-314-uns-s31400-2\/","name":"Acier inoxydable Werkstoff 1.4841 AISI 314 UNS S31400 - M.F. INOX","isPartOf":{"@id":"https:\/\/mfinox.com\/fr\/#website"},"datePublished":"2024-05-27T12:19:42+00:00","breadcrumb":{"@id":"https:\/\/mfinox.com\/fr\/materiaux\/acier-inoxydable-werkstoff-1-4841-aisi-314-uns-s31400-2\/#breadcrumb"},"inLanguage":"fr-FR","potentialAction":[{"@type":"ReadAction","target":["https:\/\/mfinox.com\/fr\/materiaux\/acier-inoxydable-werkstoff-1-4841-aisi-314-uns-s31400-2\/"]}]},{"@type":"BreadcrumbList","@id":"https:\/\/mfinox.com\/fr\/materiaux\/acier-inoxydable-werkstoff-1-4841-aisi-314-uns-s31400-2\/#breadcrumb","itemListElement":[{"@type":"ListItem","position":1,"name":"Home","item":"https:\/\/mfinox.com\/fr\/"},{"@type":"ListItem","position":2,"name":"Mat\u00e9riaux","item":"https:\/\/mfinox.com\/fr\/materiaux\/"},{"@type":"ListItem","position":3,"name":"Acier inoxydable Werkstoff 1.4841 AISI 314 UNS S31400"}]},{"@type":"WebSite","@id":"https:\/\/mfinox.com\/fr\/#website","url":"https:\/\/mfinox.com\/fr\/","name":"M.F. INOX","description":"","publisher":{"@id":"https:\/\/mfinox.com\/fr\/#organization"},"potentialAction":[{"@type":"SearchAction","target":{"@type":"EntryPoint","urlTemplate":"https:\/\/mfinox.com\/fr\/?s={search_term_string}"},"query-input":{"@type":"PropertyValueSpecification","valueRequired":true,"valueName":"search_term_string"}}],"inLanguage":"fr-FR"},{"@type":"Organization","@id":"https:\/\/mfinox.com\/fr\/#organization","name":"M.F. INOX","url":"https:\/\/mfinox.com\/fr\/","logo":{"@type":"ImageObject","inLanguage":"fr-FR","@id":"https:\/\/mfinox.com\/fr\/#\/schema\/logo\/image\/","url":"https:\/\/mfinox.com\/wp-content\/uploads\/2024\/05\/mf-inox_logo_neg.png","contentUrl":"https:\/\/mfinox.com\/wp-content\/uploads\/2024\/05\/mf-inox_logo_neg.png","width":1949,"height":662,"caption":"M.F. INOX"},"image":{"@id":"https:\/\/mfinox.com\/fr\/#\/schema\/logo\/image\/"}}]}},"_links":{"self":[{"href":"https:\/\/mfinox.com\/fr\/wp-json\/wp\/v2\/pages\/5779","targetHints":{"allow":["GET"]}}],"collection":[{"href":"https:\/\/mfinox.com\/fr\/wp-json\/wp\/v2\/pages"}],"about":[{"href":"https:\/\/mfinox.com\/fr\/wp-json\/wp\/v2\/types\/page"}],"author":[{"embeddable":true,"href":"https:\/\/mfinox.com\/fr\/wp-json\/wp\/v2\/users\/1"}],"replies":[{"embeddable":true,"href":"https:\/\/mfinox.com\/fr\/wp-json\/wp\/v2\/comments?post=5779"}],"version-history":[{"count":0,"href":"https:\/\/mfinox.com\/fr\/wp-json\/wp\/v2\/pages\/5779\/revisions"}],"up":[{"embeddable":true,"href":"https:\/\/mfinox.com\/fr\/wp-json\/wp\/v2\/pages\/4505"}],"wp:attachment":[{"href":"https:\/\/mfinox.com\/fr\/wp-json\/wp\/v2\/media?parent=5779"}],"curies":[{"name":"wp","href":"https:\/\/api.w.org\/{rel}","templated":true}]}}