{"id":5729,"date":"2024-05-24T16:05:45","date_gmt":"2024-05-24T16:05:45","guid":{"rendered":"https:\/\/mfinox.com\/materiaux\/acier-inoxydable-werkstoff-1-4401-aisi-316-uns-s31600\/"},"modified":"2024-09-05T17:24:35","modified_gmt":"2024-09-05T17:24:35","slug":"acier-inoxydable-werkstoff-1-4401-aisi-316-uns-s31600","status":"publish","type":"page","link":"https:\/\/mfinox.com\/fr\/materiaux\/acier-inoxydable-werkstoff-1-4401-aisi-316-uns-s31600\/","title":{"rendered":"Acier inoxydable Werkstoff 1.4401 AISI 316 UNS S31600"},"content":{"rendered":"\t\t<div data-elementor-type=\"wp-page\" data-elementor-id=\"5729\" class=\"elementor elementor-5729 elementor-1691\" data-elementor-post-type=\"page\">\n\t\t\t\t<div class=\"elementor-element elementor-element-6e72b744 e-flex e-con-boxed e-con e-parent\" data-id=\"6e72b744\" data-element_type=\"container\" data-e-type=\"container\" data-settings=\"{&quot;background_background&quot;:&quot;classic&quot;}\">\n\t\t\t\t\t<div class=\"e-con-inner\">\n\t\t\t\t<div class=\"elementor-element elementor-element-4b4191cc titolo-materiali elementor-invisible elementor-widget elementor-widget-heading\" data-id=\"4b4191cc\" data-element_type=\"widget\" data-e-type=\"widget\" data-settings=\"{&quot;_animation&quot;:&quot;fadeIn&quot;}\" data-widget_type=\"heading.default\">\n\t\t\t\t<div class=\"elementor-widget-container\">\n\t\t\t\t\t<h1 class=\"elementor-heading-title elementor-size-default\">Werkstoff 1.4401 AISI 316 UNS S31600<\/h1>\t\t\t\t<\/div>\n\t\t\t\t<\/div>\n\t\t\t\t<div class=\"elementor-element elementor-element-17971621 elementor-invisible elementor-widget elementor-widget-shortcode\" data-id=\"17971621\" data-element_type=\"widget\" data-e-type=\"widget\" data-settings=\"{&quot;_animation&quot;:&quot;fadeIn&quot;}\" data-widget_type=\"shortcode.default\">\n\t\t\t\t<div class=\"elementor-widget-container\">\n\t\t\t\t\t\t\t<div class=\"elementor-shortcode\"><nav aria-label=\"breadcrumb\"><div class=\"breadcrumb\"><span class=\"breadcrumb-item\"><a href=\"https:\/\/mfinox.com\/fr\/\" style=\"color: #F3912E;\">Home<\/a><\/span><\/div><\/nav><\/div>\n\t\t\t\t\t\t<\/div>\n\t\t\t\t<\/div>\n\t\t\t\t\t<\/div>\n\t\t\t\t<\/div>\n\t\t<div class=\"elementor-element elementor-element-760e5a5f e-flex e-con-boxed elementor-invisible e-con e-parent\" data-id=\"760e5a5f\" data-element_type=\"container\" data-e-type=\"container\" data-settings=\"{&quot;animation&quot;:&quot;fadeInUp&quot;}\">\n\t\t\t\t\t<div class=\"e-con-inner\">\n\t\t\t\t<div class=\"elementor-element elementor-element-35190fd3 elementor-widget elementor-widget-text-editor\" data-id=\"35190fd3\" data-element_type=\"widget\" data-e-type=\"widget\" data-widget_type=\"text-editor.default\">\n\t\t\t\t<div class=\"elementor-widget-container\">\n\t\t\t\t\t\t\t\t\tL&rsquo;acier inoxydable Werkstoff 1.4401 AISI 316 UNS S31600 est un acier aust\u00e9nitique largement utilis\u00e9 pour sa grande r\u00e9sistance \u00e0 la corrosion en milieu acide et ses bonnes propri\u00e9t\u00e9s m\u00e9caniques.\nSes caract\u00e9ristiques lui permettent d&rsquo;\u00eatre utilis\u00e9 dans une vari\u00e9t\u00e9 de secteurs et d&rsquo;applications tels que : \u00e9quipements navals pour l&rsquo;industrie chimique produits pharmaceutiques produits alimentaires textiles industrie du papier pi\u00e8ces de fours \u00e9changeurs de chaleur et plus encore.  Ce mat\u00e9riau convient \u00e0 la fabrication de vis, boulons, \u00e9crous et goujons conformes aux normes EN ISO 3506-1 et EN ISO 3506-2 dans les diff\u00e9rentes caract\u00e9ristiques de r\u00e9sistance m\u00e9canique en fonction de l&rsquo;\u00e9tat de la pi\u00e8ce finie (A4-50 A4-70 et A4-80).  <h2><b>COMPOSITION CHIMIQUE Werkstoff 1.4401 AISI 316 UNS S31600<\/b><\/h2>\n<table class=\"responsive-table\">\n<tbody>\n<tr>\n<th>\u00c9l\u00e9ment<\/th><th>Min<\/th><th>Max<\/th>\n<\/tr>\n<tr>\n<td>C max<\/td><td><\/td><td>0.07<\/td>\n<\/tr>\n<tr>\n<td>S max<\/td><td><\/td><td>0.03<\/td>\n<\/tr>\n<tr>\n<td>P max<\/td><td><\/td><td>0.045<\/td>\n<\/tr>\n<tr>\n<td>Oui max.<\/td><td><\/td><td>1.0<\/td>\n<\/tr>\n<tr>\n<td>Mn max<\/td><td><\/td><td>2.0<\/td>\n<\/tr>\n<tr>\n<td>Cr<\/td><td>16.5<\/td><td>18.5<\/td>\n<\/tr>\n<tr>\n<td>Ni<\/td><td>10.0<\/td><td>13.0<\/td>\n<\/tr>\n<tr>\n<td>Mo<\/td><td>2.0<\/td><td>3.0<\/td>\n<\/tr>\n<\/tbody>\n<\/table>\n<h2><b>CARACT\u00c9RISTIQUES M\u00c9CANIQUES Werkstoff 1.4401 AISI 316 UNS S31600<\/b><\/h2>\n<table class=\"responsive-table\">\n<tbody>\n<tr>\n<th>Mat\u00e9riau<\/th><th>Alliage<\/th><th>Rm min (MPa)<\/th><th>Rp 0,2 min (MPa)<\/th><th>A% min<\/th>\n<\/tr>\n<tr>\n<td>AISI 316 A4-50<\/td><td>1.4401<\/td><td>500<\/td><td>210<\/td><td>0.6d<\/td>\n<\/tr>\n<tr>\n<td>AISI 316 A4-70<\/td><td>1.4401<\/td><td>700<\/td><td>450<\/td><td>0.4d<\/td>\n<\/tr>\n<tr>\n<td>AISI 316 A4-80<\/td><td>1.4401<\/td><td>800<\/td><td>600<\/td><td>0.3d<\/td>\n<\/tr>\n<\/tbody>\n<\/table>\n<h2><b>PROPRI\u00c9T\u00c9S PHYSIQUES Werkstoff 1.4401 AISI 316 UNS S31600<\/b><\/h2>\n&nbsp;\n<ul>\n \t<li>Densit\u00e9 apparente : 8,0 kg\/dm\u00b3 \u00e0 20\u00b0C<\/li>\n \t<li>Module d&rsquo;\u00e9lasticit\u00e9 : 200 000 N\/mm\u00b2 \u00e0 20\u00b0C<\/li>\n \t<li>Conductivit\u00e9 thermique : 14,6 W\/m.K \u00e0 20\u00b0C<\/li>\n \t<li>Chaleur sp\u00e9cifique : 500 J\/g.K \u00e0 20\u00b0C<\/li>\n \t<li>Coefficients de dilatation lin\u00e9aire : 16,5 (20\u00b0 &#8211; 200\u00b0C), 17,5 (20\u00b0 &#8211; 400\u00b0C), 19,0 (20\u00b0 &#8211; 600\u00b0C)<\/li>\n \t<li>R\u00e9sistivit\u00e9 \u00e9lectrique : 0,75 \u03a9 mm\u00b2\/m \u00e0 20\u00b0C<\/li>\n \t<li>Magn\u00e9tique : Oui<\/li>\n<\/ul>\n<h2><b>CORRESPONDANCE ET SP\u00c9CIFICATIONS Werkstoff 1.4401 AISI 316 UNS S31600<\/b><\/h2>\n&nbsp;\n<ul>\n \t<li>EN 10088\/3 : X 5 Cr Ni Mo 17-12-2<\/li>\n \t<li>W : 1.4401<\/li>\n \t<li>JIS : SUS316<\/li>\n \t<li>SAE : 316<\/li>\n \t<li>AISI : 316<\/li>\n \t<li>UNS : S31600<\/li>\n \t<li>ISO : 3506-1, 3506-2<\/li>\n<\/ul>\n\t\t<div data-elementor-type=\"section\" data-elementor-id=\"2152\" class=\"elementor elementor-2152\" data-elementor-post-type=\"elementor_library\">\n\t\t\t<div class=\"elementor-element elementor-element-1a5312d e-flex e-con-boxed e-con e-parent\" data-id=\"1a5312d\" data-element_type=\"container\" data-e-type=\"container\">\n\t\t\t\t\t<div class=\"e-con-inner\">\n\t\t\t\t<div class=\"elementor-element elementor-element-703a4b7 elementor-widget elementor-widget-spacer\" data-id=\"703a4b7\" data-element_type=\"widget\" data-e-type=\"widget\" data-widget_type=\"spacer.default\">\n\t\t\t\t<div class=\"elementor-widget-container\">\n\t\t\t\t\t\t\t<div class=\"elementor-spacer\">\n\t\t\t<div class=\"elementor-spacer-inner\"><\/div>\n\t\t<\/div>\n\t\t\t\t\t\t<\/div>\n\t\t\t\t<\/div>\n\t\t\t\t\t<\/div>\n\t\t\t\t<\/div>\n\t\t\t\t<\/div>\n\t\t\t\t\t\t\t\t\t\t<\/div>\n\t\t\t\t<\/div>\n\t\t\t\t\t<\/div>\n\t\t\t\t<\/div>\n\t\t\t\t<\/div>\n\t\t","protected":false},"excerpt":{"rendered":"<p>Werkstoff 1.4401 AISI 316 UNS S31600 L&rsquo;acier inoxydable Werkstoff 1.4401 AISI 316 UNS S31600 est un acier aust\u00e9nitique largement utilis\u00e9 pour sa grande r\u00e9sistance \u00e0 la corrosion en milieu acide et ses bonnes propri\u00e9t\u00e9s m\u00e9caniques. Ses caract\u00e9ristiques lui permettent d&rsquo;\u00eatre utilis\u00e9 dans une vari\u00e9t\u00e9 de secteurs et d&rsquo;applications tels que : \u00e9quipements navals pour l&rsquo;industrie [&hellip;]<\/p>\n","protected":false},"author":1,"featured_media":0,"parent":4505,"menu_order":0,"comment_status":"closed","ping_status":"closed","template":"","meta":{"footnotes":""},"class_list":["post-5729","page","type-page","status-publish","hentry"],"yoast_head":"<!-- This site is optimized with the Yoast SEO plugin v27.6 - https:\/\/yoast.com\/product\/yoast-seo-wordpress\/ -->\n<title>Acier inoxydable Werkstoff 1.4401 AISI 316 UNS S31600 - M.F. INOX<\/title>\n<meta name=\"robots\" content=\"index, follow, max-snippet:-1, max-image-preview:large, max-video-preview:-1\" \/>\n<link rel=\"canonical\" href=\"https:\/\/mfinox.com\/fr\/materiaux\/acier-inoxydable-werkstoff-1-4401-aisi-316-uns-s31600\/\" \/>\n<meta property=\"og:locale\" content=\"fr_FR\" \/>\n<meta property=\"og:type\" content=\"article\" \/>\n<meta property=\"og:title\" content=\"Acier inoxydable Werkstoff 1.4401 AISI 316 UNS S31600 - M.F. INOX\" \/>\n<meta property=\"og:description\" content=\"Werkstoff 1.4401 AISI 316 UNS S31600 L&rsquo;acier inoxydable Werkstoff 1.4401 AISI 316 UNS S31600 est un acier aust\u00e9nitique largement utilis\u00e9 pour sa grande r\u00e9sistance \u00e0 la corrosion en milieu acide et ses bonnes propri\u00e9t\u00e9s m\u00e9caniques. Ses caract\u00e9ristiques lui permettent d&rsquo;\u00eatre utilis\u00e9 dans une vari\u00e9t\u00e9 de secteurs et d&rsquo;applications tels que : \u00e9quipements navals pour l&rsquo;industrie [&hellip;]\" \/>\n<meta property=\"og:url\" content=\"https:\/\/mfinox.com\/fr\/materiaux\/acier-inoxydable-werkstoff-1-4401-aisi-316-uns-s31600\/\" \/>\n<meta property=\"og:site_name\" content=\"M.F. INOX\" \/>\n<meta property=\"article:modified_time\" content=\"2024-09-05T17:24:35+00:00\" \/>\n<meta name=\"twitter:card\" content=\"summary_large_image\" \/>\n<meta name=\"twitter:label1\" content=\"Dur\u00e9e de lecture estim\u00e9e\" \/>\n\t<meta name=\"twitter:data1\" content=\"1 minute\" \/>\n<script type=\"application\/ld+json\" class=\"yoast-schema-graph\">{\"@context\":\"https:\\\/\\\/schema.org\",\"@graph\":[{\"@type\":\"WebPage\",\"@id\":\"https:\\\/\\\/mfinox.com\\\/fr\\\/materiaux\\\/acier-inoxydable-werkstoff-1-4401-aisi-316-uns-s31600\\\/\",\"url\":\"https:\\\/\\\/mfinox.com\\\/fr\\\/materiaux\\\/acier-inoxydable-werkstoff-1-4401-aisi-316-uns-s31600\\\/\",\"name\":\"Acier inoxydable Werkstoff 1.4401 AISI 316 UNS S31600 - M.F. INOX\",\"isPartOf\":{\"@id\":\"https:\\\/\\\/mfinox.com\\\/fr\\\/#website\"},\"datePublished\":\"2024-05-24T16:05:45+00:00\",\"dateModified\":\"2024-09-05T17:24:35+00:00\",\"breadcrumb\":{\"@id\":\"https:\\\/\\\/mfinox.com\\\/fr\\\/materiaux\\\/acier-inoxydable-werkstoff-1-4401-aisi-316-uns-s31600\\\/#breadcrumb\"},\"inLanguage\":\"fr-FR\",\"potentialAction\":[{\"@type\":\"ReadAction\",\"target\":[\"https:\\\/\\\/mfinox.com\\\/fr\\\/materiaux\\\/acier-inoxydable-werkstoff-1-4401-aisi-316-uns-s31600\\\/\"]}]},{\"@type\":\"BreadcrumbList\",\"@id\":\"https:\\\/\\\/mfinox.com\\\/fr\\\/materiaux\\\/acier-inoxydable-werkstoff-1-4401-aisi-316-uns-s31600\\\/#breadcrumb\",\"itemListElement\":[{\"@type\":\"ListItem\",\"position\":1,\"name\":\"Home\",\"item\":\"https:\\\/\\\/mfinox.com\\\/fr\\\/\"},{\"@type\":\"ListItem\",\"position\":2,\"name\":\"Mat\u00e9riaux\",\"item\":\"https:\\\/\\\/mfinox.com\\\/fr\\\/materiaux\\\/\"},{\"@type\":\"ListItem\",\"position\":3,\"name\":\"Acier inoxydable Werkstoff 1.4401 AISI 316 UNS S31600\"}]},{\"@type\":\"WebSite\",\"@id\":\"https:\\\/\\\/mfinox.com\\\/fr\\\/#website\",\"url\":\"https:\\\/\\\/mfinox.com\\\/fr\\\/\",\"name\":\"M.F. INOX\",\"description\":\"\",\"publisher\":{\"@id\":\"https:\\\/\\\/mfinox.com\\\/fr\\\/#organization\"},\"potentialAction\":[{\"@type\":\"SearchAction\",\"target\":{\"@type\":\"EntryPoint\",\"urlTemplate\":\"https:\\\/\\\/mfinox.com\\\/fr\\\/?s={search_term_string}\"},\"query-input\":{\"@type\":\"PropertyValueSpecification\",\"valueRequired\":true,\"valueName\":\"search_term_string\"}}],\"inLanguage\":\"fr-FR\"},{\"@type\":\"Organization\",\"@id\":\"https:\\\/\\\/mfinox.com\\\/fr\\\/#organization\",\"name\":\"M.F. INOX\",\"url\":\"https:\\\/\\\/mfinox.com\\\/fr\\\/\",\"logo\":{\"@type\":\"ImageObject\",\"inLanguage\":\"fr-FR\",\"@id\":\"https:\\\/\\\/mfinox.com\\\/fr\\\/#\\\/schema\\\/logo\\\/image\\\/\",\"url\":\"https:\\\/\\\/mfinox.com\\\/wp-content\\\/uploads\\\/2024\\\/05\\\/mf-inox_logo_neg.png\",\"contentUrl\":\"https:\\\/\\\/mfinox.com\\\/wp-content\\\/uploads\\\/2024\\\/05\\\/mf-inox_logo_neg.png\",\"width\":1949,\"height\":662,\"caption\":\"M.F. INOX\"},\"image\":{\"@id\":\"https:\\\/\\\/mfinox.com\\\/fr\\\/#\\\/schema\\\/logo\\\/image\\\/\"}}]}<\/script>\n<!-- \/ Yoast SEO plugin. -->","yoast_head_json":{"title":"Acier inoxydable Werkstoff 1.4401 AISI 316 UNS S31600 - M.F. INOX","robots":{"index":"index","follow":"follow","max-snippet":"max-snippet:-1","max-image-preview":"max-image-preview:large","max-video-preview":"max-video-preview:-1"},"canonical":"https:\/\/mfinox.com\/fr\/materiaux\/acier-inoxydable-werkstoff-1-4401-aisi-316-uns-s31600\/","og_locale":"fr_FR","og_type":"article","og_title":"Acier inoxydable Werkstoff 1.4401 AISI 316 UNS S31600 - M.F. INOX","og_description":"Werkstoff 1.4401 AISI 316 UNS S31600 L&rsquo;acier inoxydable Werkstoff 1.4401 AISI 316 UNS S31600 est un acier aust\u00e9nitique largement utilis\u00e9 pour sa grande r\u00e9sistance \u00e0 la corrosion en milieu acide et ses bonnes propri\u00e9t\u00e9s m\u00e9caniques. Ses caract\u00e9ristiques lui permettent d&rsquo;\u00eatre utilis\u00e9 dans une vari\u00e9t\u00e9 de secteurs et d&rsquo;applications tels que : \u00e9quipements navals pour l&rsquo;industrie [&hellip;]","og_url":"https:\/\/mfinox.com\/fr\/materiaux\/acier-inoxydable-werkstoff-1-4401-aisi-316-uns-s31600\/","og_site_name":"M.F. INOX","article_modified_time":"2024-09-05T17:24:35+00:00","twitter_card":"summary_large_image","twitter_misc":{"Dur\u00e9e de lecture estim\u00e9e":"1 minute"},"schema":{"@context":"https:\/\/schema.org","@graph":[{"@type":"WebPage","@id":"https:\/\/mfinox.com\/fr\/materiaux\/acier-inoxydable-werkstoff-1-4401-aisi-316-uns-s31600\/","url":"https:\/\/mfinox.com\/fr\/materiaux\/acier-inoxydable-werkstoff-1-4401-aisi-316-uns-s31600\/","name":"Acier inoxydable Werkstoff 1.4401 AISI 316 UNS S31600 - M.F. INOX","isPartOf":{"@id":"https:\/\/mfinox.com\/fr\/#website"},"datePublished":"2024-05-24T16:05:45+00:00","dateModified":"2024-09-05T17:24:35+00:00","breadcrumb":{"@id":"https:\/\/mfinox.com\/fr\/materiaux\/acier-inoxydable-werkstoff-1-4401-aisi-316-uns-s31600\/#breadcrumb"},"inLanguage":"fr-FR","potentialAction":[{"@type":"ReadAction","target":["https:\/\/mfinox.com\/fr\/materiaux\/acier-inoxydable-werkstoff-1-4401-aisi-316-uns-s31600\/"]}]},{"@type":"BreadcrumbList","@id":"https:\/\/mfinox.com\/fr\/materiaux\/acier-inoxydable-werkstoff-1-4401-aisi-316-uns-s31600\/#breadcrumb","itemListElement":[{"@type":"ListItem","position":1,"name":"Home","item":"https:\/\/mfinox.com\/fr\/"},{"@type":"ListItem","position":2,"name":"Mat\u00e9riaux","item":"https:\/\/mfinox.com\/fr\/materiaux\/"},{"@type":"ListItem","position":3,"name":"Acier inoxydable Werkstoff 1.4401 AISI 316 UNS S31600"}]},{"@type":"WebSite","@id":"https:\/\/mfinox.com\/fr\/#website","url":"https:\/\/mfinox.com\/fr\/","name":"M.F. INOX","description":"","publisher":{"@id":"https:\/\/mfinox.com\/fr\/#organization"},"potentialAction":[{"@type":"SearchAction","target":{"@type":"EntryPoint","urlTemplate":"https:\/\/mfinox.com\/fr\/?s={search_term_string}"},"query-input":{"@type":"PropertyValueSpecification","valueRequired":true,"valueName":"search_term_string"}}],"inLanguage":"fr-FR"},{"@type":"Organization","@id":"https:\/\/mfinox.com\/fr\/#organization","name":"M.F. INOX","url":"https:\/\/mfinox.com\/fr\/","logo":{"@type":"ImageObject","inLanguage":"fr-FR","@id":"https:\/\/mfinox.com\/fr\/#\/schema\/logo\/image\/","url":"https:\/\/mfinox.com\/wp-content\/uploads\/2024\/05\/mf-inox_logo_neg.png","contentUrl":"https:\/\/mfinox.com\/wp-content\/uploads\/2024\/05\/mf-inox_logo_neg.png","width":1949,"height":662,"caption":"M.F. INOX"},"image":{"@id":"https:\/\/mfinox.com\/fr\/#\/schema\/logo\/image\/"}}]}},"_links":{"self":[{"href":"https:\/\/mfinox.com\/fr\/wp-json\/wp\/v2\/pages\/5729","targetHints":{"allow":["GET"]}}],"collection":[{"href":"https:\/\/mfinox.com\/fr\/wp-json\/wp\/v2\/pages"}],"about":[{"href":"https:\/\/mfinox.com\/fr\/wp-json\/wp\/v2\/types\/page"}],"author":[{"embeddable":true,"href":"https:\/\/mfinox.com\/fr\/wp-json\/wp\/v2\/users\/1"}],"replies":[{"embeddable":true,"href":"https:\/\/mfinox.com\/fr\/wp-json\/wp\/v2\/comments?post=5729"}],"version-history":[{"count":0,"href":"https:\/\/mfinox.com\/fr\/wp-json\/wp\/v2\/pages\/5729\/revisions"}],"up":[{"embeddable":true,"href":"https:\/\/mfinox.com\/fr\/wp-json\/wp\/v2\/pages\/4505"}],"wp:attachment":[{"href":"https:\/\/mfinox.com\/fr\/wp-json\/wp\/v2\/media?parent=5729"}],"curies":[{"name":"wp","href":"https:\/\/api.w.org\/{rel}","templated":true}]}}