{"id":5713,"date":"2024-05-27T11:19:43","date_gmt":"2024-05-27T11:19:43","guid":{"rendered":"https:\/\/mfinox.com\/materiaux\/acier-inoxydable-w-1-4301-aisi-304-uns-s30400\/"},"modified":"2024-05-27T11:19:43","modified_gmt":"2024-05-27T11:19:43","slug":"acier-inoxydable-w-1-4301-aisi-304-uns-s30400","status":"publish","type":"page","link":"https:\/\/mfinox.com\/fr\/materiaux\/acier-inoxydable-w-1-4301-aisi-304-uns-s30400\/","title":{"rendered":"Acier inoxydable W 1.4301 AISI 304 UNS S30400"},"content":{"rendered":"<p>La sp\u00e9cification <a href=\"https:\/\/mfinox.com\/fr\/materiaux\/acier-inoxydable-astm-a193-b8ma-a320-b8ma-w-1-4435\/\" style=\"text-decoration: underline;\">ASTM A193<\/a> grade B8 ou A320 grade B8 d\u00e9finit les caract\u00e9ristiques techniques des fixations en acier inoxydable adapt\u00e9es \u00e0 une application dans des r\u00e9cipients sous pression et en pr\u00e9sence de temp\u00e9ratures \u00e9lev\u00e9es ou basses (temp\u00e9ratures de service -196\u00b0C \u00e0 800\u00b0C) ; ce type de fixations est largement utilis\u00e9 dans les secteurs de la chimie, de l&rsquo;exploitation mini\u00e8re et de l&rsquo;\u00e9nergie. Les sp\u00e9cifications ASME SA 193 B8 SA 320 B8 font \u00e9cho aux sp\u00e9cifications <a href=\"https:\/\/mfinox.com\/fr\/materiaux\/acier-inoxydable-astm-a193-b8ma-a320-b8ma-w-1-4435\/\" style=\"text-decoration: underline;\">ASTM A193<\/a> B8 A320 B8. Ce mat\u00e9riau convient \u00e0 la fabrication de composants conformes aux normes EN ISO 3506-1 et EN ISO 3506-2 dans les diff\u00e9rentes caract\u00e9ristiques de r\u00e9sistance m\u00e9canique en fonction de l&rsquo;\u00e9tat de la pi\u00e8ce finie (A2-50 A2-70 A2-80).  <\/p>\n<h2><b>COMPOSITION CHIMIQUE ASTM A193 B8 A320 B8 W 1.4307 AISI 304L<\/b><\/h2>\n<table class=\"responsive-table\">\n<tbody>\n<tr>\n<th>\u00c9l\u00e9ments<\/th>\n<th>Contenu<\/th>\n<\/tr>\n<tr>\n<td data-label=\"Elemento\">C max<\/td>\n<td data-label=\"Contenuto\">0.08<\/td>\n<\/tr>\n<tr>\n<td data-label=\"Elemento\">S max<\/td>\n<td data-label=\"Contenuto\">0.03<\/td>\n<\/tr>\n<tr>\n<td data-label=\"Elemento\">P max<\/td>\n<td data-label=\"Contenuto\">0.045<\/td>\n<\/tr>\n<tr>\n<td data-label=\"Elemento\">Oui max.<\/td>\n<td data-label=\"Contenuto\">1.0<\/td>\n<\/tr>\n<tr>\n<td data-label=\"Elemento\">Mn max<\/td>\n<td data-label=\"Contenuto\">2.0<\/td>\n<\/tr>\n<tr>\n<td data-label=\"Elemento\">Cr<\/td>\n<td data-label=\"Contenuto\">18.0-22.0<\/td>\n<\/tr>\n<tr>\n<td data-label=\"Elemento\">Ni<\/td>\n<td data-label=\"Contenuto\">8.0-11.0<\/td>\n<\/tr>\n<\/tbody>\n<\/table>\n<h2><b>CARACT\u00c9RISTIQUES M\u00c9CANIQUES ASTM A193 B8 A320 B8 W 1.4307 AISI 304L<\/b><\/h2>\n<table class=\"responsive-table\">\n<tbody>\n<tr>\n<th>Mat\u00e9riau<\/th>\n<th>Ligue<\/th>\n<th>Rm min (MPa)<\/th>\n<th>Rp 0,2 min (MPa)<\/th>\n<th>A% min<\/th>\n<th>Z% min<\/th>\n<th>Duret\u00e9 maximale (HB)<\/th>\n<\/tr>\n<tr>\n<td data-label=\"Materiale\">ASTM A193 B8 Classe 1<\/td>\n<td data-label=\"Lega\">1.4307<\/td>\n<td data-label=\"Rm min (MPa)\">515<\/td>\n<td data-label=\"Rp 0.2 min (MPa)\">205<\/td>\n<td data-label=\"A% min\">30<\/td>\n<td data-label=\"Z% min\">50<\/td>\n<td data-label=\"Durezza max (HB)\">223<\/td>\n<\/tr>\n<tr>\n<td data-label=\"Materiale\">ASTM A193 B8 Classe 2 \u2264 20 mm &#8211; 3\/4&Prime;<\/td>\n<td data-label=\"Lega\">1.4307<\/td>\n<td data-label=\"Rm min (MPa)\">860<\/td>\n<td data-label=\"Rp 0.2 min (MPa)\">690<\/td>\n<td data-label=\"A% min\">12<\/td>\n<td data-label=\"Z% min\">35<\/td>\n<td data-label=\"Durezza max (HB)\">321<\/td>\n<\/tr>\n<tr>\n<td data-label=\"Materiale\">&gt; &lt; &gt; &lt; ASTM A193 B8 Classe 2 20 24 mm &#8211; 3\/4&Prime; 1&Prime;<\/td>\n<td data-label=\"Lega\">1.4307<\/td>\n<td data-label=\"Rm min (MPa)\">795<\/td>\n<td data-label=\"Rp 0.2 min (MPa)\">550<\/td>\n<td data-label=\"A% min\">12<\/td>\n<td data-label=\"Z% min\">35<\/td>\n<td data-label=\"Durezza max (HB)\">321<\/td>\n<\/tr>\n<tr>\n<td data-label=\"Materiale\">&gt; &lt; &gt; &lt; ASTM A193 B8 Classe 2 24 30 mm &#8211; 1&Prime; 1&Prime;1\/4<\/td>\n<td data-label=\"Lega\">1.4307<\/td>\n<td data-label=\"Rm min (MPa)\">725<\/td>\n<td data-label=\"Rp 0.2 min (MPa)\">450<\/td>\n<td data-label=\"A% min\">20<\/td>\n<td data-label=\"Z% min\">35<\/td>\n<td data-label=\"Durezza max (HB)\">321<\/td>\n<\/tr>\n<tr>\n<td data-label=\"Materiale\">&gt; &lt; &gt; &lt; ASTM A193 B8 Classe 2 30 36 mm &#8211; 1&Prime;1\/4 1&Prime;1\/2<\/td>\n<td data-label=\"Lega\">1.4307<\/td>\n<td data-label=\"Rm min (MPa)\">690<\/td>\n<td data-label=\"Rp 0.2 min (MPa)\">345<\/td>\n<td data-label=\"A% min\">28<\/td>\n<td data-label=\"Z% min\">45<\/td>\n<td data-label=\"Durezza max (HB)\">321<\/td>\n<\/tr>\n<tr>\n<td data-label=\"Materiale\">1.4307<\/td>\n<td data-label=\"Lega\">1.4307<\/td>\n<td data-label=\"Rm min (MPa)\">500 &#8211; 700<\/td>\n<td data-label=\"Rp 0.2 min (MPa)\">350<\/td>\n<td data-label=\"A% min\">20<\/td>\n<td data-label=\"Z% min\">&#8212;<\/td>\n<td data-label=\"Durezza max (HB)\">&#8212;<\/td>\n<\/tr>\n<\/tbody>\n<\/table>\n<p><b>PROPRI\u00c9T\u00c9S PHYSIQUES <a href=\"https:\/\/mfinox.com\/fr\/materiaux\/acier-inoxydable-astm-a193-b8ma-a320-b8ma-w-1-4435\/\" style=\"text-decoration: underline;\">ASTM A193<\/a> B8 A320 B8 W 1.4307 AISI 304L<\/b><\/p>\n<ul>\n<li>Densit\u00e9 apparente : 7 kg\/dm\u00b3 \u00e0 20\u00b0C<\/li>\n<li>Module d&rsquo;\u00e9lasticit\u00e9 : 200 000 N\/mm\u00b2 \u00e0 20\u00b0C<\/li>\n<li>Conductivit\u00e9 thermique : 14,6 W\/m.K \u00e0 20\u00b0C<\/li>\n<li>Chaleur sp\u00e9cifique : 500 J\/g.K \u00e0 20\u00b0C<\/li>\n<li>Coefficients de dilatation lin\u00e9aire : 16,5 (20\u00b0 &#8211; 200\u00b0C), 17,5 (20\u00b0 &#8211; 400\u00b0C), 18,5 (20\u00b0 &#8211; 600\u00b0C)<\/li>\n<li>R\u00e9sistivit\u00e9 \u00e9lectrique : 0,73 \u03a9 mm\u00b2\/m \u00e0 20\u00b0C<\/li>\n<li>Magn\u00e9tique : Oui<\/li>\n<\/ul>\n<p>&nbsp;<br \/>\n&nbsp;<br \/>\n<b>CORRESPONDANCE ASTM A193 B8 A320 B8 W 1.4307 AISI 304L<\/b><\/p>\n<ul>\n<li>EN 10088\/3 : X2 Cr Ni 1811<\/li>\n<li>W : 1.4307 &#8211; 1.4306<\/li>\n<li>JIS : G4303 &#8211; SUS304<\/li>\n<li>AISI : 304 L<\/li>\n<li>EN 3506-1\/2 : A2-50 A2-70 A2-80<\/li>\n<\/ul>\n\t\t<div data-elementor-type=\"section\" data-elementor-id=\"2152\" class=\"elementor elementor-2152\" data-elementor-post-type=\"elementor_library\">\n\t\t\t<div class=\"elementor-element elementor-element-1a5312d e-flex e-con-boxed e-con e-parent\" data-id=\"1a5312d\" data-element_type=\"container\" data-e-type=\"container\">\n\t\t\t\t\t<div class=\"e-con-inner\">\n\t\t\t\t<div class=\"elementor-element elementor-element-703a4b7 elementor-widget elementor-widget-spacer\" data-id=\"703a4b7\" data-element_type=\"widget\" data-e-type=\"widget\" data-widget_type=\"spacer.default\">\n\t\t\t\t<div class=\"elementor-widget-container\">\n\t\t\t\t\t\t\t<div class=\"elementor-spacer\">\n\t\t\t<div class=\"elementor-spacer-inner\"><\/div>\n\t\t<\/div>\n\t\t\t\t\t\t<\/div>\n\t\t\t\t<\/div>\n\t\t\t\t\t<\/div>\n\t\t\t\t<\/div>\n\t\t\t\t<\/div>\n\t\t\n","protected":false},"excerpt":{"rendered":"<p>La sp\u00e9cification ASTM A193 grade B8 ou A320 grade B8 d\u00e9finit les caract\u00e9ristiques techniques des fixations en acier inoxydable adapt\u00e9es \u00e0 une application dans des r\u00e9cipients sous pression et en pr\u00e9sence de temp\u00e9ratures \u00e9lev\u00e9es ou basses (temp\u00e9ratures de service -196\u00b0C \u00e0 800\u00b0C) ; ce type de fixations est largement utilis\u00e9 dans les secteurs de la [&hellip;]<\/p>\n","protected":false},"author":1,"featured_media":0,"parent":4505,"menu_order":0,"comment_status":"closed","ping_status":"closed","template":"","meta":{"footnotes":""},"class_list":["post-5713","page","type-page","status-publish","hentry"],"yoast_head":"<!-- This site is optimized with the Yoast SEO plugin v27.6 - https:\/\/yoast.com\/product\/yoast-seo-wordpress\/ -->\n<title>Acier inoxydable W 1.4301 AISI 304 UNS S30400 - M.F. INOX<\/title>\n<meta name=\"robots\" content=\"index, follow, max-snippet:-1, max-image-preview:large, max-video-preview:-1\" \/>\n<link rel=\"canonical\" href=\"https:\/\/mfinox.com\/fr\/materiaux\/acier-inoxydable-w-1-4301-aisi-304-uns-s30400\/\" \/>\n<meta property=\"og:locale\" content=\"fr_FR\" \/>\n<meta property=\"og:type\" content=\"article\" \/>\n<meta property=\"og:title\" content=\"Acier inoxydable W 1.4301 AISI 304 UNS S30400 - M.F. INOX\" \/>\n<meta property=\"og:description\" content=\"La sp\u00e9cification ASTM A193 grade B8 ou A320 grade B8 d\u00e9finit les caract\u00e9ristiques techniques des fixations en acier inoxydable adapt\u00e9es \u00e0 une application dans des r\u00e9cipients sous pression et en pr\u00e9sence de temp\u00e9ratures \u00e9lev\u00e9es ou basses (temp\u00e9ratures de service -196\u00b0C \u00e0 800\u00b0C) ; ce type de fixations est largement utilis\u00e9 dans les secteurs de la [&hellip;]\" \/>\n<meta property=\"og:url\" content=\"https:\/\/mfinox.com\/fr\/materiaux\/acier-inoxydable-w-1-4301-aisi-304-uns-s30400\/\" \/>\n<meta property=\"og:site_name\" content=\"M.F. INOX\" \/>\n<meta name=\"twitter:card\" content=\"summary_large_image\" \/>\n<meta name=\"twitter:label1\" content=\"Dur\u00e9e de lecture estim\u00e9e\" \/>\n\t<meta name=\"twitter:data1\" content=\"2 minutes\" \/>\n<script type=\"application\/ld+json\" class=\"yoast-schema-graph\">{\"@context\":\"https:\\\/\\\/schema.org\",\"@graph\":[{\"@type\":\"WebPage\",\"@id\":\"https:\\\/\\\/mfinox.com\\\/fr\\\/materiaux\\\/acier-inoxydable-w-1-4301-aisi-304-uns-s30400\\\/\",\"url\":\"https:\\\/\\\/mfinox.com\\\/fr\\\/materiaux\\\/acier-inoxydable-w-1-4301-aisi-304-uns-s30400\\\/\",\"name\":\"Acier inoxydable W 1.4301 AISI 304 UNS S30400 - M.F. INOX\",\"isPartOf\":{\"@id\":\"https:\\\/\\\/mfinox.com\\\/fr\\\/#website\"},\"datePublished\":\"2024-05-27T11:19:43+00:00\",\"breadcrumb\":{\"@id\":\"https:\\\/\\\/mfinox.com\\\/fr\\\/materiaux\\\/acier-inoxydable-w-1-4301-aisi-304-uns-s30400\\\/#breadcrumb\"},\"inLanguage\":\"fr-FR\",\"potentialAction\":[{\"@type\":\"ReadAction\",\"target\":[\"https:\\\/\\\/mfinox.com\\\/fr\\\/materiaux\\\/acier-inoxydable-w-1-4301-aisi-304-uns-s30400\\\/\"]}]},{\"@type\":\"BreadcrumbList\",\"@id\":\"https:\\\/\\\/mfinox.com\\\/fr\\\/materiaux\\\/acier-inoxydable-w-1-4301-aisi-304-uns-s30400\\\/#breadcrumb\",\"itemListElement\":[{\"@type\":\"ListItem\",\"position\":1,\"name\":\"Home\",\"item\":\"https:\\\/\\\/mfinox.com\\\/fr\\\/\"},{\"@type\":\"ListItem\",\"position\":2,\"name\":\"Mat\u00e9riaux\",\"item\":\"https:\\\/\\\/mfinox.com\\\/fr\\\/materiaux\\\/\"},{\"@type\":\"ListItem\",\"position\":3,\"name\":\"Acier inoxydable W 1.4301 AISI 304 UNS S30400\"}]},{\"@type\":\"WebSite\",\"@id\":\"https:\\\/\\\/mfinox.com\\\/fr\\\/#website\",\"url\":\"https:\\\/\\\/mfinox.com\\\/fr\\\/\",\"name\":\"M.F. INOX\",\"description\":\"\",\"publisher\":{\"@id\":\"https:\\\/\\\/mfinox.com\\\/fr\\\/#organization\"},\"potentialAction\":[{\"@type\":\"SearchAction\",\"target\":{\"@type\":\"EntryPoint\",\"urlTemplate\":\"https:\\\/\\\/mfinox.com\\\/fr\\\/?s={search_term_string}\"},\"query-input\":{\"@type\":\"PropertyValueSpecification\",\"valueRequired\":true,\"valueName\":\"search_term_string\"}}],\"inLanguage\":\"fr-FR\"},{\"@type\":\"Organization\",\"@id\":\"https:\\\/\\\/mfinox.com\\\/fr\\\/#organization\",\"name\":\"M.F. INOX\",\"url\":\"https:\\\/\\\/mfinox.com\\\/fr\\\/\",\"logo\":{\"@type\":\"ImageObject\",\"inLanguage\":\"fr-FR\",\"@id\":\"https:\\\/\\\/mfinox.com\\\/fr\\\/#\\\/schema\\\/logo\\\/image\\\/\",\"url\":\"https:\\\/\\\/mfinox.com\\\/wp-content\\\/uploads\\\/2024\\\/05\\\/mf-inox_logo_neg.png\",\"contentUrl\":\"https:\\\/\\\/mfinox.com\\\/wp-content\\\/uploads\\\/2024\\\/05\\\/mf-inox_logo_neg.png\",\"width\":1949,\"height\":662,\"caption\":\"M.F. INOX\"},\"image\":{\"@id\":\"https:\\\/\\\/mfinox.com\\\/fr\\\/#\\\/schema\\\/logo\\\/image\\\/\"}}]}<\/script>\n<!-- \/ Yoast SEO plugin. -->","yoast_head_json":{"title":"Acier inoxydable W 1.4301 AISI 304 UNS S30400 - M.F. INOX","robots":{"index":"index","follow":"follow","max-snippet":"max-snippet:-1","max-image-preview":"max-image-preview:large","max-video-preview":"max-video-preview:-1"},"canonical":"https:\/\/mfinox.com\/fr\/materiaux\/acier-inoxydable-w-1-4301-aisi-304-uns-s30400\/","og_locale":"fr_FR","og_type":"article","og_title":"Acier inoxydable W 1.4301 AISI 304 UNS S30400 - M.F. INOX","og_description":"La sp\u00e9cification ASTM A193 grade B8 ou A320 grade B8 d\u00e9finit les caract\u00e9ristiques techniques des fixations en acier inoxydable adapt\u00e9es \u00e0 une application dans des r\u00e9cipients sous pression et en pr\u00e9sence de temp\u00e9ratures \u00e9lev\u00e9es ou basses (temp\u00e9ratures de service -196\u00b0C \u00e0 800\u00b0C) ; ce type de fixations est largement utilis\u00e9 dans les secteurs de la [&hellip;]","og_url":"https:\/\/mfinox.com\/fr\/materiaux\/acier-inoxydable-w-1-4301-aisi-304-uns-s30400\/","og_site_name":"M.F. INOX","twitter_card":"summary_large_image","twitter_misc":{"Dur\u00e9e de lecture estim\u00e9e":"2 minutes"},"schema":{"@context":"https:\/\/schema.org","@graph":[{"@type":"WebPage","@id":"https:\/\/mfinox.com\/fr\/materiaux\/acier-inoxydable-w-1-4301-aisi-304-uns-s30400\/","url":"https:\/\/mfinox.com\/fr\/materiaux\/acier-inoxydable-w-1-4301-aisi-304-uns-s30400\/","name":"Acier inoxydable W 1.4301 AISI 304 UNS S30400 - M.F. INOX","isPartOf":{"@id":"https:\/\/mfinox.com\/fr\/#website"},"datePublished":"2024-05-27T11:19:43+00:00","breadcrumb":{"@id":"https:\/\/mfinox.com\/fr\/materiaux\/acier-inoxydable-w-1-4301-aisi-304-uns-s30400\/#breadcrumb"},"inLanguage":"fr-FR","potentialAction":[{"@type":"ReadAction","target":["https:\/\/mfinox.com\/fr\/materiaux\/acier-inoxydable-w-1-4301-aisi-304-uns-s30400\/"]}]},{"@type":"BreadcrumbList","@id":"https:\/\/mfinox.com\/fr\/materiaux\/acier-inoxydable-w-1-4301-aisi-304-uns-s30400\/#breadcrumb","itemListElement":[{"@type":"ListItem","position":1,"name":"Home","item":"https:\/\/mfinox.com\/fr\/"},{"@type":"ListItem","position":2,"name":"Mat\u00e9riaux","item":"https:\/\/mfinox.com\/fr\/materiaux\/"},{"@type":"ListItem","position":3,"name":"Acier inoxydable W 1.4301 AISI 304 UNS S30400"}]},{"@type":"WebSite","@id":"https:\/\/mfinox.com\/fr\/#website","url":"https:\/\/mfinox.com\/fr\/","name":"M.F. INOX","description":"","publisher":{"@id":"https:\/\/mfinox.com\/fr\/#organization"},"potentialAction":[{"@type":"SearchAction","target":{"@type":"EntryPoint","urlTemplate":"https:\/\/mfinox.com\/fr\/?s={search_term_string}"},"query-input":{"@type":"PropertyValueSpecification","valueRequired":true,"valueName":"search_term_string"}}],"inLanguage":"fr-FR"},{"@type":"Organization","@id":"https:\/\/mfinox.com\/fr\/#organization","name":"M.F. INOX","url":"https:\/\/mfinox.com\/fr\/","logo":{"@type":"ImageObject","inLanguage":"fr-FR","@id":"https:\/\/mfinox.com\/fr\/#\/schema\/logo\/image\/","url":"https:\/\/mfinox.com\/wp-content\/uploads\/2024\/05\/mf-inox_logo_neg.png","contentUrl":"https:\/\/mfinox.com\/wp-content\/uploads\/2024\/05\/mf-inox_logo_neg.png","width":1949,"height":662,"caption":"M.F. INOX"},"image":{"@id":"https:\/\/mfinox.com\/fr\/#\/schema\/logo\/image\/"}}]}},"_links":{"self":[{"href":"https:\/\/mfinox.com\/fr\/wp-json\/wp\/v2\/pages\/5713","targetHints":{"allow":["GET"]}}],"collection":[{"href":"https:\/\/mfinox.com\/fr\/wp-json\/wp\/v2\/pages"}],"about":[{"href":"https:\/\/mfinox.com\/fr\/wp-json\/wp\/v2\/types\/page"}],"author":[{"embeddable":true,"href":"https:\/\/mfinox.com\/fr\/wp-json\/wp\/v2\/users\/1"}],"replies":[{"embeddable":true,"href":"https:\/\/mfinox.com\/fr\/wp-json\/wp\/v2\/comments?post=5713"}],"version-history":[{"count":0,"href":"https:\/\/mfinox.com\/fr\/wp-json\/wp\/v2\/pages\/5713\/revisions"}],"up":[{"embeddable":true,"href":"https:\/\/mfinox.com\/fr\/wp-json\/wp\/v2\/pages\/4505"}],"wp:attachment":[{"href":"https:\/\/mfinox.com\/fr\/wp-json\/wp\/v2\/media?parent=5713"}],"curies":[{"name":"wp","href":"https:\/\/api.w.org\/{rel}","templated":true}]}}