{"id":5705,"date":"2024-06-18T17:03:13","date_gmt":"2024-06-18T17:03:13","guid":{"rendered":"https:\/\/mfinox.com\/materiaux\/acier-inoxydable-martensitique-werkstoff-1-4021-aisi-420-uns-s42000\/"},"modified":"2024-09-05T10:45:17","modified_gmt":"2024-09-05T10:45:17","slug":"acier-inoxydable-martensitique-werkstoff-1-4021-aisi-420-uns-s42000","status":"publish","type":"page","link":"https:\/\/mfinox.com\/fr\/materiaux\/acier-inoxydable-martensitique-werkstoff-1-4021-aisi-420-uns-s42000\/","title":{"rendered":"Acier inoxydable martensitique Werkstoff 1.4021 AISI 420 UNS S42000"},"content":{"rendered":"\t\t<div data-elementor-type=\"wp-page\" data-elementor-id=\"5705\" class=\"elementor elementor-5705 elementor-2214\" data-elementor-post-type=\"page\">\n\t\t\t\t<div class=\"elementor-element elementor-element-46492a96 e-flex e-con-boxed e-con e-parent\" data-id=\"46492a96\" data-element_type=\"container\" data-e-type=\"container\" data-settings=\"{&quot;background_background&quot;:&quot;classic&quot;}\">\n\t\t\t\t\t<div class=\"e-con-inner\">\n\t\t\t\t<div class=\"elementor-element elementor-element-22da70ca titolo-materiali elementor-invisible elementor-widget elementor-widget-heading\" data-id=\"22da70ca\" data-element_type=\"widget\" data-e-type=\"widget\" data-settings=\"{&quot;_animation&quot;:&quot;fadeIn&quot;}\" data-widget_type=\"heading.default\">\n\t\t\t\t<div class=\"elementor-widget-container\">\n\t\t\t\t\t<h1 class=\"elementor-heading-title elementor-size-default\">Werkstoff 1.4021 AISI 420 UNS S42000<\/h1>\t\t\t\t<\/div>\n\t\t\t\t<\/div>\n\t\t\t\t<div class=\"elementor-element elementor-element-54bb2686 elementor-invisible elementor-widget elementor-widget-shortcode\" data-id=\"54bb2686\" data-element_type=\"widget\" data-e-type=\"widget\" data-settings=\"{&quot;_animation&quot;:&quot;fadeIn&quot;}\" data-widget_type=\"shortcode.default\">\n\t\t\t\t<div class=\"elementor-widget-container\">\n\t\t\t\t\t\t\t<div class=\"elementor-shortcode\"><nav aria-label=\"breadcrumb\"><div class=\"breadcrumb\"><span class=\"breadcrumb-item\"><a href=\"https:\/\/mfinox.com\/fr\/\" style=\"color: #F3912E;\">Home<\/a><\/span><\/div><\/nav><\/div>\n\t\t\t\t\t\t<\/div>\n\t\t\t\t<\/div>\n\t\t\t\t\t<\/div>\n\t\t\t\t<\/div>\n\t\t<div class=\"elementor-element elementor-element-31673b3d e-flex e-con-boxed elementor-invisible e-con e-parent\" data-id=\"31673b3d\" data-element_type=\"container\" data-e-type=\"container\" data-settings=\"{&quot;animation&quot;:&quot;fadeInUp&quot;}\">\n\t\t\t\t\t<div class=\"e-con-inner\">\n\t\t\t\t<div class=\"elementor-element elementor-element-167cd888 elementor-widget elementor-widget-text-editor\" data-id=\"167cd888\" data-element_type=\"widget\" data-e-type=\"widget\" data-widget_type=\"text-editor.default\">\n\t\t\t\t<div class=\"elementor-widget-container\">\n\t\t\t\t\t\t\t\t\tL&rsquo;acier inoxydable martensitique Werkstoff 1.4021 AISI 420 UNS S42000 est trempable et pr\u00e9sente une bonne r\u00e9sistance \u00e0 la corrosion dans des environnements mod\u00e9r\u00e9ment corrosifs et sans chlorure, tels que les acides organiques, les savons et les solvants. Ces caract\u00e9ristiques le rendent adapt\u00e9 aux applications \u00e0 haute temp\u00e9rature en pr\u00e9sence d&rsquo;eau ou de vapeur.  <h2><b>COMPOSITION CHIMIQUE Werkstoff 1.4021 AISI 420 UNS S42000 :<\/b><\/h2>\n<table class=\"responsive-table\">\n<tbody>\n<tr>\n<th>\u00c9l\u00e9ment<\/th><th>Min<\/th><th>Max<\/th>\n<\/tr>\n<tr>\n<td>C<\/td><td>0.16<\/td><td>0.25<\/td>\n<\/tr>\n<tr>\n<td>Oui<\/td><td><\/td><td>1.0<\/td>\n<\/tr>\n<tr>\n<td>Mn<\/td><td><\/td><td>1.5<\/td>\n<\/tr>\n<tr>\n<td>Cr<\/td><td>12.0<\/td><td>14.0<\/td>\n<\/tr>\n<tr>\n<td>S<\/td><td><\/td><td>0.015<\/td>\n<\/tr>\n<tr>\n<td>P<\/td><td><\/td><td>0.04<\/td>\n<\/tr>\n<tr>\n<td>Ni<\/td><td><\/td><td>0.10<\/td>\n<\/tr>\n<\/tbody>\n<\/table>\n<h2><b>CARACT\u00c9RISTIQUES M\u00c9CANIQUES Werkstoff 1.4021 AISI 420 UNS S42000 :<\/b><\/h2>\n<table class=\"responsive-table\">\n<tbody>\n<tr>\n<th>Mat\u00e9riau<\/th>\n<th>Ligue<\/th>\n<th>Rm min (MPa)<\/th>\n<th>Rp 0,2 min (MPa)<\/th>\n<th>A% min<\/th>\n<th>Duret\u00e9 maximale (HB)<\/th>\n<\/tr>\n<tr>\n<td>AISI 420 X20Cr13<\/td>\n<td>1.4021<\/td>\n<td>760<\/td>\n<td>550<\/td>\n<td>13<\/td>\n<td>235<\/td>\n<\/tr>\n<\/tbody>\n<\/table>\n<h2><b>PROPRI\u00c9T\u00c9S PHYSIQUES Werkstoff 1.4021 AISI 420 UNS S42000 :<\/b><\/h2>\n<ul>\n \t<li>Poids sp\u00e9cifique : 7,7 kg\/dm\u00b3 \u00e0 20\u00b0C<\/li>\n \t<li>Module d&rsquo;\u00e9lasticit\u00e9 : 216 000 N\/mm\u00b2 \u00e0 20\u00b0C<\/li>\n \t<li>Conductivit\u00e9 thermique : 25,0 W\/m.K \u00e0 20\u00b0C<\/li>\n \t<li>Magn\u00e9tique<\/li>\n<\/ul>\n<h2><b>CORRESPONDANCE ET SPECIFICATIONS Werkstoff 1.4021 AISI 420 UNS S42000 :<\/b><\/h2>\n<ul>\n \t<li>EN 10088\/3 : X20Cr13<\/li>\n \t<li>W : 1.4021<\/li>\n \t<li>JIS : SUS 421J1<\/li>\n \t<li>AISI : 421<\/li>\n \t<li>UNS : S42100<\/li>\n<\/ul>\n\t\t<div data-elementor-type=\"section\" data-elementor-id=\"2152\" class=\"elementor elementor-2152\" data-elementor-post-type=\"elementor_library\">\n\t\t\t<div class=\"elementor-element elementor-element-1a5312d e-flex e-con-boxed e-con e-parent\" data-id=\"1a5312d\" data-element_type=\"container\" data-e-type=\"container\">\n\t\t\t\t\t<div class=\"e-con-inner\">\n\t\t\t\t<div class=\"elementor-element elementor-element-703a4b7 elementor-widget elementor-widget-spacer\" data-id=\"703a4b7\" data-element_type=\"widget\" data-e-type=\"widget\" data-widget_type=\"spacer.default\">\n\t\t\t\t<div class=\"elementor-widget-container\">\n\t\t\t\t\t\t\t<div class=\"elementor-spacer\">\n\t\t\t<div class=\"elementor-spacer-inner\"><\/div>\n\t\t<\/div>\n\t\t\t\t\t\t<\/div>\n\t\t\t\t<\/div>\n\t\t\t\t\t<\/div>\n\t\t\t\t<\/div>\n\t\t\t\t<\/div>\n\t\t\t\t\t\t\t\t\t\t<\/div>\n\t\t\t\t<\/div>\n\t\t\t\t\t<\/div>\n\t\t\t\t<\/div>\n\t\t\t\t<\/div>\n\t\t","protected":false},"excerpt":{"rendered":"<p>Werkstoff 1.4021 AISI 420 UNS S42000 L&rsquo;acier inoxydable martensitique Werkstoff 1.4021 AISI 420 UNS S42000 est trempable et pr\u00e9sente une bonne r\u00e9sistance \u00e0 la corrosion dans des environnements mod\u00e9r\u00e9ment corrosifs et sans chlorure, tels que les acides organiques, les savons et les solvants. Ces caract\u00e9ristiques le rendent adapt\u00e9 aux applications \u00e0 haute temp\u00e9rature en pr\u00e9sence [&hellip;]<\/p>\n","protected":false},"author":1,"featured_media":0,"parent":4505,"menu_order":0,"comment_status":"closed","ping_status":"closed","template":"","meta":{"footnotes":""},"class_list":["post-5705","page","type-page","status-publish","hentry"],"yoast_head":"<!-- This site is optimized with the Yoast SEO plugin v27.4 - https:\/\/yoast.com\/product\/yoast-seo-wordpress\/ -->\n<title>Acier inoxydable martensitique Werkstoff 1.4021 AISI 420 UNS S42000 - M.F. INOX<\/title>\n<meta name=\"robots\" content=\"index, follow, max-snippet:-1, max-image-preview:large, max-video-preview:-1\" \/>\n<link rel=\"canonical\" href=\"https:\/\/mfinox.com\/fr\/materiaux\/acier-inoxydable-martensitique-werkstoff-1-4021-aisi-420-uns-s42000\/\" \/>\n<meta property=\"og:locale\" content=\"fr_FR\" \/>\n<meta property=\"og:type\" content=\"article\" \/>\n<meta property=\"og:title\" content=\"Acier inoxydable martensitique Werkstoff 1.4021 AISI 420 UNS S42000 - M.F. INOX\" \/>\n<meta property=\"og:description\" content=\"Werkstoff 1.4021 AISI 420 UNS S42000 L&rsquo;acier inoxydable martensitique Werkstoff 1.4021 AISI 420 UNS S42000 est trempable et pr\u00e9sente une bonne r\u00e9sistance \u00e0 la corrosion dans des environnements mod\u00e9r\u00e9ment corrosifs et sans chlorure, tels que les acides organiques, les savons et les solvants. Ces caract\u00e9ristiques le rendent adapt\u00e9 aux applications \u00e0 haute temp\u00e9rature en pr\u00e9sence [&hellip;]\" \/>\n<meta property=\"og:url\" content=\"https:\/\/mfinox.com\/fr\/materiaux\/acier-inoxydable-martensitique-werkstoff-1-4021-aisi-420-uns-s42000\/\" \/>\n<meta property=\"og:site_name\" content=\"M.F. INOX\" \/>\n<meta property=\"article:modified_time\" content=\"2024-09-05T10:45:17+00:00\" \/>\n<meta name=\"twitter:card\" content=\"summary_large_image\" \/>\n<meta name=\"twitter:label1\" content=\"Dur\u00e9e de lecture estim\u00e9e\" \/>\n\t<meta name=\"twitter:data1\" content=\"1 minute\" \/>\n<script type=\"application\/ld+json\" class=\"yoast-schema-graph\">{\"@context\":\"https:\\\/\\\/schema.org\",\"@graph\":[{\"@type\":\"WebPage\",\"@id\":\"https:\\\/\\\/mfinox.com\\\/fr\\\/materiaux\\\/acier-inoxydable-martensitique-werkstoff-1-4021-aisi-420-uns-s42000\\\/\",\"url\":\"https:\\\/\\\/mfinox.com\\\/fr\\\/materiaux\\\/acier-inoxydable-martensitique-werkstoff-1-4021-aisi-420-uns-s42000\\\/\",\"name\":\"Acier inoxydable martensitique Werkstoff 1.4021 AISI 420 UNS S42000 - M.F. INOX\",\"isPartOf\":{\"@id\":\"https:\\\/\\\/mfinox.com\\\/fr\\\/#website\"},\"datePublished\":\"2024-06-18T17:03:13+00:00\",\"dateModified\":\"2024-09-05T10:45:17+00:00\",\"breadcrumb\":{\"@id\":\"https:\\\/\\\/mfinox.com\\\/fr\\\/materiaux\\\/acier-inoxydable-martensitique-werkstoff-1-4021-aisi-420-uns-s42000\\\/#breadcrumb\"},\"inLanguage\":\"fr-FR\",\"potentialAction\":[{\"@type\":\"ReadAction\",\"target\":[\"https:\\\/\\\/mfinox.com\\\/fr\\\/materiaux\\\/acier-inoxydable-martensitique-werkstoff-1-4021-aisi-420-uns-s42000\\\/\"]}]},{\"@type\":\"BreadcrumbList\",\"@id\":\"https:\\\/\\\/mfinox.com\\\/fr\\\/materiaux\\\/acier-inoxydable-martensitique-werkstoff-1-4021-aisi-420-uns-s42000\\\/#breadcrumb\",\"itemListElement\":[{\"@type\":\"ListItem\",\"position\":1,\"name\":\"Home\",\"item\":\"https:\\\/\\\/mfinox.com\\\/fr\\\/\"},{\"@type\":\"ListItem\",\"position\":2,\"name\":\"Mat\u00e9riaux\",\"item\":\"https:\\\/\\\/mfinox.com\\\/fr\\\/materiaux\\\/\"},{\"@type\":\"ListItem\",\"position\":3,\"name\":\"Acier inoxydable martensitique Werkstoff 1.4021 AISI 420 UNS S42000\"}]},{\"@type\":\"WebSite\",\"@id\":\"https:\\\/\\\/mfinox.com\\\/fr\\\/#website\",\"url\":\"https:\\\/\\\/mfinox.com\\\/fr\\\/\",\"name\":\"M.F. INOX\",\"description\":\"\",\"publisher\":{\"@id\":\"https:\\\/\\\/mfinox.com\\\/fr\\\/#organization\"},\"potentialAction\":[{\"@type\":\"SearchAction\",\"target\":{\"@type\":\"EntryPoint\",\"urlTemplate\":\"https:\\\/\\\/mfinox.com\\\/fr\\\/?s={search_term_string}\"},\"query-input\":{\"@type\":\"PropertyValueSpecification\",\"valueRequired\":true,\"valueName\":\"search_term_string\"}}],\"inLanguage\":\"fr-FR\"},{\"@type\":\"Organization\",\"@id\":\"https:\\\/\\\/mfinox.com\\\/fr\\\/#organization\",\"name\":\"M.F. INOX\",\"url\":\"https:\\\/\\\/mfinox.com\\\/fr\\\/\",\"logo\":{\"@type\":\"ImageObject\",\"inLanguage\":\"fr-FR\",\"@id\":\"https:\\\/\\\/mfinox.com\\\/fr\\\/#\\\/schema\\\/logo\\\/image\\\/\",\"url\":\"https:\\\/\\\/mfinox.com\\\/wp-content\\\/uploads\\\/2024\\\/05\\\/mf-inox_logo_neg.png\",\"contentUrl\":\"https:\\\/\\\/mfinox.com\\\/wp-content\\\/uploads\\\/2024\\\/05\\\/mf-inox_logo_neg.png\",\"width\":1949,\"height\":662,\"caption\":\"M.F. INOX\"},\"image\":{\"@id\":\"https:\\\/\\\/mfinox.com\\\/fr\\\/#\\\/schema\\\/logo\\\/image\\\/\"}}]}<\/script>\n<!-- \/ Yoast SEO plugin. -->","yoast_head_json":{"title":"Acier inoxydable martensitique Werkstoff 1.4021 AISI 420 UNS S42000 - M.F. INOX","robots":{"index":"index","follow":"follow","max-snippet":"max-snippet:-1","max-image-preview":"max-image-preview:large","max-video-preview":"max-video-preview:-1"},"canonical":"https:\/\/mfinox.com\/fr\/materiaux\/acier-inoxydable-martensitique-werkstoff-1-4021-aisi-420-uns-s42000\/","og_locale":"fr_FR","og_type":"article","og_title":"Acier inoxydable martensitique Werkstoff 1.4021 AISI 420 UNS S42000 - M.F. INOX","og_description":"Werkstoff 1.4021 AISI 420 UNS S42000 L&rsquo;acier inoxydable martensitique Werkstoff 1.4021 AISI 420 UNS S42000 est trempable et pr\u00e9sente une bonne r\u00e9sistance \u00e0 la corrosion dans des environnements mod\u00e9r\u00e9ment corrosifs et sans chlorure, tels que les acides organiques, les savons et les solvants. Ces caract\u00e9ristiques le rendent adapt\u00e9 aux applications \u00e0 haute temp\u00e9rature en pr\u00e9sence [&hellip;]","og_url":"https:\/\/mfinox.com\/fr\/materiaux\/acier-inoxydable-martensitique-werkstoff-1-4021-aisi-420-uns-s42000\/","og_site_name":"M.F. INOX","article_modified_time":"2024-09-05T10:45:17+00:00","twitter_card":"summary_large_image","twitter_misc":{"Dur\u00e9e de lecture estim\u00e9e":"1 minute"},"schema":{"@context":"https:\/\/schema.org","@graph":[{"@type":"WebPage","@id":"https:\/\/mfinox.com\/fr\/materiaux\/acier-inoxydable-martensitique-werkstoff-1-4021-aisi-420-uns-s42000\/","url":"https:\/\/mfinox.com\/fr\/materiaux\/acier-inoxydable-martensitique-werkstoff-1-4021-aisi-420-uns-s42000\/","name":"Acier inoxydable martensitique Werkstoff 1.4021 AISI 420 UNS S42000 - M.F. INOX","isPartOf":{"@id":"https:\/\/mfinox.com\/fr\/#website"},"datePublished":"2024-06-18T17:03:13+00:00","dateModified":"2024-09-05T10:45:17+00:00","breadcrumb":{"@id":"https:\/\/mfinox.com\/fr\/materiaux\/acier-inoxydable-martensitique-werkstoff-1-4021-aisi-420-uns-s42000\/#breadcrumb"},"inLanguage":"fr-FR","potentialAction":[{"@type":"ReadAction","target":["https:\/\/mfinox.com\/fr\/materiaux\/acier-inoxydable-martensitique-werkstoff-1-4021-aisi-420-uns-s42000\/"]}]},{"@type":"BreadcrumbList","@id":"https:\/\/mfinox.com\/fr\/materiaux\/acier-inoxydable-martensitique-werkstoff-1-4021-aisi-420-uns-s42000\/#breadcrumb","itemListElement":[{"@type":"ListItem","position":1,"name":"Home","item":"https:\/\/mfinox.com\/fr\/"},{"@type":"ListItem","position":2,"name":"Mat\u00e9riaux","item":"https:\/\/mfinox.com\/fr\/materiaux\/"},{"@type":"ListItem","position":3,"name":"Acier inoxydable martensitique Werkstoff 1.4021 AISI 420 UNS S42000"}]},{"@type":"WebSite","@id":"https:\/\/mfinox.com\/fr\/#website","url":"https:\/\/mfinox.com\/fr\/","name":"M.F. INOX","description":"","publisher":{"@id":"https:\/\/mfinox.com\/fr\/#organization"},"potentialAction":[{"@type":"SearchAction","target":{"@type":"EntryPoint","urlTemplate":"https:\/\/mfinox.com\/fr\/?s={search_term_string}"},"query-input":{"@type":"PropertyValueSpecification","valueRequired":true,"valueName":"search_term_string"}}],"inLanguage":"fr-FR"},{"@type":"Organization","@id":"https:\/\/mfinox.com\/fr\/#organization","name":"M.F. INOX","url":"https:\/\/mfinox.com\/fr\/","logo":{"@type":"ImageObject","inLanguage":"fr-FR","@id":"https:\/\/mfinox.com\/fr\/#\/schema\/logo\/image\/","url":"https:\/\/mfinox.com\/wp-content\/uploads\/2024\/05\/mf-inox_logo_neg.png","contentUrl":"https:\/\/mfinox.com\/wp-content\/uploads\/2024\/05\/mf-inox_logo_neg.png","width":1949,"height":662,"caption":"M.F. INOX"},"image":{"@id":"https:\/\/mfinox.com\/fr\/#\/schema\/logo\/image\/"}}]}},"_links":{"self":[{"href":"https:\/\/mfinox.com\/fr\/wp-json\/wp\/v2\/pages\/5705","targetHints":{"allow":["GET"]}}],"collection":[{"href":"https:\/\/mfinox.com\/fr\/wp-json\/wp\/v2\/pages"}],"about":[{"href":"https:\/\/mfinox.com\/fr\/wp-json\/wp\/v2\/types\/page"}],"author":[{"embeddable":true,"href":"https:\/\/mfinox.com\/fr\/wp-json\/wp\/v2\/users\/1"}],"replies":[{"embeddable":true,"href":"https:\/\/mfinox.com\/fr\/wp-json\/wp\/v2\/comments?post=5705"}],"version-history":[{"count":0,"href":"https:\/\/mfinox.com\/fr\/wp-json\/wp\/v2\/pages\/5705\/revisions"}],"up":[{"embeddable":true,"href":"https:\/\/mfinox.com\/fr\/wp-json\/wp\/v2\/pages\/4505"}],"wp:attachment":[{"href":"https:\/\/mfinox.com\/fr\/wp-json\/wp\/v2\/media?parent=5705"}],"curies":[{"name":"wp","href":"https:\/\/api.w.org\/{rel}","templated":true}]}}