{"id":4584,"date":"2024-05-21T15:19:00","date_gmt":"2024-05-21T15:19:00","guid":{"rendered":"https:\/\/mf.alexcappello.eu\/materiaux\/acier-inoxydable-astm-a193-b8m-a320-b8m-aisi-316l-w-1-4404\/"},"modified":"2024-05-21T15:19:00","modified_gmt":"2024-05-21T15:19:00","slug":"acier-inoxydable-astm-a193-b8m-a320-b8m-aisi-316l-w-1-4404","status":"publish","type":"page","link":"https:\/\/mfinox.com\/fr\/materiaux\/acier-inoxydable-astm-a193-b8m-a320-b8m-aisi-316l-w-1-4404\/","title":{"rendered":"Acier inoxydable ASTM A193 B8M A320 B8M AISI 316L W 1.4404"},"content":{"rendered":"<p>La sp\u00e9cification <a href=\"https:\/\/mfinox.com\/fr\/materiaux\/acier-inoxydable-astm-a193-b8ma-a320-b8ma-w-1-4435\/\" style=\"text-decoration: underline;\">ASTM A193<\/a> grade B8M ou A320 grade B8M d\u00e9finit les caract\u00e9ristiques techniques des fixations en acier inoxydable pour les applications de cuves sous pression \u00e0 haute temp\u00e9rature (temp\u00e9ratures de service -196\u00b0C &#8211; 800\u00b0C) ; ce type de fixations est largement utilis\u00e9 dans les secteurs du p\u00e9trole, des mines et des usines chimiques \u00e9nerg\u00e9tiques.<\/p>\n<p>Les sp\u00e9cifications de l&rsquo;ASME SA 193 B8M rappellent celles de l&rsquo;<a href=\"https:\/\/mfinox.com\/fr\/materiaux\/acier-inoxydable-astm-a193-b8ma-a320-b8ma-w-1-4435\/\" style=\"text-decoration: underline;\">ASTM A193<\/a> B8M. Ce mat\u00e9riau convient \u00e0 la fabrication de composants conformes aux normes EN ISO 3506-1 et EN ISO 3506-2 dans les diff\u00e9rentes caract\u00e9ristiques de r\u00e9sistance m\u00e9canique en fonction de l&rsquo;\u00e9tat de la pi\u00e8ce finie (A4-50, A4-70 et A4-80).<\/p>\n<h2><b>COMPOSITION CHIMIQUE ASTM A193 B8M A320 B8M AISI 316L W 1.4404<\/b><\/h2>\n<table class=\"responsive-table\">\n<thead>\n<tr>\n<th>\u00c9l\u00e9ment<\/th>\n<th>Contenu<\/th>\n<\/tr>\n<\/thead>\n<tbody>\n<tr>\n<td data-label=\"Elemento\">C max<\/td>\n<td data-label=\"Contenuto\">0.08<\/td>\n<\/tr>\n<tr>\n<td data-label=\"Elemento\">S max<\/td>\n<td data-label=\"Contenuto\">0.030<\/td>\n<\/tr>\n<tr>\n<td data-label=\"Elemento\">P max<\/td>\n<td data-label=\"Contenuto\">0.045<\/td>\n<\/tr>\n<tr>\n<td data-label=\"Elemento\">Oui max<\/td>\n<td data-label=\"Contenuto\">1.0<\/td>\n<\/tr>\n<tr>\n<td data-label=\"Elemento\">Mn max<\/td>\n<td data-label=\"Contenuto\">2.0<\/td>\n<\/tr>\n<tr>\n<td data-label=\"Elemento\">Cr<\/td>\n<td data-label=\"Contenuto\">16.0 &#8211; 18.0<\/td>\n<\/tr>\n<tr>\n<td data-label=\"Elemento\">Ni<\/td>\n<td data-label=\"Contenuto\">10.0 &#8211; 14.0<\/td>\n<\/tr>\n<tr>\n<td data-label=\"Elemento\">Mo<\/td>\n<td data-label=\"Contenuto\">2.0 &#8211; 3.0<\/td>\n<\/tr>\n<\/tbody>\n<\/table>\n<h2><b>CARACT\u00c9RISTIQUES M\u00c9CANIQUES ASTM A193 B8M A320 B8M AISI 316L W 1.4404<\/b><\/h2>\n<table class=\"responsive-table\">\n<thead>\n<tr>\n<th>Mat\u00e9riau<\/th>\n<th>Ligue<\/th>\n<th>Rm min<\/th>\n<th>Rp 0,2 min<\/th>\n<th>A% min<\/th>\n<th>Z% min<\/th>\n<th>Duret\u00e9 maximale<\/th>\n<\/tr>\n<\/thead>\n<tbody>\n<tr>\n<td data-label=\"Materiale\">ASTM A193 B8M Classe 1<\/td>\n<td data-label=\"Lega\">1.4404<\/td>\n<td data-label=\"Rm min\">515<\/td>\n<td data-label=\"Rp 0.2 min\">205<\/td>\n<td data-label=\"A% min\">30<\/td>\n<td data-label=\"Z% min\">50<\/td>\n<td data-label=\"Durezza max\">223 HB<\/td>\n<\/tr>\n<tr>\n<td data-label=\"Materiale\">ASTM A193 B8MA Classe 1<\/td>\n<td data-label=\"Lega\">1.4404<\/td>\n<td data-label=\"Rm min\">515<\/td>\n<td data-label=\"Rp 0.2 min\">205<\/td>\n<td data-label=\"A% min\">30<\/td>\n<td data-label=\"Z% min\">50<\/td>\n<td data-label=\"Durezza max\">223 HB<\/td>\n<\/tr>\n<tr>\n<td data-label=\"Materiale\">ASTM A193 B8M Classe 2 \u2264 20 mm<\/td>\n<td data-label=\"Lega\">1.4404<\/td>\n<td data-label=\"Rm min\">760<\/td>\n<td data-label=\"Rp 0.2 min\">655<\/td>\n<td data-label=\"A% min\">15<\/td>\n<td data-label=\"Z% min\">45<\/td>\n<td data-label=\"Durezza max\">321 HB<\/td>\n<\/tr>\n<tr>\n<td data-label=\"Materiale\"><24 mm{{{wpml_tag_143}}}\n            {{{wpml_tag_144}}}1.4404{{{wpml_tag_145}}}\n            {{{wpml_tag_146}}}690{{{wpml_tag_147}}}\n            {{{wpml_tag_148}}}345{{{wpml_tag_149}}}\n            {{{wpml_tag_150}}}28{{{wpml_tag_151}}}\n            {{{wpml_tag_152}}}45{{{wpml_tag_153}}}\n            {{{wpml_tag_154}}}321 HB{{{wpml_tag_155}}}\n        {{{wpml_tag_156}}}\n        {{{wpml_tag_157}}}\n            {{{wpml_tag_158}}}ASTM A193 B8M Class 2 > <30 mm{{{wpml_tag_160}}}\n            {{{wpml_tag_161}}}1.4404{{{wpml_tag_162}}}\n            {{{wpml_tag_163}}}655{{{wpml_tag_164}}}\n            {{{wpml_tag_165}}}450{{{wpml_tag_166}}}\n            {{{wpml_tag_167}}}25{{{wpml_tag_168}}}\n            {{{wpml_tag_169}}}45{{{wpml_tag_170}}}\n            {{{wpml_tag_171}}}321 HB{{{wpml_tag_172}}}\n        {{{wpml_tag_173}}}\n        {{{wpml_tag_174}}}\n            {{{wpml_tag_175}}}ASTM A193 B8M Class 2 > ASTM A193 B8M Classe 2 &gt; 20 mm &amp; 24 mm &amp; 30 mm &amp; &lt;36 mm<\/td>\n<td data-label=\"Lega\">1.4404<\/td>\n<td data-label=\"Rm min\">620<\/td>\n<td data-label=\"Rp 0.2 min\">345<\/td>\n<td data-label=\"A% min\">30<\/td>\n<td data-label=\"Z% min\">45<\/td>\n<td data-label=\"Durezza max\">321 HB<\/td>\n<\/tr>\n<\/tbody>\n<\/table>\n<h2><b>PROPRI\u00c9T\u00c9S PHYSIQUES ASTM A193 B8M A320 B8M AISI 316L W 1.4404<\/b><\/h2>\n<ul>\n<li><strong>Densit\u00e9<\/strong>: 8,0 kg\/cm\u00b3 \u00e0 20\u00b0C<\/li>\n<li><strong>Module d&rsquo;\u00e9lasticit\u00e9<\/strong>: 200 000 N\/mm\u00b2 \u00e0 20\u00b0C<\/li>\n<li><strong>Conductivit\u00e9 thermique<\/strong>: 14,6 W\/m.K \u00e0 20\u00b0C<\/li>\n<li><strong>Chaleur sp\u00e9cifique<\/strong>: 500 J\/g.K \u00e0 20\u00b0C<\/li>\n<li><strong>Coefficients de dilatation lin\u00e9aire<\/strong>: 16,5 (20\u00b0 &#8211; 200\u00b0C), 17,5 (20\u00b0 &#8211; 400\u00b0C), 19,0 (20\u00b0 &#8211; 600\u00b0C)<\/li>\n<li><strong>R\u00e9sistivit\u00e9 \u00e9lectrique<\/strong>: 0,75 \u03a9 mm\u00b2\/m \u00e0 20\u00b0C<\/li>\n<li><strong>Il n&rsquo;est pas magn\u00e9tique.<\/strong><\/li>\n<\/ul>\n<h2><b>CORRESPONDANCE ET SP\u00c9CIFICATIONS ASTM A193 B8M<\/b><\/h2>\n<ul>\n<li>EN 10088\/3 : X2 Cr Ni Mo 17-12-2<\/li>\n<li>W. : 1.4404<\/li>\n<li>JIS : G4303 &#8211; SUS316<\/li>\n<li>AISI : 316 L<\/li>\n<li>ISO : 3506-1, 3506-2<\/li>\n<\/ul>\n\t\t<div data-elementor-type=\"section\" data-elementor-id=\"2152\" class=\"elementor elementor-2152\" data-elementor-post-type=\"elementor_library\">\n\t\t\t<div class=\"elementor-element elementor-element-1a5312d e-flex e-con-boxed e-con e-parent\" data-id=\"1a5312d\" data-element_type=\"container\" data-e-type=\"container\">\n\t\t\t\t\t<div class=\"e-con-inner\">\n\t\t\t\t<div class=\"elementor-element elementor-element-703a4b7 elementor-widget elementor-widget-spacer\" data-id=\"703a4b7\" data-element_type=\"widget\" data-e-type=\"widget\" data-widget_type=\"spacer.default\">\n\t\t\t\t<div class=\"elementor-widget-container\">\n\t\t\t\t\t\t\t<div class=\"elementor-spacer\">\n\t\t\t<div class=\"elementor-spacer-inner\"><\/div>\n\t\t<\/div>\n\t\t\t\t\t\t<\/div>\n\t\t\t\t<\/div>\n\t\t\t\t\t<\/div>\n\t\t\t\t<\/div>\n\t\t\t\t<\/div>\n\t\t\n","protected":false},"excerpt":{"rendered":"<p>La sp\u00e9cification ASTM A193 grade B8M ou A320 grade B8M d\u00e9finit les caract\u00e9ristiques techniques des fixations en acier inoxydable pour les applications de cuves sous pression \u00e0 haute temp\u00e9rature (temp\u00e9ratures de service -196\u00b0C &#8211; 800\u00b0C) ; ce type de fixations est largement utilis\u00e9 dans les secteurs du p\u00e9trole, des mines et des usines chimiques \u00e9nerg\u00e9tiques. [&hellip;]<\/p>\n","protected":false},"author":1,"featured_media":0,"parent":4505,"menu_order":0,"comment_status":"closed","ping_status":"closed","template":"","meta":{"footnotes":""},"class_list":["post-4584","page","type-page","status-publish","hentry"],"yoast_head":"<!-- This site is optimized with the Yoast SEO plugin v27.5 - https:\/\/yoast.com\/product\/yoast-seo-wordpress\/ -->\n<title>Acier inoxydable ASTM A193 B8M A320 B8M AISI 316L W 1.4404 - M.F. INOX<\/title>\n<meta name=\"robots\" content=\"index, follow, max-snippet:-1, max-image-preview:large, max-video-preview:-1\" \/>\n<link rel=\"canonical\" href=\"https:\/\/mfinox.com\/fr\/materiaux\/acier-inoxydable-astm-a193-b8m-a320-b8m-aisi-316l-w-1-4404\/\" \/>\n<meta property=\"og:locale\" content=\"fr_FR\" \/>\n<meta property=\"og:type\" content=\"article\" \/>\n<meta property=\"og:title\" content=\"Acier inoxydable ASTM A193 B8M A320 B8M AISI 316L W 1.4404 - M.F. INOX\" \/>\n<meta property=\"og:description\" content=\"La sp\u00e9cification ASTM A193 grade B8M ou A320 grade B8M d\u00e9finit les caract\u00e9ristiques techniques des fixations en acier inoxydable pour les applications de cuves sous pression \u00e0 haute temp\u00e9rature (temp\u00e9ratures de service -196\u00b0C &#8211; 800\u00b0C) ; ce type de fixations est largement utilis\u00e9 dans les secteurs du p\u00e9trole, des mines et des usines chimiques \u00e9nerg\u00e9tiques. [&hellip;]\" \/>\n<meta property=\"og:url\" content=\"https:\/\/mfinox.com\/fr\/materiaux\/acier-inoxydable-astm-a193-b8m-a320-b8m-aisi-316l-w-1-4404\/\" \/>\n<meta property=\"og:site_name\" content=\"M.F. INOX\" \/>\n<meta name=\"twitter:card\" content=\"summary_large_image\" \/>\n<meta name=\"twitter:label1\" content=\"Dur\u00e9e de lecture estim\u00e9e\" \/>\n\t<meta name=\"twitter:data1\" content=\"2 minutes\" \/>\n<script type=\"application\/ld+json\" class=\"yoast-schema-graph\">{\"@context\":\"https:\\\/\\\/schema.org\",\"@graph\":[{\"@type\":\"WebPage\",\"@id\":\"https:\\\/\\\/mfinox.com\\\/fr\\\/materiaux\\\/acier-inoxydable-astm-a193-b8m-a320-b8m-aisi-316l-w-1-4404\\\/\",\"url\":\"https:\\\/\\\/mfinox.com\\\/fr\\\/materiaux\\\/acier-inoxydable-astm-a193-b8m-a320-b8m-aisi-316l-w-1-4404\\\/\",\"name\":\"Acier inoxydable ASTM A193 B8M A320 B8M AISI 316L W 1.4404 - M.F. INOX\",\"isPartOf\":{\"@id\":\"https:\\\/\\\/mfinox.com\\\/fr\\\/#website\"},\"datePublished\":\"2024-05-21T15:19:00+00:00\",\"breadcrumb\":{\"@id\":\"https:\\\/\\\/mfinox.com\\\/fr\\\/materiaux\\\/acier-inoxydable-astm-a193-b8m-a320-b8m-aisi-316l-w-1-4404\\\/#breadcrumb\"},\"inLanguage\":\"fr-FR\",\"potentialAction\":[{\"@type\":\"ReadAction\",\"target\":[\"https:\\\/\\\/mfinox.com\\\/fr\\\/materiaux\\\/acier-inoxydable-astm-a193-b8m-a320-b8m-aisi-316l-w-1-4404\\\/\"]}]},{\"@type\":\"BreadcrumbList\",\"@id\":\"https:\\\/\\\/mfinox.com\\\/fr\\\/materiaux\\\/acier-inoxydable-astm-a193-b8m-a320-b8m-aisi-316l-w-1-4404\\\/#breadcrumb\",\"itemListElement\":[{\"@type\":\"ListItem\",\"position\":1,\"name\":\"Home\",\"item\":\"https:\\\/\\\/mfinox.com\\\/fr\\\/\"},{\"@type\":\"ListItem\",\"position\":2,\"name\":\"Mat\u00e9riaux\",\"item\":\"https:\\\/\\\/mfinox.com\\\/fr\\\/materiaux\\\/\"},{\"@type\":\"ListItem\",\"position\":3,\"name\":\"Acier inoxydable ASTM A193 B8M A320 B8M AISI 316L W 1.4404\"}]},{\"@type\":\"WebSite\",\"@id\":\"https:\\\/\\\/mfinox.com\\\/fr\\\/#website\",\"url\":\"https:\\\/\\\/mfinox.com\\\/fr\\\/\",\"name\":\"M.F. INOX\",\"description\":\"\",\"publisher\":{\"@id\":\"https:\\\/\\\/mfinox.com\\\/fr\\\/#organization\"},\"potentialAction\":[{\"@type\":\"SearchAction\",\"target\":{\"@type\":\"EntryPoint\",\"urlTemplate\":\"https:\\\/\\\/mfinox.com\\\/fr\\\/?s={search_term_string}\"},\"query-input\":{\"@type\":\"PropertyValueSpecification\",\"valueRequired\":true,\"valueName\":\"search_term_string\"}}],\"inLanguage\":\"fr-FR\"},{\"@type\":\"Organization\",\"@id\":\"https:\\\/\\\/mfinox.com\\\/fr\\\/#organization\",\"name\":\"M.F. INOX\",\"url\":\"https:\\\/\\\/mfinox.com\\\/fr\\\/\",\"logo\":{\"@type\":\"ImageObject\",\"inLanguage\":\"fr-FR\",\"@id\":\"https:\\\/\\\/mfinox.com\\\/fr\\\/#\\\/schema\\\/logo\\\/image\\\/\",\"url\":\"https:\\\/\\\/mfinox.com\\\/wp-content\\\/uploads\\\/2024\\\/05\\\/mf-inox_logo_neg.png\",\"contentUrl\":\"https:\\\/\\\/mfinox.com\\\/wp-content\\\/uploads\\\/2024\\\/05\\\/mf-inox_logo_neg.png\",\"width\":1949,\"height\":662,\"caption\":\"M.F. INOX\"},\"image\":{\"@id\":\"https:\\\/\\\/mfinox.com\\\/fr\\\/#\\\/schema\\\/logo\\\/image\\\/\"}}]}<\/script>\n<!-- \/ Yoast SEO plugin. -->","yoast_head_json":{"title":"Acier inoxydable ASTM A193 B8M A320 B8M AISI 316L W 1.4404 - M.F. INOX","robots":{"index":"index","follow":"follow","max-snippet":"max-snippet:-1","max-image-preview":"max-image-preview:large","max-video-preview":"max-video-preview:-1"},"canonical":"https:\/\/mfinox.com\/fr\/materiaux\/acier-inoxydable-astm-a193-b8m-a320-b8m-aisi-316l-w-1-4404\/","og_locale":"fr_FR","og_type":"article","og_title":"Acier inoxydable ASTM A193 B8M A320 B8M AISI 316L W 1.4404 - M.F. INOX","og_description":"La sp\u00e9cification ASTM A193 grade B8M ou A320 grade B8M d\u00e9finit les caract\u00e9ristiques techniques des fixations en acier inoxydable pour les applications de cuves sous pression \u00e0 haute temp\u00e9rature (temp\u00e9ratures de service -196\u00b0C &#8211; 800\u00b0C) ; ce type de fixations est largement utilis\u00e9 dans les secteurs du p\u00e9trole, des mines et des usines chimiques \u00e9nerg\u00e9tiques. [&hellip;]","og_url":"https:\/\/mfinox.com\/fr\/materiaux\/acier-inoxydable-astm-a193-b8m-a320-b8m-aisi-316l-w-1-4404\/","og_site_name":"M.F. INOX","twitter_card":"summary_large_image","twitter_misc":{"Dur\u00e9e de lecture estim\u00e9e":"2 minutes"},"schema":{"@context":"https:\/\/schema.org","@graph":[{"@type":"WebPage","@id":"https:\/\/mfinox.com\/fr\/materiaux\/acier-inoxydable-astm-a193-b8m-a320-b8m-aisi-316l-w-1-4404\/","url":"https:\/\/mfinox.com\/fr\/materiaux\/acier-inoxydable-astm-a193-b8m-a320-b8m-aisi-316l-w-1-4404\/","name":"Acier inoxydable ASTM A193 B8M A320 B8M AISI 316L W 1.4404 - M.F. INOX","isPartOf":{"@id":"https:\/\/mfinox.com\/fr\/#website"},"datePublished":"2024-05-21T15:19:00+00:00","breadcrumb":{"@id":"https:\/\/mfinox.com\/fr\/materiaux\/acier-inoxydable-astm-a193-b8m-a320-b8m-aisi-316l-w-1-4404\/#breadcrumb"},"inLanguage":"fr-FR","potentialAction":[{"@type":"ReadAction","target":["https:\/\/mfinox.com\/fr\/materiaux\/acier-inoxydable-astm-a193-b8m-a320-b8m-aisi-316l-w-1-4404\/"]}]},{"@type":"BreadcrumbList","@id":"https:\/\/mfinox.com\/fr\/materiaux\/acier-inoxydable-astm-a193-b8m-a320-b8m-aisi-316l-w-1-4404\/#breadcrumb","itemListElement":[{"@type":"ListItem","position":1,"name":"Home","item":"https:\/\/mfinox.com\/fr\/"},{"@type":"ListItem","position":2,"name":"Mat\u00e9riaux","item":"https:\/\/mfinox.com\/fr\/materiaux\/"},{"@type":"ListItem","position":3,"name":"Acier inoxydable ASTM A193 B8M A320 B8M AISI 316L W 1.4404"}]},{"@type":"WebSite","@id":"https:\/\/mfinox.com\/fr\/#website","url":"https:\/\/mfinox.com\/fr\/","name":"M.F. INOX","description":"","publisher":{"@id":"https:\/\/mfinox.com\/fr\/#organization"},"potentialAction":[{"@type":"SearchAction","target":{"@type":"EntryPoint","urlTemplate":"https:\/\/mfinox.com\/fr\/?s={search_term_string}"},"query-input":{"@type":"PropertyValueSpecification","valueRequired":true,"valueName":"search_term_string"}}],"inLanguage":"fr-FR"},{"@type":"Organization","@id":"https:\/\/mfinox.com\/fr\/#organization","name":"M.F. INOX","url":"https:\/\/mfinox.com\/fr\/","logo":{"@type":"ImageObject","inLanguage":"fr-FR","@id":"https:\/\/mfinox.com\/fr\/#\/schema\/logo\/image\/","url":"https:\/\/mfinox.com\/wp-content\/uploads\/2024\/05\/mf-inox_logo_neg.png","contentUrl":"https:\/\/mfinox.com\/wp-content\/uploads\/2024\/05\/mf-inox_logo_neg.png","width":1949,"height":662,"caption":"M.F. INOX"},"image":{"@id":"https:\/\/mfinox.com\/fr\/#\/schema\/logo\/image\/"}}]}},"_links":{"self":[{"href":"https:\/\/mfinox.com\/fr\/wp-json\/wp\/v2\/pages\/4584","targetHints":{"allow":["GET"]}}],"collection":[{"href":"https:\/\/mfinox.com\/fr\/wp-json\/wp\/v2\/pages"}],"about":[{"href":"https:\/\/mfinox.com\/fr\/wp-json\/wp\/v2\/types\/page"}],"author":[{"embeddable":true,"href":"https:\/\/mfinox.com\/fr\/wp-json\/wp\/v2\/users\/1"}],"replies":[{"embeddable":true,"href":"https:\/\/mfinox.com\/fr\/wp-json\/wp\/v2\/comments?post=4584"}],"version-history":[{"count":0,"href":"https:\/\/mfinox.com\/fr\/wp-json\/wp\/v2\/pages\/4584\/revisions"}],"up":[{"embeddable":true,"href":"https:\/\/mfinox.com\/fr\/wp-json\/wp\/v2\/pages\/4505"}],"wp:attachment":[{"href":"https:\/\/mfinox.com\/fr\/wp-json\/wp\/v2\/media?parent=4584"}],"curies":[{"name":"wp","href":"https:\/\/api.w.org\/{rel}","templated":true}]}}