{"id":4524,"date":"2024-05-21T15:03:28","date_gmt":"2024-05-21T15:03:28","guid":{"rendered":"https:\/\/mf.alexcappello.eu\/materiaux\/1-4923-x22crmov12-1\/"},"modified":"2024-09-05T10:28:30","modified_gmt":"2024-09-05T10:28:30","slug":"1-4923-x22crmov12-1","status":"publish","type":"page","link":"https:\/\/mfinox.com\/fr\/materiaux\/1-4923-x22crmov12-1\/","title":{"rendered":"1.4923 X22CrMoV12-1"},"content":{"rendered":"\t\t<div data-elementor-type=\"wp-page\" data-elementor-id=\"4524\" class=\"elementor elementor-4524 elementor-752\" data-elementor-post-type=\"page\">\n\t\t\t\t<div class=\"elementor-element elementor-element-23a727f3 e-flex e-con-boxed e-con e-parent\" data-id=\"23a727f3\" data-element_type=\"container\" data-e-type=\"container\" data-settings=\"{&quot;background_background&quot;:&quot;classic&quot;}\">\n\t\t\t\t\t<div class=\"e-con-inner\">\n\t\t\t\t<div class=\"elementor-element elementor-element-20170018 titolo-materiali elementor-invisible elementor-widget elementor-widget-heading\" data-id=\"20170018\" data-element_type=\"widget\" data-e-type=\"widget\" data-settings=\"{&quot;_animation&quot;:&quot;fadeIn&quot;}\" data-widget_type=\"heading.default\">\n\t\t\t\t<div class=\"elementor-widget-container\">\n\t\t\t\t\t<h1 class=\"elementor-heading-title elementor-size-default\">1.4923 X22CrMoV12-1<\/h1>\t\t\t\t<\/div>\n\t\t\t\t<\/div>\n\t\t\t\t<div class=\"elementor-element elementor-element-646b314b elementor-invisible elementor-widget elementor-widget-shortcode\" data-id=\"646b314b\" data-element_type=\"widget\" data-e-type=\"widget\" data-settings=\"{&quot;_animation&quot;:&quot;fadeIn&quot;}\" data-widget_type=\"shortcode.default\">\n\t\t\t\t<div class=\"elementor-widget-container\">\n\t\t\t\t\t\t\t<div class=\"elementor-shortcode\"><nav aria-label=\"breadcrumb\"><div class=\"breadcrumb\"><span class=\"breadcrumb-item\"><a href=\"https:\/\/mfinox.com\/fr\/\" style=\"color: #F3912E;\">Home<\/a><\/span><\/div><\/nav><\/div>\n\t\t\t\t\t\t<\/div>\n\t\t\t\t<\/div>\n\t\t\t\t\t<\/div>\n\t\t\t\t<\/div>\n\t\t<div class=\"elementor-element elementor-element-3ba9fd9e e-flex e-con-boxed elementor-invisible e-con e-parent\" data-id=\"3ba9fd9e\" data-element_type=\"container\" data-e-type=\"container\" data-settings=\"{&quot;animation&quot;:&quot;fadeInUp&quot;}\">\n\t\t\t\t\t<div class=\"e-con-inner\">\n\t\t\t\t<div class=\"elementor-element elementor-element-5b95426f elementor-widget elementor-widget-text-editor\" data-id=\"5b95426f\" data-element_type=\"widget\" data-e-type=\"widget\" data-widget_type=\"text-editor.default\">\n\t\t\t\t<div class=\"elementor-widget-container\">\n\t\t\t\t\t\t\t\t\tL&rsquo;acier 1.4923 X22CrMoV12-1 est un acier de trempe et de revenu \u00e0 haute r\u00e9sistance qui convient aux applications \u00e0 haute temp\u00e9rature, mais qui n&rsquo;est pas r\u00e9sistant \u00e0 la corrosion. Il fait partie de la gamme de mat\u00e9riaux adapt\u00e9s \u00e0 la production d&rsquo;\u00e9l\u00e9ments de fixation pour des applications allant de -200\u00b0 \u00e0 +700\u00b0C, d\u00e9finie par les normes ISO 267-13 et ISO EN 10269. L&rsquo;acier 1.4923 X22CrMoV12-1 est notamment utilis\u00e9 pour des applications jusqu&rsquo;\u00e0 un maximum de 500 \u00b0C avec \u00e9videmment une baisse consid\u00e9rable des propri\u00e9t\u00e9s m\u00e9caniques (\u00e0 500 \u00b0C Rm = 335 MPa). Cet alliage est particuli\u00e8rement utilis\u00e9 pour les pi\u00e8ces de moteurs endothermiques, les pompes, les tuyauteries et les vannes.  <h2>COMPOSITION CHIMIQUE 1.4923 X22CrMoV12-1 :<\/h2>\n<table class=\"responsive-table\">\n<tbody>\n<tr>\n<th>\u00c9l\u00e9ment<\/th><th>Min<\/th><th>Max<\/th>\n<\/tr>\n<tr>\n<td>C<\/td><td>0.18<\/td><td>0.24<\/td>\n<\/tr>\n<tr>\n<td>Oui<\/td><td>0.40<\/td><td>0.50<\/td>\n<\/tr>\n<tr>\n<td>Mn<\/td><td>&#8212;<\/td><td>0.90<\/td>\n<\/tr>\n<tr>\n<td>P<\/td><td>&#8212;<\/td><td>0.025<\/td>\n<\/tr>\n<tr>\n<td>S<\/td><td>&#8212;<\/td><td>0.015<\/td>\n<\/tr>\n<tr>\n<td>Cr<\/td><td>1.10<\/td><td>1.25<\/td>\n<\/tr>\n<tr>\n<td>Mo<\/td><td>0.80<\/td><td>1.20<\/td>\n<\/tr>\n<tr>\n<td>Ni<\/td><td>0.30<\/td><td>0.80<\/td>\n<\/tr>\n<tr>\n<td>V<\/td><td>0.25<\/td><td>0.35<\/td>\n<\/tr>\n<\/tbody>\n<\/table>\n<h2>PROPRI\u00c9T\u00c9S M\u00c9CANIQUES 1.4923 X22CrMoV12-1 :<\/h2>\n<table class=\"responsive-table\">\n<tbody>\n<tr>\n<th>Mat\u00e9riau<\/th>\n<th>Ligue<\/th>\n<th>Rm (MPa)<\/th>\n<th>Rp 0,2 min (MPa)<\/th>\n<th>A% min<\/th>\n<th>Z% min<\/th>\n<th>Duret\u00e9<\/th>\n<th>Essai d&rsquo;impact min (KV2) (J)<\/th>\n<\/tr>\n<tr>\n<td>1.4923 X22CrMoV12-1 + QT1<\/td>\n<td>1.4923<\/td>\n<td>800 &#8211; 950<\/td>\n<td>650<\/td>\n<td>14<\/td>\n<td>40<\/td>\n<td>22 &#8211; 29 HRC<\/td>\n<td>27J \u00e0 20\u00b0C<\/td>\n<\/tr>\n<tr>\n<td>1.4923 X22CrMoV12-1 + QT2<\/td>\n<td>1.4923<\/td>\n<td>900 &#8211; 1050<\/td>\n<td>750<\/td>\n<td>11<\/td>\n<td>35<\/td>\n<td>26 &#8211; 33 HRC<\/td>\n<td>20J \u00e0 20\u00b0C<\/td>\n<\/tr>\n<\/tbody>\n<\/table>\n<h2>PROPRI\u00c9T\u00c9S PHYSIQUES 1.4923 X22CrMoV12-1 :<\/h2>\n<ul>\n \t<li>Poids sp\u00e9cifique \u00e0 20\u00b0C: 795 kg\/dm\u00b3<\/li>\n \t<li>Module d&rsquo;\u00e9lasticit\u00e9 \u00e0 20\u00b0C : 199 000 N\/mm\u00b2.<\/li>\n<\/ul>\n<h2>CORRESPONDANCE ET SP\u00c9CIFICATIONS 1.4923 X22CrMoV12-1 :<\/h2>\n<ul>\n \t<li>W. : 1.4923<\/li>\n \t<li>FR : 10269<\/li>\n \t<li>ISO : 267-13<\/li>\n \t<li>DIN : 2510<\/li>\n \t<li>DIN EN ISO : 898<\/li>\n \t<li>ISO : 3506<\/li>\n<\/ul>\n&nbsp;\t\t\t\t\t\t\t\t<\/div>\n\t\t\t\t<\/div>\n\t\t\t\t\t<\/div>\n\t\t\t\t<\/div>\n\t\t\t\t<\/div>\n\t\t","protected":false},"excerpt":{"rendered":"<p>1.4923 X22CrMoV12-1 L&rsquo;acier 1.4923 X22CrMoV12-1 est un acier de trempe et de revenu \u00e0 haute r\u00e9sistance qui convient aux applications \u00e0 haute temp\u00e9rature, mais qui n&rsquo;est pas r\u00e9sistant \u00e0 la corrosion. Il fait partie de la gamme de mat\u00e9riaux adapt\u00e9s \u00e0 la production d&rsquo;\u00e9l\u00e9ments de fixation pour des applications allant de -200\u00b0 \u00e0 +700\u00b0C, d\u00e9finie [&hellip;]<\/p>\n","protected":false},"author":1,"featured_media":0,"parent":4505,"menu_order":0,"comment_status":"closed","ping_status":"closed","template":"","meta":{"footnotes":""},"class_list":["post-4524","page","type-page","status-publish","hentry"],"yoast_head":"<!-- This site is optimized with the Yoast SEO plugin v27.4 - https:\/\/yoast.com\/product\/yoast-seo-wordpress\/ -->\n<title>1.4923 X22CrMoV12-1 - M.F. INOX<\/title>\n<meta name=\"robots\" content=\"index, follow, max-snippet:-1, max-image-preview:large, max-video-preview:-1\" \/>\n<link rel=\"canonical\" href=\"https:\/\/mfinox.com\/fr\/materiaux\/1-4923-x22crmov12-1\/\" \/>\n<meta property=\"og:locale\" content=\"fr_FR\" \/>\n<meta property=\"og:type\" content=\"article\" \/>\n<meta property=\"og:title\" content=\"1.4923 X22CrMoV12-1 - M.F. INOX\" \/>\n<meta property=\"og:description\" content=\"1.4923 X22CrMoV12-1 L&rsquo;acier 1.4923 X22CrMoV12-1 est un acier de trempe et de revenu \u00e0 haute r\u00e9sistance qui convient aux applications \u00e0 haute temp\u00e9rature, mais qui n&rsquo;est pas r\u00e9sistant \u00e0 la corrosion. Il fait partie de la gamme de mat\u00e9riaux adapt\u00e9s \u00e0 la production d&rsquo;\u00e9l\u00e9ments de fixation pour des applications allant de -200\u00b0 \u00e0 +700\u00b0C, d\u00e9finie [&hellip;]\" \/>\n<meta property=\"og:url\" content=\"https:\/\/mfinox.com\/fr\/materiaux\/1-4923-x22crmov12-1\/\" \/>\n<meta property=\"og:site_name\" content=\"M.F. INOX\" \/>\n<meta property=\"article:modified_time\" content=\"2024-09-05T10:28:30+00:00\" \/>\n<meta name=\"twitter:card\" content=\"summary_large_image\" \/>\n<meta name=\"twitter:label1\" content=\"Dur\u00e9e de lecture estim\u00e9e\" \/>\n\t<meta name=\"twitter:data1\" content=\"1 minute\" \/>\n<script type=\"application\/ld+json\" class=\"yoast-schema-graph\">{\"@context\":\"https:\\\/\\\/schema.org\",\"@graph\":[{\"@type\":\"WebPage\",\"@id\":\"https:\\\/\\\/mfinox.com\\\/fr\\\/materiaux\\\/1-4923-x22crmov12-1\\\/\",\"url\":\"https:\\\/\\\/mfinox.com\\\/fr\\\/materiaux\\\/1-4923-x22crmov12-1\\\/\",\"name\":\"1.4923 X22CrMoV12-1 - M.F. INOX\",\"isPartOf\":{\"@id\":\"https:\\\/\\\/mfinox.com\\\/fr\\\/#website\"},\"datePublished\":\"2024-05-21T15:03:28+00:00\",\"dateModified\":\"2024-09-05T10:28:30+00:00\",\"breadcrumb\":{\"@id\":\"https:\\\/\\\/mfinox.com\\\/fr\\\/materiaux\\\/1-4923-x22crmov12-1\\\/#breadcrumb\"},\"inLanguage\":\"fr-FR\",\"potentialAction\":[{\"@type\":\"ReadAction\",\"target\":[\"https:\\\/\\\/mfinox.com\\\/fr\\\/materiaux\\\/1-4923-x22crmov12-1\\\/\"]}]},{\"@type\":\"BreadcrumbList\",\"@id\":\"https:\\\/\\\/mfinox.com\\\/fr\\\/materiaux\\\/1-4923-x22crmov12-1\\\/#breadcrumb\",\"itemListElement\":[{\"@type\":\"ListItem\",\"position\":1,\"name\":\"Home\",\"item\":\"https:\\\/\\\/mfinox.com\\\/fr\\\/\"},{\"@type\":\"ListItem\",\"position\":2,\"name\":\"Mat\u00e9riaux\",\"item\":\"https:\\\/\\\/mfinox.com\\\/fr\\\/materiaux\\\/\"},{\"@type\":\"ListItem\",\"position\":3,\"name\":\"1.4923 X22CrMoV12-1\"}]},{\"@type\":\"WebSite\",\"@id\":\"https:\\\/\\\/mfinox.com\\\/fr\\\/#website\",\"url\":\"https:\\\/\\\/mfinox.com\\\/fr\\\/\",\"name\":\"M.F. INOX\",\"description\":\"\",\"publisher\":{\"@id\":\"https:\\\/\\\/mfinox.com\\\/fr\\\/#organization\"},\"potentialAction\":[{\"@type\":\"SearchAction\",\"target\":{\"@type\":\"EntryPoint\",\"urlTemplate\":\"https:\\\/\\\/mfinox.com\\\/fr\\\/?s={search_term_string}\"},\"query-input\":{\"@type\":\"PropertyValueSpecification\",\"valueRequired\":true,\"valueName\":\"search_term_string\"}}],\"inLanguage\":\"fr-FR\"},{\"@type\":\"Organization\",\"@id\":\"https:\\\/\\\/mfinox.com\\\/fr\\\/#organization\",\"name\":\"M.F. INOX\",\"url\":\"https:\\\/\\\/mfinox.com\\\/fr\\\/\",\"logo\":{\"@type\":\"ImageObject\",\"inLanguage\":\"fr-FR\",\"@id\":\"https:\\\/\\\/mfinox.com\\\/fr\\\/#\\\/schema\\\/logo\\\/image\\\/\",\"url\":\"https:\\\/\\\/mfinox.com\\\/wp-content\\\/uploads\\\/2024\\\/05\\\/mf-inox_logo_neg.png\",\"contentUrl\":\"https:\\\/\\\/mfinox.com\\\/wp-content\\\/uploads\\\/2024\\\/05\\\/mf-inox_logo_neg.png\",\"width\":1949,\"height\":662,\"caption\":\"M.F. INOX\"},\"image\":{\"@id\":\"https:\\\/\\\/mfinox.com\\\/fr\\\/#\\\/schema\\\/logo\\\/image\\\/\"}}]}<\/script>\n<!-- \/ Yoast SEO plugin. -->","yoast_head_json":{"title":"1.4923 X22CrMoV12-1 - M.F. INOX","robots":{"index":"index","follow":"follow","max-snippet":"max-snippet:-1","max-image-preview":"max-image-preview:large","max-video-preview":"max-video-preview:-1"},"canonical":"https:\/\/mfinox.com\/fr\/materiaux\/1-4923-x22crmov12-1\/","og_locale":"fr_FR","og_type":"article","og_title":"1.4923 X22CrMoV12-1 - M.F. INOX","og_description":"1.4923 X22CrMoV12-1 L&rsquo;acier 1.4923 X22CrMoV12-1 est un acier de trempe et de revenu \u00e0 haute r\u00e9sistance qui convient aux applications \u00e0 haute temp\u00e9rature, mais qui n&rsquo;est pas r\u00e9sistant \u00e0 la corrosion. Il fait partie de la gamme de mat\u00e9riaux adapt\u00e9s \u00e0 la production d&rsquo;\u00e9l\u00e9ments de fixation pour des applications allant de -200\u00b0 \u00e0 +700\u00b0C, d\u00e9finie [&hellip;]","og_url":"https:\/\/mfinox.com\/fr\/materiaux\/1-4923-x22crmov12-1\/","og_site_name":"M.F. INOX","article_modified_time":"2024-09-05T10:28:30+00:00","twitter_card":"summary_large_image","twitter_misc":{"Dur\u00e9e de lecture estim\u00e9e":"1 minute"},"schema":{"@context":"https:\/\/schema.org","@graph":[{"@type":"WebPage","@id":"https:\/\/mfinox.com\/fr\/materiaux\/1-4923-x22crmov12-1\/","url":"https:\/\/mfinox.com\/fr\/materiaux\/1-4923-x22crmov12-1\/","name":"1.4923 X22CrMoV12-1 - M.F. INOX","isPartOf":{"@id":"https:\/\/mfinox.com\/fr\/#website"},"datePublished":"2024-05-21T15:03:28+00:00","dateModified":"2024-09-05T10:28:30+00:00","breadcrumb":{"@id":"https:\/\/mfinox.com\/fr\/materiaux\/1-4923-x22crmov12-1\/#breadcrumb"},"inLanguage":"fr-FR","potentialAction":[{"@type":"ReadAction","target":["https:\/\/mfinox.com\/fr\/materiaux\/1-4923-x22crmov12-1\/"]}]},{"@type":"BreadcrumbList","@id":"https:\/\/mfinox.com\/fr\/materiaux\/1-4923-x22crmov12-1\/#breadcrumb","itemListElement":[{"@type":"ListItem","position":1,"name":"Home","item":"https:\/\/mfinox.com\/fr\/"},{"@type":"ListItem","position":2,"name":"Mat\u00e9riaux","item":"https:\/\/mfinox.com\/fr\/materiaux\/"},{"@type":"ListItem","position":3,"name":"1.4923 X22CrMoV12-1"}]},{"@type":"WebSite","@id":"https:\/\/mfinox.com\/fr\/#website","url":"https:\/\/mfinox.com\/fr\/","name":"M.F. INOX","description":"","publisher":{"@id":"https:\/\/mfinox.com\/fr\/#organization"},"potentialAction":[{"@type":"SearchAction","target":{"@type":"EntryPoint","urlTemplate":"https:\/\/mfinox.com\/fr\/?s={search_term_string}"},"query-input":{"@type":"PropertyValueSpecification","valueRequired":true,"valueName":"search_term_string"}}],"inLanguage":"fr-FR"},{"@type":"Organization","@id":"https:\/\/mfinox.com\/fr\/#organization","name":"M.F. INOX","url":"https:\/\/mfinox.com\/fr\/","logo":{"@type":"ImageObject","inLanguage":"fr-FR","@id":"https:\/\/mfinox.com\/fr\/#\/schema\/logo\/image\/","url":"https:\/\/mfinox.com\/wp-content\/uploads\/2024\/05\/mf-inox_logo_neg.png","contentUrl":"https:\/\/mfinox.com\/wp-content\/uploads\/2024\/05\/mf-inox_logo_neg.png","width":1949,"height":662,"caption":"M.F. INOX"},"image":{"@id":"https:\/\/mfinox.com\/fr\/#\/schema\/logo\/image\/"}}]}},"_links":{"self":[{"href":"https:\/\/mfinox.com\/fr\/wp-json\/wp\/v2\/pages\/4524","targetHints":{"allow":["GET"]}}],"collection":[{"href":"https:\/\/mfinox.com\/fr\/wp-json\/wp\/v2\/pages"}],"about":[{"href":"https:\/\/mfinox.com\/fr\/wp-json\/wp\/v2\/types\/page"}],"author":[{"embeddable":true,"href":"https:\/\/mfinox.com\/fr\/wp-json\/wp\/v2\/users\/1"}],"replies":[{"embeddable":true,"href":"https:\/\/mfinox.com\/fr\/wp-json\/wp\/v2\/comments?post=4524"}],"version-history":[{"count":0,"href":"https:\/\/mfinox.com\/fr\/wp-json\/wp\/v2\/pages\/4524\/revisions"}],"up":[{"embeddable":true,"href":"https:\/\/mfinox.com\/fr\/wp-json\/wp\/v2\/pages\/4505"}],"wp:attachment":[{"href":"https:\/\/mfinox.com\/fr\/wp-json\/wp\/v2\/media?parent=4524"}],"curies":[{"name":"wp","href":"https:\/\/api.w.org\/{rel}","templated":true}]}}