{"id":4516,"date":"2024-05-21T14:56:38","date_gmt":"2024-05-21T14:56:38","guid":{"rendered":"https:\/\/mf.alexcappello.eu\/materiaux\/1-4913-x19crmonbvn11-1\/"},"modified":"2024-07-16T13:49:26","modified_gmt":"2024-07-16T13:49:26","slug":"1-4913-x19crmonbvn11-1","status":"publish","type":"page","link":"https:\/\/mfinox.com\/fr\/materiaux\/1-4913-x19crmonbvn11-1\/","title":{"rendered":"1.4913 X19CrMoNbVN11-1"},"content":{"rendered":"\t\t<div data-elementor-type=\"wp-page\" data-elementor-id=\"4516\" class=\"elementor elementor-4516 elementor-747\" data-elementor-post-type=\"page\">\n\t\t\t\t<div class=\"elementor-element elementor-element-3f6ae49b e-flex e-con-boxed e-con e-parent\" data-id=\"3f6ae49b\" data-element_type=\"container\" data-e-type=\"container\" data-settings=\"{&quot;background_background&quot;:&quot;classic&quot;}\">\n\t\t\t\t\t<div class=\"e-con-inner\">\n\t\t\t\t<div class=\"elementor-element elementor-element-3371752c titolo-materiali elementor-invisible elementor-widget elementor-widget-heading\" data-id=\"3371752c\" data-element_type=\"widget\" data-e-type=\"widget\" data-settings=\"{&quot;_animation&quot;:&quot;fadeIn&quot;}\" data-widget_type=\"heading.default\">\n\t\t\t\t<div class=\"elementor-widget-container\">\n\t\t\t\t\t<h1 class=\"elementor-heading-title elementor-size-default\">1.4913 X19CrMoNbVN11-1<\/h1>\t\t\t\t<\/div>\n\t\t\t\t<\/div>\n\t\t\t\t<div class=\"elementor-element elementor-element-134dd281 elementor-invisible elementor-widget elementor-widget-shortcode\" data-id=\"134dd281\" data-element_type=\"widget\" data-e-type=\"widget\" data-settings=\"{&quot;_animation&quot;:&quot;fadeIn&quot;}\" data-widget_type=\"shortcode.default\">\n\t\t\t\t<div class=\"elementor-widget-container\">\n\t\t\t\t\t\t\t<div class=\"elementor-shortcode\"><nav aria-label=\"breadcrumb\"><div class=\"breadcrumb\"><span class=\"breadcrumb-item\"><a href=\"https:\/\/mfinox.com\/fr\/\" style=\"color: #F3912E;\">Home<\/a><\/span><\/div><\/nav><\/div>\n\t\t\t\t\t\t<\/div>\n\t\t\t\t<\/div>\n\t\t\t\t\t<\/div>\n\t\t\t\t<\/div>\n\t\t<div class=\"elementor-element elementor-element-57db1572 e-flex e-con-boxed elementor-invisible e-con e-parent\" data-id=\"57db1572\" data-element_type=\"container\" data-e-type=\"container\" data-settings=\"{&quot;animation&quot;:&quot;fadeInUp&quot;}\">\n\t\t\t\t\t<div class=\"e-con-inner\">\n\t\t\t\t<div class=\"elementor-element elementor-element-408d9b97 elementor-widget elementor-widget-text-editor\" data-id=\"408d9b97\" data-element_type=\"widget\" data-e-type=\"widget\" data-widget_type=\"text-editor.default\">\n\t\t\t\t<div class=\"elementor-widget-container\">\n\t\t\t\t\t\t\t\t\tL&rsquo;acier 1.4913 X19CrMoNbVN11-1 est un acier de trempe et de revenu \u00e0 haute r\u00e9sistance qui convient aux applications \u00e0 haute temp\u00e9rature mais qui n&rsquo;est pas r\u00e9sistant \u00e0 la corrosion. Il fait partie de la gamme de mat\u00e9riaux adapt\u00e9s \u00e0 la production d&rsquo;\u00e9l\u00e9ments de fixation pour des applications allant de -200\u00b0 \u00e0 +700\u00b0C, d\u00e9finie par les normes ISO 267-13 et ISO EN 10269. L&rsquo;acier 1.4913 X19CrMoNbVN11-1 est notamment utilis\u00e9 pour des applications jusqu&rsquo;\u00e0 un maximum de 500 \u00b0C avec \u00e9videmment une baisse consid\u00e9rable des propri\u00e9t\u00e9s m\u00e9caniques (\u00e0 500 \u00b0C Rm = 335 MPa). Cet alliage est particuli\u00e8rement utilis\u00e9 pour les pi\u00e8ces de moteurs endothermiques, les pompes, les tuyauteries et les vannes.\n<h2><b>COMPOSITION CHIMIQUE 1.4913 X19CrMoNbVN11-1 :<\/b><\/h2>\n<table class=\"responsive-table\">\n<thead>\n<tr>\n<th>\u00c9l\u00e9ment<\/th>\n<th>Min<\/th>\n<th>Max<\/th>\n<\/tr>\n<\/thead>\n<tbody>\n<tr>\n<td data-label=\"Elemento\">C<\/td>\n<td data-label=\"Min\">0.17<\/td>\n<td data-label=\"Max\">0.23<\/td>\n<\/tr>\n<tr>\n<td data-label=\"Elemento\">Oui<\/td>\n<td data-label=\"Min\">0.40<\/td>\n<td data-label=\"Max\">0.50<\/td>\n<\/tr>\n<tr>\n<td data-label=\"Elemento\">Mn<\/td>\n<td data-label=\"Min\">&#8212;<\/td>\n<td data-label=\"Max\">0.90<\/td>\n<\/tr>\n<tr>\n<td data-label=\"Elemento\">P<\/td>\n<td data-label=\"Min\">&#8212;<\/td>\n<td data-label=\"Max\">0.025<\/td>\n<\/tr>\n<tr>\n<td data-label=\"Elemento\">S<\/td>\n<td data-label=\"Min\">&#8212;<\/td>\n<td data-label=\"Max\">0.015<\/td>\n<\/tr>\n<tr>\n<td data-label=\"Elemento\">Cr<\/td>\n<td data-label=\"Min\">1.00<\/td>\n<td data-label=\"Max\">1.15<\/td>\n<\/tr>\n<tr>\n<td data-label=\"Elemento\">Mo<\/td>\n<td data-label=\"Min\">0.50<\/td>\n<td data-label=\"Max\">0.80<\/td>\n<\/tr>\n<tr>\n<td data-label=\"Elemento\">Ni<\/td>\n<td data-label=\"Min\">0.20<\/td>\n<td data-label=\"Max\">0.60<\/td>\n<\/tr>\n<tr>\n<td data-label=\"Elemento\">V<\/td>\n<td data-label=\"Min\">0.10<\/td>\n<td data-label=\"Max\">0.30<\/td>\n<\/tr>\n<tr>\n<td data-label=\"Elemento\">Au total<\/td>\n<td data-label=\"Min\">0.025<\/td>\n<td data-label=\"Max\">0.020<\/td>\n<\/tr>\n<tr>\n<td data-label=\"Elemento\">B<\/td>\n<td data-label=\"Min\">0.005<\/td>\n<td data-label=\"Max\">0.0015<\/td>\n<\/tr>\n<tr>\n<td data-label=\"Elemento\">Nb<\/td>\n<td data-label=\"Min\">0.05<\/td>\n<td data-label=\"Max\">0.55<\/td>\n<\/tr>\n<tr>\n<td data-label=\"Elemento\">N<\/td>\n<td data-label=\"Min\">&#8212;<\/td>\n<td data-label=\"Max\">0.10<\/td>\n<\/tr>\n<\/tbody>\n<\/table>\n<h2><b>PROPRI\u00c9T\u00c9S M\u00c9CANIQUES 1.4913 X19CrMoNbVN11-1 :<\/b><\/h2>\n<table class=\"responsive-table\">\n<thead>\n<tr>\n<th>Mat\u00e9riau<\/th>\n<th>Ligue<\/th>\n<th>Rm (MPa)<\/th>\n<th>Rp 0,2 min (MPa)<\/th>\n<th>A% min<\/th>\n<th>Z% min<\/th>\n<th>Duret\u00e9<\/th>\n<th>Essai d&rsquo;impact min (KV) (J)<\/th>\n<\/tr>\n<\/thead>\n<tbody>\n<tr>\n<td data-label=\"Materiale\">1.4913 X19CrMoNbVN11-1 + QT<\/td>\n<td data-label=\"Lega\">1.4913<\/td>\n<td data-label=\"Rm (MPa)\">900-1050<\/td>\n<td data-label=\"Rp 0.2 min (MPa)\">750<\/td>\n<td data-label=\"A% min\">12<\/td>\n<td data-label=\"Z% min\">40<\/td>\n<td data-label=\"Durezza\">22 &#8211; 29 HRC<\/td>\n<td data-label=\"Impact test min (KV) (J)\">27J \u00e0 20\u00b0C<\/td>\n<\/tr>\n<\/tbody>\n<\/table>\n<h2><b>PROPRI\u00c9T\u00c9S PHYSIQUES 1.4913 X19CrMoNbVN11-1 :<\/b><\/h2>\n<ul>\n \t<li><strong>Poids sp\u00e9cifique \u00e0 20\u00b0C<\/strong>: 795 kg\/dm\u00b3<\/li>\n \t<li><strong>Module d&rsquo;\u00e9lasticit\u00e9 \u00e0 20\u00b0C<\/strong>: 199 000 N\/mm\u00b2.<\/li>\n<\/ul>\n<h2><b>CORRESPONDANCE ET SP\u00c9CIFICATIONS 1.4913 X19CrMoNbVN11-1 :<\/b><\/h2>\n<ul>\n \t<li>W. : 1.4913<\/li>\n \t<li>FR : 10269<\/li>\n \t<li>ISO : 267-13<\/li>\n \t<li>DIN : 2510<\/li>\n \t<li>DIN EN ISO : 898<\/li>\n \t<li>ISO : 3506<\/li>\n<\/ul>\n<strong>Densit\u00e9 de masse<\/strong>: g\/cm\u00b3 20\u00b0C &#8211; 7,9\n\n<strong>Module d&rsquo;\u00e9lasticit\u00e9<\/strong>: N\/mm2 20\u00b0C &#8211; 200 000\n\n<strong>Conductivit\u00e9 thermique<\/strong>: W\/m.K. (20\u00b0C) &#8211; 14,6\n\n<strong>Chaleur sp\u00e9cifique<\/strong>: J\/g.K. (20\u00b0C) &#8211; 500\n\n<strong>Coefficients de dilatation lin\u00e9aire<\/strong>: 20\u00b0 &#8211; 200\u00b0C &#8211; 16,5, 20\u00b0 &#8211; 400\u00b0C &#8211; 17,5, 20\u00b0 &#8211; 600\u00b0C &#8211; 18,5\n\n<strong>R\u00e9sistivit\u00e9 \u00e9lectrique<\/strong>: \u03a9 mm\u00b2\/m 20\u00b0C 0,73\n\n<strong>Il n&rsquo;est pas magn\u00e9tique.<\/strong>\n\n\t\t<div data-elementor-type=\"section\" data-elementor-id=\"2152\" class=\"elementor elementor-2152\" data-elementor-post-type=\"elementor_library\">\n\t\t\t<div class=\"elementor-element elementor-element-1a5312d e-flex e-con-boxed e-con e-parent\" data-id=\"1a5312d\" data-element_type=\"container\" data-e-type=\"container\">\n\t\t\t\t\t<div class=\"e-con-inner\">\n\t\t\t\t<div class=\"elementor-element elementor-element-703a4b7 elementor-widget elementor-widget-spacer\" data-id=\"703a4b7\" data-element_type=\"widget\" data-e-type=\"widget\" data-widget_type=\"spacer.default\">\n\t\t\t\t<div class=\"elementor-widget-container\">\n\t\t\t\t\t\t\t<div class=\"elementor-spacer\">\n\t\t\t<div class=\"elementor-spacer-inner\"><\/div>\n\t\t<\/div>\n\t\t\t\t\t\t<\/div>\n\t\t\t\t<\/div>\n\t\t\t\t\t<\/div>\n\t\t\t\t<\/div>\n\t\t\t\t<\/div>\n\t\t\t\t\t\t\t\t\t\t<\/div>\n\t\t\t\t<\/div>\n\t\t\t\t\t<\/div>\n\t\t\t\t<\/div>\n\t\t\t\t<\/div>\n\t\t","protected":false},"excerpt":{"rendered":"<p>1.4913 X19CrMoNbVN11-1 L&rsquo;acier 1.4913 X19CrMoNbVN11-1 est un acier de trempe et de revenu \u00e0 haute r\u00e9sistance qui convient aux applications \u00e0 haute temp\u00e9rature mais qui n&rsquo;est pas r\u00e9sistant \u00e0 la corrosion. Il fait partie de la gamme de mat\u00e9riaux adapt\u00e9s \u00e0 la production d&rsquo;\u00e9l\u00e9ments de fixation pour des applications allant de -200\u00b0 \u00e0 +700\u00b0C, d\u00e9finie [&hellip;]<\/p>\n","protected":false},"author":1,"featured_media":0,"parent":4505,"menu_order":0,"comment_status":"closed","ping_status":"closed","template":"","meta":{"footnotes":""},"class_list":["post-4516","page","type-page","status-publish","hentry"],"yoast_head":"<!-- This site is optimized with the Yoast SEO plugin v27.6 - https:\/\/yoast.com\/product\/yoast-seo-wordpress\/ -->\n<title>1.4913 X19CrMoNbVN11-1 - M.F. INOX<\/title>\n<meta name=\"robots\" content=\"index, follow, max-snippet:-1, max-image-preview:large, max-video-preview:-1\" \/>\n<link rel=\"canonical\" href=\"https:\/\/mfinox.com\/fr\/materiaux\/1-4913-x19crmonbvn11-1\/\" \/>\n<meta property=\"og:locale\" content=\"fr_FR\" \/>\n<meta property=\"og:type\" content=\"article\" \/>\n<meta property=\"og:title\" content=\"1.4913 X19CrMoNbVN11-1 - M.F. INOX\" \/>\n<meta property=\"og:description\" content=\"1.4913 X19CrMoNbVN11-1 L&rsquo;acier 1.4913 X19CrMoNbVN11-1 est un acier de trempe et de revenu \u00e0 haute r\u00e9sistance qui convient aux applications \u00e0 haute temp\u00e9rature mais qui n&rsquo;est pas r\u00e9sistant \u00e0 la corrosion. Il fait partie de la gamme de mat\u00e9riaux adapt\u00e9s \u00e0 la production d&rsquo;\u00e9l\u00e9ments de fixation pour des applications allant de -200\u00b0 \u00e0 +700\u00b0C, d\u00e9finie [&hellip;]\" \/>\n<meta property=\"og:url\" content=\"https:\/\/mfinox.com\/fr\/materiaux\/1-4913-x19crmonbvn11-1\/\" \/>\n<meta property=\"og:site_name\" content=\"M.F. INOX\" \/>\n<meta property=\"article:modified_time\" content=\"2024-07-16T13:49:26+00:00\" \/>\n<meta name=\"twitter:card\" content=\"summary_large_image\" \/>\n<meta name=\"twitter:label1\" content=\"Dur\u00e9e de lecture estim\u00e9e\" \/>\n\t<meta name=\"twitter:data1\" content=\"1 minute\" \/>\n<script type=\"application\/ld+json\" class=\"yoast-schema-graph\">{\"@context\":\"https:\\\/\\\/schema.org\",\"@graph\":[{\"@type\":\"WebPage\",\"@id\":\"https:\\\/\\\/mfinox.com\\\/fr\\\/materiaux\\\/1-4913-x19crmonbvn11-1\\\/\",\"url\":\"https:\\\/\\\/mfinox.com\\\/fr\\\/materiaux\\\/1-4913-x19crmonbvn11-1\\\/\",\"name\":\"1.4913 X19CrMoNbVN11-1 - M.F. INOX\",\"isPartOf\":{\"@id\":\"https:\\\/\\\/mfinox.com\\\/fr\\\/#website\"},\"datePublished\":\"2024-05-21T14:56:38+00:00\",\"dateModified\":\"2024-07-16T13:49:26+00:00\",\"breadcrumb\":{\"@id\":\"https:\\\/\\\/mfinox.com\\\/fr\\\/materiaux\\\/1-4913-x19crmonbvn11-1\\\/#breadcrumb\"},\"inLanguage\":\"fr-FR\",\"potentialAction\":[{\"@type\":\"ReadAction\",\"target\":[\"https:\\\/\\\/mfinox.com\\\/fr\\\/materiaux\\\/1-4913-x19crmonbvn11-1\\\/\"]}]},{\"@type\":\"BreadcrumbList\",\"@id\":\"https:\\\/\\\/mfinox.com\\\/fr\\\/materiaux\\\/1-4913-x19crmonbvn11-1\\\/#breadcrumb\",\"itemListElement\":[{\"@type\":\"ListItem\",\"position\":1,\"name\":\"Home\",\"item\":\"https:\\\/\\\/mfinox.com\\\/fr\\\/\"},{\"@type\":\"ListItem\",\"position\":2,\"name\":\"Mat\u00e9riaux\",\"item\":\"https:\\\/\\\/mfinox.com\\\/fr\\\/materiaux\\\/\"},{\"@type\":\"ListItem\",\"position\":3,\"name\":\"1.4913 X19CrMoNbVN11-1\"}]},{\"@type\":\"WebSite\",\"@id\":\"https:\\\/\\\/mfinox.com\\\/fr\\\/#website\",\"url\":\"https:\\\/\\\/mfinox.com\\\/fr\\\/\",\"name\":\"M.F. INOX\",\"description\":\"\",\"publisher\":{\"@id\":\"https:\\\/\\\/mfinox.com\\\/fr\\\/#organization\"},\"potentialAction\":[{\"@type\":\"SearchAction\",\"target\":{\"@type\":\"EntryPoint\",\"urlTemplate\":\"https:\\\/\\\/mfinox.com\\\/fr\\\/?s={search_term_string}\"},\"query-input\":{\"@type\":\"PropertyValueSpecification\",\"valueRequired\":true,\"valueName\":\"search_term_string\"}}],\"inLanguage\":\"fr-FR\"},{\"@type\":\"Organization\",\"@id\":\"https:\\\/\\\/mfinox.com\\\/fr\\\/#organization\",\"name\":\"M.F. INOX\",\"url\":\"https:\\\/\\\/mfinox.com\\\/fr\\\/\",\"logo\":{\"@type\":\"ImageObject\",\"inLanguage\":\"fr-FR\",\"@id\":\"https:\\\/\\\/mfinox.com\\\/fr\\\/#\\\/schema\\\/logo\\\/image\\\/\",\"url\":\"https:\\\/\\\/mfinox.com\\\/wp-content\\\/uploads\\\/2024\\\/05\\\/mf-inox_logo_neg.png\",\"contentUrl\":\"https:\\\/\\\/mfinox.com\\\/wp-content\\\/uploads\\\/2024\\\/05\\\/mf-inox_logo_neg.png\",\"width\":1949,\"height\":662,\"caption\":\"M.F. INOX\"},\"image\":{\"@id\":\"https:\\\/\\\/mfinox.com\\\/fr\\\/#\\\/schema\\\/logo\\\/image\\\/\"}}]}<\/script>\n<!-- \/ Yoast SEO plugin. -->","yoast_head_json":{"title":"1.4913 X19CrMoNbVN11-1 - M.F. INOX","robots":{"index":"index","follow":"follow","max-snippet":"max-snippet:-1","max-image-preview":"max-image-preview:large","max-video-preview":"max-video-preview:-1"},"canonical":"https:\/\/mfinox.com\/fr\/materiaux\/1-4913-x19crmonbvn11-1\/","og_locale":"fr_FR","og_type":"article","og_title":"1.4913 X19CrMoNbVN11-1 - M.F. INOX","og_description":"1.4913 X19CrMoNbVN11-1 L&rsquo;acier 1.4913 X19CrMoNbVN11-1 est un acier de trempe et de revenu \u00e0 haute r\u00e9sistance qui convient aux applications \u00e0 haute temp\u00e9rature mais qui n&rsquo;est pas r\u00e9sistant \u00e0 la corrosion. Il fait partie de la gamme de mat\u00e9riaux adapt\u00e9s \u00e0 la production d&rsquo;\u00e9l\u00e9ments de fixation pour des applications allant de -200\u00b0 \u00e0 +700\u00b0C, d\u00e9finie [&hellip;]","og_url":"https:\/\/mfinox.com\/fr\/materiaux\/1-4913-x19crmonbvn11-1\/","og_site_name":"M.F. INOX","article_modified_time":"2024-07-16T13:49:26+00:00","twitter_card":"summary_large_image","twitter_misc":{"Dur\u00e9e de lecture estim\u00e9e":"1 minute"},"schema":{"@context":"https:\/\/schema.org","@graph":[{"@type":"WebPage","@id":"https:\/\/mfinox.com\/fr\/materiaux\/1-4913-x19crmonbvn11-1\/","url":"https:\/\/mfinox.com\/fr\/materiaux\/1-4913-x19crmonbvn11-1\/","name":"1.4913 X19CrMoNbVN11-1 - M.F. INOX","isPartOf":{"@id":"https:\/\/mfinox.com\/fr\/#website"},"datePublished":"2024-05-21T14:56:38+00:00","dateModified":"2024-07-16T13:49:26+00:00","breadcrumb":{"@id":"https:\/\/mfinox.com\/fr\/materiaux\/1-4913-x19crmonbvn11-1\/#breadcrumb"},"inLanguage":"fr-FR","potentialAction":[{"@type":"ReadAction","target":["https:\/\/mfinox.com\/fr\/materiaux\/1-4913-x19crmonbvn11-1\/"]}]},{"@type":"BreadcrumbList","@id":"https:\/\/mfinox.com\/fr\/materiaux\/1-4913-x19crmonbvn11-1\/#breadcrumb","itemListElement":[{"@type":"ListItem","position":1,"name":"Home","item":"https:\/\/mfinox.com\/fr\/"},{"@type":"ListItem","position":2,"name":"Mat\u00e9riaux","item":"https:\/\/mfinox.com\/fr\/materiaux\/"},{"@type":"ListItem","position":3,"name":"1.4913 X19CrMoNbVN11-1"}]},{"@type":"WebSite","@id":"https:\/\/mfinox.com\/fr\/#website","url":"https:\/\/mfinox.com\/fr\/","name":"M.F. INOX","description":"","publisher":{"@id":"https:\/\/mfinox.com\/fr\/#organization"},"potentialAction":[{"@type":"SearchAction","target":{"@type":"EntryPoint","urlTemplate":"https:\/\/mfinox.com\/fr\/?s={search_term_string}"},"query-input":{"@type":"PropertyValueSpecification","valueRequired":true,"valueName":"search_term_string"}}],"inLanguage":"fr-FR"},{"@type":"Organization","@id":"https:\/\/mfinox.com\/fr\/#organization","name":"M.F. INOX","url":"https:\/\/mfinox.com\/fr\/","logo":{"@type":"ImageObject","inLanguage":"fr-FR","@id":"https:\/\/mfinox.com\/fr\/#\/schema\/logo\/image\/","url":"https:\/\/mfinox.com\/wp-content\/uploads\/2024\/05\/mf-inox_logo_neg.png","contentUrl":"https:\/\/mfinox.com\/wp-content\/uploads\/2024\/05\/mf-inox_logo_neg.png","width":1949,"height":662,"caption":"M.F. INOX"},"image":{"@id":"https:\/\/mfinox.com\/fr\/#\/schema\/logo\/image\/"}}]}},"_links":{"self":[{"href":"https:\/\/mfinox.com\/fr\/wp-json\/wp\/v2\/pages\/4516","targetHints":{"allow":["GET"]}}],"collection":[{"href":"https:\/\/mfinox.com\/fr\/wp-json\/wp\/v2\/pages"}],"about":[{"href":"https:\/\/mfinox.com\/fr\/wp-json\/wp\/v2\/types\/page"}],"author":[{"embeddable":true,"href":"https:\/\/mfinox.com\/fr\/wp-json\/wp\/v2\/users\/1"}],"replies":[{"embeddable":true,"href":"https:\/\/mfinox.com\/fr\/wp-json\/wp\/v2\/comments?post=4516"}],"version-history":[{"count":0,"href":"https:\/\/mfinox.com\/fr\/wp-json\/wp\/v2\/pages\/4516\/revisions"}],"up":[{"embeddable":true,"href":"https:\/\/mfinox.com\/fr\/wp-json\/wp\/v2\/pages\/4505"}],"wp:attachment":[{"href":"https:\/\/mfinox.com\/fr\/wp-json\/wp\/v2\/media?parent=4516"}],"curies":[{"name":"wp","href":"https:\/\/api.w.org\/{rel}","templated":true}]}}