{"id":7350,"date":"2024-05-27T09:19:23","date_gmt":"2024-05-27T07:19:23","guid":{"rendered":"https:\/\/mfinox.com\/materiales\/acero-inoxidable-aisi-904l-uns-n08904-w-1-4539-3\/"},"modified":"2025-01-18T10:47:03","modified_gmt":"2025-01-18T08:47:03","slug":"acero-inoxidable-aisi-904l-uns-n08904-w-1-4539-3","status":"publish","type":"page","link":"https:\/\/mfinox.com\/es\/materiales\/acero-inoxidable-aisi-904l-uns-n08904-w-1-4539-3\/","title":{"rendered":"ACERO INOXIDABLE AISI 904L UNS N08904 W 1.4539"},"content":{"rendered":"\t\t<div data-elementor-type=\"wp-page\" data-elementor-id=\"7350\" class=\"elementor elementor-7350 elementor-1720\" data-elementor-post-type=\"page\">\n\t\t\t\t<div class=\"elementor-element elementor-element-789ab53b e-flex e-con-boxed e-con e-parent\" data-id=\"789ab53b\" data-element_type=\"container\" data-e-type=\"container\" data-settings=\"{&quot;background_background&quot;:&quot;classic&quot;}\">\n\t\t\t\t\t<div class=\"e-con-inner\">\n\t\t\t\t<div class=\"elementor-element elementor-element-4018035f titolo-materiali elementor-invisible elementor-widget elementor-widget-heading\" data-id=\"4018035f\" data-element_type=\"widget\" data-e-type=\"widget\" data-settings=\"{&quot;_animation&quot;:&quot;fadeIn&quot;}\" data-widget_type=\"heading.default\">\n\t\t\t\t<div class=\"elementor-widget-container\">\n\t\t\t\t\t<h1 class=\"elementor-heading-title elementor-size-default\">AISI 904L UNS N08904 W 1.4539<\/h1>\t\t\t\t<\/div>\n\t\t\t\t<\/div>\n\t\t\t\t<div class=\"elementor-element elementor-element-c9f6689 elementor-invisible elementor-widget elementor-widget-shortcode\" data-id=\"c9f6689\" data-element_type=\"widget\" data-e-type=\"widget\" data-settings=\"{&quot;_animation&quot;:&quot;fadeIn&quot;}\" data-widget_type=\"shortcode.default\">\n\t\t\t\t<div class=\"elementor-widget-container\">\n\t\t\t\t\t\t\t<div class=\"elementor-shortcode\"><nav aria-label=\"breadcrumb\"><div class=\"breadcrumb\"><span class=\"breadcrumb-item\"><a href=\"https:\/\/mfinox.com\/es\/\" style=\"color: #F3912E;\">Home<\/a><\/span><\/div><\/nav><\/div>\n\t\t\t\t\t\t<\/div>\n\t\t\t\t<\/div>\n\t\t\t\t\t<\/div>\n\t\t\t\t<\/div>\n\t\t<div class=\"elementor-element elementor-element-ce5cb13 e-flex e-con-boxed elementor-invisible e-con e-parent\" data-id=\"ce5cb13\" data-element_type=\"container\" data-e-type=\"container\" data-settings=\"{&quot;animation&quot;:&quot;fadeInUp&quot;}\">\n\t\t\t\t\t<div class=\"e-con-inner\">\n\t\t\t\t<div class=\"elementor-element elementor-element-24970e7d elementor-widget elementor-widget-text-editor\" data-id=\"24970e7d\" data-element_type=\"widget\" data-e-type=\"widget\" data-widget_type=\"text-editor.default\">\n\t\t\t\t<div class=\"elementor-widget-container\">\n\t\t\t\t\t\t\t\t\tEl acero inoxidable superausten\u00edtico AISI 904L UNS N08904 W 1.4539 es similar al 316L pero con la adici\u00f3n de molibdeno, que proporciona una resistencia superior a los ataques de corrosi\u00f3n localizada (corrosi\u00f3n por picaduras y grietas).\n\nCon un valor PREN de 35, es una de las soluciones m\u00e1s adecuadas para aplicaciones en agua de mar caliente y otros entornos con alto contenido en cloruros. El alto contenido de n\u00edquel da como resultado una mejor resistencia a la corrosi\u00f3n bajo tensi\u00f3n que los grados austen\u00edticos est\u00e1ndar. El cobre de la aleaci\u00f3n a\u00f1ade resistencia al \u00e1cido sulf\u00farico y a otros \u00e1cidos reductores, sobre todo en la gama muy agresiva de \u00abconcentraci\u00f3n media\u00bb. En la mayor\u00eda de los entornos, el acero AISI 904L UNS N08904 W 1.4539 tiene un comportamiento frente a la corrosi\u00f3n intermedio entre el grado austen\u00edtico est\u00e1ndar 316L y los grados ricos en molibdeno (alrededor del 6%) o superausten\u00edticos.\n\nEl acero AISI 904L UNS N08904 W 1.4539 no debe utilizarse a temperaturas superiores a unos 550\u00b0C.\n\nEncuentra aplicaci\u00f3n en sistemas de tuber\u00edas equipos de control de la contaminaci\u00f3n intercambiadores de calor y sistemas de blanqueo.\n<h2><b>COMPOSICI\u00d3N QU\u00cdMICA AISI 904L UNS N08904 W 1.4539<\/b><\/h2>\n<table class=\"responsive-table\">\n<tbody>\n<tr>\n<th>Elemento<\/th>\n<th>M\u00edn<\/th>\n<th>M\u00e1x<\/th>\n<\/tr>\n<tr>\n<td>C<\/td>\n<td><\/td>\n<td>0.02<\/td>\n<\/tr>\n<tr>\n<td>S<\/td>\n<td><\/td>\n<td>0.035<\/td>\n<\/tr>\n<tr>\n<td>P<\/td>\n<td><\/td>\n<td>0.045<\/td>\n<\/tr>\n<tr>\n<td>S\u00ed<\/td>\n<td><\/td>\n<td>1.00<\/td>\n<\/tr>\n<tr>\n<td>Mn<\/td>\n<td><\/td>\n<td>2.00<\/td>\n<\/tr>\n<tr>\n<td>Cr<\/td>\n<td>19.00<\/td>\n<td>23.00<\/td>\n<\/tr>\n<tr>\n<td>Ni<\/td>\n<td>23.00<\/td>\n<td>28.00<\/td>\n<\/tr>\n<tr>\n<td>Mo<\/td>\n<td>4.00<\/td>\n<td>5.00<\/td>\n<\/tr>\n<tr>\n<td>Cu<\/td>\n<td>1.00<\/td>\n<td>2.00<\/td>\n<\/tr>\n<\/tbody>\n<\/table>\n<h2><b>PROPIEDADES MEC\u00c1NICAS AISI 904L UNS N08904 W 1.4539<\/b><\/h2>\n<table class=\"responsive-table\">\n<tbody>\n<tr>\n<th>Material<\/th>\n<th>Liga<\/th>\n<th>Rm min (MPa)<\/th>\n<th>Rp 0,2 min (MPa)<\/th>\n<th>A% min<\/th>\n<th>Dureza min<\/th>\n<\/tr>\n<tr>\n<td>AISI 904L UNS N08904<\/td>\n<td>1.4539<\/td>\n<td>530<\/td>\n<td>230<\/td>\n<td>35<\/td>\n<td>230<\/td>\n<\/tr>\n<\/tbody>\n<\/table>\n<h2><b>PROPIEDADES F\u00cdSICAS AISI 904L UNS N08904 W 1.4539<\/b><\/h2>\n<ul>\n \t<li>Peso espec\u00edfico: Kg\/cm3 20\u00b0C &#8211; 80 Kg\/dm3<\/li>\n \t<li>M\u00f3dulo de elasticidad: N\/mm2 20\u00b0C &#8211; 195.000<\/li>\n \t<li>Conductividad t\u00e9rmica: W\/m.K. (20\u00b0C) &#8211; 12<\/li>\n \t<li>Calor espec\u00edfico: J\/g.K. (20\u00b0C) &#8211; 450<\/li>\n \t<li>Coeficientes de dilataci\u00f3n lineal: 20\u00b0 &#8211; 200\u00b0C &#8211; 161, 20\u00b0 &#8211; 400\u00b0C &#8211; 169, 20\u00b0 &#8211; 600\u00b0C &#8211; 175<\/li>\n \t<li>Resistividad el\u00e9ctrica: \u03a9 mm2\/m 20\u00b0C 100<\/li>\n \t<li>Amagn\u00e9tico<\/li>\n<\/ul>\n<h2><b>ESPECIFICACIONES Y DESIGNACIONES<\/b><\/h2>\n<ul>\n \t<li>W.: 1.4539<\/li>\n \t<li>UNS: UNS N08904<\/li>\n \t<li>Sueco: 2526<\/li>\n \t<li>Marca: URANUS\u00ae B6<\/li>\n \t<li>AISI: 904L<\/li>\n<\/ul>\n\t\t<div data-elementor-type=\"section\" data-elementor-id=\"2152\" class=\"elementor elementor-2152\" data-elementor-post-type=\"elementor_library\">\n\t\t\t<div class=\"elementor-element elementor-element-1a5312d e-flex e-con-boxed e-con e-parent\" data-id=\"1a5312d\" data-element_type=\"container\" data-e-type=\"container\">\n\t\t\t\t\t<div class=\"e-con-inner\">\n\t\t\t\t<div class=\"elementor-element elementor-element-703a4b7 elementor-widget elementor-widget-spacer\" data-id=\"703a4b7\" data-element_type=\"widget\" data-e-type=\"widget\" data-widget_type=\"spacer.default\">\n\t\t\t\t<div class=\"elementor-widget-container\">\n\t\t\t\t\t\t\t<div class=\"elementor-spacer\">\n\t\t\t<div class=\"elementor-spacer-inner\"><\/div>\n\t\t<\/div>\n\t\t\t\t\t\t<\/div>\n\t\t\t\t<\/div>\n\t\t\t\t\t<\/div>\n\t\t\t\t<\/div>\n\t\t\t\t<\/div>\n\t\t\t\t\t\t\t\t\t\t<\/div>\n\t\t\t\t<\/div>\n\t\t\t\t\t<\/div>\n\t\t\t\t<\/div>\n\t\t\t\t<\/div>\n\t\t","protected":false},"excerpt":{"rendered":"<p>AISI 904L UNS N08904 W 1.4539 El acero inoxidable superausten\u00edtico AISI 904L UNS N08904 W 1.4539 es similar al 316L pero con la adici\u00f3n de molibdeno, que proporciona una resistencia superior a los ataques de corrosi\u00f3n localizada (corrosi\u00f3n por picaduras y grietas). Con un valor PREN de 35, es una de las soluciones m\u00e1s adecuadas [&hellip;]<\/p>\n","protected":false},"author":1,"featured_media":0,"parent":4513,"menu_order":0,"comment_status":"closed","ping_status":"closed","template":"","meta":{"footnotes":""},"class_list":["post-7350","page","type-page","status-publish","hentry"],"yoast_head":"<!-- This site is optimized with the Yoast SEO plugin v27.4 - https:\/\/yoast.com\/product\/yoast-seo-wordpress\/ -->\n<title>ACERO INOXIDABLE AISI 904L UNS N08904 W 1.4539 - M.F. INOX<\/title>\n<meta name=\"robots\" content=\"index, follow, max-snippet:-1, max-image-preview:large, max-video-preview:-1\" \/>\n<link rel=\"canonical\" href=\"https:\/\/mfinox.com\/es\/materiales\/acero-inoxidable-aisi-904l-uns-n08904-w-1-4539-3\/\" \/>\n<meta property=\"og:locale\" content=\"es_ES\" \/>\n<meta property=\"og:type\" content=\"article\" \/>\n<meta property=\"og:title\" content=\"ACERO INOXIDABLE AISI 904L UNS N08904 W 1.4539 - M.F. INOX\" \/>\n<meta property=\"og:description\" content=\"AISI 904L UNS N08904 W 1.4539 El acero inoxidable superausten\u00edtico AISI 904L UNS N08904 W 1.4539 es similar al 316L pero con la adici\u00f3n de molibdeno, que proporciona una resistencia superior a los ataques de corrosi\u00f3n localizada (corrosi\u00f3n por picaduras y grietas). Con un valor PREN de 35, es una de las soluciones m\u00e1s adecuadas [&hellip;]\" \/>\n<meta property=\"og:url\" content=\"https:\/\/mfinox.com\/es\/materiales\/acero-inoxidable-aisi-904l-uns-n08904-w-1-4539-3\/\" \/>\n<meta property=\"og:site_name\" content=\"M.F. INOX\" \/>\n<meta property=\"article:modified_time\" content=\"2025-01-18T08:47:03+00:00\" \/>\n<meta name=\"twitter:card\" content=\"summary_large_image\" \/>\n<meta name=\"twitter:label1\" content=\"Tiempo de lectura\" \/>\n\t<meta name=\"twitter:data1\" content=\"2 minutos\" \/>\n<script type=\"application\/ld+json\" class=\"yoast-schema-graph\">{\"@context\":\"https:\\\/\\\/schema.org\",\"@graph\":[{\"@type\":\"WebPage\",\"@id\":\"https:\\\/\\\/mfinox.com\\\/es\\\/materiales\\\/acero-inoxidable-aisi-904l-uns-n08904-w-1-4539-3\\\/\",\"url\":\"https:\\\/\\\/mfinox.com\\\/es\\\/materiales\\\/acero-inoxidable-aisi-904l-uns-n08904-w-1-4539-3\\\/\",\"name\":\"ACERO INOXIDABLE AISI 904L UNS N08904 W 1.4539 - M.F. INOX\",\"isPartOf\":{\"@id\":\"https:\\\/\\\/mfinox.com\\\/es\\\/#website\"},\"datePublished\":\"2024-05-27T07:19:23+00:00\",\"dateModified\":\"2025-01-18T08:47:03+00:00\",\"breadcrumb\":{\"@id\":\"https:\\\/\\\/mfinox.com\\\/es\\\/materiales\\\/acero-inoxidable-aisi-904l-uns-n08904-w-1-4539-3\\\/#breadcrumb\"},\"inLanguage\":\"es\",\"potentialAction\":[{\"@type\":\"ReadAction\",\"target\":[\"https:\\\/\\\/mfinox.com\\\/es\\\/materiales\\\/acero-inoxidable-aisi-904l-uns-n08904-w-1-4539-3\\\/\"]}]},{\"@type\":\"BreadcrumbList\",\"@id\":\"https:\\\/\\\/mfinox.com\\\/es\\\/materiales\\\/acero-inoxidable-aisi-904l-uns-n08904-w-1-4539-3\\\/#breadcrumb\",\"itemListElement\":[{\"@type\":\"ListItem\",\"position\":1,\"name\":\"Home\",\"item\":\"https:\\\/\\\/mfinox.com\\\/es\\\/\"},{\"@type\":\"ListItem\",\"position\":2,\"name\":\"Materiales\",\"item\":\"https:\\\/\\\/mfinox.com\\\/es\\\/materiales\\\/\"},{\"@type\":\"ListItem\",\"position\":3,\"name\":\"ACERO INOXIDABLE AISI 904L UNS N08904 W 1.4539\"}]},{\"@type\":\"WebSite\",\"@id\":\"https:\\\/\\\/mfinox.com\\\/es\\\/#website\",\"url\":\"https:\\\/\\\/mfinox.com\\\/es\\\/\",\"name\":\"M.F. INOX\",\"description\":\"\",\"publisher\":{\"@id\":\"https:\\\/\\\/mfinox.com\\\/es\\\/#organization\"},\"potentialAction\":[{\"@type\":\"SearchAction\",\"target\":{\"@type\":\"EntryPoint\",\"urlTemplate\":\"https:\\\/\\\/mfinox.com\\\/es\\\/?s={search_term_string}\"},\"query-input\":{\"@type\":\"PropertyValueSpecification\",\"valueRequired\":true,\"valueName\":\"search_term_string\"}}],\"inLanguage\":\"es\"},{\"@type\":\"Organization\",\"@id\":\"https:\\\/\\\/mfinox.com\\\/es\\\/#organization\",\"name\":\"M.F. INOX\",\"url\":\"https:\\\/\\\/mfinox.com\\\/es\\\/\",\"logo\":{\"@type\":\"ImageObject\",\"inLanguage\":\"es\",\"@id\":\"https:\\\/\\\/mfinox.com\\\/es\\\/#\\\/schema\\\/logo\\\/image\\\/\",\"url\":\"https:\\\/\\\/mfinox.com\\\/wp-content\\\/uploads\\\/2024\\\/05\\\/mf-inox_logo_neg.png\",\"contentUrl\":\"https:\\\/\\\/mfinox.com\\\/wp-content\\\/uploads\\\/2024\\\/05\\\/mf-inox_logo_neg.png\",\"width\":1949,\"height\":662,\"caption\":\"M.F. INOX\"},\"image\":{\"@id\":\"https:\\\/\\\/mfinox.com\\\/es\\\/#\\\/schema\\\/logo\\\/image\\\/\"}}]}<\/script>\n<!-- \/ Yoast SEO plugin. -->","yoast_head_json":{"title":"ACERO INOXIDABLE AISI 904L UNS N08904 W 1.4539 - M.F. INOX","robots":{"index":"index","follow":"follow","max-snippet":"max-snippet:-1","max-image-preview":"max-image-preview:large","max-video-preview":"max-video-preview:-1"},"canonical":"https:\/\/mfinox.com\/es\/materiales\/acero-inoxidable-aisi-904l-uns-n08904-w-1-4539-3\/","og_locale":"es_ES","og_type":"article","og_title":"ACERO INOXIDABLE AISI 904L UNS N08904 W 1.4539 - M.F. INOX","og_description":"AISI 904L UNS N08904 W 1.4539 El acero inoxidable superausten\u00edtico AISI 904L UNS N08904 W 1.4539 es similar al 316L pero con la adici\u00f3n de molibdeno, que proporciona una resistencia superior a los ataques de corrosi\u00f3n localizada (corrosi\u00f3n por picaduras y grietas). Con un valor PREN de 35, es una de las soluciones m\u00e1s adecuadas [&hellip;]","og_url":"https:\/\/mfinox.com\/es\/materiales\/acero-inoxidable-aisi-904l-uns-n08904-w-1-4539-3\/","og_site_name":"M.F. INOX","article_modified_time":"2025-01-18T08:47:03+00:00","twitter_card":"summary_large_image","twitter_misc":{"Tiempo de lectura":"2 minutos"},"schema":{"@context":"https:\/\/schema.org","@graph":[{"@type":"WebPage","@id":"https:\/\/mfinox.com\/es\/materiales\/acero-inoxidable-aisi-904l-uns-n08904-w-1-4539-3\/","url":"https:\/\/mfinox.com\/es\/materiales\/acero-inoxidable-aisi-904l-uns-n08904-w-1-4539-3\/","name":"ACERO INOXIDABLE AISI 904L UNS N08904 W 1.4539 - M.F. INOX","isPartOf":{"@id":"https:\/\/mfinox.com\/es\/#website"},"datePublished":"2024-05-27T07:19:23+00:00","dateModified":"2025-01-18T08:47:03+00:00","breadcrumb":{"@id":"https:\/\/mfinox.com\/es\/materiales\/acero-inoxidable-aisi-904l-uns-n08904-w-1-4539-3\/#breadcrumb"},"inLanguage":"es","potentialAction":[{"@type":"ReadAction","target":["https:\/\/mfinox.com\/es\/materiales\/acero-inoxidable-aisi-904l-uns-n08904-w-1-4539-3\/"]}]},{"@type":"BreadcrumbList","@id":"https:\/\/mfinox.com\/es\/materiales\/acero-inoxidable-aisi-904l-uns-n08904-w-1-4539-3\/#breadcrumb","itemListElement":[{"@type":"ListItem","position":1,"name":"Home","item":"https:\/\/mfinox.com\/es\/"},{"@type":"ListItem","position":2,"name":"Materiales","item":"https:\/\/mfinox.com\/es\/materiales\/"},{"@type":"ListItem","position":3,"name":"ACERO INOXIDABLE AISI 904L UNS N08904 W 1.4539"}]},{"@type":"WebSite","@id":"https:\/\/mfinox.com\/es\/#website","url":"https:\/\/mfinox.com\/es\/","name":"M.F. INOX","description":"","publisher":{"@id":"https:\/\/mfinox.com\/es\/#organization"},"potentialAction":[{"@type":"SearchAction","target":{"@type":"EntryPoint","urlTemplate":"https:\/\/mfinox.com\/es\/?s={search_term_string}"},"query-input":{"@type":"PropertyValueSpecification","valueRequired":true,"valueName":"search_term_string"}}],"inLanguage":"es"},{"@type":"Organization","@id":"https:\/\/mfinox.com\/es\/#organization","name":"M.F. INOX","url":"https:\/\/mfinox.com\/es\/","logo":{"@type":"ImageObject","inLanguage":"es","@id":"https:\/\/mfinox.com\/es\/#\/schema\/logo\/image\/","url":"https:\/\/mfinox.com\/wp-content\/uploads\/2024\/05\/mf-inox_logo_neg.png","contentUrl":"https:\/\/mfinox.com\/wp-content\/uploads\/2024\/05\/mf-inox_logo_neg.png","width":1949,"height":662,"caption":"M.F. INOX"},"image":{"@id":"https:\/\/mfinox.com\/es\/#\/schema\/logo\/image\/"}}]}},"_links":{"self":[{"href":"https:\/\/mfinox.com\/es\/wp-json\/wp\/v2\/pages\/7350","targetHints":{"allow":["GET"]}}],"collection":[{"href":"https:\/\/mfinox.com\/es\/wp-json\/wp\/v2\/pages"}],"about":[{"href":"https:\/\/mfinox.com\/es\/wp-json\/wp\/v2\/types\/page"}],"author":[{"embeddable":true,"href":"https:\/\/mfinox.com\/es\/wp-json\/wp\/v2\/users\/1"}],"replies":[{"embeddable":true,"href":"https:\/\/mfinox.com\/es\/wp-json\/wp\/v2\/comments?post=7350"}],"version-history":[{"count":0,"href":"https:\/\/mfinox.com\/es\/wp-json\/wp\/v2\/pages\/7350\/revisions"}],"up":[{"embeddable":true,"href":"https:\/\/mfinox.com\/es\/wp-json\/wp\/v2\/pages\/4513"}],"wp:attachment":[{"href":"https:\/\/mfinox.com\/es\/wp-json\/wp\/v2\/media?parent=7350"}],"curies":[{"name":"wp","href":"https:\/\/api.w.org\/{rel}","templated":true}]}}