{"id":7012,"date":"2024-12-05T20:11:38","date_gmt":"2024-12-05T18:11:38","guid":{"rendered":"https:\/\/mfinox.com\/materiales\/aleacion-20-werkstoff-2-4660-uns-n08020\/"},"modified":"2025-01-08T19:43:52","modified_gmt":"2025-01-08T17:43:52","slug":"aleacion-20-werkstoff-2-4660-uns-n08020","status":"publish","type":"page","link":"https:\/\/mfinox.com\/es\/materiales\/aleacion-20-werkstoff-2-4660-uns-n08020\/","title":{"rendered":"ALEACI\u00d3N 20 &#8211; Werkstoff 2.4660 UNS N08020"},"content":{"rendered":"\t\t<div data-elementor-type=\"wp-page\" data-elementor-id=\"7012\" class=\"elementor elementor-7012 elementor-7003\" data-elementor-post-type=\"page\">\n\t\t\t\t<div class=\"elementor-element elementor-element-2fb62f52 e-flex e-con-boxed e-con e-parent\" data-id=\"2fb62f52\" data-element_type=\"container\" data-e-type=\"container\" data-settings=\"{&quot;background_background&quot;:&quot;classic&quot;}\">\n\t\t\t\t\t<div class=\"e-con-inner\">\n\t\t\t\t<div class=\"elementor-element elementor-element-39c0a83c titolo-materiali elementor-invisible elementor-widget elementor-widget-heading\" data-id=\"39c0a83c\" data-element_type=\"widget\" data-e-type=\"widget\" data-settings=\"{&quot;_animation&quot;:&quot;fadeIn&quot;}\" data-widget_type=\"heading.default\">\n\t\t\t\t<div class=\"elementor-widget-container\">\n\t\t\t\t\t<h1 class=\"elementor-heading-title elementor-size-default\">ALEACI\u00d3N 20 - Werkstoff 2.4660 UNS N08020<\/h1>\t\t\t\t<\/div>\n\t\t\t\t<\/div>\n\t\t\t\t<div class=\"elementor-element elementor-element-1106be2 elementor-invisible elementor-widget elementor-widget-shortcode\" data-id=\"1106be2\" data-element_type=\"widget\" data-e-type=\"widget\" data-settings=\"{&quot;_animation&quot;:&quot;fadeIn&quot;}\" data-widget_type=\"shortcode.default\">\n\t\t\t\t<div class=\"elementor-widget-container\">\n\t\t\t\t\t\t\t<div class=\"elementor-shortcode\"><nav aria-label=\"breadcrumb\"><div class=\"breadcrumb\"><span class=\"breadcrumb-item\"><a href=\"https:\/\/mfinox.com\/es\/\" style=\"color: #F3912E;\">Home<\/a><\/span><\/div><\/nav><\/div>\n\t\t\t\t\t\t<\/div>\n\t\t\t\t<\/div>\n\t\t\t\t\t<\/div>\n\t\t\t\t<\/div>\n\t\t<div class=\"elementor-element elementor-element-5f7a4416 e-flex e-con-boxed elementor-invisible e-con e-parent\" data-id=\"5f7a4416\" data-element_type=\"container\" data-e-type=\"container\" data-settings=\"{&quot;animation&quot;:&quot;fadeInUp&quot;}\">\n\t\t\t\t\t<div class=\"e-con-inner\">\n\t\t\t\t<div class=\"elementor-element elementor-element-3f138894 elementor-widget elementor-widget-text-editor\" data-id=\"3f138894\" data-element_type=\"widget\" data-e-type=\"widget\" data-widget_type=\"text-editor.default\">\n\t\t\t\t<div class=\"elementor-widget-container\">\n\t\t\t\t\t\t\t\t\t<p>La ALEACI\u00d3N 20, werkstoff 2.4660 UNS N08020, es una superaleaci\u00f3n austen\u00edtica desarrollada para ofrecer una excepcional resistencia a la corrosi\u00f3n, sobre todo en ambientes \u00e1cidos. Esta aleaci\u00f3n se compone principalmente de n\u00edquel, hierro y cromo, a los que se a\u00f1aden cobre y molibdeno para mejorar a\u00fan m\u00e1s su resistencia a la corrosi\u00f3n y a las picaduras. <\/p>\n\n    <p>En el \u00e1mbito de la producci\u00f3n de elementos de fijaci\u00f3n, el uso de la ALEACI\u00d3N 20, werkstoff 2.4660 UNS N08020 es muy ventajoso en aplicaciones en las que la corrosi\u00f3n podr\u00eda comprometer la integridad y durabilidad del elemento de fijaci\u00f3n. La aleaci\u00f3n es especialmente eficaz contra el \u00e1cido sulf\u00farico, el \u00e1cido fosf\u00f3rico y otros entornos qu\u00edmicamente agresivos, lo que la hace ideal para sectores como la industria qu\u00edmica, petroqu\u00edmica, farmac\u00e9utica y alimentaria. <\/p>\n\n    <h2>Composici\u00f3n qu\u00edmica<\/h2>\n    <table>\n\n<th><\/th><td>Ni<\/td><td>Cr<\/td><td>Fe<\/td><td>Mo<\/td><td>C<\/td><td>Mn<\/td><td>S<\/td><td>S\u00ed<\/td><td>P<\/td><td>Cu<\/td><td>Nb<\/td>\n\n<tr><td>Min<\/td><td>32.50<\/td><td>19,00<\/td><td><\/td><td>2.00<\/td><td>&#8212;<\/td><td>&#8212;<\/td><td>&#8212;<\/td><td>&#8212;<\/td><td>&#8212;<\/td><td>3.00<\/td><td>8xC<\/td><\/tr>\n\n<tr><td>Max<\/td><td>38.00<\/td><td>21,00<\/td><td>bal<\/td><td>3.00<\/td><td>0,07<\/td><td>2,00<\/td><td>0,035<\/td><td>1,00<\/td><td>0,045<\/td><td>4.00<\/td><td>1.00<\/td><\/tr>\n\n<\/table>\n\n    <h2>Propiedades mec\u00e1nicas<\/h2>\n    <table>\n        <tr>\n            <th>Material<\/th>\n            <th>Liga<\/th>\n            <th>Rm min (MPa)<\/th>\n            <th>Rp 0,2 min (MPa)<\/th>\n            <th>A% min<\/th>\n            <th>Dureza m\u00e1x. (HB)<\/th>\n        <\/tr>\n        <tr>\n            <td>ALEACI\u00d3N 20<\/td>\n            <td>2.4660<\/td>\n            <td>551<\/td>\n            <td>241<\/td>\n            <td>30<\/td>\n            <td>325<\/td>\n        <\/tr>\n    <\/table>\n\n    <h2>Propiedades f\u00edsicas<\/h2>\n    <ul>\n        <li><strong>Peso espec\u00edfico a 20\u00b0C:<\/strong> 8,08 kg\/dm\u00b3<\/li>\n        <li><strong>M\u00f3dulo de elasticidad a 20\u00b0C:<\/strong> 193.000 N\/mm\u00b2.<\/li>\n        <li><strong>Coeficiente de dilataci\u00f3n a 20\u00b0C:<\/strong> 14,36 \u00b5m\/m \u00b0C<\/li>\n    <\/ul>\n\n    <h2>Correspondencia y especificaciones<\/h2>\n    <table>\n        <tr>\n            <th>W.<\/th>\n            <th>UNS<\/th>\n            <th>ISO<\/th>\n        <\/tr>\n        <tr>\n            <td>2.4660<\/td>\n            <td>N08020<\/td>\n            <td>15156-3<\/td>\n        <\/tr>\n    <\/table>\t\t\t\t\t\t\t\t<\/div>\n\t\t\t\t<\/div>\n\t\t\t\t\t<\/div>\n\t\t\t\t<\/div>\n\t\t\t\t<\/div>\n\t\t","protected":false},"excerpt":{"rendered":"<p>ALEACI\u00d3N 20 &#8211; Werkstoff 2.4660 UNS N08020 La ALEACI\u00d3N 20, werkstoff 2.4660 UNS N08020, es una superaleaci\u00f3n austen\u00edtica desarrollada para ofrecer una excepcional resistencia a la corrosi\u00f3n, sobre todo en ambientes \u00e1cidos. Esta aleaci\u00f3n se compone principalmente de n\u00edquel, hierro y cromo, a los que se a\u00f1aden cobre y molibdeno para mejorar a\u00fan m\u00e1s su [&hellip;]<\/p>\n","protected":false},"author":1,"featured_media":0,"parent":4513,"menu_order":0,"comment_status":"closed","ping_status":"closed","template":"","meta":{"footnotes":""},"class_list":["post-7012","page","type-page","status-publish","hentry"],"yoast_head":"<!-- This site is optimized with the Yoast SEO plugin v27.6 - https:\/\/yoast.com\/product\/yoast-seo-wordpress\/ -->\n<title>ALEACI\u00d3N 20 - Werkstoff 2.4660 UNS N08020 - M.F. INOX<\/title>\n<meta name=\"robots\" content=\"index, follow, max-snippet:-1, max-image-preview:large, max-video-preview:-1\" \/>\n<link rel=\"canonical\" href=\"https:\/\/mfinox.com\/es\/materiales\/aleacion-20-werkstoff-2-4660-uns-n08020\/\" \/>\n<meta property=\"og:locale\" content=\"es_ES\" \/>\n<meta property=\"og:type\" content=\"article\" \/>\n<meta property=\"og:title\" content=\"ALEACI\u00d3N 20 - Werkstoff 2.4660 UNS N08020 - M.F. INOX\" \/>\n<meta property=\"og:description\" content=\"ALEACI\u00d3N 20 &#8211; Werkstoff 2.4660 UNS N08020 La ALEACI\u00d3N 20, werkstoff 2.4660 UNS N08020, es una superaleaci\u00f3n austen\u00edtica desarrollada para ofrecer una excepcional resistencia a la corrosi\u00f3n, sobre todo en ambientes \u00e1cidos. Esta aleaci\u00f3n se compone principalmente de n\u00edquel, hierro y cromo, a los que se a\u00f1aden cobre y molibdeno para mejorar a\u00fan m\u00e1s su [&hellip;]\" \/>\n<meta property=\"og:url\" content=\"https:\/\/mfinox.com\/es\/materiales\/aleacion-20-werkstoff-2-4660-uns-n08020\/\" \/>\n<meta property=\"og:site_name\" content=\"M.F. INOX\" \/>\n<meta property=\"article:modified_time\" content=\"2025-01-08T17:43:52+00:00\" \/>\n<meta name=\"twitter:card\" content=\"summary_large_image\" \/>\n<meta name=\"twitter:label1\" content=\"Tiempo de lectura\" \/>\n\t<meta name=\"twitter:data1\" content=\"1 minuto\" \/>\n<script type=\"application\/ld+json\" class=\"yoast-schema-graph\">{\"@context\":\"https:\\\/\\\/schema.org\",\"@graph\":[{\"@type\":\"WebPage\",\"@id\":\"https:\\\/\\\/mfinox.com\\\/es\\\/materiales\\\/aleacion-20-werkstoff-2-4660-uns-n08020\\\/\",\"url\":\"https:\\\/\\\/mfinox.com\\\/es\\\/materiales\\\/aleacion-20-werkstoff-2-4660-uns-n08020\\\/\",\"name\":\"ALEACI\u00d3N 20 - Werkstoff 2.4660 UNS N08020 - M.F. INOX\",\"isPartOf\":{\"@id\":\"https:\\\/\\\/mfinox.com\\\/es\\\/#website\"},\"datePublished\":\"2024-12-05T18:11:38+00:00\",\"dateModified\":\"2025-01-08T17:43:52+00:00\",\"breadcrumb\":{\"@id\":\"https:\\\/\\\/mfinox.com\\\/es\\\/materiales\\\/aleacion-20-werkstoff-2-4660-uns-n08020\\\/#breadcrumb\"},\"inLanguage\":\"es\",\"potentialAction\":[{\"@type\":\"ReadAction\",\"target\":[\"https:\\\/\\\/mfinox.com\\\/es\\\/materiales\\\/aleacion-20-werkstoff-2-4660-uns-n08020\\\/\"]}]},{\"@type\":\"BreadcrumbList\",\"@id\":\"https:\\\/\\\/mfinox.com\\\/es\\\/materiales\\\/aleacion-20-werkstoff-2-4660-uns-n08020\\\/#breadcrumb\",\"itemListElement\":[{\"@type\":\"ListItem\",\"position\":1,\"name\":\"Home\",\"item\":\"https:\\\/\\\/mfinox.com\\\/es\\\/\"},{\"@type\":\"ListItem\",\"position\":2,\"name\":\"Materiales\",\"item\":\"https:\\\/\\\/mfinox.com\\\/es\\\/materiales\\\/\"},{\"@type\":\"ListItem\",\"position\":3,\"name\":\"ALEACI\u00d3N 20 &#8211; Werkstoff 2.4660 UNS N08020\"}]},{\"@type\":\"WebSite\",\"@id\":\"https:\\\/\\\/mfinox.com\\\/es\\\/#website\",\"url\":\"https:\\\/\\\/mfinox.com\\\/es\\\/\",\"name\":\"M.F. INOX\",\"description\":\"\",\"publisher\":{\"@id\":\"https:\\\/\\\/mfinox.com\\\/es\\\/#organization\"},\"potentialAction\":[{\"@type\":\"SearchAction\",\"target\":{\"@type\":\"EntryPoint\",\"urlTemplate\":\"https:\\\/\\\/mfinox.com\\\/es\\\/?s={search_term_string}\"},\"query-input\":{\"@type\":\"PropertyValueSpecification\",\"valueRequired\":true,\"valueName\":\"search_term_string\"}}],\"inLanguage\":\"es\"},{\"@type\":\"Organization\",\"@id\":\"https:\\\/\\\/mfinox.com\\\/es\\\/#organization\",\"name\":\"M.F. INOX\",\"url\":\"https:\\\/\\\/mfinox.com\\\/es\\\/\",\"logo\":{\"@type\":\"ImageObject\",\"inLanguage\":\"es\",\"@id\":\"https:\\\/\\\/mfinox.com\\\/es\\\/#\\\/schema\\\/logo\\\/image\\\/\",\"url\":\"https:\\\/\\\/mfinox.com\\\/wp-content\\\/uploads\\\/2024\\\/05\\\/mf-inox_logo_neg.png\",\"contentUrl\":\"https:\\\/\\\/mfinox.com\\\/wp-content\\\/uploads\\\/2024\\\/05\\\/mf-inox_logo_neg.png\",\"width\":1949,\"height\":662,\"caption\":\"M.F. INOX\"},\"image\":{\"@id\":\"https:\\\/\\\/mfinox.com\\\/es\\\/#\\\/schema\\\/logo\\\/image\\\/\"}}]}<\/script>\n<!-- \/ Yoast SEO plugin. -->","yoast_head_json":{"title":"ALEACI\u00d3N 20 - Werkstoff 2.4660 UNS N08020 - M.F. INOX","robots":{"index":"index","follow":"follow","max-snippet":"max-snippet:-1","max-image-preview":"max-image-preview:large","max-video-preview":"max-video-preview:-1"},"canonical":"https:\/\/mfinox.com\/es\/materiales\/aleacion-20-werkstoff-2-4660-uns-n08020\/","og_locale":"es_ES","og_type":"article","og_title":"ALEACI\u00d3N 20 - Werkstoff 2.4660 UNS N08020 - M.F. INOX","og_description":"ALEACI\u00d3N 20 &#8211; Werkstoff 2.4660 UNS N08020 La ALEACI\u00d3N 20, werkstoff 2.4660 UNS N08020, es una superaleaci\u00f3n austen\u00edtica desarrollada para ofrecer una excepcional resistencia a la corrosi\u00f3n, sobre todo en ambientes \u00e1cidos. Esta aleaci\u00f3n se compone principalmente de n\u00edquel, hierro y cromo, a los que se a\u00f1aden cobre y molibdeno para mejorar a\u00fan m\u00e1s su [&hellip;]","og_url":"https:\/\/mfinox.com\/es\/materiales\/aleacion-20-werkstoff-2-4660-uns-n08020\/","og_site_name":"M.F. INOX","article_modified_time":"2025-01-08T17:43:52+00:00","twitter_card":"summary_large_image","twitter_misc":{"Tiempo de lectura":"1 minuto"},"schema":{"@context":"https:\/\/schema.org","@graph":[{"@type":"WebPage","@id":"https:\/\/mfinox.com\/es\/materiales\/aleacion-20-werkstoff-2-4660-uns-n08020\/","url":"https:\/\/mfinox.com\/es\/materiales\/aleacion-20-werkstoff-2-4660-uns-n08020\/","name":"ALEACI\u00d3N 20 - Werkstoff 2.4660 UNS N08020 - M.F. INOX","isPartOf":{"@id":"https:\/\/mfinox.com\/es\/#website"},"datePublished":"2024-12-05T18:11:38+00:00","dateModified":"2025-01-08T17:43:52+00:00","breadcrumb":{"@id":"https:\/\/mfinox.com\/es\/materiales\/aleacion-20-werkstoff-2-4660-uns-n08020\/#breadcrumb"},"inLanguage":"es","potentialAction":[{"@type":"ReadAction","target":["https:\/\/mfinox.com\/es\/materiales\/aleacion-20-werkstoff-2-4660-uns-n08020\/"]}]},{"@type":"BreadcrumbList","@id":"https:\/\/mfinox.com\/es\/materiales\/aleacion-20-werkstoff-2-4660-uns-n08020\/#breadcrumb","itemListElement":[{"@type":"ListItem","position":1,"name":"Home","item":"https:\/\/mfinox.com\/es\/"},{"@type":"ListItem","position":2,"name":"Materiales","item":"https:\/\/mfinox.com\/es\/materiales\/"},{"@type":"ListItem","position":3,"name":"ALEACI\u00d3N 20 &#8211; Werkstoff 2.4660 UNS N08020"}]},{"@type":"WebSite","@id":"https:\/\/mfinox.com\/es\/#website","url":"https:\/\/mfinox.com\/es\/","name":"M.F. INOX","description":"","publisher":{"@id":"https:\/\/mfinox.com\/es\/#organization"},"potentialAction":[{"@type":"SearchAction","target":{"@type":"EntryPoint","urlTemplate":"https:\/\/mfinox.com\/es\/?s={search_term_string}"},"query-input":{"@type":"PropertyValueSpecification","valueRequired":true,"valueName":"search_term_string"}}],"inLanguage":"es"},{"@type":"Organization","@id":"https:\/\/mfinox.com\/es\/#organization","name":"M.F. INOX","url":"https:\/\/mfinox.com\/es\/","logo":{"@type":"ImageObject","inLanguage":"es","@id":"https:\/\/mfinox.com\/es\/#\/schema\/logo\/image\/","url":"https:\/\/mfinox.com\/wp-content\/uploads\/2024\/05\/mf-inox_logo_neg.png","contentUrl":"https:\/\/mfinox.com\/wp-content\/uploads\/2024\/05\/mf-inox_logo_neg.png","width":1949,"height":662,"caption":"M.F. INOX"},"image":{"@id":"https:\/\/mfinox.com\/es\/#\/schema\/logo\/image\/"}}]}},"_links":{"self":[{"href":"https:\/\/mfinox.com\/es\/wp-json\/wp\/v2\/pages\/7012","targetHints":{"allow":["GET"]}}],"collection":[{"href":"https:\/\/mfinox.com\/es\/wp-json\/wp\/v2\/pages"}],"about":[{"href":"https:\/\/mfinox.com\/es\/wp-json\/wp\/v2\/types\/page"}],"author":[{"embeddable":true,"href":"https:\/\/mfinox.com\/es\/wp-json\/wp\/v2\/users\/1"}],"replies":[{"embeddable":true,"href":"https:\/\/mfinox.com\/es\/wp-json\/wp\/v2\/comments?post=7012"}],"version-history":[{"count":0,"href":"https:\/\/mfinox.com\/es\/wp-json\/wp\/v2\/pages\/7012\/revisions"}],"up":[{"embeddable":true,"href":"https:\/\/mfinox.com\/es\/wp-json\/wp\/v2\/pages\/4513"}],"wp:attachment":[{"href":"https:\/\/mfinox.com\/es\/wp-json\/wp\/v2\/media?parent=7012"}],"curies":[{"name":"wp","href":"https:\/\/api.w.org\/{rel}","templated":true}]}}