{"id":5896,"date":"2024-06-11T16:36:45","date_gmt":"2024-06-11T16:36:45","guid":{"rendered":"https:\/\/mfinox.com\/productos\/arandelas\/"},"modified":"2024-09-06T10:10:53","modified_gmt":"2024-09-06T10:10:53","slug":"arandelas","status":"publish","type":"page","link":"https:\/\/mfinox.com\/es\/productos\/arandelas\/","title":{"rendered":"Arandelas"},"content":{"rendered":"\t\t<div data-elementor-type=\"wp-page\" data-elementor-id=\"5896\" class=\"elementor elementor-5896 elementor-1838\" data-elementor-post-type=\"page\">\n\t\t\t\t<div class=\"elementor-element elementor-element-7b87a266 e-flex e-con-boxed e-con e-parent\" data-id=\"7b87a266\" data-element_type=\"container\" data-e-type=\"container\" data-settings=\"{&quot;background_background&quot;:&quot;classic&quot;}\">\n\t\t\t\t\t<div class=\"e-con-inner\">\n\t\t\t\t<div class=\"elementor-element elementor-element-81f574 elementor-invisible elementor-widget elementor-widget-heading\" data-id=\"81f574\" data-element_type=\"widget\" data-e-type=\"widget\" data-settings=\"{&quot;_animation&quot;:&quot;fadeIn&quot;}\" data-widget_type=\"heading.default\">\n\t\t\t\t<div class=\"elementor-widget-container\">\n\t\t\t\t\t<h1 class=\"elementor-heading-title elementor-size-default\">Arandelas<\/h1>\t\t\t\t<\/div>\n\t\t\t\t<\/div>\n\t\t\t\t<div class=\"elementor-element elementor-element-540553d4 elementor-invisible elementor-widget elementor-widget-shortcode\" data-id=\"540553d4\" data-element_type=\"widget\" data-e-type=\"widget\" data-settings=\"{&quot;_animation&quot;:&quot;fadeIn&quot;}\" data-widget_type=\"shortcode.default\">\n\t\t\t\t<div class=\"elementor-widget-container\">\n\t\t\t\t\t\t\t<div class=\"elementor-shortcode\"><nav aria-label=\"breadcrumb\"><div class=\"breadcrumb\"><span class=\"breadcrumb-item\"><a href=\"https:\/\/mfinox.com\/es\/\" style=\"color: #F3912E;\">Home<\/a><\/span><\/div><\/nav><\/div>\n\t\t\t\t\t\t<\/div>\n\t\t\t\t<\/div>\n\t\t\t\t\t<\/div>\n\t\t\t\t<\/div>\n\t\t<div class=\"elementor-element elementor-element-9bcc3a1 e-flex e-con-boxed elementor-invisible e-con e-parent\" data-id=\"9bcc3a1\" data-element_type=\"container\" data-e-type=\"container\" data-settings=\"{&quot;animation&quot;:&quot;fadeInUp&quot;}\">\n\t\t\t\t\t<div class=\"e-con-inner\">\n\t\t\t\t<div class=\"elementor-element elementor-element-222376bc elementor-widget elementor-widget-text-editor\" data-id=\"222376bc\" data-element_type=\"widget\" data-e-type=\"widget\" data-widget_type=\"text-editor.default\">\n\t\t\t\t<div class=\"elementor-widget-container\">\n\t\t\t\t\t\t\t\t\t<p>Las arandelas de acero inoxidable de MF INOX se fabrican para garantizar la m\u00e1xima resistencia a la corrosi\u00f3n y durabilidad, cumpliendo las principales normas internacionales.<\/p>\n<p>Est\u00e1n disponibles en distintos tama\u00f1os y grosores para adaptarse a diversas necesidades de fijaci\u00f3n.<\/p>\n<p><\/p>\n<h2>Caracter\u00edsticas principales<\/h2>\n<ul>\n<li><strong>Resistencia a la corrosi\u00f3n:<\/strong> Perfecto para entornos agresivos y condiciones meteorol\u00f3gicas adversas.<\/li>\n<li><strong>Durabilidad:<\/strong> Los materiales de alta calidad garantizan una larga vida \u00fatil.<\/li>\n<li><strong>Versatilidad:<\/strong> Disponible en diferentes formas y tama\u00f1os para adaptarse a una amplia gama de aplicaciones de fijaci\u00f3n.<\/li>\n<\/ul>\n<h2>Materiales<\/h2>\n<p>Nuestras lavadoras se fabrican con materiales de alta calidad para garantizar un rendimiento \u00f3ptimo en diversas condiciones de funcionamiento:<\/p>\n<ul>\n<li><strong>Aceros inoxidables:<\/strong> ofrecen una excelente resistencia a la corrosi\u00f3n, ideal para aplicaciones marinas, qu\u00edmicas e industriales.<\/li>\n<li><strong>Aceros d\u00faplex y superd\u00faplex:<\/strong> estos aceros combinan una gran resistencia mec\u00e1nica con una excepcional resistencia a la corrosi\u00f3n, especialmente indicados para entornos marinos y aplicaciones qu\u00edmicas.<\/li>\n<li><strong>Aleaciones de n\u00edquel:<\/strong> proporcionan una resistencia superior a la corrosi\u00f3n y a las altas temperaturas, perfectas para entornos extremadamente agresivos.<\/li>\n<li>Titanio<strong>:<\/strong> Conocido por su ligereza y resistencia, el titanio ofrece una excepcional resistencia a la corrosi\u00f3n, ideal para aplicaciones aeroespaciales y m\u00e9dicas.<\/li>\n<\/ul>\n<h2>Tipos de arandelas<\/h2>\n<p>Explora nuestra gama de lavadoras:<\/p>\n<p><\/p>\n<table class=\"responsive-table\">\n<thead>\n<tr>\n<th>DIN<\/th><th>ISO<\/th><th>NFE<\/th><th>ANSI<\/th><th>UNI<\/th>\n<\/tr>\n<\/thead>\n<tbody>\n<tr>\n<td>125<\/td><td>7089<\/td><td>25513<\/td><td>B18.22.1<\/td><td>6592<\/td>\n<\/tr>\n<tr>\n<td>126<\/td><td>7090<\/td><td>25115<\/td><td>B18.21.1<\/td><td>6593<\/td>\n<\/tr>\n<tr>\n<td>127<\/td><td>7092<\/td><td>25514<\/td>\n<td>&nbsp;<\/td>\n<td>&nbsp;<\/td>\n<\/tr>\n<tr>\n<td>1751<\/td>\n<td>&nbsp;<\/td>\n<td>&nbsp;<\/td>\n<td>&nbsp;<\/td>\n<td>&nbsp;<\/td>\n<\/tr>\n<tr>\n<td>9021<\/td><td>7093<\/td><td>27711<\/td>\n<td>&nbsp;<\/td>\n<td>&nbsp;<\/td>\n<\/tr>\n<tr>\n<td>5714<\/td>\n<td>&nbsp;<\/td>\n<td>&nbsp;<\/td>\n<td>&nbsp;<\/td>\n<td>&nbsp;<\/td>\n<\/tr>\n<tr>\n<td>6916<\/td><td>&nbsp;<\/td><td>25513<\/td><td>&nbsp;<\/td><td>&nbsp;<\/td>\n<\/tr>\n<tr>\n<td>6600<\/td><td>&nbsp;<\/td><td>25514<\/td><td>&nbsp;<\/td><td>&nbsp;<\/td>\n<\/tr>\n<tr>\n<td>463<\/td>\n<td>&nbsp;<\/td>\n<td>&nbsp;<\/td>\n<td>&nbsp;<\/td>\n<td>&nbsp;<\/td>\n<\/tr>\n<tr>\n<td>433<\/td>\n<td>&nbsp;<\/td>\n<td>&nbsp;<\/td>\n<td>&nbsp;<\/td>\n<td>&nbsp;<\/td>\n<\/tr>\n<tr>\n<td>436<\/td>\n<td>&nbsp;<\/td>\n<td>&nbsp;<\/td>\n<td>&nbsp;<\/td>\n<td>&nbsp;<\/td>\n<\/tr>\n<tr>\n<td>7989<\/td>\n<td>&nbsp;<\/td>\n<td>&nbsp;<\/td>\n<td>&nbsp;<\/td>\n<td>&nbsp;<\/td>\n<\/tr>\n<\/tbody>\n<\/table>\n<h2>Normas de referencia:<\/h2>\n<ul>\n<li><strong>ISO 3506<\/strong><\/li>\n<li><strong>ES 898<\/strong><\/li>\n<li><strong>NACE MR0103\/0175<\/strong><\/li>\n<\/ul>\n<p><\/p>\t\t\t\t\t\t\t\t<\/div>\n\t\t\t\t<\/div>\n\t\t\t\t\t<\/div>\n\t\t\t\t<\/div>\n\t\t<div class=\"elementor-element elementor-element-354de40 e-flex e-con-boxed e-con e-parent\" data-id=\"354de40\" data-element_type=\"container\" data-e-type=\"container\">\n\t\t\t\t\t<div class=\"e-con-inner\">\n\t\t\t\t<div class=\"elementor-element elementor-element-fb5ba20 elementor-widget elementor-widget-shortcode\" data-id=\"fb5ba20\" data-element_type=\"widget\" data-e-type=\"widget\" data-widget_type=\"shortcode.default\">\n\t\t\t\t<div class=\"elementor-widget-container\">\n\t\t\t\t\t\t\t<div class=\"elementor-shortcode\">\t\t<div data-elementor-type=\"section\" data-elementor-id=\"3064\" class=\"elementor elementor-3064\" data-elementor-post-type=\"elementor_library\">\n\t\t\t<div class=\"elementor-element elementor-element-41265a3 e-flex e-con-boxed e-con e-parent\" data-id=\"41265a3\" data-element_type=\"container\" data-e-type=\"container\">\n\t\t\t\t\t<div class=\"e-con-inner\">\n\t\t\t\t<div class=\"elementor-element elementor-element-bcf5082 elementor-widget elementor-widget-shortcode\" data-id=\"bcf5082\" data-element_type=\"widget\" data-e-type=\"widget\" data-widget_type=\"shortcode.default\">\n\t\t\t\t<div class=\"elementor-widget-container\">\n\t\t\t\t\t\t\t<div class=\"elementor-shortcode\">\t\t<div data-elementor-type=\"section\" data-elementor-id=\"1050\" class=\"elementor elementor-1050\" data-elementor-post-type=\"elementor_library\">\n\t\t\t<div class=\"elementor-element elementor-element-44c4cce e-flex e-con-boxed e-con e-parent\" data-id=\"44c4cce\" data-element_type=\"container\" data-e-type=\"container\">\n\t\t\t\t\t<div class=\"e-con-inner\">\n\t\t\t\t<div class=\"elementor-element elementor-element-f4915f6 elementor-align-center elementor-widget elementor-widget-button\" data-id=\"f4915f6\" data-element_type=\"widget\" data-e-type=\"widget\" data-widget_type=\"button.default\">\n\t\t\t\t<div class=\"elementor-widget-container\">\n\t\t\t\t\t\t\t\t\t<div class=\"elementor-button-wrapper\">\n\t\t\t\t\t<a class=\"elementor-button elementor-button-link elementor-size-sm\" href=\"https:\/\/mfinox.com\/contatti\/\">\n\t\t\t\t\t\t<span class=\"elementor-button-content-wrapper\">\n\t\t\t\t\t\t\t\t\t<span class=\"elementor-button-text\">Contattaci<\/span>\n\t\t\t\t\t<\/span>\n\t\t\t\t\t<\/a>\n\t\t\t\t<\/div>\n\t\t\t\t\t\t\t\t<\/div>\n\t\t\t\t<\/div>\n\t\t\t\t\t<\/div>\n\t\t\t\t<\/div>\n\t\t\t\t<\/div>\n\t\t<\/div>\n\t\t\t\t\t\t<\/div>\n\t\t\t\t<\/div>\n\t\t\t\t\t<\/div>\n\t\t\t\t<\/div>\n\t\t\t\t<\/div>\n\t\t<\/div>\n\t\t\t\t\t\t<\/div>\n\t\t\t\t<\/div>\n\t\t\t\t\t<\/div>\n\t\t\t\t<\/div>\n\t\t\t\t<\/div>\n\t\t","protected":false},"excerpt":{"rendered":"<p>Arandelas Las arandelas de acero inoxidable de MF INOX se fabrican para garantizar la m\u00e1xima resistencia a la corrosi\u00f3n y durabilidad, cumpliendo las principales normas internacionales. Est\u00e1n disponibles en distintos tama\u00f1os y grosores para adaptarse a diversas necesidades de fijaci\u00f3n. Caracter\u00edsticas principales Resistencia a la corrosi\u00f3n: Perfecto para entornos agresivos y condiciones meteorol\u00f3gicas adversas. Durabilidad: [&hellip;]<\/p>\n","protected":false},"author":1,"featured_media":0,"parent":5571,"menu_order":0,"comment_status":"closed","ping_status":"closed","template":"","meta":{"footnotes":""},"class_list":["post-5896","page","type-page","status-publish","hentry"],"yoast_head":"<!-- This site is optimized with the Yoast SEO plugin v27.6 - https:\/\/yoast.com\/product\/yoast-seo-wordpress\/ -->\n<title>Arandelas - M.F. INOX<\/title>\n<meta name=\"robots\" content=\"index, follow, max-snippet:-1, max-image-preview:large, max-video-preview:-1\" \/>\n<link rel=\"canonical\" href=\"https:\/\/mfinox.com\/es\/productos\/arandelas\/\" \/>\n<meta property=\"og:locale\" content=\"es_ES\" \/>\n<meta property=\"og:type\" content=\"article\" \/>\n<meta property=\"og:title\" content=\"Arandelas - M.F. INOX\" \/>\n<meta property=\"og:description\" content=\"Arandelas Las arandelas de acero inoxidable de MF INOX se fabrican para garantizar la m\u00e1xima resistencia a la corrosi\u00f3n y durabilidad, cumpliendo las principales normas internacionales. Est\u00e1n disponibles en distintos tama\u00f1os y grosores para adaptarse a diversas necesidades de fijaci\u00f3n. Caracter\u00edsticas principales Resistencia a la corrosi\u00f3n: Perfecto para entornos agresivos y condiciones meteorol\u00f3gicas adversas. Durabilidad: [&hellip;]\" \/>\n<meta property=\"og:url\" content=\"https:\/\/mfinox.com\/es\/productos\/arandelas\/\" \/>\n<meta property=\"og:site_name\" content=\"M.F. INOX\" \/>\n<meta property=\"article:modified_time\" content=\"2024-09-06T10:10:53+00:00\" \/>\n<meta name=\"twitter:card\" content=\"summary_large_image\" \/>\n<meta name=\"twitter:label1\" content=\"Tiempo de lectura\" \/>\n\t<meta name=\"twitter:data1\" content=\"1 minuto\" \/>\n<script type=\"application\/ld+json\" class=\"yoast-schema-graph\">{\"@context\":\"https:\\\/\\\/schema.org\",\"@graph\":[{\"@type\":\"WebPage\",\"@id\":\"https:\\\/\\\/mfinox.com\\\/es\\\/productos\\\/arandelas\\\/\",\"url\":\"https:\\\/\\\/mfinox.com\\\/es\\\/productos\\\/arandelas\\\/\",\"name\":\"Arandelas - M.F. INOX\",\"isPartOf\":{\"@id\":\"https:\\\/\\\/mfinox.com\\\/es\\\/#website\"},\"datePublished\":\"2024-06-11T16:36:45+00:00\",\"dateModified\":\"2024-09-06T10:10:53+00:00\",\"breadcrumb\":{\"@id\":\"https:\\\/\\\/mfinox.com\\\/es\\\/productos\\\/arandelas\\\/#breadcrumb\"},\"inLanguage\":\"es\",\"potentialAction\":[{\"@type\":\"ReadAction\",\"target\":[\"https:\\\/\\\/mfinox.com\\\/es\\\/productos\\\/arandelas\\\/\"]}]},{\"@type\":\"BreadcrumbList\",\"@id\":\"https:\\\/\\\/mfinox.com\\\/es\\\/productos\\\/arandelas\\\/#breadcrumb\",\"itemListElement\":[{\"@type\":\"ListItem\",\"position\":1,\"name\":\"Home\",\"item\":\"https:\\\/\\\/mfinox.com\\\/es\\\/\"},{\"@type\":\"ListItem\",\"position\":2,\"name\":\"Productos\",\"item\":\"https:\\\/\\\/mfinox.com\\\/es\\\/productos\\\/\"},{\"@type\":\"ListItem\",\"position\":3,\"name\":\"Arandelas\"}]},{\"@type\":\"WebSite\",\"@id\":\"https:\\\/\\\/mfinox.com\\\/es\\\/#website\",\"url\":\"https:\\\/\\\/mfinox.com\\\/es\\\/\",\"name\":\"M.F. INOX\",\"description\":\"\",\"publisher\":{\"@id\":\"https:\\\/\\\/mfinox.com\\\/es\\\/#organization\"},\"potentialAction\":[{\"@type\":\"SearchAction\",\"target\":{\"@type\":\"EntryPoint\",\"urlTemplate\":\"https:\\\/\\\/mfinox.com\\\/es\\\/?s={search_term_string}\"},\"query-input\":{\"@type\":\"PropertyValueSpecification\",\"valueRequired\":true,\"valueName\":\"search_term_string\"}}],\"inLanguage\":\"es\"},{\"@type\":\"Organization\",\"@id\":\"https:\\\/\\\/mfinox.com\\\/es\\\/#organization\",\"name\":\"M.F. INOX\",\"url\":\"https:\\\/\\\/mfinox.com\\\/es\\\/\",\"logo\":{\"@type\":\"ImageObject\",\"inLanguage\":\"es\",\"@id\":\"https:\\\/\\\/mfinox.com\\\/es\\\/#\\\/schema\\\/logo\\\/image\\\/\",\"url\":\"https:\\\/\\\/mfinox.com\\\/wp-content\\\/uploads\\\/2024\\\/05\\\/mf-inox_logo_neg.png\",\"contentUrl\":\"https:\\\/\\\/mfinox.com\\\/wp-content\\\/uploads\\\/2024\\\/05\\\/mf-inox_logo_neg.png\",\"width\":1949,\"height\":662,\"caption\":\"M.F. INOX\"},\"image\":{\"@id\":\"https:\\\/\\\/mfinox.com\\\/es\\\/#\\\/schema\\\/logo\\\/image\\\/\"}}]}<\/script>\n<!-- \/ Yoast SEO plugin. -->","yoast_head_json":{"title":"Arandelas - M.F. INOX","robots":{"index":"index","follow":"follow","max-snippet":"max-snippet:-1","max-image-preview":"max-image-preview:large","max-video-preview":"max-video-preview:-1"},"canonical":"https:\/\/mfinox.com\/es\/productos\/arandelas\/","og_locale":"es_ES","og_type":"article","og_title":"Arandelas - M.F. INOX","og_description":"Arandelas Las arandelas de acero inoxidable de MF INOX se fabrican para garantizar la m\u00e1xima resistencia a la corrosi\u00f3n y durabilidad, cumpliendo las principales normas internacionales. Est\u00e1n disponibles en distintos tama\u00f1os y grosores para adaptarse a diversas necesidades de fijaci\u00f3n. Caracter\u00edsticas principales Resistencia a la corrosi\u00f3n: Perfecto para entornos agresivos y condiciones meteorol\u00f3gicas adversas. Durabilidad: [&hellip;]","og_url":"https:\/\/mfinox.com\/es\/productos\/arandelas\/","og_site_name":"M.F. INOX","article_modified_time":"2024-09-06T10:10:53+00:00","twitter_card":"summary_large_image","twitter_misc":{"Tiempo de lectura":"1 minuto"},"schema":{"@context":"https:\/\/schema.org","@graph":[{"@type":"WebPage","@id":"https:\/\/mfinox.com\/es\/productos\/arandelas\/","url":"https:\/\/mfinox.com\/es\/productos\/arandelas\/","name":"Arandelas - M.F. INOX","isPartOf":{"@id":"https:\/\/mfinox.com\/es\/#website"},"datePublished":"2024-06-11T16:36:45+00:00","dateModified":"2024-09-06T10:10:53+00:00","breadcrumb":{"@id":"https:\/\/mfinox.com\/es\/productos\/arandelas\/#breadcrumb"},"inLanguage":"es","potentialAction":[{"@type":"ReadAction","target":["https:\/\/mfinox.com\/es\/productos\/arandelas\/"]}]},{"@type":"BreadcrumbList","@id":"https:\/\/mfinox.com\/es\/productos\/arandelas\/#breadcrumb","itemListElement":[{"@type":"ListItem","position":1,"name":"Home","item":"https:\/\/mfinox.com\/es\/"},{"@type":"ListItem","position":2,"name":"Productos","item":"https:\/\/mfinox.com\/es\/productos\/"},{"@type":"ListItem","position":3,"name":"Arandelas"}]},{"@type":"WebSite","@id":"https:\/\/mfinox.com\/es\/#website","url":"https:\/\/mfinox.com\/es\/","name":"M.F. INOX","description":"","publisher":{"@id":"https:\/\/mfinox.com\/es\/#organization"},"potentialAction":[{"@type":"SearchAction","target":{"@type":"EntryPoint","urlTemplate":"https:\/\/mfinox.com\/es\/?s={search_term_string}"},"query-input":{"@type":"PropertyValueSpecification","valueRequired":true,"valueName":"search_term_string"}}],"inLanguage":"es"},{"@type":"Organization","@id":"https:\/\/mfinox.com\/es\/#organization","name":"M.F. INOX","url":"https:\/\/mfinox.com\/es\/","logo":{"@type":"ImageObject","inLanguage":"es","@id":"https:\/\/mfinox.com\/es\/#\/schema\/logo\/image\/","url":"https:\/\/mfinox.com\/wp-content\/uploads\/2024\/05\/mf-inox_logo_neg.png","contentUrl":"https:\/\/mfinox.com\/wp-content\/uploads\/2024\/05\/mf-inox_logo_neg.png","width":1949,"height":662,"caption":"M.F. INOX"},"image":{"@id":"https:\/\/mfinox.com\/es\/#\/schema\/logo\/image\/"}}]}},"_links":{"self":[{"href":"https:\/\/mfinox.com\/es\/wp-json\/wp\/v2\/pages\/5896","targetHints":{"allow":["GET"]}}],"collection":[{"href":"https:\/\/mfinox.com\/es\/wp-json\/wp\/v2\/pages"}],"about":[{"href":"https:\/\/mfinox.com\/es\/wp-json\/wp\/v2\/types\/page"}],"author":[{"embeddable":true,"href":"https:\/\/mfinox.com\/es\/wp-json\/wp\/v2\/users\/1"}],"replies":[{"embeddable":true,"href":"https:\/\/mfinox.com\/es\/wp-json\/wp\/v2\/comments?post=5896"}],"version-history":[{"count":0,"href":"https:\/\/mfinox.com\/es\/wp-json\/wp\/v2\/pages\/5896\/revisions"}],"up":[{"embeddable":true,"href":"https:\/\/mfinox.com\/es\/wp-json\/wp\/v2\/pages\/5571"}],"wp:attachment":[{"href":"https:\/\/mfinox.com\/es\/wp-json\/wp\/v2\/media?parent=5896"}],"curies":[{"name":"wp","href":"https:\/\/api.w.org\/{rel}","templated":true}]}}