{"id":5894,"date":"2024-06-13T08:11:43","date_gmt":"2024-06-13T08:11:43","guid":{"rendered":"https:\/\/mfinox.com\/productos\/tirantes-y-esparragos\/"},"modified":"2024-09-06T10:10:19","modified_gmt":"2024-09-06T10:10:19","slug":"tirantes-y-esparragos","status":"publish","type":"page","link":"https:\/\/mfinox.com\/es\/productos\/tirantes-y-esparragos\/","title":{"rendered":"Tirantes y esp\u00e1rragos"},"content":{"rendered":"\t\t<div data-elementor-type=\"wp-page\" data-elementor-id=\"5894\" class=\"elementor elementor-5894 elementor-1893\" data-elementor-post-type=\"page\">\n\t\t\t\t<div class=\"elementor-element elementor-element-41412adf e-flex e-con-boxed e-con e-parent\" data-id=\"41412adf\" data-element_type=\"container\" data-e-type=\"container\" data-settings=\"{&quot;background_background&quot;:&quot;classic&quot;}\">\n\t\t\t\t\t<div class=\"e-con-inner\">\n\t\t\t\t<div class=\"elementor-element elementor-element-7108b86b elementor-invisible elementor-widget elementor-widget-heading\" data-id=\"7108b86b\" data-element_type=\"widget\" data-e-type=\"widget\" data-settings=\"{&quot;_animation&quot;:&quot;fadeIn&quot;}\" data-widget_type=\"heading.default\">\n\t\t\t\t<div class=\"elementor-widget-container\">\n\t\t\t\t\t<h1 class=\"elementor-heading-title elementor-size-default\">Tirantes y esp\u00e1rragos<\/h1>\t\t\t\t<\/div>\n\t\t\t\t<\/div>\n\t\t\t\t<div class=\"elementor-element elementor-element-14f53b6c elementor-invisible elementor-widget elementor-widget-shortcode\" data-id=\"14f53b6c\" data-element_type=\"widget\" data-e-type=\"widget\" data-settings=\"{&quot;_animation&quot;:&quot;fadeIn&quot;}\" data-widget_type=\"shortcode.default\">\n\t\t\t\t<div class=\"elementor-widget-container\">\n\t\t\t\t\t\t\t<div class=\"elementor-shortcode\"><nav aria-label=\"breadcrumb\"><div class=\"breadcrumb\"><span class=\"breadcrumb-item\"><a href=\"https:\/\/mfinox.com\/es\/\" style=\"color: #F3912E;\">Home<\/a><\/span><\/div><\/nav><\/div>\n\t\t\t\t\t\t<\/div>\n\t\t\t\t<\/div>\n\t\t\t\t\t<\/div>\n\t\t\t\t<\/div>\n\t\t<div class=\"elementor-element elementor-element-5262ba5d e-flex e-con-boxed elementor-invisible e-con e-parent\" data-id=\"5262ba5d\" data-element_type=\"container\" data-e-type=\"container\" data-settings=\"{&quot;animation&quot;:&quot;fadeInUp&quot;}\">\n\t\t\t\t\t<div class=\"e-con-inner\">\n\t\t\t\t<div class=\"elementor-element elementor-element-311239de elementor-widget elementor-widget-text-editor\" data-id=\"311239de\" data-element_type=\"widget\" data-e-type=\"widget\" data-widget_type=\"text-editor.default\">\n\t\t\t\t<div class=\"elementor-widget-container\">\n\t\t\t\t\t\t\t\t\tLos tirantes y esp\u00e1rragos se utilizan como alternativa a los tornillos de cabeza para flexibilizar la fijaci\u00f3n en cuanto a dimensiones o disposici\u00f3n de las existencias.\nProducimos tirantes y esp\u00e1rragos fabricados con aceros de nueva generaci\u00f3n resistentes a la corrosi\u00f3n, como el d\u00faplex (UNS S31803 F51 1.4462), el superd\u00faplex (UNS S32760 F55 1.4501 y UNS S32750 F53 1.4410), aleaciones de n\u00edquel (HASTELLOY\u00ae C276 2.4819, INCONEL\u00ae 718 2.4668, INCONEL\u00ae 625 2.4856) y titanio, que ofrecen una excelente resistencia a la corrosi\u00f3n manteniendo un alto rendimiento en t\u00e9rminos de resistencia mec\u00e1nica.\nNuestros tirantes y esp\u00e1rragos son ideales para montajes destinados a sectores como la energ\u00eda, el petr\u00f3leo y el gas, las infraestructuras y la marina.    <h2>Cumplimiento de la normativa<\/h2>  Producimos tirantes y esp\u00e1rragos con roscas gruesas y finas, todos ellos conformes a las principales normas internacionales DIN ISO NFE ANSI UNI BS, entre las que se encuentran las principales:  <h2>Normas sobre barras de acoplamiento y esp\u00e1rragos<\/h2>\n<table class=\"responsive-table\">\n<tbody>\n<tr>\n<th>DIN<\/th><th>NFE<\/th><th>ANSI<\/th><th>UNI<\/th>\n<\/tr>\n<tr>\n<td>975<\/td><td>25136<\/td><td>B 16.5<\/td><td>6610<\/td>\n<\/tr>\n<tr>\n<td>976<\/td><td><\/td><td><\/td><td>5909<\/td>\n<\/tr>\n<tr>\n<td>938<\/td><td><\/td><td><\/td><td>5911<\/td>\n<\/tr>\n<tr>\n<td>939<\/td><td><\/td><td><\/td><td>5914<\/td>\n<\/tr>\n<tr>\n<td>835<\/td><td><\/td><td><\/td><td>2510<\/td>\n<\/tr>\n<\/tbody>\n<\/table>\n<h2>Referencias normativas<\/h2>\n<ul>\n \t<li>ISO 3506-1<\/li>\n \t<li>ES 898<\/li>\n \t<li>EN 10269<\/li>\n \t<li>DIN 267-13<\/li>\n \t<li>DIN 13<\/li>\n \t<li>DIN 2510<\/li>\n \t<li>ISO 6157<\/li>\n \t<li>UNI 3740<\/li>\n \t<li>ASTM F467<\/li>\n \t<li>EN 10088<\/li>\n \t<li>1993-1-4:2015-10\/EUROCODE 3-ANNEX A Clase CRC<\/li>\n \t<li>NACE MR0103\/0175<\/li>\n<\/ul>\t\t\t\t\t\t\t\t<\/div>\n\t\t\t\t<\/div>\n\t\t\t\t\t<\/div>\n\t\t\t\t<\/div>\n\t\t<div class=\"elementor-element elementor-element-aafda12 e-flex e-con-boxed e-con e-parent\" data-id=\"aafda12\" data-element_type=\"container\" data-e-type=\"container\">\n\t\t\t\t\t<div class=\"e-con-inner\">\n\t\t\t\t<div class=\"elementor-element elementor-element-b823597 elementor-widget elementor-widget-shortcode\" data-id=\"b823597\" data-element_type=\"widget\" data-e-type=\"widget\" data-widget_type=\"shortcode.default\">\n\t\t\t\t<div class=\"elementor-widget-container\">\n\t\t\t\t\t\t\t<div class=\"elementor-shortcode\">\t\t<div data-elementor-type=\"section\" data-elementor-id=\"3064\" class=\"elementor elementor-3064\" data-elementor-post-type=\"elementor_library\">\n\t\t\t<div class=\"elementor-element elementor-element-41265a3 e-flex e-con-boxed e-con e-parent\" data-id=\"41265a3\" data-element_type=\"container\" data-e-type=\"container\">\n\t\t\t\t\t<div class=\"e-con-inner\">\n\t\t\t\t<div class=\"elementor-element elementor-element-bcf5082 elementor-widget elementor-widget-shortcode\" data-id=\"bcf5082\" data-element_type=\"widget\" data-e-type=\"widget\" data-widget_type=\"shortcode.default\">\n\t\t\t\t<div class=\"elementor-widget-container\">\n\t\t\t\t\t\t\t<div class=\"elementor-shortcode\">\t\t<div data-elementor-type=\"section\" data-elementor-id=\"1050\" class=\"elementor elementor-1050\" data-elementor-post-type=\"elementor_library\">\n\t\t\t<div class=\"elementor-element elementor-element-44c4cce e-flex e-con-boxed e-con e-parent\" data-id=\"44c4cce\" data-element_type=\"container\" data-e-type=\"container\">\n\t\t\t\t\t<div class=\"e-con-inner\">\n\t\t\t\t<div class=\"elementor-element elementor-element-f4915f6 elementor-align-center elementor-widget elementor-widget-button\" data-id=\"f4915f6\" data-element_type=\"widget\" data-e-type=\"widget\" data-widget_type=\"button.default\">\n\t\t\t\t<div class=\"elementor-widget-container\">\n\t\t\t\t\t\t\t\t\t<div class=\"elementor-button-wrapper\">\n\t\t\t\t\t<a class=\"elementor-button elementor-button-link elementor-size-sm\" href=\"https:\/\/mfinox.com\/contatti\/\">\n\t\t\t\t\t\t<span class=\"elementor-button-content-wrapper\">\n\t\t\t\t\t\t\t\t\t<span class=\"elementor-button-text\">Contattaci<\/span>\n\t\t\t\t\t<\/span>\n\t\t\t\t\t<\/a>\n\t\t\t\t<\/div>\n\t\t\t\t\t\t\t\t<\/div>\n\t\t\t\t<\/div>\n\t\t\t\t\t<\/div>\n\t\t\t\t<\/div>\n\t\t\t\t<\/div>\n\t\t<\/div>\n\t\t\t\t\t\t<\/div>\n\t\t\t\t<\/div>\n\t\t\t\t\t<\/div>\n\t\t\t\t<\/div>\n\t\t\t\t<\/div>\n\t\t<\/div>\n\t\t\t\t\t\t<\/div>\n\t\t\t\t<\/div>\n\t\t\t\t\t<\/div>\n\t\t\t\t<\/div>\n\t\t\t\t<\/div>\n\t\t","protected":false},"excerpt":{"rendered":"<p>Tirantes y esp\u00e1rragos Los tirantes y esp\u00e1rragos se utilizan como alternativa a los tornillos de cabeza para flexibilizar la fijaci\u00f3n en cuanto a dimensiones o disposici\u00f3n de las existencias. Producimos tirantes y esp\u00e1rragos fabricados con aceros de nueva generaci\u00f3n resistentes a la corrosi\u00f3n, como el d\u00faplex (UNS S31803 F51 1.4462), el superd\u00faplex (UNS S32760 F55 [&hellip;]<\/p>\n","protected":false},"author":1,"featured_media":0,"parent":5571,"menu_order":0,"comment_status":"closed","ping_status":"closed","template":"","meta":{"footnotes":""},"class_list":["post-5894","page","type-page","status-publish","hentry"],"yoast_head":"<!-- This site is optimized with the Yoast SEO plugin v27.6 - https:\/\/yoast.com\/product\/yoast-seo-wordpress\/ -->\n<title>Tirantes y esp\u00e1rragos - M.F. INOX<\/title>\n<meta name=\"robots\" content=\"index, follow, max-snippet:-1, max-image-preview:large, max-video-preview:-1\" \/>\n<link rel=\"canonical\" href=\"https:\/\/mfinox.com\/es\/productos\/tirantes-y-esparragos\/\" \/>\n<meta property=\"og:locale\" content=\"es_ES\" \/>\n<meta property=\"og:type\" content=\"article\" \/>\n<meta property=\"og:title\" content=\"Tirantes y esp\u00e1rragos - M.F. INOX\" \/>\n<meta property=\"og:description\" content=\"Tirantes y esp\u00e1rragos Los tirantes y esp\u00e1rragos se utilizan como alternativa a los tornillos de cabeza para flexibilizar la fijaci\u00f3n en cuanto a dimensiones o disposici\u00f3n de las existencias. Producimos tirantes y esp\u00e1rragos fabricados con aceros de nueva generaci\u00f3n resistentes a la corrosi\u00f3n, como el d\u00faplex (UNS S31803 F51 1.4462), el superd\u00faplex (UNS S32760 F55 [&hellip;]\" \/>\n<meta property=\"og:url\" content=\"https:\/\/mfinox.com\/es\/productos\/tirantes-y-esparragos\/\" \/>\n<meta property=\"og:site_name\" content=\"M.F. INOX\" \/>\n<meta property=\"article:modified_time\" content=\"2024-09-06T10:10:19+00:00\" \/>\n<meta name=\"twitter:card\" content=\"summary_large_image\" \/>\n<meta name=\"twitter:label1\" content=\"Tiempo de lectura\" \/>\n\t<meta name=\"twitter:data1\" content=\"1 minuto\" \/>\n<script type=\"application\/ld+json\" class=\"yoast-schema-graph\">{\"@context\":\"https:\\\/\\\/schema.org\",\"@graph\":[{\"@type\":\"WebPage\",\"@id\":\"https:\\\/\\\/mfinox.com\\\/es\\\/productos\\\/tirantes-y-esparragos\\\/\",\"url\":\"https:\\\/\\\/mfinox.com\\\/es\\\/productos\\\/tirantes-y-esparragos\\\/\",\"name\":\"Tirantes y esp\u00e1rragos - M.F. INOX\",\"isPartOf\":{\"@id\":\"https:\\\/\\\/mfinox.com\\\/es\\\/#website\"},\"datePublished\":\"2024-06-13T08:11:43+00:00\",\"dateModified\":\"2024-09-06T10:10:19+00:00\",\"breadcrumb\":{\"@id\":\"https:\\\/\\\/mfinox.com\\\/es\\\/productos\\\/tirantes-y-esparragos\\\/#breadcrumb\"},\"inLanguage\":\"es\",\"potentialAction\":[{\"@type\":\"ReadAction\",\"target\":[\"https:\\\/\\\/mfinox.com\\\/es\\\/productos\\\/tirantes-y-esparragos\\\/\"]}]},{\"@type\":\"BreadcrumbList\",\"@id\":\"https:\\\/\\\/mfinox.com\\\/es\\\/productos\\\/tirantes-y-esparragos\\\/#breadcrumb\",\"itemListElement\":[{\"@type\":\"ListItem\",\"position\":1,\"name\":\"Home\",\"item\":\"https:\\\/\\\/mfinox.com\\\/es\\\/\"},{\"@type\":\"ListItem\",\"position\":2,\"name\":\"Productos\",\"item\":\"https:\\\/\\\/mfinox.com\\\/es\\\/productos\\\/\"},{\"@type\":\"ListItem\",\"position\":3,\"name\":\"Tirantes y esp\u00e1rragos\"}]},{\"@type\":\"WebSite\",\"@id\":\"https:\\\/\\\/mfinox.com\\\/es\\\/#website\",\"url\":\"https:\\\/\\\/mfinox.com\\\/es\\\/\",\"name\":\"M.F. INOX\",\"description\":\"\",\"publisher\":{\"@id\":\"https:\\\/\\\/mfinox.com\\\/es\\\/#organization\"},\"potentialAction\":[{\"@type\":\"SearchAction\",\"target\":{\"@type\":\"EntryPoint\",\"urlTemplate\":\"https:\\\/\\\/mfinox.com\\\/es\\\/?s={search_term_string}\"},\"query-input\":{\"@type\":\"PropertyValueSpecification\",\"valueRequired\":true,\"valueName\":\"search_term_string\"}}],\"inLanguage\":\"es\"},{\"@type\":\"Organization\",\"@id\":\"https:\\\/\\\/mfinox.com\\\/es\\\/#organization\",\"name\":\"M.F. INOX\",\"url\":\"https:\\\/\\\/mfinox.com\\\/es\\\/\",\"logo\":{\"@type\":\"ImageObject\",\"inLanguage\":\"es\",\"@id\":\"https:\\\/\\\/mfinox.com\\\/es\\\/#\\\/schema\\\/logo\\\/image\\\/\",\"url\":\"https:\\\/\\\/mfinox.com\\\/wp-content\\\/uploads\\\/2024\\\/05\\\/mf-inox_logo_neg.png\",\"contentUrl\":\"https:\\\/\\\/mfinox.com\\\/wp-content\\\/uploads\\\/2024\\\/05\\\/mf-inox_logo_neg.png\",\"width\":1949,\"height\":662,\"caption\":\"M.F. INOX\"},\"image\":{\"@id\":\"https:\\\/\\\/mfinox.com\\\/es\\\/#\\\/schema\\\/logo\\\/image\\\/\"}}]}<\/script>\n<!-- \/ Yoast SEO plugin. -->","yoast_head_json":{"title":"Tirantes y esp\u00e1rragos - M.F. INOX","robots":{"index":"index","follow":"follow","max-snippet":"max-snippet:-1","max-image-preview":"max-image-preview:large","max-video-preview":"max-video-preview:-1"},"canonical":"https:\/\/mfinox.com\/es\/productos\/tirantes-y-esparragos\/","og_locale":"es_ES","og_type":"article","og_title":"Tirantes y esp\u00e1rragos - M.F. INOX","og_description":"Tirantes y esp\u00e1rragos Los tirantes y esp\u00e1rragos se utilizan como alternativa a los tornillos de cabeza para flexibilizar la fijaci\u00f3n en cuanto a dimensiones o disposici\u00f3n de las existencias. Producimos tirantes y esp\u00e1rragos fabricados con aceros de nueva generaci\u00f3n resistentes a la corrosi\u00f3n, como el d\u00faplex (UNS S31803 F51 1.4462), el superd\u00faplex (UNS S32760 F55 [&hellip;]","og_url":"https:\/\/mfinox.com\/es\/productos\/tirantes-y-esparragos\/","og_site_name":"M.F. INOX","article_modified_time":"2024-09-06T10:10:19+00:00","twitter_card":"summary_large_image","twitter_misc":{"Tiempo de lectura":"1 minuto"},"schema":{"@context":"https:\/\/schema.org","@graph":[{"@type":"WebPage","@id":"https:\/\/mfinox.com\/es\/productos\/tirantes-y-esparragos\/","url":"https:\/\/mfinox.com\/es\/productos\/tirantes-y-esparragos\/","name":"Tirantes y esp\u00e1rragos - M.F. INOX","isPartOf":{"@id":"https:\/\/mfinox.com\/es\/#website"},"datePublished":"2024-06-13T08:11:43+00:00","dateModified":"2024-09-06T10:10:19+00:00","breadcrumb":{"@id":"https:\/\/mfinox.com\/es\/productos\/tirantes-y-esparragos\/#breadcrumb"},"inLanguage":"es","potentialAction":[{"@type":"ReadAction","target":["https:\/\/mfinox.com\/es\/productos\/tirantes-y-esparragos\/"]}]},{"@type":"BreadcrumbList","@id":"https:\/\/mfinox.com\/es\/productos\/tirantes-y-esparragos\/#breadcrumb","itemListElement":[{"@type":"ListItem","position":1,"name":"Home","item":"https:\/\/mfinox.com\/es\/"},{"@type":"ListItem","position":2,"name":"Productos","item":"https:\/\/mfinox.com\/es\/productos\/"},{"@type":"ListItem","position":3,"name":"Tirantes y esp\u00e1rragos"}]},{"@type":"WebSite","@id":"https:\/\/mfinox.com\/es\/#website","url":"https:\/\/mfinox.com\/es\/","name":"M.F. INOX","description":"","publisher":{"@id":"https:\/\/mfinox.com\/es\/#organization"},"potentialAction":[{"@type":"SearchAction","target":{"@type":"EntryPoint","urlTemplate":"https:\/\/mfinox.com\/es\/?s={search_term_string}"},"query-input":{"@type":"PropertyValueSpecification","valueRequired":true,"valueName":"search_term_string"}}],"inLanguage":"es"},{"@type":"Organization","@id":"https:\/\/mfinox.com\/es\/#organization","name":"M.F. INOX","url":"https:\/\/mfinox.com\/es\/","logo":{"@type":"ImageObject","inLanguage":"es","@id":"https:\/\/mfinox.com\/es\/#\/schema\/logo\/image\/","url":"https:\/\/mfinox.com\/wp-content\/uploads\/2024\/05\/mf-inox_logo_neg.png","contentUrl":"https:\/\/mfinox.com\/wp-content\/uploads\/2024\/05\/mf-inox_logo_neg.png","width":1949,"height":662,"caption":"M.F. INOX"},"image":{"@id":"https:\/\/mfinox.com\/es\/#\/schema\/logo\/image\/"}}]}},"_links":{"self":[{"href":"https:\/\/mfinox.com\/es\/wp-json\/wp\/v2\/pages\/5894","targetHints":{"allow":["GET"]}}],"collection":[{"href":"https:\/\/mfinox.com\/es\/wp-json\/wp\/v2\/pages"}],"about":[{"href":"https:\/\/mfinox.com\/es\/wp-json\/wp\/v2\/types\/page"}],"author":[{"embeddable":true,"href":"https:\/\/mfinox.com\/es\/wp-json\/wp\/v2\/users\/1"}],"replies":[{"embeddable":true,"href":"https:\/\/mfinox.com\/es\/wp-json\/wp\/v2\/comments?post=5894"}],"version-history":[{"count":0,"href":"https:\/\/mfinox.com\/es\/wp-json\/wp\/v2\/pages\/5894\/revisions"}],"up":[{"embeddable":true,"href":"https:\/\/mfinox.com\/es\/wp-json\/wp\/v2\/pages\/5571"}],"wp:attachment":[{"href":"https:\/\/mfinox.com\/es\/wp-json\/wp\/v2\/media?parent=5894"}],"curies":[{"name":"wp","href":"https:\/\/api.w.org\/{rel}","templated":true}]}}