{"id":5827,"date":"2024-09-06T06:07:57","date_gmt":"2024-09-06T06:07:57","guid":{"rendered":"https:\/\/mfinox.com\/denuncia-de-irregularidades\/"},"modified":"2024-09-06T09:34:39","modified_gmt":"2024-09-06T09:34:39","slug":"denuncia-de-irregularidades","status":"publish","type":"page","link":"https:\/\/mfinox.com\/es\/denuncia-de-irregularidades\/","title":{"rendered":"Denuncia de irregularidades"},"content":{"rendered":"\t\t<div data-elementor-type=\"wp-page\" data-elementor-id=\"5827\" class=\"elementor elementor-5827 elementor-5740\" data-elementor-post-type=\"page\">\n\t\t\t\t<div class=\"elementor-element elementor-element-dd517d6 e-flex e-con-boxed e-con e-parent\" data-id=\"dd517d6\" data-element_type=\"container\" data-e-type=\"container\" data-settings=\"{&quot;background_background&quot;:&quot;classic&quot;}\">\n\t\t\t\t\t<div class=\"e-con-inner\">\n\t\t\t\t<div class=\"elementor-element elementor-element-b322442 elementor-invisible elementor-widget elementor-widget-heading\" data-id=\"b322442\" data-element_type=\"widget\" data-e-type=\"widget\" data-settings=\"{&quot;_animation&quot;:&quot;fadeIn&quot;}\" data-widget_type=\"heading.default\">\n\t\t\t\t<div class=\"elementor-widget-container\">\n\t\t\t\t\t<h1 class=\"elementor-heading-title elementor-size-default\">Denuncia de irregularidades<\/h1>\t\t\t\t<\/div>\n\t\t\t\t<\/div>\n\t\t\t\t<div class=\"elementor-element elementor-element-f5ab11c elementor-invisible elementor-widget elementor-widget-shortcode\" data-id=\"f5ab11c\" data-element_type=\"widget\" data-e-type=\"widget\" data-settings=\"{&quot;_animation&quot;:&quot;fadeIn&quot;}\" data-widget_type=\"shortcode.default\">\n\t\t\t\t<div class=\"elementor-widget-container\">\n\t\t\t\t\t\t\t<div class=\"elementor-shortcode\"><nav aria-label=\"breadcrumb\"><div class=\"breadcrumb\"><span class=\"breadcrumb-item\"><a href=\"https:\/\/mfinox.com\/es\/\" style=\"color: #F3912E;\">Home<\/a><\/span><\/div><\/nav><\/div>\n\t\t\t\t\t\t<\/div>\n\t\t\t\t<\/div>\n\t\t\t\t\t<\/div>\n\t\t\t\t<\/div>\n\t\t<div class=\"elementor-element elementor-element-9fabeb7 e-flex e-con-boxed elementor-invisible e-con e-parent\" data-id=\"9fabeb7\" data-element_type=\"container\" data-e-type=\"container\" data-settings=\"{&quot;animation&quot;:&quot;fadeInUp&quot;}\">\n\t\t\t\t\t<div class=\"e-con-inner\">\n\t\t\t\t<div class=\"elementor-element elementor-element-ed0bd9d elementor-widget elementor-widget-text-editor\" data-id=\"ed0bd9d\" data-element_type=\"widget\" data-e-type=\"widget\" data-widget_type=\"text-editor.default\">\n\t\t\t\t<div class=\"elementor-widget-container\">\n\t\t\t\t\t\t\t\t\t<p>MF INOX Srl, en cumplimiento de las disposiciones del Decreto Legislativo<br \/>\n24\/2023, ha establecido canales especiales reservados (v\u00e9ase m\u00e1s abajo) que pueden utilizarse para denunciar violaciones de la normativa nacional o de la Uni\u00f3n Europea que puedan producirse en el seno de la empresa. <\/p>\n<p>Se deja claro que los canales confidenciales que se indican a continuaci\u00f3n no deben utilizarse para transmitir quejas, reclamaciones, peticiones de car\u00e1cter personal ni para informar de disputas entre compa\u00f1eros, cuestiones organizativas internas y situaciones similares.<\/p>\n<p>As\u00ed pues, las denuncias deben ser circunstanciadas y basarse en elementos precisos y concordantes y deben contener, en la medida de lo posible, la informaci\u00f3n necesaria para identificar a los autores de la conducta il\u00edcita.<\/p>\n<p>Por lo tanto, el sujeto obligado est\u00e1 obligado a informar de forma clara y completa de todos los elementos que sean \u00fatiles para realizar las comprobaciones y verificaciones necesarias para evaluar los m\u00e9ritos y la objetividad del informe.<\/p>\n<p>La Empresa firmante garantiza la confidencialidad de la identidad del denunciante y del denunciado en la forma prevista en la legislaci\u00f3n vigente.<br \/>\nNo obstante, la denuncia tambi\u00e9n podr\u00e1 ser an\u00f3nima. <\/p>\n<p>Todas las denuncias, incluidas las an\u00f3nimas, son examinadas cuidadosamente y tratadas por personas especialmente autorizadas.<br \/>\nSiempre que es posible, se proporciona al denunciante una respuesta adecuada dentro de los plazos legales. <\/p>\n<p>Los datos personales se procesan de conformidad con el Reglamento Europeo 2016\/679 y el D. Lgs.<br \/>\n196\/2003, en la medida en que sigan siendo aplicables.<br \/>\nA este respecto, te rogamos que leas atentamente la informaci\u00f3n que figura a continuaci\u00f3n.  <\/p>\n<p>Los informes pueden hacerse\/enviarse a trav\u00e9s de los siguientes canales alternativos confidenciales<\/p>\n<p>&#8211; llamando al n\u00famero gratuito: 800.033.720 &#8211; operativo de lunes a viernes de 9.30 a 12.30 h;<\/p>\n<p>&#8211; rellenando el formulario del portal de denuncias, al que puedes acceder a trav\u00e9s del siguiente enlace: <a href=\"http:\/\/www.whistleblowingfacile.it\/\">www.whistleblowingfacile.it ;<\/a><\/p>\n<p>&#8211; escribiendo a la empresa consultora externa: Winger S.r.l. &#8211; Ufficio Segnalazioni D. Lgs.<br \/>\n24\/2023 &#8211; Via Piccard 16\/G, 42124, Reggio Emilia (RE); <\/p>\n<p>&#8211; concertando una cita con un profesional especialmente designado en las oficinas de la empresa externa Winger S.r.l., situadas en via Piccard 16\/G, Reggio Emilia (RE).<\/p><\/p>\n\t\t\t\t\t\t\t\t<\/div>\n\t\t\t\t<\/div>\n\t\t\t\t\t<\/div>\n\t\t\t\t<\/div>\n\t\t<div class=\"elementor-element elementor-element-68b32ad e-flex e-con-boxed e-con e-parent\" data-id=\"68b32ad\" data-element_type=\"container\" data-e-type=\"container\">\n\t\t\t\t\t<div class=\"e-con-inner\">\n\t\t\t\t<div class=\"elementor-element elementor-element-e236705 elementor-widget elementor-widget-text-editor\" data-id=\"e236705\" data-element_type=\"widget\" data-e-type=\"widget\" data-widget_type=\"text-editor.default\">\n\t\t\t\t<div class=\"elementor-widget-container\">\n\t\t\t\t\t\t\t\t\t<p class=\"testo-piccolo\">Informaci\u00f3n al reportero emitida de conformidad con el Art.\n13 del Reglamento Europeo 2016\/679 <\/p>\n<p class=\"testo-piccolo\">CONSIDERANDO que, como consecuencia de la notificaci\u00f3n efectuada por ti de conformidad con lo dispuesto en la Leg.\n24\/2023, nuestra empresa puede encontrarse recogiendo y procesando tus datos personales; en aras de la claridad, especificamos las siguientes definiciones dadas por el Reglamento Europeo 2016\/679: <br>Por \u00abdatos personales\u00bb se entender\u00e1 toda informaci\u00f3n sobre una persona f\u00edsica identificada o identificable (\u00abinteresado\u00bb); se considerar\u00e1 identificable toda persona cuya identidad pueda determinarse, directa o indirectamente, en particular mediante un identificador, como por ejemplo un nombre, un n\u00famero de identificaci\u00f3n, datos de localizaci\u00f3n, un identificador en l\u00ednea o uno o varios elementos espec\u00edficos, caracter\u00edsticos de su identidad f\u00edsica, fisiol\u00f3gica, gen\u00e9tica, ps\u00edquica, econ\u00f3mica, cultural o social. Cualquier operaci\u00f3n o conjunto de operaciones, efectuadas o no por medios automatizados, que se realicen con datos personales o conjuntos de datos personales, como la recogida, registro, organizaci\u00f3n, estructuraci\u00f3n, conservaci\u00f3n, adaptaci\u00f3n o modificaci\u00f3n, extracci\u00f3n, consulta, utilizaci\u00f3n, comunicaci\u00f3n por transmisi\u00f3n, difusi\u00f3n o cualquier otra forma de habilitaci\u00f3n de acceso, comparaci\u00f3n o interconexi\u00f3n, limitaci\u00f3n, supresi\u00f3n o destrucci\u00f3n.\n<br><br>Dicho esto, de conformidad con el art\u00edculo 13 del Reglamento Europeo 2016\/679, te informamos de que la recogida y el tratamiento de los datos personales ser\u00e1n realizados por la empresa que suscribe de conformidad con lo siguiente: 1. Finalidad: los datos ser\u00e1n tratados exclusivamente con la finalidad de gestionar el informe de conformidad con lo dispuesto en el Decreto Legislativo\n24\/2023, para satisfacer tus eventuales solicitudes, para el correcto cumplimiento de los requisitos burocr\u00e1ticos, legales y t\u00e9cnicos y para ulteriores actividades obligatorias por ley;  <br>2. modalidades: los datos se tratar\u00e1n utilizando instrumentos\/soportes tanto en papel como electr\u00f3nicos\/inform\u00e1ticos\/telem\u00e1ticos, en pleno cumplimiento de la ley, seg\u00fan los principios de licitud y correcci\u00f3n y de forma que se proteja tu confidencialidad;<br>3. Suministro facultativo de datos: el suministro de datos es facultativo y no obligatorio;<br>4. consecuencias de la negativa: la negativa a facilitar determinados datos para los fines mencionados puede hacer que nos resulte imposible tratar tu informe de la mejor manera posible, darte una respuesta adecuada o satisfacer tus solicitudes;<br>5. sujetos o categor\u00edas de sujetos (destinatarios) a los que se pueden comunicar o difundir los datos: los datos derivados de la notificaci\u00f3n se enviar\u00e1n a la empresa Winger S.r.l. con sede en Reggio Emilia, via Piccard 16\/G, que act\u00faa como gestor externo en virtud del art.\n28 del Reglamento Europeo 2016\/679 y se comunicar\u00e1n a los responsables de la empresa espec\u00edficamente autorizados por nuestra empresa.\nLos datos podr\u00e1n entonces ser eventualmente comunicados a terceros s\u00f3lo para cumplir obligaciones legales y seg\u00fan los procedimientos previstos por el Decreto Legislativo\n24\/2023.\n<br><br><br>Los datos no se divulgar\u00e1n bajo ninguna circunstancia; 6. personas autorizadas a procesar los datos: los datos ser\u00e1n procesados exclusivamente por un n\u00famero muy limitado de personal especialmente autorizado; 7. procesos de toma de decisiones automatizados (por ejemplo, elaboraci\u00f3n de perfiles): los procesos de toma de decisiones automatizados no se gestionan de ninguna manera; 8. derechos del interesado: tienes derecho a acceder a tus datos personales. Derechos del interesado: tienes todos los derechos consagrados en el Reglamento Europeo 2016\/679, como el derecho a solicitar el acceso y la rectificaci\u00f3n de tus datos personales, su supresi\u00f3n, la limitaci\u00f3n de su tratamiento, el derecho a oponerte a su tratamiento, as\u00ed como el derecho a la portabilidad de los datos.\n<br><br>Tambi\u00e9n tiene derecho a presentar una reclamaci\u00f3n ante la Autoridad de Control; 9. transferencias a terceros pa\u00edses: los datos no se transfieren a terceros pa\u00edses; 10. periodo de conservaci\u00f3n de los datos: los datos se conservar\u00e1n durante el periodo estrictamente necesario para gestionar los informes y, en cualquier caso, de conformidad con lo dispuesto en el Decreto Legislativo\n<br>24\/2023 y la normativa vigente; 11. responsable del tratamiento: el responsable del tratamiento es la empresa firmante MF Inox Srl, con domicilio social en Albese con Cassano (CO), Via Meucci n.\n<br>12, en la persona de su representante legal pro tempore. La presente nota informativa podr\u00e1 completarse, oralmente o por escrito, con otros elementos e indicaciones, con el fin de satisfacer mejor cualquiera de tus necesidades de informaci\u00f3n en materia de \u00abPrivacidad\u00bb y para cumplir con la evoluci\u00f3n de la normativa.       <\/p>\n<p>MF Inox Srl<\/p>\t\t\t\t\t\t\t\t<\/div>\n\t\t\t\t<\/div>\n\t\t\t\t\t<\/div>\n\t\t\t\t<\/div>\n\t\t\t\t<\/div>\n\t\t","protected":false},"excerpt":{"rendered":"<p>Denuncia de irregularidades MF INOX Srl, en cumplimiento de las disposiciones del Decreto Legislativo 24\/2023, ha establecido canales especiales reservados (v\u00e9ase m\u00e1s abajo) que pueden utilizarse para denunciar violaciones de la normativa nacional o de la Uni\u00f3n Europea que puedan producirse en el seno de la empresa. Se deja claro que los canales confidenciales que [&hellip;]<\/p>\n","protected":false},"author":1,"featured_media":0,"parent":0,"menu_order":0,"comment_status":"closed","ping_status":"closed","template":"","meta":{"footnotes":""},"class_list":["post-5827","page","type-page","status-publish","hentry"],"yoast_head":"<!-- This site is optimized with the Yoast SEO plugin v27.6 - https:\/\/yoast.com\/product\/yoast-seo-wordpress\/ -->\n<title>Denuncia de irregularidades - M.F. INOX<\/title>\n<meta name=\"robots\" content=\"index, follow, max-snippet:-1, max-image-preview:large, max-video-preview:-1\" \/>\n<link rel=\"canonical\" href=\"https:\/\/mfinox.com\/es\/denuncia-de-irregularidades\/\" \/>\n<meta property=\"og:locale\" content=\"es_ES\" \/>\n<meta property=\"og:type\" content=\"article\" \/>\n<meta property=\"og:title\" content=\"Denuncia de irregularidades - M.F. INOX\" \/>\n<meta property=\"og:description\" content=\"Denuncia de irregularidades MF INOX Srl, en cumplimiento de las disposiciones del Decreto Legislativo 24\/2023, ha establecido canales especiales reservados (v\u00e9ase m\u00e1s abajo) que pueden utilizarse para denunciar violaciones de la normativa nacional o de la Uni\u00f3n Europea que puedan producirse en el seno de la empresa. Se deja claro que los canales confidenciales que [&hellip;]\" \/>\n<meta property=\"og:url\" content=\"https:\/\/mfinox.com\/es\/denuncia-de-irregularidades\/\" \/>\n<meta property=\"og:site_name\" content=\"M.F. INOX\" \/>\n<meta property=\"article:modified_time\" content=\"2024-09-06T09:34:39+00:00\" \/>\n<meta name=\"twitter:card\" content=\"summary_large_image\" \/>\n<meta name=\"twitter:label1\" content=\"Tiempo de lectura\" \/>\n\t<meta name=\"twitter:data1\" content=\"6 minutos\" \/>\n<script type=\"application\/ld+json\" class=\"yoast-schema-graph\">{\"@context\":\"https:\\\/\\\/schema.org\",\"@graph\":[{\"@type\":\"WebPage\",\"@id\":\"https:\\\/\\\/mfinox.com\\\/es\\\/denuncia-de-irregularidades\\\/\",\"url\":\"https:\\\/\\\/mfinox.com\\\/es\\\/denuncia-de-irregularidades\\\/\",\"name\":\"Denuncia de irregularidades - M.F. INOX\",\"isPartOf\":{\"@id\":\"https:\\\/\\\/mfinox.com\\\/es\\\/#website\"},\"datePublished\":\"2024-09-06T06:07:57+00:00\",\"dateModified\":\"2024-09-06T09:34:39+00:00\",\"breadcrumb\":{\"@id\":\"https:\\\/\\\/mfinox.com\\\/es\\\/denuncia-de-irregularidades\\\/#breadcrumb\"},\"inLanguage\":\"es\",\"potentialAction\":[{\"@type\":\"ReadAction\",\"target\":[\"https:\\\/\\\/mfinox.com\\\/es\\\/denuncia-de-irregularidades\\\/\"]}]},{\"@type\":\"BreadcrumbList\",\"@id\":\"https:\\\/\\\/mfinox.com\\\/es\\\/denuncia-de-irregularidades\\\/#breadcrumb\",\"itemListElement\":[{\"@type\":\"ListItem\",\"position\":1,\"name\":\"Home\",\"item\":\"https:\\\/\\\/mfinox.com\\\/es\\\/\"},{\"@type\":\"ListItem\",\"position\":2,\"name\":\"Denuncia de irregularidades\"}]},{\"@type\":\"WebSite\",\"@id\":\"https:\\\/\\\/mfinox.com\\\/es\\\/#website\",\"url\":\"https:\\\/\\\/mfinox.com\\\/es\\\/\",\"name\":\"M.F. INOX\",\"description\":\"\",\"publisher\":{\"@id\":\"https:\\\/\\\/mfinox.com\\\/es\\\/#organization\"},\"potentialAction\":[{\"@type\":\"SearchAction\",\"target\":{\"@type\":\"EntryPoint\",\"urlTemplate\":\"https:\\\/\\\/mfinox.com\\\/es\\\/?s={search_term_string}\"},\"query-input\":{\"@type\":\"PropertyValueSpecification\",\"valueRequired\":true,\"valueName\":\"search_term_string\"}}],\"inLanguage\":\"es\"},{\"@type\":\"Organization\",\"@id\":\"https:\\\/\\\/mfinox.com\\\/es\\\/#organization\",\"name\":\"M.F. INOX\",\"url\":\"https:\\\/\\\/mfinox.com\\\/es\\\/\",\"logo\":{\"@type\":\"ImageObject\",\"inLanguage\":\"es\",\"@id\":\"https:\\\/\\\/mfinox.com\\\/es\\\/#\\\/schema\\\/logo\\\/image\\\/\",\"url\":\"https:\\\/\\\/mfinox.com\\\/wp-content\\\/uploads\\\/2024\\\/05\\\/mf-inox_logo_neg.png\",\"contentUrl\":\"https:\\\/\\\/mfinox.com\\\/wp-content\\\/uploads\\\/2024\\\/05\\\/mf-inox_logo_neg.png\",\"width\":1949,\"height\":662,\"caption\":\"M.F. INOX\"},\"image\":{\"@id\":\"https:\\\/\\\/mfinox.com\\\/es\\\/#\\\/schema\\\/logo\\\/image\\\/\"}}]}<\/script>\n<!-- \/ Yoast SEO plugin. -->","yoast_head_json":{"title":"Denuncia de irregularidades - M.F. INOX","robots":{"index":"index","follow":"follow","max-snippet":"max-snippet:-1","max-image-preview":"max-image-preview:large","max-video-preview":"max-video-preview:-1"},"canonical":"https:\/\/mfinox.com\/es\/denuncia-de-irregularidades\/","og_locale":"es_ES","og_type":"article","og_title":"Denuncia de irregularidades - M.F. INOX","og_description":"Denuncia de irregularidades MF INOX Srl, en cumplimiento de las disposiciones del Decreto Legislativo 24\/2023, ha establecido canales especiales reservados (v\u00e9ase m\u00e1s abajo) que pueden utilizarse para denunciar violaciones de la normativa nacional o de la Uni\u00f3n Europea que puedan producirse en el seno de la empresa. Se deja claro que los canales confidenciales que [&hellip;]","og_url":"https:\/\/mfinox.com\/es\/denuncia-de-irregularidades\/","og_site_name":"M.F. INOX","article_modified_time":"2024-09-06T09:34:39+00:00","twitter_card":"summary_large_image","twitter_misc":{"Tiempo de lectura":"6 minutos"},"schema":{"@context":"https:\/\/schema.org","@graph":[{"@type":"WebPage","@id":"https:\/\/mfinox.com\/es\/denuncia-de-irregularidades\/","url":"https:\/\/mfinox.com\/es\/denuncia-de-irregularidades\/","name":"Denuncia de irregularidades - M.F. INOX","isPartOf":{"@id":"https:\/\/mfinox.com\/es\/#website"},"datePublished":"2024-09-06T06:07:57+00:00","dateModified":"2024-09-06T09:34:39+00:00","breadcrumb":{"@id":"https:\/\/mfinox.com\/es\/denuncia-de-irregularidades\/#breadcrumb"},"inLanguage":"es","potentialAction":[{"@type":"ReadAction","target":["https:\/\/mfinox.com\/es\/denuncia-de-irregularidades\/"]}]},{"@type":"BreadcrumbList","@id":"https:\/\/mfinox.com\/es\/denuncia-de-irregularidades\/#breadcrumb","itemListElement":[{"@type":"ListItem","position":1,"name":"Home","item":"https:\/\/mfinox.com\/es\/"},{"@type":"ListItem","position":2,"name":"Denuncia de irregularidades"}]},{"@type":"WebSite","@id":"https:\/\/mfinox.com\/es\/#website","url":"https:\/\/mfinox.com\/es\/","name":"M.F. INOX","description":"","publisher":{"@id":"https:\/\/mfinox.com\/es\/#organization"},"potentialAction":[{"@type":"SearchAction","target":{"@type":"EntryPoint","urlTemplate":"https:\/\/mfinox.com\/es\/?s={search_term_string}"},"query-input":{"@type":"PropertyValueSpecification","valueRequired":true,"valueName":"search_term_string"}}],"inLanguage":"es"},{"@type":"Organization","@id":"https:\/\/mfinox.com\/es\/#organization","name":"M.F. INOX","url":"https:\/\/mfinox.com\/es\/","logo":{"@type":"ImageObject","inLanguage":"es","@id":"https:\/\/mfinox.com\/es\/#\/schema\/logo\/image\/","url":"https:\/\/mfinox.com\/wp-content\/uploads\/2024\/05\/mf-inox_logo_neg.png","contentUrl":"https:\/\/mfinox.com\/wp-content\/uploads\/2024\/05\/mf-inox_logo_neg.png","width":1949,"height":662,"caption":"M.F. INOX"},"image":{"@id":"https:\/\/mfinox.com\/es\/#\/schema\/logo\/image\/"}}]}},"_links":{"self":[{"href":"https:\/\/mfinox.com\/es\/wp-json\/wp\/v2\/pages\/5827","targetHints":{"allow":["GET"]}}],"collection":[{"href":"https:\/\/mfinox.com\/es\/wp-json\/wp\/v2\/pages"}],"about":[{"href":"https:\/\/mfinox.com\/es\/wp-json\/wp\/v2\/types\/page"}],"author":[{"embeddable":true,"href":"https:\/\/mfinox.com\/es\/wp-json\/wp\/v2\/users\/1"}],"replies":[{"embeddable":true,"href":"https:\/\/mfinox.com\/es\/wp-json\/wp\/v2\/comments?post=5827"}],"version-history":[{"count":0,"href":"https:\/\/mfinox.com\/es\/wp-json\/wp\/v2\/pages\/5827\/revisions"}],"wp:attachment":[{"href":"https:\/\/mfinox.com\/es\/wp-json\/wp\/v2\/media?parent=5827"}],"curies":[{"name":"wp","href":"https:\/\/api.w.org\/{rel}","templated":true}]}}