{"id":5578,"date":"2024-06-11T16:34:12","date_gmt":"2024-06-11T16:34:12","guid":{"rendered":"https:\/\/mfinox.com\/productos\/nueces\/"},"modified":"2024-09-26T06:31:45","modified_gmt":"2024-09-26T06:31:45","slug":"tuercas","status":"publish","type":"page","link":"https:\/\/mfinox.com\/es\/productos\/tuercas\/","title":{"rendered":"Tuercas"},"content":{"rendered":"\t\t<div data-elementor-type=\"wp-page\" data-elementor-id=\"5578\" class=\"elementor elementor-5578 elementor-1836\" data-elementor-post-type=\"page\">\n\t\t\t\t<div class=\"elementor-element elementor-element-52fbfd6d e-flex e-con-boxed e-con e-parent\" data-id=\"52fbfd6d\" data-element_type=\"container\" data-e-type=\"container\" data-settings=\"{&quot;background_background&quot;:&quot;classic&quot;}\">\n\t\t\t\t\t<div class=\"e-con-inner\">\n\t\t\t\t<div class=\"elementor-element elementor-element-55bd7916 elementor-invisible elementor-widget elementor-widget-heading\" data-id=\"55bd7916\" data-element_type=\"widget\" data-e-type=\"widget\" data-settings=\"{&quot;_animation&quot;:&quot;fadeIn&quot;}\" data-widget_type=\"heading.default\">\n\t\t\t\t<div class=\"elementor-widget-container\">\n\t\t\t\t\t<h1 class=\"elementor-heading-title elementor-size-default\">Tuercas<\/h1>\t\t\t\t<\/div>\n\t\t\t\t<\/div>\n\t\t\t\t<div class=\"elementor-element elementor-element-c90bd44 elementor-invisible elementor-widget elementor-widget-shortcode\" data-id=\"c90bd44\" data-element_type=\"widget\" data-e-type=\"widget\" data-settings=\"{&quot;_animation&quot;:&quot;fadeIn&quot;}\" data-widget_type=\"shortcode.default\">\n\t\t\t\t<div class=\"elementor-widget-container\">\n\t\t\t\t\t\t\t<div class=\"elementor-shortcode\"><nav aria-label=\"breadcrumb\"><div class=\"breadcrumb\"><span class=\"breadcrumb-item\"><a href=\"https:\/\/mfinox.com\/es\/\" style=\"color: #F3912E;\">Home<\/a><\/span><\/div><\/nav><\/div>\n\t\t\t\t\t\t<\/div>\n\t\t\t\t<\/div>\n\t\t\t\t\t<\/div>\n\t\t\t\t<\/div>\n\t\t<div class=\"elementor-element elementor-element-37d68f73 e-flex e-con-boxed elementor-invisible e-con e-parent\" data-id=\"37d68f73\" data-element_type=\"container\" data-e-type=\"container\" data-settings=\"{&quot;animation&quot;:&quot;fadeInUp&quot;}\">\n\t\t\t\t\t<div class=\"e-con-inner\">\n\t\t\t\t<div class=\"elementor-element elementor-element-178ad971 elementor-widget elementor-widget-text-editor\" data-id=\"178ad971\" data-element_type=\"widget\" data-e-type=\"widget\" data-widget_type=\"text-editor.default\">\n\t\t\t\t<div class=\"elementor-widget-container\">\n\t\t\t\t\t\t\t\t\t<p>Nuestras tuercas forjadas en caliente o mecanizadas en aleaciones d\u00faplex, superd\u00faplex, n\u00edquel y titanio son la opci\u00f3n ideal para tus aplicaciones m\u00e1s cr\u00edticas, especialmente en entornos resistentes a la corrosi\u00f3n t\u00edpicos de las industrias energ\u00e9tica, marina, submarina, de infraestructuras y de petr\u00f3leo y gas.<\/p>\n<\/p>\n<h2>Cumplimiento de la normativa<\/h2>\n<p>Fabricamos tuercas hexagonales altas, bajas y medias, tuercas autoblocantes altas y bajas, tuercas autoblocantes met\u00e1licas con roscas de paso grueso y fino, todo ello de acuerdo con las principales normas internacionales DIN, ISO, NFE, ANSI, UNI, BS entre las que se encuentran las principales:<\/p>\n<p><\/p>\n<table class=\"responsive-table\">\n<tbody>\n<tr>\n<th>DIN<\/th>\n<th>ISO<\/th>\n<th>ENF<\/th>\n<th>ANSI<\/th>\n<th>UNI<\/th>\n<th>BS<\/th>\n<\/tr>\n<tr>\n<td>934<\/td>\n<td>4032<\/td>\n<td>25401<\/td>\n<td>B 18.2.2<\/td>\n<td>5588<\/td>\n<td>3692<\/td>\n<\/tr>\n<tr>\n<td>439<\/td>\n<td>4033<\/td>\n<td>25402<\/td>\n<td> <\/td>\n<td>5589<\/td>\n<td> <\/td>\n<\/tr>\n<tr>\n<td>936<\/td>\n<td>4035<\/td>\n<td>25405<\/td>\n<td> <\/td>\n<td>5590<\/td>\n<td> <\/td>\n<\/tr>\n<tr>\n<td>2510<\/td>\n<td>10511<\/td>\n<td>24032<\/td>\n<td> <\/td>\n<td>5587<\/td>\n<td> <\/td>\n<\/tr>\n<tr>\n<td>982<\/td>\n<td>10512<\/td>\n<td>24035<\/td>\n<td> <\/td>\n<td>5713<\/td>\n<td> <\/td>\n<\/tr>\n<tr>\n<td>985<\/td>\n<td>7042<\/td>\n<td>25405<\/td>\n<td> <\/td>\n<td> <\/td>\n<td> <\/td>\n<\/tr>\n<tr>\n<td>980<\/td>\n<td>7040<\/td>\n<td>25125<\/td>\n<td> <\/td>\n<td> <\/td>\n<td> <\/td>\n<\/tr>\n<tr>\n<td>6330<\/td>\n<td>7043<\/td>\n<td>24762<\/td>\n<td> <\/td>\n<td> <\/td>\n<td> <\/td>\n<\/tr>\n<tr>\n<td>6334<\/td>\n<td>7414<\/td>\n<td>27711<\/td>\n<td> <\/td>\n<td> <\/td>\n<td> <\/td>\n<\/tr>\n<tr>\n<td>6915<\/td>\n<td> <\/td>\n<td> <\/td>\n<td> <\/td>\n<td> <\/td>\n<td> <\/td>\n<\/tr>\n<\/tbody>\n<\/table>\n<h2>Referencias normativas<\/h2>\n<ul>\n<li>ISO 3506-2<\/li>\n<li>ES 898<\/li>\n<li>EN 10269<\/li>\n<li>DIN 2510<\/li>\n<li>UNI 3740<\/li>\n<li>ASTM F468<\/li>\n<li>1993-1-4:2015-10\/EUROCODE 3-ANNEX A Clase CRC<\/li>\n<li>NACE MR0103\/0175<\/li>\n<\/ul>\n\t\t\t\t\t\t\t\t<\/div>\n\t\t\t\t<\/div>\n\t\t\t\t\t<\/div>\n\t\t\t\t<\/div>\n\t\t<div class=\"elementor-element elementor-element-1f0146a e-flex e-con-boxed e-con e-parent\" data-id=\"1f0146a\" data-element_type=\"container\" data-e-type=\"container\">\n\t\t\t\t\t<div class=\"e-con-inner\">\n\t\t\t\t<div class=\"elementor-element elementor-element-9d859ff elementor-widget elementor-widget-shortcode\" data-id=\"9d859ff\" data-element_type=\"widget\" data-e-type=\"widget\" data-widget_type=\"shortcode.default\">\n\t\t\t\t<div class=\"elementor-widget-container\">\n\t\t\t\t\t\t\t<div class=\"elementor-shortcode\">\t\t<div data-elementor-type=\"section\" data-elementor-id=\"3064\" class=\"elementor elementor-3064\" data-elementor-post-type=\"elementor_library\">\n\t\t\t<div class=\"elementor-element elementor-element-41265a3 e-flex e-con-boxed e-con e-parent\" data-id=\"41265a3\" data-element_type=\"container\" data-e-type=\"container\">\n\t\t\t\t\t<div class=\"e-con-inner\">\n\t\t\t\t<div class=\"elementor-element elementor-element-bcf5082 elementor-widget elementor-widget-shortcode\" data-id=\"bcf5082\" data-element_type=\"widget\" data-e-type=\"widget\" data-widget_type=\"shortcode.default\">\n\t\t\t\t<div class=\"elementor-widget-container\">\n\t\t\t\t\t\t\t<div class=\"elementor-shortcode\">\t\t<div data-elementor-type=\"section\" data-elementor-id=\"1050\" class=\"elementor elementor-1050\" data-elementor-post-type=\"elementor_library\">\n\t\t\t<div class=\"elementor-element elementor-element-44c4cce e-flex e-con-boxed e-con e-parent\" data-id=\"44c4cce\" data-element_type=\"container\" data-e-type=\"container\">\n\t\t\t\t\t<div class=\"e-con-inner\">\n\t\t\t\t<div class=\"elementor-element elementor-element-f4915f6 elementor-align-center elementor-widget elementor-widget-button\" data-id=\"f4915f6\" data-element_type=\"widget\" data-e-type=\"widget\" data-widget_type=\"button.default\">\n\t\t\t\t<div class=\"elementor-widget-container\">\n\t\t\t\t\t\t\t\t\t<div class=\"elementor-button-wrapper\">\n\t\t\t\t\t<a class=\"elementor-button elementor-button-link elementor-size-sm\" href=\"https:\/\/mfinox.com\/contatti\/\">\n\t\t\t\t\t\t<span class=\"elementor-button-content-wrapper\">\n\t\t\t\t\t\t\t\t\t<span class=\"elementor-button-text\">Contattaci<\/span>\n\t\t\t\t\t<\/span>\n\t\t\t\t\t<\/a>\n\t\t\t\t<\/div>\n\t\t\t\t\t\t\t\t<\/div>\n\t\t\t\t<\/div>\n\t\t\t\t\t<\/div>\n\t\t\t\t<\/div>\n\t\t\t\t<\/div>\n\t\t<\/div>\n\t\t\t\t\t\t<\/div>\n\t\t\t\t<\/div>\n\t\t\t\t\t<\/div>\n\t\t\t\t<\/div>\n\t\t\t\t<\/div>\n\t\t<\/div>\n\t\t\t\t\t\t<\/div>\n\t\t\t\t<\/div>\n\t\t\t\t\t<\/div>\n\t\t\t\t<\/div>\n\t\t\t\t<\/div>\n\t\t","protected":false},"excerpt":{"rendered":"<p>Tuercas Nuestras tuercas forjadas en caliente o mecanizadas en aleaciones d\u00faplex, superd\u00faplex, n\u00edquel y titanio son la opci\u00f3n ideal para tus aplicaciones m\u00e1s cr\u00edticas, especialmente en entornos resistentes a la corrosi\u00f3n t\u00edpicos de las industrias energ\u00e9tica, marina, submarina, de infraestructuras y de petr\u00f3leo y gas. Cumplimiento de la normativa Fabricamos tuercas hexagonales altas, bajas y [&hellip;]<\/p>\n","protected":false},"author":1,"featured_media":0,"parent":5571,"menu_order":0,"comment_status":"closed","ping_status":"closed","template":"","meta":{"footnotes":""},"class_list":["post-5578","page","type-page","status-publish","hentry"],"yoast_head":"<!-- This site is optimized with the Yoast SEO plugin v27.6 - https:\/\/yoast.com\/product\/yoast-seo-wordpress\/ -->\n<title>Tuercas - M.F. INOX<\/title>\n<meta name=\"robots\" content=\"index, follow, max-snippet:-1, max-image-preview:large, max-video-preview:-1\" \/>\n<link rel=\"canonical\" href=\"https:\/\/mfinox.com\/es\/productos\/tuercas\/\" \/>\n<meta property=\"og:locale\" content=\"es_ES\" \/>\n<meta property=\"og:type\" content=\"article\" \/>\n<meta property=\"og:title\" content=\"Tuercas - M.F. INOX\" \/>\n<meta property=\"og:description\" content=\"Tuercas Nuestras tuercas forjadas en caliente o mecanizadas en aleaciones d\u00faplex, superd\u00faplex, n\u00edquel y titanio son la opci\u00f3n ideal para tus aplicaciones m\u00e1s cr\u00edticas, especialmente en entornos resistentes a la corrosi\u00f3n t\u00edpicos de las industrias energ\u00e9tica, marina, submarina, de infraestructuras y de petr\u00f3leo y gas. Cumplimiento de la normativa Fabricamos tuercas hexagonales altas, bajas y [&hellip;]\" \/>\n<meta property=\"og:url\" content=\"https:\/\/mfinox.com\/es\/productos\/tuercas\/\" \/>\n<meta property=\"og:site_name\" content=\"M.F. INOX\" \/>\n<meta property=\"article:modified_time\" content=\"2024-09-26T06:31:45+00:00\" \/>\n<meta name=\"twitter:card\" content=\"summary_large_image\" \/>\n<meta name=\"twitter:label1\" content=\"Tiempo de lectura\" \/>\n\t<meta name=\"twitter:data1\" content=\"1 minuto\" \/>\n<script type=\"application\/ld+json\" class=\"yoast-schema-graph\">{\"@context\":\"https:\\\/\\\/schema.org\",\"@graph\":[{\"@type\":\"WebPage\",\"@id\":\"https:\\\/\\\/mfinox.com\\\/es\\\/productos\\\/tuercas\\\/\",\"url\":\"https:\\\/\\\/mfinox.com\\\/es\\\/productos\\\/tuercas\\\/\",\"name\":\"Tuercas - M.F. INOX\",\"isPartOf\":{\"@id\":\"https:\\\/\\\/mfinox.com\\\/es\\\/#website\"},\"datePublished\":\"2024-06-11T16:34:12+00:00\",\"dateModified\":\"2024-09-26T06:31:45+00:00\",\"breadcrumb\":{\"@id\":\"https:\\\/\\\/mfinox.com\\\/es\\\/productos\\\/tuercas\\\/#breadcrumb\"},\"inLanguage\":\"es\",\"potentialAction\":[{\"@type\":\"ReadAction\",\"target\":[\"https:\\\/\\\/mfinox.com\\\/es\\\/productos\\\/tuercas\\\/\"]}]},{\"@type\":\"BreadcrumbList\",\"@id\":\"https:\\\/\\\/mfinox.com\\\/es\\\/productos\\\/tuercas\\\/#breadcrumb\",\"itemListElement\":[{\"@type\":\"ListItem\",\"position\":1,\"name\":\"Home\",\"item\":\"https:\\\/\\\/mfinox.com\\\/es\\\/\"},{\"@type\":\"ListItem\",\"position\":2,\"name\":\"Productos\",\"item\":\"https:\\\/\\\/mfinox.com\\\/es\\\/productos\\\/\"},{\"@type\":\"ListItem\",\"position\":3,\"name\":\"Tuercas\"}]},{\"@type\":\"WebSite\",\"@id\":\"https:\\\/\\\/mfinox.com\\\/es\\\/#website\",\"url\":\"https:\\\/\\\/mfinox.com\\\/es\\\/\",\"name\":\"M.F. INOX\",\"description\":\"\",\"publisher\":{\"@id\":\"https:\\\/\\\/mfinox.com\\\/es\\\/#organization\"},\"potentialAction\":[{\"@type\":\"SearchAction\",\"target\":{\"@type\":\"EntryPoint\",\"urlTemplate\":\"https:\\\/\\\/mfinox.com\\\/es\\\/?s={search_term_string}\"},\"query-input\":{\"@type\":\"PropertyValueSpecification\",\"valueRequired\":true,\"valueName\":\"search_term_string\"}}],\"inLanguage\":\"es\"},{\"@type\":\"Organization\",\"@id\":\"https:\\\/\\\/mfinox.com\\\/es\\\/#organization\",\"name\":\"M.F. INOX\",\"url\":\"https:\\\/\\\/mfinox.com\\\/es\\\/\",\"logo\":{\"@type\":\"ImageObject\",\"inLanguage\":\"es\",\"@id\":\"https:\\\/\\\/mfinox.com\\\/es\\\/#\\\/schema\\\/logo\\\/image\\\/\",\"url\":\"https:\\\/\\\/mfinox.com\\\/wp-content\\\/uploads\\\/2024\\\/05\\\/mf-inox_logo_neg.png\",\"contentUrl\":\"https:\\\/\\\/mfinox.com\\\/wp-content\\\/uploads\\\/2024\\\/05\\\/mf-inox_logo_neg.png\",\"width\":1949,\"height\":662,\"caption\":\"M.F. INOX\"},\"image\":{\"@id\":\"https:\\\/\\\/mfinox.com\\\/es\\\/#\\\/schema\\\/logo\\\/image\\\/\"}}]}<\/script>\n<!-- \/ Yoast SEO plugin. -->","yoast_head_json":{"title":"Tuercas - M.F. INOX","robots":{"index":"index","follow":"follow","max-snippet":"max-snippet:-1","max-image-preview":"max-image-preview:large","max-video-preview":"max-video-preview:-1"},"canonical":"https:\/\/mfinox.com\/es\/productos\/tuercas\/","og_locale":"es_ES","og_type":"article","og_title":"Tuercas - M.F. INOX","og_description":"Tuercas Nuestras tuercas forjadas en caliente o mecanizadas en aleaciones d\u00faplex, superd\u00faplex, n\u00edquel y titanio son la opci\u00f3n ideal para tus aplicaciones m\u00e1s cr\u00edticas, especialmente en entornos resistentes a la corrosi\u00f3n t\u00edpicos de las industrias energ\u00e9tica, marina, submarina, de infraestructuras y de petr\u00f3leo y gas. Cumplimiento de la normativa Fabricamos tuercas hexagonales altas, bajas y [&hellip;]","og_url":"https:\/\/mfinox.com\/es\/productos\/tuercas\/","og_site_name":"M.F. INOX","article_modified_time":"2024-09-26T06:31:45+00:00","twitter_card":"summary_large_image","twitter_misc":{"Tiempo de lectura":"1 minuto"},"schema":{"@context":"https:\/\/schema.org","@graph":[{"@type":"WebPage","@id":"https:\/\/mfinox.com\/es\/productos\/tuercas\/","url":"https:\/\/mfinox.com\/es\/productos\/tuercas\/","name":"Tuercas - M.F. INOX","isPartOf":{"@id":"https:\/\/mfinox.com\/es\/#website"},"datePublished":"2024-06-11T16:34:12+00:00","dateModified":"2024-09-26T06:31:45+00:00","breadcrumb":{"@id":"https:\/\/mfinox.com\/es\/productos\/tuercas\/#breadcrumb"},"inLanguage":"es","potentialAction":[{"@type":"ReadAction","target":["https:\/\/mfinox.com\/es\/productos\/tuercas\/"]}]},{"@type":"BreadcrumbList","@id":"https:\/\/mfinox.com\/es\/productos\/tuercas\/#breadcrumb","itemListElement":[{"@type":"ListItem","position":1,"name":"Home","item":"https:\/\/mfinox.com\/es\/"},{"@type":"ListItem","position":2,"name":"Productos","item":"https:\/\/mfinox.com\/es\/productos\/"},{"@type":"ListItem","position":3,"name":"Tuercas"}]},{"@type":"WebSite","@id":"https:\/\/mfinox.com\/es\/#website","url":"https:\/\/mfinox.com\/es\/","name":"M.F. INOX","description":"","publisher":{"@id":"https:\/\/mfinox.com\/es\/#organization"},"potentialAction":[{"@type":"SearchAction","target":{"@type":"EntryPoint","urlTemplate":"https:\/\/mfinox.com\/es\/?s={search_term_string}"},"query-input":{"@type":"PropertyValueSpecification","valueRequired":true,"valueName":"search_term_string"}}],"inLanguage":"es"},{"@type":"Organization","@id":"https:\/\/mfinox.com\/es\/#organization","name":"M.F. INOX","url":"https:\/\/mfinox.com\/es\/","logo":{"@type":"ImageObject","inLanguage":"es","@id":"https:\/\/mfinox.com\/es\/#\/schema\/logo\/image\/","url":"https:\/\/mfinox.com\/wp-content\/uploads\/2024\/05\/mf-inox_logo_neg.png","contentUrl":"https:\/\/mfinox.com\/wp-content\/uploads\/2024\/05\/mf-inox_logo_neg.png","width":1949,"height":662,"caption":"M.F. INOX"},"image":{"@id":"https:\/\/mfinox.com\/es\/#\/schema\/logo\/image\/"}}]}},"_links":{"self":[{"href":"https:\/\/mfinox.com\/es\/wp-json\/wp\/v2\/pages\/5578","targetHints":{"allow":["GET"]}}],"collection":[{"href":"https:\/\/mfinox.com\/es\/wp-json\/wp\/v2\/pages"}],"about":[{"href":"https:\/\/mfinox.com\/es\/wp-json\/wp\/v2\/types\/page"}],"author":[{"embeddable":true,"href":"https:\/\/mfinox.com\/es\/wp-json\/wp\/v2\/users\/1"}],"replies":[{"embeddable":true,"href":"https:\/\/mfinox.com\/es\/wp-json\/wp\/v2\/comments?post=5578"}],"version-history":[{"count":0,"href":"https:\/\/mfinox.com\/es\/wp-json\/wp\/v2\/pages\/5578\/revisions"}],"up":[{"embeddable":true,"href":"https:\/\/mfinox.com\/es\/wp-json\/wp\/v2\/pages\/5571"}],"wp:attachment":[{"href":"https:\/\/mfinox.com\/es\/wp-json\/wp\/v2\/media?parent=5578"}],"curies":[{"name":"wp","href":"https:\/\/api.w.org\/{rel}","templated":true}]}}