{"id":5471,"date":"2024-07-28T13:03:34","date_gmt":"2024-07-28T13:03:34","guid":{"rendered":"https:\/\/mfinox.com\/materiales\/werkstoff-1-4986\/"},"modified":"2024-09-04T10:54:27","modified_gmt":"2024-09-04T10:54:27","slug":"werkstoff-1-4986","status":"publish","type":"page","link":"https:\/\/mfinox.com\/es\/materiales\/werkstoff-1-4986\/","title":{"rendered":"Werkstoff 1.4986"},"content":{"rendered":"\t\t<div data-elementor-type=\"wp-page\" data-elementor-id=\"5471\" class=\"elementor elementor-5471 elementor-5051\" data-elementor-post-type=\"page\">\n\t\t\t\t<div class=\"elementor-element elementor-element-7bbe9e62 e-flex e-con-boxed e-con e-parent\" data-id=\"7bbe9e62\" data-element_type=\"container\" data-e-type=\"container\" data-settings=\"{&quot;background_background&quot;:&quot;classic&quot;}\">\n\t\t\t\t\t<div class=\"e-con-inner\">\n\t\t\t\t<div class=\"elementor-element elementor-element-47468157 titolo-materiali elementor-invisible elementor-widget elementor-widget-heading\" data-id=\"47468157\" data-element_type=\"widget\" data-e-type=\"widget\" data-settings=\"{&quot;_animation&quot;:&quot;fadeIn&quot;}\" data-widget_type=\"heading.default\">\n\t\t\t\t<div class=\"elementor-widget-container\">\n\t\t\t\t\t<h1 class=\"elementor-heading-title elementor-size-default\">Werkstoff 1.4986<\/h1>\t\t\t\t<\/div>\n\t\t\t\t<\/div>\n\t\t\t\t<div class=\"elementor-element elementor-element-2f009f7f elementor-invisible elementor-widget elementor-widget-shortcode\" data-id=\"2f009f7f\" data-element_type=\"widget\" data-e-type=\"widget\" data-settings=\"{&quot;_animation&quot;:&quot;fadeIn&quot;}\" data-widget_type=\"shortcode.default\">\n\t\t\t\t<div class=\"elementor-widget-container\">\n\t\t\t\t\t\t\t<div class=\"elementor-shortcode\"><nav aria-label=\"breadcrumb\"><div class=\"breadcrumb\"><span class=\"breadcrumb-item\"><a href=\"https:\/\/mfinox.com\/es\/\" style=\"color: #F3912E;\">Home<\/a><\/span><\/div><\/nav><\/div>\n\t\t\t\t\t\t<\/div>\n\t\t\t\t<\/div>\n\t\t\t\t\t<\/div>\n\t\t\t\t<\/div>\n\t\t<div class=\"elementor-element elementor-element-3129280f e-flex e-con-boxed elementor-invisible e-con e-parent\" data-id=\"3129280f\" data-element_type=\"container\" data-e-type=\"container\" data-settings=\"{&quot;animation&quot;:&quot;fadeInUp&quot;}\">\n\t\t\t\t\t<div class=\"e-con-inner\">\n\t\t\t\t<div class=\"elementor-element elementor-element-797a0196 elementor-widget elementor-widget-text-editor\" data-id=\"797a0196\" data-element_type=\"widget\" data-e-type=\"widget\" data-widget_type=\"text-editor.default\">\n\t\t\t\t<div class=\"elementor-widget-container\">\n\t\t\t\t\t\t\t\t\t<p>El Werkstoff 1.4986 es un acero inoxidable martens\u00edtico de alta resistencia conocido por sus excelentes propiedades mec\u00e1nicas y su resistencia a la corrosi\u00f3n.\nGracias a su composici\u00f3n qu\u00edmica \u00fanica, que incluye elementos como el cromo, el n\u00edquel y el molibdeno, este material es especialmente adecuado para aplicaciones que requieren tanto resistencia como durabilidad en entornos dif\u00edciles. <\/p>\n<p>En la industria de la torniller\u00eda, el Werkstoff 1.4986 se utiliza en situaciones en las que se requiere un alto rendimiento bajo tensi\u00f3n, como en las industrias aeroespacial, petrolera y petroqu\u00edmica.\nSu capacidad para mantener la resistencia mec\u00e1nica a temperaturas elevadas lo hace ideal para su uso en condiciones extremas, garantizando la seguridad y fiabilidad de los componentes. <\/p>\n\n<h2><b>COMPOSICI\u00d3N QU\u00cdMICA Werkstoff 1.4986<\/b><\/h2>\n<table class=\"responsive-table\">\n    <tr>\n        <th>Elemento<\/th><th>M\u00edn<\/th><th>M\u00e1x<\/th>\n    <\/tr>\n    <tr><td>Ni<\/td><td>15.5<\/td><td>17.5<\/td><\/tr>\n    <tr><td>Cr<\/td><td>15.5<\/td><td>17.5<\/td><\/tr>\n    <tr><td>P<\/td><td><\/td><td>0.045<\/td><\/tr>\n    <tr><td>Mo<\/td><td>1.6<\/td><td>2.0<\/td><\/tr>\n    <tr><td>C<\/td><td>0.04<\/td><td>0.1<\/td><\/tr>\n    <tr><td>Mn<\/td><td><\/td><td>1<\/td><\/tr>\n    <tr><td>S\u00ed<\/td><td>0.3<\/td><td>0.61<\/td><\/tr>\n    <tr><td>B<\/td><td>0.05<\/td><td><\/td><\/tr>\n    <tr><td>Nb+Ta<\/td><td><\/td><td>&lt;1.2<\/td><\/tr>\n    <tr><td>S<\/td><td><\/td><td>0.03<\/td><\/tr>\n<\/table>\n\n<h2><b>PROPIEDADES MEC\u00c1NICAS Werkstoff 1.4986<\/b><\/h2>\n<table class=\"responsive-table\">\n    <tr>\n        <th>Material<\/th><th>Rm min<\/th><th>Rp 0,2 min<\/th><th>A% min<\/th><th>Impacto<\/th>\n    <\/tr>\n    <tr>\n        <td>Werkstoff 1.4986<\/td><td>650 &#8211; 850<\/td><td>490<\/td><td>17<\/td><td>50 J<\/td>\n    <\/tr>\n<\/table>\n\n<h2><b>CORRESPONDENCIA Werkstoff 1.4986<\/b><\/h2>\n<table class=\"responsive-table\">\n    <tr>\n        <th>Norma<\/th><th>Designaci\u00f3n<\/th>\n    <\/tr>\n    <tr>\n        <td>ES<\/td><td>10269<\/td>\n    <\/tr>\n    <tr>\n        <td>DIN 17752<\/td><td>X7CrNiMoBNb16-16<\/td>\n    <\/tr>\n    <tr>\n        <td>EN<\/td><td>10088-3<\/td>\n    <\/tr>\n<\/table>\n\n\t\t<div data-elementor-type=\"section\" data-elementor-id=\"2152\" class=\"elementor elementor-2152\" data-elementor-post-type=\"elementor_library\">\n\t\t\t<div class=\"elementor-element elementor-element-1a5312d e-flex e-con-boxed e-con e-parent\" data-id=\"1a5312d\" data-element_type=\"container\" data-e-type=\"container\">\n\t\t\t\t\t<div class=\"e-con-inner\">\n\t\t\t\t<div class=\"elementor-element elementor-element-703a4b7 elementor-widget elementor-widget-spacer\" data-id=\"703a4b7\" data-element_type=\"widget\" data-e-type=\"widget\" data-widget_type=\"spacer.default\">\n\t\t\t\t<div class=\"elementor-widget-container\">\n\t\t\t\t\t\t\t<div class=\"elementor-spacer\">\n\t\t\t<div class=\"elementor-spacer-inner\"><\/div>\n\t\t<\/div>\n\t\t\t\t\t\t<\/div>\n\t\t\t\t<\/div>\n\t\t\t\t\t<\/div>\n\t\t\t\t<\/div>\n\t\t\t\t<\/div>\n\t\t\n\t\t\t\t\t\t\t\t<\/div>\n\t\t\t\t<\/div>\n\t\t\t\t\t<\/div>\n\t\t\t\t<\/div>\n\t\t\t\t<\/div>\n\t\t","protected":false},"excerpt":{"rendered":"<p>Werkstoff 1.4986 El Werkstoff 1.4986 es un acero inoxidable martens\u00edtico de alta resistencia conocido por sus excelentes propiedades mec\u00e1nicas y su resistencia a la corrosi\u00f3n. Gracias a su composici\u00f3n qu\u00edmica \u00fanica, que incluye elementos como el cromo, el n\u00edquel y el molibdeno, este material es especialmente adecuado para aplicaciones que requieren tanto resistencia como durabilidad [&hellip;]<\/p>\n","protected":false},"author":1,"featured_media":0,"parent":4513,"menu_order":0,"comment_status":"closed","ping_status":"closed","template":"","meta":{"footnotes":""},"class_list":["post-5471","page","type-page","status-publish","hentry"],"yoast_head":"<!-- This site is optimized with the Yoast SEO plugin v27.6 - https:\/\/yoast.com\/product\/yoast-seo-wordpress\/ -->\n<title>Werkstoff 1.4986 - M.F. INOX<\/title>\n<meta name=\"robots\" content=\"index, follow, max-snippet:-1, max-image-preview:large, max-video-preview:-1\" \/>\n<link rel=\"canonical\" href=\"https:\/\/mfinox.com\/es\/materiales\/werkstoff-1-4986\/\" \/>\n<meta property=\"og:locale\" content=\"es_ES\" \/>\n<meta property=\"og:type\" content=\"article\" \/>\n<meta property=\"og:title\" content=\"Werkstoff 1.4986 - M.F. INOX\" \/>\n<meta property=\"og:description\" content=\"Werkstoff 1.4986 El Werkstoff 1.4986 es un acero inoxidable martens\u00edtico de alta resistencia conocido por sus excelentes propiedades mec\u00e1nicas y su resistencia a la corrosi\u00f3n. Gracias a su composici\u00f3n qu\u00edmica \u00fanica, que incluye elementos como el cromo, el n\u00edquel y el molibdeno, este material es especialmente adecuado para aplicaciones que requieren tanto resistencia como durabilidad [&hellip;]\" \/>\n<meta property=\"og:url\" content=\"https:\/\/mfinox.com\/es\/materiales\/werkstoff-1-4986\/\" \/>\n<meta property=\"og:site_name\" content=\"M.F. INOX\" \/>\n<meta property=\"article:modified_time\" content=\"2024-09-04T10:54:27+00:00\" \/>\n<meta name=\"twitter:card\" content=\"summary_large_image\" \/>\n<meta name=\"twitter:label1\" content=\"Tiempo de lectura\" \/>\n\t<meta name=\"twitter:data1\" content=\"1 minuto\" \/>\n<script type=\"application\/ld+json\" class=\"yoast-schema-graph\">{\"@context\":\"https:\\\/\\\/schema.org\",\"@graph\":[{\"@type\":\"WebPage\",\"@id\":\"https:\\\/\\\/mfinox.com\\\/es\\\/materiales\\\/werkstoff-1-4986\\\/\",\"url\":\"https:\\\/\\\/mfinox.com\\\/es\\\/materiales\\\/werkstoff-1-4986\\\/\",\"name\":\"Werkstoff 1.4986 - M.F. INOX\",\"isPartOf\":{\"@id\":\"https:\\\/\\\/mfinox.com\\\/es\\\/#website\"},\"datePublished\":\"2024-07-28T13:03:34+00:00\",\"dateModified\":\"2024-09-04T10:54:27+00:00\",\"breadcrumb\":{\"@id\":\"https:\\\/\\\/mfinox.com\\\/es\\\/materiales\\\/werkstoff-1-4986\\\/#breadcrumb\"},\"inLanguage\":\"es\",\"potentialAction\":[{\"@type\":\"ReadAction\",\"target\":[\"https:\\\/\\\/mfinox.com\\\/es\\\/materiales\\\/werkstoff-1-4986\\\/\"]}]},{\"@type\":\"BreadcrumbList\",\"@id\":\"https:\\\/\\\/mfinox.com\\\/es\\\/materiales\\\/werkstoff-1-4986\\\/#breadcrumb\",\"itemListElement\":[{\"@type\":\"ListItem\",\"position\":1,\"name\":\"Home\",\"item\":\"https:\\\/\\\/mfinox.com\\\/es\\\/\"},{\"@type\":\"ListItem\",\"position\":2,\"name\":\"Materiales\",\"item\":\"https:\\\/\\\/mfinox.com\\\/es\\\/materiales\\\/\"},{\"@type\":\"ListItem\",\"position\":3,\"name\":\"Werkstoff 1.4986\"}]},{\"@type\":\"WebSite\",\"@id\":\"https:\\\/\\\/mfinox.com\\\/es\\\/#website\",\"url\":\"https:\\\/\\\/mfinox.com\\\/es\\\/\",\"name\":\"M.F. INOX\",\"description\":\"\",\"publisher\":{\"@id\":\"https:\\\/\\\/mfinox.com\\\/es\\\/#organization\"},\"potentialAction\":[{\"@type\":\"SearchAction\",\"target\":{\"@type\":\"EntryPoint\",\"urlTemplate\":\"https:\\\/\\\/mfinox.com\\\/es\\\/?s={search_term_string}\"},\"query-input\":{\"@type\":\"PropertyValueSpecification\",\"valueRequired\":true,\"valueName\":\"search_term_string\"}}],\"inLanguage\":\"es\"},{\"@type\":\"Organization\",\"@id\":\"https:\\\/\\\/mfinox.com\\\/es\\\/#organization\",\"name\":\"M.F. INOX\",\"url\":\"https:\\\/\\\/mfinox.com\\\/es\\\/\",\"logo\":{\"@type\":\"ImageObject\",\"inLanguage\":\"es\",\"@id\":\"https:\\\/\\\/mfinox.com\\\/es\\\/#\\\/schema\\\/logo\\\/image\\\/\",\"url\":\"https:\\\/\\\/mfinox.com\\\/wp-content\\\/uploads\\\/2024\\\/05\\\/mf-inox_logo_neg.png\",\"contentUrl\":\"https:\\\/\\\/mfinox.com\\\/wp-content\\\/uploads\\\/2024\\\/05\\\/mf-inox_logo_neg.png\",\"width\":1949,\"height\":662,\"caption\":\"M.F. INOX\"},\"image\":{\"@id\":\"https:\\\/\\\/mfinox.com\\\/es\\\/#\\\/schema\\\/logo\\\/image\\\/\"}}]}<\/script>\n<!-- \/ Yoast SEO plugin. -->","yoast_head_json":{"title":"Werkstoff 1.4986 - M.F. INOX","robots":{"index":"index","follow":"follow","max-snippet":"max-snippet:-1","max-image-preview":"max-image-preview:large","max-video-preview":"max-video-preview:-1"},"canonical":"https:\/\/mfinox.com\/es\/materiales\/werkstoff-1-4986\/","og_locale":"es_ES","og_type":"article","og_title":"Werkstoff 1.4986 - M.F. INOX","og_description":"Werkstoff 1.4986 El Werkstoff 1.4986 es un acero inoxidable martens\u00edtico de alta resistencia conocido por sus excelentes propiedades mec\u00e1nicas y su resistencia a la corrosi\u00f3n. Gracias a su composici\u00f3n qu\u00edmica \u00fanica, que incluye elementos como el cromo, el n\u00edquel y el molibdeno, este material es especialmente adecuado para aplicaciones que requieren tanto resistencia como durabilidad [&hellip;]","og_url":"https:\/\/mfinox.com\/es\/materiales\/werkstoff-1-4986\/","og_site_name":"M.F. INOX","article_modified_time":"2024-09-04T10:54:27+00:00","twitter_card":"summary_large_image","twitter_misc":{"Tiempo de lectura":"1 minuto"},"schema":{"@context":"https:\/\/schema.org","@graph":[{"@type":"WebPage","@id":"https:\/\/mfinox.com\/es\/materiales\/werkstoff-1-4986\/","url":"https:\/\/mfinox.com\/es\/materiales\/werkstoff-1-4986\/","name":"Werkstoff 1.4986 - M.F. INOX","isPartOf":{"@id":"https:\/\/mfinox.com\/es\/#website"},"datePublished":"2024-07-28T13:03:34+00:00","dateModified":"2024-09-04T10:54:27+00:00","breadcrumb":{"@id":"https:\/\/mfinox.com\/es\/materiales\/werkstoff-1-4986\/#breadcrumb"},"inLanguage":"es","potentialAction":[{"@type":"ReadAction","target":["https:\/\/mfinox.com\/es\/materiales\/werkstoff-1-4986\/"]}]},{"@type":"BreadcrumbList","@id":"https:\/\/mfinox.com\/es\/materiales\/werkstoff-1-4986\/#breadcrumb","itemListElement":[{"@type":"ListItem","position":1,"name":"Home","item":"https:\/\/mfinox.com\/es\/"},{"@type":"ListItem","position":2,"name":"Materiales","item":"https:\/\/mfinox.com\/es\/materiales\/"},{"@type":"ListItem","position":3,"name":"Werkstoff 1.4986"}]},{"@type":"WebSite","@id":"https:\/\/mfinox.com\/es\/#website","url":"https:\/\/mfinox.com\/es\/","name":"M.F. INOX","description":"","publisher":{"@id":"https:\/\/mfinox.com\/es\/#organization"},"potentialAction":[{"@type":"SearchAction","target":{"@type":"EntryPoint","urlTemplate":"https:\/\/mfinox.com\/es\/?s={search_term_string}"},"query-input":{"@type":"PropertyValueSpecification","valueRequired":true,"valueName":"search_term_string"}}],"inLanguage":"es"},{"@type":"Organization","@id":"https:\/\/mfinox.com\/es\/#organization","name":"M.F. INOX","url":"https:\/\/mfinox.com\/es\/","logo":{"@type":"ImageObject","inLanguage":"es","@id":"https:\/\/mfinox.com\/es\/#\/schema\/logo\/image\/","url":"https:\/\/mfinox.com\/wp-content\/uploads\/2024\/05\/mf-inox_logo_neg.png","contentUrl":"https:\/\/mfinox.com\/wp-content\/uploads\/2024\/05\/mf-inox_logo_neg.png","width":1949,"height":662,"caption":"M.F. INOX"},"image":{"@id":"https:\/\/mfinox.com\/es\/#\/schema\/logo\/image\/"}}]}},"_links":{"self":[{"href":"https:\/\/mfinox.com\/es\/wp-json\/wp\/v2\/pages\/5471","targetHints":{"allow":["GET"]}}],"collection":[{"href":"https:\/\/mfinox.com\/es\/wp-json\/wp\/v2\/pages"}],"about":[{"href":"https:\/\/mfinox.com\/es\/wp-json\/wp\/v2\/types\/page"}],"author":[{"embeddable":true,"href":"https:\/\/mfinox.com\/es\/wp-json\/wp\/v2\/users\/1"}],"replies":[{"embeddable":true,"href":"https:\/\/mfinox.com\/es\/wp-json\/wp\/v2\/comments?post=5471"}],"version-history":[{"count":0,"href":"https:\/\/mfinox.com\/es\/wp-json\/wp\/v2\/pages\/5471\/revisions"}],"up":[{"embeddable":true,"href":"https:\/\/mfinox.com\/es\/wp-json\/wp\/v2\/pages\/4513"}],"wp:attachment":[{"href":"https:\/\/mfinox.com\/es\/wp-json\/wp\/v2\/media?parent=5471"}],"curies":[{"name":"wp","href":"https:\/\/api.w.org\/{rel}","templated":true}]}}