{"id":5457,"date":"2024-06-18T17:22:42","date_gmt":"2024-06-18T17:22:42","guid":{"rendered":"https:\/\/mfinox.com\/materiales\/super-duplex-a182-f61-uns-s32250-werkstoff-1-4507\/"},"modified":"2024-09-04T10:45:12","modified_gmt":"2024-09-04T10:45:12","slug":"super-duplex-a182-f61-uns-s32250-werkstoff-1-4507","status":"publish","type":"page","link":"https:\/\/mfinox.com\/es\/materiales\/super-duplex-a182-f61-uns-s32250-werkstoff-1-4507\/","title":{"rendered":"S\u00faper d\u00faplex A182 F61 UNS S32250 Werkstoff 1.4507"},"content":{"rendered":"\t\t<div data-elementor-type=\"wp-page\" data-elementor-id=\"5457\" class=\"elementor elementor-5457 elementor-2226\" data-elementor-post-type=\"page\">\n\t\t\t\t<div class=\"elementor-element elementor-element-6b272e3c e-flex e-con-boxed e-con e-parent\" data-id=\"6b272e3c\" data-element_type=\"container\" data-e-type=\"container\" data-settings=\"{&quot;background_background&quot;:&quot;classic&quot;}\">\n\t\t\t\t\t<div class=\"e-con-inner\">\n\t\t\t\t<div class=\"elementor-element elementor-element-72dce375 titolo-materiali elementor-invisible elementor-widget elementor-widget-heading\" data-id=\"72dce375\" data-element_type=\"widget\" data-e-type=\"widget\" data-settings=\"{&quot;_animation&quot;:&quot;fadeIn&quot;}\" data-widget_type=\"heading.default\">\n\t\t\t\t<div class=\"elementor-widget-container\">\n\t\t\t\t\t<h1 class=\"elementor-heading-title elementor-size-default\">S\u00faper d\u00faplex A182 F61 UNS S32250 Werkstoff 1.4507  <\/h1>\t\t\t\t<\/div>\n\t\t\t\t<\/div>\n\t\t\t\t<div class=\"elementor-element elementor-element-989fa11 elementor-invisible elementor-widget elementor-widget-shortcode\" data-id=\"989fa11\" data-element_type=\"widget\" data-e-type=\"widget\" data-settings=\"{&quot;_animation&quot;:&quot;fadeIn&quot;}\" data-widget_type=\"shortcode.default\">\n\t\t\t\t<div class=\"elementor-widget-container\">\n\t\t\t\t\t\t\t<div class=\"elementor-shortcode\"><nav aria-label=\"breadcrumb\"><div class=\"breadcrumb\"><span class=\"breadcrumb-item\"><a href=\"https:\/\/mfinox.com\/es\/\" style=\"color: #F3912E;\">Home<\/a><\/span><\/div><\/nav><\/div>\n\t\t\t\t\t\t<\/div>\n\t\t\t\t<\/div>\n\t\t\t\t\t<\/div>\n\t\t\t\t<\/div>\n\t\t<div class=\"elementor-element elementor-element-455a523d e-flex e-con-boxed elementor-invisible e-con e-parent\" data-id=\"455a523d\" data-element_type=\"container\" data-e-type=\"container\" data-settings=\"{&quot;animation&quot;:&quot;fadeInUp&quot;}\">\n\t\t\t\t\t<div class=\"e-con-inner\">\n\t\t\t\t<div class=\"elementor-element elementor-element-7c3c2dbe elementor-widget elementor-widget-text-editor\" data-id=\"7c3c2dbe\" data-element_type=\"widget\" data-e-type=\"widget\" data-widget_type=\"text-editor.default\">\n\t\t\t\t<div class=\"elementor-widget-container\">\n\t\t\t\t\t\t\t\t\tEl acero superd\u00faplex A182 F61 UNS S32250 Werkstoff 1.4507 es una aleaci\u00f3n d\u00faplex resistente a la corrosi\u00f3n, ideal para entornos marinos e industriales con alta concentraci\u00f3n de cloruros.\nOfrece buena resistencia mec\u00e1nica y tenacidad y se utiliza en sectores como la industria qu\u00edmica marina y en la construcci\u00f3n de estructuras expuestas al ambiente corrosivo.   <h2><b>COMPOSICI\u00d3N QU\u00cdMICA SUPER D\u00daPLEX A182 F61 UNS S32250 Werkstoff 1.4507<\/b><\/h2>\n<table class=\"responsive-table\">\n<tbody>\n<tr>\n<th>Elemento<\/th><th>M\u00edn<\/th><th>M\u00e1x<\/th>\n<\/tr>\n<tr>\n<td>C<\/td><td><\/td><td>0.03<\/td>\n<\/tr>\n<tr>\n<td>S\u00ed<\/td><td><\/td><td>0.40<\/td>\n<\/tr>\n<tr>\n<td>Mn<\/td><td><\/td><td>1.00<\/td>\n<\/tr>\n<tr>\n<td>Cr<\/td><td><\/td><td>25.9<\/td>\n<\/tr>\n<tr>\n<td>Ni<\/td><td><\/td><td>6.10<\/td>\n<\/tr>\n<tr>\n<td>Mo<\/td><td><\/td><td>3.40<\/td>\n<\/tr>\n<tr>\n<td>Cu<\/td><td><\/td><td>1.70<\/td>\n<\/tr>\n<tr>\n<td>W<\/td><td><\/td><td>0.60<\/td>\n<\/tr>\n<tr>\n<td>N<\/td><td><\/td><td>0.25<\/td>\n<\/tr>\n<\/tbody>\n<\/table>\n<h2><b>CARACTER\u00cdSTICAS MEC\u00c1NICAS SUPER D\u00daPLEX A182 F61 UNS S32250 Werkstoff 1.4507<\/b><\/h2>\n<table class=\"responsive-table\">\n<tbody>\n<tr>\n<th>Material<\/th>\n<th>Liga<\/th>\n<th>Rm min (MPa)<\/th>\n<th>Rp 0,2 min (MPa)<\/th>\n<th>A% min<\/th>\n<th>Dureza<\/th>\n<\/tr>\n<tr>\n<td>A182 F61 UNS S32550<\/td>\n<td>1.4501<\/td>\n<td>790<\/td>\n<td>586<\/td>\n<td>25<\/td>\n<td>220-270 HB<\/td>\n<\/tr>\n<\/tbody>\n<\/table>\n<h2><b>CARACTER\u00cdSTICAS F\u00cdSICAS SUPER D\u00daPLEX A182 F61 UNS S32250 Werkstoff 1.4507<\/b><\/h2>\n<ul>\n \t<li>Densidad a 20\u00b0C: 7,81 kg\/dm\u00b3<\/li>\n \t<li>M\u00f3dulo de elasticidad a 20\u00b0C: 199.000 N\/mm\u00b2.<\/li>\n \t<li>Conductividad t\u00e9rmica a 20\u00b0C: 14,2 W\/m.K<\/li>\n \t<li>Magn\u00e9tico<\/li>\n<\/ul>\n<h2><b>ESPECIFICACIONES SUPER DUPLEX A182 F61 UNS S32250 Werkstoff 1.4507<\/b><\/h2>\n<ul>\n \t<li>EN 10088\/3: X2 CrNiMoCuN 25-6-3<\/li>\n \t<li>W.: 1.4507<\/li>\n \t<li>UNS: UNS S32250<\/li>\n \t<li>AISI: F61 A182 \/ A479<\/li>\n \t<li>MARCA: FERRALIUM 255 &#8211; SD50<\/li>\n \t<li>NORSOK: M630 MDS D57 M650<\/li>\n \t<li>OTROS: NACE MR01-75, ISO 15156, EN 10088-3, PED 97\/23\/EC, ASTM G48<\/li>\n<\/ul>\n\t\t<div data-elementor-type=\"section\" data-elementor-id=\"2152\" class=\"elementor elementor-2152\" data-elementor-post-type=\"elementor_library\">\n\t\t\t<div class=\"elementor-element elementor-element-1a5312d e-flex e-con-boxed e-con e-parent\" data-id=\"1a5312d\" data-element_type=\"container\" data-e-type=\"container\">\n\t\t\t\t\t<div class=\"e-con-inner\">\n\t\t\t\t<div class=\"elementor-element elementor-element-703a4b7 elementor-widget elementor-widget-spacer\" data-id=\"703a4b7\" data-element_type=\"widget\" data-e-type=\"widget\" data-widget_type=\"spacer.default\">\n\t\t\t\t<div class=\"elementor-widget-container\">\n\t\t\t\t\t\t\t<div class=\"elementor-spacer\">\n\t\t\t<div class=\"elementor-spacer-inner\"><\/div>\n\t\t<\/div>\n\t\t\t\t\t\t<\/div>\n\t\t\t\t<\/div>\n\t\t\t\t\t<\/div>\n\t\t\t\t<\/div>\n\t\t\t\t<\/div>\n\t\t\t\t\t\t\t\t\t\t<\/div>\n\t\t\t\t<\/div>\n\t\t\t\t\t<\/div>\n\t\t\t\t<\/div>\n\t\t\t\t<\/div>\n\t\t","protected":false},"excerpt":{"rendered":"<p>S\u00faper d\u00faplex A182 F61 UNS S32250 Werkstoff 1.4507 El acero superd\u00faplex A182 F61 UNS S32250 Werkstoff 1.4507 es una aleaci\u00f3n d\u00faplex resistente a la corrosi\u00f3n, ideal para entornos marinos e industriales con alta concentraci\u00f3n de cloruros. Ofrece buena resistencia mec\u00e1nica y tenacidad y se utiliza en sectores como la industria qu\u00edmica marina y en la [&hellip;]<\/p>\n","protected":false},"author":1,"featured_media":0,"parent":4513,"menu_order":0,"comment_status":"closed","ping_status":"closed","template":"","meta":{"footnotes":""},"class_list":["post-5457","page","type-page","status-publish","hentry"],"yoast_head":"<!-- This site is optimized with the Yoast SEO plugin v27.6 - https:\/\/yoast.com\/product\/yoast-seo-wordpress\/ -->\n<title>S\u00faper d\u00faplex A182 F61 UNS S32250 Werkstoff 1.4507 - M.F. INOX<\/title>\n<meta name=\"robots\" content=\"index, follow, max-snippet:-1, max-image-preview:large, max-video-preview:-1\" \/>\n<link rel=\"canonical\" href=\"https:\/\/mfinox.com\/es\/materiales\/super-duplex-a182-f61-uns-s32250-werkstoff-1-4507\/\" \/>\n<meta property=\"og:locale\" content=\"es_ES\" \/>\n<meta property=\"og:type\" content=\"article\" \/>\n<meta property=\"og:title\" content=\"S\u00faper d\u00faplex A182 F61 UNS S32250 Werkstoff 1.4507 - M.F. INOX\" \/>\n<meta property=\"og:description\" content=\"S\u00faper d\u00faplex A182 F61 UNS S32250 Werkstoff 1.4507 El acero superd\u00faplex A182 F61 UNS S32250 Werkstoff 1.4507 es una aleaci\u00f3n d\u00faplex resistente a la corrosi\u00f3n, ideal para entornos marinos e industriales con alta concentraci\u00f3n de cloruros. Ofrece buena resistencia mec\u00e1nica y tenacidad y se utiliza en sectores como la industria qu\u00edmica marina y en la [&hellip;]\" \/>\n<meta property=\"og:url\" content=\"https:\/\/mfinox.com\/es\/materiales\/super-duplex-a182-f61-uns-s32250-werkstoff-1-4507\/\" \/>\n<meta property=\"og:site_name\" content=\"M.F. INOX\" \/>\n<meta property=\"article:modified_time\" content=\"2024-09-04T10:45:12+00:00\" \/>\n<meta name=\"twitter:card\" content=\"summary_large_image\" \/>\n<meta name=\"twitter:label1\" content=\"Tiempo de lectura\" \/>\n\t<meta name=\"twitter:data1\" content=\"1 minuto\" \/>\n<script type=\"application\/ld+json\" class=\"yoast-schema-graph\">{\"@context\":\"https:\\\/\\\/schema.org\",\"@graph\":[{\"@type\":\"WebPage\",\"@id\":\"https:\\\/\\\/mfinox.com\\\/es\\\/materiales\\\/super-duplex-a182-f61-uns-s32250-werkstoff-1-4507\\\/\",\"url\":\"https:\\\/\\\/mfinox.com\\\/es\\\/materiales\\\/super-duplex-a182-f61-uns-s32250-werkstoff-1-4507\\\/\",\"name\":\"S\u00faper d\u00faplex A182 F61 UNS S32250 Werkstoff 1.4507 - M.F. INOX\",\"isPartOf\":{\"@id\":\"https:\\\/\\\/mfinox.com\\\/es\\\/#website\"},\"datePublished\":\"2024-06-18T17:22:42+00:00\",\"dateModified\":\"2024-09-04T10:45:12+00:00\",\"breadcrumb\":{\"@id\":\"https:\\\/\\\/mfinox.com\\\/es\\\/materiales\\\/super-duplex-a182-f61-uns-s32250-werkstoff-1-4507\\\/#breadcrumb\"},\"inLanguage\":\"es\",\"potentialAction\":[{\"@type\":\"ReadAction\",\"target\":[\"https:\\\/\\\/mfinox.com\\\/es\\\/materiales\\\/super-duplex-a182-f61-uns-s32250-werkstoff-1-4507\\\/\"]}]},{\"@type\":\"BreadcrumbList\",\"@id\":\"https:\\\/\\\/mfinox.com\\\/es\\\/materiales\\\/super-duplex-a182-f61-uns-s32250-werkstoff-1-4507\\\/#breadcrumb\",\"itemListElement\":[{\"@type\":\"ListItem\",\"position\":1,\"name\":\"Home\",\"item\":\"https:\\\/\\\/mfinox.com\\\/es\\\/\"},{\"@type\":\"ListItem\",\"position\":2,\"name\":\"Materiales\",\"item\":\"https:\\\/\\\/mfinox.com\\\/es\\\/materiales\\\/\"},{\"@type\":\"ListItem\",\"position\":3,\"name\":\"S\u00faper d\u00faplex A182 F61 UNS S32250 Werkstoff 1.4507\"}]},{\"@type\":\"WebSite\",\"@id\":\"https:\\\/\\\/mfinox.com\\\/es\\\/#website\",\"url\":\"https:\\\/\\\/mfinox.com\\\/es\\\/\",\"name\":\"M.F. INOX\",\"description\":\"\",\"publisher\":{\"@id\":\"https:\\\/\\\/mfinox.com\\\/es\\\/#organization\"},\"potentialAction\":[{\"@type\":\"SearchAction\",\"target\":{\"@type\":\"EntryPoint\",\"urlTemplate\":\"https:\\\/\\\/mfinox.com\\\/es\\\/?s={search_term_string}\"},\"query-input\":{\"@type\":\"PropertyValueSpecification\",\"valueRequired\":true,\"valueName\":\"search_term_string\"}}],\"inLanguage\":\"es\"},{\"@type\":\"Organization\",\"@id\":\"https:\\\/\\\/mfinox.com\\\/es\\\/#organization\",\"name\":\"M.F. INOX\",\"url\":\"https:\\\/\\\/mfinox.com\\\/es\\\/\",\"logo\":{\"@type\":\"ImageObject\",\"inLanguage\":\"es\",\"@id\":\"https:\\\/\\\/mfinox.com\\\/es\\\/#\\\/schema\\\/logo\\\/image\\\/\",\"url\":\"https:\\\/\\\/mfinox.com\\\/wp-content\\\/uploads\\\/2024\\\/05\\\/mf-inox_logo_neg.png\",\"contentUrl\":\"https:\\\/\\\/mfinox.com\\\/wp-content\\\/uploads\\\/2024\\\/05\\\/mf-inox_logo_neg.png\",\"width\":1949,\"height\":662,\"caption\":\"M.F. INOX\"},\"image\":{\"@id\":\"https:\\\/\\\/mfinox.com\\\/es\\\/#\\\/schema\\\/logo\\\/image\\\/\"}}]}<\/script>\n<!-- \/ Yoast SEO plugin. -->","yoast_head_json":{"title":"S\u00faper d\u00faplex A182 F61 UNS S32250 Werkstoff 1.4507 - M.F. INOX","robots":{"index":"index","follow":"follow","max-snippet":"max-snippet:-1","max-image-preview":"max-image-preview:large","max-video-preview":"max-video-preview:-1"},"canonical":"https:\/\/mfinox.com\/es\/materiales\/super-duplex-a182-f61-uns-s32250-werkstoff-1-4507\/","og_locale":"es_ES","og_type":"article","og_title":"S\u00faper d\u00faplex A182 F61 UNS S32250 Werkstoff 1.4507 - M.F. INOX","og_description":"S\u00faper d\u00faplex A182 F61 UNS S32250 Werkstoff 1.4507 El acero superd\u00faplex A182 F61 UNS S32250 Werkstoff 1.4507 es una aleaci\u00f3n d\u00faplex resistente a la corrosi\u00f3n, ideal para entornos marinos e industriales con alta concentraci\u00f3n de cloruros. Ofrece buena resistencia mec\u00e1nica y tenacidad y se utiliza en sectores como la industria qu\u00edmica marina y en la [&hellip;]","og_url":"https:\/\/mfinox.com\/es\/materiales\/super-duplex-a182-f61-uns-s32250-werkstoff-1-4507\/","og_site_name":"M.F. INOX","article_modified_time":"2024-09-04T10:45:12+00:00","twitter_card":"summary_large_image","twitter_misc":{"Tiempo de lectura":"1 minuto"},"schema":{"@context":"https:\/\/schema.org","@graph":[{"@type":"WebPage","@id":"https:\/\/mfinox.com\/es\/materiales\/super-duplex-a182-f61-uns-s32250-werkstoff-1-4507\/","url":"https:\/\/mfinox.com\/es\/materiales\/super-duplex-a182-f61-uns-s32250-werkstoff-1-4507\/","name":"S\u00faper d\u00faplex A182 F61 UNS S32250 Werkstoff 1.4507 - M.F. INOX","isPartOf":{"@id":"https:\/\/mfinox.com\/es\/#website"},"datePublished":"2024-06-18T17:22:42+00:00","dateModified":"2024-09-04T10:45:12+00:00","breadcrumb":{"@id":"https:\/\/mfinox.com\/es\/materiales\/super-duplex-a182-f61-uns-s32250-werkstoff-1-4507\/#breadcrumb"},"inLanguage":"es","potentialAction":[{"@type":"ReadAction","target":["https:\/\/mfinox.com\/es\/materiales\/super-duplex-a182-f61-uns-s32250-werkstoff-1-4507\/"]}]},{"@type":"BreadcrumbList","@id":"https:\/\/mfinox.com\/es\/materiales\/super-duplex-a182-f61-uns-s32250-werkstoff-1-4507\/#breadcrumb","itemListElement":[{"@type":"ListItem","position":1,"name":"Home","item":"https:\/\/mfinox.com\/es\/"},{"@type":"ListItem","position":2,"name":"Materiales","item":"https:\/\/mfinox.com\/es\/materiales\/"},{"@type":"ListItem","position":3,"name":"S\u00faper d\u00faplex A182 F61 UNS S32250 Werkstoff 1.4507"}]},{"@type":"WebSite","@id":"https:\/\/mfinox.com\/es\/#website","url":"https:\/\/mfinox.com\/es\/","name":"M.F. INOX","description":"","publisher":{"@id":"https:\/\/mfinox.com\/es\/#organization"},"potentialAction":[{"@type":"SearchAction","target":{"@type":"EntryPoint","urlTemplate":"https:\/\/mfinox.com\/es\/?s={search_term_string}"},"query-input":{"@type":"PropertyValueSpecification","valueRequired":true,"valueName":"search_term_string"}}],"inLanguage":"es"},{"@type":"Organization","@id":"https:\/\/mfinox.com\/es\/#organization","name":"M.F. INOX","url":"https:\/\/mfinox.com\/es\/","logo":{"@type":"ImageObject","inLanguage":"es","@id":"https:\/\/mfinox.com\/es\/#\/schema\/logo\/image\/","url":"https:\/\/mfinox.com\/wp-content\/uploads\/2024\/05\/mf-inox_logo_neg.png","contentUrl":"https:\/\/mfinox.com\/wp-content\/uploads\/2024\/05\/mf-inox_logo_neg.png","width":1949,"height":662,"caption":"M.F. INOX"},"image":{"@id":"https:\/\/mfinox.com\/es\/#\/schema\/logo\/image\/"}}]}},"_links":{"self":[{"href":"https:\/\/mfinox.com\/es\/wp-json\/wp\/v2\/pages\/5457","targetHints":{"allow":["GET"]}}],"collection":[{"href":"https:\/\/mfinox.com\/es\/wp-json\/wp\/v2\/pages"}],"about":[{"href":"https:\/\/mfinox.com\/es\/wp-json\/wp\/v2\/types\/page"}],"author":[{"embeddable":true,"href":"https:\/\/mfinox.com\/es\/wp-json\/wp\/v2\/users\/1"}],"replies":[{"embeddable":true,"href":"https:\/\/mfinox.com\/es\/wp-json\/wp\/v2\/comments?post=5457"}],"version-history":[{"count":0,"href":"https:\/\/mfinox.com\/es\/wp-json\/wp\/v2\/pages\/5457\/revisions"}],"up":[{"embeddable":true,"href":"https:\/\/mfinox.com\/es\/wp-json\/wp\/v2\/pages\/4513"}],"wp:attachment":[{"href":"https:\/\/mfinox.com\/es\/wp-json\/wp\/v2\/media?parent=5457"}],"curies":[{"name":"wp","href":"https:\/\/api.w.org\/{rel}","templated":true}]}}