{"id":5453,"date":"2024-05-21T15:17:50","date_gmt":"2024-05-21T13:17:50","guid":{"rendered":"https:\/\/mfinox.com\/materiales\/super-duplex-a182-f55-uns-s32760-werkstoff-1-4501\/"},"modified":"2024-09-04T10:42:54","modified_gmt":"2024-09-04T10:42:54","slug":"super-duplex-a182-f55-uns-s32760-werkstoff-1-4501","status":"publish","type":"page","link":"https:\/\/mfinox.com\/es\/materiales\/super-duplex-a182-f55-uns-s32760-werkstoff-1-4501\/","title":{"rendered":"S\u00faper d\u00faplex A182 F55 UNS S32760 Werkstoff 1.4501"},"content":{"rendered":"\t\t<div data-elementor-type=\"wp-page\" data-elementor-id=\"5453\" class=\"elementor elementor-5453 elementor-763\" data-elementor-post-type=\"page\">\n\t\t\t\t<div class=\"elementor-element elementor-element-1af6501b e-flex e-con-boxed e-con e-parent\" data-id=\"1af6501b\" data-element_type=\"container\" data-e-type=\"container\" data-settings=\"{&quot;background_background&quot;:&quot;classic&quot;}\">\n\t\t\t\t\t<div class=\"e-con-inner\">\n\t\t\t\t<div class=\"elementor-element elementor-element-1a1a3b17 titolo-materiali elementor-invisible elementor-widget elementor-widget-heading\" data-id=\"1a1a3b17\" data-element_type=\"widget\" data-e-type=\"widget\" data-settings=\"{&quot;_animation&quot;:&quot;fadeIn&quot;}\" data-widget_type=\"heading.default\">\n\t\t\t\t<div class=\"elementor-widget-container\">\n\t\t\t\t\t<h1 class=\"elementor-heading-title elementor-size-default\">S\u00faper d\u00faplex A182 F55 UNS S32760 Werkstoff 1.4501  <\/h1>\t\t\t\t<\/div>\n\t\t\t\t<\/div>\n\t\t\t\t<div class=\"elementor-element elementor-element-5feb3fd7 elementor-invisible elementor-widget elementor-widget-shortcode\" data-id=\"5feb3fd7\" data-element_type=\"widget\" data-e-type=\"widget\" data-settings=\"{&quot;_animation&quot;:&quot;fadeIn&quot;}\" data-widget_type=\"shortcode.default\">\n\t\t\t\t<div class=\"elementor-widget-container\">\n\t\t\t\t\t\t\t<div class=\"elementor-shortcode\"><nav aria-label=\"breadcrumb\"><div class=\"breadcrumb\"><span class=\"breadcrumb-item\"><a href=\"https:\/\/mfinox.com\/es\/\" style=\"color: #F3912E;\">Home<\/a><\/span><\/div><\/nav><\/div>\n\t\t\t\t\t\t<\/div>\n\t\t\t\t<\/div>\n\t\t\t\t\t<\/div>\n\t\t\t\t<\/div>\n\t\t<div class=\"elementor-element elementor-element-502b2ae0 e-flex e-con-boxed elementor-invisible e-con e-parent\" data-id=\"502b2ae0\" data-element_type=\"container\" data-e-type=\"container\" data-settings=\"{&quot;animation&quot;:&quot;fadeInUp&quot;}\">\n\t\t\t\t\t<div class=\"e-con-inner\">\n\t\t\t\t<div class=\"elementor-element elementor-element-5c0f0b74 elementor-widget elementor-widget-text-editor\" data-id=\"5c0f0b74\" data-element_type=\"widget\" data-e-type=\"widget\" data-widget_type=\"text-editor.default\">\n\t\t\t\t<div class=\"elementor-widget-container\">\n\t\t\t\t\t\t\t\t\tEl acero superd\u00faplex A182 F55 UNS S32760 Werkstoff 1.4501 es un acero inoxidable con un alto contenido en Cr, superior al 25%, y Ni-Mo-N bif\u00e1sico (estructura mixta austen\u00edtica y ferr\u00edtica) resistente a la corrosi\u00f3n por picaduras y tensiones.\nLa adici\u00f3n de nitr\u00f3geno confiere a esta aleaci\u00f3n una excelente resistencia mec\u00e1nica y una gran tenacidad, mejorando significativamente la resistencia a la corrosi\u00f3n y la estabilidad a altas temperaturas.\nLa resistencia a la corrosi\u00f3n del Superd\u00faplex A182 F55 UNS S32760 Werkstoff 1.4501 es \u00f3ptima en el estado recocido de disoluci\u00f3n y con valores elevados del N\u00famero Equivalente de Resistencia a la Picadura (PREN = %Cr + 33-%Mo + 16-%N).\n&gt;Todos los aceros inoxidables d\u00faplex con PREN 40 deben considerarse pertenecientes a la familia de los superd\u00faplex.\nSe recomienda su uso a temperaturas inferiores a 300\u00b0C.\nEl superd\u00faplex A182 F55 UNS S32760 Werkstoff 1.4501 se utiliza para componentes de v\u00e1lvulas, bombas, tuber\u00edas, infraestructuras y todos los componentes sometidos a condiciones corrosivas muy severas, por lo que es ideal para aplicaciones marinas.      <h2><b>COMPOSICI\u00d3N QU\u00cdMICA SUPER D\u00daPLEX A182 F55 UNS S32760 ES 1.4501<\/b><\/h2>\n<table class=\"responsive-table\">\n<thead>\n<tr>\n<th>Elemento<\/th><th>Contenido<\/th>\n<\/tr>\n<\/thead>\n<tbody>\n<tr>\n<td data-label=\"Elemento\">C<\/td><td data-label=\"Contenuto\">0.02<\/td>\n<\/tr>\n<tr>\n<td data-label=\"Elemento\">S<\/td><td data-label=\"Contenuto\">&lt;0.005<\/td>\n<\/tr>\n<tr>\n<td data-label=\"Elemento\">P<\/td><td data-label=\"Contenuto\">0.025<\/td>\n<\/tr>\n<tr>\n<td data-label=\"Elemento\">S\u00ed<\/td><td data-label=\"Contenuto\">0.50<\/td>\n<\/tr>\n<tr>\n<td data-label=\"Elemento\">Mn<\/td><td data-label=\"Contenuto\">0.60<\/td>\n<\/tr>\n<tr>\n<td data-label=\"Elemento\">Cr<\/td><td data-label=\"Contenuto\">25<\/td>\n<\/tr>\n<tr>\n<td data-label=\"Elemento\">Ni<\/td><td data-label=\"Contenuto\">7.00<\/td>\n<\/tr>\n<tr>\n<td data-label=\"Elemento\">Mo<\/td><td data-label=\"Contenuto\">3.6<\/td>\n<\/tr>\n<tr>\n<td data-label=\"Elemento\">Cu<\/td><td data-label=\"Contenuto\">0.60<\/td>\n<\/tr>\n<tr>\n<td data-label=\"Elemento\">W<\/td><td data-label=\"Contenuto\">0.60<\/td>\n<\/tr>\n<tr>\n<td data-label=\"Elemento\">N<\/td><td data-label=\"Contenuto\">0.25<\/td>\n<\/tr>\n<\/tbody>\n<\/table>\n<h2><b>CARACTER\u00cdSTICAS MEC\u00c1NICAS SUPER D\u00daPLEX A182 F55 UNS 32760 ES 1.4501<\/b><\/h2>\n<table class=\"responsive-table\">\n<thead>\n<tr>\n<th>Material<\/th><th>Aleaci\u00f3n<\/th><th>Rm min (MPa)<\/th><th>Rp 0,2 min (MPa)<\/th><th>A% min<\/th>\n<\/tr>\n<\/thead>\n<tbody>\n<tr>\n<td data-label=\"Materiale\">A182 F55 UNS S32760 ES 1.4501<\/td><td data-label=\"Lega\">1.4501<\/td><td data-label=\"Rm min (MPa)\">730-1050<\/td><td data-label=\"Rp 0.2 min (MPa)\">530<\/td><td data-label=\"A% min\">25<\/td>\n<\/tr>\n<\/tbody>\n<\/table>\n<h2><b>CARACTER\u00cdSTICAS F\u00cdSICAS SUPER D\u00daPLEX A182 F55 UNS S32760 ES 1.4501<\/b><\/h2>\n<ul>\n \t<li><strong>Densidad aparente<\/strong>: a 20\u00b0C 7,75 kg\/dm\u00b3<\/li>\n \t<li><strong>M\u00f3dulo de elasticidad<\/strong>: a 20\u00b0C 206.000 N\/mm\u00b2.<\/li>\n \t<li><strong>Conductividad t\u00e9rmica<\/strong>: a 20\u00b0C 15 W\/m.K<\/li>\n \t<li><strong>Magn\u00e9tico<\/strong>: No<\/li>\n<\/ul>\n&nbsp;\n<h2><b>ESPECIFICACIONES SUPER DUPLEX A182 F55 UNS S32760 ES 1.4501<\/b><\/h2>\n<ul>\n \t<li>EN 10088\/3: X2 Cr Ni Mo Cu W N 15-7-4<\/li>\n \t<li>W.: 1.4501<\/li>\n \t<li>UNS: UNS S32760<\/li>\n \t<li>AISI: F55 A182 \/ A479<\/li>\n \t<li>MARCA: URANUS 52N FERRALIUM 255<\/li>\n \t<li>NORSOK: M630 MDS D57 M650<\/li>\n \t<li>OTROS: NACE MR01-75, ISO 15156, EN 10088-3, PED 97\/23\/EC, ASTM G48, ASTM A751, API 6A<\/li>\n<\/ul>\n\t\t<div data-elementor-type=\"section\" data-elementor-id=\"2152\" class=\"elementor elementor-2152\" data-elementor-post-type=\"elementor_library\">\n\t\t\t<div class=\"elementor-element elementor-element-1a5312d e-flex e-con-boxed e-con e-parent\" data-id=\"1a5312d\" data-element_type=\"container\" data-e-type=\"container\">\n\t\t\t\t\t<div class=\"e-con-inner\">\n\t\t\t\t<div class=\"elementor-element elementor-element-703a4b7 elementor-widget elementor-widget-spacer\" data-id=\"703a4b7\" data-element_type=\"widget\" data-e-type=\"widget\" data-widget_type=\"spacer.default\">\n\t\t\t\t<div class=\"elementor-widget-container\">\n\t\t\t\t\t\t\t<div class=\"elementor-spacer\">\n\t\t\t<div class=\"elementor-spacer-inner\"><\/div>\n\t\t<\/div>\n\t\t\t\t\t\t<\/div>\n\t\t\t\t<\/div>\n\t\t\t\t\t<\/div>\n\t\t\t\t<\/div>\n\t\t\t\t<\/div>\n\t\t\t\t\t\t\t\t\t\t<\/div>\n\t\t\t\t<\/div>\n\t\t\t\t\t<\/div>\n\t\t\t\t<\/div>\n\t\t\t\t<\/div>\n\t\t","protected":false},"excerpt":{"rendered":"<p>S\u00faper d\u00faplex A182 F55 UNS S32760 Werkstoff 1.4501 El acero superd\u00faplex A182 F55 UNS S32760 Werkstoff 1.4501 es un acero inoxidable con un alto contenido en Cr, superior al 25%, y Ni-Mo-N bif\u00e1sico (estructura mixta austen\u00edtica y ferr\u00edtica) resistente a la corrosi\u00f3n por picaduras y tensiones. La adici\u00f3n de nitr\u00f3geno confiere a esta aleaci\u00f3n una [&hellip;]<\/p>\n","protected":false},"author":1,"featured_media":0,"parent":4513,"menu_order":0,"comment_status":"closed","ping_status":"closed","template":"","meta":{"footnotes":""},"class_list":["post-5453","page","type-page","status-publish","hentry"],"yoast_head":"<!-- This site is optimized with the Yoast SEO plugin v27.4 - https:\/\/yoast.com\/product\/yoast-seo-wordpress\/ -->\n<title>S\u00faper d\u00faplex A182 F55 UNS S32760 Werkstoff 1.4501 - M.F. INOX<\/title>\n<meta name=\"robots\" content=\"index, follow, max-snippet:-1, max-image-preview:large, max-video-preview:-1\" \/>\n<link rel=\"canonical\" href=\"https:\/\/mfinox.com\/es\/materiales\/super-duplex-a182-f55-uns-s32760-werkstoff-1-4501\/\" \/>\n<meta property=\"og:locale\" content=\"es_ES\" \/>\n<meta property=\"og:type\" content=\"article\" \/>\n<meta property=\"og:title\" content=\"S\u00faper d\u00faplex A182 F55 UNS S32760 Werkstoff 1.4501 - M.F. INOX\" \/>\n<meta property=\"og:description\" content=\"S\u00faper d\u00faplex A182 F55 UNS S32760 Werkstoff 1.4501 El acero superd\u00faplex A182 F55 UNS S32760 Werkstoff 1.4501 es un acero inoxidable con un alto contenido en Cr, superior al 25%, y Ni-Mo-N bif\u00e1sico (estructura mixta austen\u00edtica y ferr\u00edtica) resistente a la corrosi\u00f3n por picaduras y tensiones. La adici\u00f3n de nitr\u00f3geno confiere a esta aleaci\u00f3n una [&hellip;]\" \/>\n<meta property=\"og:url\" content=\"https:\/\/mfinox.com\/es\/materiales\/super-duplex-a182-f55-uns-s32760-werkstoff-1-4501\/\" \/>\n<meta property=\"og:site_name\" content=\"M.F. INOX\" \/>\n<meta property=\"article:modified_time\" content=\"2024-09-04T10:42:54+00:00\" \/>\n<meta name=\"twitter:card\" content=\"summary_large_image\" \/>\n<meta name=\"twitter:label1\" content=\"Tiempo de lectura\" \/>\n\t<meta name=\"twitter:data1\" content=\"2 minutos\" \/>\n<script type=\"application\/ld+json\" class=\"yoast-schema-graph\">{\"@context\":\"https:\\\/\\\/schema.org\",\"@graph\":[{\"@type\":\"WebPage\",\"@id\":\"https:\\\/\\\/mfinox.com\\\/es\\\/materiales\\\/super-duplex-a182-f55-uns-s32760-werkstoff-1-4501\\\/\",\"url\":\"https:\\\/\\\/mfinox.com\\\/es\\\/materiales\\\/super-duplex-a182-f55-uns-s32760-werkstoff-1-4501\\\/\",\"name\":\"S\u00faper d\u00faplex A182 F55 UNS S32760 Werkstoff 1.4501 - M.F. INOX\",\"isPartOf\":{\"@id\":\"https:\\\/\\\/mfinox.com\\\/es\\\/#website\"},\"datePublished\":\"2024-05-21T13:17:50+00:00\",\"dateModified\":\"2024-09-04T10:42:54+00:00\",\"breadcrumb\":{\"@id\":\"https:\\\/\\\/mfinox.com\\\/es\\\/materiales\\\/super-duplex-a182-f55-uns-s32760-werkstoff-1-4501\\\/#breadcrumb\"},\"inLanguage\":\"es\",\"potentialAction\":[{\"@type\":\"ReadAction\",\"target\":[\"https:\\\/\\\/mfinox.com\\\/es\\\/materiales\\\/super-duplex-a182-f55-uns-s32760-werkstoff-1-4501\\\/\"]}]},{\"@type\":\"BreadcrumbList\",\"@id\":\"https:\\\/\\\/mfinox.com\\\/es\\\/materiales\\\/super-duplex-a182-f55-uns-s32760-werkstoff-1-4501\\\/#breadcrumb\",\"itemListElement\":[{\"@type\":\"ListItem\",\"position\":1,\"name\":\"Home\",\"item\":\"https:\\\/\\\/mfinox.com\\\/es\\\/\"},{\"@type\":\"ListItem\",\"position\":2,\"name\":\"Materiales\",\"item\":\"https:\\\/\\\/mfinox.com\\\/es\\\/materiales\\\/\"},{\"@type\":\"ListItem\",\"position\":3,\"name\":\"S\u00faper d\u00faplex A182 F55 UNS S32760 Werkstoff 1.4501\"}]},{\"@type\":\"WebSite\",\"@id\":\"https:\\\/\\\/mfinox.com\\\/es\\\/#website\",\"url\":\"https:\\\/\\\/mfinox.com\\\/es\\\/\",\"name\":\"M.F. INOX\",\"description\":\"\",\"publisher\":{\"@id\":\"https:\\\/\\\/mfinox.com\\\/es\\\/#organization\"},\"potentialAction\":[{\"@type\":\"SearchAction\",\"target\":{\"@type\":\"EntryPoint\",\"urlTemplate\":\"https:\\\/\\\/mfinox.com\\\/es\\\/?s={search_term_string}\"},\"query-input\":{\"@type\":\"PropertyValueSpecification\",\"valueRequired\":true,\"valueName\":\"search_term_string\"}}],\"inLanguage\":\"es\"},{\"@type\":\"Organization\",\"@id\":\"https:\\\/\\\/mfinox.com\\\/es\\\/#organization\",\"name\":\"M.F. INOX\",\"url\":\"https:\\\/\\\/mfinox.com\\\/es\\\/\",\"logo\":{\"@type\":\"ImageObject\",\"inLanguage\":\"es\",\"@id\":\"https:\\\/\\\/mfinox.com\\\/es\\\/#\\\/schema\\\/logo\\\/image\\\/\",\"url\":\"https:\\\/\\\/mfinox.com\\\/wp-content\\\/uploads\\\/2024\\\/05\\\/mf-inox_logo_neg.png\",\"contentUrl\":\"https:\\\/\\\/mfinox.com\\\/wp-content\\\/uploads\\\/2024\\\/05\\\/mf-inox_logo_neg.png\",\"width\":1949,\"height\":662,\"caption\":\"M.F. INOX\"},\"image\":{\"@id\":\"https:\\\/\\\/mfinox.com\\\/es\\\/#\\\/schema\\\/logo\\\/image\\\/\"}}]}<\/script>\n<!-- \/ Yoast SEO plugin. -->","yoast_head_json":{"title":"S\u00faper d\u00faplex A182 F55 UNS S32760 Werkstoff 1.4501 - M.F. INOX","robots":{"index":"index","follow":"follow","max-snippet":"max-snippet:-1","max-image-preview":"max-image-preview:large","max-video-preview":"max-video-preview:-1"},"canonical":"https:\/\/mfinox.com\/es\/materiales\/super-duplex-a182-f55-uns-s32760-werkstoff-1-4501\/","og_locale":"es_ES","og_type":"article","og_title":"S\u00faper d\u00faplex A182 F55 UNS S32760 Werkstoff 1.4501 - M.F. INOX","og_description":"S\u00faper d\u00faplex A182 F55 UNS S32760 Werkstoff 1.4501 El acero superd\u00faplex A182 F55 UNS S32760 Werkstoff 1.4501 es un acero inoxidable con un alto contenido en Cr, superior al 25%, y Ni-Mo-N bif\u00e1sico (estructura mixta austen\u00edtica y ferr\u00edtica) resistente a la corrosi\u00f3n por picaduras y tensiones. La adici\u00f3n de nitr\u00f3geno confiere a esta aleaci\u00f3n una [&hellip;]","og_url":"https:\/\/mfinox.com\/es\/materiales\/super-duplex-a182-f55-uns-s32760-werkstoff-1-4501\/","og_site_name":"M.F. INOX","article_modified_time":"2024-09-04T10:42:54+00:00","twitter_card":"summary_large_image","twitter_misc":{"Tiempo de lectura":"2 minutos"},"schema":{"@context":"https:\/\/schema.org","@graph":[{"@type":"WebPage","@id":"https:\/\/mfinox.com\/es\/materiales\/super-duplex-a182-f55-uns-s32760-werkstoff-1-4501\/","url":"https:\/\/mfinox.com\/es\/materiales\/super-duplex-a182-f55-uns-s32760-werkstoff-1-4501\/","name":"S\u00faper d\u00faplex A182 F55 UNS S32760 Werkstoff 1.4501 - M.F. INOX","isPartOf":{"@id":"https:\/\/mfinox.com\/es\/#website"},"datePublished":"2024-05-21T13:17:50+00:00","dateModified":"2024-09-04T10:42:54+00:00","breadcrumb":{"@id":"https:\/\/mfinox.com\/es\/materiales\/super-duplex-a182-f55-uns-s32760-werkstoff-1-4501\/#breadcrumb"},"inLanguage":"es","potentialAction":[{"@type":"ReadAction","target":["https:\/\/mfinox.com\/es\/materiales\/super-duplex-a182-f55-uns-s32760-werkstoff-1-4501\/"]}]},{"@type":"BreadcrumbList","@id":"https:\/\/mfinox.com\/es\/materiales\/super-duplex-a182-f55-uns-s32760-werkstoff-1-4501\/#breadcrumb","itemListElement":[{"@type":"ListItem","position":1,"name":"Home","item":"https:\/\/mfinox.com\/es\/"},{"@type":"ListItem","position":2,"name":"Materiales","item":"https:\/\/mfinox.com\/es\/materiales\/"},{"@type":"ListItem","position":3,"name":"S\u00faper d\u00faplex A182 F55 UNS S32760 Werkstoff 1.4501"}]},{"@type":"WebSite","@id":"https:\/\/mfinox.com\/es\/#website","url":"https:\/\/mfinox.com\/es\/","name":"M.F. INOX","description":"","publisher":{"@id":"https:\/\/mfinox.com\/es\/#organization"},"potentialAction":[{"@type":"SearchAction","target":{"@type":"EntryPoint","urlTemplate":"https:\/\/mfinox.com\/es\/?s={search_term_string}"},"query-input":{"@type":"PropertyValueSpecification","valueRequired":true,"valueName":"search_term_string"}}],"inLanguage":"es"},{"@type":"Organization","@id":"https:\/\/mfinox.com\/es\/#organization","name":"M.F. INOX","url":"https:\/\/mfinox.com\/es\/","logo":{"@type":"ImageObject","inLanguage":"es","@id":"https:\/\/mfinox.com\/es\/#\/schema\/logo\/image\/","url":"https:\/\/mfinox.com\/wp-content\/uploads\/2024\/05\/mf-inox_logo_neg.png","contentUrl":"https:\/\/mfinox.com\/wp-content\/uploads\/2024\/05\/mf-inox_logo_neg.png","width":1949,"height":662,"caption":"M.F. INOX"},"image":{"@id":"https:\/\/mfinox.com\/es\/#\/schema\/logo\/image\/"}}]}},"_links":{"self":[{"href":"https:\/\/mfinox.com\/es\/wp-json\/wp\/v2\/pages\/5453","targetHints":{"allow":["GET"]}}],"collection":[{"href":"https:\/\/mfinox.com\/es\/wp-json\/wp\/v2\/pages"}],"about":[{"href":"https:\/\/mfinox.com\/es\/wp-json\/wp\/v2\/types\/page"}],"author":[{"embeddable":true,"href":"https:\/\/mfinox.com\/es\/wp-json\/wp\/v2\/users\/1"}],"replies":[{"embeddable":true,"href":"https:\/\/mfinox.com\/es\/wp-json\/wp\/v2\/comments?post=5453"}],"version-history":[{"count":0,"href":"https:\/\/mfinox.com\/es\/wp-json\/wp\/v2\/pages\/5453\/revisions"}],"up":[{"embeddable":true,"href":"https:\/\/mfinox.com\/es\/wp-json\/wp\/v2\/pages\/4513"}],"wp:attachment":[{"href":"https:\/\/mfinox.com\/es\/wp-json\/wp\/v2\/media?parent=5453"}],"curies":[{"name":"wp","href":"https:\/\/api.w.org\/{rel}","templated":true}]}}