{"id":5446,"date":"2024-06-04T11:34:57","date_gmt":"2024-06-04T09:34:57","guid":{"rendered":"https:\/\/mfinox.com\/materiales\/monel-400-w-2-4360-uns-n04400\/"},"modified":"2024-09-04T10:40:57","modified_gmt":"2024-09-04T10:40:57","slug":"monel-400-w-2-4360-uns-n04400","status":"publish","type":"page","link":"https:\/\/mfinox.com\/es\/materiales\/monel-400-w-2-4360-uns-n04400\/","title":{"rendered":"MONEL\u00ae 400 W 2.4360 UNS N04400"},"content":{"rendered":"\t\t<div data-elementor-type=\"wp-page\" data-elementor-id=\"5446\" class=\"elementor elementor-5446 elementor-1816\" data-elementor-post-type=\"page\">\n\t\t\t\t<div class=\"elementor-element elementor-element-5ccae6de e-flex e-con-boxed e-con e-parent\" data-id=\"5ccae6de\" data-element_type=\"container\" data-e-type=\"container\" data-settings=\"{&quot;background_background&quot;:&quot;classic&quot;}\">\n\t\t\t\t\t<div class=\"e-con-inner\">\n\t\t\t\t<div class=\"elementor-element elementor-element-3d46954 titolo-materiali elementor-invisible elementor-widget elementor-widget-heading\" data-id=\"3d46954\" data-element_type=\"widget\" data-e-type=\"widget\" data-settings=\"{&quot;_animation&quot;:&quot;fadeIn&quot;}\" data-widget_type=\"heading.default\">\n\t\t\t\t<div class=\"elementor-widget-container\">\n\t\t\t\t\t<h1 class=\"elementor-heading-title elementor-size-default\">MONEL\u00ae 400 W 2.4360 UNS N04400  <\/h1>\t\t\t\t<\/div>\n\t\t\t\t<\/div>\n\t\t\t\t<div class=\"elementor-element elementor-element-66f63151 elementor-invisible elementor-widget elementor-widget-shortcode\" data-id=\"66f63151\" data-element_type=\"widget\" data-e-type=\"widget\" data-settings=\"{&quot;_animation&quot;:&quot;fadeIn&quot;}\" data-widget_type=\"shortcode.default\">\n\t\t\t\t<div class=\"elementor-widget-container\">\n\t\t\t\t\t\t\t<div class=\"elementor-shortcode\"><nav aria-label=\"breadcrumb\"><div class=\"breadcrumb\"><span class=\"breadcrumb-item\"><a href=\"https:\/\/mfinox.com\/es\/\" style=\"color: #F3912E;\">Home<\/a><\/span><\/div><\/nav><\/div>\n\t\t\t\t\t\t<\/div>\n\t\t\t\t<\/div>\n\t\t\t\t\t<\/div>\n\t\t\t\t<\/div>\n\t\t<div class=\"elementor-element elementor-element-7a138a3 e-flex e-con-boxed elementor-invisible e-con e-parent\" data-id=\"7a138a3\" data-element_type=\"container\" data-e-type=\"container\" data-settings=\"{&quot;animation&quot;:&quot;fadeInUp&quot;}\">\n\t\t\t\t\t<div class=\"e-con-inner\">\n\t\t\t\t<div class=\"elementor-element elementor-element-44f6aea2 elementor-widget elementor-widget-text-editor\" data-id=\"44f6aea2\" data-element_type=\"widget\" data-e-type=\"widget\" data-widget_type=\"text-editor.default\">\n\t\t\t\t<div class=\"elementor-widget-container\">\n\t\t\t\t\t\t\t\t\tLa aleaci\u00f3n MONEL\u00ae 400 W 2.4360 UNS N04400 es una aleaci\u00f3n de n\u00edquel-cobre con alta resistencia a la tracci\u00f3n y excelente resistencia a la corrosi\u00f3n en diversos entornos \u00e1cidos y alcalinos, especialmente adecuada para condiciones reductoras.\nEl MONEL\u00ae 400 W 2.4360 UNS N04400 se utiliza ampliamente en muchos campos, sobre todo para la fabricaci\u00f3n de piezas en aplicaciones marinas y qu\u00edmicas: v\u00e1lvulas y bombas, ejes de bombas y h\u00e9lices, sistemas de sujeci\u00f3n marinos, muelles, sistemas de refinado de petr\u00f3leo, intercambiadores de calor, etc.   <h2><b>COMPOSICI\u00d3N QU\u00cdMICA MONEL\u00ae 400 W 2.4360 UNS N04400:<\/b><\/h2>\n<table class=\"responsive-table\">\n<tbody>\n<tr>\n<th>Elemento<\/th><th>M\u00edn<\/th><th>M\u00e1x<\/th>\n<\/tr>\n<tr>\n<td data-label=\"Elemento\">Ni<\/td><td data-label=\"Min\">63.0<\/td><td data-label=\"Max\">&#8212;<\/td>\n<\/tr>\n<tr>\n<td data-label=\"Elemento\">C<\/td><td data-label=\"Min\">&#8212;<\/td><td data-label=\"Max\">0.3<\/td>\n<\/tr>\n<tr>\n<td data-label=\"Elemento\">Mn<\/td><td data-label=\"Min\">&#8212;<\/td><td data-label=\"Max\">2.0<\/td>\n<\/tr>\n<tr>\n<td data-label=\"Elemento\">S\u00ed<\/td><td data-label=\"Min\">&#8212;<\/td><td data-label=\"Max\">0.5<\/td>\n<\/tr>\n<tr>\n<td data-label=\"Elemento\">S<\/td><td data-label=\"Min\">&#8212;<\/td><td data-label=\"Max\">0.024<\/td>\n<\/tr>\n<tr>\n<td data-label=\"Elemento\">Cu<\/td><td data-label=\"Min\">28.0<\/td><td data-label=\"Max\">34.0<\/td>\n<\/tr>\n<\/tbody>\n<\/table>\n<h2><b>CARACTER\u00cdSTICAS MEC\u00c1NICAS MONEL\u00ae 400 W 2.4360 UNS N04400:<\/b><\/h2>\n<table class=\"responsive-table\">\n<tbody>\n<tr>\n<th>Material<\/th>\n<th>Liga<\/th>\n<th>Rm MPa<\/th>\n<th>Rp 0,2 min MPa<\/th>\n<th>A% min<\/th>\n<th>Dureza<\/th>\n<\/tr>\n<tr>\n<td data-label=\"Materiale\">MONEL\u00ae 400 W UNS N04400<\/td>\n<td data-label=\"Lega\">2.4360<\/td>\n<td data-label=\"Rm MPa\">517 &#8211; 827<\/td>\n<td data-label=\"Rp 0.2 min MPa\">172 &#8211; 690<\/td>\n<td data-label=\"A% min\">60-22<\/td>\n<td data-label=\"Durezza\">110 &#8211; 225 HB<\/td>\n<\/tr>\n<\/tbody>\n<\/table>\n<h2>PROPIEDADES F\u00cdSICAS MONEL\u00ae 400 W 2.4360 UNS N04400:<\/h2>\n<ul>\n \t<li>Peso espec\u00edfico: Kg\/cm\u00b3 20\u00b0C &#8211; 8,80<\/li>\n \t<li>M\u00f3dulo de elasticidad: N\/mm\u00b2 20\u00b0C &#8211; 260.000<\/li>\n \t<li>No magn\u00e9tico (hasta -101\u00b0C)<\/li>\n<\/ul>\n<h2>CORRESPONDENCIA Y ESPECIFICACIONES MONEL\u00ae 400 W 2.4360 UNS N04400:<\/h2>\n<ul>\n \t<li>W: 2.4360<\/li>\n \t<li>NACE: MR-01-75<\/li>\n \t<li>UNS: N04400<\/li>\n \t<li>ASTM: B564 B164<\/li>\n<\/ul>\n\t\t<div data-elementor-type=\"section\" data-elementor-id=\"2152\" class=\"elementor elementor-2152\" data-elementor-post-type=\"elementor_library\">\n\t\t\t<div class=\"elementor-element elementor-element-1a5312d e-flex e-con-boxed e-con e-parent\" data-id=\"1a5312d\" data-element_type=\"container\" data-e-type=\"container\">\n\t\t\t\t\t<div class=\"e-con-inner\">\n\t\t\t\t<div class=\"elementor-element elementor-element-703a4b7 elementor-widget elementor-widget-spacer\" data-id=\"703a4b7\" data-element_type=\"widget\" data-e-type=\"widget\" data-widget_type=\"spacer.default\">\n\t\t\t\t<div class=\"elementor-widget-container\">\n\t\t\t\t\t\t\t<div class=\"elementor-spacer\">\n\t\t\t<div class=\"elementor-spacer-inner\"><\/div>\n\t\t<\/div>\n\t\t\t\t\t\t<\/div>\n\t\t\t\t<\/div>\n\t\t\t\t\t<\/div>\n\t\t\t\t<\/div>\n\t\t\t\t<\/div>\n\t\t\t\t\t\t\t\t\t\t<\/div>\n\t\t\t\t<\/div>\n\t\t\t\t\t<\/div>\n\t\t\t\t<\/div>\n\t\t\t\t<\/div>\n\t\t","protected":false},"excerpt":{"rendered":"<p>MONEL\u00ae 400 W 2.4360 UNS N04400 La aleaci\u00f3n MONEL\u00ae 400 W 2.4360 UNS N04400 es una aleaci\u00f3n de n\u00edquel-cobre con alta resistencia a la tracci\u00f3n y excelente resistencia a la corrosi\u00f3n en diversos entornos \u00e1cidos y alcalinos, especialmente adecuada para condiciones reductoras. El MONEL\u00ae 400 W 2.4360 UNS N04400 se utiliza ampliamente en muchos campos, [&hellip;]<\/p>\n","protected":false},"author":1,"featured_media":0,"parent":4513,"menu_order":0,"comment_status":"closed","ping_status":"closed","template":"","meta":{"footnotes":""},"class_list":["post-5446","page","type-page","status-publish","hentry"],"yoast_head":"<!-- This site is optimized with the Yoast SEO plugin v27.6 - https:\/\/yoast.com\/product\/yoast-seo-wordpress\/ -->\n<title>MONEL\u00ae 400 W 2.4360 UNS N04400 - M.F. INOX<\/title>\n<meta name=\"robots\" content=\"index, follow, max-snippet:-1, max-image-preview:large, max-video-preview:-1\" \/>\n<link rel=\"canonical\" href=\"https:\/\/mfinox.com\/es\/materiales\/monel-400-w-2-4360-uns-n04400\/\" \/>\n<meta property=\"og:locale\" content=\"es_ES\" \/>\n<meta property=\"og:type\" content=\"article\" \/>\n<meta property=\"og:title\" content=\"MONEL\u00ae 400 W 2.4360 UNS N04400 - M.F. INOX\" \/>\n<meta property=\"og:description\" content=\"MONEL\u00ae 400 W 2.4360 UNS N04400 La aleaci\u00f3n MONEL\u00ae 400 W 2.4360 UNS N04400 es una aleaci\u00f3n de n\u00edquel-cobre con alta resistencia a la tracci\u00f3n y excelente resistencia a la corrosi\u00f3n en diversos entornos \u00e1cidos y alcalinos, especialmente adecuada para condiciones reductoras. El MONEL\u00ae 400 W 2.4360 UNS N04400 se utiliza ampliamente en muchos campos, [&hellip;]\" \/>\n<meta property=\"og:url\" content=\"https:\/\/mfinox.com\/es\/materiales\/monel-400-w-2-4360-uns-n04400\/\" \/>\n<meta property=\"og:site_name\" content=\"M.F. INOX\" \/>\n<meta property=\"article:modified_time\" content=\"2024-09-04T10:40:57+00:00\" \/>\n<meta name=\"twitter:card\" content=\"summary_large_image\" \/>\n<meta name=\"twitter:label1\" content=\"Tiempo de lectura\" \/>\n\t<meta name=\"twitter:data1\" content=\"1 minuto\" \/>\n<script type=\"application\/ld+json\" class=\"yoast-schema-graph\">{\"@context\":\"https:\\\/\\\/schema.org\",\"@graph\":[{\"@type\":\"WebPage\",\"@id\":\"https:\\\/\\\/mfinox.com\\\/es\\\/materiales\\\/monel-400-w-2-4360-uns-n04400\\\/\",\"url\":\"https:\\\/\\\/mfinox.com\\\/es\\\/materiales\\\/monel-400-w-2-4360-uns-n04400\\\/\",\"name\":\"MONEL\u00ae 400 W 2.4360 UNS N04400 - M.F. INOX\",\"isPartOf\":{\"@id\":\"https:\\\/\\\/mfinox.com\\\/es\\\/#website\"},\"datePublished\":\"2024-06-04T09:34:57+00:00\",\"dateModified\":\"2024-09-04T10:40:57+00:00\",\"breadcrumb\":{\"@id\":\"https:\\\/\\\/mfinox.com\\\/es\\\/materiales\\\/monel-400-w-2-4360-uns-n04400\\\/#breadcrumb\"},\"inLanguage\":\"es\",\"potentialAction\":[{\"@type\":\"ReadAction\",\"target\":[\"https:\\\/\\\/mfinox.com\\\/es\\\/materiales\\\/monel-400-w-2-4360-uns-n04400\\\/\"]}]},{\"@type\":\"BreadcrumbList\",\"@id\":\"https:\\\/\\\/mfinox.com\\\/es\\\/materiales\\\/monel-400-w-2-4360-uns-n04400\\\/#breadcrumb\",\"itemListElement\":[{\"@type\":\"ListItem\",\"position\":1,\"name\":\"Home\",\"item\":\"https:\\\/\\\/mfinox.com\\\/es\\\/\"},{\"@type\":\"ListItem\",\"position\":2,\"name\":\"Materiales\",\"item\":\"https:\\\/\\\/mfinox.com\\\/es\\\/materiales\\\/\"},{\"@type\":\"ListItem\",\"position\":3,\"name\":\"MONEL\u00ae 400 W 2.4360 UNS N04400\"}]},{\"@type\":\"WebSite\",\"@id\":\"https:\\\/\\\/mfinox.com\\\/es\\\/#website\",\"url\":\"https:\\\/\\\/mfinox.com\\\/es\\\/\",\"name\":\"M.F. INOX\",\"description\":\"\",\"publisher\":{\"@id\":\"https:\\\/\\\/mfinox.com\\\/es\\\/#organization\"},\"potentialAction\":[{\"@type\":\"SearchAction\",\"target\":{\"@type\":\"EntryPoint\",\"urlTemplate\":\"https:\\\/\\\/mfinox.com\\\/es\\\/?s={search_term_string}\"},\"query-input\":{\"@type\":\"PropertyValueSpecification\",\"valueRequired\":true,\"valueName\":\"search_term_string\"}}],\"inLanguage\":\"es\"},{\"@type\":\"Organization\",\"@id\":\"https:\\\/\\\/mfinox.com\\\/es\\\/#organization\",\"name\":\"M.F. INOX\",\"url\":\"https:\\\/\\\/mfinox.com\\\/es\\\/\",\"logo\":{\"@type\":\"ImageObject\",\"inLanguage\":\"es\",\"@id\":\"https:\\\/\\\/mfinox.com\\\/es\\\/#\\\/schema\\\/logo\\\/image\\\/\",\"url\":\"https:\\\/\\\/mfinox.com\\\/wp-content\\\/uploads\\\/2024\\\/05\\\/mf-inox_logo_neg.png\",\"contentUrl\":\"https:\\\/\\\/mfinox.com\\\/wp-content\\\/uploads\\\/2024\\\/05\\\/mf-inox_logo_neg.png\",\"width\":1949,\"height\":662,\"caption\":\"M.F. INOX\"},\"image\":{\"@id\":\"https:\\\/\\\/mfinox.com\\\/es\\\/#\\\/schema\\\/logo\\\/image\\\/\"}}]}<\/script>\n<!-- \/ Yoast SEO plugin. -->","yoast_head_json":{"title":"MONEL\u00ae 400 W 2.4360 UNS N04400 - M.F. INOX","robots":{"index":"index","follow":"follow","max-snippet":"max-snippet:-1","max-image-preview":"max-image-preview:large","max-video-preview":"max-video-preview:-1"},"canonical":"https:\/\/mfinox.com\/es\/materiales\/monel-400-w-2-4360-uns-n04400\/","og_locale":"es_ES","og_type":"article","og_title":"MONEL\u00ae 400 W 2.4360 UNS N04400 - M.F. INOX","og_description":"MONEL\u00ae 400 W 2.4360 UNS N04400 La aleaci\u00f3n MONEL\u00ae 400 W 2.4360 UNS N04400 es una aleaci\u00f3n de n\u00edquel-cobre con alta resistencia a la tracci\u00f3n y excelente resistencia a la corrosi\u00f3n en diversos entornos \u00e1cidos y alcalinos, especialmente adecuada para condiciones reductoras. El MONEL\u00ae 400 W 2.4360 UNS N04400 se utiliza ampliamente en muchos campos, [&hellip;]","og_url":"https:\/\/mfinox.com\/es\/materiales\/monel-400-w-2-4360-uns-n04400\/","og_site_name":"M.F. INOX","article_modified_time":"2024-09-04T10:40:57+00:00","twitter_card":"summary_large_image","twitter_misc":{"Tiempo de lectura":"1 minuto"},"schema":{"@context":"https:\/\/schema.org","@graph":[{"@type":"WebPage","@id":"https:\/\/mfinox.com\/es\/materiales\/monel-400-w-2-4360-uns-n04400\/","url":"https:\/\/mfinox.com\/es\/materiales\/monel-400-w-2-4360-uns-n04400\/","name":"MONEL\u00ae 400 W 2.4360 UNS N04400 - M.F. INOX","isPartOf":{"@id":"https:\/\/mfinox.com\/es\/#website"},"datePublished":"2024-06-04T09:34:57+00:00","dateModified":"2024-09-04T10:40:57+00:00","breadcrumb":{"@id":"https:\/\/mfinox.com\/es\/materiales\/monel-400-w-2-4360-uns-n04400\/#breadcrumb"},"inLanguage":"es","potentialAction":[{"@type":"ReadAction","target":["https:\/\/mfinox.com\/es\/materiales\/monel-400-w-2-4360-uns-n04400\/"]}]},{"@type":"BreadcrumbList","@id":"https:\/\/mfinox.com\/es\/materiales\/monel-400-w-2-4360-uns-n04400\/#breadcrumb","itemListElement":[{"@type":"ListItem","position":1,"name":"Home","item":"https:\/\/mfinox.com\/es\/"},{"@type":"ListItem","position":2,"name":"Materiales","item":"https:\/\/mfinox.com\/es\/materiales\/"},{"@type":"ListItem","position":3,"name":"MONEL\u00ae 400 W 2.4360 UNS N04400"}]},{"@type":"WebSite","@id":"https:\/\/mfinox.com\/es\/#website","url":"https:\/\/mfinox.com\/es\/","name":"M.F. INOX","description":"","publisher":{"@id":"https:\/\/mfinox.com\/es\/#organization"},"potentialAction":[{"@type":"SearchAction","target":{"@type":"EntryPoint","urlTemplate":"https:\/\/mfinox.com\/es\/?s={search_term_string}"},"query-input":{"@type":"PropertyValueSpecification","valueRequired":true,"valueName":"search_term_string"}}],"inLanguage":"es"},{"@type":"Organization","@id":"https:\/\/mfinox.com\/es\/#organization","name":"M.F. INOX","url":"https:\/\/mfinox.com\/es\/","logo":{"@type":"ImageObject","inLanguage":"es","@id":"https:\/\/mfinox.com\/es\/#\/schema\/logo\/image\/","url":"https:\/\/mfinox.com\/wp-content\/uploads\/2024\/05\/mf-inox_logo_neg.png","contentUrl":"https:\/\/mfinox.com\/wp-content\/uploads\/2024\/05\/mf-inox_logo_neg.png","width":1949,"height":662,"caption":"M.F. INOX"},"image":{"@id":"https:\/\/mfinox.com\/es\/#\/schema\/logo\/image\/"}}]}},"_links":{"self":[{"href":"https:\/\/mfinox.com\/es\/wp-json\/wp\/v2\/pages\/5446","targetHints":{"allow":["GET"]}}],"collection":[{"href":"https:\/\/mfinox.com\/es\/wp-json\/wp\/v2\/pages"}],"about":[{"href":"https:\/\/mfinox.com\/es\/wp-json\/wp\/v2\/types\/page"}],"author":[{"embeddable":true,"href":"https:\/\/mfinox.com\/es\/wp-json\/wp\/v2\/users\/1"}],"replies":[{"embeddable":true,"href":"https:\/\/mfinox.com\/es\/wp-json\/wp\/v2\/comments?post=5446"}],"version-history":[{"count":0,"href":"https:\/\/mfinox.com\/es\/wp-json\/wp\/v2\/pages\/5446\/revisions"}],"up":[{"embeddable":true,"href":"https:\/\/mfinox.com\/es\/wp-json\/wp\/v2\/pages\/4513"}],"wp:attachment":[{"href":"https:\/\/mfinox.com\/es\/wp-json\/wp\/v2\/media?parent=5446"}],"curies":[{"name":"wp","href":"https:\/\/api.w.org\/{rel}","templated":true}]}}