{"id":5435,"date":"2024-05-21T15:45:04","date_gmt":"2024-05-21T15:45:04","guid":{"rendered":"https:\/\/mfinox.com\/materiales\/aleacion-de-niquel-incoloy-925-alloy-925-uns-n09925\/"},"modified":"2024-09-04T10:38:09","modified_gmt":"2024-09-04T10:38:09","slug":"aleacion-de-niquel-incoloy-925-alloy-925-uns-n09925","status":"publish","type":"page","link":"https:\/\/mfinox.com\/es\/materiales\/aleacion-de-niquel-incoloy-925-alloy-925-uns-n09925\/","title":{"rendered":"Aleaci\u00f3n de n\u00edquel INCOLOY\u00ae 925 ALLOY 925 UNS N09925"},"content":{"rendered":"\t\t<div data-elementor-type=\"wp-page\" data-elementor-id=\"5435\" class=\"elementor elementor-5435 elementor-795\" data-elementor-post-type=\"page\">\n\t\t\t\t<div class=\"elementor-element elementor-element-1194d539 e-flex e-con-boxed e-con e-parent\" data-id=\"1194d539\" data-element_type=\"container\" data-e-type=\"container\" data-settings=\"{&quot;background_background&quot;:&quot;classic&quot;}\">\n\t\t\t\t\t<div class=\"e-con-inner\">\n\t\t\t\t<div class=\"elementor-element elementor-element-2f07dfb4 titolo-materiali elementor-invisible elementor-widget elementor-widget-heading\" data-id=\"2f07dfb4\" data-element_type=\"widget\" data-e-type=\"widget\" data-settings=\"{&quot;_animation&quot;:&quot;fadeIn&quot;}\" data-widget_type=\"heading.default\">\n\t\t\t\t<div class=\"elementor-widget-container\">\n\t\t\t\t\t<h1 class=\"elementor-heading-title elementor-size-default\">INCOLOY\u00ae 925 ALEACI\u00d3N 925 UNS N09925<\/h1>\t\t\t\t<\/div>\n\t\t\t\t<\/div>\n\t\t\t\t<div class=\"elementor-element elementor-element-28feed39 elementor-invisible elementor-widget elementor-widget-shortcode\" data-id=\"28feed39\" data-element_type=\"widget\" data-e-type=\"widget\" data-settings=\"{&quot;_animation&quot;:&quot;fadeIn&quot;}\" data-widget_type=\"shortcode.default\">\n\t\t\t\t<div class=\"elementor-widget-container\">\n\t\t\t\t\t\t\t<div class=\"elementor-shortcode\"><nav aria-label=\"breadcrumb\"><div class=\"breadcrumb\"><span class=\"breadcrumb-item\"><a href=\"https:\/\/mfinox.com\/es\/\" style=\"color: #F3912E;\">Home<\/a><\/span><\/div><\/nav><\/div>\n\t\t\t\t\t\t<\/div>\n\t\t\t\t<\/div>\n\t\t\t\t\t<\/div>\n\t\t\t\t<\/div>\n\t\t<div class=\"elementor-element elementor-element-3134a4f1 e-flex e-con-boxed elementor-invisible e-con e-parent\" data-id=\"3134a4f1\" data-element_type=\"container\" data-e-type=\"container\" data-settings=\"{&quot;animation&quot;:&quot;fadeInUp&quot;}\">\n\t\t\t\t\t<div class=\"e-con-inner\">\n\t\t\t\t<div class=\"elementor-element elementor-element-4370af90 elementor-widget elementor-widget-text-editor\" data-id=\"4370af90\" data-element_type=\"widget\" data-e-type=\"widget\" data-widget_type=\"text-editor.default\">\n\t\t\t\t<div class=\"elementor-widget-container\">\n\t\t\t\t\t\t\t\t\tLa ALEACI\u00d3N INCOLOY\u00ae 925 UNS N09925 es una aleaci\u00f3n de n\u00edquel-hierro-cromo con adici\u00f3n de molibdeno, titanio, aluminio y cobre adecuada para el endurecimiento por precipitaci\u00f3n.\nCombina una elevada resistencia mec\u00e1nica obtenida por endurecimiento por precipitaci\u00f3n con una excelente resistencia a la corrosi\u00f3n comparable a la de la aleaci\u00f3n INCOLOY\u00ae 825.\nHasta unos 650\u00b0C, la aleaci\u00f3n de n\u00edquel INCOLOY\u00ae 925 ALLOY 925 UNS N09925 mantiene un excelente rendimiento, lo que la hace adecuada para aplicaciones de alta temperatura.\nEsta aleaci\u00f3n tiene caracter\u00edsticas generales de alta resistencia a la corrosi\u00f3n, corrosi\u00f3n por intersticios y fisuraci\u00f3n por tensiones en muchos medios acuosos, incluidos los que contienen sulfuros y cloruros.\nLa aleaci\u00f3n de n\u00edquel INCOLOY\u00ae 925 UNS N09925 se utiliza para componentes de plantas qu\u00edmicas y plantas de petr\u00f3leo y gas, como v\u00e1lvulas, bombas, etc.      <h2>COMPOSICI\u00d3N QU\u00cdMICA INCOLOY\u00ae 925 ALEACI\u00d3N 925 UNS N09925<\/h2>\n<table class=\"responsive-table\">\n<tbody>\n<tr>\n<th>Elemento<\/th><th>M\u00edn<\/th><th>M\u00e1x<\/th>\n<\/tr>\n<tr>\n<td>Ni<\/td><td>42.00<\/td><td>46.00<\/td>\n<\/tr>\n<tr>\n<td>Cr<\/td><td>19.50<\/td><td>22.50<\/td>\n<\/tr>\n<tr>\n<td>Fe<\/td><td>22.00<\/td><td>&#8212;<\/td>\n<\/tr>\n<tr>\n<td>Mo<\/td><td>2.50<\/td><td>3.50<\/td>\n<\/tr>\n<tr>\n<td>Nb<\/td><td>&#8212;<\/td><td>0.50<\/td>\n<\/tr>\n<tr>\n<td>Mn<\/td><td>&#8212;<\/td><td>1.00<\/td>\n<\/tr>\n<tr>\n<td>Cu<\/td><td>1.00<\/td><td>3.00<\/td>\n<\/tr>\n<tr>\n<td>En<\/td><td>0.10<\/td><td>0.50<\/td>\n<\/tr>\n<tr>\n<td>Ti<\/td><td>1.90<\/td><td>2.40<\/td>\n<\/tr>\n<tr>\n<td>S\u00ed<\/td><td>&#8212;<\/td><td>0.50<\/td>\n<\/tr>\n<tr>\n<td>C<\/td><td>&#8212;<\/td><td>0.03<\/td>\n<\/tr>\n<tr>\n<td>S<\/td><td>&#8212;<\/td><td>0.03<\/td>\n<\/tr>\n<tr>\n<td>P<\/td><td>&#8212;<\/td><td>0.02<\/td>\n<\/tr>\n<\/tbody>\n<\/table>\n<h2>PROPIEDADES MEC\u00c1NICAS INCOLOY\u00ae 925 ALEACI\u00d3N 925 UNS N09925<\/h2>\n<table class=\"responsive-table\">\n<tbody>\n<tr>\n<th>Material<\/th>\n<th>Liga<\/th>\n<th>Rm min (MPa)<\/th>\n<th>Rp 0,2 min (MPa)<\/th>\n<th>A% min<\/th>\n<th>Dureza<\/th>\n<\/tr>\n<tr>\n<td>INCOLOY\u00ae 925 ALEACI\u00d3N 925 UNS N09925 solubilizada<\/td>\n<td>N09925<\/td>\n<td>685<\/td>\n<td>271<\/td>\n<td>56<\/td>\n<td>76 HRB<\/td>\n<\/tr>\n<tr>\n<td>INCOLOY\u00ae 925 ALEACI\u00d3N 925 UNS N09925 envejecida<\/td>\n<td>N09925<\/td>\n<td>1154<\/td>\n<td>832<\/td>\n<td>27<\/td>\n<td>26 &#8211; 32 HRC<\/td>\n<\/tr>\n<\/tbody>\n<\/table>\n<h2>CARACTER\u00cdSTICAS F\u00cdSICAS INCOLOY\u00ae 925 ALEACI\u00d3N 925 UNS N09925<\/h2>\n<ul>\n \t<li>Densidad a 20\u00b0C: 8,08 kg\/dm\u00b3<\/li>\n \t<li>M\u00f3dulo de elasticidad a 20\u00b0C: 199.000 N\/mm\u00b2.<\/li>\n \t<li>Coeficientes de dilataci\u00f3n lineal: 13,2 \u03bcm\/m \u00b0C<\/li>\n<\/ul>\n<h2>CORRESPONDENCIA Y ESPECIFICACIONES INCOLOY\u00ae 925 ALEACI\u00d3N 925 UNS N09925<\/h2>\n<ul>\n \t<li>UNS: N09925<\/li>\n \t<li>NACE MR-0175<\/li>\n<\/ul>\t\t\t\t\t\t\t\t<\/div>\n\t\t\t\t<\/div>\n\t\t\t\t\t<\/div>\n\t\t\t\t<\/div>\n\t\t\t\t<\/div>\n\t\t","protected":false},"excerpt":{"rendered":"<p>INCOLOY\u00ae 925 ALEACI\u00d3N 925 UNS N09925 La ALEACI\u00d3N INCOLOY\u00ae 925 UNS N09925 es una aleaci\u00f3n de n\u00edquel-hierro-cromo con adici\u00f3n de molibdeno, titanio, aluminio y cobre adecuada para el endurecimiento por precipitaci\u00f3n. Combina una elevada resistencia mec\u00e1nica obtenida por endurecimiento por precipitaci\u00f3n con una excelente resistencia a la corrosi\u00f3n comparable a la de la aleaci\u00f3n INCOLOY\u00ae [&hellip;]<\/p>\n","protected":false},"author":1,"featured_media":0,"parent":4513,"menu_order":0,"comment_status":"closed","ping_status":"closed","template":"","meta":{"footnotes":""},"class_list":["post-5435","page","type-page","status-publish","hentry"],"yoast_head":"<!-- This site is optimized with the Yoast SEO plugin v27.6 - https:\/\/yoast.com\/product\/yoast-seo-wordpress\/ -->\n<title>Aleaci\u00f3n de n\u00edquel INCOLOY\u00ae 925 ALLOY 925 UNS N09925 - M.F. INOX<\/title>\n<meta name=\"robots\" content=\"index, follow, max-snippet:-1, max-image-preview:large, max-video-preview:-1\" \/>\n<link rel=\"canonical\" href=\"https:\/\/mfinox.com\/es\/materiales\/aleacion-de-niquel-incoloy-925-alloy-925-uns-n09925\/\" \/>\n<meta property=\"og:locale\" content=\"es_ES\" \/>\n<meta property=\"og:type\" content=\"article\" \/>\n<meta property=\"og:title\" content=\"Aleaci\u00f3n de n\u00edquel INCOLOY\u00ae 925 ALLOY 925 UNS N09925 - M.F. INOX\" \/>\n<meta property=\"og:description\" content=\"INCOLOY\u00ae 925 ALEACI\u00d3N 925 UNS N09925 La ALEACI\u00d3N INCOLOY\u00ae 925 UNS N09925 es una aleaci\u00f3n de n\u00edquel-hierro-cromo con adici\u00f3n de molibdeno, titanio, aluminio y cobre adecuada para el endurecimiento por precipitaci\u00f3n. Combina una elevada resistencia mec\u00e1nica obtenida por endurecimiento por precipitaci\u00f3n con una excelente resistencia a la corrosi\u00f3n comparable a la de la aleaci\u00f3n INCOLOY\u00ae [&hellip;]\" \/>\n<meta property=\"og:url\" content=\"https:\/\/mfinox.com\/es\/materiales\/aleacion-de-niquel-incoloy-925-alloy-925-uns-n09925\/\" \/>\n<meta property=\"og:site_name\" content=\"M.F. INOX\" \/>\n<meta property=\"article:modified_time\" content=\"2024-09-04T10:38:09+00:00\" \/>\n<meta name=\"twitter:card\" content=\"summary_large_image\" \/>\n<meta name=\"twitter:label1\" content=\"Tiempo de lectura\" \/>\n\t<meta name=\"twitter:data1\" content=\"1 minuto\" \/>\n<script type=\"application\/ld+json\" class=\"yoast-schema-graph\">{\"@context\":\"https:\\\/\\\/schema.org\",\"@graph\":[{\"@type\":\"WebPage\",\"@id\":\"https:\\\/\\\/mfinox.com\\\/es\\\/materiales\\\/aleacion-de-niquel-incoloy-925-alloy-925-uns-n09925\\\/\",\"url\":\"https:\\\/\\\/mfinox.com\\\/es\\\/materiales\\\/aleacion-de-niquel-incoloy-925-alloy-925-uns-n09925\\\/\",\"name\":\"Aleaci\u00f3n de n\u00edquel INCOLOY\u00ae 925 ALLOY 925 UNS N09925 - M.F. INOX\",\"isPartOf\":{\"@id\":\"https:\\\/\\\/mfinox.com\\\/es\\\/#website\"},\"datePublished\":\"2024-05-21T15:45:04+00:00\",\"dateModified\":\"2024-09-04T10:38:09+00:00\",\"breadcrumb\":{\"@id\":\"https:\\\/\\\/mfinox.com\\\/es\\\/materiales\\\/aleacion-de-niquel-incoloy-925-alloy-925-uns-n09925\\\/#breadcrumb\"},\"inLanguage\":\"es\",\"potentialAction\":[{\"@type\":\"ReadAction\",\"target\":[\"https:\\\/\\\/mfinox.com\\\/es\\\/materiales\\\/aleacion-de-niquel-incoloy-925-alloy-925-uns-n09925\\\/\"]}]},{\"@type\":\"BreadcrumbList\",\"@id\":\"https:\\\/\\\/mfinox.com\\\/es\\\/materiales\\\/aleacion-de-niquel-incoloy-925-alloy-925-uns-n09925\\\/#breadcrumb\",\"itemListElement\":[{\"@type\":\"ListItem\",\"position\":1,\"name\":\"Home\",\"item\":\"https:\\\/\\\/mfinox.com\\\/es\\\/\"},{\"@type\":\"ListItem\",\"position\":2,\"name\":\"Materiales\",\"item\":\"https:\\\/\\\/mfinox.com\\\/es\\\/materiales\\\/\"},{\"@type\":\"ListItem\",\"position\":3,\"name\":\"Aleaci\u00f3n de n\u00edquel INCOLOY\u00ae 925 ALLOY 925 UNS N09925\"}]},{\"@type\":\"WebSite\",\"@id\":\"https:\\\/\\\/mfinox.com\\\/es\\\/#website\",\"url\":\"https:\\\/\\\/mfinox.com\\\/es\\\/\",\"name\":\"M.F. INOX\",\"description\":\"\",\"publisher\":{\"@id\":\"https:\\\/\\\/mfinox.com\\\/es\\\/#organization\"},\"potentialAction\":[{\"@type\":\"SearchAction\",\"target\":{\"@type\":\"EntryPoint\",\"urlTemplate\":\"https:\\\/\\\/mfinox.com\\\/es\\\/?s={search_term_string}\"},\"query-input\":{\"@type\":\"PropertyValueSpecification\",\"valueRequired\":true,\"valueName\":\"search_term_string\"}}],\"inLanguage\":\"es\"},{\"@type\":\"Organization\",\"@id\":\"https:\\\/\\\/mfinox.com\\\/es\\\/#organization\",\"name\":\"M.F. INOX\",\"url\":\"https:\\\/\\\/mfinox.com\\\/es\\\/\",\"logo\":{\"@type\":\"ImageObject\",\"inLanguage\":\"es\",\"@id\":\"https:\\\/\\\/mfinox.com\\\/es\\\/#\\\/schema\\\/logo\\\/image\\\/\",\"url\":\"https:\\\/\\\/mfinox.com\\\/wp-content\\\/uploads\\\/2024\\\/05\\\/mf-inox_logo_neg.png\",\"contentUrl\":\"https:\\\/\\\/mfinox.com\\\/wp-content\\\/uploads\\\/2024\\\/05\\\/mf-inox_logo_neg.png\",\"width\":1949,\"height\":662,\"caption\":\"M.F. INOX\"},\"image\":{\"@id\":\"https:\\\/\\\/mfinox.com\\\/es\\\/#\\\/schema\\\/logo\\\/image\\\/\"}}]}<\/script>\n<!-- \/ Yoast SEO plugin. -->","yoast_head_json":{"title":"Aleaci\u00f3n de n\u00edquel INCOLOY\u00ae 925 ALLOY 925 UNS N09925 - M.F. INOX","robots":{"index":"index","follow":"follow","max-snippet":"max-snippet:-1","max-image-preview":"max-image-preview:large","max-video-preview":"max-video-preview:-1"},"canonical":"https:\/\/mfinox.com\/es\/materiales\/aleacion-de-niquel-incoloy-925-alloy-925-uns-n09925\/","og_locale":"es_ES","og_type":"article","og_title":"Aleaci\u00f3n de n\u00edquel INCOLOY\u00ae 925 ALLOY 925 UNS N09925 - M.F. INOX","og_description":"INCOLOY\u00ae 925 ALEACI\u00d3N 925 UNS N09925 La ALEACI\u00d3N INCOLOY\u00ae 925 UNS N09925 es una aleaci\u00f3n de n\u00edquel-hierro-cromo con adici\u00f3n de molibdeno, titanio, aluminio y cobre adecuada para el endurecimiento por precipitaci\u00f3n. Combina una elevada resistencia mec\u00e1nica obtenida por endurecimiento por precipitaci\u00f3n con una excelente resistencia a la corrosi\u00f3n comparable a la de la aleaci\u00f3n INCOLOY\u00ae [&hellip;]","og_url":"https:\/\/mfinox.com\/es\/materiales\/aleacion-de-niquel-incoloy-925-alloy-925-uns-n09925\/","og_site_name":"M.F. INOX","article_modified_time":"2024-09-04T10:38:09+00:00","twitter_card":"summary_large_image","twitter_misc":{"Tiempo de lectura":"1 minuto"},"schema":{"@context":"https:\/\/schema.org","@graph":[{"@type":"WebPage","@id":"https:\/\/mfinox.com\/es\/materiales\/aleacion-de-niquel-incoloy-925-alloy-925-uns-n09925\/","url":"https:\/\/mfinox.com\/es\/materiales\/aleacion-de-niquel-incoloy-925-alloy-925-uns-n09925\/","name":"Aleaci\u00f3n de n\u00edquel INCOLOY\u00ae 925 ALLOY 925 UNS N09925 - M.F. INOX","isPartOf":{"@id":"https:\/\/mfinox.com\/es\/#website"},"datePublished":"2024-05-21T15:45:04+00:00","dateModified":"2024-09-04T10:38:09+00:00","breadcrumb":{"@id":"https:\/\/mfinox.com\/es\/materiales\/aleacion-de-niquel-incoloy-925-alloy-925-uns-n09925\/#breadcrumb"},"inLanguage":"es","potentialAction":[{"@type":"ReadAction","target":["https:\/\/mfinox.com\/es\/materiales\/aleacion-de-niquel-incoloy-925-alloy-925-uns-n09925\/"]}]},{"@type":"BreadcrumbList","@id":"https:\/\/mfinox.com\/es\/materiales\/aleacion-de-niquel-incoloy-925-alloy-925-uns-n09925\/#breadcrumb","itemListElement":[{"@type":"ListItem","position":1,"name":"Home","item":"https:\/\/mfinox.com\/es\/"},{"@type":"ListItem","position":2,"name":"Materiales","item":"https:\/\/mfinox.com\/es\/materiales\/"},{"@type":"ListItem","position":3,"name":"Aleaci\u00f3n de n\u00edquel INCOLOY\u00ae 925 ALLOY 925 UNS N09925"}]},{"@type":"WebSite","@id":"https:\/\/mfinox.com\/es\/#website","url":"https:\/\/mfinox.com\/es\/","name":"M.F. INOX","description":"","publisher":{"@id":"https:\/\/mfinox.com\/es\/#organization"},"potentialAction":[{"@type":"SearchAction","target":{"@type":"EntryPoint","urlTemplate":"https:\/\/mfinox.com\/es\/?s={search_term_string}"},"query-input":{"@type":"PropertyValueSpecification","valueRequired":true,"valueName":"search_term_string"}}],"inLanguage":"es"},{"@type":"Organization","@id":"https:\/\/mfinox.com\/es\/#organization","name":"M.F. INOX","url":"https:\/\/mfinox.com\/es\/","logo":{"@type":"ImageObject","inLanguage":"es","@id":"https:\/\/mfinox.com\/es\/#\/schema\/logo\/image\/","url":"https:\/\/mfinox.com\/wp-content\/uploads\/2024\/05\/mf-inox_logo_neg.png","contentUrl":"https:\/\/mfinox.com\/wp-content\/uploads\/2024\/05\/mf-inox_logo_neg.png","width":1949,"height":662,"caption":"M.F. INOX"},"image":{"@id":"https:\/\/mfinox.com\/es\/#\/schema\/logo\/image\/"}}]}},"_links":{"self":[{"href":"https:\/\/mfinox.com\/es\/wp-json\/wp\/v2\/pages\/5435","targetHints":{"allow":["GET"]}}],"collection":[{"href":"https:\/\/mfinox.com\/es\/wp-json\/wp\/v2\/pages"}],"about":[{"href":"https:\/\/mfinox.com\/es\/wp-json\/wp\/v2\/types\/page"}],"author":[{"embeddable":true,"href":"https:\/\/mfinox.com\/es\/wp-json\/wp\/v2\/users\/1"}],"replies":[{"embeddable":true,"href":"https:\/\/mfinox.com\/es\/wp-json\/wp\/v2\/comments?post=5435"}],"version-history":[{"count":0,"href":"https:\/\/mfinox.com\/es\/wp-json\/wp\/v2\/pages\/5435\/revisions"}],"up":[{"embeddable":true,"href":"https:\/\/mfinox.com\/es\/wp-json\/wp\/v2\/pages\/4513"}],"wp:attachment":[{"href":"https:\/\/mfinox.com\/es\/wp-json\/wp\/v2\/media?parent=5435"}],"curies":[{"name":"wp","href":"https:\/\/api.w.org\/{rel}","templated":true}]}}