{"id":5430,"date":"2024-05-21T15:39:48","date_gmt":"2024-05-21T15:39:48","guid":{"rendered":"https:\/\/mfinox.com\/materiales\/aleacion-de-niquel-hastelloy-c-276-uns-n010286-alloy-276-werkstoff-2-4819\/"},"modified":"2024-09-04T10:37:48","modified_gmt":"2024-09-04T10:37:48","slug":"aleacion-de-niquel-hastelloy-c-276-uns-n010286-alloy-276-werkstoff-2-4819","status":"publish","type":"page","link":"https:\/\/mfinox.com\/es\/materiales\/aleacion-de-niquel-hastelloy-c-276-uns-n010286-alloy-276-werkstoff-2-4819\/","title":{"rendered":"Aleaci\u00f3n de n\u00edquel HASTELLOY\u00ae C-276 UNS N010286 ALLOY 276 werkstoff 2.4819"},"content":{"rendered":"\t\t<div data-elementor-type=\"wp-page\" data-elementor-id=\"5430\" class=\"elementor elementor-5430 elementor-790\" data-elementor-post-type=\"page\">\n\t\t\t\t<div class=\"elementor-element elementor-element-d5fc56d e-flex e-con-boxed e-con e-parent\" data-id=\"d5fc56d\" data-element_type=\"container\" data-e-type=\"container\" data-settings=\"{&quot;background_background&quot;:&quot;classic&quot;}\">\n\t\t\t\t\t<div class=\"e-con-inner\">\n\t\t\t\t<div class=\"elementor-element elementor-element-7574d37 titolo-materiali elementor-invisible elementor-widget elementor-widget-heading\" data-id=\"7574d37\" data-element_type=\"widget\" data-e-type=\"widget\" data-settings=\"{&quot;_animation&quot;:&quot;fadeIn&quot;}\" data-widget_type=\"heading.default\">\n\t\t\t\t<div class=\"elementor-widget-container\">\n\t\t\t\t\t<h1 class=\"elementor-heading-title elementor-size-default\">HASTELLOY\u00ae C-276 UNS N010286 ALLOY 276 werkstoff 2.4819<\/h1>\t\t\t\t<\/div>\n\t\t\t\t<\/div>\n\t\t\t\t<div class=\"elementor-element elementor-element-2ac5597d elementor-invisible elementor-widget elementor-widget-shortcode\" data-id=\"2ac5597d\" data-element_type=\"widget\" data-e-type=\"widget\" data-settings=\"{&quot;_animation&quot;:&quot;fadeIn&quot;}\" data-widget_type=\"shortcode.default\">\n\t\t\t\t<div class=\"elementor-widget-container\">\n\t\t\t\t\t\t\t<div class=\"elementor-shortcode\"><nav aria-label=\"breadcrumb\"><div class=\"breadcrumb\"><span class=\"breadcrumb-item\"><a href=\"https:\/\/mfinox.com\/es\/\" style=\"color: #F3912E;\">Home<\/a><\/span><\/div><\/nav><\/div>\n\t\t\t\t\t\t<\/div>\n\t\t\t\t<\/div>\n\t\t\t\t\t<\/div>\n\t\t\t\t<\/div>\n\t\t<div class=\"elementor-element elementor-element-120dd397 e-flex e-con-boxed elementor-invisible e-con e-parent\" data-id=\"120dd397\" data-element_type=\"container\" data-e-type=\"container\" data-settings=\"{&quot;animation&quot;:&quot;fadeInUp&quot;}\">\n\t\t\t\t\t<div class=\"e-con-inner\">\n\t\t\t\t<div class=\"elementor-element elementor-element-5972f8ed elementor-widget elementor-widget-text-editor\" data-id=\"5972f8ed\" data-element_type=\"widget\" data-e-type=\"widget\" data-widget_type=\"text-editor.default\">\n\t\t\t\t<div class=\"elementor-widget-container\">\n\t\t\t\t\t\t\t\t\tLa aleaci\u00f3n HASTELLOY\u00ae C-276 UNS N010286 ALLOY 276 werkstoff 2.4819 es una aleaci\u00f3n de n\u00edquel-molibdeno-cromo extremadamente vers\u00e1til que combina una excelente resistencia a la corrosi\u00f3n con una buena estabilidad t\u00e9rmica conferida por una baja propensi\u00f3n a la precipitaci\u00f3n en los l\u00edmites de grano.\nEsta caracter\u00edstica la hace adecuada para una amplia gama de aplicaciones en el campo de las plantas qu\u00edmicas, donde se necesitan construcciones soldadas.\nSi no se satisface esta necesidad, el Hastelloy C-22 es la soluci\u00f3n ideal, ya que tiene una estabilidad t\u00e9rmica superior.\nLa presencia de una buena cantidad de cromo y molibdeno confiere al Hastelloy\u00ae C-276 una excelente resistencia tanto a los agentes oxidantes como a los reductores; sin embargo, el alto contenido de molibdeno lo hace m\u00e1s adecuado en entornos con presencia de ataques reductores.\nEl molibdeno tambi\u00e9n le confiere un comportamiento excelente en casos de corrosi\u00f3n localizada, como la picadura o \u00abcorrosi\u00f3n por intersticios\u00bb y la \u00abfisuraci\u00f3n por corrosi\u00f3n bajo tensi\u00f3n\u00bb.\nLa aleaci\u00f3n Hastelloy\u00ae C-276 tambi\u00e9n tiene una buena resistencia a los gases de las plantas de desulfuraci\u00f3n.\nLa aleaci\u00f3n HASTELLOY\u00ae C-276 UNS N010286 ALLOY 276 werkstoff 2.4819 se utiliza para componentes de plantas qu\u00edmicas, equipos de control de la contaminaci\u00f3n y plantas de petr\u00f3leo y gas.        <h2><b>COMPOSICI\u00d3N QU\u00cdMICA HASTELLOY\u00ae C-276 UNS N010286<\/b><\/h2>\n<table class=\"responsive-table\">\n<thead>\n<tr>\n<th>Elemento<\/th><th>M\u00edn<\/th><th>M\u00e1x<\/th>\n<\/tr>\n<\/thead>\n<tbody>\n<tr>\n<td data-label=\"Elemento\">Ni<\/td><td data-label=\"Min\">55<\/td><td data-label=\"Max\">&#8212;<\/td>\n<\/tr>\n<tr>\n<td data-label=\"Elemento\">Cr<\/td><td data-label=\"Min\">14.5<\/td><td data-label=\"Max\">16.5<\/td>\n<\/tr>\n<tr>\n<td data-label=\"Elemento\">Fe<\/td><td data-label=\"Min\">4<\/td><td data-label=\"Max\">7<\/td>\n<\/tr>\n<tr>\n<td data-label=\"Elemento\">Mo<\/td><td data-label=\"Min\">15<\/td><td data-label=\"Max\">17<\/td>\n<\/tr>\n<tr>\n<td data-label=\"Elemento\">W<\/td><td data-label=\"Min\">3<\/td><td data-label=\"Max\">4.5<\/td>\n<\/tr>\n<tr>\n<td data-label=\"Elemento\">C<\/td><td data-label=\"Min\">&#8212;<\/td><td data-label=\"Max\">0.01<\/td>\n<\/tr>\n<tr>\n<td data-label=\"Elemento\">Mn<\/td><td data-label=\"Min\">&#8212;<\/td><td data-label=\"Max\">1<\/td>\n<\/tr>\n<tr>\n<td data-label=\"Elemento\">S<\/td><td data-label=\"Min\">&#8212;<\/td><td data-label=\"Max\">0.03<\/td>\n<\/tr>\n<tr>\n<td data-label=\"Elemento\">S\u00ed<\/td><td data-label=\"Min\">&#8212;<\/td><td data-label=\"Max\">0.08<\/td>\n<\/tr>\n<tr>\n<td data-label=\"Elemento\">P<\/td><td data-label=\"Min\">&#8212;<\/td><td data-label=\"Max\">0.04<\/td>\n<\/tr>\n<tr>\n<td data-label=\"Elemento\">V<\/td><td data-label=\"Min\">&#8212;<\/td><td data-label=\"Max\">0.35<\/td>\n<\/tr>\n<\/tbody>\n<\/table>\n<h2><b>PROPIEDADES MEC\u00c1NICAS HASTELLOY\u00ae C-276 UNS N010286 ALLOY 276 werkstoff 2.4819<\/b><\/h2>\n<table class=\"responsive-table\">\n<thead>\n<tr>\n<th>Material<\/th>\n<th>Liga<\/th>\n<th>Rm min (MPa)<\/th>\n<th>Rp 0,2 min (MPa)<\/th>\n<th>A% min<\/th>\n<th>Dureza m\u00e1x. (HRC)<\/th>\n<\/tr>\n<\/thead>\n<tbody>\n<tr>\n<td data-label=\"Materiale\">HASTELLOY\u00ae C-276 UNS N010286 ALEACI\u00d3N 276<\/td>\n<td data-label=\"Lega\">2.4819<\/td>\n<td data-label=\"Rm min (MPa)\">690<\/td>\n<td data-label=\"Rp 0.2 min (MPa)\">282<\/td>\n<td data-label=\"A% min\">40<\/td>\n<td data-label=\"Durezza max (HRC)\">35<\/td>\n<\/tr>\n<\/tbody>\n<\/table>\n<h2><b>PROPIEDADES F\u00cdSICAS HASTELLOY\u00ae C-276 UNS N010286 ALLOY 276 werkstoff 2.4819<\/b><\/h2>\n<ul>\n \t<li><strong>Peso espec\u00edfico<\/strong>: a 20\u00b0C 8,89 Kg\/dm\u00b3<\/li>\n \t<li><strong>M\u00f3dulo de elasticidad<\/strong>: a 20\u00b0C 205.500 N\/mm\u00b2.<\/li>\n \t<li><strong>Coeficiente de dilataci\u00f3n<\/strong>: a 20\u00b0C 12,4 \u03bcm\/m \u00b0C<\/li>\n \t<li><strong>M\u00f3dulo de rigidez<\/strong>: 78,6 kN\/mm\u00b2.<\/li>\n<\/ul>\n&nbsp;\n<h2><b>CORRESPONDENCIAS Y ESPECIFICACIONES HASTELLOY\u00ae C-276 UNS N010286 ALLOY 276 werkstoff 2.4819<\/b><\/h2>\n<ul>\n \t<li>W: 2.4819<\/li>\n \t<li>ASTM: B574<\/li>\n \t<li>UNS: N010276<\/li>\n \t<li>ASME: SB574, SB564<\/li>\n \t<li>DIN 17774: NiMo16Cr15W<\/li>\n \t<li>ISO: 15156-3<\/li>\n \t<li>ASTM: G48<\/li>\n<\/ul>\n\t\t<div data-elementor-type=\"section\" data-elementor-id=\"2152\" class=\"elementor elementor-2152\" data-elementor-post-type=\"elementor_library\">\n\t\t\t<div class=\"elementor-element elementor-element-1a5312d e-flex e-con-boxed e-con e-parent\" data-id=\"1a5312d\" data-element_type=\"container\" data-e-type=\"container\">\n\t\t\t\t\t<div class=\"e-con-inner\">\n\t\t\t\t<div class=\"elementor-element elementor-element-703a4b7 elementor-widget elementor-widget-spacer\" data-id=\"703a4b7\" data-element_type=\"widget\" data-e-type=\"widget\" data-widget_type=\"spacer.default\">\n\t\t\t\t<div class=\"elementor-widget-container\">\n\t\t\t\t\t\t\t<div class=\"elementor-spacer\">\n\t\t\t<div class=\"elementor-spacer-inner\"><\/div>\n\t\t<\/div>\n\t\t\t\t\t\t<\/div>\n\t\t\t\t<\/div>\n\t\t\t\t\t<\/div>\n\t\t\t\t<\/div>\n\t\t\t\t<\/div>\n\t\t\t\t\t\t\t\t\t\t<\/div>\n\t\t\t\t<\/div>\n\t\t\t\t\t<\/div>\n\t\t\t\t<\/div>\n\t\t\t\t<\/div>\n\t\t","protected":false},"excerpt":{"rendered":"<p>HASTELLOY\u00ae C-276 UNS N010286 ALLOY 276 werkstoff 2.4819 La aleaci\u00f3n HASTELLOY\u00ae C-276 UNS N010286 ALLOY 276 werkstoff 2.4819 es una aleaci\u00f3n de n\u00edquel-molibdeno-cromo extremadamente vers\u00e1til que combina una excelente resistencia a la corrosi\u00f3n con una buena estabilidad t\u00e9rmica conferida por una baja propensi\u00f3n a la precipitaci\u00f3n en los l\u00edmites de grano. Esta caracter\u00edstica la hace [&hellip;]<\/p>\n","protected":false},"author":1,"featured_media":0,"parent":4513,"menu_order":0,"comment_status":"closed","ping_status":"closed","template":"","meta":{"footnotes":""},"class_list":["post-5430","page","type-page","status-publish","hentry"],"yoast_head":"<!-- This site is optimized with the Yoast SEO plugin v27.6 - https:\/\/yoast.com\/product\/yoast-seo-wordpress\/ -->\n<title>Aleaci\u00f3n de n\u00edquel HASTELLOY\u00ae C-276 UNS N010286 ALLOY 276 werkstoff 2.4819 - M.F. INOX<\/title>\n<meta name=\"robots\" content=\"index, follow, max-snippet:-1, max-image-preview:large, max-video-preview:-1\" \/>\n<link rel=\"canonical\" href=\"https:\/\/mfinox.com\/es\/materiales\/aleacion-de-niquel-hastelloy-c-276-uns-n010286-alloy-276-werkstoff-2-4819\/\" \/>\n<meta property=\"og:locale\" content=\"es_ES\" \/>\n<meta property=\"og:type\" content=\"article\" \/>\n<meta property=\"og:title\" content=\"Aleaci\u00f3n de n\u00edquel HASTELLOY\u00ae C-276 UNS N010286 ALLOY 276 werkstoff 2.4819 - M.F. INOX\" \/>\n<meta property=\"og:description\" content=\"HASTELLOY\u00ae C-276 UNS N010286 ALLOY 276 werkstoff 2.4819 La aleaci\u00f3n HASTELLOY\u00ae C-276 UNS N010286 ALLOY 276 werkstoff 2.4819 es una aleaci\u00f3n de n\u00edquel-molibdeno-cromo extremadamente vers\u00e1til que combina una excelente resistencia a la corrosi\u00f3n con una buena estabilidad t\u00e9rmica conferida por una baja propensi\u00f3n a la precipitaci\u00f3n en los l\u00edmites de grano. Esta caracter\u00edstica la hace [&hellip;]\" \/>\n<meta property=\"og:url\" content=\"https:\/\/mfinox.com\/es\/materiales\/aleacion-de-niquel-hastelloy-c-276-uns-n010286-alloy-276-werkstoff-2-4819\/\" \/>\n<meta property=\"og:site_name\" content=\"M.F. INOX\" \/>\n<meta property=\"article:modified_time\" content=\"2024-09-04T10:37:48+00:00\" \/>\n<meta name=\"twitter:card\" content=\"summary_large_image\" \/>\n<meta name=\"twitter:label1\" content=\"Tiempo de lectura\" \/>\n\t<meta name=\"twitter:data1\" content=\"2 minutos\" \/>\n<script type=\"application\/ld+json\" class=\"yoast-schema-graph\">{\"@context\":\"https:\\\/\\\/schema.org\",\"@graph\":[{\"@type\":\"WebPage\",\"@id\":\"https:\\\/\\\/mfinox.com\\\/es\\\/materiales\\\/aleacion-de-niquel-hastelloy-c-276-uns-n010286-alloy-276-werkstoff-2-4819\\\/\",\"url\":\"https:\\\/\\\/mfinox.com\\\/es\\\/materiales\\\/aleacion-de-niquel-hastelloy-c-276-uns-n010286-alloy-276-werkstoff-2-4819\\\/\",\"name\":\"Aleaci\u00f3n de n\u00edquel HASTELLOY\u00ae C-276 UNS N010286 ALLOY 276 werkstoff 2.4819 - M.F. INOX\",\"isPartOf\":{\"@id\":\"https:\\\/\\\/mfinox.com\\\/es\\\/#website\"},\"datePublished\":\"2024-05-21T15:39:48+00:00\",\"dateModified\":\"2024-09-04T10:37:48+00:00\",\"breadcrumb\":{\"@id\":\"https:\\\/\\\/mfinox.com\\\/es\\\/materiales\\\/aleacion-de-niquel-hastelloy-c-276-uns-n010286-alloy-276-werkstoff-2-4819\\\/#breadcrumb\"},\"inLanguage\":\"es\",\"potentialAction\":[{\"@type\":\"ReadAction\",\"target\":[\"https:\\\/\\\/mfinox.com\\\/es\\\/materiales\\\/aleacion-de-niquel-hastelloy-c-276-uns-n010286-alloy-276-werkstoff-2-4819\\\/\"]}]},{\"@type\":\"BreadcrumbList\",\"@id\":\"https:\\\/\\\/mfinox.com\\\/es\\\/materiales\\\/aleacion-de-niquel-hastelloy-c-276-uns-n010286-alloy-276-werkstoff-2-4819\\\/#breadcrumb\",\"itemListElement\":[{\"@type\":\"ListItem\",\"position\":1,\"name\":\"Home\",\"item\":\"https:\\\/\\\/mfinox.com\\\/es\\\/\"},{\"@type\":\"ListItem\",\"position\":2,\"name\":\"Materiales\",\"item\":\"https:\\\/\\\/mfinox.com\\\/es\\\/materiales\\\/\"},{\"@type\":\"ListItem\",\"position\":3,\"name\":\"Aleaci\u00f3n de n\u00edquel HASTELLOY\u00ae C-276 UNS N010286 ALLOY 276 werkstoff 2.4819\"}]},{\"@type\":\"WebSite\",\"@id\":\"https:\\\/\\\/mfinox.com\\\/es\\\/#website\",\"url\":\"https:\\\/\\\/mfinox.com\\\/es\\\/\",\"name\":\"M.F. INOX\",\"description\":\"\",\"publisher\":{\"@id\":\"https:\\\/\\\/mfinox.com\\\/es\\\/#organization\"},\"potentialAction\":[{\"@type\":\"SearchAction\",\"target\":{\"@type\":\"EntryPoint\",\"urlTemplate\":\"https:\\\/\\\/mfinox.com\\\/es\\\/?s={search_term_string}\"},\"query-input\":{\"@type\":\"PropertyValueSpecification\",\"valueRequired\":true,\"valueName\":\"search_term_string\"}}],\"inLanguage\":\"es\"},{\"@type\":\"Organization\",\"@id\":\"https:\\\/\\\/mfinox.com\\\/es\\\/#organization\",\"name\":\"M.F. INOX\",\"url\":\"https:\\\/\\\/mfinox.com\\\/es\\\/\",\"logo\":{\"@type\":\"ImageObject\",\"inLanguage\":\"es\",\"@id\":\"https:\\\/\\\/mfinox.com\\\/es\\\/#\\\/schema\\\/logo\\\/image\\\/\",\"url\":\"https:\\\/\\\/mfinox.com\\\/wp-content\\\/uploads\\\/2024\\\/05\\\/mf-inox_logo_neg.png\",\"contentUrl\":\"https:\\\/\\\/mfinox.com\\\/wp-content\\\/uploads\\\/2024\\\/05\\\/mf-inox_logo_neg.png\",\"width\":1949,\"height\":662,\"caption\":\"M.F. INOX\"},\"image\":{\"@id\":\"https:\\\/\\\/mfinox.com\\\/es\\\/#\\\/schema\\\/logo\\\/image\\\/\"}}]}<\/script>\n<!-- \/ Yoast SEO plugin. -->","yoast_head_json":{"title":"Aleaci\u00f3n de n\u00edquel HASTELLOY\u00ae C-276 UNS N010286 ALLOY 276 werkstoff 2.4819 - M.F. INOX","robots":{"index":"index","follow":"follow","max-snippet":"max-snippet:-1","max-image-preview":"max-image-preview:large","max-video-preview":"max-video-preview:-1"},"canonical":"https:\/\/mfinox.com\/es\/materiales\/aleacion-de-niquel-hastelloy-c-276-uns-n010286-alloy-276-werkstoff-2-4819\/","og_locale":"es_ES","og_type":"article","og_title":"Aleaci\u00f3n de n\u00edquel HASTELLOY\u00ae C-276 UNS N010286 ALLOY 276 werkstoff 2.4819 - M.F. INOX","og_description":"HASTELLOY\u00ae C-276 UNS N010286 ALLOY 276 werkstoff 2.4819 La aleaci\u00f3n HASTELLOY\u00ae C-276 UNS N010286 ALLOY 276 werkstoff 2.4819 es una aleaci\u00f3n de n\u00edquel-molibdeno-cromo extremadamente vers\u00e1til que combina una excelente resistencia a la corrosi\u00f3n con una buena estabilidad t\u00e9rmica conferida por una baja propensi\u00f3n a la precipitaci\u00f3n en los l\u00edmites de grano. Esta caracter\u00edstica la hace [&hellip;]","og_url":"https:\/\/mfinox.com\/es\/materiales\/aleacion-de-niquel-hastelloy-c-276-uns-n010286-alloy-276-werkstoff-2-4819\/","og_site_name":"M.F. INOX","article_modified_time":"2024-09-04T10:37:48+00:00","twitter_card":"summary_large_image","twitter_misc":{"Tiempo de lectura":"2 minutos"},"schema":{"@context":"https:\/\/schema.org","@graph":[{"@type":"WebPage","@id":"https:\/\/mfinox.com\/es\/materiales\/aleacion-de-niquel-hastelloy-c-276-uns-n010286-alloy-276-werkstoff-2-4819\/","url":"https:\/\/mfinox.com\/es\/materiales\/aleacion-de-niquel-hastelloy-c-276-uns-n010286-alloy-276-werkstoff-2-4819\/","name":"Aleaci\u00f3n de n\u00edquel HASTELLOY\u00ae C-276 UNS N010286 ALLOY 276 werkstoff 2.4819 - M.F. INOX","isPartOf":{"@id":"https:\/\/mfinox.com\/es\/#website"},"datePublished":"2024-05-21T15:39:48+00:00","dateModified":"2024-09-04T10:37:48+00:00","breadcrumb":{"@id":"https:\/\/mfinox.com\/es\/materiales\/aleacion-de-niquel-hastelloy-c-276-uns-n010286-alloy-276-werkstoff-2-4819\/#breadcrumb"},"inLanguage":"es","potentialAction":[{"@type":"ReadAction","target":["https:\/\/mfinox.com\/es\/materiales\/aleacion-de-niquel-hastelloy-c-276-uns-n010286-alloy-276-werkstoff-2-4819\/"]}]},{"@type":"BreadcrumbList","@id":"https:\/\/mfinox.com\/es\/materiales\/aleacion-de-niquel-hastelloy-c-276-uns-n010286-alloy-276-werkstoff-2-4819\/#breadcrumb","itemListElement":[{"@type":"ListItem","position":1,"name":"Home","item":"https:\/\/mfinox.com\/es\/"},{"@type":"ListItem","position":2,"name":"Materiales","item":"https:\/\/mfinox.com\/es\/materiales\/"},{"@type":"ListItem","position":3,"name":"Aleaci\u00f3n de n\u00edquel HASTELLOY\u00ae C-276 UNS N010286 ALLOY 276 werkstoff 2.4819"}]},{"@type":"WebSite","@id":"https:\/\/mfinox.com\/es\/#website","url":"https:\/\/mfinox.com\/es\/","name":"M.F. INOX","description":"","publisher":{"@id":"https:\/\/mfinox.com\/es\/#organization"},"potentialAction":[{"@type":"SearchAction","target":{"@type":"EntryPoint","urlTemplate":"https:\/\/mfinox.com\/es\/?s={search_term_string}"},"query-input":{"@type":"PropertyValueSpecification","valueRequired":true,"valueName":"search_term_string"}}],"inLanguage":"es"},{"@type":"Organization","@id":"https:\/\/mfinox.com\/es\/#organization","name":"M.F. INOX","url":"https:\/\/mfinox.com\/es\/","logo":{"@type":"ImageObject","inLanguage":"es","@id":"https:\/\/mfinox.com\/es\/#\/schema\/logo\/image\/","url":"https:\/\/mfinox.com\/wp-content\/uploads\/2024\/05\/mf-inox_logo_neg.png","contentUrl":"https:\/\/mfinox.com\/wp-content\/uploads\/2024\/05\/mf-inox_logo_neg.png","width":1949,"height":662,"caption":"M.F. INOX"},"image":{"@id":"https:\/\/mfinox.com\/es\/#\/schema\/logo\/image\/"}}]}},"_links":{"self":[{"href":"https:\/\/mfinox.com\/es\/wp-json\/wp\/v2\/pages\/5430","targetHints":{"allow":["GET"]}}],"collection":[{"href":"https:\/\/mfinox.com\/es\/wp-json\/wp\/v2\/pages"}],"about":[{"href":"https:\/\/mfinox.com\/es\/wp-json\/wp\/v2\/types\/page"}],"author":[{"embeddable":true,"href":"https:\/\/mfinox.com\/es\/wp-json\/wp\/v2\/users\/1"}],"replies":[{"embeddable":true,"href":"https:\/\/mfinox.com\/es\/wp-json\/wp\/v2\/comments?post=5430"}],"version-history":[{"count":0,"href":"https:\/\/mfinox.com\/es\/wp-json\/wp\/v2\/pages\/5430\/revisions"}],"up":[{"embeddable":true,"href":"https:\/\/mfinox.com\/es\/wp-json\/wp\/v2\/pages\/4513"}],"wp:attachment":[{"href":"https:\/\/mfinox.com\/es\/wp-json\/wp\/v2\/media?parent=5430"}],"curies":[{"name":"wp","href":"https:\/\/api.w.org\/{rel}","templated":true}]}}