{"id":5428,"date":"2024-05-21T15:41:24","date_gmt":"2024-05-21T13:41:24","guid":{"rendered":"https:\/\/mfinox.com\/materiales\/aleacion-de-niquel-incoloy-825-uns-n08825-alloy-825-werkstoff-2-4858\/"},"modified":"2024-09-04T10:37:48","modified_gmt":"2024-09-04T10:37:48","slug":"aleacion-de-niquel-incoloy-825-uns-n08825-alloy-825-werkstoff-2-4858","status":"publish","type":"page","link":"https:\/\/mfinox.com\/es\/materiales\/aleacion-de-niquel-incoloy-825-uns-n08825-alloy-825-werkstoff-2-4858\/","title":{"rendered":"Aleaci\u00f3n de n\u00edquel INCOLOY\u00ae 825 UNS N08825 ALLOY 825 werkstoff 2.4858"},"content":{"rendered":"\t\t<div data-elementor-type=\"wp-page\" data-elementor-id=\"5428\" class=\"elementor elementor-5428 elementor-793\" data-elementor-post-type=\"page\">\n\t\t\t\t<div class=\"elementor-element elementor-element-71e0088d e-flex e-con-boxed e-con e-parent\" data-id=\"71e0088d\" data-element_type=\"container\" data-e-type=\"container\" data-settings=\"{&quot;background_background&quot;:&quot;classic&quot;}\">\n\t\t\t\t\t<div class=\"e-con-inner\">\n\t\t\t\t<div class=\"elementor-element elementor-element-26d361d8 titolo-materiali elementor-invisible elementor-widget elementor-widget-heading\" data-id=\"26d361d8\" data-element_type=\"widget\" data-e-type=\"widget\" data-settings=\"{&quot;_animation&quot;:&quot;fadeIn&quot;}\" data-widget_type=\"heading.default\">\n\t\t\t\t<div class=\"elementor-widget-container\">\n\t\t\t\t\t<h1 class=\"elementor-heading-title elementor-size-default\">INCOLOY\u00ae 825 UNS N08825 ALLOY 825 werkstoff 2.4858<\/h1>\t\t\t\t<\/div>\n\t\t\t\t<\/div>\n\t\t\t\t<div class=\"elementor-element elementor-element-117e757e elementor-invisible elementor-widget elementor-widget-shortcode\" data-id=\"117e757e\" data-element_type=\"widget\" data-e-type=\"widget\" data-settings=\"{&quot;_animation&quot;:&quot;fadeIn&quot;}\" data-widget_type=\"shortcode.default\">\n\t\t\t\t<div class=\"elementor-widget-container\">\n\t\t\t\t\t\t\t<div class=\"elementor-shortcode\"><nav aria-label=\"breadcrumb\"><div class=\"breadcrumb\"><span class=\"breadcrumb-item\"><a href=\"https:\/\/mfinox.com\/es\/\" style=\"color: #F3912E;\">Home<\/a><\/span><\/div><\/nav><\/div>\n\t\t\t\t\t\t<\/div>\n\t\t\t\t<\/div>\n\t\t\t\t\t<\/div>\n\t\t\t\t<\/div>\n\t\t<div class=\"elementor-element elementor-element-6e0bf599 e-flex e-con-boxed elementor-invisible e-con e-parent\" data-id=\"6e0bf599\" data-element_type=\"container\" data-e-type=\"container\" data-settings=\"{&quot;animation&quot;:&quot;fadeInUp&quot;}\">\n\t\t\t\t\t<div class=\"e-con-inner\">\n\t\t\t\t<div class=\"elementor-element elementor-element-508b59fd elementor-widget elementor-widget-text-editor\" data-id=\"508b59fd\" data-element_type=\"widget\" data-e-type=\"widget\" data-widget_type=\"text-editor.default\">\n\t\t\t\t<div class=\"elementor-widget-container\">\n\t\t\t\t\t\t\t\t\tLa aleaci\u00f3n de n\u00edquel INCOLOY\u00ae 825 UNS N08825 ALLOY 825 werkstoff 2.4858 es una aleaci\u00f3n de n\u00edquel-hierro-cromo con molibdeno y cobre a\u00f1adidos.\nLa composici\u00f3n qu\u00edmica de esta aleaci\u00f3n de n\u00edquel est\u00e1 dise\u00f1ada para proporcionar una resistencia excepcional a muchos entornos corrosivos.\nEs similar a la aleaci\u00f3n tipo 800, pero con una resistencia superior a la corrosi\u00f3n en el agua.\nTiene una excelente resistencia a los oxidantes \u00e1cidos, al agrietamiento por tensi\u00f3n de corrosi\u00f3n y a los ataques localizados, como la corrosi\u00f3n por picaduras y grietas.\nLa aleaci\u00f3n de n\u00edquel INCOLOY\u00ae 825 UNS N08825 werkstoff 2.4858 es especialmente resistente a los \u00e1cidos sulf\u00farico y fosf\u00f3rico, por lo que se utiliza para la fabricaci\u00f3n de componentes de plantas qu\u00edmicas, equipos de control de la contaminaci\u00f3n, plantas de petr\u00f3leo y gas, reprocesamiento de combustible nuclear y equipos de decapado.      <b> <\/b>\n<h2>COMPOSICI\u00d3N QU\u00cdMICA INCOLOY\u00ae 825 UNS N08825 werkstoff 2.4858<\/h2>\n<table class=\"responsive-table\">\n<tbody>\n<tr>\n<th>Elemento<\/th><th>M\u00edn<\/th><th>M\u00e1x<\/th>\n<\/tr>\n<tr>\n<td>Ni<\/td><td>38<\/td><td>46<\/td>\n<\/tr>\n<tr>\n<td>Cr<\/td><td>19.5<\/td><td>23.5<\/td>\n<\/tr>\n<tr>\n<td>Fe<\/td><td>22<\/td><td>&#8212;<\/td>\n<\/tr>\n<tr>\n<td>Mo<\/td><td>2.5<\/td><td>3.5<\/td>\n<\/tr>\n<tr>\n<td>Cu<\/td><td>1.5<\/td><td>3<\/td>\n<\/tr>\n<tr>\n<td>Ti<\/td><td>0.6<\/td><td>1.2<\/td>\n<\/tr>\n<tr>\n<td>C<\/td><td>&#8212;<\/td><td>0.02<\/td>\n<\/tr>\n<tr>\n<td>Mn<\/td><td>&#8212;<\/td><td>1.0<\/td>\n<\/tr>\n<tr>\n<td>S<\/td><td>&#8212;<\/td><td>0.005<\/td>\n<\/tr>\n<tr>\n<td>S\u00ed<\/td><td>&#8212;<\/td><td>0.5<\/td>\n<\/tr>\n<tr>\n<td>P<\/td><td>&#8212;<\/td><td>0.02<\/td>\n<\/tr>\n<tr>\n<td>En<\/td><td>&#8212;<\/td><td>0.2<\/td>\n<\/tr>\n<\/tbody>\n<\/table>\n<h2>PROPIEDADES MEC\u00c1NICAS INCOLOY\u00ae 825 UNS N08825 werkstoff 2.4858<\/h2>\n<table class=\"responsive-table\">\n<tbody>\n<tr>\n<th>Material<\/th>\n<th>Liga<\/th>\n<th>Rm min (MPa)<\/th>\n<th>Rp 0,2 min (MPa)<\/th>\n<th>A% min<\/th>\n<th>Dureza m\u00e1x. (HBW)<\/th>\n<\/tr>\n<tr>\n<td>INCOLOY\u00ae 825 UNS N08825<\/td>\n<td>2.4858<\/td>\n<td>590<\/td>\n<td>241<\/td>\n<td>30<\/td>\n<td>210<\/td>\n<\/tr>\n<\/tbody>\n<\/table>\n<h2>PROPIEDADES F\u00cdSICAS INCOLOY\u00ae 825 UNS N08825 werkstoff 2.4858<\/h2>\n<ul>\n \t<li>Peso espec\u00edfico a 20\u00b0C: 8,14 kg\/dm\u00b3<\/li>\n \t<li>M\u00f3dulo de elasticidad a 20\u00b0C: 196.000 N\/mm\u00b2.<\/li>\n<\/ul>\n<h2>CORRESPONDENCIAS Y ESPECIFICACIONES INCOLOY\u00ae 825 UNS N08825 werkstoff 2.4858<\/h2>\n<ul>\n \t<li>W: 2.4858<\/li>\n \t<li>ASTM: B423<\/li>\n \t<li>UNS: N08825<\/li>\n \t<li>ASME: SB 423, SB 425<\/li>\n \t<li>DIN 17744: NiCr21Mo<\/li>\n \t<li>MARCA: Nicrofer\u00ae 4221<\/li>\n \t<li>NACE MR0175<\/li>\n<\/ul>\t\t\t\t\t\t\t\t<\/div>\n\t\t\t\t<\/div>\n\t\t\t\t\t<\/div>\n\t\t\t\t<\/div>\n\t\t\t\t<\/div>\n\t\t","protected":false},"excerpt":{"rendered":"<p>INCOLOY\u00ae 825 UNS N08825 ALLOY 825 werkstoff 2.4858 La aleaci\u00f3n de n\u00edquel INCOLOY\u00ae 825 UNS N08825 ALLOY 825 werkstoff 2.4858 es una aleaci\u00f3n de n\u00edquel-hierro-cromo con molibdeno y cobre a\u00f1adidos. La composici\u00f3n qu\u00edmica de esta aleaci\u00f3n de n\u00edquel est\u00e1 dise\u00f1ada para proporcionar una resistencia excepcional a muchos entornos corrosivos. Es similar a la aleaci\u00f3n tipo [&hellip;]<\/p>\n","protected":false},"author":1,"featured_media":0,"parent":4513,"menu_order":0,"comment_status":"closed","ping_status":"closed","template":"","meta":{"footnotes":""},"class_list":["post-5428","page","type-page","status-publish","hentry"],"yoast_head":"<!-- This site is optimized with the Yoast SEO plugin v27.6 - https:\/\/yoast.com\/product\/yoast-seo-wordpress\/ -->\n<title>Aleaci\u00f3n de n\u00edquel INCOLOY\u00ae 825 UNS N08825 ALLOY 825 werkstoff 2.4858 - M.F. INOX<\/title>\n<meta name=\"robots\" content=\"index, follow, max-snippet:-1, max-image-preview:large, max-video-preview:-1\" \/>\n<link rel=\"canonical\" href=\"https:\/\/mfinox.com\/es\/materiales\/aleacion-de-niquel-incoloy-825-uns-n08825-alloy-825-werkstoff-2-4858\/\" \/>\n<meta property=\"og:locale\" content=\"es_ES\" \/>\n<meta property=\"og:type\" content=\"article\" \/>\n<meta property=\"og:title\" content=\"Aleaci\u00f3n de n\u00edquel INCOLOY\u00ae 825 UNS N08825 ALLOY 825 werkstoff 2.4858 - M.F. INOX\" \/>\n<meta property=\"og:description\" content=\"INCOLOY\u00ae 825 UNS N08825 ALLOY 825 werkstoff 2.4858 La aleaci\u00f3n de n\u00edquel INCOLOY\u00ae 825 UNS N08825 ALLOY 825 werkstoff 2.4858 es una aleaci\u00f3n de n\u00edquel-hierro-cromo con molibdeno y cobre a\u00f1adidos. La composici\u00f3n qu\u00edmica de esta aleaci\u00f3n de n\u00edquel est\u00e1 dise\u00f1ada para proporcionar una resistencia excepcional a muchos entornos corrosivos. Es similar a la aleaci\u00f3n tipo [&hellip;]\" \/>\n<meta property=\"og:url\" content=\"https:\/\/mfinox.com\/es\/materiales\/aleacion-de-niquel-incoloy-825-uns-n08825-alloy-825-werkstoff-2-4858\/\" \/>\n<meta property=\"og:site_name\" content=\"M.F. INOX\" \/>\n<meta property=\"article:modified_time\" content=\"2024-09-04T10:37:48+00:00\" \/>\n<meta name=\"twitter:card\" content=\"summary_large_image\" \/>\n<meta name=\"twitter:label1\" content=\"Tiempo de lectura\" \/>\n\t<meta name=\"twitter:data1\" content=\"1 minuto\" \/>\n<script type=\"application\/ld+json\" class=\"yoast-schema-graph\">{\"@context\":\"https:\\\/\\\/schema.org\",\"@graph\":[{\"@type\":\"WebPage\",\"@id\":\"https:\\\/\\\/mfinox.com\\\/es\\\/materiales\\\/aleacion-de-niquel-incoloy-825-uns-n08825-alloy-825-werkstoff-2-4858\\\/\",\"url\":\"https:\\\/\\\/mfinox.com\\\/es\\\/materiales\\\/aleacion-de-niquel-incoloy-825-uns-n08825-alloy-825-werkstoff-2-4858\\\/\",\"name\":\"Aleaci\u00f3n de n\u00edquel INCOLOY\u00ae 825 UNS N08825 ALLOY 825 werkstoff 2.4858 - M.F. INOX\",\"isPartOf\":{\"@id\":\"https:\\\/\\\/mfinox.com\\\/es\\\/#website\"},\"datePublished\":\"2024-05-21T13:41:24+00:00\",\"dateModified\":\"2024-09-04T10:37:48+00:00\",\"breadcrumb\":{\"@id\":\"https:\\\/\\\/mfinox.com\\\/es\\\/materiales\\\/aleacion-de-niquel-incoloy-825-uns-n08825-alloy-825-werkstoff-2-4858\\\/#breadcrumb\"},\"inLanguage\":\"es\",\"potentialAction\":[{\"@type\":\"ReadAction\",\"target\":[\"https:\\\/\\\/mfinox.com\\\/es\\\/materiales\\\/aleacion-de-niquel-incoloy-825-uns-n08825-alloy-825-werkstoff-2-4858\\\/\"]}]},{\"@type\":\"BreadcrumbList\",\"@id\":\"https:\\\/\\\/mfinox.com\\\/es\\\/materiales\\\/aleacion-de-niquel-incoloy-825-uns-n08825-alloy-825-werkstoff-2-4858\\\/#breadcrumb\",\"itemListElement\":[{\"@type\":\"ListItem\",\"position\":1,\"name\":\"Home\",\"item\":\"https:\\\/\\\/mfinox.com\\\/es\\\/\"},{\"@type\":\"ListItem\",\"position\":2,\"name\":\"Materiales\",\"item\":\"https:\\\/\\\/mfinox.com\\\/es\\\/materiales\\\/\"},{\"@type\":\"ListItem\",\"position\":3,\"name\":\"Aleaci\u00f3n de n\u00edquel INCOLOY\u00ae 825 UNS N08825 ALLOY 825 werkstoff 2.4858\"}]},{\"@type\":\"WebSite\",\"@id\":\"https:\\\/\\\/mfinox.com\\\/es\\\/#website\",\"url\":\"https:\\\/\\\/mfinox.com\\\/es\\\/\",\"name\":\"M.F. INOX\",\"description\":\"\",\"publisher\":{\"@id\":\"https:\\\/\\\/mfinox.com\\\/es\\\/#organization\"},\"potentialAction\":[{\"@type\":\"SearchAction\",\"target\":{\"@type\":\"EntryPoint\",\"urlTemplate\":\"https:\\\/\\\/mfinox.com\\\/es\\\/?s={search_term_string}\"},\"query-input\":{\"@type\":\"PropertyValueSpecification\",\"valueRequired\":true,\"valueName\":\"search_term_string\"}}],\"inLanguage\":\"es\"},{\"@type\":\"Organization\",\"@id\":\"https:\\\/\\\/mfinox.com\\\/es\\\/#organization\",\"name\":\"M.F. INOX\",\"url\":\"https:\\\/\\\/mfinox.com\\\/es\\\/\",\"logo\":{\"@type\":\"ImageObject\",\"inLanguage\":\"es\",\"@id\":\"https:\\\/\\\/mfinox.com\\\/es\\\/#\\\/schema\\\/logo\\\/image\\\/\",\"url\":\"https:\\\/\\\/mfinox.com\\\/wp-content\\\/uploads\\\/2024\\\/05\\\/mf-inox_logo_neg.png\",\"contentUrl\":\"https:\\\/\\\/mfinox.com\\\/wp-content\\\/uploads\\\/2024\\\/05\\\/mf-inox_logo_neg.png\",\"width\":1949,\"height\":662,\"caption\":\"M.F. INOX\"},\"image\":{\"@id\":\"https:\\\/\\\/mfinox.com\\\/es\\\/#\\\/schema\\\/logo\\\/image\\\/\"}}]}<\/script>\n<!-- \/ Yoast SEO plugin. -->","yoast_head_json":{"title":"Aleaci\u00f3n de n\u00edquel INCOLOY\u00ae 825 UNS N08825 ALLOY 825 werkstoff 2.4858 - M.F. INOX","robots":{"index":"index","follow":"follow","max-snippet":"max-snippet:-1","max-image-preview":"max-image-preview:large","max-video-preview":"max-video-preview:-1"},"canonical":"https:\/\/mfinox.com\/es\/materiales\/aleacion-de-niquel-incoloy-825-uns-n08825-alloy-825-werkstoff-2-4858\/","og_locale":"es_ES","og_type":"article","og_title":"Aleaci\u00f3n de n\u00edquel INCOLOY\u00ae 825 UNS N08825 ALLOY 825 werkstoff 2.4858 - M.F. INOX","og_description":"INCOLOY\u00ae 825 UNS N08825 ALLOY 825 werkstoff 2.4858 La aleaci\u00f3n de n\u00edquel INCOLOY\u00ae 825 UNS N08825 ALLOY 825 werkstoff 2.4858 es una aleaci\u00f3n de n\u00edquel-hierro-cromo con molibdeno y cobre a\u00f1adidos. La composici\u00f3n qu\u00edmica de esta aleaci\u00f3n de n\u00edquel est\u00e1 dise\u00f1ada para proporcionar una resistencia excepcional a muchos entornos corrosivos. Es similar a la aleaci\u00f3n tipo [&hellip;]","og_url":"https:\/\/mfinox.com\/es\/materiales\/aleacion-de-niquel-incoloy-825-uns-n08825-alloy-825-werkstoff-2-4858\/","og_site_name":"M.F. INOX","article_modified_time":"2024-09-04T10:37:48+00:00","twitter_card":"summary_large_image","twitter_misc":{"Tiempo de lectura":"1 minuto"},"schema":{"@context":"https:\/\/schema.org","@graph":[{"@type":"WebPage","@id":"https:\/\/mfinox.com\/es\/materiales\/aleacion-de-niquel-incoloy-825-uns-n08825-alloy-825-werkstoff-2-4858\/","url":"https:\/\/mfinox.com\/es\/materiales\/aleacion-de-niquel-incoloy-825-uns-n08825-alloy-825-werkstoff-2-4858\/","name":"Aleaci\u00f3n de n\u00edquel INCOLOY\u00ae 825 UNS N08825 ALLOY 825 werkstoff 2.4858 - M.F. INOX","isPartOf":{"@id":"https:\/\/mfinox.com\/es\/#website"},"datePublished":"2024-05-21T13:41:24+00:00","dateModified":"2024-09-04T10:37:48+00:00","breadcrumb":{"@id":"https:\/\/mfinox.com\/es\/materiales\/aleacion-de-niquel-incoloy-825-uns-n08825-alloy-825-werkstoff-2-4858\/#breadcrumb"},"inLanguage":"es","potentialAction":[{"@type":"ReadAction","target":["https:\/\/mfinox.com\/es\/materiales\/aleacion-de-niquel-incoloy-825-uns-n08825-alloy-825-werkstoff-2-4858\/"]}]},{"@type":"BreadcrumbList","@id":"https:\/\/mfinox.com\/es\/materiales\/aleacion-de-niquel-incoloy-825-uns-n08825-alloy-825-werkstoff-2-4858\/#breadcrumb","itemListElement":[{"@type":"ListItem","position":1,"name":"Home","item":"https:\/\/mfinox.com\/es\/"},{"@type":"ListItem","position":2,"name":"Materiales","item":"https:\/\/mfinox.com\/es\/materiales\/"},{"@type":"ListItem","position":3,"name":"Aleaci\u00f3n de n\u00edquel INCOLOY\u00ae 825 UNS N08825 ALLOY 825 werkstoff 2.4858"}]},{"@type":"WebSite","@id":"https:\/\/mfinox.com\/es\/#website","url":"https:\/\/mfinox.com\/es\/","name":"M.F. INOX","description":"","publisher":{"@id":"https:\/\/mfinox.com\/es\/#organization"},"potentialAction":[{"@type":"SearchAction","target":{"@type":"EntryPoint","urlTemplate":"https:\/\/mfinox.com\/es\/?s={search_term_string}"},"query-input":{"@type":"PropertyValueSpecification","valueRequired":true,"valueName":"search_term_string"}}],"inLanguage":"es"},{"@type":"Organization","@id":"https:\/\/mfinox.com\/es\/#organization","name":"M.F. INOX","url":"https:\/\/mfinox.com\/es\/","logo":{"@type":"ImageObject","inLanguage":"es","@id":"https:\/\/mfinox.com\/es\/#\/schema\/logo\/image\/","url":"https:\/\/mfinox.com\/wp-content\/uploads\/2024\/05\/mf-inox_logo_neg.png","contentUrl":"https:\/\/mfinox.com\/wp-content\/uploads\/2024\/05\/mf-inox_logo_neg.png","width":1949,"height":662,"caption":"M.F. INOX"},"image":{"@id":"https:\/\/mfinox.com\/es\/#\/schema\/logo\/image\/"}}]}},"_links":{"self":[{"href":"https:\/\/mfinox.com\/es\/wp-json\/wp\/v2\/pages\/5428","targetHints":{"allow":["GET"]}}],"collection":[{"href":"https:\/\/mfinox.com\/es\/wp-json\/wp\/v2\/pages"}],"about":[{"href":"https:\/\/mfinox.com\/es\/wp-json\/wp\/v2\/types\/page"}],"author":[{"embeddable":true,"href":"https:\/\/mfinox.com\/es\/wp-json\/wp\/v2\/users\/1"}],"replies":[{"embeddable":true,"href":"https:\/\/mfinox.com\/es\/wp-json\/wp\/v2\/comments?post=5428"}],"version-history":[{"count":0,"href":"https:\/\/mfinox.com\/es\/wp-json\/wp\/v2\/pages\/5428\/revisions"}],"up":[{"embeddable":true,"href":"https:\/\/mfinox.com\/es\/wp-json\/wp\/v2\/pages\/4513"}],"wp:attachment":[{"href":"https:\/\/mfinox.com\/es\/wp-json\/wp\/v2\/media?parent=5428"}],"curies":[{"name":"wp","href":"https:\/\/api.w.org\/{rel}","templated":true}]}}