{"id":5425,"date":"2024-05-21T15:10:56","date_gmt":"2024-05-21T15:10:56","guid":{"rendered":"https:\/\/mfinox.com\/materiales\/duplex-a182-f51-uns-s31803-werkstoff-1-4462-saf-2205\/"},"modified":"2024-09-04T10:36:33","modified_gmt":"2024-09-04T10:36:33","slug":"duplex-a182-f51-uns-s31803-werkstoff-1-4462-saf-2205","status":"publish","type":"page","link":"https:\/\/mfinox.com\/es\/materiales\/duplex-a182-f51-uns-s31803-werkstoff-1-4462-saf-2205\/","title":{"rendered":"D\u00faplex A182 F51 UNS S31803 Werkstoff 1.4462 SAF 2205"},"content":{"rendered":"\t\t<div data-elementor-type=\"wp-page\" data-elementor-id=\"5425\" class=\"elementor elementor-5425 elementor-757\" data-elementor-post-type=\"page\">\n\t\t\t\t<div class=\"elementor-element elementor-element-1fecffb0 e-flex e-con-boxed e-con e-parent\" data-id=\"1fecffb0\" data-element_type=\"container\" data-e-type=\"container\" data-settings=\"{&quot;background_background&quot;:&quot;classic&quot;}\">\n\t\t\t\t\t<div class=\"e-con-inner\">\n\t\t\t\t<div class=\"elementor-element elementor-element-6d3da6a0 titolo-materiali elementor-invisible elementor-widget elementor-widget-heading\" data-id=\"6d3da6a0\" data-element_type=\"widget\" data-e-type=\"widget\" data-settings=\"{&quot;_animation&quot;:&quot;fadeIn&quot;}\" data-widget_type=\"heading.default\">\n\t\t\t\t<div class=\"elementor-widget-container\">\n\t\t\t\t\t<h1 class=\"elementor-heading-title elementor-size-default\">D\u00faplex A182 F51 UNS S31803 Werkstoff 1.4462 SAF 2205  <\/h1>\t\t\t\t<\/div>\n\t\t\t\t<\/div>\n\t\t\t\t<div class=\"elementor-element elementor-element-7e72db63 elementor-invisible elementor-widget elementor-widget-shortcode\" data-id=\"7e72db63\" data-element_type=\"widget\" data-e-type=\"widget\" data-settings=\"{&quot;_animation&quot;:&quot;fadeIn&quot;}\" data-widget_type=\"shortcode.default\">\n\t\t\t\t<div class=\"elementor-widget-container\">\n\t\t\t\t\t\t\t<div class=\"elementor-shortcode\"><nav aria-label=\"breadcrumb\"><div class=\"breadcrumb\"><span class=\"breadcrumb-item\"><a href=\"https:\/\/mfinox.com\/es\/\" style=\"color: #F3912E;\">Home<\/a><\/span><\/div><\/nav><\/div>\n\t\t\t\t\t\t<\/div>\n\t\t\t\t<\/div>\n\t\t\t\t\t<\/div>\n\t\t\t\t<\/div>\n\t\t<div class=\"elementor-element elementor-element-4fc828cf e-flex e-con-boxed elementor-invisible e-con e-parent\" data-id=\"4fc828cf\" data-element_type=\"container\" data-e-type=\"container\" data-settings=\"{&quot;animation&quot;:&quot;fadeInUp&quot;}\">\n\t\t\t\t\t<div class=\"e-con-inner\">\n\t\t\t\t<div class=\"elementor-element elementor-element-40faf0ad elementor-widget elementor-widget-text-editor\" data-id=\"40faf0ad\" data-element_type=\"widget\" data-e-type=\"widget\" data-widget_type=\"text-editor.default\">\n\t\t\t\t<div class=\"elementor-widget-container\">\n\t\t\t\t\t\t\t\t\tEl d\u00faplex A182 F51 UNS S31803 Werkstoff 1.4462 SAF 2205 es un material de acero inoxidable bif\u00e1sico Cr-Ni-Mo-N (estructura austen\u00edtica y ferr\u00edtica) resistente a la corrosi\u00f3n por picaduras y tensiones.\nTiene una buena resistencia mec\u00e1nica combinada con una excelente resistencia a la corrosi\u00f3n, lo que lo hace adecuado para aplicaciones en agua de mar.\nEl A182 F51 UNS S31803 Werkstoff 1.4462 SAF 2205 se utiliza cuando los aceros inoxidables austen\u00edticos normales AISI 304 y 316 no pueden soportar las condiciones ambientales corrosivas.\nPor tanto, se utiliza para la construcci\u00f3n de componentes de v\u00e1lvulas, bombas, sistemas de lavado, sistemas de filtraci\u00f3n, sistemas de fijaci\u00f3n para infraestructuras marinas y todos los dispositivos sometidos a condiciones corrosivas muy severas.\nLas normas EN ISO 3506-1 y EN 3506-2 clasifican este material como D6 apto para aplicaciones estructurales seg\u00fan las clases DIN-EN 1993-1-4:2015-10\/EUROCODE 3-ANNEX A CRC.      <h2><b>COMPOSICI\u00d3N QU\u00cdMICA D\u00daPLEX A182 F51 UNS S31803 Werkstoff 1.4462 SAF 2205<\/b><\/h2>\n<table class=\"responsive-table\">\n<thead>\n<tr>\n<th>Elemento<\/th><th>Contenido<\/th>\n<\/tr>\n<\/thead>\n<tbody>\n<tr>\n<td data-label=\"Elemento\">C<\/td><td data-label=\"Contenuto\">0.02<\/td>\n<\/tr>\n<tr>\n<td data-label=\"Elemento\">S<\/td><td data-label=\"Contenuto\">&lt;0.015<\/td>\n<\/tr>\n<tr>\n<td data-label=\"Elemento\">P<\/td><td data-label=\"Contenuto\">0.025<\/td>\n<\/tr>\n<tr>\n<td data-label=\"Elemento\">S\u00ed<\/td><td data-label=\"Contenuto\">0.50<\/td>\n<\/tr>\n<tr>\n<td data-label=\"Elemento\">Mn<\/td><td data-label=\"Contenuto\">1.4<\/td>\n<\/tr>\n<tr>\n<td data-label=\"Elemento\">Cr<\/td><td data-label=\"Contenuto\">22.70<\/td>\n<\/tr>\n<tr>\n<td data-label=\"Elemento\">Ni<\/td><td data-label=\"Contenuto\">5.6<\/td>\n<\/tr>\n<tr>\n<td data-label=\"Elemento\">Mo<\/td><td data-label=\"Contenuto\">3.2<\/td>\n<\/tr>\n<tr>\n<td data-label=\"Elemento\">N<\/td><td data-label=\"Contenuto\">0.16<\/td>\n<\/tr>\n<\/tbody>\n<\/table>\n<h2><b>CARACTER\u00cdSTICAS MEC\u00c1NICAS D\u00daPLEX A182 F51 UNS S31803 Werkstoff 1.4462 SAF 2205<\/b><\/h2>\n<table class=\"responsive-table\">\n<thead>\n<tr>\n<th>Material<\/th>\n<th>Liga<\/th>\n<th>Rm min (MPa)<\/th>\n<th>Rp 0,2 min (MPa)<\/th>\n<th>A% min<\/th>\n<th>Z% min<\/th>\n<th>Dureza<\/th>\n<\/tr>\n<\/thead>\n<tbody>\n<tr>\n<td data-label=\"Materiale\">ASTM A182 F51 1.4462 SAF 2205<\/td><td data-label=\"Lega\">1.4462<\/td><td data-label=\"Rm min (MPa)\">655<\/td><td data-label=\"Rp 0.2 min (MPa)\">450<\/td><td data-label=\"A% min\">45<\/td>\n<td data-label=\"Z% min\"><\/td>\n<td data-label=\"Durezza\"><\/td>\n<\/tr>\n<\/tbody>\n<\/table>\n<h2><b>CARACTER\u00cdSTICAS F\u00cdSICAS A182 F51 UNS S31803 Werkstoff 1.4462 SAF 2205<\/b><\/h2>\n<ul>\n \t<li><strong>Densidad<\/strong>: a 20\u00b0C 7,8 g\/cm\u00b3<\/li>\n \t<li><strong>M\u00f3dulo de elasticidad<\/strong>: a 20\u00b0C 200.000 N\/mm\u00b2.<\/li>\n \t<li><strong>Magn\u00e9tico<\/strong>: No<\/li>\n<\/ul>\n&nbsp;\n<h2><b>CORRESPONDENCIAS Y ESPECIFICACIONES DUPLEX A182 F51 UNS S31803 Werkstoff 1.4462 SAF 2205<\/b><\/h2>\n<ul>\n \t<li>EN 10088\/3: X3 Cr Ni Mo N 22-5-3<\/li>\n \t<li>W.: 1.4462<\/li>\n \t<li>MARCA: SAF 2205 URANUS 45N<\/li>\n \t<li>ASTM: F51 A182 \/ A479<\/li>\n \t<li>ISO: 3506<\/li>\n \t<li>DIN EN: 1993-1-4:2015-10<\/li>\n<\/ul>\n\t\t<div data-elementor-type=\"section\" data-elementor-id=\"2152\" class=\"elementor elementor-2152\" data-elementor-post-type=\"elementor_library\">\n\t\t\t<div class=\"elementor-element elementor-element-1a5312d e-flex e-con-boxed e-con e-parent\" data-id=\"1a5312d\" data-element_type=\"container\" data-e-type=\"container\">\n\t\t\t\t\t<div class=\"e-con-inner\">\n\t\t\t\t<div class=\"elementor-element elementor-element-703a4b7 elementor-widget elementor-widget-spacer\" data-id=\"703a4b7\" data-element_type=\"widget\" data-e-type=\"widget\" data-widget_type=\"spacer.default\">\n\t\t\t\t<div class=\"elementor-widget-container\">\n\t\t\t\t\t\t\t<div class=\"elementor-spacer\">\n\t\t\t<div class=\"elementor-spacer-inner\"><\/div>\n\t\t<\/div>\n\t\t\t\t\t\t<\/div>\n\t\t\t\t<\/div>\n\t\t\t\t\t<\/div>\n\t\t\t\t<\/div>\n\t\t\t\t<\/div>\n\t\t\t\t\t\t\t\t\t\t<\/div>\n\t\t\t\t<\/div>\n\t\t\t\t\t<\/div>\n\t\t\t\t<\/div>\n\t\t\t\t<\/div>\n\t\t","protected":false},"excerpt":{"rendered":"<p>D\u00faplex A182 F51 UNS S31803 Werkstoff 1.4462 SAF 2205 El d\u00faplex A182 F51 UNS S31803 Werkstoff 1.4462 SAF 2205 es un material de acero inoxidable bif\u00e1sico Cr-Ni-Mo-N (estructura austen\u00edtica y ferr\u00edtica) resistente a la corrosi\u00f3n por picaduras y tensiones. Tiene una buena resistencia mec\u00e1nica combinada con una excelente resistencia a la corrosi\u00f3n, lo que lo [&hellip;]<\/p>\n","protected":false},"author":1,"featured_media":0,"parent":4513,"menu_order":0,"comment_status":"closed","ping_status":"closed","template":"","meta":{"footnotes":""},"class_list":["post-5425","page","type-page","status-publish","hentry"],"yoast_head":"<!-- This site is optimized with the Yoast SEO plugin v27.6 - https:\/\/yoast.com\/product\/yoast-seo-wordpress\/ -->\n<title>D\u00faplex A182 F51 UNS S31803 Werkstoff 1.4462 SAF 2205 - M.F. INOX<\/title>\n<meta name=\"robots\" content=\"index, follow, max-snippet:-1, max-image-preview:large, max-video-preview:-1\" \/>\n<link rel=\"canonical\" href=\"https:\/\/mfinox.com\/es\/materiales\/duplex-a182-f51-uns-s31803-werkstoff-1-4462-saf-2205\/\" \/>\n<meta property=\"og:locale\" content=\"es_ES\" \/>\n<meta property=\"og:type\" content=\"article\" \/>\n<meta property=\"og:title\" content=\"D\u00faplex A182 F51 UNS S31803 Werkstoff 1.4462 SAF 2205 - M.F. INOX\" \/>\n<meta property=\"og:description\" content=\"D\u00faplex A182 F51 UNS S31803 Werkstoff 1.4462 SAF 2205 El d\u00faplex A182 F51 UNS S31803 Werkstoff 1.4462 SAF 2205 es un material de acero inoxidable bif\u00e1sico Cr-Ni-Mo-N (estructura austen\u00edtica y ferr\u00edtica) resistente a la corrosi\u00f3n por picaduras y tensiones. Tiene una buena resistencia mec\u00e1nica combinada con una excelente resistencia a la corrosi\u00f3n, lo que lo [&hellip;]\" \/>\n<meta property=\"og:url\" content=\"https:\/\/mfinox.com\/es\/materiales\/duplex-a182-f51-uns-s31803-werkstoff-1-4462-saf-2205\/\" \/>\n<meta property=\"og:site_name\" content=\"M.F. INOX\" \/>\n<meta property=\"article:modified_time\" content=\"2024-09-04T10:36:33+00:00\" \/>\n<meta name=\"twitter:card\" content=\"summary_large_image\" \/>\n<meta name=\"twitter:label1\" content=\"Tiempo de lectura\" \/>\n\t<meta name=\"twitter:data1\" content=\"1 minuto\" \/>\n<script type=\"application\/ld+json\" class=\"yoast-schema-graph\">{\"@context\":\"https:\\\/\\\/schema.org\",\"@graph\":[{\"@type\":\"WebPage\",\"@id\":\"https:\\\/\\\/mfinox.com\\\/es\\\/materiales\\\/duplex-a182-f51-uns-s31803-werkstoff-1-4462-saf-2205\\\/\",\"url\":\"https:\\\/\\\/mfinox.com\\\/es\\\/materiales\\\/duplex-a182-f51-uns-s31803-werkstoff-1-4462-saf-2205\\\/\",\"name\":\"D\u00faplex A182 F51 UNS S31803 Werkstoff 1.4462 SAF 2205 - M.F. INOX\",\"isPartOf\":{\"@id\":\"https:\\\/\\\/mfinox.com\\\/es\\\/#website\"},\"datePublished\":\"2024-05-21T15:10:56+00:00\",\"dateModified\":\"2024-09-04T10:36:33+00:00\",\"breadcrumb\":{\"@id\":\"https:\\\/\\\/mfinox.com\\\/es\\\/materiales\\\/duplex-a182-f51-uns-s31803-werkstoff-1-4462-saf-2205\\\/#breadcrumb\"},\"inLanguage\":\"es\",\"potentialAction\":[{\"@type\":\"ReadAction\",\"target\":[\"https:\\\/\\\/mfinox.com\\\/es\\\/materiales\\\/duplex-a182-f51-uns-s31803-werkstoff-1-4462-saf-2205\\\/\"]}]},{\"@type\":\"BreadcrumbList\",\"@id\":\"https:\\\/\\\/mfinox.com\\\/es\\\/materiales\\\/duplex-a182-f51-uns-s31803-werkstoff-1-4462-saf-2205\\\/#breadcrumb\",\"itemListElement\":[{\"@type\":\"ListItem\",\"position\":1,\"name\":\"Home\",\"item\":\"https:\\\/\\\/mfinox.com\\\/es\\\/\"},{\"@type\":\"ListItem\",\"position\":2,\"name\":\"Materiales\",\"item\":\"https:\\\/\\\/mfinox.com\\\/es\\\/materiales\\\/\"},{\"@type\":\"ListItem\",\"position\":3,\"name\":\"D\u00faplex A182 F51 UNS S31803 Werkstoff 1.4462 SAF 2205\"}]},{\"@type\":\"WebSite\",\"@id\":\"https:\\\/\\\/mfinox.com\\\/es\\\/#website\",\"url\":\"https:\\\/\\\/mfinox.com\\\/es\\\/\",\"name\":\"M.F. INOX\",\"description\":\"\",\"publisher\":{\"@id\":\"https:\\\/\\\/mfinox.com\\\/es\\\/#organization\"},\"potentialAction\":[{\"@type\":\"SearchAction\",\"target\":{\"@type\":\"EntryPoint\",\"urlTemplate\":\"https:\\\/\\\/mfinox.com\\\/es\\\/?s={search_term_string}\"},\"query-input\":{\"@type\":\"PropertyValueSpecification\",\"valueRequired\":true,\"valueName\":\"search_term_string\"}}],\"inLanguage\":\"es\"},{\"@type\":\"Organization\",\"@id\":\"https:\\\/\\\/mfinox.com\\\/es\\\/#organization\",\"name\":\"M.F. INOX\",\"url\":\"https:\\\/\\\/mfinox.com\\\/es\\\/\",\"logo\":{\"@type\":\"ImageObject\",\"inLanguage\":\"es\",\"@id\":\"https:\\\/\\\/mfinox.com\\\/es\\\/#\\\/schema\\\/logo\\\/image\\\/\",\"url\":\"https:\\\/\\\/mfinox.com\\\/wp-content\\\/uploads\\\/2024\\\/05\\\/mf-inox_logo_neg.png\",\"contentUrl\":\"https:\\\/\\\/mfinox.com\\\/wp-content\\\/uploads\\\/2024\\\/05\\\/mf-inox_logo_neg.png\",\"width\":1949,\"height\":662,\"caption\":\"M.F. INOX\"},\"image\":{\"@id\":\"https:\\\/\\\/mfinox.com\\\/es\\\/#\\\/schema\\\/logo\\\/image\\\/\"}}]}<\/script>\n<!-- \/ Yoast SEO plugin. -->","yoast_head_json":{"title":"D\u00faplex A182 F51 UNS S31803 Werkstoff 1.4462 SAF 2205 - M.F. INOX","robots":{"index":"index","follow":"follow","max-snippet":"max-snippet:-1","max-image-preview":"max-image-preview:large","max-video-preview":"max-video-preview:-1"},"canonical":"https:\/\/mfinox.com\/es\/materiales\/duplex-a182-f51-uns-s31803-werkstoff-1-4462-saf-2205\/","og_locale":"es_ES","og_type":"article","og_title":"D\u00faplex A182 F51 UNS S31803 Werkstoff 1.4462 SAF 2205 - M.F. INOX","og_description":"D\u00faplex A182 F51 UNS S31803 Werkstoff 1.4462 SAF 2205 El d\u00faplex A182 F51 UNS S31803 Werkstoff 1.4462 SAF 2205 es un material de acero inoxidable bif\u00e1sico Cr-Ni-Mo-N (estructura austen\u00edtica y ferr\u00edtica) resistente a la corrosi\u00f3n por picaduras y tensiones. Tiene una buena resistencia mec\u00e1nica combinada con una excelente resistencia a la corrosi\u00f3n, lo que lo [&hellip;]","og_url":"https:\/\/mfinox.com\/es\/materiales\/duplex-a182-f51-uns-s31803-werkstoff-1-4462-saf-2205\/","og_site_name":"M.F. INOX","article_modified_time":"2024-09-04T10:36:33+00:00","twitter_card":"summary_large_image","twitter_misc":{"Tiempo de lectura":"1 minuto"},"schema":{"@context":"https:\/\/schema.org","@graph":[{"@type":"WebPage","@id":"https:\/\/mfinox.com\/es\/materiales\/duplex-a182-f51-uns-s31803-werkstoff-1-4462-saf-2205\/","url":"https:\/\/mfinox.com\/es\/materiales\/duplex-a182-f51-uns-s31803-werkstoff-1-4462-saf-2205\/","name":"D\u00faplex A182 F51 UNS S31803 Werkstoff 1.4462 SAF 2205 - M.F. INOX","isPartOf":{"@id":"https:\/\/mfinox.com\/es\/#website"},"datePublished":"2024-05-21T15:10:56+00:00","dateModified":"2024-09-04T10:36:33+00:00","breadcrumb":{"@id":"https:\/\/mfinox.com\/es\/materiales\/duplex-a182-f51-uns-s31803-werkstoff-1-4462-saf-2205\/#breadcrumb"},"inLanguage":"es","potentialAction":[{"@type":"ReadAction","target":["https:\/\/mfinox.com\/es\/materiales\/duplex-a182-f51-uns-s31803-werkstoff-1-4462-saf-2205\/"]}]},{"@type":"BreadcrumbList","@id":"https:\/\/mfinox.com\/es\/materiales\/duplex-a182-f51-uns-s31803-werkstoff-1-4462-saf-2205\/#breadcrumb","itemListElement":[{"@type":"ListItem","position":1,"name":"Home","item":"https:\/\/mfinox.com\/es\/"},{"@type":"ListItem","position":2,"name":"Materiales","item":"https:\/\/mfinox.com\/es\/materiales\/"},{"@type":"ListItem","position":3,"name":"D\u00faplex A182 F51 UNS S31803 Werkstoff 1.4462 SAF 2205"}]},{"@type":"WebSite","@id":"https:\/\/mfinox.com\/es\/#website","url":"https:\/\/mfinox.com\/es\/","name":"M.F. INOX","description":"","publisher":{"@id":"https:\/\/mfinox.com\/es\/#organization"},"potentialAction":[{"@type":"SearchAction","target":{"@type":"EntryPoint","urlTemplate":"https:\/\/mfinox.com\/es\/?s={search_term_string}"},"query-input":{"@type":"PropertyValueSpecification","valueRequired":true,"valueName":"search_term_string"}}],"inLanguage":"es"},{"@type":"Organization","@id":"https:\/\/mfinox.com\/es\/#organization","name":"M.F. INOX","url":"https:\/\/mfinox.com\/es\/","logo":{"@type":"ImageObject","inLanguage":"es","@id":"https:\/\/mfinox.com\/es\/#\/schema\/logo\/image\/","url":"https:\/\/mfinox.com\/wp-content\/uploads\/2024\/05\/mf-inox_logo_neg.png","contentUrl":"https:\/\/mfinox.com\/wp-content\/uploads\/2024\/05\/mf-inox_logo_neg.png","width":1949,"height":662,"caption":"M.F. INOX"},"image":{"@id":"https:\/\/mfinox.com\/es\/#\/schema\/logo\/image\/"}}]}},"_links":{"self":[{"href":"https:\/\/mfinox.com\/es\/wp-json\/wp\/v2\/pages\/5425","targetHints":{"allow":["GET"]}}],"collection":[{"href":"https:\/\/mfinox.com\/es\/wp-json\/wp\/v2\/pages"}],"about":[{"href":"https:\/\/mfinox.com\/es\/wp-json\/wp\/v2\/types\/page"}],"author":[{"embeddable":true,"href":"https:\/\/mfinox.com\/es\/wp-json\/wp\/v2\/users\/1"}],"replies":[{"embeddable":true,"href":"https:\/\/mfinox.com\/es\/wp-json\/wp\/v2\/comments?post=5425"}],"version-history":[{"count":0,"href":"https:\/\/mfinox.com\/es\/wp-json\/wp\/v2\/pages\/5425\/revisions"}],"up":[{"embeddable":true,"href":"https:\/\/mfinox.com\/es\/wp-json\/wp\/v2\/pages\/4513"}],"wp:attachment":[{"href":"https:\/\/mfinox.com\/es\/wp-json\/wp\/v2\/media?parent=5425"}],"curies":[{"name":"wp","href":"https:\/\/api.w.org\/{rel}","templated":true}]}}