{"id":5423,"date":"2024-06-18T17:20:32","date_gmt":"2024-06-18T17:20:32","guid":{"rendered":"https:\/\/mfinox.com\/materiales\/aleacion-de-niquel-alloy-800-alloy-800h-y-alloy-800ht\/"},"modified":"2024-09-04T10:36:33","modified_gmt":"2024-09-04T10:36:33","slug":"aleacion-de-niquel-alloy-800-alloy-800h-y-alloy-800ht","status":"publish","type":"page","link":"https:\/\/mfinox.com\/es\/materiales\/aleacion-de-niquel-alloy-800-alloy-800h-y-alloy-800ht\/","title":{"rendered":"Aleaci\u00f3n de n\u00edquel ALLOY 800 ALLOY 800H y ALLOY 800HT"},"content":{"rendered":"\t\t<div data-elementor-type=\"wp-page\" data-elementor-id=\"5423\" class=\"elementor elementor-5423 elementor-2224\" data-elementor-post-type=\"page\">\n\t\t\t\t<div class=\"elementor-element elementor-element-65035c21 e-flex e-con-boxed e-con e-parent\" data-id=\"65035c21\" data-element_type=\"container\" data-e-type=\"container\" data-settings=\"{&quot;background_background&quot;:&quot;classic&quot;}\">\n\t\t\t\t\t<div class=\"e-con-inner\">\n\t\t\t\t<div class=\"elementor-element elementor-element-5d8a4836 titolo-materiali elementor-invisible elementor-widget elementor-widget-heading\" data-id=\"5d8a4836\" data-element_type=\"widget\" data-e-type=\"widget\" data-settings=\"{&quot;_animation&quot;:&quot;fadeIn&quot;}\" data-widget_type=\"heading.default\">\n\t\t\t\t<div class=\"elementor-widget-container\">\n\t\t\t\t\t<h1 class=\"elementor-heading-title elementor-size-default\">Aleaci\u00f3n de n\u00edquel ALLOY 800 ALLOY 800H y ALLOY 800HT  <\/h1>\t\t\t\t<\/div>\n\t\t\t\t<\/div>\n\t\t\t\t<div class=\"elementor-element elementor-element-18c3bb7 elementor-invisible elementor-widget elementor-widget-shortcode\" data-id=\"18c3bb7\" data-element_type=\"widget\" data-e-type=\"widget\" data-settings=\"{&quot;_animation&quot;:&quot;fadeIn&quot;}\" data-widget_type=\"shortcode.default\">\n\t\t\t\t<div class=\"elementor-widget-container\">\n\t\t\t\t\t\t\t<div class=\"elementor-shortcode\"><nav aria-label=\"breadcrumb\"><div class=\"breadcrumb\"><span class=\"breadcrumb-item\"><a href=\"https:\/\/mfinox.com\/es\/\" style=\"color: #F3912E;\">Home<\/a><\/span><\/div><\/nav><\/div>\n\t\t\t\t\t\t<\/div>\n\t\t\t\t<\/div>\n\t\t\t\t\t<\/div>\n\t\t\t\t<\/div>\n\t\t<div class=\"elementor-element elementor-element-1f4bc4ff e-flex e-con-boxed elementor-invisible e-con e-parent\" data-id=\"1f4bc4ff\" data-element_type=\"container\" data-e-type=\"container\" data-settings=\"{&quot;animation&quot;:&quot;fadeInUp&quot;}\">\n\t\t\t\t\t<div class=\"e-con-inner\">\n\t\t\t\t<div class=\"elementor-element elementor-element-134c22d6 elementor-widget elementor-widget-text-editor\" data-id=\"134c22d6\" data-element_type=\"widget\" data-e-type=\"widget\" data-widget_type=\"text-editor.default\">\n\t\t\t\t<div class=\"elementor-widget-container\">\n\t\t\t\t\t\t\t\t\tLas aleaciones 800, 800H y 800HT son ideales para entornos corrosivos y de alta temperatura.\nLa aleaci\u00f3n 800 ofrece una excelente resistencia a la corrosi\u00f3n, mientras que las 800H y 800HT est\u00e1n optimizadas para altas temperaturas, manteniendo propiedades mec\u00e1nicas superiores.\nSe utilizan en las industrias qu\u00edmica, petrolera, de generaci\u00f3n de energ\u00eda, aeroespacial y de procesamiento industrial para componentes sometidos a condiciones ambientales extremas.    <h2><b>COMPOSICI\u00d3N QU\u00cdMICA INCOLOY\u00ae 800 UNS N08810 werkstoff 1.4876<\/b><\/h2>\n<table class=\"responsive-table\">\n<tbody>\n<tr>\n<th>Elemento<\/th><th>M\u00edn<\/th><th>M\u00e1x<\/th>\n<\/tr>\n<tr>\n<td>Ni<\/td><td>30<\/td><td>35<\/td>\n<\/tr>\n<tr>\n<td>Cr<\/td><td>19<\/td><td>23<\/td>\n<\/tr>\n<tr>\n<td>Co<\/td><td>&#8211;<\/td><td>2.00<\/td>\n<\/tr>\n<tr>\n<td>Fe<\/td><td>&#8211;<\/td><td>Bal<\/td>\n<\/tr>\n<tr>\n<td>Cu<\/td><td>&#8211;<\/td><td>0.75<\/td>\n<\/tr>\n<tr>\n<td>Ti<\/td><td>0.15<\/td><td>0.60<\/td>\n<\/tr>\n<tr>\n<td>C<\/td><td>&#8211;<\/td><td>0.10<\/td>\n<\/tr>\n<tr>\n<td>Mn<\/td><td>&#8211;<\/td><td>1.50<\/td>\n<\/tr>\n<tr>\n<td>S<\/td><td>&#8211;<\/td><td>0.015<\/td>\n<\/tr>\n<tr>\n<td>S\u00ed<\/td><td>&#8211;<\/td><td>1.00<\/td>\n<\/tr>\n<tr>\n<td>En<\/td><td>0.15<\/td><td>0.60<\/td>\n<\/tr>\n<\/tbody>\n<\/table>\n<h2><b>PROPIEDADES MEC\u00c1NICAS INCOLOY\u00ae 800 UNS N08810 werkstoff 1.4876<\/b><\/h2>\n<table class=\"responsive-table\">\n<tbody>\n<tr>\n<th>Material<\/th>\n<th>Liga<\/th>\n<th>Rm min (MPa)<\/th>\n<th>Rp 0,2 min (MPa)<\/th>\n<th>A% min<\/th>\n<th>Z% min<\/th>\n<th>Dureza m\u00e1x. (HBW)<\/th>\n<\/tr>\n<tr>\n<td>INCOLOY\u00ae 800 UNS N08810<\/td>\n<td>1.4876<\/td>\n<td>500<\/td>\n<td>200<\/td>\n<td>30<\/td>\n<td>&#8211;<\/td>\n<td>210<\/td>\n<\/tr>\n<\/tbody>\n<\/table>\n<h2><b>PROPIEDADES F\u00cdSICAS INCOLOY\u00ae 800 UNS N08810 werkstoff 1.4876<\/b><\/h2>\n<ul>\n \t<li>Peso espec\u00edfico a 20\u00b0C: 7,94 kg\/dm\u00b3<\/li>\n \t<li>M\u00f3dulo de elasticidad a 20\u00b0C: 196.500 N\/mm\u00b2.<\/li>\n<\/ul>\n<h2><b>CORRESPONDENCIAS Y ESPECIFICACIONES INCOLOY\u00ae 800 UNS N08810 werkstoff 1.4876<\/b><\/h2>\n<ul>\n \t<li>W.: 1.4876<\/li>\n \t<li>UNS: N08810<\/li>\n \t<li>NACE MR0175<\/li>\n<\/ul>\n\t\t<div data-elementor-type=\"section\" data-elementor-id=\"2152\" class=\"elementor elementor-2152\" data-elementor-post-type=\"elementor_library\">\n\t\t\t<div class=\"elementor-element elementor-element-1a5312d e-flex e-con-boxed e-con e-parent\" data-id=\"1a5312d\" data-element_type=\"container\" data-e-type=\"container\">\n\t\t\t\t\t<div class=\"e-con-inner\">\n\t\t\t\t<div class=\"elementor-element elementor-element-703a4b7 elementor-widget elementor-widget-spacer\" data-id=\"703a4b7\" data-element_type=\"widget\" data-e-type=\"widget\" data-widget_type=\"spacer.default\">\n\t\t\t\t<div class=\"elementor-widget-container\">\n\t\t\t\t\t\t\t<div class=\"elementor-spacer\">\n\t\t\t<div class=\"elementor-spacer-inner\"><\/div>\n\t\t<\/div>\n\t\t\t\t\t\t<\/div>\n\t\t\t\t<\/div>\n\t\t\t\t\t<\/div>\n\t\t\t\t<\/div>\n\t\t\t\t<\/div>\n\t\t\t\t\t\t\t\t\t\t<\/div>\n\t\t\t\t<\/div>\n\t\t\t\t\t<\/div>\n\t\t\t\t<\/div>\n\t\t\t\t<\/div>\n\t\t","protected":false},"excerpt":{"rendered":"<p>Aleaci\u00f3n de n\u00edquel ALLOY 800 ALLOY 800H y ALLOY 800HT Las aleaciones 800, 800H y 800HT son ideales para entornos corrosivos y de alta temperatura. La aleaci\u00f3n 800 ofrece una excelente resistencia a la corrosi\u00f3n, mientras que las 800H y 800HT est\u00e1n optimizadas para altas temperaturas, manteniendo propiedades mec\u00e1nicas superiores. Se utilizan en las industrias [&hellip;]<\/p>\n","protected":false},"author":1,"featured_media":0,"parent":4513,"menu_order":0,"comment_status":"closed","ping_status":"closed","template":"","meta":{"footnotes":""},"class_list":["post-5423","page","type-page","status-publish","hentry"],"yoast_head":"<!-- This site is optimized with the Yoast SEO plugin v27.6 - https:\/\/yoast.com\/product\/yoast-seo-wordpress\/ -->\n<title>Aleaci\u00f3n de n\u00edquel ALLOY 800 ALLOY 800H y ALLOY 800HT - M.F. INOX<\/title>\n<meta name=\"robots\" content=\"index, follow, max-snippet:-1, max-image-preview:large, max-video-preview:-1\" \/>\n<link rel=\"canonical\" href=\"https:\/\/mfinox.com\/es\/materiales\/aleacion-de-niquel-alloy-800-alloy-800h-y-alloy-800ht\/\" \/>\n<meta property=\"og:locale\" content=\"es_ES\" \/>\n<meta property=\"og:type\" content=\"article\" \/>\n<meta property=\"og:title\" content=\"Aleaci\u00f3n de n\u00edquel ALLOY 800 ALLOY 800H y ALLOY 800HT - M.F. INOX\" \/>\n<meta property=\"og:description\" content=\"Aleaci\u00f3n de n\u00edquel ALLOY 800 ALLOY 800H y ALLOY 800HT Las aleaciones 800, 800H y 800HT son ideales para entornos corrosivos y de alta temperatura. La aleaci\u00f3n 800 ofrece una excelente resistencia a la corrosi\u00f3n, mientras que las 800H y 800HT est\u00e1n optimizadas para altas temperaturas, manteniendo propiedades mec\u00e1nicas superiores. Se utilizan en las industrias [&hellip;]\" \/>\n<meta property=\"og:url\" content=\"https:\/\/mfinox.com\/es\/materiales\/aleacion-de-niquel-alloy-800-alloy-800h-y-alloy-800ht\/\" \/>\n<meta property=\"og:site_name\" content=\"M.F. INOX\" \/>\n<meta property=\"article:modified_time\" content=\"2024-09-04T10:36:33+00:00\" \/>\n<meta name=\"twitter:card\" content=\"summary_large_image\" \/>\n<meta name=\"twitter:label1\" content=\"Tiempo de lectura\" \/>\n\t<meta name=\"twitter:data1\" content=\"1 minuto\" \/>\n<script type=\"application\/ld+json\" class=\"yoast-schema-graph\">{\"@context\":\"https:\\\/\\\/schema.org\",\"@graph\":[{\"@type\":\"WebPage\",\"@id\":\"https:\\\/\\\/mfinox.com\\\/es\\\/materiales\\\/aleacion-de-niquel-alloy-800-alloy-800h-y-alloy-800ht\\\/\",\"url\":\"https:\\\/\\\/mfinox.com\\\/es\\\/materiales\\\/aleacion-de-niquel-alloy-800-alloy-800h-y-alloy-800ht\\\/\",\"name\":\"Aleaci\u00f3n de n\u00edquel ALLOY 800 ALLOY 800H y ALLOY 800HT - M.F. INOX\",\"isPartOf\":{\"@id\":\"https:\\\/\\\/mfinox.com\\\/es\\\/#website\"},\"datePublished\":\"2024-06-18T17:20:32+00:00\",\"dateModified\":\"2024-09-04T10:36:33+00:00\",\"breadcrumb\":{\"@id\":\"https:\\\/\\\/mfinox.com\\\/es\\\/materiales\\\/aleacion-de-niquel-alloy-800-alloy-800h-y-alloy-800ht\\\/#breadcrumb\"},\"inLanguage\":\"es\",\"potentialAction\":[{\"@type\":\"ReadAction\",\"target\":[\"https:\\\/\\\/mfinox.com\\\/es\\\/materiales\\\/aleacion-de-niquel-alloy-800-alloy-800h-y-alloy-800ht\\\/\"]}]},{\"@type\":\"BreadcrumbList\",\"@id\":\"https:\\\/\\\/mfinox.com\\\/es\\\/materiales\\\/aleacion-de-niquel-alloy-800-alloy-800h-y-alloy-800ht\\\/#breadcrumb\",\"itemListElement\":[{\"@type\":\"ListItem\",\"position\":1,\"name\":\"Home\",\"item\":\"https:\\\/\\\/mfinox.com\\\/es\\\/\"},{\"@type\":\"ListItem\",\"position\":2,\"name\":\"Materiales\",\"item\":\"https:\\\/\\\/mfinox.com\\\/es\\\/materiales\\\/\"},{\"@type\":\"ListItem\",\"position\":3,\"name\":\"Aleaci\u00f3n de n\u00edquel ALLOY 800 ALLOY 800H y ALLOY 800HT\"}]},{\"@type\":\"WebSite\",\"@id\":\"https:\\\/\\\/mfinox.com\\\/es\\\/#website\",\"url\":\"https:\\\/\\\/mfinox.com\\\/es\\\/\",\"name\":\"M.F. INOX\",\"description\":\"\",\"publisher\":{\"@id\":\"https:\\\/\\\/mfinox.com\\\/es\\\/#organization\"},\"potentialAction\":[{\"@type\":\"SearchAction\",\"target\":{\"@type\":\"EntryPoint\",\"urlTemplate\":\"https:\\\/\\\/mfinox.com\\\/es\\\/?s={search_term_string}\"},\"query-input\":{\"@type\":\"PropertyValueSpecification\",\"valueRequired\":true,\"valueName\":\"search_term_string\"}}],\"inLanguage\":\"es\"},{\"@type\":\"Organization\",\"@id\":\"https:\\\/\\\/mfinox.com\\\/es\\\/#organization\",\"name\":\"M.F. INOX\",\"url\":\"https:\\\/\\\/mfinox.com\\\/es\\\/\",\"logo\":{\"@type\":\"ImageObject\",\"inLanguage\":\"es\",\"@id\":\"https:\\\/\\\/mfinox.com\\\/es\\\/#\\\/schema\\\/logo\\\/image\\\/\",\"url\":\"https:\\\/\\\/mfinox.com\\\/wp-content\\\/uploads\\\/2024\\\/05\\\/mf-inox_logo_neg.png\",\"contentUrl\":\"https:\\\/\\\/mfinox.com\\\/wp-content\\\/uploads\\\/2024\\\/05\\\/mf-inox_logo_neg.png\",\"width\":1949,\"height\":662,\"caption\":\"M.F. INOX\"},\"image\":{\"@id\":\"https:\\\/\\\/mfinox.com\\\/es\\\/#\\\/schema\\\/logo\\\/image\\\/\"}}]}<\/script>\n<!-- \/ Yoast SEO plugin. -->","yoast_head_json":{"title":"Aleaci\u00f3n de n\u00edquel ALLOY 800 ALLOY 800H y ALLOY 800HT - M.F. INOX","robots":{"index":"index","follow":"follow","max-snippet":"max-snippet:-1","max-image-preview":"max-image-preview:large","max-video-preview":"max-video-preview:-1"},"canonical":"https:\/\/mfinox.com\/es\/materiales\/aleacion-de-niquel-alloy-800-alloy-800h-y-alloy-800ht\/","og_locale":"es_ES","og_type":"article","og_title":"Aleaci\u00f3n de n\u00edquel ALLOY 800 ALLOY 800H y ALLOY 800HT - M.F. INOX","og_description":"Aleaci\u00f3n de n\u00edquel ALLOY 800 ALLOY 800H y ALLOY 800HT Las aleaciones 800, 800H y 800HT son ideales para entornos corrosivos y de alta temperatura. La aleaci\u00f3n 800 ofrece una excelente resistencia a la corrosi\u00f3n, mientras que las 800H y 800HT est\u00e1n optimizadas para altas temperaturas, manteniendo propiedades mec\u00e1nicas superiores. Se utilizan en las industrias [&hellip;]","og_url":"https:\/\/mfinox.com\/es\/materiales\/aleacion-de-niquel-alloy-800-alloy-800h-y-alloy-800ht\/","og_site_name":"M.F. INOX","article_modified_time":"2024-09-04T10:36:33+00:00","twitter_card":"summary_large_image","twitter_misc":{"Tiempo de lectura":"1 minuto"},"schema":{"@context":"https:\/\/schema.org","@graph":[{"@type":"WebPage","@id":"https:\/\/mfinox.com\/es\/materiales\/aleacion-de-niquel-alloy-800-alloy-800h-y-alloy-800ht\/","url":"https:\/\/mfinox.com\/es\/materiales\/aleacion-de-niquel-alloy-800-alloy-800h-y-alloy-800ht\/","name":"Aleaci\u00f3n de n\u00edquel ALLOY 800 ALLOY 800H y ALLOY 800HT - M.F. INOX","isPartOf":{"@id":"https:\/\/mfinox.com\/es\/#website"},"datePublished":"2024-06-18T17:20:32+00:00","dateModified":"2024-09-04T10:36:33+00:00","breadcrumb":{"@id":"https:\/\/mfinox.com\/es\/materiales\/aleacion-de-niquel-alloy-800-alloy-800h-y-alloy-800ht\/#breadcrumb"},"inLanguage":"es","potentialAction":[{"@type":"ReadAction","target":["https:\/\/mfinox.com\/es\/materiales\/aleacion-de-niquel-alloy-800-alloy-800h-y-alloy-800ht\/"]}]},{"@type":"BreadcrumbList","@id":"https:\/\/mfinox.com\/es\/materiales\/aleacion-de-niquel-alloy-800-alloy-800h-y-alloy-800ht\/#breadcrumb","itemListElement":[{"@type":"ListItem","position":1,"name":"Home","item":"https:\/\/mfinox.com\/es\/"},{"@type":"ListItem","position":2,"name":"Materiales","item":"https:\/\/mfinox.com\/es\/materiales\/"},{"@type":"ListItem","position":3,"name":"Aleaci\u00f3n de n\u00edquel ALLOY 800 ALLOY 800H y ALLOY 800HT"}]},{"@type":"WebSite","@id":"https:\/\/mfinox.com\/es\/#website","url":"https:\/\/mfinox.com\/es\/","name":"M.F. INOX","description":"","publisher":{"@id":"https:\/\/mfinox.com\/es\/#organization"},"potentialAction":[{"@type":"SearchAction","target":{"@type":"EntryPoint","urlTemplate":"https:\/\/mfinox.com\/es\/?s={search_term_string}"},"query-input":{"@type":"PropertyValueSpecification","valueRequired":true,"valueName":"search_term_string"}}],"inLanguage":"es"},{"@type":"Organization","@id":"https:\/\/mfinox.com\/es\/#organization","name":"M.F. INOX","url":"https:\/\/mfinox.com\/es\/","logo":{"@type":"ImageObject","inLanguage":"es","@id":"https:\/\/mfinox.com\/es\/#\/schema\/logo\/image\/","url":"https:\/\/mfinox.com\/wp-content\/uploads\/2024\/05\/mf-inox_logo_neg.png","contentUrl":"https:\/\/mfinox.com\/wp-content\/uploads\/2024\/05\/mf-inox_logo_neg.png","width":1949,"height":662,"caption":"M.F. INOX"},"image":{"@id":"https:\/\/mfinox.com\/es\/#\/schema\/logo\/image\/"}}]}},"_links":{"self":[{"href":"https:\/\/mfinox.com\/es\/wp-json\/wp\/v2\/pages\/5423","targetHints":{"allow":["GET"]}}],"collection":[{"href":"https:\/\/mfinox.com\/es\/wp-json\/wp\/v2\/pages"}],"about":[{"href":"https:\/\/mfinox.com\/es\/wp-json\/wp\/v2\/types\/page"}],"author":[{"embeddable":true,"href":"https:\/\/mfinox.com\/es\/wp-json\/wp\/v2\/users\/1"}],"replies":[{"embeddable":true,"href":"https:\/\/mfinox.com\/es\/wp-json\/wp\/v2\/comments?post=5423"}],"version-history":[{"count":0,"href":"https:\/\/mfinox.com\/es\/wp-json\/wp\/v2\/pages\/5423\/revisions"}],"up":[{"embeddable":true,"href":"https:\/\/mfinox.com\/es\/wp-json\/wp\/v2\/pages\/4513"}],"wp:attachment":[{"href":"https:\/\/mfinox.com\/es\/wp-json\/wp\/v2\/media?parent=5423"}],"curies":[{"name":"wp","href":"https:\/\/api.w.org\/{rel}","templated":true}]}}