{"id":5419,"date":"2024-05-24T16:18:19","date_gmt":"2024-05-24T16:18:19","guid":{"rendered":"https:\/\/mfinox.com\/materiales\/acero-de-alta-temperatura-1-4923-x22crmov12-1\/"},"modified":"2024-09-04T10:34:57","modified_gmt":"2024-09-04T10:34:57","slug":"acero-de-alta-temperatura-1-4923-x22crmov12-1","status":"publish","type":"page","link":"https:\/\/mfinox.com\/es\/materiales\/acero-de-alta-temperatura-1-4923-x22crmov12-1\/","title":{"rendered":"Acero de alta temperatura 1.4923 X22CrMoV12-1"},"content":{"rendered":"\t\t<div data-elementor-type=\"wp-page\" data-elementor-id=\"5419\" class=\"elementor elementor-5419 elementor-1707\" data-elementor-post-type=\"page\">\n\t\t\t\t<div class=\"elementor-element elementor-element-4efc7f72 e-flex e-con-boxed e-con e-parent\" data-id=\"4efc7f72\" data-element_type=\"container\" data-e-type=\"container\" data-settings=\"{&quot;background_background&quot;:&quot;classic&quot;}\">\n\t\t\t\t\t<div class=\"e-con-inner\">\n\t\t\t\t<div class=\"elementor-element elementor-element-45689073 titolo-materiali elementor-invisible elementor-widget elementor-widget-heading\" data-id=\"45689073\" data-element_type=\"widget\" data-e-type=\"widget\" data-settings=\"{&quot;_animation&quot;:&quot;fadeIn&quot;}\" data-widget_type=\"heading.default\">\n\t\t\t\t<div class=\"elementor-widget-container\">\n\t\t\t\t\t<h1 class=\"elementor-heading-title elementor-size-default\">1.4923 X22CrMoV12-1<\/h1>\t\t\t\t<\/div>\n\t\t\t\t<\/div>\n\t\t\t\t<div class=\"elementor-element elementor-element-4706bcd0 elementor-invisible elementor-widget elementor-widget-shortcode\" data-id=\"4706bcd0\" data-element_type=\"widget\" data-e-type=\"widget\" data-settings=\"{&quot;_animation&quot;:&quot;fadeIn&quot;}\" data-widget_type=\"shortcode.default\">\n\t\t\t\t<div class=\"elementor-widget-container\">\n\t\t\t\t\t\t\t<div class=\"elementor-shortcode\"><nav aria-label=\"breadcrumb\"><div class=\"breadcrumb\"><span class=\"breadcrumb-item\"><a href=\"https:\/\/mfinox.com\/es\/\" style=\"color: #F3912E;\">Home<\/a><\/span><\/div><\/nav><\/div>\n\t\t\t\t\t\t<\/div>\n\t\t\t\t<\/div>\n\t\t\t\t\t<\/div>\n\t\t\t\t<\/div>\n\t\t<div class=\"elementor-element elementor-element-670f8099 e-flex e-con-boxed elementor-invisible e-con e-parent\" data-id=\"670f8099\" data-element_type=\"container\" data-e-type=\"container\" data-settings=\"{&quot;animation&quot;:&quot;fadeInUp&quot;}\">\n\t\t\t\t\t<div class=\"e-con-inner\">\n\t\t\t\t<div class=\"elementor-element elementor-element-4de2f8f2 elementor-widget elementor-widget-text-editor\" data-id=\"4de2f8f2\" data-element_type=\"widget\" data-e-type=\"widget\" data-widget_type=\"text-editor.default\">\n\t\t\t\t<div class=\"elementor-widget-container\">\n\t\t\t\t\t\t\t\t\tEl acero 1.4923 X22CrMoV12-1 es un acero de temple y revenido de alta resistencia adecuado para aplicaciones de alta temperatura que no es resistente a la corrosi\u00f3n. Entra dentro de la gama de materiales adecuados para la producci\u00f3n de elementos de fijaci\u00f3n para aplicaciones de -200\u00b0 a +700\u00b0C definida por las normas ISO 267-13 e ISO EN 10269. El acero 1.4923 X22CrMoV12-1 se utiliza, en particular, para aplicaciones hasta un m\u00e1ximo de 500 \u00b0C, obviamente con un descenso considerable de las propiedades mec\u00e1nicas (a 500 \u00b0C Rm = 335 MPa). Esta aleaci\u00f3n se utiliza especialmente para piezas endot\u00e9rmicas de motores, bombas, tuber\u00edas y v\u00e1lvulas.  <h2><b>COMPOSICI\u00d3N QU\u00cdMICA 1.4923 X22CrMoV12-1<\/b><\/h2>\n<table class=\"responsive-table\">\n<tbody>\n<tr>\n<th>Elemento<\/th><th>M\u00edn<\/th><th>M\u00e1x<\/th>\n<\/tr>\n<tr>\n<td>C<\/td><td>0.18<\/td><td>0.24<\/td>\n<\/tr>\n<tr>\n<td>S\u00ed<\/td><td>0.40<\/td><td>0.50<\/td>\n<\/tr>\n<tr>\n<td>Mn<\/td><td>&#8212;<\/td><td>0.90<\/td>\n<\/tr>\n<tr>\n<td>P<\/td><td>&#8212;<\/td><td>0.025<\/td>\n<\/tr>\n<tr>\n<td>S<\/td><td>&#8212;<\/td><td>0.015<\/td>\n<\/tr>\n<tr>\n<td>Cr<\/td><td>11.00<\/td><td>12.50<\/td>\n<\/tr>\n<tr>\n<td>Mo<\/td><td>0.80<\/td><td>1.20<\/td>\n<\/tr>\n<tr>\n<td>Ni<\/td><td>0.30<\/td><td>0.80<\/td>\n<\/tr>\n<tr>\n<td>V<\/td><td>0.25<\/td><td>0.35<\/td>\n<\/tr>\n<\/tbody>\n<\/table>\n<h2><b>PROPIEDADES MEC\u00c1NICAS 1.4923 X22CrMoV12-1<\/b><\/h2>\n<table class=\"responsive-table\">\n<tbody>\n<tr>\n<th>Material<\/th>\n<th>Liga<\/th>\n<th>Rm (MPa)<\/th>\n<th>Rp 0,2 min (MPa)<\/th>\n<th>A% min<\/th>\n<th>Z% min<\/th>\n<th>Dureza<\/th>\n<th>Prueba de impacto min (KV2) (J)<\/th>\n<\/tr>\n<tr>\n<td>1,4923 X22CrMoV12-1 + QT1<\/td>\n<td>1.4923<\/td>\n<td>800 &#8211; 950<\/td>\n<td>650<\/td>\n<td>14<\/td>\n<td>40<\/td>\n<td>22 &#8211; 29 HRC<\/td>\n<td>27J a 20\u00b0C<\/td>\n<\/tr>\n<tr>\n<td>1,4923 X22CrMoV12-1 + QT2<\/td>\n<td>1.4923<\/td>\n<td>900 &#8211; 1050<\/td>\n<td>750<\/td>\n<td>11<\/td>\n<td>35<\/td>\n<td>26 &#8211; 33 HRC<\/td>\n<td>20J a 20\u00b0C<\/td>\n<\/tr>\n<\/tbody>\n<\/table>\n<h2><b>PROPIEDADES F\u00cdSICAS 1.4923 X22CrMoV12-1<\/b><\/h2>\n<ul>\n \t<li>Peso espec\u00edfico a 20\u00b0C: 7,95 kg\/dm\u00b3<\/li>\n \t<li>M\u00f3dulo de elasticidad a 20\u00b0C: 199.000 N\/mm\u00b2.<\/li>\n<\/ul>\n<h2><b>CORRESPONDENCIAS Y ESPECIFICACIONES 1.4923 X22CrMoV12-1<\/b><\/h2>\n<ul>\n \t<li>W.: 1.4923<\/li>\n \t<li>ES: 10269<\/li>\n \t<li>ISO: 267-13<\/li>\n \t<li>DIN: 2510<\/li>\n \t<li>DIN EN ISO: 898<\/li>\n \t<li>ISO: 3506<\/li>\n<\/ul>\n\t\t<div data-elementor-type=\"section\" data-elementor-id=\"2152\" class=\"elementor elementor-2152\" data-elementor-post-type=\"elementor_library\">\n\t\t\t<div class=\"elementor-element elementor-element-1a5312d e-flex e-con-boxed e-con e-parent\" data-id=\"1a5312d\" data-element_type=\"container\" data-e-type=\"container\">\n\t\t\t\t\t<div class=\"e-con-inner\">\n\t\t\t\t<div class=\"elementor-element elementor-element-703a4b7 elementor-widget elementor-widget-spacer\" data-id=\"703a4b7\" data-element_type=\"widget\" data-e-type=\"widget\" data-widget_type=\"spacer.default\">\n\t\t\t\t<div class=\"elementor-widget-container\">\n\t\t\t\t\t\t\t<div class=\"elementor-spacer\">\n\t\t\t<div class=\"elementor-spacer-inner\"><\/div>\n\t\t<\/div>\n\t\t\t\t\t\t<\/div>\n\t\t\t\t<\/div>\n\t\t\t\t\t<\/div>\n\t\t\t\t<\/div>\n\t\t\t\t<\/div>\n\t\t\t\t\t\t\t\t\t\t<\/div>\n\t\t\t\t<\/div>\n\t\t\t\t\t<\/div>\n\t\t\t\t<\/div>\n\t\t\t\t<\/div>\n\t\t","protected":false},"excerpt":{"rendered":"<p>1.4923 X22CrMoV12-1 El acero 1.4923 X22CrMoV12-1 es un acero de temple y revenido de alta resistencia adecuado para aplicaciones de alta temperatura que no es resistente a la corrosi\u00f3n. Entra dentro de la gama de materiales adecuados para la producci\u00f3n de elementos de fijaci\u00f3n para aplicaciones de -200\u00b0 a +700\u00b0C definida por las normas ISO [&hellip;]<\/p>\n","protected":false},"author":1,"featured_media":0,"parent":4513,"menu_order":0,"comment_status":"closed","ping_status":"closed","template":"","meta":{"footnotes":""},"class_list":["post-5419","page","type-page","status-publish","hentry"],"yoast_head":"<!-- This site is optimized with the Yoast SEO plugin v27.6 - https:\/\/yoast.com\/product\/yoast-seo-wordpress\/ -->\n<title>Acero de alta temperatura 1.4923 X22CrMoV12-1 - M.F. INOX<\/title>\n<meta name=\"robots\" content=\"index, follow, max-snippet:-1, max-image-preview:large, max-video-preview:-1\" \/>\n<link rel=\"canonical\" href=\"https:\/\/mfinox.com\/es\/materiales\/acero-de-alta-temperatura-1-4923-x22crmov12-1\/\" \/>\n<meta property=\"og:locale\" content=\"es_ES\" \/>\n<meta property=\"og:type\" content=\"article\" \/>\n<meta property=\"og:title\" content=\"Acero de alta temperatura 1.4923 X22CrMoV12-1 - M.F. INOX\" \/>\n<meta property=\"og:description\" content=\"1.4923 X22CrMoV12-1 El acero 1.4923 X22CrMoV12-1 es un acero de temple y revenido de alta resistencia adecuado para aplicaciones de alta temperatura que no es resistente a la corrosi\u00f3n. Entra dentro de la gama de materiales adecuados para la producci\u00f3n de elementos de fijaci\u00f3n para aplicaciones de -200\u00b0 a +700\u00b0C definida por las normas ISO [&hellip;]\" \/>\n<meta property=\"og:url\" content=\"https:\/\/mfinox.com\/es\/materiales\/acero-de-alta-temperatura-1-4923-x22crmov12-1\/\" \/>\n<meta property=\"og:site_name\" content=\"M.F. INOX\" \/>\n<meta property=\"article:modified_time\" content=\"2024-09-04T10:34:57+00:00\" \/>\n<meta name=\"twitter:card\" content=\"summary_large_image\" \/>\n<meta name=\"twitter:label1\" content=\"Tiempo de lectura\" \/>\n\t<meta name=\"twitter:data1\" content=\"1 minuto\" \/>\n<script type=\"application\/ld+json\" class=\"yoast-schema-graph\">{\"@context\":\"https:\\\/\\\/schema.org\",\"@graph\":[{\"@type\":\"WebPage\",\"@id\":\"https:\\\/\\\/mfinox.com\\\/es\\\/materiales\\\/acero-de-alta-temperatura-1-4923-x22crmov12-1\\\/\",\"url\":\"https:\\\/\\\/mfinox.com\\\/es\\\/materiales\\\/acero-de-alta-temperatura-1-4923-x22crmov12-1\\\/\",\"name\":\"Acero de alta temperatura 1.4923 X22CrMoV12-1 - M.F. INOX\",\"isPartOf\":{\"@id\":\"https:\\\/\\\/mfinox.com\\\/es\\\/#website\"},\"datePublished\":\"2024-05-24T16:18:19+00:00\",\"dateModified\":\"2024-09-04T10:34:57+00:00\",\"breadcrumb\":{\"@id\":\"https:\\\/\\\/mfinox.com\\\/es\\\/materiales\\\/acero-de-alta-temperatura-1-4923-x22crmov12-1\\\/#breadcrumb\"},\"inLanguage\":\"es\",\"potentialAction\":[{\"@type\":\"ReadAction\",\"target\":[\"https:\\\/\\\/mfinox.com\\\/es\\\/materiales\\\/acero-de-alta-temperatura-1-4923-x22crmov12-1\\\/\"]}]},{\"@type\":\"BreadcrumbList\",\"@id\":\"https:\\\/\\\/mfinox.com\\\/es\\\/materiales\\\/acero-de-alta-temperatura-1-4923-x22crmov12-1\\\/#breadcrumb\",\"itemListElement\":[{\"@type\":\"ListItem\",\"position\":1,\"name\":\"Home\",\"item\":\"https:\\\/\\\/mfinox.com\\\/es\\\/\"},{\"@type\":\"ListItem\",\"position\":2,\"name\":\"Materiales\",\"item\":\"https:\\\/\\\/mfinox.com\\\/es\\\/materiales\\\/\"},{\"@type\":\"ListItem\",\"position\":3,\"name\":\"Acero de alta temperatura 1.4923 X22CrMoV12-1\"}]},{\"@type\":\"WebSite\",\"@id\":\"https:\\\/\\\/mfinox.com\\\/es\\\/#website\",\"url\":\"https:\\\/\\\/mfinox.com\\\/es\\\/\",\"name\":\"M.F. INOX\",\"description\":\"\",\"publisher\":{\"@id\":\"https:\\\/\\\/mfinox.com\\\/es\\\/#organization\"},\"potentialAction\":[{\"@type\":\"SearchAction\",\"target\":{\"@type\":\"EntryPoint\",\"urlTemplate\":\"https:\\\/\\\/mfinox.com\\\/es\\\/?s={search_term_string}\"},\"query-input\":{\"@type\":\"PropertyValueSpecification\",\"valueRequired\":true,\"valueName\":\"search_term_string\"}}],\"inLanguage\":\"es\"},{\"@type\":\"Organization\",\"@id\":\"https:\\\/\\\/mfinox.com\\\/es\\\/#organization\",\"name\":\"M.F. INOX\",\"url\":\"https:\\\/\\\/mfinox.com\\\/es\\\/\",\"logo\":{\"@type\":\"ImageObject\",\"inLanguage\":\"es\",\"@id\":\"https:\\\/\\\/mfinox.com\\\/es\\\/#\\\/schema\\\/logo\\\/image\\\/\",\"url\":\"https:\\\/\\\/mfinox.com\\\/wp-content\\\/uploads\\\/2024\\\/05\\\/mf-inox_logo_neg.png\",\"contentUrl\":\"https:\\\/\\\/mfinox.com\\\/wp-content\\\/uploads\\\/2024\\\/05\\\/mf-inox_logo_neg.png\",\"width\":1949,\"height\":662,\"caption\":\"M.F. INOX\"},\"image\":{\"@id\":\"https:\\\/\\\/mfinox.com\\\/es\\\/#\\\/schema\\\/logo\\\/image\\\/\"}}]}<\/script>\n<!-- \/ Yoast SEO plugin. -->","yoast_head_json":{"title":"Acero de alta temperatura 1.4923 X22CrMoV12-1 - M.F. INOX","robots":{"index":"index","follow":"follow","max-snippet":"max-snippet:-1","max-image-preview":"max-image-preview:large","max-video-preview":"max-video-preview:-1"},"canonical":"https:\/\/mfinox.com\/es\/materiales\/acero-de-alta-temperatura-1-4923-x22crmov12-1\/","og_locale":"es_ES","og_type":"article","og_title":"Acero de alta temperatura 1.4923 X22CrMoV12-1 - M.F. INOX","og_description":"1.4923 X22CrMoV12-1 El acero 1.4923 X22CrMoV12-1 es un acero de temple y revenido de alta resistencia adecuado para aplicaciones de alta temperatura que no es resistente a la corrosi\u00f3n. Entra dentro de la gama de materiales adecuados para la producci\u00f3n de elementos de fijaci\u00f3n para aplicaciones de -200\u00b0 a +700\u00b0C definida por las normas ISO [&hellip;]","og_url":"https:\/\/mfinox.com\/es\/materiales\/acero-de-alta-temperatura-1-4923-x22crmov12-1\/","og_site_name":"M.F. INOX","article_modified_time":"2024-09-04T10:34:57+00:00","twitter_card":"summary_large_image","twitter_misc":{"Tiempo de lectura":"1 minuto"},"schema":{"@context":"https:\/\/schema.org","@graph":[{"@type":"WebPage","@id":"https:\/\/mfinox.com\/es\/materiales\/acero-de-alta-temperatura-1-4923-x22crmov12-1\/","url":"https:\/\/mfinox.com\/es\/materiales\/acero-de-alta-temperatura-1-4923-x22crmov12-1\/","name":"Acero de alta temperatura 1.4923 X22CrMoV12-1 - M.F. INOX","isPartOf":{"@id":"https:\/\/mfinox.com\/es\/#website"},"datePublished":"2024-05-24T16:18:19+00:00","dateModified":"2024-09-04T10:34:57+00:00","breadcrumb":{"@id":"https:\/\/mfinox.com\/es\/materiales\/acero-de-alta-temperatura-1-4923-x22crmov12-1\/#breadcrumb"},"inLanguage":"es","potentialAction":[{"@type":"ReadAction","target":["https:\/\/mfinox.com\/es\/materiales\/acero-de-alta-temperatura-1-4923-x22crmov12-1\/"]}]},{"@type":"BreadcrumbList","@id":"https:\/\/mfinox.com\/es\/materiales\/acero-de-alta-temperatura-1-4923-x22crmov12-1\/#breadcrumb","itemListElement":[{"@type":"ListItem","position":1,"name":"Home","item":"https:\/\/mfinox.com\/es\/"},{"@type":"ListItem","position":2,"name":"Materiales","item":"https:\/\/mfinox.com\/es\/materiales\/"},{"@type":"ListItem","position":3,"name":"Acero de alta temperatura 1.4923 X22CrMoV12-1"}]},{"@type":"WebSite","@id":"https:\/\/mfinox.com\/es\/#website","url":"https:\/\/mfinox.com\/es\/","name":"M.F. INOX","description":"","publisher":{"@id":"https:\/\/mfinox.com\/es\/#organization"},"potentialAction":[{"@type":"SearchAction","target":{"@type":"EntryPoint","urlTemplate":"https:\/\/mfinox.com\/es\/?s={search_term_string}"},"query-input":{"@type":"PropertyValueSpecification","valueRequired":true,"valueName":"search_term_string"}}],"inLanguage":"es"},{"@type":"Organization","@id":"https:\/\/mfinox.com\/es\/#organization","name":"M.F. INOX","url":"https:\/\/mfinox.com\/es\/","logo":{"@type":"ImageObject","inLanguage":"es","@id":"https:\/\/mfinox.com\/es\/#\/schema\/logo\/image\/","url":"https:\/\/mfinox.com\/wp-content\/uploads\/2024\/05\/mf-inox_logo_neg.png","contentUrl":"https:\/\/mfinox.com\/wp-content\/uploads\/2024\/05\/mf-inox_logo_neg.png","width":1949,"height":662,"caption":"M.F. INOX"},"image":{"@id":"https:\/\/mfinox.com\/es\/#\/schema\/logo\/image\/"}}]}},"_links":{"self":[{"href":"https:\/\/mfinox.com\/es\/wp-json\/wp\/v2\/pages\/5419","targetHints":{"allow":["GET"]}}],"collection":[{"href":"https:\/\/mfinox.com\/es\/wp-json\/wp\/v2\/pages"}],"about":[{"href":"https:\/\/mfinox.com\/es\/wp-json\/wp\/v2\/types\/page"}],"author":[{"embeddable":true,"href":"https:\/\/mfinox.com\/es\/wp-json\/wp\/v2\/users\/1"}],"replies":[{"embeddable":true,"href":"https:\/\/mfinox.com\/es\/wp-json\/wp\/v2\/comments?post=5419"}],"version-history":[{"count":0,"href":"https:\/\/mfinox.com\/es\/wp-json\/wp\/v2\/pages\/5419\/revisions"}],"up":[{"embeddable":true,"href":"https:\/\/mfinox.com\/es\/wp-json\/wp\/v2\/pages\/4513"}],"wp:attachment":[{"href":"https:\/\/mfinox.com\/es\/wp-json\/wp\/v2\/media?parent=5419"}],"curies":[{"name":"wp","href":"https:\/\/api.w.org\/{rel}","templated":true}]}}