{"id":5416,"date":"2024-05-24T16:15:30","date_gmt":"2024-05-24T16:15:30","guid":{"rendered":"https:\/\/mfinox.com\/materiales\/acero-inoxidable-werkstoff-1-4845-aisi-310s-uns-s31008\/"},"modified":"2024-09-04T10:34:00","modified_gmt":"2024-09-04T10:34:00","slug":"acero-inoxidable-werkstoff-1-4845-aisi-310s-uns-s31008","status":"publish","type":"page","link":"https:\/\/mfinox.com\/es\/materiales\/acero-inoxidable-werkstoff-1-4845-aisi-310s-uns-s31008\/","title":{"rendered":"Acero inoxidable Werkstoff 1.4845 AISI 310S UNS S31008"},"content":{"rendered":"\t\t<div data-elementor-type=\"wp-page\" data-elementor-id=\"5416\" class=\"elementor elementor-5416 elementor-1703\" data-elementor-post-type=\"page\">\n\t\t\t\t<div class=\"elementor-element elementor-element-37487a17 e-flex e-con-boxed e-con e-parent\" data-id=\"37487a17\" data-element_type=\"container\" data-e-type=\"container\" data-settings=\"{&quot;background_background&quot;:&quot;classic&quot;}\">\n\t\t\t\t\t<div class=\"e-con-inner\">\n\t\t\t\t<div class=\"elementor-element elementor-element-6535bff2 titolo-materiali elementor-invisible elementor-widget elementor-widget-heading\" data-id=\"6535bff2\" data-element_type=\"widget\" data-e-type=\"widget\" data-settings=\"{&quot;_animation&quot;:&quot;fadeIn&quot;}\" data-widget_type=\"heading.default\">\n\t\t\t\t<div class=\"elementor-widget-container\">\n\t\t\t\t\t<h1 class=\"elementor-heading-title elementor-size-default\">Werkstoff 1.4845 AISI 310S UNS S31008<\/h1>\t\t\t\t<\/div>\n\t\t\t\t<\/div>\n\t\t\t\t<div class=\"elementor-element elementor-element-5b4113ad elementor-invisible elementor-widget elementor-widget-shortcode\" data-id=\"5b4113ad\" data-element_type=\"widget\" data-e-type=\"widget\" data-settings=\"{&quot;_animation&quot;:&quot;fadeIn&quot;}\" data-widget_type=\"shortcode.default\">\n\t\t\t\t<div class=\"elementor-widget-container\">\n\t\t\t\t\t\t\t<div class=\"elementor-shortcode\"><nav aria-label=\"breadcrumb\"><div class=\"breadcrumb\"><span class=\"breadcrumb-item\"><a href=\"https:\/\/mfinox.com\/es\/\" style=\"color: #F3912E;\">Home<\/a><\/span><\/div><\/nav><\/div>\n\t\t\t\t\t\t<\/div>\n\t\t\t\t<\/div>\n\t\t\t\t\t<\/div>\n\t\t\t\t<\/div>\n\t\t<div class=\"elementor-element elementor-element-18420369 e-flex e-con-boxed elementor-invisible e-con e-parent\" data-id=\"18420369\" data-element_type=\"container\" data-e-type=\"container\" data-settings=\"{&quot;animation&quot;:&quot;fadeInUp&quot;}\">\n\t\t\t\t\t<div class=\"e-con-inner\">\n\t\t\t\t<div class=\"elementor-element elementor-element-415b95dc elementor-widget elementor-widget-text-editor\" data-id=\"415b95dc\" data-element_type=\"widget\" data-e-type=\"widget\" data-widget_type=\"text-editor.default\">\n\t\t\t\t<div class=\"elementor-widget-container\">\n\t\t\t\t\t\t\t\t\t    <p>El acero inoxidable austen\u00edtico Werkstoff 1.4845 AISI 310S UNS S31008 es un acero adecuado para aplicaciones de alta temperatura.\nCon una temperatura m\u00e1xima de servicio en ambientes oxidantes de 1.050\u00b0C.\nSus caracter\u00edsticas lo hacen ideal para la fabricaci\u00f3n de componentes de hornos y calderas industriales tuber\u00edas y fuelles de expansi\u00f3n elementos calefactores el\u00e9ctricos ingenier\u00eda aeron\u00e1utica sistemas de escape de autom\u00f3viles.  <\/p>\n\n    <h2><b>COMPOSICI\u00d3N QU\u00cdMICA Werkstoff 1.4845 AISI 310S UNS S31008<\/h2><\/b>\n    <table class=\"responsive-table\">\n        <tr>\n            <th>Elemento<\/th><th>M\u00edn<\/th><th>M\u00e1x<\/th>\n        <\/tr>\n        <tr><td>C m\u00e1x<\/td><td><\/td><td>0.10<\/td><\/tr>\n        <tr><td>S\u00ed m\u00e1x.<\/td><td><\/td><td>1.50<\/td><\/tr>\n        <tr><td>Mn m\u00e1x<\/td><td><\/td><td>2.00<\/td><\/tr>\n        <tr><td>Cr<\/td><td>24.00<\/td><td>26.00<\/td><\/tr>\n        <tr><td>S m\u00e1x<\/td><td><\/td><td>0.015<\/td><\/tr>\n        <tr><td>P m\u00e1x<\/td><td><\/td><td>0.045<\/td><\/tr>\n        <tr><td>Ni<\/td><td>19.00<\/td><td>22.00<\/td><\/tr>\n        <tr><td>N m\u00e1x<\/td><td><\/td><td>0.11<\/td><\/tr>\n    <\/table>\n\n    <h2><b>CARACTER\u00cdSTICAS MEC\u00c1NICAS Werkstoff 1.4845 AISI 310S UNS S31008<\/h2><\/b>\n    <table class=\"responsive-table\">\n        <tr>\n            <th>Material<\/th>\n            <th>Liga<\/th>\n            <th>Rm min (MPa)<\/th>\n            <th>Rp 0,2 min (MPa)<\/th>\n            <th>A% min<\/th>\n            <th>Z% min<\/th>\n            <th>Dureza m\u00e1x. (HB)<\/th>\n        <\/tr>\n        <tr>\n            <td>AISI 310<\/td>\n            <td>1.4845<\/td>\n            <td>500 &#8211; 700<\/td>\n            <td>250<\/td>\n            <td>35<\/td>\n            <td>55<\/td>\n            <td>192<\/td>\n        <\/tr>\n    <\/table>\n\n    <h2><b>PROPIEDADES F\u00cdSICAS Werkstoff 1.4845 AISI 310S UNS S31008<\/h2><\/b>\n    <ul>\n        <li>Peso espec\u00edfico a 20\u00b0C: 7,9 kg\/dm\u00b3<\/li>\n        <li>M\u00f3dulo de elasticidad a 20\u00b0C: 199.000 N\/mm\u00b2.<\/li>\n        <li>Conductividad t\u00e9rmica a 20\u00b0C: 15,0 W\/m.K<\/li>\n        <li>Amagn\u00e9tico<\/li>\n    <\/ul>\n\n    <h2><b>CORRESPONDENCIAS Y ESPECIFICACIONES Werkstoff 1.4845 AISI 310S UNS S31008<\/h2><\/b>\n    <ul>\n        <li>EN 10095: X8CrNi25-21<\/li>\n        <li>W: 1.4845<\/li>\n        <li>JIS: SUS310<\/li>\n        <li>AISI: 310\/310S<\/li>\n        <li>AFNOR: Z12CN25-20<\/li>\n        <li>UNS: S31008<\/li>\n    <\/ul>\n\t\t<div data-elementor-type=\"section\" data-elementor-id=\"2152\" class=\"elementor elementor-2152\" data-elementor-post-type=\"elementor_library\">\n\t\t\t<div class=\"elementor-element elementor-element-1a5312d e-flex e-con-boxed e-con e-parent\" data-id=\"1a5312d\" data-element_type=\"container\" data-e-type=\"container\">\n\t\t\t\t\t<div class=\"e-con-inner\">\n\t\t\t\t<div class=\"elementor-element elementor-element-703a4b7 elementor-widget elementor-widget-spacer\" data-id=\"703a4b7\" data-element_type=\"widget\" data-e-type=\"widget\" data-widget_type=\"spacer.default\">\n\t\t\t\t<div class=\"elementor-widget-container\">\n\t\t\t\t\t\t\t<div class=\"elementor-spacer\">\n\t\t\t<div class=\"elementor-spacer-inner\"><\/div>\n\t\t<\/div>\n\t\t\t\t\t\t<\/div>\n\t\t\t\t<\/div>\n\t\t\t\t\t<\/div>\n\t\t\t\t<\/div>\n\t\t\t\t<\/div>\n\t\t\t\t\t\t\t\t\t\t<\/div>\n\t\t\t\t<\/div>\n\t\t\t\t\t<\/div>\n\t\t\t\t<\/div>\n\t\t\t\t<\/div>\n\t\t","protected":false},"excerpt":{"rendered":"<p>Werkstoff 1.4845 AISI 310S UNS S31008 El acero inoxidable austen\u00edtico Werkstoff 1.4845 AISI 310S UNS S31008 es un acero adecuado para aplicaciones de alta temperatura. Con una temperatura m\u00e1xima de servicio en ambientes oxidantes de 1.050\u00b0C. Sus caracter\u00edsticas lo hacen ideal para la fabricaci\u00f3n de componentes de hornos y calderas industriales tuber\u00edas y fuelles de [&hellip;]<\/p>\n","protected":false},"author":1,"featured_media":0,"parent":4513,"menu_order":0,"comment_status":"closed","ping_status":"closed","template":"","meta":{"footnotes":""},"class_list":["post-5416","page","type-page","status-publish","hentry"],"yoast_head":"<!-- This site is optimized with the Yoast SEO plugin v27.4 - https:\/\/yoast.com\/product\/yoast-seo-wordpress\/ -->\n<title>Acero inoxidable Werkstoff 1.4845 AISI 310S UNS S31008 - M.F. INOX<\/title>\n<meta name=\"robots\" content=\"index, follow, max-snippet:-1, max-image-preview:large, max-video-preview:-1\" \/>\n<link rel=\"canonical\" href=\"https:\/\/mfinox.com\/es\/materiales\/acero-inoxidable-werkstoff-1-4845-aisi-310s-uns-s31008\/\" \/>\n<meta property=\"og:locale\" content=\"es_ES\" \/>\n<meta property=\"og:type\" content=\"article\" \/>\n<meta property=\"og:title\" content=\"Acero inoxidable Werkstoff 1.4845 AISI 310S UNS S31008 - M.F. INOX\" \/>\n<meta property=\"og:description\" content=\"Werkstoff 1.4845 AISI 310S UNS S31008 El acero inoxidable austen\u00edtico Werkstoff 1.4845 AISI 310S UNS S31008 es un acero adecuado para aplicaciones de alta temperatura. Con una temperatura m\u00e1xima de servicio en ambientes oxidantes de 1.050\u00b0C. Sus caracter\u00edsticas lo hacen ideal para la fabricaci\u00f3n de componentes de hornos y calderas industriales tuber\u00edas y fuelles de [&hellip;]\" \/>\n<meta property=\"og:url\" content=\"https:\/\/mfinox.com\/es\/materiales\/acero-inoxidable-werkstoff-1-4845-aisi-310s-uns-s31008\/\" \/>\n<meta property=\"og:site_name\" content=\"M.F. INOX\" \/>\n<meta property=\"article:modified_time\" content=\"2024-09-04T10:34:00+00:00\" \/>\n<meta name=\"twitter:card\" content=\"summary_large_image\" \/>\n<meta name=\"twitter:label1\" content=\"Tiempo de lectura\" \/>\n\t<meta name=\"twitter:data1\" content=\"1 minuto\" \/>\n<script type=\"application\/ld+json\" class=\"yoast-schema-graph\">{\"@context\":\"https:\\\/\\\/schema.org\",\"@graph\":[{\"@type\":\"WebPage\",\"@id\":\"https:\\\/\\\/mfinox.com\\\/es\\\/materiales\\\/acero-inoxidable-werkstoff-1-4845-aisi-310s-uns-s31008\\\/\",\"url\":\"https:\\\/\\\/mfinox.com\\\/es\\\/materiales\\\/acero-inoxidable-werkstoff-1-4845-aisi-310s-uns-s31008\\\/\",\"name\":\"Acero inoxidable Werkstoff 1.4845 AISI 310S UNS S31008 - M.F. INOX\",\"isPartOf\":{\"@id\":\"https:\\\/\\\/mfinox.com\\\/es\\\/#website\"},\"datePublished\":\"2024-05-24T16:15:30+00:00\",\"dateModified\":\"2024-09-04T10:34:00+00:00\",\"breadcrumb\":{\"@id\":\"https:\\\/\\\/mfinox.com\\\/es\\\/materiales\\\/acero-inoxidable-werkstoff-1-4845-aisi-310s-uns-s31008\\\/#breadcrumb\"},\"inLanguage\":\"es\",\"potentialAction\":[{\"@type\":\"ReadAction\",\"target\":[\"https:\\\/\\\/mfinox.com\\\/es\\\/materiales\\\/acero-inoxidable-werkstoff-1-4845-aisi-310s-uns-s31008\\\/\"]}]},{\"@type\":\"BreadcrumbList\",\"@id\":\"https:\\\/\\\/mfinox.com\\\/es\\\/materiales\\\/acero-inoxidable-werkstoff-1-4845-aisi-310s-uns-s31008\\\/#breadcrumb\",\"itemListElement\":[{\"@type\":\"ListItem\",\"position\":1,\"name\":\"Home\",\"item\":\"https:\\\/\\\/mfinox.com\\\/es\\\/\"},{\"@type\":\"ListItem\",\"position\":2,\"name\":\"Materiales\",\"item\":\"https:\\\/\\\/mfinox.com\\\/es\\\/materiales\\\/\"},{\"@type\":\"ListItem\",\"position\":3,\"name\":\"Acero inoxidable Werkstoff 1.4845 AISI 310S UNS S31008\"}]},{\"@type\":\"WebSite\",\"@id\":\"https:\\\/\\\/mfinox.com\\\/es\\\/#website\",\"url\":\"https:\\\/\\\/mfinox.com\\\/es\\\/\",\"name\":\"M.F. INOX\",\"description\":\"\",\"publisher\":{\"@id\":\"https:\\\/\\\/mfinox.com\\\/es\\\/#organization\"},\"potentialAction\":[{\"@type\":\"SearchAction\",\"target\":{\"@type\":\"EntryPoint\",\"urlTemplate\":\"https:\\\/\\\/mfinox.com\\\/es\\\/?s={search_term_string}\"},\"query-input\":{\"@type\":\"PropertyValueSpecification\",\"valueRequired\":true,\"valueName\":\"search_term_string\"}}],\"inLanguage\":\"es\"},{\"@type\":\"Organization\",\"@id\":\"https:\\\/\\\/mfinox.com\\\/es\\\/#organization\",\"name\":\"M.F. INOX\",\"url\":\"https:\\\/\\\/mfinox.com\\\/es\\\/\",\"logo\":{\"@type\":\"ImageObject\",\"inLanguage\":\"es\",\"@id\":\"https:\\\/\\\/mfinox.com\\\/es\\\/#\\\/schema\\\/logo\\\/image\\\/\",\"url\":\"https:\\\/\\\/mfinox.com\\\/wp-content\\\/uploads\\\/2024\\\/05\\\/mf-inox_logo_neg.png\",\"contentUrl\":\"https:\\\/\\\/mfinox.com\\\/wp-content\\\/uploads\\\/2024\\\/05\\\/mf-inox_logo_neg.png\",\"width\":1949,\"height\":662,\"caption\":\"M.F. INOX\"},\"image\":{\"@id\":\"https:\\\/\\\/mfinox.com\\\/es\\\/#\\\/schema\\\/logo\\\/image\\\/\"}}]}<\/script>\n<!-- \/ Yoast SEO plugin. -->","yoast_head_json":{"title":"Acero inoxidable Werkstoff 1.4845 AISI 310S UNS S31008 - M.F. INOX","robots":{"index":"index","follow":"follow","max-snippet":"max-snippet:-1","max-image-preview":"max-image-preview:large","max-video-preview":"max-video-preview:-1"},"canonical":"https:\/\/mfinox.com\/es\/materiales\/acero-inoxidable-werkstoff-1-4845-aisi-310s-uns-s31008\/","og_locale":"es_ES","og_type":"article","og_title":"Acero inoxidable Werkstoff 1.4845 AISI 310S UNS S31008 - M.F. INOX","og_description":"Werkstoff 1.4845 AISI 310S UNS S31008 El acero inoxidable austen\u00edtico Werkstoff 1.4845 AISI 310S UNS S31008 es un acero adecuado para aplicaciones de alta temperatura. Con una temperatura m\u00e1xima de servicio en ambientes oxidantes de 1.050\u00b0C. Sus caracter\u00edsticas lo hacen ideal para la fabricaci\u00f3n de componentes de hornos y calderas industriales tuber\u00edas y fuelles de [&hellip;]","og_url":"https:\/\/mfinox.com\/es\/materiales\/acero-inoxidable-werkstoff-1-4845-aisi-310s-uns-s31008\/","og_site_name":"M.F. INOX","article_modified_time":"2024-09-04T10:34:00+00:00","twitter_card":"summary_large_image","twitter_misc":{"Tiempo de lectura":"1 minuto"},"schema":{"@context":"https:\/\/schema.org","@graph":[{"@type":"WebPage","@id":"https:\/\/mfinox.com\/es\/materiales\/acero-inoxidable-werkstoff-1-4845-aisi-310s-uns-s31008\/","url":"https:\/\/mfinox.com\/es\/materiales\/acero-inoxidable-werkstoff-1-4845-aisi-310s-uns-s31008\/","name":"Acero inoxidable Werkstoff 1.4845 AISI 310S UNS S31008 - M.F. INOX","isPartOf":{"@id":"https:\/\/mfinox.com\/es\/#website"},"datePublished":"2024-05-24T16:15:30+00:00","dateModified":"2024-09-04T10:34:00+00:00","breadcrumb":{"@id":"https:\/\/mfinox.com\/es\/materiales\/acero-inoxidable-werkstoff-1-4845-aisi-310s-uns-s31008\/#breadcrumb"},"inLanguage":"es","potentialAction":[{"@type":"ReadAction","target":["https:\/\/mfinox.com\/es\/materiales\/acero-inoxidable-werkstoff-1-4845-aisi-310s-uns-s31008\/"]}]},{"@type":"BreadcrumbList","@id":"https:\/\/mfinox.com\/es\/materiales\/acero-inoxidable-werkstoff-1-4845-aisi-310s-uns-s31008\/#breadcrumb","itemListElement":[{"@type":"ListItem","position":1,"name":"Home","item":"https:\/\/mfinox.com\/es\/"},{"@type":"ListItem","position":2,"name":"Materiales","item":"https:\/\/mfinox.com\/es\/materiales\/"},{"@type":"ListItem","position":3,"name":"Acero inoxidable Werkstoff 1.4845 AISI 310S UNS S31008"}]},{"@type":"WebSite","@id":"https:\/\/mfinox.com\/es\/#website","url":"https:\/\/mfinox.com\/es\/","name":"M.F. INOX","description":"","publisher":{"@id":"https:\/\/mfinox.com\/es\/#organization"},"potentialAction":[{"@type":"SearchAction","target":{"@type":"EntryPoint","urlTemplate":"https:\/\/mfinox.com\/es\/?s={search_term_string}"},"query-input":{"@type":"PropertyValueSpecification","valueRequired":true,"valueName":"search_term_string"}}],"inLanguage":"es"},{"@type":"Organization","@id":"https:\/\/mfinox.com\/es\/#organization","name":"M.F. INOX","url":"https:\/\/mfinox.com\/es\/","logo":{"@type":"ImageObject","inLanguage":"es","@id":"https:\/\/mfinox.com\/es\/#\/schema\/logo\/image\/","url":"https:\/\/mfinox.com\/wp-content\/uploads\/2024\/05\/mf-inox_logo_neg.png","contentUrl":"https:\/\/mfinox.com\/wp-content\/uploads\/2024\/05\/mf-inox_logo_neg.png","width":1949,"height":662,"caption":"M.F. INOX"},"image":{"@id":"https:\/\/mfinox.com\/es\/#\/schema\/logo\/image\/"}}]}},"_links":{"self":[{"href":"https:\/\/mfinox.com\/es\/wp-json\/wp\/v2\/pages\/5416","targetHints":{"allow":["GET"]}}],"collection":[{"href":"https:\/\/mfinox.com\/es\/wp-json\/wp\/v2\/pages"}],"about":[{"href":"https:\/\/mfinox.com\/es\/wp-json\/wp\/v2\/types\/page"}],"author":[{"embeddable":true,"href":"https:\/\/mfinox.com\/es\/wp-json\/wp\/v2\/users\/1"}],"replies":[{"embeddable":true,"href":"https:\/\/mfinox.com\/es\/wp-json\/wp\/v2\/comments?post=5416"}],"version-history":[{"count":0,"href":"https:\/\/mfinox.com\/es\/wp-json\/wp\/v2\/pages\/5416\/revisions"}],"up":[{"embeddable":true,"href":"https:\/\/mfinox.com\/es\/wp-json\/wp\/v2\/pages\/4513"}],"wp:attachment":[{"href":"https:\/\/mfinox.com\/es\/wp-json\/wp\/v2\/media?parent=5416"}],"curies":[{"name":"wp","href":"https:\/\/api.w.org\/{rel}","templated":true}]}}