{"id":5415,"date":"2024-05-27T12:19:42","date_gmt":"2024-05-27T12:19:42","guid":{"rendered":"https:\/\/mfinox.com\/materiales\/acero-inoxidable-werkstoff-1-4841-aisi-314-uns-s31400\/"},"modified":"2024-05-27T12:19:42","modified_gmt":"2024-05-27T12:19:42","slug":"acero-inoxidable-werkstoff-1-4841-aisi-314-uns-s31400","status":"publish","type":"page","link":"https:\/\/mfinox.com\/es\/materiales\/acero-inoxidable-werkstoff-1-4841-aisi-314-uns-s31400\/","title":{"rendered":"Acero inoxidable Werkstoff 1.4841 AISI 314 UNS S31400"},"content":{"rendered":"\n<p>El acero inoxidable austen\u00edtico Werkstoff 1.4841 AISI 314 UNS S31400 es un acero adecuado para aplicaciones de alta temperatura de hasta unos 1125 \u00b0C.<br \/>\nSus caracter\u00edsticas lo hacen ideal para la fabricaci\u00f3n de componentes de hornos y calderas industriales tuber\u00edas y fuelles de expansi\u00f3n elementos calefactores el\u00e9ctricos ingenier\u00eda aeron\u00e1utica sistemas de escape de autom\u00f3viles. <\/p>\n<h2><b>COMPOSICI\u00d3N QU\u00cdMICA Werkstoff 1.4841 AISI 314 UNS S31400<\/b><\/h2>\n<table class=\"responsive-table\">\n<tr>\n<th>Elemento<\/th>\n<th>M\u00edn<\/th>\n<th>M\u00e1x<\/th>\n<\/tr>\n<tr>\n<td>C<\/td>\n<td>&#8212;<\/td>\n<td>0.20<\/td>\n<\/tr>\n<tr>\n<td>S\u00ed<\/td>\n<td>1.50<\/td>\n<td>2.00<\/td>\n<\/tr>\n<tr>\n<td>Mn<\/td>\n<td>&#8212;<\/td>\n<td>2.00<\/td>\n<\/tr>\n<tr>\n<td>Cr<\/td>\n<td>24.00<\/td>\n<td>26.00<\/td>\n<\/tr>\n<tr>\n<td>S<\/td>\n<td>&#8212;<\/td>\n<td>0.015<\/td>\n<\/tr>\n<tr>\n<td>P<\/td>\n<td>&#8212;<\/td>\n<td>0.045<\/td>\n<\/tr>\n<tr>\n<td>Ni<\/td>\n<td>19.00<\/td>\n<td>22.00<\/td>\n<\/tr>\n<\/table>\n<h2><b>CARACTER\u00cdSTICAS MEC\u00c1NICAS Werkstoff 1.4841 AISI 314 UNS S31400<\/b><\/h2>\n<table class=\"responsive-table\">\n<tr>\n<th>Material<\/th>\n<th>Liga<\/th>\n<th>Rm min (MPa)<\/th>\n<th>Rp 0,2 min (MPa)<\/th>\n<th>A% min<\/th>\n<th>Z% min<\/th>\n<th>Dureza m\u00e1x. (HB)<\/th>\n<\/tr>\n<tr>\n<td>AISI 310<\/td>\n<td>1.4845<\/td>\n<td>500 &#8211; 700<\/td>\n<td>250<\/td>\n<td>35<\/td>\n<td>55<\/td>\n<td>192 HB<\/td>\n<\/tr>\n<\/table>\n<h2><b>PROPIEDADES F\u00cdSICAS Werkstoff 1.4841 AISI 314 UNS S31400<\/b><\/h2>\n<ul>\n<li>Peso espec\u00edfico a 20\u00b0C: 7,9 kg\/dm\u00b3<\/li>\n<li>M\u00f3dulo de elasticidad a 20\u00b0C: 200.000 N\/mm\u00b2.<\/li>\n<li>Conductividad t\u00e9rmica a 20\u00b0C: 14,0 W\/m.K<\/li>\n<li>Calor espec\u00edfico a 20\u00b0C: 500 J\/g.K<\/li>\n<li>Coeficientes de dilataci\u00f3n lineal: 17,0 (20\u00b0 &#8211; 200\u00b0C), 18,0 (20\u00b0 &#8211; 400\u00b0C), 19,0 (20\u00b0 &#8211; 600\u00b0C)<\/li>\n<li>Resistividad el\u00e9ctrica a 20\u00b0C: 0,90 \u03a9 mm\u00b2\/m<\/li>\n<li>Amagn\u00e9tico<\/li>\n<\/ul>\n<p>    &nbsp;&nbsp;<\/p>\n<h2><b>CORRESPONDENCIAS Y ESPECIFICACIONES Werkstoff 1.4841 AISI 314 UNS S31400<\/b><\/h2>\n<ul>\n<li>EN 10095: X15CrNiSi25-21<\/li>\n<li>W: 1.4841<\/li>\n<li>JIS: SUH310<\/li>\n<li>AISI: 314<\/li>\n<li>AFNOR: Z15CNS25-20<\/li>\n<li>UNS: S31400<\/li>\n<\/ul>\n\t\t<div data-elementor-type=\"section\" data-elementor-id=\"2152\" class=\"elementor elementor-2152\" data-elementor-post-type=\"elementor_library\">\n\t\t\t<div class=\"elementor-element elementor-element-1a5312d e-flex e-con-boxed e-con e-parent\" data-id=\"1a5312d\" data-element_type=\"container\" data-e-type=\"container\">\n\t\t\t\t\t<div class=\"e-con-inner\">\n\t\t\t\t<div class=\"elementor-element elementor-element-703a4b7 elementor-widget elementor-widget-spacer\" data-id=\"703a4b7\" data-element_type=\"widget\" data-e-type=\"widget\" data-widget_type=\"spacer.default\">\n\t\t\t\t<div class=\"elementor-widget-container\">\n\t\t\t\t\t\t\t<div class=\"elementor-spacer\">\n\t\t\t<div class=\"elementor-spacer-inner\"><\/div>\n\t\t<\/div>\n\t\t\t\t\t\t<\/div>\n\t\t\t\t<\/div>\n\t\t\t\t\t<\/div>\n\t\t\t\t<\/div>\n\t\t\t\t<\/div>\n\t\t\n","protected":false},"excerpt":{"rendered":"<p>El acero inoxidable austen\u00edtico Werkstoff 1.4841 AISI 314 UNS S31400 es un acero adecuado para aplicaciones de alta temperatura de hasta unos 1125 \u00b0C. Sus caracter\u00edsticas lo hacen ideal para la fabricaci\u00f3n de componentes de hornos y calderas industriales tuber\u00edas y fuelles de expansi\u00f3n elementos calefactores el\u00e9ctricos ingenier\u00eda aeron\u00e1utica sistemas de escape de autom\u00f3viles. COMPOSICI\u00d3N [&hellip;]<\/p>\n","protected":false},"author":1,"featured_media":0,"parent":4513,"menu_order":0,"comment_status":"closed","ping_status":"closed","template":"","meta":{"footnotes":""},"class_list":["post-5415","page","type-page","status-publish","hentry"],"yoast_head":"<!-- This site is optimized with the Yoast SEO plugin v27.4 - https:\/\/yoast.com\/product\/yoast-seo-wordpress\/ -->\n<title>Acero inoxidable Werkstoff 1.4841 AISI 314 UNS S31400 - M.F. INOX<\/title>\n<meta name=\"robots\" content=\"index, follow, max-snippet:-1, max-image-preview:large, max-video-preview:-1\" \/>\n<link rel=\"canonical\" href=\"https:\/\/mfinox.com\/es\/materiales\/acero-inoxidable-werkstoff-1-4841-aisi-314-uns-s31400\/\" \/>\n<meta property=\"og:locale\" content=\"es_ES\" \/>\n<meta property=\"og:type\" content=\"article\" \/>\n<meta property=\"og:title\" content=\"Acero inoxidable Werkstoff 1.4841 AISI 314 UNS S31400 - M.F. INOX\" \/>\n<meta property=\"og:description\" content=\"El acero inoxidable austen\u00edtico Werkstoff 1.4841 AISI 314 UNS S31400 es un acero adecuado para aplicaciones de alta temperatura de hasta unos 1125 \u00b0C. Sus caracter\u00edsticas lo hacen ideal para la fabricaci\u00f3n de componentes de hornos y calderas industriales tuber\u00edas y fuelles de expansi\u00f3n elementos calefactores el\u00e9ctricos ingenier\u00eda aeron\u00e1utica sistemas de escape de autom\u00f3viles. COMPOSICI\u00d3N [&hellip;]\" \/>\n<meta property=\"og:url\" content=\"https:\/\/mfinox.com\/es\/materiales\/acero-inoxidable-werkstoff-1-4841-aisi-314-uns-s31400\/\" \/>\n<meta property=\"og:site_name\" content=\"M.F. INOX\" \/>\n<meta name=\"twitter:card\" content=\"summary_large_image\" \/>\n<meta name=\"twitter:label1\" content=\"Tiempo de lectura\" \/>\n\t<meta name=\"twitter:data1\" content=\"1 minuto\" \/>\n<script type=\"application\/ld+json\" class=\"yoast-schema-graph\">{\"@context\":\"https:\\\/\\\/schema.org\",\"@graph\":[{\"@type\":\"WebPage\",\"@id\":\"https:\\\/\\\/mfinox.com\\\/es\\\/materiales\\\/acero-inoxidable-werkstoff-1-4841-aisi-314-uns-s31400\\\/\",\"url\":\"https:\\\/\\\/mfinox.com\\\/es\\\/materiales\\\/acero-inoxidable-werkstoff-1-4841-aisi-314-uns-s31400\\\/\",\"name\":\"Acero inoxidable Werkstoff 1.4841 AISI 314 UNS S31400 - M.F. INOX\",\"isPartOf\":{\"@id\":\"https:\\\/\\\/mfinox.com\\\/es\\\/#website\"},\"datePublished\":\"2024-05-27T12:19:42+00:00\",\"breadcrumb\":{\"@id\":\"https:\\\/\\\/mfinox.com\\\/es\\\/materiales\\\/acero-inoxidable-werkstoff-1-4841-aisi-314-uns-s31400\\\/#breadcrumb\"},\"inLanguage\":\"es\",\"potentialAction\":[{\"@type\":\"ReadAction\",\"target\":[\"https:\\\/\\\/mfinox.com\\\/es\\\/materiales\\\/acero-inoxidable-werkstoff-1-4841-aisi-314-uns-s31400\\\/\"]}]},{\"@type\":\"BreadcrumbList\",\"@id\":\"https:\\\/\\\/mfinox.com\\\/es\\\/materiales\\\/acero-inoxidable-werkstoff-1-4841-aisi-314-uns-s31400\\\/#breadcrumb\",\"itemListElement\":[{\"@type\":\"ListItem\",\"position\":1,\"name\":\"Home\",\"item\":\"https:\\\/\\\/mfinox.com\\\/es\\\/\"},{\"@type\":\"ListItem\",\"position\":2,\"name\":\"Materiales\",\"item\":\"https:\\\/\\\/mfinox.com\\\/es\\\/materiales\\\/\"},{\"@type\":\"ListItem\",\"position\":3,\"name\":\"Acero inoxidable Werkstoff 1.4841 AISI 314 UNS S31400\"}]},{\"@type\":\"WebSite\",\"@id\":\"https:\\\/\\\/mfinox.com\\\/es\\\/#website\",\"url\":\"https:\\\/\\\/mfinox.com\\\/es\\\/\",\"name\":\"M.F. INOX\",\"description\":\"\",\"publisher\":{\"@id\":\"https:\\\/\\\/mfinox.com\\\/es\\\/#organization\"},\"potentialAction\":[{\"@type\":\"SearchAction\",\"target\":{\"@type\":\"EntryPoint\",\"urlTemplate\":\"https:\\\/\\\/mfinox.com\\\/es\\\/?s={search_term_string}\"},\"query-input\":{\"@type\":\"PropertyValueSpecification\",\"valueRequired\":true,\"valueName\":\"search_term_string\"}}],\"inLanguage\":\"es\"},{\"@type\":\"Organization\",\"@id\":\"https:\\\/\\\/mfinox.com\\\/es\\\/#organization\",\"name\":\"M.F. INOX\",\"url\":\"https:\\\/\\\/mfinox.com\\\/es\\\/\",\"logo\":{\"@type\":\"ImageObject\",\"inLanguage\":\"es\",\"@id\":\"https:\\\/\\\/mfinox.com\\\/es\\\/#\\\/schema\\\/logo\\\/image\\\/\",\"url\":\"https:\\\/\\\/mfinox.com\\\/wp-content\\\/uploads\\\/2024\\\/05\\\/mf-inox_logo_neg.png\",\"contentUrl\":\"https:\\\/\\\/mfinox.com\\\/wp-content\\\/uploads\\\/2024\\\/05\\\/mf-inox_logo_neg.png\",\"width\":1949,\"height\":662,\"caption\":\"M.F. INOX\"},\"image\":{\"@id\":\"https:\\\/\\\/mfinox.com\\\/es\\\/#\\\/schema\\\/logo\\\/image\\\/\"}}]}<\/script>\n<!-- \/ Yoast SEO plugin. -->","yoast_head_json":{"title":"Acero inoxidable Werkstoff 1.4841 AISI 314 UNS S31400 - M.F. INOX","robots":{"index":"index","follow":"follow","max-snippet":"max-snippet:-1","max-image-preview":"max-image-preview:large","max-video-preview":"max-video-preview:-1"},"canonical":"https:\/\/mfinox.com\/es\/materiales\/acero-inoxidable-werkstoff-1-4841-aisi-314-uns-s31400\/","og_locale":"es_ES","og_type":"article","og_title":"Acero inoxidable Werkstoff 1.4841 AISI 314 UNS S31400 - M.F. INOX","og_description":"El acero inoxidable austen\u00edtico Werkstoff 1.4841 AISI 314 UNS S31400 es un acero adecuado para aplicaciones de alta temperatura de hasta unos 1125 \u00b0C. Sus caracter\u00edsticas lo hacen ideal para la fabricaci\u00f3n de componentes de hornos y calderas industriales tuber\u00edas y fuelles de expansi\u00f3n elementos calefactores el\u00e9ctricos ingenier\u00eda aeron\u00e1utica sistemas de escape de autom\u00f3viles. COMPOSICI\u00d3N [&hellip;]","og_url":"https:\/\/mfinox.com\/es\/materiales\/acero-inoxidable-werkstoff-1-4841-aisi-314-uns-s31400\/","og_site_name":"M.F. INOX","twitter_card":"summary_large_image","twitter_misc":{"Tiempo de lectura":"1 minuto"},"schema":{"@context":"https:\/\/schema.org","@graph":[{"@type":"WebPage","@id":"https:\/\/mfinox.com\/es\/materiales\/acero-inoxidable-werkstoff-1-4841-aisi-314-uns-s31400\/","url":"https:\/\/mfinox.com\/es\/materiales\/acero-inoxidable-werkstoff-1-4841-aisi-314-uns-s31400\/","name":"Acero inoxidable Werkstoff 1.4841 AISI 314 UNS S31400 - M.F. INOX","isPartOf":{"@id":"https:\/\/mfinox.com\/es\/#website"},"datePublished":"2024-05-27T12:19:42+00:00","breadcrumb":{"@id":"https:\/\/mfinox.com\/es\/materiales\/acero-inoxidable-werkstoff-1-4841-aisi-314-uns-s31400\/#breadcrumb"},"inLanguage":"es","potentialAction":[{"@type":"ReadAction","target":["https:\/\/mfinox.com\/es\/materiales\/acero-inoxidable-werkstoff-1-4841-aisi-314-uns-s31400\/"]}]},{"@type":"BreadcrumbList","@id":"https:\/\/mfinox.com\/es\/materiales\/acero-inoxidable-werkstoff-1-4841-aisi-314-uns-s31400\/#breadcrumb","itemListElement":[{"@type":"ListItem","position":1,"name":"Home","item":"https:\/\/mfinox.com\/es\/"},{"@type":"ListItem","position":2,"name":"Materiales","item":"https:\/\/mfinox.com\/es\/materiales\/"},{"@type":"ListItem","position":3,"name":"Acero inoxidable Werkstoff 1.4841 AISI 314 UNS S31400"}]},{"@type":"WebSite","@id":"https:\/\/mfinox.com\/es\/#website","url":"https:\/\/mfinox.com\/es\/","name":"M.F. INOX","description":"","publisher":{"@id":"https:\/\/mfinox.com\/es\/#organization"},"potentialAction":[{"@type":"SearchAction","target":{"@type":"EntryPoint","urlTemplate":"https:\/\/mfinox.com\/es\/?s={search_term_string}"},"query-input":{"@type":"PropertyValueSpecification","valueRequired":true,"valueName":"search_term_string"}}],"inLanguage":"es"},{"@type":"Organization","@id":"https:\/\/mfinox.com\/es\/#organization","name":"M.F. INOX","url":"https:\/\/mfinox.com\/es\/","logo":{"@type":"ImageObject","inLanguage":"es","@id":"https:\/\/mfinox.com\/es\/#\/schema\/logo\/image\/","url":"https:\/\/mfinox.com\/wp-content\/uploads\/2024\/05\/mf-inox_logo_neg.png","contentUrl":"https:\/\/mfinox.com\/wp-content\/uploads\/2024\/05\/mf-inox_logo_neg.png","width":1949,"height":662,"caption":"M.F. INOX"},"image":{"@id":"https:\/\/mfinox.com\/es\/#\/schema\/logo\/image\/"}}]}},"_links":{"self":[{"href":"https:\/\/mfinox.com\/es\/wp-json\/wp\/v2\/pages\/5415","targetHints":{"allow":["GET"]}}],"collection":[{"href":"https:\/\/mfinox.com\/es\/wp-json\/wp\/v2\/pages"}],"about":[{"href":"https:\/\/mfinox.com\/es\/wp-json\/wp\/v2\/types\/page"}],"author":[{"embeddable":true,"href":"https:\/\/mfinox.com\/es\/wp-json\/wp\/v2\/users\/1"}],"replies":[{"embeddable":true,"href":"https:\/\/mfinox.com\/es\/wp-json\/wp\/v2\/comments?post=5415"}],"version-history":[{"count":0,"href":"https:\/\/mfinox.com\/es\/wp-json\/wp\/v2\/pages\/5415\/revisions"}],"up":[{"embeddable":true,"href":"https:\/\/mfinox.com\/es\/wp-json\/wp\/v2\/pages\/4513"}],"wp:attachment":[{"href":"https:\/\/mfinox.com\/es\/wp-json\/wp\/v2\/media?parent=5415"}],"curies":[{"name":"wp","href":"https:\/\/api.w.org\/{rel}","templated":true}]}}