{"id":5400,"date":"2024-05-27T11:36:18","date_gmt":"2024-05-27T11:36:18","guid":{"rendered":"https:\/\/mfinox.com\/materiales\/acero-inoxidable-w-1-4529-aisi-926-uns-n08926\/"},"modified":"2024-09-04T10:24:42","modified_gmt":"2024-09-04T10:24:42","slug":"acero-inoxidable-w-1-4529-aisi-926-uns-n08926-2","status":"publish","type":"page","link":"https:\/\/mfinox.com\/es\/materiales\/acero-inoxidable-w-1-4529-aisi-926-uns-n08926-2\/","title":{"rendered":"ACERO INOXIDABLE W 1.4529 AISI 926 UNS N08926"},"content":{"rendered":"\t\t<div data-elementor-type=\"wp-page\" data-elementor-id=\"5400\" class=\"elementor elementor-5400 elementor-1738\" data-elementor-post-type=\"page\">\n\t\t\t\t<div class=\"elementor-element elementor-element-7fca548 e-flex e-con-boxed e-con e-parent\" data-id=\"7fca548\" data-element_type=\"container\" data-e-type=\"container\" data-settings=\"{&quot;background_background&quot;:&quot;classic&quot;}\">\n\t\t\t\t\t<div class=\"e-con-inner\">\n\t\t\t\t<div class=\"elementor-element elementor-element-3d9645ce titolo-materiali elementor-invisible elementor-widget elementor-widget-heading\" data-id=\"3d9645ce\" data-element_type=\"widget\" data-e-type=\"widget\" data-settings=\"{&quot;_animation&quot;:&quot;fadeIn&quot;}\" data-widget_type=\"heading.default\">\n\t\t\t\t<div class=\"elementor-widget-container\">\n\t\t\t\t\t<h1 class=\"elementor-heading-title elementor-size-default\">WERKSTOFF 1.4529 AISI 926 UNS N08926<\/h1>\t\t\t\t<\/div>\n\t\t\t\t<\/div>\n\t\t\t\t<div class=\"elementor-element elementor-element-101db8e5 elementor-invisible elementor-widget elementor-widget-shortcode\" data-id=\"101db8e5\" data-element_type=\"widget\" data-e-type=\"widget\" data-settings=\"{&quot;_animation&quot;:&quot;fadeIn&quot;}\" data-widget_type=\"shortcode.default\">\n\t\t\t\t<div class=\"elementor-widget-container\">\n\t\t\t\t\t\t\t<div class=\"elementor-shortcode\"><nav aria-label=\"breadcrumb\"><div class=\"breadcrumb\"><span class=\"breadcrumb-item\"><a href=\"https:\/\/mfinox.com\/es\/\" style=\"color: #F3912E;\">Home<\/a><\/span><\/div><\/nav><\/div>\n\t\t\t\t\t\t<\/div>\n\t\t\t\t<\/div>\n\t\t\t\t\t<\/div>\n\t\t\t\t<\/div>\n\t\t<div class=\"elementor-element elementor-element-7fd3c22c e-flex e-con-boxed elementor-invisible e-con e-parent\" data-id=\"7fd3c22c\" data-element_type=\"container\" data-e-type=\"container\" data-settings=\"{&quot;animation&quot;:&quot;fadeInUp&quot;}\">\n\t\t\t\t\t<div class=\"e-con-inner\">\n\t\t\t\t<div class=\"elementor-element elementor-element-7901ca1c elementor-widget elementor-widget-text-editor\" data-id=\"7901ca1c\" data-element_type=\"widget\" data-e-type=\"widget\" data-widget_type=\"text-editor.default\">\n\t\t\t\t<div class=\"elementor-widget-container\">\n\t\t\t\t\t\t\t\t\tEl acero inoxidable superausten\u00edtico W 1.4529 AISI 926 UNS N08926 es similar al 316L pero con la adici\u00f3n de molibdeno, lo que le confiere una resistencia superior al ataque por corrosi\u00f3n localizada (corrosi\u00f3n por picaduras y grietas).\nCon un valor PREN entre 41 y 48, es adecuado para aplicaciones en agua de mar caliente y otros entornos con alto contenido en cloruros.  El alto contenido de n\u00edquel da como resultado una mejor resistencia a la corrosi\u00f3n bajo tensi\u00f3n que los grados austen\u00edticos est\u00e1ndar. El cobre de la aleaci\u00f3n a\u00f1ade resistencia al \u00e1cido sulf\u00farico y a otros \u00e1cidos reductores, sobre todo en la gama muy agresiva de \u00abconcentraci\u00f3n media\u00bb. En la mayor\u00eda de los entornos, el acero W 1.4529 AISI 926 UNS N08926 tiene un comportamiento frente a la corrosi\u00f3n intermedio entre el grado austen\u00edtico est\u00e1ndar 316L y los grados ricos en molibdeno (alrededor del 6%) o superausten\u00edticos. Las normas EN ISO 3506-1 y EN 3506-2 clasifican este material como A8 apto para aplicaciones estructurales seg\u00fan la norma DIN-EN 1993-1-4:2015-10\/EUROCODE 3-ANNEX A clases CRC. Encuentra aplicaci\u00f3n en sistemas de tuber\u00edas, equipos de control de la contaminaci\u00f3n, intercambiadores de calor y sistemas de blanqueo.  <h2><b>COMPOSICI\u00d3N QU\u00cdMICA W 1.4529 AISI 926 UNS N08926<\/b><\/h2>\n<table class=\"responsive-table\">\n<tbody>\n<tr>\n<th>Elemento<\/th><th>M\u00edn<\/th><th>M\u00e1x<\/th>\n<\/tr>\n<tr>\n<td>C<\/td><td><\/td><td>0.02<\/td>\n<\/tr>\n<tr>\n<td>S<\/td><td><\/td><td>0.0010<\/td>\n<\/tr>\n<tr>\n<td>P<\/td><td><\/td><td>0.0030<\/td>\n<\/tr>\n<tr>\n<td>S\u00ed<\/td><td><\/td><td>0.50<\/td>\n<\/tr>\n<tr>\n<td>Mn<\/td><td><\/td><td>1.00<\/td>\n<\/tr>\n<tr>\n<td>Cr<\/td><td>19.00<\/td><td>21.00<\/td>\n<\/tr>\n<tr>\n<td>Ni<\/td><td>24.00<\/td><td>26.00<\/td>\n<\/tr>\n<tr>\n<td>Mo<\/td><td>6.00<\/td><td>7.00<\/td>\n<\/tr>\n<tr>\n<td>Cu<\/td><td>0.50<\/td><td>1.00<\/td>\n<\/tr>\n<tr>\n<td>N<\/td><td>0.15<\/td><td>0.25<\/td>\n<\/tr>\n<\/tbody>\n<\/table>\n<h2><b>CARACTER\u00cdSTICAS MEC\u00c1NICAS W 1.4529 AISI 926 UNS N08926<\/b><\/h2>\n<table class=\"responsive-table\">\n<tbody>\n<tr>\n<th>Material<\/th>\n<th>Liga<\/th>\n<th>Rm (MPa)<\/th>\n<th>Rp 0,2 min (MPa)<\/th>\n<th>A% min<\/th>\n<th>Dureza m\u00e1x.<\/th>\n<\/tr>\n<tr>\n<td>AISI 926 UNS N08926<\/td>\n<td>1.4529<\/td>\n<td>650-850<\/td>\n<td>300<\/td>\n<td>35<\/td>\n<td>250<\/td>\n<\/tr>\n<\/tbody>\n<\/table>\n<h2><b>PROPIEDADES F\u00cdSICAS W 1.4529 AISI 926 UNS N08926<\/b><\/h2>\n<ul>\n \t<li>Peso espec\u00edfico: Kg\/cm\u00b3 20\u00b0C &#8211; 8,1 Kg\/dm\u00b3<\/li>\n \t<li>M\u00f3dulo de elasticidad: N\/mm\u00b2 20\u00b0C &#8211; 195.000<\/li>\n \t<li>Conductividad t\u00e9rmica: W\/m.K. (20\u00b0C) &#8211; 12<\/li>\n \t<li>Calor espec\u00edfico: J\/g.K. (20\u00b0C) &#8211; 450<\/li>\n \t<li>Amagn\u00e9tico<\/li>\n<\/ul>\n&nbsp;\n<h2><b>ESPECIFICACIONES Y DESIGNACIONES W 1.4529 AISI 926 UNS N08921<\/b><\/h2>\n<ul>\n \t<li>W.: 1.4529<\/li>\n \t<li>UNS: N08926<\/li>\n \t<li>AISI: 926<\/li>\n \t<li>ES: X1NiCrMoCuN25-20-7<\/li>\n \t<li>ASME: SB649<\/li>\n \t<li>MARCA: Cronifer\u00ae 1925hMo<\/li>\n \t<li>EN 3506<\/li>\n \t<li>DIN EN: 1993-1-4:2015-10<\/li>\n \t<li>NACE: MR0175<\/li>\n<\/ul>\n\t\t<div data-elementor-type=\"section\" data-elementor-id=\"2152\" class=\"elementor elementor-2152\" data-elementor-post-type=\"elementor_library\">\n\t\t\t<div class=\"elementor-element elementor-element-1a5312d e-flex e-con-boxed e-con e-parent\" data-id=\"1a5312d\" data-element_type=\"container\" data-e-type=\"container\">\n\t\t\t\t\t<div class=\"e-con-inner\">\n\t\t\t\t<div class=\"elementor-element elementor-element-703a4b7 elementor-widget elementor-widget-spacer\" data-id=\"703a4b7\" data-element_type=\"widget\" data-e-type=\"widget\" data-widget_type=\"spacer.default\">\n\t\t\t\t<div class=\"elementor-widget-container\">\n\t\t\t\t\t\t\t<div class=\"elementor-spacer\">\n\t\t\t<div class=\"elementor-spacer-inner\"><\/div>\n\t\t<\/div>\n\t\t\t\t\t\t<\/div>\n\t\t\t\t<\/div>\n\t\t\t\t\t<\/div>\n\t\t\t\t<\/div>\n\t\t\t\t<\/div>\n\t\t\t\t\t\t\t\t\t\t<\/div>\n\t\t\t\t<\/div>\n\t\t\t\t\t<\/div>\n\t\t\t\t<\/div>\n\t\t\t\t<\/div>\n\t\t","protected":false},"excerpt":{"rendered":"<p>WERKSTOFF 1.4529 AISI 926 UNS N08926 El acero inoxidable superausten\u00edtico W 1.4529 AISI 926 UNS N08926 es similar al 316L pero con la adici\u00f3n de molibdeno, lo que le confiere una resistencia superior al ataque por corrosi\u00f3n localizada (corrosi\u00f3n por picaduras y grietas). Con un valor PREN entre 41 y 48, es adecuado para aplicaciones [&hellip;]<\/p>\n","protected":false},"author":1,"featured_media":0,"parent":4513,"menu_order":0,"comment_status":"closed","ping_status":"closed","template":"","meta":{"footnotes":""},"class_list":["post-5400","page","type-page","status-publish","hentry"],"yoast_head":"<!-- This site is optimized with the Yoast SEO plugin v27.6 - https:\/\/yoast.com\/product\/yoast-seo-wordpress\/ -->\n<title>ACERO INOXIDABLE W 1.4529 AISI 926 UNS N08926 - M.F. INOX<\/title>\n<meta name=\"robots\" content=\"index, follow, max-snippet:-1, max-image-preview:large, max-video-preview:-1\" \/>\n<link rel=\"canonical\" href=\"https:\/\/mfinox.com\/es\/materiales\/acero-inoxidable-w-1-4529-aisi-926-uns-n08926-2\/\" \/>\n<meta property=\"og:locale\" content=\"es_ES\" \/>\n<meta property=\"og:type\" content=\"article\" \/>\n<meta property=\"og:title\" content=\"ACERO INOXIDABLE W 1.4529 AISI 926 UNS N08926 - M.F. INOX\" \/>\n<meta property=\"og:description\" content=\"WERKSTOFF 1.4529 AISI 926 UNS N08926 El acero inoxidable superausten\u00edtico W 1.4529 AISI 926 UNS N08926 es similar al 316L pero con la adici\u00f3n de molibdeno, lo que le confiere una resistencia superior al ataque por corrosi\u00f3n localizada (corrosi\u00f3n por picaduras y grietas). Con un valor PREN entre 41 y 48, es adecuado para aplicaciones [&hellip;]\" \/>\n<meta property=\"og:url\" content=\"https:\/\/mfinox.com\/es\/materiales\/acero-inoxidable-w-1-4529-aisi-926-uns-n08926-2\/\" \/>\n<meta property=\"og:site_name\" content=\"M.F. INOX\" \/>\n<meta property=\"article:modified_time\" content=\"2024-09-04T10:24:42+00:00\" \/>\n<meta name=\"twitter:card\" content=\"summary_large_image\" \/>\n<meta name=\"twitter:label1\" content=\"Tiempo de lectura\" \/>\n\t<meta name=\"twitter:data1\" content=\"2 minutos\" \/>\n<script type=\"application\/ld+json\" class=\"yoast-schema-graph\">{\"@context\":\"https:\\\/\\\/schema.org\",\"@graph\":[{\"@type\":\"WebPage\",\"@id\":\"https:\\\/\\\/mfinox.com\\\/es\\\/materiales\\\/acero-inoxidable-w-1-4529-aisi-926-uns-n08926-2\\\/\",\"url\":\"https:\\\/\\\/mfinox.com\\\/es\\\/materiales\\\/acero-inoxidable-w-1-4529-aisi-926-uns-n08926-2\\\/\",\"name\":\"ACERO INOXIDABLE W 1.4529 AISI 926 UNS N08926 - M.F. INOX\",\"isPartOf\":{\"@id\":\"https:\\\/\\\/mfinox.com\\\/es\\\/#website\"},\"datePublished\":\"2024-05-27T11:36:18+00:00\",\"dateModified\":\"2024-09-04T10:24:42+00:00\",\"breadcrumb\":{\"@id\":\"https:\\\/\\\/mfinox.com\\\/es\\\/materiales\\\/acero-inoxidable-w-1-4529-aisi-926-uns-n08926-2\\\/#breadcrumb\"},\"inLanguage\":\"es\",\"potentialAction\":[{\"@type\":\"ReadAction\",\"target\":[\"https:\\\/\\\/mfinox.com\\\/es\\\/materiales\\\/acero-inoxidable-w-1-4529-aisi-926-uns-n08926-2\\\/\"]}]},{\"@type\":\"BreadcrumbList\",\"@id\":\"https:\\\/\\\/mfinox.com\\\/es\\\/materiales\\\/acero-inoxidable-w-1-4529-aisi-926-uns-n08926-2\\\/#breadcrumb\",\"itemListElement\":[{\"@type\":\"ListItem\",\"position\":1,\"name\":\"Home\",\"item\":\"https:\\\/\\\/mfinox.com\\\/es\\\/\"},{\"@type\":\"ListItem\",\"position\":2,\"name\":\"Materiales\",\"item\":\"https:\\\/\\\/mfinox.com\\\/es\\\/materiales\\\/\"},{\"@type\":\"ListItem\",\"position\":3,\"name\":\"ACERO INOXIDABLE W 1.4529 AISI 926 UNS N08926\"}]},{\"@type\":\"WebSite\",\"@id\":\"https:\\\/\\\/mfinox.com\\\/es\\\/#website\",\"url\":\"https:\\\/\\\/mfinox.com\\\/es\\\/\",\"name\":\"M.F. INOX\",\"description\":\"\",\"publisher\":{\"@id\":\"https:\\\/\\\/mfinox.com\\\/es\\\/#organization\"},\"potentialAction\":[{\"@type\":\"SearchAction\",\"target\":{\"@type\":\"EntryPoint\",\"urlTemplate\":\"https:\\\/\\\/mfinox.com\\\/es\\\/?s={search_term_string}\"},\"query-input\":{\"@type\":\"PropertyValueSpecification\",\"valueRequired\":true,\"valueName\":\"search_term_string\"}}],\"inLanguage\":\"es\"},{\"@type\":\"Organization\",\"@id\":\"https:\\\/\\\/mfinox.com\\\/es\\\/#organization\",\"name\":\"M.F. INOX\",\"url\":\"https:\\\/\\\/mfinox.com\\\/es\\\/\",\"logo\":{\"@type\":\"ImageObject\",\"inLanguage\":\"es\",\"@id\":\"https:\\\/\\\/mfinox.com\\\/es\\\/#\\\/schema\\\/logo\\\/image\\\/\",\"url\":\"https:\\\/\\\/mfinox.com\\\/wp-content\\\/uploads\\\/2024\\\/05\\\/mf-inox_logo_neg.png\",\"contentUrl\":\"https:\\\/\\\/mfinox.com\\\/wp-content\\\/uploads\\\/2024\\\/05\\\/mf-inox_logo_neg.png\",\"width\":1949,\"height\":662,\"caption\":\"M.F. INOX\"},\"image\":{\"@id\":\"https:\\\/\\\/mfinox.com\\\/es\\\/#\\\/schema\\\/logo\\\/image\\\/\"}}]}<\/script>\n<!-- \/ Yoast SEO plugin. -->","yoast_head_json":{"title":"ACERO INOXIDABLE W 1.4529 AISI 926 UNS N08926 - M.F. INOX","robots":{"index":"index","follow":"follow","max-snippet":"max-snippet:-1","max-image-preview":"max-image-preview:large","max-video-preview":"max-video-preview:-1"},"canonical":"https:\/\/mfinox.com\/es\/materiales\/acero-inoxidable-w-1-4529-aisi-926-uns-n08926-2\/","og_locale":"es_ES","og_type":"article","og_title":"ACERO INOXIDABLE W 1.4529 AISI 926 UNS N08926 - M.F. INOX","og_description":"WERKSTOFF 1.4529 AISI 926 UNS N08926 El acero inoxidable superausten\u00edtico W 1.4529 AISI 926 UNS N08926 es similar al 316L pero con la adici\u00f3n de molibdeno, lo que le confiere una resistencia superior al ataque por corrosi\u00f3n localizada (corrosi\u00f3n por picaduras y grietas). Con un valor PREN entre 41 y 48, es adecuado para aplicaciones [&hellip;]","og_url":"https:\/\/mfinox.com\/es\/materiales\/acero-inoxidable-w-1-4529-aisi-926-uns-n08926-2\/","og_site_name":"M.F. INOX","article_modified_time":"2024-09-04T10:24:42+00:00","twitter_card":"summary_large_image","twitter_misc":{"Tiempo de lectura":"2 minutos"},"schema":{"@context":"https:\/\/schema.org","@graph":[{"@type":"WebPage","@id":"https:\/\/mfinox.com\/es\/materiales\/acero-inoxidable-w-1-4529-aisi-926-uns-n08926-2\/","url":"https:\/\/mfinox.com\/es\/materiales\/acero-inoxidable-w-1-4529-aisi-926-uns-n08926-2\/","name":"ACERO INOXIDABLE W 1.4529 AISI 926 UNS N08926 - M.F. INOX","isPartOf":{"@id":"https:\/\/mfinox.com\/es\/#website"},"datePublished":"2024-05-27T11:36:18+00:00","dateModified":"2024-09-04T10:24:42+00:00","breadcrumb":{"@id":"https:\/\/mfinox.com\/es\/materiales\/acero-inoxidable-w-1-4529-aisi-926-uns-n08926-2\/#breadcrumb"},"inLanguage":"es","potentialAction":[{"@type":"ReadAction","target":["https:\/\/mfinox.com\/es\/materiales\/acero-inoxidable-w-1-4529-aisi-926-uns-n08926-2\/"]}]},{"@type":"BreadcrumbList","@id":"https:\/\/mfinox.com\/es\/materiales\/acero-inoxidable-w-1-4529-aisi-926-uns-n08926-2\/#breadcrumb","itemListElement":[{"@type":"ListItem","position":1,"name":"Home","item":"https:\/\/mfinox.com\/es\/"},{"@type":"ListItem","position":2,"name":"Materiales","item":"https:\/\/mfinox.com\/es\/materiales\/"},{"@type":"ListItem","position":3,"name":"ACERO INOXIDABLE W 1.4529 AISI 926 UNS N08926"}]},{"@type":"WebSite","@id":"https:\/\/mfinox.com\/es\/#website","url":"https:\/\/mfinox.com\/es\/","name":"M.F. INOX","description":"","publisher":{"@id":"https:\/\/mfinox.com\/es\/#organization"},"potentialAction":[{"@type":"SearchAction","target":{"@type":"EntryPoint","urlTemplate":"https:\/\/mfinox.com\/es\/?s={search_term_string}"},"query-input":{"@type":"PropertyValueSpecification","valueRequired":true,"valueName":"search_term_string"}}],"inLanguage":"es"},{"@type":"Organization","@id":"https:\/\/mfinox.com\/es\/#organization","name":"M.F. INOX","url":"https:\/\/mfinox.com\/es\/","logo":{"@type":"ImageObject","inLanguage":"es","@id":"https:\/\/mfinox.com\/es\/#\/schema\/logo\/image\/","url":"https:\/\/mfinox.com\/wp-content\/uploads\/2024\/05\/mf-inox_logo_neg.png","contentUrl":"https:\/\/mfinox.com\/wp-content\/uploads\/2024\/05\/mf-inox_logo_neg.png","width":1949,"height":662,"caption":"M.F. INOX"},"image":{"@id":"https:\/\/mfinox.com\/es\/#\/schema\/logo\/image\/"}}]}},"_links":{"self":[{"href":"https:\/\/mfinox.com\/es\/wp-json\/wp\/v2\/pages\/5400","targetHints":{"allow":["GET"]}}],"collection":[{"href":"https:\/\/mfinox.com\/es\/wp-json\/wp\/v2\/pages"}],"about":[{"href":"https:\/\/mfinox.com\/es\/wp-json\/wp\/v2\/types\/page"}],"author":[{"embeddable":true,"href":"https:\/\/mfinox.com\/es\/wp-json\/wp\/v2\/users\/1"}],"replies":[{"embeddable":true,"href":"https:\/\/mfinox.com\/es\/wp-json\/wp\/v2\/comments?post=5400"}],"version-history":[{"count":0,"href":"https:\/\/mfinox.com\/es\/wp-json\/wp\/v2\/pages\/5400\/revisions"}],"up":[{"embeddable":true,"href":"https:\/\/mfinox.com\/es\/wp-json\/wp\/v2\/pages\/4513"}],"wp:attachment":[{"href":"https:\/\/mfinox.com\/es\/wp-json\/wp\/v2\/media?parent=5400"}],"curies":[{"name":"wp","href":"https:\/\/api.w.org\/{rel}","templated":true}]}}