{"id":5396,"date":"2024-05-27T11:19:43","date_gmt":"2024-05-27T11:19:43","guid":{"rendered":"https:\/\/mfinox.com\/materiales\/acero-inoxidable-w-1-4301-aisi-304-uns-s30400\/"},"modified":"2024-05-27T11:19:43","modified_gmt":"2024-05-27T11:19:43","slug":"acero-inoxidable-w-1-4301-aisi-304-uns-s30400","status":"publish","type":"page","link":"https:\/\/mfinox.com\/es\/materiales\/acero-inoxidable-w-1-4301-aisi-304-uns-s30400\/","title":{"rendered":"Acero inoxidable W 1.4301 AISI 304 UNS S30400"},"content":{"rendered":"<p>La especificaci\u00f3n <a href=\"https:\/\/mfinox.com\/es\/materiales\/acero-inoxidable-astm-a193-b8ma-a320-b8ma-w-1-4435\/\" style=\"text-decoration: underline;\">ASTM A193<\/a> grado B8 o A320 grado B8 define las caracter\u00edsticas t\u00e9cnicas de las fijaciones de acero inoxidable adecuadas para su aplicaci\u00f3n en recipientes a presi\u00f3n y en presencia de temperaturas altas o bajas (temperaturas de servicio de -196\u00b0C a 800\u00b0C); este tipo de fijaci\u00f3n se utiliza ampliamente en los sectores qu\u00edmico, minero y energ\u00e9tico. Las especificaciones ASME SA 193 B8 SA 320 B8 se hacen eco de las especificaciones <a href=\"https:\/\/mfinox.com\/es\/materiales\/acero-inoxidable-astm-a193-b8ma-a320-b8ma-w-1-4435\/\" style=\"text-decoration: underline;\">ASTM A193<\/a> B8 A320 B8. Este material es adecuado para la fabricaci\u00f3n de componentes seg\u00fan las normas EN ISO 3506-1 y EN ISO 3506-2 en las diferentes caracter\u00edsticas de resistencia mec\u00e1nica seg\u00fan el estado de la pieza acabada (A2-50 A2-70 A2-80).  <\/p>\n<h2><b>COMPOSICI\u00d3N QU\u00cdMICA ASTM A193 B8 A320 B8 W 1.4307 AISI 304L<\/b><\/h2>\n<table class=\"responsive-table\">\n<tbody>\n<tr>\n<th>Elemento<\/th>\n<th>Contenido<\/th>\n<\/tr>\n<tr>\n<td data-label=\"Elemento\">C m\u00e1x<\/td>\n<td data-label=\"Contenuto\">0.08<\/td>\n<\/tr>\n<tr>\n<td data-label=\"Elemento\">S m\u00e1x<\/td>\n<td data-label=\"Contenuto\">0.03<\/td>\n<\/tr>\n<tr>\n<td data-label=\"Elemento\">P m\u00e1x<\/td>\n<td data-label=\"Contenuto\">0.045<\/td>\n<\/tr>\n<tr>\n<td data-label=\"Elemento\">S\u00ed m\u00e1x.<\/td>\n<td data-label=\"Contenuto\">1.0<\/td>\n<\/tr>\n<tr>\n<td data-label=\"Elemento\">Mn m\u00e1x<\/td>\n<td data-label=\"Contenuto\">2.0<\/td>\n<\/tr>\n<tr>\n<td data-label=\"Elemento\">Cr<\/td>\n<td data-label=\"Contenuto\">18.0-22.0<\/td>\n<\/tr>\n<tr>\n<td data-label=\"Elemento\">Ni<\/td>\n<td data-label=\"Contenuto\">8.0-11.0<\/td>\n<\/tr>\n<\/tbody>\n<\/table>\n<h2><b>CARACTER\u00cdSTICAS MEC\u00c1NICAS ASTM A193 B8 A320 B8 W 1.4307 AISI 304L<\/b><\/h2>\n<table class=\"responsive-table\">\n<tbody>\n<tr>\n<th>Material<\/th>\n<th>Liga<\/th>\n<th>Rm min (MPa)<\/th>\n<th>Rp 0,2 min (MPa)<\/th>\n<th>A% min<\/th>\n<th>Z% min<\/th>\n<th>Dureza m\u00e1x. (HB)<\/th>\n<\/tr>\n<tr>\n<td data-label=\"Materiale\">ASTM A193 B8 Clase 1<\/td>\n<td data-label=\"Lega\">1.4307<\/td>\n<td data-label=\"Rm min (MPa)\">515<\/td>\n<td data-label=\"Rp 0.2 min (MPa)\">205<\/td>\n<td data-label=\"A% min\">30<\/td>\n<td data-label=\"Z% min\">50<\/td>\n<td data-label=\"Durezza max (HB)\">223<\/td>\n<\/tr>\n<tr>\n<td data-label=\"Materiale\">ASTM A193 B8 Clase 2 \u2264 20 mm &#8211; 3\/4 pulg.<\/td>\n<td data-label=\"Lega\">1.4307<\/td>\n<td data-label=\"Rm min (MPa)\">860<\/td>\n<td data-label=\"Rp 0.2 min (MPa)\">690<\/td>\n<td data-label=\"A% min\">12<\/td>\n<td data-label=\"Z% min\">35<\/td>\n<td data-label=\"Durezza max (HB)\">321<\/td>\n<\/tr>\n<tr>\n<td data-label=\"Materiale\">&gt; &lt; &gt; &lt; ASTM A193 B8 Clase 2 20 24 mm &#8211; 3\/4&#8243; 1&#8243;<\/td>\n<td data-label=\"Lega\">1.4307<\/td>\n<td data-label=\"Rm min (MPa)\">795<\/td>\n<td data-label=\"Rp 0.2 min (MPa)\">550<\/td>\n<td data-label=\"A% min\">12<\/td>\n<td data-label=\"Z% min\">35<\/td>\n<td data-label=\"Durezza max (HB)\">321<\/td>\n<\/tr>\n<tr>\n<td data-label=\"Materiale\">&gt; &lt; &gt; &lt; ASTM A193 B8 Clase 2 24 30 mm &#8211; 1&#8243; 1&#8243;1\/4<\/td>\n<td data-label=\"Lega\">1.4307<\/td>\n<td data-label=\"Rm min (MPa)\">725<\/td>\n<td data-label=\"Rp 0.2 min (MPa)\">450<\/td>\n<td data-label=\"A% min\">20<\/td>\n<td data-label=\"Z% min\">35<\/td>\n<td data-label=\"Durezza max (HB)\">321<\/td>\n<\/tr>\n<tr>\n<td data-label=\"Materiale\">&gt; &lt; &gt; &lt; ASTM A193 B8 Clase 2 30 36 mm &#8211; 1&#8243;1\/4 1&#8243;1\/2<\/td>\n<td data-label=\"Lega\">1.4307<\/td>\n<td data-label=\"Rm min (MPa)\">690<\/td>\n<td data-label=\"Rp 0.2 min (MPa)\">345<\/td>\n<td data-label=\"A% min\">28<\/td>\n<td data-label=\"Z% min\">45<\/td>\n<td data-label=\"Durezza max (HB)\">321<\/td>\n<\/tr>\n<tr>\n<td data-label=\"Materiale\">1.4307<\/td>\n<td data-label=\"Lega\">1.4307<\/td>\n<td data-label=\"Rm min (MPa)\">500 &#8211; 700<\/td>\n<td data-label=\"Rp 0.2 min (MPa)\">350<\/td>\n<td data-label=\"A% min\">20<\/td>\n<td data-label=\"Z% min\">&#8212;<\/td>\n<td data-label=\"Durezza max (HB)\">&#8212;<\/td>\n<\/tr>\n<\/tbody>\n<\/table>\n<p><b>PROPIEDADES F\u00cdSICAS <a href=\"https:\/\/mfinox.com\/es\/materiales\/acero-inoxidable-astm-a193-b8ma-a320-b8ma-w-1-4435\/\" style=\"text-decoration: underline;\">ASTM A193<\/a> B8 A320 B8 W 1.4307 AISI 304L<\/b><\/p>\n<ul>\n<li>Densidad aparente: 7 kg\/dm\u00b3 a 20\u00b0C<\/li>\n<li>M\u00f3dulo de elasticidad: 200.000 N\/mm\u00b2 a 20\u00b0C<\/li>\n<li>Conductividad t\u00e9rmica: 14,6 W\/m.K a 20\u00b0C<\/li>\n<li>Calor espec\u00edfico: 500 J\/g.K a 20\u00b0C<\/li>\n<li>Coeficientes de dilataci\u00f3n lineal: 16,5 (20\u00b0 &#8211; 200\u00b0C), 17,5 (20\u00b0 &#8211; 400\u00b0C), 18,5 (20\u00b0 &#8211; 600\u00b0C)<\/li>\n<li>Resistividad el\u00e9ctrica: 0,73 \u03a9 mm\u00b2\/m a 20\u00b0C<\/li>\n<li>Magn\u00e9tico: S\u00ed<\/li>\n<\/ul>\n<p>&nbsp;<br \/>\n&nbsp;<br \/>\n<b>CORRESPONDENCIA ASTM A193 B8 A320 B8 W 1.4307 AISI 304L<\/b><\/p>\n<ul>\n<li>EN 10088\/3: X2 Cr Ni 1811<\/li>\n<li>W: 1.4307 &#8211; 1.4306<\/li>\n<li>JIS: G4303 &#8211; SUS304<\/li>\n<li>AISI: 304 L<\/li>\n<li>ES 3506-1\/2: A2-50 A2-70 A2-80<\/li>\n<\/ul>\n\t\t<div data-elementor-type=\"section\" data-elementor-id=\"2152\" class=\"elementor elementor-2152\" data-elementor-post-type=\"elementor_library\">\n\t\t\t<div class=\"elementor-element elementor-element-1a5312d e-flex e-con-boxed e-con e-parent\" data-id=\"1a5312d\" data-element_type=\"container\" data-e-type=\"container\">\n\t\t\t\t\t<div class=\"e-con-inner\">\n\t\t\t\t<div class=\"elementor-element elementor-element-703a4b7 elementor-widget elementor-widget-spacer\" data-id=\"703a4b7\" data-element_type=\"widget\" data-e-type=\"widget\" data-widget_type=\"spacer.default\">\n\t\t\t\t<div class=\"elementor-widget-container\">\n\t\t\t\t\t\t\t<div class=\"elementor-spacer\">\n\t\t\t<div class=\"elementor-spacer-inner\"><\/div>\n\t\t<\/div>\n\t\t\t\t\t\t<\/div>\n\t\t\t\t<\/div>\n\t\t\t\t\t<\/div>\n\t\t\t\t<\/div>\n\t\t\t\t<\/div>\n\t\t\n","protected":false},"excerpt":{"rendered":"<p>La especificaci\u00f3n ASTM A193 grado B8 o A320 grado B8 define las caracter\u00edsticas t\u00e9cnicas de las fijaciones de acero inoxidable adecuadas para su aplicaci\u00f3n en recipientes a presi\u00f3n y en presencia de temperaturas altas o bajas (temperaturas de servicio de -196\u00b0C a 800\u00b0C); este tipo de fijaci\u00f3n se utiliza ampliamente en los sectores qu\u00edmico, minero [&hellip;]<\/p>\n","protected":false},"author":1,"featured_media":0,"parent":4513,"menu_order":0,"comment_status":"closed","ping_status":"closed","template":"","meta":{"footnotes":""},"class_list":["post-5396","page","type-page","status-publish","hentry"],"yoast_head":"<!-- This site is optimized with the Yoast SEO plugin v27.6 - https:\/\/yoast.com\/product\/yoast-seo-wordpress\/ -->\n<title>Acero inoxidable W 1.4301 AISI 304 UNS S30400 - M.F. INOX<\/title>\n<meta name=\"robots\" content=\"index, follow, max-snippet:-1, max-image-preview:large, max-video-preview:-1\" \/>\n<link rel=\"canonical\" href=\"https:\/\/mfinox.com\/es\/materiales\/acero-inoxidable-w-1-4301-aisi-304-uns-s30400\/\" \/>\n<meta property=\"og:locale\" content=\"es_ES\" \/>\n<meta property=\"og:type\" content=\"article\" \/>\n<meta property=\"og:title\" content=\"Acero inoxidable W 1.4301 AISI 304 UNS S30400 - M.F. INOX\" \/>\n<meta property=\"og:description\" content=\"La especificaci\u00f3n ASTM A193 grado B8 o A320 grado B8 define las caracter\u00edsticas t\u00e9cnicas de las fijaciones de acero inoxidable adecuadas para su aplicaci\u00f3n en recipientes a presi\u00f3n y en presencia de temperaturas altas o bajas (temperaturas de servicio de -196\u00b0C a 800\u00b0C); este tipo de fijaci\u00f3n se utiliza ampliamente en los sectores qu\u00edmico, minero [&hellip;]\" \/>\n<meta property=\"og:url\" content=\"https:\/\/mfinox.com\/es\/materiales\/acero-inoxidable-w-1-4301-aisi-304-uns-s30400\/\" \/>\n<meta property=\"og:site_name\" content=\"M.F. INOX\" \/>\n<meta name=\"twitter:card\" content=\"summary_large_image\" \/>\n<meta name=\"twitter:label1\" content=\"Tiempo de lectura\" \/>\n\t<meta name=\"twitter:data1\" content=\"2 minutos\" \/>\n<script type=\"application\/ld+json\" class=\"yoast-schema-graph\">{\"@context\":\"https:\\\/\\\/schema.org\",\"@graph\":[{\"@type\":\"WebPage\",\"@id\":\"https:\\\/\\\/mfinox.com\\\/es\\\/materiales\\\/acero-inoxidable-w-1-4301-aisi-304-uns-s30400\\\/\",\"url\":\"https:\\\/\\\/mfinox.com\\\/es\\\/materiales\\\/acero-inoxidable-w-1-4301-aisi-304-uns-s30400\\\/\",\"name\":\"Acero inoxidable W 1.4301 AISI 304 UNS S30400 - M.F. INOX\",\"isPartOf\":{\"@id\":\"https:\\\/\\\/mfinox.com\\\/es\\\/#website\"},\"datePublished\":\"2024-05-27T11:19:43+00:00\",\"breadcrumb\":{\"@id\":\"https:\\\/\\\/mfinox.com\\\/es\\\/materiales\\\/acero-inoxidable-w-1-4301-aisi-304-uns-s30400\\\/#breadcrumb\"},\"inLanguage\":\"es\",\"potentialAction\":[{\"@type\":\"ReadAction\",\"target\":[\"https:\\\/\\\/mfinox.com\\\/es\\\/materiales\\\/acero-inoxidable-w-1-4301-aisi-304-uns-s30400\\\/\"]}]},{\"@type\":\"BreadcrumbList\",\"@id\":\"https:\\\/\\\/mfinox.com\\\/es\\\/materiales\\\/acero-inoxidable-w-1-4301-aisi-304-uns-s30400\\\/#breadcrumb\",\"itemListElement\":[{\"@type\":\"ListItem\",\"position\":1,\"name\":\"Home\",\"item\":\"https:\\\/\\\/mfinox.com\\\/es\\\/\"},{\"@type\":\"ListItem\",\"position\":2,\"name\":\"Materiales\",\"item\":\"https:\\\/\\\/mfinox.com\\\/es\\\/materiales\\\/\"},{\"@type\":\"ListItem\",\"position\":3,\"name\":\"Acero inoxidable W 1.4301 AISI 304 UNS S30400\"}]},{\"@type\":\"WebSite\",\"@id\":\"https:\\\/\\\/mfinox.com\\\/es\\\/#website\",\"url\":\"https:\\\/\\\/mfinox.com\\\/es\\\/\",\"name\":\"M.F. INOX\",\"description\":\"\",\"publisher\":{\"@id\":\"https:\\\/\\\/mfinox.com\\\/es\\\/#organization\"},\"potentialAction\":[{\"@type\":\"SearchAction\",\"target\":{\"@type\":\"EntryPoint\",\"urlTemplate\":\"https:\\\/\\\/mfinox.com\\\/es\\\/?s={search_term_string}\"},\"query-input\":{\"@type\":\"PropertyValueSpecification\",\"valueRequired\":true,\"valueName\":\"search_term_string\"}}],\"inLanguage\":\"es\"},{\"@type\":\"Organization\",\"@id\":\"https:\\\/\\\/mfinox.com\\\/es\\\/#organization\",\"name\":\"M.F. INOX\",\"url\":\"https:\\\/\\\/mfinox.com\\\/es\\\/\",\"logo\":{\"@type\":\"ImageObject\",\"inLanguage\":\"es\",\"@id\":\"https:\\\/\\\/mfinox.com\\\/es\\\/#\\\/schema\\\/logo\\\/image\\\/\",\"url\":\"https:\\\/\\\/mfinox.com\\\/wp-content\\\/uploads\\\/2024\\\/05\\\/mf-inox_logo_neg.png\",\"contentUrl\":\"https:\\\/\\\/mfinox.com\\\/wp-content\\\/uploads\\\/2024\\\/05\\\/mf-inox_logo_neg.png\",\"width\":1949,\"height\":662,\"caption\":\"M.F. INOX\"},\"image\":{\"@id\":\"https:\\\/\\\/mfinox.com\\\/es\\\/#\\\/schema\\\/logo\\\/image\\\/\"}}]}<\/script>\n<!-- \/ Yoast SEO plugin. -->","yoast_head_json":{"title":"Acero inoxidable W 1.4301 AISI 304 UNS S30400 - M.F. INOX","robots":{"index":"index","follow":"follow","max-snippet":"max-snippet:-1","max-image-preview":"max-image-preview:large","max-video-preview":"max-video-preview:-1"},"canonical":"https:\/\/mfinox.com\/es\/materiales\/acero-inoxidable-w-1-4301-aisi-304-uns-s30400\/","og_locale":"es_ES","og_type":"article","og_title":"Acero inoxidable W 1.4301 AISI 304 UNS S30400 - M.F. INOX","og_description":"La especificaci\u00f3n ASTM A193 grado B8 o A320 grado B8 define las caracter\u00edsticas t\u00e9cnicas de las fijaciones de acero inoxidable adecuadas para su aplicaci\u00f3n en recipientes a presi\u00f3n y en presencia de temperaturas altas o bajas (temperaturas de servicio de -196\u00b0C a 800\u00b0C); este tipo de fijaci\u00f3n se utiliza ampliamente en los sectores qu\u00edmico, minero [&hellip;]","og_url":"https:\/\/mfinox.com\/es\/materiales\/acero-inoxidable-w-1-4301-aisi-304-uns-s30400\/","og_site_name":"M.F. INOX","twitter_card":"summary_large_image","twitter_misc":{"Tiempo de lectura":"2 minutos"},"schema":{"@context":"https:\/\/schema.org","@graph":[{"@type":"WebPage","@id":"https:\/\/mfinox.com\/es\/materiales\/acero-inoxidable-w-1-4301-aisi-304-uns-s30400\/","url":"https:\/\/mfinox.com\/es\/materiales\/acero-inoxidable-w-1-4301-aisi-304-uns-s30400\/","name":"Acero inoxidable W 1.4301 AISI 304 UNS S30400 - M.F. INOX","isPartOf":{"@id":"https:\/\/mfinox.com\/es\/#website"},"datePublished":"2024-05-27T11:19:43+00:00","breadcrumb":{"@id":"https:\/\/mfinox.com\/es\/materiales\/acero-inoxidable-w-1-4301-aisi-304-uns-s30400\/#breadcrumb"},"inLanguage":"es","potentialAction":[{"@type":"ReadAction","target":["https:\/\/mfinox.com\/es\/materiales\/acero-inoxidable-w-1-4301-aisi-304-uns-s30400\/"]}]},{"@type":"BreadcrumbList","@id":"https:\/\/mfinox.com\/es\/materiales\/acero-inoxidable-w-1-4301-aisi-304-uns-s30400\/#breadcrumb","itemListElement":[{"@type":"ListItem","position":1,"name":"Home","item":"https:\/\/mfinox.com\/es\/"},{"@type":"ListItem","position":2,"name":"Materiales","item":"https:\/\/mfinox.com\/es\/materiales\/"},{"@type":"ListItem","position":3,"name":"Acero inoxidable W 1.4301 AISI 304 UNS S30400"}]},{"@type":"WebSite","@id":"https:\/\/mfinox.com\/es\/#website","url":"https:\/\/mfinox.com\/es\/","name":"M.F. INOX","description":"","publisher":{"@id":"https:\/\/mfinox.com\/es\/#organization"},"potentialAction":[{"@type":"SearchAction","target":{"@type":"EntryPoint","urlTemplate":"https:\/\/mfinox.com\/es\/?s={search_term_string}"},"query-input":{"@type":"PropertyValueSpecification","valueRequired":true,"valueName":"search_term_string"}}],"inLanguage":"es"},{"@type":"Organization","@id":"https:\/\/mfinox.com\/es\/#organization","name":"M.F. INOX","url":"https:\/\/mfinox.com\/es\/","logo":{"@type":"ImageObject","inLanguage":"es","@id":"https:\/\/mfinox.com\/es\/#\/schema\/logo\/image\/","url":"https:\/\/mfinox.com\/wp-content\/uploads\/2024\/05\/mf-inox_logo_neg.png","contentUrl":"https:\/\/mfinox.com\/wp-content\/uploads\/2024\/05\/mf-inox_logo_neg.png","width":1949,"height":662,"caption":"M.F. INOX"},"image":{"@id":"https:\/\/mfinox.com\/es\/#\/schema\/logo\/image\/"}}]}},"_links":{"self":[{"href":"https:\/\/mfinox.com\/es\/wp-json\/wp\/v2\/pages\/5396","targetHints":{"allow":["GET"]}}],"collection":[{"href":"https:\/\/mfinox.com\/es\/wp-json\/wp\/v2\/pages"}],"about":[{"href":"https:\/\/mfinox.com\/es\/wp-json\/wp\/v2\/types\/page"}],"author":[{"embeddable":true,"href":"https:\/\/mfinox.com\/es\/wp-json\/wp\/v2\/users\/1"}],"replies":[{"embeddable":true,"href":"https:\/\/mfinox.com\/es\/wp-json\/wp\/v2\/comments?post=5396"}],"version-history":[{"count":0,"href":"https:\/\/mfinox.com\/es\/wp-json\/wp\/v2\/pages\/5396\/revisions"}],"up":[{"embeddable":true,"href":"https:\/\/mfinox.com\/es\/wp-json\/wp\/v2\/pages\/4513"}],"wp:attachment":[{"href":"https:\/\/mfinox.com\/es\/wp-json\/wp\/v2\/media?parent=5396"}],"curies":[{"name":"wp","href":"https:\/\/api.w.org\/{rel}","templated":true}]}}