{"id":5394,"date":"2024-05-21T15:51:12","date_gmt":"2024-05-21T15:51:12","guid":{"rendered":"https:\/\/mfinox.com\/materiales\/acero-inoxidable-nitronic-50-a193-b8r-a479-s20910-xm-19-w-1-3964\/"},"modified":"2024-10-25T11:40:23","modified_gmt":"2024-10-25T11:40:23","slug":"acero-inoxidable-nitronic-50-a193-b8r-a479-s20910-xm-19-w-1-3964","status":"publish","type":"page","link":"https:\/\/mfinox.com\/es\/materiales\/acero-inoxidable-nitronic-50-a193-b8r-a479-s20910-xm-19-w-1-3964\/","title":{"rendered":"Acero inoxidable NITRONIC\u00ae 50 A193 B8R A479-S20910 XM-19 W 1.3964"},"content":{"rendered":"\t\t<div data-elementor-type=\"wp-page\" data-elementor-id=\"5394\" class=\"elementor elementor-5394 elementor-803\" data-elementor-post-type=\"page\">\n\t\t\t\t<div class=\"elementor-element elementor-element-7e4b2ff0 e-flex e-con-boxed e-con e-parent\" data-id=\"7e4b2ff0\" data-element_type=\"container\" data-e-type=\"container\" data-settings=\"{&quot;background_background&quot;:&quot;classic&quot;}\">\n\t\t\t\t\t<div class=\"e-con-inner\">\n\t\t\t\t<div class=\"elementor-element elementor-element-5ea199ad titolo-materiali elementor-invisible elementor-widget elementor-widget-heading\" data-id=\"5ea199ad\" data-element_type=\"widget\" data-e-type=\"widget\" data-settings=\"{&quot;_animation&quot;:&quot;fadeIn&quot;}\" data-widget_type=\"heading.default\">\n\t\t\t\t<div class=\"elementor-widget-container\">\n\t\t\t\t\t<h1 class=\"elementor-heading-title elementor-size-default\">NITRONIC\u00ae 50 A193 B8R A479-S20910 XM-19 W 1.3964<\/h1>\t\t\t\t<\/div>\n\t\t\t\t<\/div>\n\t\t\t\t<div class=\"elementor-element elementor-element-5b3561ab elementor-invisible elementor-widget elementor-widget-shortcode\" data-id=\"5b3561ab\" data-element_type=\"widget\" data-e-type=\"widget\" data-settings=\"{&quot;_animation&quot;:&quot;fadeIn&quot;}\" data-widget_type=\"shortcode.default\">\n\t\t\t\t<div class=\"elementor-widget-container\">\n\t\t\t\t\t\t\t<div class=\"elementor-shortcode\"><nav aria-label=\"breadcrumb\"><div class=\"breadcrumb\"><span class=\"breadcrumb-item\"><a href=\"https:\/\/mfinox.com\/es\/\" style=\"color: #F3912E;\">Home<\/a><\/span><\/div><\/nav><\/div>\n\t\t\t\t\t\t<\/div>\n\t\t\t\t<\/div>\n\t\t\t\t\t<\/div>\n\t\t\t\t<\/div>\n\t\t<div class=\"elementor-element elementor-element-604aa9e2 e-flex e-con-boxed elementor-invisible e-con e-parent\" data-id=\"604aa9e2\" data-element_type=\"container\" data-e-type=\"container\" data-settings=\"{&quot;animation&quot;:&quot;fadeInUp&quot;}\">\n\t\t\t\t\t<div class=\"e-con-inner\">\n\t\t\t\t<div class=\"elementor-element elementor-element-40ba194b elementor-widget elementor-widget-text-editor\" data-id=\"40ba194b\" data-element_type=\"widget\" data-e-type=\"widget\" data-widget_type=\"text-editor.default\">\n\t\t\t\t<div class=\"elementor-widget-container\">\n\t\t\t\t\t\t\t\t\tEl Nitronic\u00ae 50 A193 B8R A479-S20910 XM-19 es un acero inoxidable que combina una excelente resistencia a la corrosi\u00f3n y resistencia mec\u00e1nica.\nEs un acero inoxidable austen\u00edtico que posee una mayor resistencia a la corrosi\u00f3n que los m\u00e1s cl\u00e1sicos AISI 316 y AISI 316L, as\u00ed como aproximadamente el doble de l\u00edmite el\u00e1stico a temperatura ambiente.\nAdem\u00e1s, el Nitronic\u00ae 50 UNS S20910 XM 19 tiene excelentes propiedades mec\u00e1nicas tanto a temperaturas altas como bajo cero.\nA diferencia de muchos aceros inoxidables austen\u00edticos, el Nitronic\u00ae 50 A193 B8R A479-S20910 XM-19 no se vuelve magn\u00e9tico cuando se trabaja en fr\u00edo.\nLa excepcional resistencia a la corrosi\u00f3n del Nitronic\u00ae 50 A193 B8R A479-S20910 XM-19 lo hace adecuado para aplicaciones en las que aceros m\u00e1s comunes, como el AISI 316 316L 317L o el 17-4PH, resultan inadecuados.\nEs una aleaci\u00f3n adecuada para diversas \u00e1reas de aplicaci\u00f3n, como el petr\u00f3leo y el gas, la petroqu\u00edmica, la qu\u00edmica, los fertilizantes, el reciclaje de combustible nuclear, la pasta y el papel, los textiles, la alimentaci\u00f3n y la industria naval.\nGracias a la combinaci\u00f3n de una excelente resistencia a la corrosi\u00f3n y una gran resistencia mec\u00e1nica, se utiliza en la fabricaci\u00f3n de componentes de bombas, v\u00e1lvulas y accesorios, fijaciones, cables, cadenas, escudos y telas met\u00e1licas, herrajes marinos, l\u00edneas de ejes de barcos y bombas y piezas de intercambiadores de calor.\n<h2><b>COMPOSICI\u00d3N QU\u00cdMICA NITRONIC\u00ae 50 A193 B8R A479-S20910 XM-19 W 1.3964<\/b><\/h2>\n<table class=\"responsive-table\">\n<thead>\n<tr>\n<th>Elemento<\/th>\n<th>M\u00edn<\/th>\n<th>M\u00e1x<\/th>\n<\/tr>\n<\/thead>\n<tbody>\n<tr>\n<td data-label=\"Elemento\">Ni<\/td>\n<td data-label=\"Min\">11.50<\/td>\n<td data-label=\"Max\">13.50<\/td>\n<\/tr>\n<tr>\n<td data-label=\"Elemento\">Cr<\/td>\n<td data-label=\"Min\">20.50<\/td>\n<td data-label=\"Max\">23.50<\/td>\n<\/tr>\n<tr>\n<td data-label=\"Elemento\">Mo<\/td>\n<td data-label=\"Min\">1.50<\/td>\n<td data-label=\"Max\">3.00<\/td>\n<\/tr>\n<tr>\n<td data-label=\"Elemento\">Nb<\/td>\n<td data-label=\"Min\">0.10<\/td>\n<td data-label=\"Max\">0.30<\/td>\n<\/tr>\n<tr>\n<td data-label=\"Elemento\">N<\/td>\n<td data-label=\"Min\">0.20<\/td>\n<td data-label=\"Max\">0.40<\/td>\n<\/tr>\n<tr>\n<td data-label=\"Elemento\">C<\/td>\n<td data-label=\"Min\">&#8212;<\/td>\n<td data-label=\"Max\">0.06<\/td>\n<\/tr>\n<tr>\n<td data-label=\"Elemento\">Mn<\/td>\n<td data-label=\"Min\">4.00<\/td>\n<td data-label=\"Max\">6.00<\/td>\n<\/tr>\n<tr>\n<td data-label=\"Elemento\">S\u00ed<\/td>\n<td data-label=\"Min\">&#8212;<\/td>\n<td data-label=\"Max\">1.00<\/td>\n<\/tr>\n<tr>\n<td data-label=\"Elemento\">P<\/td>\n<td data-label=\"Min\">&#8212;<\/td>\n<td data-label=\"Max\">0.04<\/td>\n<\/tr>\n<tr>\n<td data-label=\"Elemento\">V<\/td>\n<td data-label=\"Min\">&#8212;<\/td>\n<td data-label=\"Max\">0.30<\/td>\n<\/tr>\n<tr>\n<td data-label=\"Elemento\">S<\/td>\n<td data-label=\"Min\">&#8212;<\/td>\n<td data-label=\"Max\">0.04<\/td>\n<\/tr>\n<\/tbody>\n<\/table>\n<h2><b>NITRONIC\u00ae PROPIEDADES MEC\u00c1NICAS 50 A193 B8R A479-S20910 XM-19 W 1.3964<\/b><\/h2>\n<table class=\"responsive-table\">\n<thead>\n<tr>\n<th>Material<\/th>\n<th>Liga<\/th>\n<th>Rm min (MPa)<\/th>\n<th>Rp 0,2 min (MPa)<\/th>\n<th>A% min<\/th>\n<th>Z% min<\/th>\n<th>Dureza<\/th>\n<\/tr>\n\n<td data-label=\"Materiale\">NITRONIC\u00ae 50 HS A193 B8R A479-20910 XM-19 W 1.3964<\/td>\n<td data-label=\"Lega\">1.3964<\/td>\n<td data-label=\"Rm min (MPa)\">> 930<\/td>\n<td data-label=\"Rp 0.2 min (MPa)\">> 800<\/td>\n<td data-label=\"A% min\">> 14<\/td>\n<td data-label=\"Z% min\">> 50<\/td>\n<td data-label=\"Durezza\"><\/td>\n<\/tr>\n\n<\/thead>\n<tbody>\n<tr>\n<td data-label=\"Materiale\">NITRONIC\u00ae 50 A193 B8R A479-20910 XM-19 W 1.3964<\/td>\n<td data-label=\"Lega\">1.3964<\/td>\n<td data-label=\"Rm min (MPa)\">655-690<\/td>\n<td data-label=\"Rp 0.2 min (MPa)\">379-345<\/td>\n<td data-label=\"A% min\">30-35<\/td>\n<td data-label=\"Z% min\">45-55<\/td>\n<td data-label=\"Durezza\"><\/td>\n<\/tr>\n<\/tbody>\n<\/table>\n<h2><b>CARACTER\u00cdSTICAS F\u00cdSICAS NITRONIC\u00ae 50 A193 B8R A479-S20910 XM-19 W 1.3964<\/b><\/h2>\n<ul>\n \t<li><strong>Densidad aparente<\/strong>: a 20\u00b0C 8,19 kg\/dm\u00b3<\/li>\n \t<li><strong>M\u00f3dulo de elasticidad<\/strong>: a 20\u00b0C 199.000 N\/mm\u00b2.<\/li>\n \t<li><strong>Coeficientes de dilataci\u00f3n lineal<\/strong>: 162 \u00b5m\/m \u00b0C (20 &#8211; 93 \u00b0C)<\/li>\n<\/ul>\n<h2><b>COINCIDENCIA NITRONIC\u00ae 50 A193 B8R A479-S20910 XM-19 W 1.3964<\/b><\/h2>\n<ul>\n \t<li>ES: UNS S20910<\/li>\n \t<li>W.: 1.3964<\/li>\n \t<li>ASTM: A479-S20910 XM-19<\/li>\n<\/ul>\n\t\t<div data-elementor-type=\"section\" data-elementor-id=\"2152\" class=\"elementor elementor-2152\" data-elementor-post-type=\"elementor_library\">\n\t\t\t<div class=\"elementor-element elementor-element-1a5312d e-flex e-con-boxed e-con e-parent\" data-id=\"1a5312d\" data-element_type=\"container\" data-e-type=\"container\">\n\t\t\t\t\t<div class=\"e-con-inner\">\n\t\t\t\t<div class=\"elementor-element elementor-element-703a4b7 elementor-widget elementor-widget-spacer\" data-id=\"703a4b7\" data-element_type=\"widget\" data-e-type=\"widget\" data-widget_type=\"spacer.default\">\n\t\t\t\t<div class=\"elementor-widget-container\">\n\t\t\t\t\t\t\t<div class=\"elementor-spacer\">\n\t\t\t<div class=\"elementor-spacer-inner\"><\/div>\n\t\t<\/div>\n\t\t\t\t\t\t<\/div>\n\t\t\t\t<\/div>\n\t\t\t\t\t<\/div>\n\t\t\t\t<\/div>\n\t\t\t\t<\/div>\n\t\t\t\t\t\t\t\t\t\t<\/div>\n\t\t\t\t<\/div>\n\t\t\t\t\t<\/div>\n\t\t\t\t<\/div>\n\t\t\t\t<\/div>\n\t\t","protected":false},"excerpt":{"rendered":"<p>NITRONIC\u00ae 50 A193 B8R A479-S20910 XM-19 W 1.3964 El Nitronic\u00ae 50 A193 B8R A479-S20910 XM-19 es un acero inoxidable que combina una excelente resistencia a la corrosi\u00f3n y resistencia mec\u00e1nica. Es un acero inoxidable austen\u00edtico que posee una mayor resistencia a la corrosi\u00f3n que los m\u00e1s cl\u00e1sicos AISI 316 y AISI 316L, as\u00ed como aproximadamente [&hellip;]<\/p>\n","protected":false},"author":1,"featured_media":0,"parent":4513,"menu_order":0,"comment_status":"closed","ping_status":"closed","template":"","meta":{"footnotes":""},"class_list":["post-5394","page","type-page","status-publish","hentry"],"yoast_head":"<!-- This site is optimized with the Yoast SEO plugin v27.6 - https:\/\/yoast.com\/product\/yoast-seo-wordpress\/ -->\n<title>Acero inoxidable NITRONIC\u00ae 50 A193 B8R A479-S20910 XM-19 W 1.3964 - M.F. INOX<\/title>\n<meta name=\"robots\" content=\"index, follow, max-snippet:-1, max-image-preview:large, max-video-preview:-1\" \/>\n<link rel=\"canonical\" href=\"https:\/\/mfinox.com\/es\/materiales\/acero-inoxidable-nitronic-50-a193-b8r-a479-s20910-xm-19-w-1-3964\/\" \/>\n<meta property=\"og:locale\" content=\"es_ES\" \/>\n<meta property=\"og:type\" content=\"article\" \/>\n<meta property=\"og:title\" content=\"Acero inoxidable NITRONIC\u00ae 50 A193 B8R A479-S20910 XM-19 W 1.3964 - M.F. INOX\" \/>\n<meta property=\"og:description\" content=\"NITRONIC\u00ae 50 A193 B8R A479-S20910 XM-19 W 1.3964 El Nitronic\u00ae 50 A193 B8R A479-S20910 XM-19 es un acero inoxidable que combina una excelente resistencia a la corrosi\u00f3n y resistencia mec\u00e1nica. Es un acero inoxidable austen\u00edtico que posee una mayor resistencia a la corrosi\u00f3n que los m\u00e1s cl\u00e1sicos AISI 316 y AISI 316L, as\u00ed como aproximadamente [&hellip;]\" \/>\n<meta property=\"og:url\" content=\"https:\/\/mfinox.com\/es\/materiales\/acero-inoxidable-nitronic-50-a193-b8r-a479-s20910-xm-19-w-1-3964\/\" \/>\n<meta property=\"og:site_name\" content=\"M.F. INOX\" \/>\n<meta property=\"article:modified_time\" content=\"2024-10-25T11:40:23+00:00\" \/>\n<meta name=\"twitter:card\" content=\"summary_large_image\" \/>\n<meta name=\"twitter:label1\" content=\"Tiempo de lectura\" \/>\n\t<meta name=\"twitter:data1\" content=\"2 minutos\" \/>\n<script type=\"application\/ld+json\" class=\"yoast-schema-graph\">{\"@context\":\"https:\\\/\\\/schema.org\",\"@graph\":[{\"@type\":\"WebPage\",\"@id\":\"https:\\\/\\\/mfinox.com\\\/es\\\/materiales\\\/acero-inoxidable-nitronic-50-a193-b8r-a479-s20910-xm-19-w-1-3964\\\/\",\"url\":\"https:\\\/\\\/mfinox.com\\\/es\\\/materiales\\\/acero-inoxidable-nitronic-50-a193-b8r-a479-s20910-xm-19-w-1-3964\\\/\",\"name\":\"Acero inoxidable NITRONIC\u00ae 50 A193 B8R A479-S20910 XM-19 W 1.3964 - M.F. INOX\",\"isPartOf\":{\"@id\":\"https:\\\/\\\/mfinox.com\\\/es\\\/#website\"},\"datePublished\":\"2024-05-21T15:51:12+00:00\",\"dateModified\":\"2024-10-25T11:40:23+00:00\",\"breadcrumb\":{\"@id\":\"https:\\\/\\\/mfinox.com\\\/es\\\/materiales\\\/acero-inoxidable-nitronic-50-a193-b8r-a479-s20910-xm-19-w-1-3964\\\/#breadcrumb\"},\"inLanguage\":\"es\",\"potentialAction\":[{\"@type\":\"ReadAction\",\"target\":[\"https:\\\/\\\/mfinox.com\\\/es\\\/materiales\\\/acero-inoxidable-nitronic-50-a193-b8r-a479-s20910-xm-19-w-1-3964\\\/\"]}]},{\"@type\":\"BreadcrumbList\",\"@id\":\"https:\\\/\\\/mfinox.com\\\/es\\\/materiales\\\/acero-inoxidable-nitronic-50-a193-b8r-a479-s20910-xm-19-w-1-3964\\\/#breadcrumb\",\"itemListElement\":[{\"@type\":\"ListItem\",\"position\":1,\"name\":\"Home\",\"item\":\"https:\\\/\\\/mfinox.com\\\/es\\\/\"},{\"@type\":\"ListItem\",\"position\":2,\"name\":\"Materiales\",\"item\":\"https:\\\/\\\/mfinox.com\\\/es\\\/materiales\\\/\"},{\"@type\":\"ListItem\",\"position\":3,\"name\":\"Acero inoxidable NITRONIC\u00ae 50 A193 B8R A479-S20910 XM-19 W 1.3964\"}]},{\"@type\":\"WebSite\",\"@id\":\"https:\\\/\\\/mfinox.com\\\/es\\\/#website\",\"url\":\"https:\\\/\\\/mfinox.com\\\/es\\\/\",\"name\":\"M.F. INOX\",\"description\":\"\",\"publisher\":{\"@id\":\"https:\\\/\\\/mfinox.com\\\/es\\\/#organization\"},\"potentialAction\":[{\"@type\":\"SearchAction\",\"target\":{\"@type\":\"EntryPoint\",\"urlTemplate\":\"https:\\\/\\\/mfinox.com\\\/es\\\/?s={search_term_string}\"},\"query-input\":{\"@type\":\"PropertyValueSpecification\",\"valueRequired\":true,\"valueName\":\"search_term_string\"}}],\"inLanguage\":\"es\"},{\"@type\":\"Organization\",\"@id\":\"https:\\\/\\\/mfinox.com\\\/es\\\/#organization\",\"name\":\"M.F. INOX\",\"url\":\"https:\\\/\\\/mfinox.com\\\/es\\\/\",\"logo\":{\"@type\":\"ImageObject\",\"inLanguage\":\"es\",\"@id\":\"https:\\\/\\\/mfinox.com\\\/es\\\/#\\\/schema\\\/logo\\\/image\\\/\",\"url\":\"https:\\\/\\\/mfinox.com\\\/wp-content\\\/uploads\\\/2024\\\/05\\\/mf-inox_logo_neg.png\",\"contentUrl\":\"https:\\\/\\\/mfinox.com\\\/wp-content\\\/uploads\\\/2024\\\/05\\\/mf-inox_logo_neg.png\",\"width\":1949,\"height\":662,\"caption\":\"M.F. INOX\"},\"image\":{\"@id\":\"https:\\\/\\\/mfinox.com\\\/es\\\/#\\\/schema\\\/logo\\\/image\\\/\"}}]}<\/script>\n<!-- \/ Yoast SEO plugin. -->","yoast_head_json":{"title":"Acero inoxidable NITRONIC\u00ae 50 A193 B8R A479-S20910 XM-19 W 1.3964 - M.F. INOX","robots":{"index":"index","follow":"follow","max-snippet":"max-snippet:-1","max-image-preview":"max-image-preview:large","max-video-preview":"max-video-preview:-1"},"canonical":"https:\/\/mfinox.com\/es\/materiales\/acero-inoxidable-nitronic-50-a193-b8r-a479-s20910-xm-19-w-1-3964\/","og_locale":"es_ES","og_type":"article","og_title":"Acero inoxidable NITRONIC\u00ae 50 A193 B8R A479-S20910 XM-19 W 1.3964 - M.F. INOX","og_description":"NITRONIC\u00ae 50 A193 B8R A479-S20910 XM-19 W 1.3964 El Nitronic\u00ae 50 A193 B8R A479-S20910 XM-19 es un acero inoxidable que combina una excelente resistencia a la corrosi\u00f3n y resistencia mec\u00e1nica. Es un acero inoxidable austen\u00edtico que posee una mayor resistencia a la corrosi\u00f3n que los m\u00e1s cl\u00e1sicos AISI 316 y AISI 316L, as\u00ed como aproximadamente [&hellip;]","og_url":"https:\/\/mfinox.com\/es\/materiales\/acero-inoxidable-nitronic-50-a193-b8r-a479-s20910-xm-19-w-1-3964\/","og_site_name":"M.F. INOX","article_modified_time":"2024-10-25T11:40:23+00:00","twitter_card":"summary_large_image","twitter_misc":{"Tiempo de lectura":"2 minutos"},"schema":{"@context":"https:\/\/schema.org","@graph":[{"@type":"WebPage","@id":"https:\/\/mfinox.com\/es\/materiales\/acero-inoxidable-nitronic-50-a193-b8r-a479-s20910-xm-19-w-1-3964\/","url":"https:\/\/mfinox.com\/es\/materiales\/acero-inoxidable-nitronic-50-a193-b8r-a479-s20910-xm-19-w-1-3964\/","name":"Acero inoxidable NITRONIC\u00ae 50 A193 B8R A479-S20910 XM-19 W 1.3964 - M.F. INOX","isPartOf":{"@id":"https:\/\/mfinox.com\/es\/#website"},"datePublished":"2024-05-21T15:51:12+00:00","dateModified":"2024-10-25T11:40:23+00:00","breadcrumb":{"@id":"https:\/\/mfinox.com\/es\/materiales\/acero-inoxidable-nitronic-50-a193-b8r-a479-s20910-xm-19-w-1-3964\/#breadcrumb"},"inLanguage":"es","potentialAction":[{"@type":"ReadAction","target":["https:\/\/mfinox.com\/es\/materiales\/acero-inoxidable-nitronic-50-a193-b8r-a479-s20910-xm-19-w-1-3964\/"]}]},{"@type":"BreadcrumbList","@id":"https:\/\/mfinox.com\/es\/materiales\/acero-inoxidable-nitronic-50-a193-b8r-a479-s20910-xm-19-w-1-3964\/#breadcrumb","itemListElement":[{"@type":"ListItem","position":1,"name":"Home","item":"https:\/\/mfinox.com\/es\/"},{"@type":"ListItem","position":2,"name":"Materiales","item":"https:\/\/mfinox.com\/es\/materiales\/"},{"@type":"ListItem","position":3,"name":"Acero inoxidable NITRONIC\u00ae 50 A193 B8R A479-S20910 XM-19 W 1.3964"}]},{"@type":"WebSite","@id":"https:\/\/mfinox.com\/es\/#website","url":"https:\/\/mfinox.com\/es\/","name":"M.F. INOX","description":"","publisher":{"@id":"https:\/\/mfinox.com\/es\/#organization"},"potentialAction":[{"@type":"SearchAction","target":{"@type":"EntryPoint","urlTemplate":"https:\/\/mfinox.com\/es\/?s={search_term_string}"},"query-input":{"@type":"PropertyValueSpecification","valueRequired":true,"valueName":"search_term_string"}}],"inLanguage":"es"},{"@type":"Organization","@id":"https:\/\/mfinox.com\/es\/#organization","name":"M.F. INOX","url":"https:\/\/mfinox.com\/es\/","logo":{"@type":"ImageObject","inLanguage":"es","@id":"https:\/\/mfinox.com\/es\/#\/schema\/logo\/image\/","url":"https:\/\/mfinox.com\/wp-content\/uploads\/2024\/05\/mf-inox_logo_neg.png","contentUrl":"https:\/\/mfinox.com\/wp-content\/uploads\/2024\/05\/mf-inox_logo_neg.png","width":1949,"height":662,"caption":"M.F. INOX"},"image":{"@id":"https:\/\/mfinox.com\/es\/#\/schema\/logo\/image\/"}}]}},"_links":{"self":[{"href":"https:\/\/mfinox.com\/es\/wp-json\/wp\/v2\/pages\/5394","targetHints":{"allow":["GET"]}}],"collection":[{"href":"https:\/\/mfinox.com\/es\/wp-json\/wp\/v2\/pages"}],"about":[{"href":"https:\/\/mfinox.com\/es\/wp-json\/wp\/v2\/types\/page"}],"author":[{"embeddable":true,"href":"https:\/\/mfinox.com\/es\/wp-json\/wp\/v2\/users\/1"}],"replies":[{"embeddable":true,"href":"https:\/\/mfinox.com\/es\/wp-json\/wp\/v2\/comments?post=5394"}],"version-history":[{"count":0,"href":"https:\/\/mfinox.com\/es\/wp-json\/wp\/v2\/pages\/5394\/revisions"}],"up":[{"embeddable":true,"href":"https:\/\/mfinox.com\/es\/wp-json\/wp\/v2\/pages\/4513"}],"wp:attachment":[{"href":"https:\/\/mfinox.com\/es\/wp-json\/wp\/v2\/media?parent=5394"}],"curies":[{"name":"wp","href":"https:\/\/api.w.org\/{rel}","templated":true}]}}