{"id":5390,"date":"2024-06-18T16:46:26","date_gmt":"2024-06-18T16:46:26","guid":{"rendered":"https:\/\/mfinox.com\/materiales\/acero-inoxidable-austenitico-werkstoff-1-4550-aisi-347-uns-s34700\/"},"modified":"2024-09-04T10:18:16","modified_gmt":"2024-09-04T10:18:16","slug":"acero-inoxidable-austenitico-werkstoff-1-4550-aisi-347-uns-s34700","status":"publish","type":"page","link":"https:\/\/mfinox.com\/es\/materiales\/acero-inoxidable-austenitico-werkstoff-1-4550-aisi-347-uns-s34700\/","title":{"rendered":"Acero inoxidable austen\u00edtico Werkstoff 1.4550 AISI 347 UNS S34700"},"content":{"rendered":"\t\t<div data-elementor-type=\"wp-page\" data-elementor-id=\"5390\" class=\"elementor elementor-5390 elementor-2204\" data-elementor-post-type=\"page\">\n\t\t\t\t<div class=\"elementor-element elementor-element-5ba9879e e-flex e-con-boxed e-con e-parent\" data-id=\"5ba9879e\" data-element_type=\"container\" data-e-type=\"container\" data-settings=\"{&quot;background_background&quot;:&quot;classic&quot;}\">\n\t\t\t\t\t<div class=\"e-con-inner\">\n\t\t\t\t<div class=\"elementor-element elementor-element-32f6ae titolo-materiali elementor-invisible elementor-widget elementor-widget-heading\" data-id=\"32f6ae\" data-element_type=\"widget\" data-e-type=\"widget\" data-settings=\"{&quot;_animation&quot;:&quot;fadeIn&quot;}\" data-widget_type=\"heading.default\">\n\t\t\t\t<div class=\"elementor-widget-container\">\n\t\t\t\t\t<h1 class=\"elementor-heading-title elementor-size-default\">Werkstoff 1.4550 AISI 347 UNS S34700<\/h1>\t\t\t\t<\/div>\n\t\t\t\t<\/div>\n\t\t\t\t<div class=\"elementor-element elementor-element-2abb9dd2 elementor-invisible elementor-widget elementor-widget-shortcode\" data-id=\"2abb9dd2\" data-element_type=\"widget\" data-e-type=\"widget\" data-settings=\"{&quot;_animation&quot;:&quot;fadeIn&quot;}\" data-widget_type=\"shortcode.default\">\n\t\t\t\t<div class=\"elementor-widget-container\">\n\t\t\t\t\t\t\t<div class=\"elementor-shortcode\"><nav aria-label=\"breadcrumb\"><div class=\"breadcrumb\"><span class=\"breadcrumb-item\"><a href=\"https:\/\/mfinox.com\/es\/\" style=\"color: #F3912E;\">Home<\/a><\/span><\/div><\/nav><\/div>\n\t\t\t\t\t\t<\/div>\n\t\t\t\t<\/div>\n\t\t\t\t\t<\/div>\n\t\t\t\t<\/div>\n\t\t<div class=\"elementor-element elementor-element-48a514ff e-flex e-con-boxed elementor-invisible e-con e-parent\" data-id=\"48a514ff\" data-element_type=\"container\" data-e-type=\"container\" data-settings=\"{&quot;animation&quot;:&quot;fadeInUp&quot;}\">\n\t\t\t\t\t<div class=\"e-con-inner\">\n\t\t\t\t<div class=\"elementor-element elementor-element-6440ca42 elementor-widget elementor-widget-text-editor\" data-id=\"6440ca42\" data-element_type=\"widget\" data-e-type=\"widget\" data-widget_type=\"text-editor.default\">\n\t\t\t\t<div class=\"elementor-widget-container\">\n\t\t\t\t\t\t\t\t\tEl acero inoxidable austen\u00edtico Werkstoff AISI 347 UNS S34700 es una aleaci\u00f3n de hierro que contiene cromo y n\u00edquel adecuada para aplicaciones a alta temperatura.\nEste material tambi\u00e9n contiene cantidades limitadas de titanio y niobio, lo que lo hace resistente a la corrosi\u00f3n intergranular causada por la soldadura o el calentamiento a altas temperaturas.\nEl acero Werkstoff 1.4550 AISI 347 UNS S34700 tiene una buena resistencia a la corrosi\u00f3n en muchas condiciones ambientales, sobre todo en presencia de \u00e1cido clorh\u00eddrico, \u00e1cido sulf\u00farico y soluciones alcalinas.\nDebido a estas caracter\u00edsticas espec\u00edficas, se utiliza principalmente para la fabricaci\u00f3n de sistemas de fijaci\u00f3n para hornos intercambiadores de calor colectores de gases de escape turbinas de vapor y, por supuesto, en plantas petroqu\u00edmicas.     <h2><b>COMPOSICI\u00d3N QU\u00cdMICA Werkstoff 1.4550 AISI 347 UNS S34700<\/b><\/h2>\n<table class=\"responsive-table\">\n<tbody>\n<tr>\n<th>Elemento<\/th><th>M\u00edn<\/th><th>M\u00e1x<\/th>\n<\/tr>\n<tr>\n<td>C m\u00e1x<\/td><td><\/td><td>0.08<\/td>\n<\/tr>\n<tr>\n<td>S\u00ed m\u00e1x<\/td><td><\/td><td>1.00<\/td>\n<\/tr>\n<tr>\n<td>Mn m\u00e1x<\/td><td><\/td><td>2.0<\/td>\n<\/tr>\n<tr>\n<td>Cr<\/td><td>17.0<\/td><td>19.0<\/td>\n<\/tr>\n<tr>\n<td>Mo<\/td><td>3.00<\/td><td>4.00<\/td>\n<\/tr>\n<tr>\n<td>S m\u00e1x<\/td><td><\/td><td>0.015<\/td>\n<\/tr>\n<tr>\n<td>P m\u00e1x<\/td><td><\/td><td>0.045<\/td>\n<\/tr>\n<tr>\n<td>Ni<\/td><td>9.0<\/td><td>26.0<\/td>\n<\/tr>\n<tr>\n<td>Nb<\/td><td><\/td><td>&lt;1.00<\/td>\n<\/tr>\n<\/tbody>\n<\/table>\n<h2><b>CARACTER\u00cdSTICAS MEC\u00c1NICAS Werkstoff 1.4550 AISI 347 UNS S34700<\/b><\/h2>\n<table class=\"responsive-table\">\n<tbody>\n<tr>\n<th>Material<\/th>\n<th>Liga<\/th>\n<th>Rm MPa<\/th>\n<th>Rp 0,2 min MPa<\/th>\n<th>A% min<\/th>\n<th>Dureza<\/th>\n<\/tr>\n<tr>\n<td>AISI 347 UNS S34700<\/td>\n<td>1.4450<\/td>\n<td>500 &#8211; 700<\/td>\n<td>205<\/td>\n<td>40-30<\/td>\n<td>&lt;  215 HB<\/td>\n<\/tr>\n<\/tbody>\n<\/table>\n<h2><b>PROPIEDADES F\u00cdSICAS Werkstoff 1.4550 AISI 347 UNS S34700<\/b><\/h2>\n<ul>\n \t<li>Peso espec\u00edfico: Kg\/cm\u00b3 20\u00b0C &#8211; 79 Kg\/dm\u00b3<\/li>\n \t<li>M\u00f3dulo de elasticidad: N\/mm\u00b2 20\u00b0C &#8211; 215.000<\/li>\n \t<li>Conductividad t\u00e9rmica: W\/m.K. (20\u00b0C) &#8211; 14,0<\/li>\n \t<li>No magn\u00e9tico<\/li>\n<\/ul>\n&nbsp;\n<h2><b>CORRESPONDENCIAS Y ESPECIFICACIONES Werkstoff 1.4550 AISI 347 UNS S34700<\/b><\/h2>\n<ul>\n \t<li>EN 10088\/3: X6CrNiNb18-10<\/li>\n \t<li>W: 1.4438<\/li>\n \t<li>AISI: 347<\/li>\n \t<li>UNS: S34700<\/li>\n \t<li>ASTM: A182 A479 A276<\/li>\n<\/ul>\n\t\t<div data-elementor-type=\"section\" data-elementor-id=\"2152\" class=\"elementor elementor-2152\" data-elementor-post-type=\"elementor_library\">\n\t\t\t<div class=\"elementor-element elementor-element-1a5312d e-flex e-con-boxed e-con e-parent\" data-id=\"1a5312d\" data-element_type=\"container\" data-e-type=\"container\">\n\t\t\t\t\t<div class=\"e-con-inner\">\n\t\t\t\t<div class=\"elementor-element elementor-element-703a4b7 elementor-widget elementor-widget-spacer\" data-id=\"703a4b7\" data-element_type=\"widget\" data-e-type=\"widget\" data-widget_type=\"spacer.default\">\n\t\t\t\t<div class=\"elementor-widget-container\">\n\t\t\t\t\t\t\t<div class=\"elementor-spacer\">\n\t\t\t<div class=\"elementor-spacer-inner\"><\/div>\n\t\t<\/div>\n\t\t\t\t\t\t<\/div>\n\t\t\t\t<\/div>\n\t\t\t\t\t<\/div>\n\t\t\t\t<\/div>\n\t\t\t\t<\/div>\n\t\t\t\t\t\t\t\t\t\t<\/div>\n\t\t\t\t<\/div>\n\t\t\t\t\t<\/div>\n\t\t\t\t<\/div>\n\t\t\t\t<\/div>\n\t\t","protected":false},"excerpt":{"rendered":"<p>Werkstoff 1.4550 AISI 347 UNS S34700 El acero inoxidable austen\u00edtico Werkstoff AISI 347 UNS S34700 es una aleaci\u00f3n de hierro que contiene cromo y n\u00edquel adecuada para aplicaciones a alta temperatura. Este material tambi\u00e9n contiene cantidades limitadas de titanio y niobio, lo que lo hace resistente a la corrosi\u00f3n intergranular causada por la soldadura o [&hellip;]<\/p>\n","protected":false},"author":1,"featured_media":0,"parent":4513,"menu_order":0,"comment_status":"closed","ping_status":"closed","template":"","meta":{"footnotes":""},"class_list":["post-5390","page","type-page","status-publish","hentry"],"yoast_head":"<!-- This site is optimized with the Yoast SEO plugin v27.6 - https:\/\/yoast.com\/product\/yoast-seo-wordpress\/ -->\n<title>Acero inoxidable austen\u00edtico Werkstoff 1.4550 AISI 347 UNS S34700 - M.F. INOX<\/title>\n<meta name=\"robots\" content=\"index, follow, max-snippet:-1, max-image-preview:large, max-video-preview:-1\" \/>\n<link rel=\"canonical\" href=\"https:\/\/mfinox.com\/es\/materiales\/acero-inoxidable-austenitico-werkstoff-1-4550-aisi-347-uns-s34700\/\" \/>\n<meta property=\"og:locale\" content=\"es_ES\" \/>\n<meta property=\"og:type\" content=\"article\" \/>\n<meta property=\"og:title\" content=\"Acero inoxidable austen\u00edtico Werkstoff 1.4550 AISI 347 UNS S34700 - M.F. INOX\" \/>\n<meta property=\"og:description\" content=\"Werkstoff 1.4550 AISI 347 UNS S34700 El acero inoxidable austen\u00edtico Werkstoff AISI 347 UNS S34700 es una aleaci\u00f3n de hierro que contiene cromo y n\u00edquel adecuada para aplicaciones a alta temperatura. Este material tambi\u00e9n contiene cantidades limitadas de titanio y niobio, lo que lo hace resistente a la corrosi\u00f3n intergranular causada por la soldadura o [&hellip;]\" \/>\n<meta property=\"og:url\" content=\"https:\/\/mfinox.com\/es\/materiales\/acero-inoxidable-austenitico-werkstoff-1-4550-aisi-347-uns-s34700\/\" \/>\n<meta property=\"og:site_name\" content=\"M.F. INOX\" \/>\n<meta property=\"article:modified_time\" content=\"2024-09-04T10:18:16+00:00\" \/>\n<meta name=\"twitter:card\" content=\"summary_large_image\" \/>\n<meta name=\"twitter:label1\" content=\"Tiempo de lectura\" \/>\n\t<meta name=\"twitter:data1\" content=\"1 minuto\" \/>\n<script type=\"application\/ld+json\" class=\"yoast-schema-graph\">{\"@context\":\"https:\\\/\\\/schema.org\",\"@graph\":[{\"@type\":\"WebPage\",\"@id\":\"https:\\\/\\\/mfinox.com\\\/es\\\/materiales\\\/acero-inoxidable-austenitico-werkstoff-1-4550-aisi-347-uns-s34700\\\/\",\"url\":\"https:\\\/\\\/mfinox.com\\\/es\\\/materiales\\\/acero-inoxidable-austenitico-werkstoff-1-4550-aisi-347-uns-s34700\\\/\",\"name\":\"Acero inoxidable austen\u00edtico Werkstoff 1.4550 AISI 347 UNS S34700 - M.F. INOX\",\"isPartOf\":{\"@id\":\"https:\\\/\\\/mfinox.com\\\/es\\\/#website\"},\"datePublished\":\"2024-06-18T16:46:26+00:00\",\"dateModified\":\"2024-09-04T10:18:16+00:00\",\"breadcrumb\":{\"@id\":\"https:\\\/\\\/mfinox.com\\\/es\\\/materiales\\\/acero-inoxidable-austenitico-werkstoff-1-4550-aisi-347-uns-s34700\\\/#breadcrumb\"},\"inLanguage\":\"es\",\"potentialAction\":[{\"@type\":\"ReadAction\",\"target\":[\"https:\\\/\\\/mfinox.com\\\/es\\\/materiales\\\/acero-inoxidable-austenitico-werkstoff-1-4550-aisi-347-uns-s34700\\\/\"]}]},{\"@type\":\"BreadcrumbList\",\"@id\":\"https:\\\/\\\/mfinox.com\\\/es\\\/materiales\\\/acero-inoxidable-austenitico-werkstoff-1-4550-aisi-347-uns-s34700\\\/#breadcrumb\",\"itemListElement\":[{\"@type\":\"ListItem\",\"position\":1,\"name\":\"Home\",\"item\":\"https:\\\/\\\/mfinox.com\\\/es\\\/\"},{\"@type\":\"ListItem\",\"position\":2,\"name\":\"Materiales\",\"item\":\"https:\\\/\\\/mfinox.com\\\/es\\\/materiales\\\/\"},{\"@type\":\"ListItem\",\"position\":3,\"name\":\"Acero inoxidable austen\u00edtico Werkstoff 1.4550 AISI 347 UNS S34700\"}]},{\"@type\":\"WebSite\",\"@id\":\"https:\\\/\\\/mfinox.com\\\/es\\\/#website\",\"url\":\"https:\\\/\\\/mfinox.com\\\/es\\\/\",\"name\":\"M.F. INOX\",\"description\":\"\",\"publisher\":{\"@id\":\"https:\\\/\\\/mfinox.com\\\/es\\\/#organization\"},\"potentialAction\":[{\"@type\":\"SearchAction\",\"target\":{\"@type\":\"EntryPoint\",\"urlTemplate\":\"https:\\\/\\\/mfinox.com\\\/es\\\/?s={search_term_string}\"},\"query-input\":{\"@type\":\"PropertyValueSpecification\",\"valueRequired\":true,\"valueName\":\"search_term_string\"}}],\"inLanguage\":\"es\"},{\"@type\":\"Organization\",\"@id\":\"https:\\\/\\\/mfinox.com\\\/es\\\/#organization\",\"name\":\"M.F. INOX\",\"url\":\"https:\\\/\\\/mfinox.com\\\/es\\\/\",\"logo\":{\"@type\":\"ImageObject\",\"inLanguage\":\"es\",\"@id\":\"https:\\\/\\\/mfinox.com\\\/es\\\/#\\\/schema\\\/logo\\\/image\\\/\",\"url\":\"https:\\\/\\\/mfinox.com\\\/wp-content\\\/uploads\\\/2024\\\/05\\\/mf-inox_logo_neg.png\",\"contentUrl\":\"https:\\\/\\\/mfinox.com\\\/wp-content\\\/uploads\\\/2024\\\/05\\\/mf-inox_logo_neg.png\",\"width\":1949,\"height\":662,\"caption\":\"M.F. INOX\"},\"image\":{\"@id\":\"https:\\\/\\\/mfinox.com\\\/es\\\/#\\\/schema\\\/logo\\\/image\\\/\"}}]}<\/script>\n<!-- \/ Yoast SEO plugin. -->","yoast_head_json":{"title":"Acero inoxidable austen\u00edtico Werkstoff 1.4550 AISI 347 UNS S34700 - M.F. INOX","robots":{"index":"index","follow":"follow","max-snippet":"max-snippet:-1","max-image-preview":"max-image-preview:large","max-video-preview":"max-video-preview:-1"},"canonical":"https:\/\/mfinox.com\/es\/materiales\/acero-inoxidable-austenitico-werkstoff-1-4550-aisi-347-uns-s34700\/","og_locale":"es_ES","og_type":"article","og_title":"Acero inoxidable austen\u00edtico Werkstoff 1.4550 AISI 347 UNS S34700 - M.F. INOX","og_description":"Werkstoff 1.4550 AISI 347 UNS S34700 El acero inoxidable austen\u00edtico Werkstoff AISI 347 UNS S34700 es una aleaci\u00f3n de hierro que contiene cromo y n\u00edquel adecuada para aplicaciones a alta temperatura. Este material tambi\u00e9n contiene cantidades limitadas de titanio y niobio, lo que lo hace resistente a la corrosi\u00f3n intergranular causada por la soldadura o [&hellip;]","og_url":"https:\/\/mfinox.com\/es\/materiales\/acero-inoxidable-austenitico-werkstoff-1-4550-aisi-347-uns-s34700\/","og_site_name":"M.F. INOX","article_modified_time":"2024-09-04T10:18:16+00:00","twitter_card":"summary_large_image","twitter_misc":{"Tiempo de lectura":"1 minuto"},"schema":{"@context":"https:\/\/schema.org","@graph":[{"@type":"WebPage","@id":"https:\/\/mfinox.com\/es\/materiales\/acero-inoxidable-austenitico-werkstoff-1-4550-aisi-347-uns-s34700\/","url":"https:\/\/mfinox.com\/es\/materiales\/acero-inoxidable-austenitico-werkstoff-1-4550-aisi-347-uns-s34700\/","name":"Acero inoxidable austen\u00edtico Werkstoff 1.4550 AISI 347 UNS S34700 - M.F. INOX","isPartOf":{"@id":"https:\/\/mfinox.com\/es\/#website"},"datePublished":"2024-06-18T16:46:26+00:00","dateModified":"2024-09-04T10:18:16+00:00","breadcrumb":{"@id":"https:\/\/mfinox.com\/es\/materiales\/acero-inoxidable-austenitico-werkstoff-1-4550-aisi-347-uns-s34700\/#breadcrumb"},"inLanguage":"es","potentialAction":[{"@type":"ReadAction","target":["https:\/\/mfinox.com\/es\/materiales\/acero-inoxidable-austenitico-werkstoff-1-4550-aisi-347-uns-s34700\/"]}]},{"@type":"BreadcrumbList","@id":"https:\/\/mfinox.com\/es\/materiales\/acero-inoxidable-austenitico-werkstoff-1-4550-aisi-347-uns-s34700\/#breadcrumb","itemListElement":[{"@type":"ListItem","position":1,"name":"Home","item":"https:\/\/mfinox.com\/es\/"},{"@type":"ListItem","position":2,"name":"Materiales","item":"https:\/\/mfinox.com\/es\/materiales\/"},{"@type":"ListItem","position":3,"name":"Acero inoxidable austen\u00edtico Werkstoff 1.4550 AISI 347 UNS S34700"}]},{"@type":"WebSite","@id":"https:\/\/mfinox.com\/es\/#website","url":"https:\/\/mfinox.com\/es\/","name":"M.F. INOX","description":"","publisher":{"@id":"https:\/\/mfinox.com\/es\/#organization"},"potentialAction":[{"@type":"SearchAction","target":{"@type":"EntryPoint","urlTemplate":"https:\/\/mfinox.com\/es\/?s={search_term_string}"},"query-input":{"@type":"PropertyValueSpecification","valueRequired":true,"valueName":"search_term_string"}}],"inLanguage":"es"},{"@type":"Organization","@id":"https:\/\/mfinox.com\/es\/#organization","name":"M.F. INOX","url":"https:\/\/mfinox.com\/es\/","logo":{"@type":"ImageObject","inLanguage":"es","@id":"https:\/\/mfinox.com\/es\/#\/schema\/logo\/image\/","url":"https:\/\/mfinox.com\/wp-content\/uploads\/2024\/05\/mf-inox_logo_neg.png","contentUrl":"https:\/\/mfinox.com\/wp-content\/uploads\/2024\/05\/mf-inox_logo_neg.png","width":1949,"height":662,"caption":"M.F. INOX"},"image":{"@id":"https:\/\/mfinox.com\/es\/#\/schema\/logo\/image\/"}}]}},"_links":{"self":[{"href":"https:\/\/mfinox.com\/es\/wp-json\/wp\/v2\/pages\/5390","targetHints":{"allow":["GET"]}}],"collection":[{"href":"https:\/\/mfinox.com\/es\/wp-json\/wp\/v2\/pages"}],"about":[{"href":"https:\/\/mfinox.com\/es\/wp-json\/wp\/v2\/types\/page"}],"author":[{"embeddable":true,"href":"https:\/\/mfinox.com\/es\/wp-json\/wp\/v2\/users\/1"}],"replies":[{"embeddable":true,"href":"https:\/\/mfinox.com\/es\/wp-json\/wp\/v2\/comments?post=5390"}],"version-history":[{"count":0,"href":"https:\/\/mfinox.com\/es\/wp-json\/wp\/v2\/pages\/5390\/revisions"}],"up":[{"embeddable":true,"href":"https:\/\/mfinox.com\/es\/wp-json\/wp\/v2\/pages\/4513"}],"wp:attachment":[{"href":"https:\/\/mfinox.com\/es\/wp-json\/wp\/v2\/media?parent=5390"}],"curies":[{"name":"wp","href":"https:\/\/api.w.org\/{rel}","templated":true}]}}