{"id":5384,"date":"2024-05-21T15:24:08","date_gmt":"2024-05-21T15:24:08","guid":{"rendered":"https:\/\/mfinox.com\/materiales\/acero-inoxidable-astm-a193-b8t-a320-b8t-aisi-321-w-1-4541\/"},"modified":"2024-09-04T10:13:27","modified_gmt":"2024-09-04T10:13:27","slug":"acero-inoxidable-astm-a193-b8t-a320-b8t-aisi-321-w-1-4541","status":"publish","type":"page","link":"https:\/\/mfinox.com\/es\/materiales\/acero-inoxidable-astm-a193-b8t-a320-b8t-aisi-321-w-1-4541\/","title":{"rendered":"Acero inoxidable ASTM A193 B8T A320 B8T AISI 321 W. 1.4541"},"content":{"rendered":"\t\t<div data-elementor-type=\"wp-page\" data-elementor-id=\"5384\" class=\"elementor elementor-5384 elementor-772\" data-elementor-post-type=\"page\">\n\t\t\t\t<div class=\"elementor-element elementor-element-75f0bcc3 e-flex e-con-boxed e-con e-parent\" data-id=\"75f0bcc3\" data-element_type=\"container\" data-e-type=\"container\" data-settings=\"{&quot;background_background&quot;:&quot;classic&quot;}\">\n\t\t\t\t\t<div class=\"e-con-inner\">\n\t\t\t\t<div class=\"elementor-element elementor-element-202a6ddc titolo-materiali elementor-invisible elementor-widget elementor-widget-heading\" data-id=\"202a6ddc\" data-element_type=\"widget\" data-e-type=\"widget\" data-settings=\"{&quot;_animation&quot;:&quot;fadeIn&quot;}\" data-widget_type=\"heading.default\">\n\t\t\t\t<div class=\"elementor-widget-container\">\n\t\t\t\t\t<h1 class=\"elementor-heading-title elementor-size-default\">ASTM A193 B8T A320 B8T AISI 321 W. 1.4541<\/h1>\t\t\t\t<\/div>\n\t\t\t\t<\/div>\n\t\t\t\t<div class=\"elementor-element elementor-element-4ca3d3b4 elementor-invisible elementor-widget elementor-widget-shortcode\" data-id=\"4ca3d3b4\" data-element_type=\"widget\" data-e-type=\"widget\" data-settings=\"{&quot;_animation&quot;:&quot;fadeIn&quot;}\" data-widget_type=\"shortcode.default\">\n\t\t\t\t<div class=\"elementor-widget-container\">\n\t\t\t\t\t\t\t<div class=\"elementor-shortcode\"><nav aria-label=\"breadcrumb\"><div class=\"breadcrumb\"><span class=\"breadcrumb-item\"><a href=\"https:\/\/mfinox.com\/es\/\" style=\"color: #F3912E;\">Home<\/a><\/span><\/div><\/nav><\/div>\n\t\t\t\t\t\t<\/div>\n\t\t\t\t<\/div>\n\t\t\t\t\t<\/div>\n\t\t\t\t<\/div>\n\t\t<div class=\"elementor-element elementor-element-527d470a e-flex e-con-boxed elementor-invisible e-con e-parent\" data-id=\"527d470a\" data-element_type=\"container\" data-e-type=\"container\" data-settings=\"{&quot;animation&quot;:&quot;fadeInUp&quot;}\">\n\t\t\t\t\t<div class=\"e-con-inner\">\n\t\t\t\t<div class=\"elementor-element elementor-element-3b23012 elementor-widget elementor-widget-text-editor\" data-id=\"3b23012\" data-element_type=\"widget\" data-e-type=\"widget\" data-widget_type=\"text-editor.default\">\n\t\t\t\t<div class=\"elementor-widget-container\">\n\t\t\t\t\t\t\t\t\tLa especificaci\u00f3n ASTM A193 grado B8T A320 grado B8T define las caracter\u00edsticas t\u00e9cnicas de los elementos de fijaci\u00f3n de acero inoxidable para aplicaciones en recipientes a presi\u00f3n en presencia de altas temperaturas (temperatura de servicio 800\u00b0C); este tipo de elementos de fijaci\u00f3n se utiliza ampliamente en los sectores qu\u00edmico, minero y energ\u00e9tico del petr\u00f3leo y el gas.\nLas especificaciones de ASME SA 193 B8T se hacen eco de las especificaciones t\u00e9cnicas de ASTM A193 B8T A320 B8T.   <h2><b>COMPOSICI\u00d3N QU\u00cdMICA ASTM A193 B8T A320 B8T AISI 321 W. 1.4541<\/b><\/h2>\n<table class=\"responsive-table\">\n<thead>\n<tr>\n<th>Elemento<\/th><th>Contenido<\/th>\n<\/tr>\n<\/thead>\n<tbody>\n<tr>\n<td data-label=\"Elemento\">C m\u00e1x<\/td><td data-label=\"Contenuto\">0.08<\/td>\n<\/tr>\n<tr>\n<td data-label=\"Elemento\">S m\u00e1x<\/td><td data-label=\"Contenuto\">0.03<\/td>\n<\/tr>\n<tr>\n<td data-label=\"Elemento\">P m\u00e1x<\/td><td data-label=\"Contenuto\">0.045<\/td>\n<\/tr>\n<tr>\n<td data-label=\"Elemento\">S\u00ed m\u00e1x.<\/td><td data-label=\"Contenuto\">1.0<\/td>\n<\/tr>\n<tr>\n<td data-label=\"Elemento\">Mn m\u00e1x<\/td><td data-label=\"Contenuto\">2.0<\/td>\n<\/tr>\n<tr>\n<td data-label=\"Elemento\">Cr<\/td><td data-label=\"Contenuto\">17.0-19.0<\/td>\n<\/tr>\n<tr>\n<td data-label=\"Elemento\">Ni<\/td><td data-label=\"Contenuto\">9.0-12.0<\/td>\n<\/tr>\n<tr>\n<td data-label=\"Elemento\">Ti<\/td><td data-label=\"Contenuto\">5x(C+N) m\u00edn., 0,70 m\u00e1x.<\/td>\n<\/tr>\n<tr>\n<td data-label=\"Elemento\">N m\u00e1x.<\/td><td data-label=\"Contenuto\">0.10<\/td>\n<\/tr>\n<\/tbody>\n<\/table>\n<h2><b>CARACTER\u00cdSTICAS MEC\u00c1NICAS ASTM A193 B8T A320 B8T AISI 321 W. 1.4541<\/b><\/h2>\n<table class=\"responsive-table\">\n<thead>\n<tr>\n<th>Material<\/th>\n<th>Liga<\/th>\n<th>Rm min (MPa)<\/th>\n<th>Rp 0,2 min (MPa)<\/th>\n<th>A% min<\/th>\n<th>Z% min<\/th>\n<th>Dureza m\u00e1x. (HB)<\/th>\n<\/tr>\n<\/thead>\n<tbody>\n<tr>\n<td data-label=\"Materiale\">ASTM A193 B8T Clase 1<\/td>\n<td data-label=\"Lega\">1.4541<\/td>\n<td data-label=\"Rm min (MPa)\">515<\/td>\n<td data-label=\"Rp 0.2 min (MPa)\">205<\/td>\n<td data-label=\"A% min\">30<\/td>\n<td data-label=\"Z% min\">50<\/td>\n<td data-label=\"Durezza max (HB)\">223<\/td>\n<\/tr>\n<tr>\n<td data-label=\"Materiale\">ASTM A193 B8T Clase 2 \u2264 20 mm<\/td>\n<td data-label=\"Lega\">1.4541<\/td>\n<td data-label=\"Rm min (MPa)\">860<\/td>\n<td data-label=\"Rp 0.2 min (MPa)\">690<\/td>\n<td data-label=\"A% min\">12<\/td>\n<td data-label=\"Z% min\">35<\/td>\n<td data-label=\"Durezza max (HB)\">321<\/td>\n<\/tr>\n<tr>\n<td data-label=\"Materiale\">&gt; &lt; ASTM A193 B8T Clase 2 20 mm 24 mm<\/td>\n<td data-label=\"Lega\">1.4541<\/td>\n<td data-label=\"Rm min (MPa)\">795<\/td>\n<td data-label=\"Rp 0.2 min (MPa)\">550<\/td>\n<td data-label=\"A% min\">12<\/td>\n<td data-label=\"Z% min\">35<\/td>\n<td data-label=\"Durezza max (HB)\">321<\/td>\n<\/tr>\n<tr>\n<td data-label=\"Materiale\">&gt; &lt; ASTM A193 B8T Clase 2 24 mm 30 mm<\/td>\n<td data-label=\"Lega\">1.4541<\/td>\n<td data-label=\"Rm min (MPa)\">725<\/td>\n<td data-label=\"Rp 0.2 min (MPa)\">450<\/td>\n<td data-label=\"A% min\">20<\/td>\n<td data-label=\"Z% min\">35<\/td>\n<td data-label=\"Durezza max (HB)\">321<\/td>\n<\/tr>\n<tr>\n<td data-label=\"Materiale\">&gt; &lt; ASTM A193 B8T Clase 2 30 mm 36 mm<\/td>\n<td data-label=\"Lega\">1.4541<\/td>\n<td data-label=\"Rm min (MPa)\">690<\/td>\n<td data-label=\"Rp 0.2 min (MPa)\">345<\/td>\n<td data-label=\"A% min\">28<\/td>\n<td data-label=\"Z% min\">45<\/td>\n<td data-label=\"Durezza max (HB)\">321<\/td>\n<\/tr>\n<\/tbody>\n<\/table>\n<h2><b>PROPIEDADES F\u00cdSICAS ASTM A193 B8T A320 B8T AISI 321 W. 1.4541<\/b><\/h2>\n<ul>\n \t<li><strong>Densidad<\/strong>: 7,9 g\/cm\u00b3 a 20\u00b0C<\/li>\n \t<li><strong>M\u00f3dulo de elasticidad<\/strong>: 200.000 N\/mm\u00b2 a 20\u00b0C<\/li>\n \t<li><strong>Conductividad t\u00e9rmica<\/strong>: 14,6 W\/m.K a 20\u00b0C<\/li>\n \t<li><strong>Calor espec\u00edfico<\/strong>: 500 J\/g.K a 20\u00b0C<\/li>\n \t<li><strong>Coeficientes de dilataci\u00f3n lineal<\/strong>: 16,5 (20\u00b0 &#8211; 200\u00b0C), 17,5 (20\u00b0 &#8211; 400\u00b0C), 18,5 (20\u00b0 &#8211; 600\u00b0C)<\/li>\n \t<li><strong>Resistividad el\u00e9ctrica<\/strong>: 0,73 \u03a9 mm\u00b2\/m a 20\u00b0C<\/li>\n \t<li><strong>No es magn\u00e9tico.<\/strong><\/li>\n<\/ul>\n<h2><b>CORRESPONDENCIA ASTM A193 B8T A320 B8T AISI 321 W. 1.4541<\/b><\/h2>\n<ul>\n \t<li>EN 10088\/3: X6 Cr Ni Ti 18 10<\/li>\n \t<li>W: 1.4541<\/li>\n \t<li>JIS: G4303 &#8211; SUS321<\/li>\n \t<li>AISI: 321<\/li>\n \t<li>ISO 3506-1\/2<\/li>\n<\/ul>\n\t\t<div data-elementor-type=\"section\" data-elementor-id=\"2152\" class=\"elementor elementor-2152\" data-elementor-post-type=\"elementor_library\">\n\t\t\t<div class=\"elementor-element elementor-element-1a5312d e-flex e-con-boxed e-con e-parent\" data-id=\"1a5312d\" data-element_type=\"container\" data-e-type=\"container\">\n\t\t\t\t\t<div class=\"e-con-inner\">\n\t\t\t\t<div class=\"elementor-element elementor-element-703a4b7 elementor-widget elementor-widget-spacer\" data-id=\"703a4b7\" data-element_type=\"widget\" data-e-type=\"widget\" data-widget_type=\"spacer.default\">\n\t\t\t\t<div class=\"elementor-widget-container\">\n\t\t\t\t\t\t\t<div class=\"elementor-spacer\">\n\t\t\t<div class=\"elementor-spacer-inner\"><\/div>\n\t\t<\/div>\n\t\t\t\t\t\t<\/div>\n\t\t\t\t<\/div>\n\t\t\t\t\t<\/div>\n\t\t\t\t<\/div>\n\t\t\t\t<\/div>\n\t\t\t\t\t\t\t\t\t\t<\/div>\n\t\t\t\t<\/div>\n\t\t\t\t\t<\/div>\n\t\t\t\t<\/div>\n\t\t\t\t<\/div>\n\t\t","protected":false},"excerpt":{"rendered":"<p>ASTM A193 B8T A320 B8T AISI 321 W. 1.4541 La especificaci\u00f3n ASTM A193 grado B8T A320 grado B8T define las caracter\u00edsticas t\u00e9cnicas de los elementos de fijaci\u00f3n de acero inoxidable para aplicaciones en recipientes a presi\u00f3n en presencia de altas temperaturas (temperatura de servicio 800\u00b0C); este tipo de elementos de fijaci\u00f3n se utiliza ampliamente en [&hellip;]<\/p>\n","protected":false},"author":1,"featured_media":0,"parent":4513,"menu_order":0,"comment_status":"closed","ping_status":"closed","template":"","meta":{"footnotes":""},"class_list":["post-5384","page","type-page","status-publish","hentry"],"yoast_head":"<!-- This site is optimized with the Yoast SEO plugin v27.6 - https:\/\/yoast.com\/product\/yoast-seo-wordpress\/ -->\n<title>Acero inoxidable ASTM A193 B8T A320 B8T AISI 321 W. 1.4541 - M.F. INOX<\/title>\n<meta name=\"robots\" content=\"index, follow, max-snippet:-1, max-image-preview:large, max-video-preview:-1\" \/>\n<link rel=\"canonical\" href=\"https:\/\/mfinox.com\/es\/materiales\/acero-inoxidable-astm-a193-b8t-a320-b8t-aisi-321-w-1-4541\/\" \/>\n<meta property=\"og:locale\" content=\"es_ES\" \/>\n<meta property=\"og:type\" content=\"article\" \/>\n<meta property=\"og:title\" content=\"Acero inoxidable ASTM A193 B8T A320 B8T AISI 321 W. 1.4541 - M.F. INOX\" \/>\n<meta property=\"og:description\" content=\"ASTM A193 B8T A320 B8T AISI 321 W. 1.4541 La especificaci\u00f3n ASTM A193 grado B8T A320 grado B8T define las caracter\u00edsticas t\u00e9cnicas de los elementos de fijaci\u00f3n de acero inoxidable para aplicaciones en recipientes a presi\u00f3n en presencia de altas temperaturas (temperatura de servicio 800\u00b0C); este tipo de elementos de fijaci\u00f3n se utiliza ampliamente en [&hellip;]\" \/>\n<meta property=\"og:url\" content=\"https:\/\/mfinox.com\/es\/materiales\/acero-inoxidable-astm-a193-b8t-a320-b8t-aisi-321-w-1-4541\/\" \/>\n<meta property=\"og:site_name\" content=\"M.F. INOX\" \/>\n<meta property=\"article:modified_time\" content=\"2024-09-04T10:13:27+00:00\" \/>\n<meta name=\"twitter:card\" content=\"summary_large_image\" \/>\n<meta name=\"twitter:label1\" content=\"Tiempo de lectura\" \/>\n\t<meta name=\"twitter:data1\" content=\"2 minutos\" \/>\n<script type=\"application\/ld+json\" class=\"yoast-schema-graph\">{\"@context\":\"https:\\\/\\\/schema.org\",\"@graph\":[{\"@type\":\"WebPage\",\"@id\":\"https:\\\/\\\/mfinox.com\\\/es\\\/materiales\\\/acero-inoxidable-astm-a193-b8t-a320-b8t-aisi-321-w-1-4541\\\/\",\"url\":\"https:\\\/\\\/mfinox.com\\\/es\\\/materiales\\\/acero-inoxidable-astm-a193-b8t-a320-b8t-aisi-321-w-1-4541\\\/\",\"name\":\"Acero inoxidable ASTM A193 B8T A320 B8T AISI 321 W. 1.4541 - M.F. INOX\",\"isPartOf\":{\"@id\":\"https:\\\/\\\/mfinox.com\\\/es\\\/#website\"},\"datePublished\":\"2024-05-21T15:24:08+00:00\",\"dateModified\":\"2024-09-04T10:13:27+00:00\",\"breadcrumb\":{\"@id\":\"https:\\\/\\\/mfinox.com\\\/es\\\/materiales\\\/acero-inoxidable-astm-a193-b8t-a320-b8t-aisi-321-w-1-4541\\\/#breadcrumb\"},\"inLanguage\":\"es\",\"potentialAction\":[{\"@type\":\"ReadAction\",\"target\":[\"https:\\\/\\\/mfinox.com\\\/es\\\/materiales\\\/acero-inoxidable-astm-a193-b8t-a320-b8t-aisi-321-w-1-4541\\\/\"]}]},{\"@type\":\"BreadcrumbList\",\"@id\":\"https:\\\/\\\/mfinox.com\\\/es\\\/materiales\\\/acero-inoxidable-astm-a193-b8t-a320-b8t-aisi-321-w-1-4541\\\/#breadcrumb\",\"itemListElement\":[{\"@type\":\"ListItem\",\"position\":1,\"name\":\"Home\",\"item\":\"https:\\\/\\\/mfinox.com\\\/es\\\/\"},{\"@type\":\"ListItem\",\"position\":2,\"name\":\"Materiales\",\"item\":\"https:\\\/\\\/mfinox.com\\\/es\\\/materiales\\\/\"},{\"@type\":\"ListItem\",\"position\":3,\"name\":\"Acero inoxidable ASTM A193 B8T A320 B8T AISI 321 W. 1.4541\"}]},{\"@type\":\"WebSite\",\"@id\":\"https:\\\/\\\/mfinox.com\\\/es\\\/#website\",\"url\":\"https:\\\/\\\/mfinox.com\\\/es\\\/\",\"name\":\"M.F. INOX\",\"description\":\"\",\"publisher\":{\"@id\":\"https:\\\/\\\/mfinox.com\\\/es\\\/#organization\"},\"potentialAction\":[{\"@type\":\"SearchAction\",\"target\":{\"@type\":\"EntryPoint\",\"urlTemplate\":\"https:\\\/\\\/mfinox.com\\\/es\\\/?s={search_term_string}\"},\"query-input\":{\"@type\":\"PropertyValueSpecification\",\"valueRequired\":true,\"valueName\":\"search_term_string\"}}],\"inLanguage\":\"es\"},{\"@type\":\"Organization\",\"@id\":\"https:\\\/\\\/mfinox.com\\\/es\\\/#organization\",\"name\":\"M.F. INOX\",\"url\":\"https:\\\/\\\/mfinox.com\\\/es\\\/\",\"logo\":{\"@type\":\"ImageObject\",\"inLanguage\":\"es\",\"@id\":\"https:\\\/\\\/mfinox.com\\\/es\\\/#\\\/schema\\\/logo\\\/image\\\/\",\"url\":\"https:\\\/\\\/mfinox.com\\\/wp-content\\\/uploads\\\/2024\\\/05\\\/mf-inox_logo_neg.png\",\"contentUrl\":\"https:\\\/\\\/mfinox.com\\\/wp-content\\\/uploads\\\/2024\\\/05\\\/mf-inox_logo_neg.png\",\"width\":1949,\"height\":662,\"caption\":\"M.F. INOX\"},\"image\":{\"@id\":\"https:\\\/\\\/mfinox.com\\\/es\\\/#\\\/schema\\\/logo\\\/image\\\/\"}}]}<\/script>\n<!-- \/ Yoast SEO plugin. -->","yoast_head_json":{"title":"Acero inoxidable ASTM A193 B8T A320 B8T AISI 321 W. 1.4541 - M.F. INOX","robots":{"index":"index","follow":"follow","max-snippet":"max-snippet:-1","max-image-preview":"max-image-preview:large","max-video-preview":"max-video-preview:-1"},"canonical":"https:\/\/mfinox.com\/es\/materiales\/acero-inoxidable-astm-a193-b8t-a320-b8t-aisi-321-w-1-4541\/","og_locale":"es_ES","og_type":"article","og_title":"Acero inoxidable ASTM A193 B8T A320 B8T AISI 321 W. 1.4541 - M.F. INOX","og_description":"ASTM A193 B8T A320 B8T AISI 321 W. 1.4541 La especificaci\u00f3n ASTM A193 grado B8T A320 grado B8T define las caracter\u00edsticas t\u00e9cnicas de los elementos de fijaci\u00f3n de acero inoxidable para aplicaciones en recipientes a presi\u00f3n en presencia de altas temperaturas (temperatura de servicio 800\u00b0C); este tipo de elementos de fijaci\u00f3n se utiliza ampliamente en [&hellip;]","og_url":"https:\/\/mfinox.com\/es\/materiales\/acero-inoxidable-astm-a193-b8t-a320-b8t-aisi-321-w-1-4541\/","og_site_name":"M.F. INOX","article_modified_time":"2024-09-04T10:13:27+00:00","twitter_card":"summary_large_image","twitter_misc":{"Tiempo de lectura":"2 minutos"},"schema":{"@context":"https:\/\/schema.org","@graph":[{"@type":"WebPage","@id":"https:\/\/mfinox.com\/es\/materiales\/acero-inoxidable-astm-a193-b8t-a320-b8t-aisi-321-w-1-4541\/","url":"https:\/\/mfinox.com\/es\/materiales\/acero-inoxidable-astm-a193-b8t-a320-b8t-aisi-321-w-1-4541\/","name":"Acero inoxidable ASTM A193 B8T A320 B8T AISI 321 W. 1.4541 - M.F. INOX","isPartOf":{"@id":"https:\/\/mfinox.com\/es\/#website"},"datePublished":"2024-05-21T15:24:08+00:00","dateModified":"2024-09-04T10:13:27+00:00","breadcrumb":{"@id":"https:\/\/mfinox.com\/es\/materiales\/acero-inoxidable-astm-a193-b8t-a320-b8t-aisi-321-w-1-4541\/#breadcrumb"},"inLanguage":"es","potentialAction":[{"@type":"ReadAction","target":["https:\/\/mfinox.com\/es\/materiales\/acero-inoxidable-astm-a193-b8t-a320-b8t-aisi-321-w-1-4541\/"]}]},{"@type":"BreadcrumbList","@id":"https:\/\/mfinox.com\/es\/materiales\/acero-inoxidable-astm-a193-b8t-a320-b8t-aisi-321-w-1-4541\/#breadcrumb","itemListElement":[{"@type":"ListItem","position":1,"name":"Home","item":"https:\/\/mfinox.com\/es\/"},{"@type":"ListItem","position":2,"name":"Materiales","item":"https:\/\/mfinox.com\/es\/materiales\/"},{"@type":"ListItem","position":3,"name":"Acero inoxidable ASTM A193 B8T A320 B8T AISI 321 W. 1.4541"}]},{"@type":"WebSite","@id":"https:\/\/mfinox.com\/es\/#website","url":"https:\/\/mfinox.com\/es\/","name":"M.F. INOX","description":"","publisher":{"@id":"https:\/\/mfinox.com\/es\/#organization"},"potentialAction":[{"@type":"SearchAction","target":{"@type":"EntryPoint","urlTemplate":"https:\/\/mfinox.com\/es\/?s={search_term_string}"},"query-input":{"@type":"PropertyValueSpecification","valueRequired":true,"valueName":"search_term_string"}}],"inLanguage":"es"},{"@type":"Organization","@id":"https:\/\/mfinox.com\/es\/#organization","name":"M.F. INOX","url":"https:\/\/mfinox.com\/es\/","logo":{"@type":"ImageObject","inLanguage":"es","@id":"https:\/\/mfinox.com\/es\/#\/schema\/logo\/image\/","url":"https:\/\/mfinox.com\/wp-content\/uploads\/2024\/05\/mf-inox_logo_neg.png","contentUrl":"https:\/\/mfinox.com\/wp-content\/uploads\/2024\/05\/mf-inox_logo_neg.png","width":1949,"height":662,"caption":"M.F. INOX"},"image":{"@id":"https:\/\/mfinox.com\/es\/#\/schema\/logo\/image\/"}}]}},"_links":{"self":[{"href":"https:\/\/mfinox.com\/es\/wp-json\/wp\/v2\/pages\/5384","targetHints":{"allow":["GET"]}}],"collection":[{"href":"https:\/\/mfinox.com\/es\/wp-json\/wp\/v2\/pages"}],"about":[{"href":"https:\/\/mfinox.com\/es\/wp-json\/wp\/v2\/types\/page"}],"author":[{"embeddable":true,"href":"https:\/\/mfinox.com\/es\/wp-json\/wp\/v2\/users\/1"}],"replies":[{"embeddable":true,"href":"https:\/\/mfinox.com\/es\/wp-json\/wp\/v2\/comments?post=5384"}],"version-history":[{"count":0,"href":"https:\/\/mfinox.com\/es\/wp-json\/wp\/v2\/pages\/5384\/revisions"}],"up":[{"embeddable":true,"href":"https:\/\/mfinox.com\/es\/wp-json\/wp\/v2\/pages\/4513"}],"wp:attachment":[{"href":"https:\/\/mfinox.com\/es\/wp-json\/wp\/v2\/media?parent=5384"}],"curies":[{"name":"wp","href":"https:\/\/api.w.org\/{rel}","templated":true}]}}