{"id":5363,"date":"2024-05-10T14:26:01","date_gmt":"2024-05-10T14:26:01","guid":{"rendered":"https:\/\/mfinox.com\/sectores\/"},"modified":"2024-09-04T10:02:54","modified_gmt":"2024-09-04T10:02:54","slug":"sectores","status":"publish","type":"page","link":"https:\/\/mfinox.com\/es\/sectores\/","title":{"rendered":"Sectores"},"content":{"rendered":"\t\t<div data-elementor-type=\"wp-page\" data-elementor-id=\"5363\" class=\"elementor elementor-5363 elementor-433\" data-elementor-post-type=\"page\">\n\t\t\t\t<div class=\"elementor-element elementor-element-dd517d6 contenitore-above e-con-full e-flex e-con e-parent\" data-id=\"dd517d6\" data-element_type=\"container\" data-e-type=\"container\" data-settings=\"{&quot;background_background&quot;:&quot;classic&quot;}\">\n\t\t\t\t<div class=\"elementor-element elementor-element-b322442 elementor-invisible elementor-widget elementor-widget-heading\" data-id=\"b322442\" data-element_type=\"widget\" data-e-type=\"widget\" data-settings=\"{&quot;_animation&quot;:&quot;fadeIn&quot;}\" data-widget_type=\"heading.default\">\n\t\t\t\t<div class=\"elementor-widget-container\">\n\t\t\t\t\t<h1 class=\"elementor-heading-title elementor-size-default\">Sectores<\/h1>\t\t\t\t<\/div>\n\t\t\t\t<\/div>\n\t\t\t\t<div class=\"elementor-element elementor-element-f9bce6f elementor-invisible elementor-widget elementor-widget-shortcode\" data-id=\"f9bce6f\" data-element_type=\"widget\" data-e-type=\"widget\" data-settings=\"{&quot;_animation&quot;:&quot;fadeIn&quot;}\" data-widget_type=\"shortcode.default\">\n\t\t\t\t<div class=\"elementor-widget-container\">\n\t\t\t\t\t\t\t<div class=\"elementor-shortcode\"><nav aria-label=\"breadcrumb\"><div class=\"breadcrumb\"><span class=\"breadcrumb-item\"><a href=\"https:\/\/mfinox.com\/es\/\" style=\"color: #F3912E;\">Home<\/a><\/span><\/div><\/nav><\/div>\n\t\t\t\t\t\t<\/div>\n\t\t\t\t<\/div>\n\t\t\t\t<\/div>\n\t\t<div class=\"elementor-element elementor-element-945edf0 e-con-full elementor-hidden-desktop elementor-hidden-tablet elementor-hidden-mobile e-flex e-con e-parent\" data-id=\"945edf0\" data-element_type=\"container\" data-e-type=\"container\">\n\t\t\t\t<div class=\"elementor-element elementor-element-5caec32 elementor-widget elementor-widget-html\" data-id=\"5caec32\" data-element_type=\"widget\" data-e-type=\"widget\" data-widget_type=\"html.default\">\n\t\t\t\t<div class=\"elementor-widget-container\">\n\t\t\t\t\t<div class=\"contenitore-above\">\n        <!-- Puoi inserire qui altro contenuto, come testo o pulsanti -->\n    <\/div>\t\t\t\t<\/div>\n\t\t\t\t<\/div>\n\t\t\t\t<\/div>\n\t\t<div class=\"elementor-element elementor-element-eda2238 e-flex e-con-boxed e-con e-parent\" data-id=\"eda2238\" data-element_type=\"container\" data-e-type=\"container\">\n\t\t\t\t\t<div class=\"e-con-inner\">\n\t\t\t\t<div class=\"elementor-element elementor-element-71a1484 elementor-widget elementor-widget-text-editor\" data-id=\"71a1484\" data-element_type=\"widget\" data-e-type=\"widget\" data-widget_type=\"text-editor.default\">\n\t\t\t\t<div class=\"elementor-widget-container\">\n\t\t\t\t\t\t\t\t\tMF INOX srl es un fabricante l\u00edder de sistemas de fijaci\u00f3n para los sectores de petr\u00f3leo y gas, energ\u00eda, infraestructuras, ferroviario, marino, submarino y naval.\nNuestra prioridad es la fiabilidad del producto, garantizando su seguridad y durabilidad en entornos industriales exigentes.\nOfrecemos soluciones duraderas, fabricadas con materiales de calidad y pruebas rigurosas.\nSomos conscientes de la importancia del plazo de comercializaci\u00f3n y nos comprometemos a ofrecer entregas r\u00e1pidas y asistencia t\u00e9cnica puntual.\nElige MF INOX para sistemas de fijaci\u00f3n fiables en cualquier industria.    \t\t\t\t\t\t\t\t<\/div>\n\t\t\t\t<\/div>\n\t\t\t\t\t<\/div>\n\t\t\t\t<\/div>\n\t\t<div class=\"elementor-element elementor-element-8348dad e-flex e-con-boxed e-con e-parent\" data-id=\"8348dad\" data-element_type=\"container\" data-e-type=\"container\">\n\t\t\t\t\t<div class=\"e-con-inner\">\n\t\t<div class=\"elementor-element elementor-element-b317c9d e-con-full e-flex e-con e-child\" data-id=\"b317c9d\" data-element_type=\"container\" data-e-type=\"container\" data-settings=\"{&quot;background_background&quot;:&quot;classic&quot;}\">\n\t\t\t\t<div class=\"elementor-element elementor-element-e602cfa elementor-widget elementor-widget-heading\" data-id=\"e602cfa\" data-element_type=\"widget\" data-e-type=\"widget\" data-widget_type=\"heading.default\">\n\t\t\t\t<div class=\"elementor-widget-container\">\n\t\t\t\t\t<h2 class=\"elementor-heading-title elementor-size-default\">Instalaciones energ\u00e9ticas<\/h2>\t\t\t\t<\/div>\n\t\t\t\t<\/div>\n\t\t\t\t<div class=\"elementor-element elementor-element-d694a15 elementor-widget elementor-widget-text-editor\" data-id=\"d694a15\" data-element_type=\"widget\" data-e-type=\"widget\" data-widget_type=\"text-editor.default\">\n\t\t\t\t<div class=\"elementor-widget-container\">\n\t\t\t\t\t\t\t\t\t<p>En el din\u00e1mico panorama del sector energ\u00e9tico, la fiabilidad y la seguridad de los sistemas de fijaci\u00f3n desempe\u00f1an un papel crucial.<br \/>\nEn MF INOX, entendemos los retos \u00fanicos que caracterizan a este sector en constante cambio. <\/p>\n<p>Nuestros sistemas de fijaci\u00f3n se dise\u00f1an y fabrican con el objetivo de garantizar un rendimiento y una durabilidad superiores en entornos exigentes. Ya se trate de energ\u00eda e\u00f3lica, t\u00e9rmica, nuclear, turbinas de gas, hidr\u00e1ulica o solar, ofrecemos soluciones a medida que cumplen las normas m\u00e1s estrictas de calidad y seguridad, al tiempo que garantizan una trazabilidad del 100%.<\/p>\n<p>Nuestra gama de productos incluye tornillos, pernos, abrazaderas y soportes dise\u00f1ados para soportar las condiciones extremas y las variaciones ambientales que se dan en el sector energ\u00e9tico.<\/p>\n\t\t\t\t\t\t\t\t<\/div>\n\t\t\t\t<\/div>\n\t\t\t\t<div class=\"elementor-element elementor-element-0222909 elementor-align-left elementor-widget elementor-widget-button\" data-id=\"0222909\" data-element_type=\"widget\" data-e-type=\"widget\" data-widget_type=\"button.default\">\n\t\t\t\t<div class=\"elementor-widget-container\">\n\t\t\t\t\t\t\t\t\t<div class=\"elementor-button-wrapper\">\n\t\t\t\t\t<a class=\"elementor-button elementor-button-link elementor-size-sm\" href=\"https:\/\/mfinox.com\/es\/sectores\/instalaciones-energeticas\/\">\n\t\t\t\t\t\t<span class=\"elementor-button-content-wrapper\">\n\t\t\t\t\t\t\t\t\t<span class=\"elementor-button-text\">M\u00e1s informaci\u00f3n<\/span>\n\t\t\t\t\t<\/span>\n\t\t\t\t\t<\/a>\n\t\t\t\t<\/div>\n\t\t\t\t\t\t\t\t<\/div>\n\t\t\t\t<\/div>\n\t\t\t\t<\/div>\n\t\t<div class=\"elementor-element elementor-element-6b44b18 e-con-full e-flex e-con e-child\" data-id=\"6b44b18\" data-element_type=\"container\" data-e-type=\"container\" data-settings=\"{&quot;background_background&quot;:&quot;classic&quot;}\">\n\t\t\t\t<\/div>\n\t\t\t\t\t<\/div>\n\t\t\t\t<\/div>\n\t\t<div class=\"elementor-element elementor-element-3268911 e-flex e-con-boxed e-con e-parent\" data-id=\"3268911\" data-element_type=\"container\" data-e-type=\"container\">\n\t\t\t\t\t<div class=\"e-con-inner\">\n\t\t<div class=\"elementor-element elementor-element-d5f92db e-con-full e-flex e-con e-child\" data-id=\"d5f92db\" data-element_type=\"container\" data-e-type=\"container\" data-settings=\"{&quot;background_background&quot;:&quot;classic&quot;}\">\n\t\t\t\t<\/div>\n\t\t<div class=\"elementor-element elementor-element-d02baa7 e-con-full e-flex e-con e-child\" data-id=\"d02baa7\" data-element_type=\"container\" data-e-type=\"container\" data-settings=\"{&quot;background_background&quot;:&quot;classic&quot;}\">\n\t\t\t\t<div class=\"elementor-element elementor-element-e790c41 elementor-widget elementor-widget-heading\" data-id=\"e790c41\" data-element_type=\"widget\" data-e-type=\"widget\" data-widget_type=\"heading.default\">\n\t\t\t\t<div class=\"elementor-widget-container\">\n\t\t\t\t\t<h2 class=\"elementor-heading-title elementor-size-default\">Infraestructura<\/h2>\t\t\t\t<\/div>\n\t\t\t\t<\/div>\n\t\t\t\t<div class=\"elementor-element elementor-element-aec07aa elementor-widget elementor-widget-text-editor\" data-id=\"aec07aa\" data-element_type=\"widget\" data-e-type=\"widget\" data-widget_type=\"text-editor.default\">\n\t\t\t\t<div class=\"elementor-widget-container\">\n\t\t\t\t\t\t\t\t\t<p>En un mundo en constante cambio, MF INOX se compromete a proporcionar sistemas de fijaci\u00f3n de \u00faltima generaci\u00f3n para el sector de las infraestructuras.<br \/>\nDesde enormes estructuras de puentes a s\u00f3lidas presas, desde muelles portuarios a estructuras sumergidas en el mar, ofrecemos soluciones dise\u00f1adas para resistir los efectos del cambio clim\u00e1tico e integrar nuevas tecnolog\u00edas. <\/p>\n<p>Nuestros sistemas de fijaci\u00f3n est\u00e1n dise\u00f1ados para proporcionar una resistencia duradera y una estabilidad fiable, incluso en las condiciones ambientales m\u00e1s extremas. En una \u00e9poca en la que el medio ambiente cambia constantemente, es crucial adaptar las infraestructuras para afrontar retos como la subida del nivel del mar y la introducci\u00f3n de nuevas tecnolog\u00edas.<br \/>\nNuestros sistemas de fijaci\u00f3n son la opci\u00f3n ideal para garantizar la resistencia de las infraestructuras y la seguridad de las comunidades a las que sirven. <\/p>\n\t\t\t\t\t\t\t\t<\/div>\n\t\t\t\t<\/div>\n\t\t\t\t<div class=\"elementor-element elementor-element-7f2e3b0 elementor-align-left elementor-widget elementor-widget-button\" data-id=\"7f2e3b0\" data-element_type=\"widget\" data-e-type=\"widget\" data-widget_type=\"button.default\">\n\t\t\t\t<div class=\"elementor-widget-container\">\n\t\t\t\t\t\t\t\t\t<div class=\"elementor-button-wrapper\">\n\t\t\t\t\t<a class=\"elementor-button elementor-button-link elementor-size-sm\" href=\"https:\/\/mfinox.com\/es\/sectores\/infraestructura\/\">\n\t\t\t\t\t\t<span class=\"elementor-button-content-wrapper\">\n\t\t\t\t\t\t\t\t\t<span class=\"elementor-button-text\">M\u00e1s informaci\u00f3n<\/span>\n\t\t\t\t\t<\/span>\n\t\t\t\t\t<\/a>\n\t\t\t\t<\/div>\n\t\t\t\t\t\t\t\t<\/div>\n\t\t\t\t<\/div>\n\t\t\t\t<\/div>\n\t\t\t\t\t<\/div>\n\t\t\t\t<\/div>\n\t\t<div class=\"elementor-element elementor-element-b23dbdc e-flex e-con-boxed e-con e-parent\" data-id=\"b23dbdc\" data-element_type=\"container\" data-e-type=\"container\">\n\t\t\t\t\t<div class=\"e-con-inner\">\n\t\t<div class=\"elementor-element elementor-element-c78b628 e-con-full e-flex e-con e-child\" data-id=\"c78b628\" data-element_type=\"container\" data-e-type=\"container\" data-settings=\"{&quot;background_background&quot;:&quot;classic&quot;}\">\n\t\t\t\t<div class=\"elementor-element elementor-element-db22a82 elementor-widget elementor-widget-heading\" data-id=\"db22a82\" data-element_type=\"widget\" data-e-type=\"widget\" data-widget_type=\"heading.default\">\n\t\t\t\t<div class=\"elementor-widget-container\">\n\t\t\t\t\t<h2 class=\"elementor-heading-title elementor-size-default\">Plantas qu\u00edmicas y refiner\u00edas<\/h2>\t\t\t\t<\/div>\n\t\t\t\t<\/div>\n\t\t\t\t<div class=\"elementor-element elementor-element-62384a1 elementor-widget elementor-widget-text-editor\" data-id=\"62384a1\" data-element_type=\"widget\" data-e-type=\"widget\" data-widget_type=\"text-editor.default\">\n\t\t\t\t<div class=\"elementor-widget-container\">\n\t\t\t\t\t\t\t\t\t<p>La consolidada experiencia de MF INOX nos permite adoptar soluciones innovadoras de otros mercados para facilitar la transici\u00f3n energ\u00e9tica en el sector del petr\u00f3leo y el gas.<\/p>\n<p>Nuestra gama de soluciones de fijaci\u00f3n se basa en innovaciones intersectoriales de las energ\u00edas renovables y la tecnolog\u00eda verde, adaptadas a las necesidades espec\u00edficas de la industria del petr\u00f3leo y el gas.<\/p>\n<p>Estamos preparados para apoyar a las empresas en su transici\u00f3n hacia un futuro energ\u00e9tico m\u00e1s sostenible, proporcion\u00e1ndoles soluciones de vanguardia que mejoren el rendimiento operativo y reduzcan el impacto medioambiental.<\/p>\n\t\t\t\t\t\t\t\t<\/div>\n\t\t\t\t<\/div>\n\t\t\t\t<div class=\"elementor-element elementor-element-3aecf0d elementor-align-left elementor-widget elementor-widget-button\" data-id=\"3aecf0d\" data-element_type=\"widget\" data-e-type=\"widget\" data-widget_type=\"button.default\">\n\t\t\t\t<div class=\"elementor-widget-container\">\n\t\t\t\t\t\t\t\t\t<div class=\"elementor-button-wrapper\">\n\t\t\t\t\t<a class=\"elementor-button elementor-button-link elementor-size-sm\" href=\"https:\/\/mfinox.com\/es\/sectores\/gas-de-petroleo\/\">\n\t\t\t\t\t\t<span class=\"elementor-button-content-wrapper\">\n\t\t\t\t\t\t\t\t\t<span class=\"elementor-button-text\">M\u00e1s informaci\u00f3n<\/span>\n\t\t\t\t\t<\/span>\n\t\t\t\t\t<\/a>\n\t\t\t\t<\/div>\n\t\t\t\t\t\t\t\t<\/div>\n\t\t\t\t<\/div>\n\t\t\t\t<\/div>\n\t\t<div class=\"elementor-element elementor-element-8a00782 e-con-full e-flex e-con e-child\" data-id=\"8a00782\" data-element_type=\"container\" data-e-type=\"container\" data-settings=\"{&quot;background_background&quot;:&quot;classic&quot;}\">\n\t\t\t\t<\/div>\n\t\t\t\t\t<\/div>\n\t\t\t\t<\/div>\n\t\t<div class=\"elementor-element elementor-element-f9fa0f2 e-flex e-con-boxed e-con e-parent\" data-id=\"f9fa0f2\" data-element_type=\"container\" data-e-type=\"container\">\n\t\t\t\t\t<div class=\"e-con-inner\">\n\t\t<div class=\"elementor-element elementor-element-580c522 e-con-full e-flex e-con e-child\" data-id=\"580c522\" data-element_type=\"container\" data-e-type=\"container\" data-settings=\"{&quot;background_background&quot;:&quot;classic&quot;}\">\n\t\t\t\t<\/div>\n\t\t<div class=\"elementor-element elementor-element-a088180 e-con-full e-flex e-con e-child\" data-id=\"a088180\" data-element_type=\"container\" data-e-type=\"container\" data-settings=\"{&quot;background_background&quot;:&quot;classic&quot;}\">\n\t\t\t\t<div class=\"elementor-element elementor-element-872f15f elementor-widget elementor-widget-heading\" data-id=\"872f15f\" data-element_type=\"widget\" data-e-type=\"widget\" data-widget_type=\"heading.default\">\n\t\t\t\t<div class=\"elementor-widget-container\">\n\t\t\t\t\t<h2 class=\"elementor-heading-title elementor-size-default\">Naval<\/h2>\t\t\t\t<\/div>\n\t\t\t\t<\/div>\n\t\t\t\t<div class=\"elementor-element elementor-element-e23ec03 elementor-widget elementor-widget-text-editor\" data-id=\"e23ec03\" data-element_type=\"widget\" data-e-type=\"widget\" data-widget_type=\"text-editor.default\">\n\t\t\t\t<div class=\"elementor-widget-container\">\n\t\t\t\t\t\t\t\t\t<p><span style=\"font-weight: 400;\">En el coraz\u00f3n de un pa\u00eds rodeado de mares y con una fuerte vocaci\u00f3n naviera, ofrecemos soluciones de fijaci\u00f3n personalizadas para tus necesidades marinas.  <\/span><\/p>\n<p><span style=\"font-weight: 400;\">Llevamos a\u00f1os comprometidos con el suministro de productos de alta calidad para embarcaciones militares, civiles y de recreo a motor y vela.<br \/>\nNuestros sistemas de fijaci\u00f3n est\u00e1n dise\u00f1ados para resistir los retos del entorno marino, garantizando seguridad y fiabilidad.   <\/span><\/p>\n<p><span style=\"font-weight: 400;\">Con una amplia gama de productos adecuados para distintas aplicaciones, estamos preparados para ayudarte a encontrar la soluci\u00f3n de fijaci\u00f3n ideal para tu proyecto naval.<\/span><\/p>\n\t\t\t\t\t\t\t\t<\/div>\n\t\t\t\t<\/div>\n\t\t\t\t<div class=\"elementor-element elementor-element-58eaa6a elementor-align-left elementor-widget elementor-widget-button\" data-id=\"58eaa6a\" data-element_type=\"widget\" data-e-type=\"widget\" data-widget_type=\"button.default\">\n\t\t\t\t<div class=\"elementor-widget-container\">\n\t\t\t\t\t\t\t\t\t<div class=\"elementor-button-wrapper\">\n\t\t\t\t\t<a class=\"elementor-button elementor-button-link elementor-size-sm\" href=\"https:\/\/mfinox.com\/es\/sectores\/naval\/\">\n\t\t\t\t\t\t<span class=\"elementor-button-content-wrapper\">\n\t\t\t\t\t\t\t\t\t<span class=\"elementor-button-text\">M\u00e1s informaci\u00f3n<\/span>\n\t\t\t\t\t<\/span>\n\t\t\t\t\t<\/a>\n\t\t\t\t<\/div>\n\t\t\t\t\t\t\t\t<\/div>\n\t\t\t\t<\/div>\n\t\t\t\t<\/div>\n\t\t\t\t\t<\/div>\n\t\t\t\t<\/div>\n\t\t\t\t<\/div>\n\t\t","protected":false},"excerpt":{"rendered":"<p>Sectores MF INOX srl es un fabricante l\u00edder de sistemas de fijaci\u00f3n para los sectores de petr\u00f3leo y gas, energ\u00eda, infraestructuras, ferroviario, marino, submarino y naval. Nuestra prioridad es la fiabilidad del producto, garantizando su seguridad y durabilidad en entornos industriales exigentes. Ofrecemos soluciones duraderas, fabricadas con materiales de calidad y pruebas rigurosas. Somos conscientes [&hellip;]<\/p>\n","protected":false},"author":1,"featured_media":0,"parent":0,"menu_order":0,"comment_status":"closed","ping_status":"closed","template":"","meta":{"footnotes":""},"class_list":["post-5363","page","type-page","status-publish","hentry"],"yoast_head":"<!-- This site is optimized with the Yoast SEO plugin v27.6 - https:\/\/yoast.com\/product\/yoast-seo-wordpress\/ -->\n<title>Sectores - M.F. INOX<\/title>\n<meta name=\"robots\" content=\"index, follow, max-snippet:-1, max-image-preview:large, max-video-preview:-1\" \/>\n<link rel=\"canonical\" href=\"https:\/\/mfinox.com\/es\/sectores\/\" \/>\n<meta property=\"og:locale\" content=\"es_ES\" \/>\n<meta property=\"og:type\" content=\"article\" \/>\n<meta property=\"og:title\" content=\"Sectores - M.F. INOX\" \/>\n<meta property=\"og:description\" content=\"Sectores MF INOX srl es un fabricante l\u00edder de sistemas de fijaci\u00f3n para los sectores de petr\u00f3leo y gas, energ\u00eda, infraestructuras, ferroviario, marino, submarino y naval. Nuestra prioridad es la fiabilidad del producto, garantizando su seguridad y durabilidad en entornos industriales exigentes. Ofrecemos soluciones duraderas, fabricadas con materiales de calidad y pruebas rigurosas. Somos conscientes [&hellip;]\" \/>\n<meta property=\"og:url\" content=\"https:\/\/mfinox.com\/es\/sectores\/\" \/>\n<meta property=\"og:site_name\" content=\"M.F. INOX\" \/>\n<meta property=\"article:modified_time\" content=\"2024-09-04T10:02:54+00:00\" \/>\n<meta name=\"twitter:card\" content=\"summary_large_image\" \/>\n<meta name=\"twitter:label1\" content=\"Tiempo de lectura\" \/>\n\t<meta name=\"twitter:data1\" content=\"3 minutos\" \/>\n<script type=\"application\/ld+json\" class=\"yoast-schema-graph\">{\"@context\":\"https:\\\/\\\/schema.org\",\"@graph\":[{\"@type\":\"WebPage\",\"@id\":\"https:\\\/\\\/mfinox.com\\\/es\\\/sectores\\\/\",\"url\":\"https:\\\/\\\/mfinox.com\\\/es\\\/sectores\\\/\",\"name\":\"Sectores - M.F. INOX\",\"isPartOf\":{\"@id\":\"https:\\\/\\\/mfinox.com\\\/es\\\/#website\"},\"datePublished\":\"2024-05-10T14:26:01+00:00\",\"dateModified\":\"2024-09-04T10:02:54+00:00\",\"breadcrumb\":{\"@id\":\"https:\\\/\\\/mfinox.com\\\/es\\\/sectores\\\/#breadcrumb\"},\"inLanguage\":\"es\",\"potentialAction\":[{\"@type\":\"ReadAction\",\"target\":[\"https:\\\/\\\/mfinox.com\\\/es\\\/sectores\\\/\"]}]},{\"@type\":\"BreadcrumbList\",\"@id\":\"https:\\\/\\\/mfinox.com\\\/es\\\/sectores\\\/#breadcrumb\",\"itemListElement\":[{\"@type\":\"ListItem\",\"position\":1,\"name\":\"Home\",\"item\":\"https:\\\/\\\/mfinox.com\\\/es\\\/\"},{\"@type\":\"ListItem\",\"position\":2,\"name\":\"Sectores\"}]},{\"@type\":\"WebSite\",\"@id\":\"https:\\\/\\\/mfinox.com\\\/es\\\/#website\",\"url\":\"https:\\\/\\\/mfinox.com\\\/es\\\/\",\"name\":\"M.F. INOX\",\"description\":\"\",\"publisher\":{\"@id\":\"https:\\\/\\\/mfinox.com\\\/es\\\/#organization\"},\"potentialAction\":[{\"@type\":\"SearchAction\",\"target\":{\"@type\":\"EntryPoint\",\"urlTemplate\":\"https:\\\/\\\/mfinox.com\\\/es\\\/?s={search_term_string}\"},\"query-input\":{\"@type\":\"PropertyValueSpecification\",\"valueRequired\":true,\"valueName\":\"search_term_string\"}}],\"inLanguage\":\"es\"},{\"@type\":\"Organization\",\"@id\":\"https:\\\/\\\/mfinox.com\\\/es\\\/#organization\",\"name\":\"M.F. INOX\",\"url\":\"https:\\\/\\\/mfinox.com\\\/es\\\/\",\"logo\":{\"@type\":\"ImageObject\",\"inLanguage\":\"es\",\"@id\":\"https:\\\/\\\/mfinox.com\\\/es\\\/#\\\/schema\\\/logo\\\/image\\\/\",\"url\":\"https:\\\/\\\/mfinox.com\\\/wp-content\\\/uploads\\\/2024\\\/05\\\/mf-inox_logo_neg.png\",\"contentUrl\":\"https:\\\/\\\/mfinox.com\\\/wp-content\\\/uploads\\\/2024\\\/05\\\/mf-inox_logo_neg.png\",\"width\":1949,\"height\":662,\"caption\":\"M.F. INOX\"},\"image\":{\"@id\":\"https:\\\/\\\/mfinox.com\\\/es\\\/#\\\/schema\\\/logo\\\/image\\\/\"}}]}<\/script>\n<!-- \/ Yoast SEO plugin. -->","yoast_head_json":{"title":"Sectores - M.F. INOX","robots":{"index":"index","follow":"follow","max-snippet":"max-snippet:-1","max-image-preview":"max-image-preview:large","max-video-preview":"max-video-preview:-1"},"canonical":"https:\/\/mfinox.com\/es\/sectores\/","og_locale":"es_ES","og_type":"article","og_title":"Sectores - M.F. INOX","og_description":"Sectores MF INOX srl es un fabricante l\u00edder de sistemas de fijaci\u00f3n para los sectores de petr\u00f3leo y gas, energ\u00eda, infraestructuras, ferroviario, marino, submarino y naval. Nuestra prioridad es la fiabilidad del producto, garantizando su seguridad y durabilidad en entornos industriales exigentes. Ofrecemos soluciones duraderas, fabricadas con materiales de calidad y pruebas rigurosas. Somos conscientes [&hellip;]","og_url":"https:\/\/mfinox.com\/es\/sectores\/","og_site_name":"M.F. INOX","article_modified_time":"2024-09-04T10:02:54+00:00","twitter_card":"summary_large_image","twitter_misc":{"Tiempo de lectura":"3 minutos"},"schema":{"@context":"https:\/\/schema.org","@graph":[{"@type":"WebPage","@id":"https:\/\/mfinox.com\/es\/sectores\/","url":"https:\/\/mfinox.com\/es\/sectores\/","name":"Sectores - M.F. INOX","isPartOf":{"@id":"https:\/\/mfinox.com\/es\/#website"},"datePublished":"2024-05-10T14:26:01+00:00","dateModified":"2024-09-04T10:02:54+00:00","breadcrumb":{"@id":"https:\/\/mfinox.com\/es\/sectores\/#breadcrumb"},"inLanguage":"es","potentialAction":[{"@type":"ReadAction","target":["https:\/\/mfinox.com\/es\/sectores\/"]}]},{"@type":"BreadcrumbList","@id":"https:\/\/mfinox.com\/es\/sectores\/#breadcrumb","itemListElement":[{"@type":"ListItem","position":1,"name":"Home","item":"https:\/\/mfinox.com\/es\/"},{"@type":"ListItem","position":2,"name":"Sectores"}]},{"@type":"WebSite","@id":"https:\/\/mfinox.com\/es\/#website","url":"https:\/\/mfinox.com\/es\/","name":"M.F. INOX","description":"","publisher":{"@id":"https:\/\/mfinox.com\/es\/#organization"},"potentialAction":[{"@type":"SearchAction","target":{"@type":"EntryPoint","urlTemplate":"https:\/\/mfinox.com\/es\/?s={search_term_string}"},"query-input":{"@type":"PropertyValueSpecification","valueRequired":true,"valueName":"search_term_string"}}],"inLanguage":"es"},{"@type":"Organization","@id":"https:\/\/mfinox.com\/es\/#organization","name":"M.F. INOX","url":"https:\/\/mfinox.com\/es\/","logo":{"@type":"ImageObject","inLanguage":"es","@id":"https:\/\/mfinox.com\/es\/#\/schema\/logo\/image\/","url":"https:\/\/mfinox.com\/wp-content\/uploads\/2024\/05\/mf-inox_logo_neg.png","contentUrl":"https:\/\/mfinox.com\/wp-content\/uploads\/2024\/05\/mf-inox_logo_neg.png","width":1949,"height":662,"caption":"M.F. INOX"},"image":{"@id":"https:\/\/mfinox.com\/es\/#\/schema\/logo\/image\/"}}]}},"_links":{"self":[{"href":"https:\/\/mfinox.com\/es\/wp-json\/wp\/v2\/pages\/5363","targetHints":{"allow":["GET"]}}],"collection":[{"href":"https:\/\/mfinox.com\/es\/wp-json\/wp\/v2\/pages"}],"about":[{"href":"https:\/\/mfinox.com\/es\/wp-json\/wp\/v2\/types\/page"}],"author":[{"embeddable":true,"href":"https:\/\/mfinox.com\/es\/wp-json\/wp\/v2\/users\/1"}],"replies":[{"embeddable":true,"href":"https:\/\/mfinox.com\/es\/wp-json\/wp\/v2\/comments?post=5363"}],"version-history":[{"count":0,"href":"https:\/\/mfinox.com\/es\/wp-json\/wp\/v2\/pages\/5363\/revisions"}],"wp:attachment":[{"href":"https:\/\/mfinox.com\/es\/wp-json\/wp\/v2\/media?parent=5363"}],"curies":[{"name":"wp","href":"https:\/\/api.w.org\/{rel}","templated":true}]}}