{"id":5356,"date":"2024-05-10T13:30:19","date_gmt":"2024-05-10T11:30:19","guid":{"rendered":"https:\/\/mfinox.com\/calidad\/"},"modified":"2025-05-28T08:38:46","modified_gmt":"2025-05-28T06:38:46","slug":"calidad","status":"publish","type":"page","link":"https:\/\/mfinox.com\/es\/calidad\/","title":{"rendered":"Calidad"},"content":{"rendered":"\t\t<div data-elementor-type=\"wp-page\" data-elementor-id=\"5356\" class=\"elementor elementor-5356 elementor-383\" data-elementor-post-type=\"page\">\n\t\t\t\t<div class=\"elementor-element elementor-element-dd517d6 e-flex e-con-boxed e-con e-parent\" data-id=\"dd517d6\" data-element_type=\"container\" data-e-type=\"container\" data-settings=\"{&quot;background_background&quot;:&quot;classic&quot;}\">\n\t\t\t\t\t<div class=\"e-con-inner\">\n\t\t\t\t<div class=\"elementor-element elementor-element-b322442 elementor-invisible elementor-widget elementor-widget-heading\" data-id=\"b322442\" data-element_type=\"widget\" data-e-type=\"widget\" data-settings=\"{&quot;_animation&quot;:&quot;fadeIn&quot;}\" data-widget_type=\"heading.default\">\n\t\t\t\t<div class=\"elementor-widget-container\">\n\t\t\t\t\t<h1 class=\"elementor-heading-title elementor-size-default\">Calidad<\/h1>\t\t\t\t<\/div>\n\t\t\t\t<\/div>\n\t\t\t\t<div class=\"elementor-element elementor-element-f5ab11c elementor-invisible elementor-widget elementor-widget-shortcode\" data-id=\"f5ab11c\" data-element_type=\"widget\" data-e-type=\"widget\" data-settings=\"{&quot;_animation&quot;:&quot;fadeIn&quot;}\" data-widget_type=\"shortcode.default\">\n\t\t\t\t<div class=\"elementor-widget-container\">\n\t\t\t\t\t\t\t<div class=\"elementor-shortcode\"><nav aria-label=\"breadcrumb\"><div class=\"breadcrumb\"><span class=\"breadcrumb-item\"><a href=\"https:\/\/mfinox.com\/es\/\" style=\"color: #F3912E;\">Home<\/a><\/span><\/div><\/nav><\/div>\n\t\t\t\t\t\t<\/div>\n\t\t\t\t<\/div>\n\t\t\t\t\t<\/div>\n\t\t\t\t<\/div>\n\t\t<div class=\"elementor-element elementor-element-9fabeb7 e-flex e-con-boxed elementor-invisible e-con e-parent\" data-id=\"9fabeb7\" data-element_type=\"container\" data-e-type=\"container\" data-settings=\"{&quot;animation&quot;:&quot;fadeInUp&quot;}\">\n\t\t\t\t\t<div class=\"e-con-inner\">\n\t\t\t\t<div class=\"elementor-element elementor-element-ed0bd9d elementor-widget elementor-widget-text-editor\" data-id=\"ed0bd9d\" data-element_type=\"widget\" data-e-type=\"widget\" data-widget_type=\"text-editor.default\">\n\t\t\t\t<div class=\"elementor-widget-container\">\n\t\t\t\t\t\t\t\t\t<h2><b>Calidad<\/b><\/h2>\nPara MF INOX, la satisfacci\u00f3n de los clientes y otras partes interesadas es un objetivo estrat\u00e9gico que perseguimos mediante la innovaci\u00f3n en nuestros procesos de producci\u00f3n.\nAdoptamos las nuevas tecnolog\u00edas y las filosof\u00edas organizativas m\u00e1s avanzadas para difundir una cultura de la calidad basada en la implicaci\u00f3n de las personas, el desarrollo de competencias, la mejora del lugar de trabajo y el respeto al medio ambiente.\nNos esforzamos continuamente por mejorar la eficacia y la eficiencia de nuestros procesos para garantizar los objetivos de una organizaci\u00f3n que busca la excelencia.\n<h2><b>Taller<\/b><\/h2>\nMF INOX garantiza directamente, mediante activos del grupo o subcontratados, la posibilidad de realizar todo tipo de ensayos para validar que los procesos de producci\u00f3n se ajustan a las especificaciones exigidas: Pruebas funcionales (tracci\u00f3n, fatiga, cizalladura, resiliencia, coeficiente de fricci\u00f3n, microdureza), Resiliencia a temperatura ambiente y a bajas temperaturas (-73, -101 y -196\u00b0C), Geometr\u00eda (proyector de perfil \u00f3ptico, rugosidad), Pruebas de corrosi\u00f3n (prueba de niebla salina), An\u00e1lisis qu\u00edmico con espectr\u00f3metro y analizadores de fluorescencia, Ultrasonidos, l\u00edquidos penetrantes y polvos magn\u00e9ticos, Certificaci\u00f3n por terceros EN 10204 3.2, Prueba de corrosi\u00f3n seg\u00fan NACE MR0175 y ASTM G48.\n<h2><b>Asociaci\u00f3n<\/b><\/h2>\nUn aspecto clave de nuestro modelo de negocio es la asociaci\u00f3n.\nColaboramos estrechamente con nuestros clientes en el desarrollo de soluciones, aprovechando la amplia experiencia que hemos adquirido en nuestros m\u00e1s de 30 a\u00f1os de actividad.\nEn MF INOX, creemos que la mejor soluci\u00f3n de fijaci\u00f3n se obtiene compartiendo los requisitos funcionales del proyecto combinados con los conocimientos sobre materiales y tecnolog\u00edas de proceso, optimizando as\u00ed los costes de producci\u00f3n y manteniendo los est\u00e1ndares de calidad y el alto rendimiento del sistema de fijaci\u00f3n.\n<h2><b>Certificaci\u00f3n<\/b><\/h2>\n<span style=\"text-decoration: underline;\"><a href=\"https:\/\/mfinox.com\/wp-content\/uploads\/2024\/07\/CERT3013Rev.007.pdf\">Descargar el certificado \u00abISO 9001 TUV<\/a><\/span>\n<br>\n<h2><b>Pol\u00edtica de Calidad<\/b><\/h2>\n<span style=\"text-decoration: underline;\"><a target=\"_blank\" href=\"https:\/\/mfinox.com\/wp-content\/uploads\/2024\/11\/Quality_Policy_rev.1_ENG-signed.pdf\">Descargar el certificado de calidad<\/a><\/span>\t\t\t\t\t\t\t\t<\/div>\n\t\t\t\t<\/div>\n\t\t\t\t\t<\/div>\n\t\t\t\t<\/div>\n\t\t\t\t<\/div>\n\t\t","protected":false},"excerpt":{"rendered":"<p>Calidad Calidad Para MF INOX, la satisfacci\u00f3n de los clientes y otras partes interesadas es un objetivo estrat\u00e9gico que perseguimos mediante la innovaci\u00f3n en nuestros procesos de producci\u00f3n. Adoptamos las nuevas tecnolog\u00edas y las filosof\u00edas organizativas m\u00e1s avanzadas para difundir una cultura de la calidad basada en la implicaci\u00f3n de las personas, el desarrollo de [&hellip;]<\/p>\n","protected":false},"author":1,"featured_media":0,"parent":0,"menu_order":0,"comment_status":"closed","ping_status":"closed","template":"","meta":{"footnotes":""},"class_list":["post-5356","page","type-page","status-publish","hentry"],"yoast_head":"<!-- This site is optimized with the Yoast SEO plugin v27.6 - https:\/\/yoast.com\/product\/yoast-seo-wordpress\/ -->\n<title>Calidad - M.F. INOX<\/title>\n<meta name=\"robots\" content=\"index, follow, max-snippet:-1, max-image-preview:large, max-video-preview:-1\" \/>\n<link rel=\"canonical\" href=\"https:\/\/mfinox.com\/es\/calidad\/\" \/>\n<meta property=\"og:locale\" content=\"es_ES\" \/>\n<meta property=\"og:type\" content=\"article\" \/>\n<meta property=\"og:title\" content=\"Calidad - M.F. INOX\" \/>\n<meta property=\"og:description\" content=\"Calidad Calidad Para MF INOX, la satisfacci\u00f3n de los clientes y otras partes interesadas es un objetivo estrat\u00e9gico que perseguimos mediante la innovaci\u00f3n en nuestros procesos de producci\u00f3n. Adoptamos las nuevas tecnolog\u00edas y las filosof\u00edas organizativas m\u00e1s avanzadas para difundir una cultura de la calidad basada en la implicaci\u00f3n de las personas, el desarrollo de [&hellip;]\" \/>\n<meta property=\"og:url\" content=\"https:\/\/mfinox.com\/es\/calidad\/\" \/>\n<meta property=\"og:site_name\" content=\"M.F. INOX\" \/>\n<meta property=\"article:modified_time\" content=\"2025-05-28T06:38:46+00:00\" \/>\n<meta name=\"twitter:card\" content=\"summary_large_image\" \/>\n<meta name=\"twitter:label1\" content=\"Tiempo de lectura\" \/>\n\t<meta name=\"twitter:data1\" content=\"2 minutos\" \/>\n<script type=\"application\/ld+json\" class=\"yoast-schema-graph\">{\"@context\":\"https:\\\/\\\/schema.org\",\"@graph\":[{\"@type\":\"WebPage\",\"@id\":\"https:\\\/\\\/mfinox.com\\\/es\\\/calidad\\\/\",\"url\":\"https:\\\/\\\/mfinox.com\\\/es\\\/calidad\\\/\",\"name\":\"Calidad - M.F. INOX\",\"isPartOf\":{\"@id\":\"https:\\\/\\\/mfinox.com\\\/es\\\/#website\"},\"datePublished\":\"2024-05-10T11:30:19+00:00\",\"dateModified\":\"2025-05-28T06:38:46+00:00\",\"breadcrumb\":{\"@id\":\"https:\\\/\\\/mfinox.com\\\/es\\\/calidad\\\/#breadcrumb\"},\"inLanguage\":\"es\",\"potentialAction\":[{\"@type\":\"ReadAction\",\"target\":[\"https:\\\/\\\/mfinox.com\\\/es\\\/calidad\\\/\"]}]},{\"@type\":\"BreadcrumbList\",\"@id\":\"https:\\\/\\\/mfinox.com\\\/es\\\/calidad\\\/#breadcrumb\",\"itemListElement\":[{\"@type\":\"ListItem\",\"position\":1,\"name\":\"Home\",\"item\":\"https:\\\/\\\/mfinox.com\\\/es\\\/\"},{\"@type\":\"ListItem\",\"position\":2,\"name\":\"Calidad\"}]},{\"@type\":\"WebSite\",\"@id\":\"https:\\\/\\\/mfinox.com\\\/es\\\/#website\",\"url\":\"https:\\\/\\\/mfinox.com\\\/es\\\/\",\"name\":\"M.F. INOX\",\"description\":\"\",\"publisher\":{\"@id\":\"https:\\\/\\\/mfinox.com\\\/es\\\/#organization\"},\"potentialAction\":[{\"@type\":\"SearchAction\",\"target\":{\"@type\":\"EntryPoint\",\"urlTemplate\":\"https:\\\/\\\/mfinox.com\\\/es\\\/?s={search_term_string}\"},\"query-input\":{\"@type\":\"PropertyValueSpecification\",\"valueRequired\":true,\"valueName\":\"search_term_string\"}}],\"inLanguage\":\"es\"},{\"@type\":\"Organization\",\"@id\":\"https:\\\/\\\/mfinox.com\\\/es\\\/#organization\",\"name\":\"M.F. INOX\",\"url\":\"https:\\\/\\\/mfinox.com\\\/es\\\/\",\"logo\":{\"@type\":\"ImageObject\",\"inLanguage\":\"es\",\"@id\":\"https:\\\/\\\/mfinox.com\\\/es\\\/#\\\/schema\\\/logo\\\/image\\\/\",\"url\":\"https:\\\/\\\/mfinox.com\\\/wp-content\\\/uploads\\\/2024\\\/05\\\/mf-inox_logo_neg.png\",\"contentUrl\":\"https:\\\/\\\/mfinox.com\\\/wp-content\\\/uploads\\\/2024\\\/05\\\/mf-inox_logo_neg.png\",\"width\":1949,\"height\":662,\"caption\":\"M.F. INOX\"},\"image\":{\"@id\":\"https:\\\/\\\/mfinox.com\\\/es\\\/#\\\/schema\\\/logo\\\/image\\\/\"}}]}<\/script>\n<!-- \/ Yoast SEO plugin. -->","yoast_head_json":{"title":"Calidad - M.F. INOX","robots":{"index":"index","follow":"follow","max-snippet":"max-snippet:-1","max-image-preview":"max-image-preview:large","max-video-preview":"max-video-preview:-1"},"canonical":"https:\/\/mfinox.com\/es\/calidad\/","og_locale":"es_ES","og_type":"article","og_title":"Calidad - M.F. INOX","og_description":"Calidad Calidad Para MF INOX, la satisfacci\u00f3n de los clientes y otras partes interesadas es un objetivo estrat\u00e9gico que perseguimos mediante la innovaci\u00f3n en nuestros procesos de producci\u00f3n. Adoptamos las nuevas tecnolog\u00edas y las filosof\u00edas organizativas m\u00e1s avanzadas para difundir una cultura de la calidad basada en la implicaci\u00f3n de las personas, el desarrollo de [&hellip;]","og_url":"https:\/\/mfinox.com\/es\/calidad\/","og_site_name":"M.F. INOX","article_modified_time":"2025-05-28T06:38:46+00:00","twitter_card":"summary_large_image","twitter_misc":{"Tiempo de lectura":"2 minutos"},"schema":{"@context":"https:\/\/schema.org","@graph":[{"@type":"WebPage","@id":"https:\/\/mfinox.com\/es\/calidad\/","url":"https:\/\/mfinox.com\/es\/calidad\/","name":"Calidad - M.F. INOX","isPartOf":{"@id":"https:\/\/mfinox.com\/es\/#website"},"datePublished":"2024-05-10T11:30:19+00:00","dateModified":"2025-05-28T06:38:46+00:00","breadcrumb":{"@id":"https:\/\/mfinox.com\/es\/calidad\/#breadcrumb"},"inLanguage":"es","potentialAction":[{"@type":"ReadAction","target":["https:\/\/mfinox.com\/es\/calidad\/"]}]},{"@type":"BreadcrumbList","@id":"https:\/\/mfinox.com\/es\/calidad\/#breadcrumb","itemListElement":[{"@type":"ListItem","position":1,"name":"Home","item":"https:\/\/mfinox.com\/es\/"},{"@type":"ListItem","position":2,"name":"Calidad"}]},{"@type":"WebSite","@id":"https:\/\/mfinox.com\/es\/#website","url":"https:\/\/mfinox.com\/es\/","name":"M.F. INOX","description":"","publisher":{"@id":"https:\/\/mfinox.com\/es\/#organization"},"potentialAction":[{"@type":"SearchAction","target":{"@type":"EntryPoint","urlTemplate":"https:\/\/mfinox.com\/es\/?s={search_term_string}"},"query-input":{"@type":"PropertyValueSpecification","valueRequired":true,"valueName":"search_term_string"}}],"inLanguage":"es"},{"@type":"Organization","@id":"https:\/\/mfinox.com\/es\/#organization","name":"M.F. INOX","url":"https:\/\/mfinox.com\/es\/","logo":{"@type":"ImageObject","inLanguage":"es","@id":"https:\/\/mfinox.com\/es\/#\/schema\/logo\/image\/","url":"https:\/\/mfinox.com\/wp-content\/uploads\/2024\/05\/mf-inox_logo_neg.png","contentUrl":"https:\/\/mfinox.com\/wp-content\/uploads\/2024\/05\/mf-inox_logo_neg.png","width":1949,"height":662,"caption":"M.F. INOX"},"image":{"@id":"https:\/\/mfinox.com\/es\/#\/schema\/logo\/image\/"}}]}},"_links":{"self":[{"href":"https:\/\/mfinox.com\/es\/wp-json\/wp\/v2\/pages\/5356","targetHints":{"allow":["GET"]}}],"collection":[{"href":"https:\/\/mfinox.com\/es\/wp-json\/wp\/v2\/pages"}],"about":[{"href":"https:\/\/mfinox.com\/es\/wp-json\/wp\/v2\/types\/page"}],"author":[{"embeddable":true,"href":"https:\/\/mfinox.com\/es\/wp-json\/wp\/v2\/users\/1"}],"replies":[{"embeddable":true,"href":"https:\/\/mfinox.com\/es\/wp-json\/wp\/v2\/comments?post=5356"}],"version-history":[{"count":0,"href":"https:\/\/mfinox.com\/es\/wp-json\/wp\/v2\/pages\/5356\/revisions"}],"wp:attachment":[{"href":"https:\/\/mfinox.com\/es\/wp-json\/wp\/v2\/media?parent=5356"}],"curies":[{"name":"wp","href":"https:\/\/api.w.org\/{rel}","templated":true}]}}